{"id":78184,"date":"2024-02-16T15:49:29","date_gmt":"2024-02-16T15:49:29","guid":{"rendered":"https:\/\/clinicmono.com\/facial-rejuvenation\/face-lift-in-turkey\/endoskopisk-lyftning-av-ogonbryn\/"},"modified":"2025-05-30T12:52:32","modified_gmt":"2025-05-30T12:52:32","slug":"endoscopic-eyebrow-lifting","status":"publish","type":"page","link":"https:\/\/clinicmono.com\/sv\/foryngring-av-ansiktet\/ansiktsforyngring\/endoscopic-eyebrow-lifting\/","title":{"rendered":"Endoskopisk lyftning av \u00f6gonbryn"},"content":{"rendered":"<section class=\"l-section wpb_row height_custom with_img\"><div class=\"l-section-img\" role=\"img\" data-img-width=\"2560\" data-img-height=\"1707\" style=\"background-image: url(https:\/\/clinicmono.com\/wp-content\/uploads\/2024\/02\/endoscopic-ayabrowlifting-scaled.jpg);background-position: top center;background-repeat: no-repeat;\"><\/div><div class=\"l-section-overlay\" style=\"background:rgba(0,0,0,0.47)\"><\/div><div class=\"l-section-h i-cf\"><div class=\"g-cols vc_row via_flex valign_top type_default stacking_default\"><div class=\"vc_col-sm-12 wpb_column vc_column_container\"><div class=\"vc_column-inner\"><div class=\"wpb_wrapper\"><div class=\"wpb_text_column us_custom_8b3d6790 has_text_color\"><div class=\"wpb_wrapper\"><h1 class=\"elementor-heading-title elementor-size-default\" style=\"text-align: center;\">Endoskopisk \u00f6gonbrynslyftning i Turkiet<\/h1>\n<\/div><\/div><div class=\"w-separator size_small\"><\/div><nav class=\"g-breadcrumbs us_custom_8b3d6790 has_text_color separator_icon align_center\" itemscope itemtype=\"http:\/\/schema.org\/BreadcrumbList\"><div class=\"g-breadcrumbs-item\" itemscope itemprop=\"itemListElement\" itemtype=\"http:\/\/schema.org\/ListItem\"><a itemprop=\"item\" href=\"https:\/\/clinicmono.com\/sv\/\"><span itemprop=\"name\">Klinik Mono<\/span><\/a><meta itemprop=\"position\" content=\"1\"\/><\/div><div class=\"g-breadcrumbs-separator\"><i class=\"far fa-angle-double-right\"><\/i><\/div><div class=\"g-breadcrumbs-item\">Sidor<\/div><\/nav><div class=\"w-separator size_small\"><\/div><\/div><\/div><\/div><\/div><\/div><\/section><section class=\"l-section wpb_row height_small\"><div class=\"l-section-h i-cf\"><div class=\"g-cols vc_row via_flex valign_top type_default stacking_default\"><div class=\"vc_col-sm-8 wpb_column vc_column_container\"><div class=\"vc_column-inner\"><div class=\"wpb_wrapper\"><div class=\"g-cols wpb_row us_custom_4f163811 via_flex valign_top type_default stacking_default\"><div class=\"vc_col-sm-12 wpb_column vc_column_container\"><div class=\"vc_column-inner\"><div class=\"wpb_wrapper\"><h3 class=\"w-text\"><span class=\"w-text-h\"><span class=\"w-text-value\">\u00d6versikt \u00f6ver f\u00f6rfaranden<\/span><\/span><\/h3><div class=\"w-separator size_small\"><\/div><div class=\"w-iconbox iconpos_left style_default color_primary align_left no_text\"><div class=\"w-iconbox-icon\" style=\"font-size:1.4rem;\"><i class=\"fas fa-procedures\"><\/i><\/div><div class=\"w-iconbox-meta\"><h4 class=\"w-iconbox-title\">F\u00f6rfarande<\/h4><\/div><\/div><div class=\"w-separator size_small\"><\/div><div class=\"w-iconbox iconpos_left style_default color_primary align_left no_text\"><div class=\"w-iconbox-icon\" style=\"font-size:1rem;\"><i class=\"fas fa-clock\"><\/i><\/div><div class=\"w-iconbox-meta\"><h4 class=\"w-iconbox-title\">Operationens l\u00e4ngd<\/h4><\/div><\/div><div class=\"w-separator size_small\"><\/div><div class=\"w-iconbox iconpos_left style_default color_primary align_left no_text\"><div class=\"w-iconbox-icon\" style=\"font-size:1rem;\"><i class=\"fas fa-hospital\"><\/i><\/div><div class=\"w-iconbox-meta\"><h4 class=\"w-iconbox-title\">Sjukhusvistelse<\/h4><\/div><\/div><div class=\"w-separator size_small\"><\/div><div class=\"w-iconbox iconpos_left style_default color_primary align_left no_text\"><div class=\"w-iconbox-icon\" style=\"font-size:1rem;\"><i class=\"fas fa-syringe\"><\/i><\/div><div class=\"w-iconbox-meta\"><h4 class=\"w-iconbox-title\">Anestesi<\/h4><\/div><\/div><\/div><\/div><\/div><\/div><\/div><\/div><\/div><div class=\"vc_col-sm-4 wpb_column vc_column_container\"><div class=\"vc_column-inner\"><div class=\"wpb_wrapper\"><div class=\"g-cols wpb_row us_custom_c5a47681 via_flex valign_top type_default stacking_default\"><div class=\"vc_col-sm-12 wpb_column vc_column_container\"><div class=\"vc_column-inner\"><div class=\"wpb_wrapper\"><h3 class=\"w-text\"><span class=\"w-text-h\"><span class=\"w-text-value\">F\u00e5 en kostnadsfri konsultation<\/span><\/span><\/h3><div class=\"w-separator size_small\"><\/div><div class=\"wpforms-container wpforms-render-modern\" id=\"wpforms-22672\"><form id=\"wpforms-form-22672\" class=\"wpforms-validate wpforms-form wpforms-ajax-form\" data-formid=\"22672\" method=\"post\" enctype=\"multipart\/form-data\" action=\"\/sv\/wp-json\/wp\/v2\/pages\/78184\" data-token=\"7b13a87aaaf99b6db5199c4f53348865\" data-token-time=\"1776352997\"><noscript class=\"wpforms-error-noscript\">Aktivera JavaScript i din webbl\u00e4sare f\u00f6r att fylla i formul\u00e4ret.<\/noscript><div id=\"wpforms-error-noscript\" style=\"display: none;\">Aktivera JavaScript i din webbl\u00e4sare f\u00f6r att fylla i formul\u00e4ret.<\/div><div class=\"wpforms-field-container\"><div id=\"wpforms-22672-field_0-container\" class=\"wpforms-field wpforms-field-name\" data-field-id=\"0\"><label class=\"wpforms-field-label wpforms-label-hide\" for=\"wpforms-22672-field_0\" aria-hidden=\"false\">Namn <span class=\"wpforms-required-label\" aria-hidden=\"true\">*<\/span><\/label><input type=\"text\" id=\"wpforms-22672-field_0\" class=\"wpforms-field-large wpforms-field-required\" name=\"wpforms[fields][0]\" placeholder=\"Namn och efternamn\" aria-errormessage=\"wpforms-22672-field_0-error\" required><\/div>\t\t<div id=\"wpforms-22672-field_1-container\"\n\t\t\tclass=\"wpforms-field wpforms-field-text\"\n\t\t\tdata-field-type=\"text\"\n\t\t\tdata-field-id=\"1\"\n\t\t\t>\n\t\t\t<label class=\"wpforms-field-label\" for=\"wpforms-22672-field_1\" >URL f\u00f6r titel<\/label>\n\t\t\t<input type=\"text\" id=\"wpforms-22672-field_1\" class=\"wpforms-field-medium\" name=\"wpforms[fields][1]\" >\n\t\t<\/div>\n\t\t<div id=\"wpforms-22672-field_5-container\" class=\"wpforms-field wpforms-field-phone\" data-field-id=\"5\"><label class=\"wpforms-field-label wpforms-label-hide\" for=\"wpforms-22672-field_5\" aria-hidden=\"false\">Telefon <span class=\"wpforms-required-label\" aria-hidden=\"true\">*<\/span><\/label><input type=\"tel\" id=\"wpforms-22672-field_5\" class=\"wpforms-field-large wpforms-field-required wpforms-smart-phone-field\" data-rule-smart-phone-field=\"true\" name=\"wpforms[fields][5]\" aria-label=\"Telefon\" aria-errormessage=\"wpforms-22672-field_5-error\" required><\/div><div id=\"wpforms-22672-field_12-container\" class=\"wpforms-field wpforms-field-hidden\" data-field-id=\"12\"><input type=\"hidden\" id=\"wpforms-22672-field_12\" name=\"wpforms[fields][12]\"><\/div><div id=\"wpforms-22672-field_10-container\" class=\"wpforms-field wpforms-field-hidden\" data-field-id=\"10\"><input type=\"hidden\" id=\"wpforms-22672-field_10\" name=\"wpforms[fields][10]\" value=\"https:\/\/clinicmono.com\/sv\/wp-json\/wp\/v2\/pages\/78184 \"><\/div><div id=\"wpforms-22672-field_15-container\" class=\"wpforms-field wpforms-field-hidden\" data-field-id=\"15\"><input type=\"hidden\" id=\"wpforms-22672-field_15\" name=\"wpforms[fields][15]\" value=\" 216.73.216.60 {entry_geolocation} \"><\/div><script>\n\t\t\t\t( function() {\n\t\t\t\t\tconst style = document.createElement( 'style' );\n\t\t\t\t\tstyle.appendChild( document.createTextNode( '#wpforms-22672-field_1-container { position: absolute !important; overflow: hidden !important; display: inline !important; height: 1px !important; width: 1px !important; z-index: -1000 !important; padding: 0 !important; } #wpforms-22672-field_1-container input { visibility: hidden; } #wpforms-conversational-form-page #wpforms-22672-field_1-container label { counter-increment: none; }' ) );\n\t\t\t\t\tdocument.head.appendChild( style );\n\t\t\t\t\tdocument.currentScript?.remove();\n\t\t\t\t} )();\n\t\t\t<\/script><\/div><!-- .wpforms-field-container --><div class=\"wpforms-recaptcha-container wpforms-is-recaptcha wpforms-is-recaptcha-type-v3\" ><input type=\"hidden\" name=\"wpforms[recaptcha]\" value=\"\"><\/div><div class=\"wpforms-submit-container\" ><input type=\"hidden\" name=\"wpforms[id]\" value=\"22672\"><input type=\"hidden\" name=\"page_title\" value=\"\"><input type=\"hidden\" name=\"page_url\" value=\"https:\/\/clinicmono.com\/sv\/wp-json\/wp\/v2\/pages\/78184\"><input type=\"hidden\" name=\"url_referer\" value=\"\"><button type=\"submit\" name=\"wpforms[submit]\" id=\"wpforms-submit-22672\" class=\"wpforms-submit\" data-alt-text=\"Skickar...\" data-submit-text=\"F\u00e5 en kostnadsfri konsultation\" aria-live=\"assertive\" value=\"wpforms-submit\">F\u00e5 en kostnadsfri konsultation<\/button><img loading=\"lazy\" decoding=\"async\" src=\"https:\/\/clinicmono.com\/wp-content\/plugins\/wpforms\/assets\/images\/submit-spin.svg\" class=\"wpforms-submit-spinner\" style=\"display: none;\" width=\"26\" height=\"26\" alt=\"Laddar\"><\/div><\/form><\/div>  <!-- .wpforms-container --><\/div><\/div><\/div><\/div><\/div><\/div><\/div><\/div><\/div><\/section><section class=\"l-section wpb_row us_custom_0d5503c3 height_custom\"><div class=\"l-section-h i-cf\"><div class=\"g-cols vc_row via_flex valign_top type_default stacking_default\"><div class=\"vc_col-sm-12 wpb_column vc_column_container\"><div class=\"vc_column-inner\"><div class=\"wpb_wrapper\"><div class=\"g-cols wpb_row us_custom_1b04de86 via_flex valign_top type_default stacking_default\"><div class=\"vc_col-sm-8 wpb_column vc_column_container\"><div class=\"vc_column-inner\"><div class=\"wpb_wrapper\"><div class=\"w-hwrapper valign_top wrap align_left\"><div class=\"wpb_text_column\"><div class=\"wpb_wrapper\"><h4><a href=\"#procedures\">F\u00f6rfarande<\/a><\/h4>\n<\/div><\/div><div class=\"wpb_text_column\"><div class=\"wpb_wrapper\"><h4>|<\/h4>\n<\/div><\/div><div class=\"wpb_text_column\"><div class=\"wpb_wrapper\"><h4><a href=\"#cost\">Kostnad<\/a><\/h4>\n<\/div><\/div><div class=\"wpb_text_column\"><div class=\"wpb_wrapper\"><h4>|<\/h4>\n<\/div><\/div><div class=\"wpb_text_column\"><div class=\"wpb_wrapper\"><h4><a href=\"#clinic\">Klinik<\/a><\/h4>\n<\/div><\/div><div class=\"wpb_text_column\"><div class=\"wpb_wrapper\"><h4>|<\/h4>\n<\/div><\/div><div class=\"wpb_text_column\"><div class=\"wpb_wrapper\"><h4><a href=\"#recovery\">\u00c5terh\u00e4mtning<\/a><\/h4>\n<\/div><\/div><div class=\"wpb_text_column\"><div class=\"wpb_wrapper\"><h4>|<\/h4>\n<\/div><\/div><div class=\"wpb_text_column\"><div class=\"wpb_wrapper\"><h4><a href=\"#reviews\">Recensioner<\/a><\/h4>\n<\/div><\/div><div class=\"wpb_text_column\"><div class=\"wpb_wrapper\"><h4>|<\/h4>\n<\/div><\/div><div class=\"wpb_text_column\"><div class=\"wpb_wrapper\"><h4><a href=\"#surgeons\">Kirurger<\/a><\/h4>\n<\/div><\/div><div class=\"wpb_text_column\"><div class=\"wpb_wrapper\"><h4>|<\/h4>\n<\/div><\/div><div class=\"wpb_text_column\"><div class=\"wpb_wrapper\"><h4><a href=\"#faqs\">Fr\u00e5gor och svar<\/a><\/h4>\n<\/div><\/div><\/div><\/div><\/div><\/div><div class=\"vc_col-sm-4 wpb_column vc_column_container\"><div class=\"vc_column-inner\"><div class=\"wpb_wrapper\"><div class=\"wpb_text_column\"><div class=\"wpb_wrapper\"><h5 style=\"text-align: center;\"><strong>Granskad och godk\u00e4nd av <a href=\"https:\/\/clinicmono.com\/sv\/lakare\/m-d-deniz-yildirim\/\">M.D Deniz YILDIRIM<\/a><\/strong><\/h5>\n<\/div><\/div><div class=\"w-separator hide_on_default hide_on_laptops size_medium\"><\/div><\/div><\/div><\/div><\/div><div class=\"w-separator size_small\"><\/div><div class=\"g-cols wpb_row via_flex valign_top type_default stacking_default\" id=\"procedures\"><div class=\"vc_col-sm-12 wpb_column vc_column_container\"><div class=\"vc_column-inner\"><div class=\"wpb_wrapper\"><div class=\"wpb_text_column\"><div class=\"wpb_wrapper\"><h2>ENDOSKOPISK LYFTNING AV \u00d6GONBRYN<\/h2>\n<p>Endoskopiskt \u00f6gonbrynslyft \u00e4r ett ingrepp som syftar till att f\u00f6ryngra pannomr\u00e5det genom att f\u00f6rb\u00e4ttra \u00f6gonbrynens och pannans position och uppn\u00e5 ett j\u00e4mnare och ungdomligare utseende p\u00e5 den \u00f6vre tredjedelen av ansiktet. Endoskopisk \u00f6gonbrynslyft ger mycket naturliga och attraktiva resultat med ett enkelt och smidigt ingrepp.<\/p>\n<h3>ENDOSKOPISK \u00d6GONBRYNSLYFTNING<\/h3>\n<p>Endoskopisk \u00f6gonbrynslyftoperation kan \u00e5terst\u00e4lla pannans ungdomliga utseende, fixera nedf\u00e4llda \u00f6gonbryn och lyfta de \u00f6vre \u00f6gonlocken med hj\u00e4lp av endoskopisk teknik.<\/p>\n<p>Vid endoskopiska \u00f6gonbrynslyft g\u00f6rs sm\u00e5 snitt bakom h\u00e5rf\u00e4stet och ett kirurgiskt endoskop f\u00f6rs in; operationsomr\u00e5det \u00f6vervakas med kameran p\u00e5 endoskopet och plastikkirurgen lyfter sedan omr\u00e5det med hj\u00e4lp av suturer och andra l\u00e4mpliga medicinska tekniker.<\/p>\n<p>En endoskopisk \u00f6gonbrynslyftoperation tar cirka 1-2 timmar och utf\u00f6rs under allm\u00e4n anestesi. Resultaten \u00e4r best\u00e5ende.<\/p>\n<\/div><\/div><\/div><\/div><\/div><\/div><div class=\"w-separator size_small\"><\/div><div class=\"g-cols wpb_row via_flex valign_top type_default stacking_default\" id=\"recovery\"><div class=\"vc_col-sm-12 wpb_column vc_column_container\"><div class=\"vc_column-inner\"><div class=\"wpb_wrapper\"><div class=\"wpb_text_column\"><div class=\"wpb_wrapper\"><h4>\u00c5terh\u00e4mtning efter endoskopiskt \u00f6gonbrynslyft<\/h4>\n<p>Det \u00e4r vanligt med svullnad och bl\u00e5m\u00e4rken efter endoskopisk brow lift-operation, men dessa f\u00f6rsvinner snabbt. Efter ett \u00f6gonbrynslyft med endoskopisk teknik tar \u00e5terh\u00e4mtningen endast 7-10 dagar, varefter patienten kan forts\u00e4tta med sina dagliga aktiviteter.<\/p>\n<\/div><\/div><\/div><\/div><\/div><\/div><div class=\"w-separator size_small\"><\/div><div class=\"g-cols wpb_row via_flex valign_top type_default stacking_default\" id=\"clinic\"><div class=\"vc_col-sm-12 wpb_column vc_column_container\"><div class=\"vc_column-inner\"><div class=\"wpb_wrapper\"><div class=\"wpb_text_column\"><div class=\"wpb_wrapper\"><h3>ENDOSKOPISK \u00d6GONBRYNSLYFTNING P\u00c5 KLINIK MONO<\/h3>\n<p>Endoskopiska \u00f6gonbrynslyft p\u00e5 Clinic Mono inleds med en onlinekonsultationsprocess f\u00f6r att erbjuda internationella patienter en bekv\u00e4m medicinsk upplevelse f\u00f6r deras behandling i Turkiet. \u00d6gonbrynslyft vid Clinic Mono utf\u00f6rs p\u00e5 medicinska anl\u00e4ggningar av h\u00f6gsta kvalitet med hj\u00e4lp av toppmodern medicinsk utrustning.<\/p>\n<p>Engagerat och professionellt Mono-team ger 24\/7 assistans under hela din \u00f6gonbrynslyftoperationsprocess; v\u00e5rt medicinska team \u00e4r glada att tr\u00e4ffa dig<\/p>\n<\/div><\/div><\/div><\/div><\/div><\/div><div class=\"w-separator size_small\"><\/div><div class=\"g-cols wpb_row via_flex valign_top type_default stacking_default\" id=\"surgeons\"><div class=\"vc_col-sm-12 wpb_column vc_column_container\"><div class=\"vc_column-inner\"><div class=\"wpb_wrapper\"><div class=\"wpb_text_column\"><div class=\"wpb_wrapper\"><h3>B\u00c4STA ENDOSKOPISKA \u00d6GONBRYNSLYFT KIRURGER I TURKIET<\/h3>\n<p>Endoskopiskt \u00f6gonbrynslyft \u00e4r en avancerad medicinsk teknik som ger de mest framg\u00e5ngsrika och naturliga resultaten vid ansiktsf\u00f6ryngring; endoskopiskt \u00f6gonbrynslyft b\u00f6r utf\u00f6ras av en mycket erfaren och beg\u00e5vad plastikkirurg som \u00e4r expert p\u00e5 de krav som tekniken st\u00e4ller.<\/p>\n<p>Clinic Monos endoskopiska browliftkirurger \u00e4r de b\u00e4sta i Turkiet som \u00e4r internationellt erk\u00e4nda f\u00f6r sina framg\u00e5ngar och den smidiga medicinska erfarenhet som de erbjuder med expertis och uppm\u00e4rksamhet.<\/p>\n<\/div><\/div><\/div><\/div><\/div><\/div><div class=\"w-separator size_small\"><\/div><div class=\"g-cols wpb_row via_flex valign_top type_default stacking_default\"><div class=\"vc_col-sm-3 wpb_column vc_column_container\"><div class=\"vc_column-inner\"><div class=\"wpb_wrapper\"><div class=\"w-image align_none\"><a href=\"https:\/\/clinicmono.com\/sv\/lakare\/m-d-eren-ersoz\/\" aria-label=\"Eren-Ersoz981-981\" class=\"w-image-h\"><img decoding=\"async\" width=\"981\" height=\"981\" src=\"https:\/\/clinicmono.com\/wp-content\/uploads\/2023\/04\/Eren-Ersoz981-981.jpg\" class=\"attachment-large size-large\" alt=\"\" loading=\"lazy\" srcset=\"https:\/\/clinicmono.com\/wp-content\/uploads\/2023\/04\/Eren-Ersoz981-981.jpg 981w, https:\/\/clinicmono.com\/wp-content\/uploads\/2023\/04\/Eren-Ersoz981-981-500x500.jpg 500w, https:\/\/clinicmono.com\/wp-content\/uploads\/2023\/04\/Eren-Ersoz981-981-600x600.jpg 600w, https:\/\/clinicmono.com\/wp-content\/uploads\/2023\/04\/Eren-Ersoz981-981-300x300.jpg 300w, https:\/\/clinicmono.com\/wp-content\/uploads\/2023\/04\/Eren-Ersoz981-981-400x400.jpg 400w, https:\/\/clinicmono.com\/wp-content\/uploads\/2023\/04\/Eren-Ersoz981-981-150x150.jpg 150w\" sizes=\"(max-width: 981px) 100vw, 981px\" \/><\/a><\/div><div class=\"w-separator size_custom\" style=\"height:10px\"><\/div><div class=\"wpb_text_column\"><div class=\"wpb_wrapper\"><h4><a href=\"https:\/\/clinicmono.com\/sv\/lakare\/m-d-eren-ersoz\/\"><strong>M.D. EREN ERS\u00d6Z<\/strong><\/a><\/h4>\n<\/div><\/div><\/div><\/div><\/div><div class=\"vc_col-sm-3 wpb_column vc_column_container\"><div class=\"vc_column-inner\"><div class=\"wpb_wrapper\"><div class=\"w-image align_none\"><a href=\"https:\/\/clinicmono.com\/sv\/lakare\/m-d-deniz-yildirim\/\" aria-label=\"deniz-yildirim981-981\" class=\"w-image-h\"><img decoding=\"async\" width=\"981\" height=\"981\" src=\"https:\/\/clinicmono.com\/wp-content\/uploads\/2023\/05\/deniz-yildirim981-981.jpg\" class=\"attachment-large size-large\" alt=\"\" loading=\"lazy\" srcset=\"https:\/\/clinicmono.com\/wp-content\/uploads\/2023\/05\/deniz-yildirim981-981.jpg 981w, https:\/\/clinicmono.com\/wp-content\/uploads\/2023\/05\/deniz-yildirim981-981-600x600.jpg 600w, https:\/\/clinicmono.com\/wp-content\/uploads\/2023\/05\/deniz-yildirim981-981-300x300.jpg 300w, https:\/\/clinicmono.com\/wp-content\/uploads\/2023\/05\/deniz-yildirim981-981-400x400.jpg 400w, https:\/\/clinicmono.com\/wp-content\/uploads\/2023\/05\/deniz-yildirim981-981-150x150.jpg 150w\" sizes=\"(max-width: 981px) 100vw, 981px\" \/><\/a><\/div><div class=\"w-separator size_custom\" style=\"height:10px\"><\/div><div class=\"wpb_text_column\"><div class=\"wpb_wrapper\"><h4><a href=\"https:\/\/clinicmono.com\/sv\/lakare\/m-d-deniz-yildirim\/\"><strong>M.D. DENI\u0307Z YILDIRIM<\/strong><\/a><\/h4>\n<\/div><\/div><\/div><\/div><\/div><div class=\"vc_col-sm-3 wpb_column vc_column_container\"><div class=\"vc_column-inner\"><div class=\"wpb_wrapper\"><div class=\"w-image align_none\"><a href=\"https:\/\/clinicmono.com\/sv\/lakare\/dr-merve-ozkaya-unsal\/\" aria-label=\"merve-ozkaya-unsal981-981\" class=\"w-image-h\"><img decoding=\"async\" width=\"981\" height=\"981\" src=\"https:\/\/clinicmono.com\/wp-content\/uploads\/2023\/05\/merve-ozkaya-unsal981-981.jpg\" class=\"attachment-large size-large\" alt=\"\" loading=\"lazy\" srcset=\"https:\/\/clinicmono.com\/wp-content\/uploads\/2023\/05\/merve-ozkaya-unsal981-981.jpg 981w, https:\/\/clinicmono.com\/wp-content\/uploads\/2023\/05\/merve-ozkaya-unsal981-981-600x600.jpg 600w, https:\/\/clinicmono.com\/wp-content\/uploads\/2023\/05\/merve-ozkaya-unsal981-981-300x300.jpg 300w, https:\/\/clinicmono.com\/wp-content\/uploads\/2023\/05\/merve-ozkaya-unsal981-981-400x400.jpg 400w, https:\/\/clinicmono.com\/wp-content\/uploads\/2023\/05\/merve-ozkaya-unsal981-981-150x150.jpg 150w\" sizes=\"(max-width: 981px) 100vw, 981px\" \/><\/a><\/div><div class=\"w-separator size_custom\" style=\"height:10px\"><\/div><div class=\"wpb_text_column\"><div class=\"wpb_wrapper\"><h4><a href=\"https:\/\/clinicmono.com\/sv\/lakare\/dr-merve-ozkaya-unsal\/\"><strong>M.D. MERVE \u00d6. \u00dcNSAL<\/strong><\/a><\/h4>\n<\/div><\/div><\/div><\/div><\/div><div class=\"vc_col-sm-3 wpb_column vc_column_container\"><div class=\"vc_column-inner\"><div class=\"wpb_wrapper\"><div class=\"w-image align_none\"><a href=\"https:\/\/clinicmono.com\/sv\/lakare\/m-d-ergin-erdogan\/\" aria-label=\"m-d-ergin-erdogan\" class=\"w-image-h\"><img decoding=\"async\" width=\"1024\" height=\"1024\" src=\"https:\/\/clinicmono.com\/wp-content\/uploads\/2024\/04\/m-d-ergin-erdogan-1024x1024.jpg\" class=\"attachment-large size-large\" alt=\"\" loading=\"lazy\" srcset=\"https:\/\/clinicmono.com\/wp-content\/uploads\/2024\/04\/m-d-ergin-erdogan-1024x1024.jpg 1024w, https:\/\/clinicmono.com\/wp-content\/uploads\/2024\/04\/m-d-ergin-erdogan-600x600.jpg 600w, https:\/\/clinicmono.com\/wp-content\/uploads\/2024\/04\/m-d-ergin-erdogan-300x300.jpg 300w, https:\/\/clinicmono.com\/wp-content\/uploads\/2024\/04\/m-d-ergin-erdogan-500x500.jpg 500w, https:\/\/clinicmono.com\/wp-content\/uploads\/2024\/04\/m-d-ergin-erdogan-400x400.jpg 400w, https:\/\/clinicmono.com\/wp-content\/uploads\/2024\/04\/m-d-ergin-erdogan-150x150.jpg 150w, https:\/\/clinicmono.com\/wp-content\/uploads\/2024\/04\/m-d-ergin-erdogan.jpg 1080w\" sizes=\"(max-width: 1024px) 100vw, 1024px\" \/><\/a><\/div><div class=\"w-separator size_custom\" style=\"height:10px\"><\/div><div class=\"wpb_text_column\"><div class=\"wpb_wrapper\"><h4><a href=\"https:\/\/clinicmono.com\/sv\/lakare\/m-d-ergin-erdogan\/\">M.D. ERGI\u0307N ERDO\u011eAN<\/a><\/h4>\n<\/div><\/div><\/div><\/div><\/div><\/div><div class=\"w-separator size_small\"><\/div><div class=\"g-cols wpb_row via_flex valign_top type_default stacking_default\" id=\"cost\"><div class=\"vc_col-sm-12 wpb_column vc_column_container\"><div class=\"vc_column-inner\"><div class=\"wpb_wrapper\"><div class=\"wpb_text_column\"><div class=\"wpb_wrapper\"><h3>ENDOSKOPISK \u00d6GONBRYNSLYFT KOSTNAD<\/h3>\n<p>Innan du tar reda p\u00e5 kostnaden f\u00f6r endoskopiskt \u00f6gonbrynslyft b\u00f6r patienterna f\u00e5 en medicinsk konsultation f\u00f6r att f\u00e5 en individuell behandlingsplan; efter\u00e5t kan en exakt kostnad f\u00f6r endoskopiskt \u00f6gonbrynslyft diskuteras.<\/p>\n<p>Endoskopiska \u00f6gonbrynslyft erbjuds till l\u00e4gsta pris p\u00e5 Clinic Mono genom att inkludera h\u00f6gkvalitativa medicinska tj\u00e4nster i priset. F\u00f6r ytterligare information om kostnaden f\u00f6r endoskopiskt \u00f6gonbrynslyft, v\u00e4nligen kontakta oss och f\u00e5 en medicinsk konsultation.<\/p>\n<\/div><\/div><\/div><\/div><\/div><\/div><div class=\"w-separator size_small\"><\/div><div class=\"g-cols wpb_row via_flex valign_top type_default stacking_default\"><div class=\"vc_col-sm-12 wpb_column vc_column_container\"><div class=\"vc_column-inner\"><div class=\"wpb_wrapper\"><div class=\"w-html\"><table class=\"customTable\">\n  <thead>\n    <tr>\n      <th>Typ av f\u00f6rfarande<\/th>\n      <th>Mono<\/th>\n      <th>Kostnad Storbritannien<\/th>\n      <th>Kostnad EU<\/th>\n      <th>Kostnad US<\/th>\n    <\/tr>\n  <\/thead>\n  <tbody>\n    <tr>\n      <td>Endoskopisk lyftning av \u00f6gonbryn<\/td>\n      <td>\u00a33,325 - \u00a34,000<\/td>\n      <td>\u00a39,000 - \u00a314,000<\/td>\n      <td>\u20ac10,500 - \u20ac16,500<\/td>\n      <td>$7,000 - $12,000<\/td>\n    <\/tr>\n  <\/tbody>\n<\/table>\n\n<\/div><\/div><\/div><\/div><\/div><div class=\"w-separator size_small\"><\/div><div class=\"g-cols wpb_row via_flex valign_top type_default stacking_default\" id=\"reviews\"><div class=\"vc_col-sm-12 wpb_column vc_column_container\"><div class=\"vc_column-inner\"><div class=\"wpb_wrapper\"><div class=\"wpb_text_column\"><div class=\"wpb_wrapper\"><h3>ENDOSKOPISK \u00d6GONBRYNSLYFTNING RECENSIONER<\/h3>\n<p>Att besluta om r\u00e4tt endoskopisk \u00f6gonbrynslyftbehandling kr\u00e4ver en detaljerad s\u00f6kning som b\u00f6r involvera endoskopiska \u00f6gonbrynslyftrecensioner fr\u00e5n de personer som genomgick operationen. Clinic Monos patienter med endoskopiska \u00f6gonbrynslyft ger de b\u00e4sta kommentarerna om sina attraktiva resultat och den smidiga behandlingsupplevelsen de hade med Clinic Mono.<\/p>\n<\/div><\/div><\/div><\/div><\/div><\/div><div class=\"w-separator size_small\"><\/div><div class=\"g-cols wpb_row via_flex valign_top type_default stacking_default\" id=\"faqs\"><div class=\"vc_col-sm-12 wpb_column vc_column_container\"><div class=\"vc_column-inner\"><div class=\"wpb_wrapper\"><div class=\"wpb_text_column\"><div class=\"wpb_wrapper\"><h3>ENDOSKOPISK \u00d6GONBRYNSLYFTNING VANLIGA FR\u00c5GOR OCH SVAR<\/h3>\n<\/div><\/div><\/div><\/div><\/div><\/div><div class=\"w-separator size_small\"><\/div><div class=\"w-tabs style_default switch_click accordion has_scrolling\" style=\"--sections-title-size:inherit\"><div class=\"w-tabs-sections titles-align_none icon_chevron cpos_right\"><div class=\"w-tabs-section\" id=\"y787\"><button class=\"w-tabs-section-header\" aria-controls=\"content-y787\" aria-expanded=\"false\"><div class=\"w-tabs-section-title\">\u00c4r resultaten av endoskopiskt \u00f6gonbrynslyft best\u00e5ende?<\/div><div class=\"w-tabs-section-control\"><\/div><\/button><div  class=\"w-tabs-section-content\" id=\"content-y787\"><div class=\"w-tabs-section-content-h i-cf\"><div class=\"wpb_text_column\"><div class=\"wpb_wrapper\"><p>Ja, endoskopisk \u00f6gonbrynslyftning \u00e4r ett effektivt kosmetiskt ingrepp som ger permanenta resultat.<\/p>\n<\/div><\/div><\/div><\/div><\/div><\/div><\/div><\/div><\/div><\/div><\/div><\/div><\/section>\n","protected":false},"excerpt":{"rendered":"Endoskopisk \u00f6gonbrynslyftning i Turkiet Klinik MonoSidor\u00d6versikt \u00f6ver f\u00f6rfarandenF\u00f6rfarandeOperationens l\u00e4ngdSjukhusvistelseAnestesiF\u00e5 en kostnadsfri konsultationAktivera JavaScript i din webbl\u00e4sare f\u00f6r att fylla i formul\u00e4ret.Aktivera JavaScript i din webbl\u00e4sare f\u00f6r att fylla i formul\u00e4ret.Namn *Telefon * URL Detaljer titel F\u00e5 en kostnadsfri konsultation F\u00f6rfarande | Kostnad | Klinik | \u00c5terh\u00e4mtning | Recensioner | Kirurger | Fr\u00e5gor och svar Granskad...","protected":false},"author":1,"featured_media":0,"parent":38622,"menu_order":0,"comment_status":"closed","ping_status":"closed","template":"","meta":{"rank_math_lock_modified_date":false,"_mi_skip_tracking":false,"_monsterinsights_sitenote_active":false,"_monsterinsights_sitenote_note":"","_monsterinsights_sitenote_category":0,"_uf_show_specific_survey":0,"_uf_disable_surveys":false,"footnotes":""},"procedure":[],"class_list":["post-78184","page","type-page","status-publish","hentry"],"_links":{"self":[{"href":"https:\/\/clinicmono.com\/sv\/wp-json\/wp\/v2\/pages\/78184"}],"collection":[{"href":"https:\/\/clinicmono.com\/sv\/wp-json\/wp\/v2\/pages"}],"about":[{"href":"https:\/\/clinicmono.com\/sv\/wp-json\/wp\/v2\/types\/page"}],"author":[{"embeddable":true,"href":"https:\/\/clinicmono.com\/sv\/wp-json\/wp\/v2\/users\/1"}],"replies":[{"embeddable":true,"href":"https:\/\/clinicmono.com\/sv\/wp-json\/wp\/v2\/comments?post=78184"}],"version-history":[{"count":20,"href":"https:\/\/clinicmono.com\/sv\/wp-json\/wp\/v2\/pages\/78184\/revisions"}],"predecessor-version":[{"id":153444,"href":"https:\/\/clinicmono.com\/sv\/wp-json\/wp\/v2\/pages\/78184\/revisions\/153444"}],"up":[{"embeddable":true,"href":"https:\/\/clinicmono.com\/sv\/wp-json\/wp\/v2\/pages\/38622"}],"wp:attachment":[{"href":"https:\/\/clinicmono.com\/sv\/wp-json\/wp\/v2\/media?parent=78184"}],"wp:term":[{"taxonomy":"procedure","embeddable":true,"href":"https:\/\/clinicmono.com\/sv\/wp-json\/wp\/v2\/procedure?post=78184"}],"curies":[{"name":"wp","href":"https:\/\/api.w.org\/{rel}","templated":true}]}}