{"id":53823,"date":"2024-02-07T10:19:45","date_gmt":"2024-02-07T10:19:45","guid":{"rendered":"https:\/\/clinicmono.com\/14-februari-alla-hjartans-dag\/"},"modified":"2024-02-26T02:39:53","modified_gmt":"2024-02-26T02:39:53","slug":"14-february-valentines-day","status":"publish","type":"page","link":"https:\/\/clinicmono.com\/sv\/14-february-valentines-day\/","title":{"rendered":"14 februari Alla hj\u00e4rtans dag"},"content":{"rendered":"<section class=\"l-section wpb_row height_custom with_img\"><div class=\"l-section-img\" role=\"img\" data-img-width=\"1920\" data-img-height=\"400\" style=\"background-image: url(https:\/\/clinicmono.com\/wp-content\/uploads\/2023\/05\/call1.jpg);background-repeat: no-repeat;background-size: auto;\"><\/div><div class=\"l-section-h i-cf\"><div class=\"g-cols vc_row via_flex valign_top type_default stacking_default\"><div class=\"vc_col-sm-12 wpb_column vc_column_container\"><div class=\"vc_column-inner\"><div class=\"wpb_wrapper\"><div class=\"wpb_text_column\"><div class=\"wpb_wrapper\"><div class=\"elementor-element elementor-element-9b7794f elementor-widget elementor-widget-heading\" style=\"text-align: center;\" data-id=\"9b7794f\" data-element_type=\"widget\" data-widget_type=\"heading.default\">\n<div class=\"elementor-widget-container\">\n<h1 class=\"elementor-heading-title elementor-size-default\">14 februari Alla hj\u00e4rtans dag<\/h1>\n<\/div>\n<\/div>\n<\/div><\/div><nav class=\"g-breadcrumbs separator_icon align_center\" itemscope itemtype=\"http:\/\/schema.org\/BreadcrumbList\"><div class=\"g-breadcrumbs-item\" itemscope itemprop=\"itemListElement\" itemtype=\"http:\/\/schema.org\/ListItem\"><a itemprop=\"item\" href=\"https:\/\/clinicmono.com\/sv\/\"><span itemprop=\"name\">Klinik Mono<\/span><\/a><meta itemprop=\"position\" content=\"1\"\/><\/div><div class=\"g-breadcrumbs-separator\"><i class=\"far fa-angle-double-right\"><\/i><\/div><div class=\"g-breadcrumbs-item\">Sidor<\/div><\/nav><\/div><\/div><\/div><\/div><\/div><\/section><section class=\"l-section wpb_row us_custom_472df500 height_custom with_img\"><div class=\"l-section-img\" role=\"img\" data-img-width=\"1920\" data-img-height=\"1280\" style=\"background-image: url(https:\/\/clinicmono.com\/wp-content\/uploads\/2023\/05\/2565165.jpg);\"><\/div><div class=\"l-section-h i-cf\"><div class=\"g-cols vc_row via_flex valign_top type_default stacking_default\"><div class=\"vc_col-sm-12 wpb_column vc_column_container\"><div class=\"vc_column-inner\"><div class=\"wpb_wrapper\"><div class=\"g-cols wpb_row via_flex valign_top type_default stacking_default\"><div class=\"vc_col-sm-6 wpb_column vc_column_container\"><div class=\"vc_column-inner\"><div class=\"wpb_wrapper\"><\/div><\/div><\/div><div class=\"vc_col-sm-6 wpb_column vc_column_container\"><div class=\"vc_column-inner\"><div class=\"wpb_wrapper\"><div class=\"wpb_text_column\"><div class=\"wpb_wrapper\"><h2><span style=\"color: #ffffff;\"><strong>Specialerbjudande f\u00f6r Alla hj\u00e4rtans dag-veckan!<\/strong><\/span><\/h2>\n<p><span style=\"color: #ffffff;\"><strong>20% + 10% K\u00e4rleksrabatt<\/strong><\/span><\/p>\n<p><span style=\"color: #ffffff;\">Letar du efter den b\u00e4sta valentinspresenten? H\u00e4r \u00e4r k\u00e4rleksrabatten! 20% + 10% rabatt p\u00e5 alla behandlingar, antingen boka f\u00f6r din \u00e4lskade eller sk\u00e4m bort dig sj\u00e4lv.<\/span><\/p>\n<p><span style=\"color: #ffffff;\">Det \u00e4r en specialkampanj som bara g\u00e4ller i 1 vecka. Missa inte detta tillf\u00e4lle!<\/span><\/p>\n<h2><span style=\"color: #ffffff;\">Vinn k\u00e4rleksrabatten!<\/span><\/h2>\n<\/div><\/div><div class=\"w-separator size_medium\"><\/div><div class=\"wpforms-container wpforms-render-modern\" id=\"wpforms-53294\"><form id=\"wpforms-form-53294\" class=\"wpforms-validate wpforms-form wpforms-ajax-form\" data-formid=\"53294\" method=\"post\" enctype=\"multipart\/form-data\" action=\"\/sv\/wp-json\/wp\/v2\/pages\/53823\" data-token=\"0fcbbef8e9a34b7b7a979a5e915030a6\" data-token-time=\"1776430949\"><noscript class=\"wpforms-error-noscript\">Aktivera JavaScript i din webbl\u00e4sare f\u00f6r att fylla i formul\u00e4ret.<\/noscript><div id=\"wpforms-error-noscript\" style=\"display: none;\">Aktivera JavaScript i din webbl\u00e4sare f\u00f6r att fylla i formul\u00e4ret.<\/div><div class=\"wpforms-field-container\"><div id=\"wpforms-53294-field_0-container\" class=\"wpforms-field wpforms-field-name\" data-field-id=\"0\"><label class=\"wpforms-field-label wpforms-label-hide\" for=\"wpforms-53294-field_0\" aria-hidden=\"false\">Namn <span class=\"wpforms-required-label\" aria-hidden=\"true\">*<\/span><\/label><input type=\"text\" id=\"wpforms-53294-field_0\" class=\"wpforms-field-large wpforms-field-required\" name=\"wpforms[fields][0]\" placeholder=\"Namn och efternamn\" aria-errormessage=\"wpforms-53294-field_0-error\" required><\/div><div id=\"wpforms-53294-field_5-container\" class=\"wpforms-field wpforms-field-phone\" data-field-id=\"5\"><label class=\"wpforms-field-label wpforms-label-hide\" for=\"wpforms-53294-field_5\" aria-hidden=\"false\">Telefon <span class=\"wpforms-required-label\" aria-hidden=\"true\">*<\/span><\/label><input type=\"tel\" id=\"wpforms-53294-field_5\" class=\"wpforms-field-large wpforms-field-required wpforms-smart-phone-field\" data-rule-smart-phone-field=\"true\" name=\"wpforms[fields][5]\" aria-label=\"Telefon\" aria-errormessage=\"wpforms-53294-field_5-error\" required><\/div><div id=\"wpforms-53294-field_4-container\" class=\"wpforms-field wpforms-field-select wpforms-field-select-style-classic\" data-field-id=\"4\"><label class=\"wpforms-field-label wpforms-label-hide\" for=\"wpforms-53294-field_4\" aria-hidden=\"false\">V\u00e4lj operation <span class=\"wpforms-required-label\" aria-hidden=\"true\">*<\/span><\/label><select id=\"wpforms-53294-field_4\" class=\"wpforms-field-large wpforms-field-required\" name=\"wpforms[fields][4]\" required=\"required\"><option value=\"Plastisk och estetisk kirurgi\"  class=\"choice-1 depth-1\"  >Plastisk och estetisk kirurgi<\/option><option value=\"Fetmakirurgi\"  class=\"choice-2 depth-1\"  >Fetmakirurgi<\/option><option value=\"Kosmetisk tandkirurgi\"  class=\"choice-3 depth-1\"  >Kosmetisk tandkirurgi<\/option><option value=\"H\u00e5rtransplantation\"  class=\"choice-4 depth-1\"  >H\u00e5rtransplantation<\/option><option value=\"Ortopedi\"  class=\"choice-5 depth-1\"  >Ortopedi<\/option><option value=\"Neurokirurgi\"  class=\"choice-6 depth-1\"  >Neurokirurgi<\/option><option value=\"Obstetrik och gynekologi\"  class=\"choice-7 depth-1\"  >Obstetrik och gynekologi<\/option><option value=\"Allm\u00e4n kirurgi\"  class=\"choice-8 depth-1\"  >Allm\u00e4n kirurgi<\/option><\/select><\/div><div id=\"wpforms-53294-field_10-container\" class=\"wpforms-field wpforms-field-hidden\" data-field-id=\"10\"><input type=\"hidden\" id=\"wpforms-53294-field_10\" name=\"wpforms[fields][10]\"><\/div><div id=\"wpforms-53294-field_12-container\" class=\"wpforms-field wpforms-field-hidden\" data-field-id=\"12\"><input type=\"hidden\" id=\"wpforms-53294-field_12\" name=\"wpforms[fields][12]\" value=\"https:\/\/clinicmono.com\/sv\/wp-json\/wp\/v2\/pages\/53823 \"><\/div><div id=\"wpforms-53294-field_11-container\" class=\"wpforms-field wpforms-field-hidden\" data-field-id=\"11\"><input type=\"hidden\" id=\"wpforms-53294-field_11\" name=\"wpforms[fields][11]\" value=\" 216.73.216.155 {entry_geolocation}\"><\/div><div id=\"wpforms-53294-field_13-container\" class=\"wpforms-field wpforms-field-hidden\" data-field-id=\"13\"><input type=\"hidden\" id=\"wpforms-53294-field_13\" name=\"wpforms[fields][13]\" value=\"{inloggning_anv\u00e4ndare_resa}\"><\/div><\/div><!-- .wpforms-field-container --><div class=\"wpforms-recaptcha-container wpforms-is-recaptcha wpforms-is-recaptcha-type-v3\" ><input type=\"hidden\" name=\"wpforms[recaptcha]\" value=\"\"><\/div><div class=\"wpforms-submit-container\" ><input type=\"hidden\" name=\"wpforms[id]\" value=\"53294\"><input type=\"hidden\" name=\"page_title\" value=\"\"><input type=\"hidden\" name=\"page_url\" value=\"https:\/\/clinicmono.com\/sv\/wp-json\/wp\/v2\/pages\/53823\"><input type=\"hidden\" name=\"url_referer\" value=\"\"><button type=\"submit\" name=\"wpforms[submit]\" id=\"wpforms-submit-53294\" class=\"wpforms-submit\" data-alt-text=\"Skickar...\" data-submit-text=\"F\u00e5 en kostnadsfri konsultation\" aria-live=\"assertive\" value=\"wpforms-submit\">F\u00e5 en kostnadsfri konsultation<\/button><img loading=\"lazy\" decoding=\"async\" src=\"https:\/\/clinicmono.com\/wp-content\/plugins\/wpforms\/assets\/images\/submit-spin.svg\" class=\"wpforms-submit-spinner\" style=\"display: none;\" width=\"26\" height=\"26\" alt=\"Laddar\"><\/div><\/form><\/div>  <!-- .wpforms-container --><\/div><\/div><\/div><\/div><\/div><\/div><\/div><\/div><\/div><\/section>\n","protected":false},"excerpt":{"rendered":"14 februari Alla hj\u00e4rtans dag Klinik MonoSidorSpecialerbjudande f\u00f6r Alla hj\u00e4rtans dag-veckan! 20% + 10% K\u00e4rleksrabatt Letar du efter den b\u00e4sta valentinspresenten? H\u00e4r \u00e4r k\u00e4rleksrabatten! 20% + 10% rabatt p\u00e5 alla behandlingar, antingen boka f\u00f6r din \u00e4lskade eller sk\u00e4m bort dig sj\u00e4lv. Det \u00e4r en specialkampanj som bara g\u00e4ller i 1 vecka. Missa inte detta tillf\u00e4lle!...","protected":false},"author":1,"featured_media":0,"parent":0,"menu_order":0,"comment_status":"closed","ping_status":"closed","template":"","meta":{"rank_math_lock_modified_date":false,"_mi_skip_tracking":false,"_monsterinsights_sitenote_active":false,"_monsterinsights_sitenote_note":"","_monsterinsights_sitenote_category":0,"_uf_show_specific_survey":0,"_uf_disable_surveys":false,"footnotes":""},"procedure":[],"class_list":["post-53823","page","type-page","status-publish","hentry"],"_links":{"self":[{"href":"https:\/\/clinicmono.com\/sv\/wp-json\/wp\/v2\/pages\/53823"}],"collection":[{"href":"https:\/\/clinicmono.com\/sv\/wp-json\/wp\/v2\/pages"}],"about":[{"href":"https:\/\/clinicmono.com\/sv\/wp-json\/wp\/v2\/types\/page"}],"author":[{"embeddable":true,"href":"https:\/\/clinicmono.com\/sv\/wp-json\/wp\/v2\/users\/1"}],"replies":[{"embeddable":true,"href":"https:\/\/clinicmono.com\/sv\/wp-json\/wp\/v2\/comments?post=53823"}],"version-history":[{"count":8,"href":"https:\/\/clinicmono.com\/sv\/wp-json\/wp\/v2\/pages\/53823\/revisions"}],"predecessor-version":[{"id":119886,"href":"https:\/\/clinicmono.com\/sv\/wp-json\/wp\/v2\/pages\/53823\/revisions\/119886"}],"wp:attachment":[{"href":"https:\/\/clinicmono.com\/sv\/wp-json\/wp\/v2\/media?parent=53823"}],"wp:term":[{"taxonomy":"procedure","embeddable":true,"href":"https:\/\/clinicmono.com\/sv\/wp-json\/wp\/v2\/procedure?post=53823"}],"curies":[{"name":"wp","href":"https:\/\/api.w.org\/{rel}","templated":true}]}}