{"id":40982,"date":"2024-01-21T14:29:18","date_gmt":"2024-01-21T14:29:18","guid":{"rendered":"https:\/\/clinicmono.com\/allman-kirurgi\/abdominal-vall-hernia\/"},"modified":"2024-07-26T06:23:25","modified_gmt":"2024-07-26T06:23:25","slug":"abdominal-wall-hernia","status":"publish","type":"page","link":"https:\/\/clinicmono.com\/sv\/general-surgery\/abdominal-wall-hernia\/","title":{"rendered":"Br\u00e5ck i bukv\u00e4ggen"},"content":{"rendered":"<section class=\"l-section wpb_row height_custom with_img\"><div class=\"l-section-img\" role=\"img\" data-img-width=\"1280\" data-img-height=\"720\" style=\"background-image: url(https:\/\/clinicmono.com\/wp-content\/uploads\/2024\/03\/abdominal-wall-hernia.jpg);background-repeat: no-repeat;\"><\/div><div class=\"l-section-overlay\" style=\"background:rgba(0,0,0,0.47)\"><\/div><div class=\"l-section-h i-cf\"><div class=\"g-cols vc_row via_flex valign_top type_default stacking_default\"><div class=\"vc_col-sm-12 wpb_column vc_column_container\"><div class=\"vc_column-inner\"><div class=\"wpb_wrapper\"><div class=\"wpb_text_column us_custom_8b3d6790 has_text_color\"><div class=\"wpb_wrapper\"><h1 style=\"text-align: center;\">Br\u00e5ck i bukv\u00e4ggen<\/h1>\n<\/div><\/div><div class=\"w-separator size_small\"><\/div><nav class=\"g-breadcrumbs us_custom_8b3d6790 has_text_color separator_icon align_center\" itemscope itemtype=\"http:\/\/schema.org\/BreadcrumbList\"><div class=\"g-breadcrumbs-item\" itemscope itemprop=\"itemListElement\" itemtype=\"http:\/\/schema.org\/ListItem\"><a itemprop=\"item\" href=\"https:\/\/clinicmono.com\/sv\/\"><span itemprop=\"name\">Klinik Mono<\/span><\/a><meta itemprop=\"position\" content=\"1\"\/><\/div><div class=\"g-breadcrumbs-separator\"><i class=\"far fa-angle-double-right\"><\/i><\/div><div class=\"g-breadcrumbs-item\">Sidor<\/div><\/nav><div class=\"w-separator size_small\"><\/div><\/div><\/div><\/div><\/div><\/div><\/section><section class=\"l-section wpb_row height_small\"><div class=\"l-section-h i-cf\"><div class=\"g-cols vc_row via_flex valign_top type_default stacking_default\"><div class=\"vc_col-sm-8 wpb_column vc_column_container\"><div class=\"vc_column-inner\"><div class=\"wpb_wrapper\"><div class=\"g-cols wpb_row us_custom_561b7e5e via_flex valign_top type_default stacking_default\"><div class=\"vc_col-sm-12 wpb_column vc_column_container\"><div class=\"vc_column-inner\"><div class=\"wpb_wrapper\"><h3 class=\"w-text\"><span class=\"w-text-h\"><span class=\"w-text-value\">\u00d6versikt \u00f6ver f\u00f6rfaranden<\/span><\/span><\/h3><div class=\"w-separator size_small\"><\/div><div class=\"w-iconbox iconpos_left style_default color_primary align_left no_text\"><div class=\"w-iconbox-icon\" style=\"font-size:1.4rem;\"><i class=\"fas fa-procedures\"><\/i><\/div><div class=\"w-iconbox-meta\"><h4 class=\"w-iconbox-title\">F\u00f6rfarande<\/h4><\/div><\/div><div class=\"w-separator size_small\"><\/div><div class=\"w-iconbox iconpos_left style_default color_primary align_left no_text\"><div class=\"w-iconbox-icon\" style=\"font-size:1rem;\"><i class=\"fas fa-clock\"><\/i><\/div><div class=\"w-iconbox-meta\"><h4 class=\"w-iconbox-title\">Operationens l\u00e4ngd<\/h4><\/div><\/div><div class=\"w-separator size_small\"><\/div><div class=\"w-iconbox iconpos_left style_default color_primary align_left no_text\"><div class=\"w-iconbox-icon\" style=\"font-size:1rem;\"><i class=\"fas fa-hospital\"><\/i><\/div><div class=\"w-iconbox-meta\"><h4 class=\"w-iconbox-title\">Sjukhusvistelse<\/h4><\/div><\/div><div class=\"w-separator size_small\"><\/div><div class=\"w-iconbox iconpos_left style_default color_primary align_left no_text\"><div class=\"w-iconbox-icon\" style=\"font-size:1rem;\"><i class=\"fas fa-syringe\"><\/i><\/div><div class=\"w-iconbox-meta\"><h4 class=\"w-iconbox-title\">Anestesi<\/h4><\/div><\/div><\/div><\/div><\/div><\/div><\/div><\/div><\/div><div class=\"vc_col-sm-4 wpb_column vc_column_container\"><div class=\"vc_column-inner\"><div class=\"wpb_wrapper\"><div class=\"g-cols wpb_row us_custom_c5a47681 via_flex valign_top type_default stacking_default\"><div class=\"vc_col-sm-12 wpb_column vc_column_container\"><div class=\"vc_column-inner\"><div class=\"wpb_wrapper\"><h3 class=\"w-text\"><span class=\"w-text-h\"><span class=\"w-text-value\">F\u00e5 en kostnadsfri konsultation<\/span><\/span><\/h3><div class=\"w-separator size_small\"><\/div><div class=\"wpforms-container wpforms-render-modern\" id=\"wpforms-22672\"><form id=\"wpforms-form-22672\" class=\"wpforms-validate wpforms-form wpforms-ajax-form\" data-formid=\"22672\" method=\"post\" enctype=\"multipart\/form-data\" action=\"\/sv\/wp-json\/wp\/v2\/pages\/40982\" data-token=\"302fac0e03307fdf1d496496512b9cba\" data-token-time=\"1775436050\"><noscript class=\"wpforms-error-noscript\">Aktivera JavaScript i din webbl\u00e4sare f\u00f6r att fylla i formul\u00e4ret.<\/noscript><div id=\"wpforms-error-noscript\" style=\"display: none;\">Aktivera JavaScript i din webbl\u00e4sare f\u00f6r att fylla i formul\u00e4ret.<\/div><div class=\"wpforms-field-container\"><div id=\"wpforms-22672-field_0-container\" class=\"wpforms-field wpforms-field-name\" data-field-id=\"0\"><label class=\"wpforms-field-label wpforms-label-hide\" for=\"wpforms-22672-field_0\" aria-hidden=\"false\">Namn <span class=\"wpforms-required-label\" aria-hidden=\"true\">*<\/span><\/label><input type=\"text\" id=\"wpforms-22672-field_0\" class=\"wpforms-field-large wpforms-field-required\" name=\"wpforms[fields][0]\" placeholder=\"Namn och efternamn\" aria-errormessage=\"wpforms-22672-field_0-error\" required><\/div>\t\t<div id=\"wpforms-22672-field_1-container\"\n\t\t\tclass=\"wpforms-field wpforms-field-text\"\n\t\t\tdata-field-type=\"text\"\n\t\t\tdata-field-id=\"1\"\n\t\t\t>\n\t\t\t<label class=\"wpforms-field-label\" for=\"wpforms-22672-field_1\" >Sidans Namn Telefon<\/label>\n\t\t\t<input type=\"text\" id=\"wpforms-22672-field_1\" class=\"wpforms-field-medium\" name=\"wpforms[fields][1]\" >\n\t\t<\/div>\n\t\t<div id=\"wpforms-22672-field_5-container\" class=\"wpforms-field wpforms-field-phone\" data-field-id=\"5\"><label class=\"wpforms-field-label wpforms-label-hide\" for=\"wpforms-22672-field_5\" aria-hidden=\"false\">Telefon <span class=\"wpforms-required-label\" aria-hidden=\"true\">*<\/span><\/label><input type=\"tel\" id=\"wpforms-22672-field_5\" class=\"wpforms-field-large wpforms-field-required wpforms-smart-phone-field\" data-rule-smart-phone-field=\"true\" name=\"wpforms[fields][5]\" aria-label=\"Telefon\" aria-errormessage=\"wpforms-22672-field_5-error\" required><\/div><div id=\"wpforms-22672-field_12-container\" class=\"wpforms-field wpforms-field-hidden\" data-field-id=\"12\"><input type=\"hidden\" id=\"wpforms-22672-field_12\" name=\"wpforms[fields][12]\"><\/div><div id=\"wpforms-22672-field_10-container\" class=\"wpforms-field wpforms-field-hidden\" data-field-id=\"10\"><input type=\"hidden\" id=\"wpforms-22672-field_10\" name=\"wpforms[fields][10]\" value=\"https:\/\/clinicmono.com\/sv\/wp-json\/wp\/v2\/pages\/40982 \"><\/div><div id=\"wpforms-22672-field_15-container\" class=\"wpforms-field wpforms-field-hidden\" data-field-id=\"15\"><input type=\"hidden\" id=\"wpforms-22672-field_15\" name=\"wpforms[fields][15]\" value=\" 216.73.216.191 {entry_geolocation} \"><\/div><script>\n\t\t\t\t( function() {\n\t\t\t\t\tconst style = document.createElement( 'style' );\n\t\t\t\t\tstyle.appendChild( document.createTextNode( '#wpforms-22672-field_1-container { position: absolute !important; overflow: hidden !important; display: inline !important; height: 1px !important; width: 1px !important; z-index: -1000 !important; padding: 0 !important; } #wpforms-22672-field_1-container input { visibility: hidden; } #wpforms-conversational-form-page #wpforms-22672-field_1-container label { counter-increment: none; }' ) );\n\t\t\t\t\tdocument.head.appendChild( style );\n\t\t\t\t\tdocument.currentScript?.remove();\n\t\t\t\t} )();\n\t\t\t<\/script><\/div><!-- .wpforms-field-container --><div class=\"wpforms-recaptcha-container wpforms-is-recaptcha wpforms-is-recaptcha-type-v3\" ><input type=\"hidden\" name=\"wpforms[recaptcha]\" value=\"\"><\/div><div class=\"wpforms-submit-container\" ><input type=\"hidden\" name=\"wpforms[id]\" value=\"22672\"><input type=\"hidden\" name=\"page_title\" value=\"\"><input type=\"hidden\" name=\"page_url\" value=\"https:\/\/clinicmono.com\/sv\/wp-json\/wp\/v2\/pages\/40982\"><input type=\"hidden\" name=\"url_referer\" value=\"\"><button type=\"submit\" name=\"wpforms[submit]\" id=\"wpforms-submit-22672\" class=\"wpforms-submit\" data-alt-text=\"Skickar...\" data-submit-text=\"F\u00e5 en kostnadsfri konsultation\" aria-live=\"assertive\" value=\"wpforms-submit\">F\u00e5 en kostnadsfri konsultation<\/button><img loading=\"lazy\" decoding=\"async\" src=\"https:\/\/clinicmono.com\/wp-content\/plugins\/wpforms\/assets\/images\/submit-spin.svg\" class=\"wpforms-submit-spinner\" style=\"display: none;\" width=\"26\" height=\"26\" alt=\"Laddar\"><\/div><\/form><\/div>  <!-- .wpforms-container --><\/div><\/div><\/div><\/div><\/div><\/div><\/div><\/div><\/div><\/section><section class=\"l-section wpb_row us_custom_f92a3d92 height_custom\"><div class=\"l-section-h i-cf\"><div class=\"g-cols vc_row via_flex valign_top type_default stacking_default\"><div class=\"vc_col-sm-12 wpb_column vc_column_container\"><div class=\"vc_column-inner\"><div class=\"wpb_wrapper\"><div class=\"g-cols wpb_row us_custom_1b04de86 via_flex valign_top type_default stacking_default\"><div class=\"vc_col-sm-8 wpb_column vc_column_container\"><div class=\"vc_column-inner\"><div class=\"wpb_wrapper\"><div class=\"w-hwrapper valign_top wrap align_left\"><div class=\"wpb_text_column\"><div class=\"wpb_wrapper\"><h4><a href=\"#procedures\">F\u00f6rfarande<\/a><\/h4>\n<\/div><\/div><div class=\"wpb_text_column\"><div class=\"wpb_wrapper\"><h4>|<\/h4>\n<\/div><\/div><div class=\"wpb_text_column\"><div class=\"wpb_wrapper\"><h4><a href=\"#cost\">Kostnad<\/a><\/h4>\n<\/div><\/div><div class=\"wpb_text_column\"><div class=\"wpb_wrapper\"><h4>|<\/h4>\n<\/div><\/div><div class=\"wpb_text_column\"><div class=\"wpb_wrapper\"><h4><a href=\"#clinic\">Klinik<\/a><\/h4>\n<\/div><\/div><div class=\"wpb_text_column\"><div class=\"wpb_wrapper\"><h4>|<\/h4>\n<\/div><\/div><div class=\"wpb_text_column\"><div class=\"wpb_wrapper\"><h4><a href=\"#recovery\">\u00c5terh\u00e4mtning<\/a><\/h4>\n<\/div><\/div><div class=\"wpb_text_column\"><div class=\"wpb_wrapper\"><h4>|<\/h4>\n<\/div><\/div><div class=\"wpb_text_column\"><div class=\"wpb_wrapper\"><h4><a href=\"#reviews\">Recensioner<\/a><\/h4>\n<\/div><\/div><div class=\"wpb_text_column\"><div class=\"wpb_wrapper\"><h4>|<\/h4>\n<\/div><\/div><div class=\"wpb_text_column\"><div class=\"wpb_wrapper\"><h4><a href=\"#surgeons\">Kirurger<\/a><\/h4>\n<\/div><\/div><div class=\"wpb_text_column\"><div class=\"wpb_wrapper\"><h4>|<\/h4>\n<\/div><\/div><div class=\"wpb_text_column\"><div class=\"wpb_wrapper\"><h4><a href=\"#faqs\">Fr\u00e5gor och svar<\/a><\/h4>\n<\/div><\/div><\/div><\/div><\/div><\/div><div class=\"vc_col-sm-4 wpb_column vc_column_container\"><div class=\"vc_column-inner\"><div class=\"wpb_wrapper\"><div class=\"wpb_text_column\"><div class=\"wpb_wrapper\"><h5 style=\"text-align: center;\"><strong>Granskad och godk\u00e4nd av<\/strong><\/h5>\n<\/div><\/div><div class=\"w-separator hide_on_default hide_on_laptops size_medium\"><\/div><\/div><\/div><\/div><\/div><div class=\"w-separator size_small\"><\/div><div class=\"g-cols wpb_row via_flex valign_top type_default stacking_default\" id=\"procedures\"><div class=\"vc_col-sm-12 wpb_column vc_column_container\"><div class=\"vc_column-inner\"><div class=\"wpb_wrapper\"><div class=\"wpb_text_column\"><div class=\"wpb_wrapper\"><h1><b>Br\u00e5ck i bukv\u00e4ggen<\/b><\/h1>\n<p>  Bukv\u00e4ggsbr\u00e5ck uppst\u00e5r n\u00e4r ett organ eller en v\u00e4vnad kl\u00e4ms genom en svag punkt i bukmuskulaturen, vilket leder till en m\u00e4rkbar kn\u00f6l eller utbuktning. Symtom p\u00e5 br\u00e5ck i \u00f6vre buken \u00e4r obehag, sm\u00e4rta och en synlig utbuktning i magregionen. \u00c4ven om bukbr\u00e5ck vanligtvis visar sig i form av en kn\u00f6l, kan vissa personer uppleva symtom utan en m\u00e4rkbar utbuktning. Magbr\u00e5ck \u00e4r olika, inklusive inguinal-, navel- och incisionsbr\u00e5ck. K\u00e4nslan av ett magbr\u00e5ck varierar, allt fr\u00e5n lindrigt obehag till skarp sm\u00e4rta. Det \u00e4r m\u00f6jligt att identifiera br\u00e5ck utan en kn\u00f6l, eftersom symtom som matsm\u00e4ltningsbesv\u00e4r, sm\u00e4rta eller en dragande k\u00e4nsla kan tyda p\u00e5 att de finns. Det \u00e4r viktigt att f\u00f6rst\u00e5 sm\u00e4rtan vid br\u00e5ck i buken och att k\u00e4nna igen tecken, som en synlig utbuktning eller \u00f6mhet, f\u00f6r tidig uppt\u00e4ckt. Orsakerna till br\u00e5ck i buken \u00e4r m\u00e5ngfacetterade och beror ofta p\u00e5 en kombination av muskelsvaghet och \u00f6veranstr\u00e4ngning. Att k\u00e4nna igen de olika symtomen och typerna av bukbr\u00e5ck \u00e4r avg\u00f6rande f\u00f6r ett tidigt ingripande. F\u00f6rst\u00e5else f\u00f6r br\u00e5ck s\u00e4kerst\u00e4ller snabb medicinsk behandling, minskar komplikationer och f\u00f6rb\u00e4ttrar det allm\u00e4nna v\u00e4lbefinnandet, oavsett om br\u00e5cket sitter ovanf\u00f6r naveln eller i mags\u00e4cken. Br\u00e5ckkirurgi i buken behandlar organ som tr\u00e4nger ut genom f\u00f6rsvagade muskler, och ingreppen varierar beroende p\u00e5 br\u00e5ckets typ och sv\u00e5righetsgrad. Snabb medicinsk r\u00e5dgivning s\u00e4kerst\u00e4ller l\u00e4mplig behandling, antingen genom kirurgi eller alternativa metoder, vilket fr\u00e4mjar ett snabbare tillfrisknande och f\u00f6rb\u00e4ttrad livskvalitet. Bukbr\u00e5cksoperationer behandlar utskjutande organ genom f\u00f6rsvagade muskler. Procedurerna varierar beroende p\u00e5 br\u00e5ckets typ och sv\u00e5righetsgrad, med alternativ som str\u00e4cker sig fr\u00e5n laparoskopiska reparationer till mer traditionella \u00f6ppna operationer. Om du k\u00e4nner igen symtomen, t.ex. magsm\u00e4rtor eller sm\u00e4rta i \u00f6vre h\u00f6gra delen av buken, ska du omedelbart upps\u00f6ka l\u00e4kare. De olika symtomen och typerna av bukbr\u00e5ck eller magbr\u00e5ck \u00e4r avg\u00f6rande f\u00f6r att avg\u00f6ra behovet av kirurgiskt ingrepp. Snabb medicinsk r\u00e5dgivning s\u00e4kerst\u00e4ller l\u00e4mplig behandling, antingen genom kirurgi eller alternativa metoder, vilket fr\u00e4mjar ett snabbare tillfrisknande och f\u00f6rb\u00e4ttrad livskvalitet. Dessutom kan flera br\u00e5ck f\u00f6rekomma, och genom att identifiera deras specifika typer kan man skr\u00e4ddarsy effektiva behandlingsplaner.<\/p>\n<\/div><\/div><\/div><\/div><\/div><\/div><div class=\"w-separator size_small\"><\/div><div class=\"g-cols wpb_row via_flex valign_top type_default stacking_default\" id=\"clinic\"><div class=\"vc_col-sm-12 wpb_column vc_column_container\"><div class=\"vc_column-inner\"><div class=\"wpb_wrapper\"><div class=\"wpb_text_column\"><div class=\"wpb_wrapper\"><h2><b>Kirurgi av br\u00e5ck i bukv\u00e4ggen Genom Clinic Mono <\/b><\/h2>\n<p> Clinic Mono \u00e4r en turistbyr\u00e5 som har ett auktorisationscertifikat f\u00f6r h\u00e4lsoturism och tillhandah\u00e5ller f\u00f6rmedlingstj\u00e4nster och tillhandah\u00e5ller l\u00f6sningar p\u00e5 alla behov och krav fr\u00e5n patienten, s\u00e5som boende, drift, \u00f6verf\u00f6ring, med m\u00e5nga \u00e5rs erfarenhet, i kontrakterade v\u00e5rdinr\u00e4ttningar. Clinic Mono fungerar ocks\u00e5 som en mellanhand f\u00f6r att f\u00f6ra samman dig med de kontrakterade kirurgerna.<br \/>\nOm du har problem med br\u00e5ck i buken \u00e4r Clinic Mono som medicinsk turistbyr\u00e5 ett f\u00f6rstklassigt val f\u00f6r omfattande och personlig v\u00e5rd.<br \/>\nOavsett om du har ett litet br\u00e5ck, ett stort br\u00e5ck eller n\u00e5got annat br\u00e5ck i bukv\u00e4ggen, \u00e4r Monos kontrakterade medicinska team dedikerade till att tillhandah\u00e5lla f\u00f6rstklassig behandling som \u00e4r skr\u00e4ddarsydd f\u00f6r dina unika behov.<br \/>\nClinic Mono samarbetar med v\u00e5rdinr\u00e4ttningar som prioriterar patienternas v\u00e4lbefinnande och anv\u00e4nder de senaste teknikerna f\u00f6r br\u00e5ckoperationer.<br \/>\nMonos samarbetspartners \u00e4r skickliga p\u00e5 att hantera olika typer av br\u00e5ck, inklusive de i \u00f6vre delen av buken eller bukv\u00e4ggen.<br \/>\nExpertisen hos Monos kontrakterade institutioner str\u00e4cker sig till att hantera symtom som magbr\u00e5ckssm\u00e4rta och tarmbr\u00e5ckssymtom med precision.<br \/>\nEn utm\u00e4rkande egenskap som skiljer Clinic Mono \u00e5t \u00e4r dess fokus p\u00e5 minimalt invasiva ingrepp.<br \/>\nF\u00f6r allt fr\u00e5n epigastriska br\u00e5ck till br\u00e5ck i fr\u00e4mre bukv\u00e4ggen anv\u00e4nder Monos kontrakterade kirurger avancerade laparoskopiska tekniker, vilket ger snabbare \u00e5terh\u00e4mtning och minskat postoperativt obehag.<br \/>\nAtt v\u00e4lja Clinic Mono som medlare inneb\u00e4r att man v\u00e4ljer ett center som f\u00f6rst\u00e5r vikten av individanpassad v\u00e5rd.<br \/>\nMonos engagemang f\u00f6r excellens str\u00e4cker sig till behandling av stora bukbr\u00e5ck och br\u00e5ck i \u00f6vre delen av buken, vilket s\u00e4kerst\u00e4ller att du f\u00e5r v\u00e5rd av h\u00f6gsta standard.<\/p>\n<\/div><\/div><\/div><\/div><\/div><\/div><div class=\"w-separator size_small\"><\/div><div class=\"g-cols wpb_row via_flex valign_top type_default stacking_default\" id=\"surgeons\"><div class=\"vc_col-sm-12 wpb_column vc_column_container\"><div class=\"vc_column-inner\"><div class=\"wpb_wrapper\"><div class=\"wpb_text_column\"><div class=\"wpb_wrapper\"><h2><b>B\u00e4sta br\u00e5ckkirurger i bukv\u00e4ggen i Turkiet<\/b><\/h2>\n<p>  Skickliga kirurger \u00e4r avg\u00f6rande f\u00f6r att diagnostisera och behandla br\u00e5ck, vilket s\u00e4kerst\u00e4ller personlig v\u00e5rd och optimala patientresultat.<br \/>\nDu kan lita p\u00e5 att Clinic Mono erbjuder f\u00f6rstklassig kirurgisk expertis inom br\u00e5ckbehandling.<br \/>\nClinic Monos kontrakterade team av br\u00e5ckkirurger specialiserar sig p\u00e5 br\u00e5ck i bukv\u00e4ggen, br\u00e5ck i nedre delen av buken och olika br\u00e5ck.<br \/>\nMonos kontrakterade kirurger \u00e4r utm\u00e4rkta p\u00e5 att behandla centrala br\u00e5ck och hanterar problem som br\u00e5ck, magsm\u00e4rtor och symtom med precision.<br \/>\nKlicka p\u00e5 profilkorten nedan f\u00f6r att l\u00e4ra dig mer om de skickliga l\u00e4kare som leder v\u00e4gen inom br\u00e5ckkirurgi i buken.<\/p>\n<\/div><\/div><\/div><\/div><\/div><\/div><div class=\"w-separator size_small\"><\/div><div class=\"g-cols wpb_row via_flex valign_top type_default stacking_default\" id=\"cost\"><div class=\"vc_col-sm-12 wpb_column vc_column_container\"><div class=\"vc_column-inner\"><div class=\"wpb_wrapper\"><div class=\"wpb_text_column\"><div class=\"wpb_wrapper\"><h2><b>Br\u00e5ck i bukv\u00e4ggen Priser i Turkiet<\/b><\/h2>\n<p><span style=\"font-weight: 400;\">Turkiet \u00e4r den f\u00f6rsta adressen f\u00f6r br\u00e5ckkirurgi i bukv\u00e4ggen och erbjuder mycket f\u00f6rdelaktiga priser f\u00f6r detta omfattande medicinska ingrepp.<br \/>\nClinic Mono i Turkiet erbjuder kostnadseffektiva l\u00f6sningar med exceptionell expertis.  Clinic Mono erbjuder transparent och konkurrenskraftig priss\u00e4ttning. Som en av de ledande medlarna i Turkiet f\u00f6r b\u00e4sta br\u00e5ck garanterar Clinic Mono kvalitetsv\u00e5rd utan att kompromissa med din budget.<br \/>\nDu kan l\u00e4ra dig om \u00f6verkomliga br\u00e5ckbehandlingar och den b\u00e4sta br\u00e5ckkliniken genom att utforska de omfattande tj\u00e4nster som Clinic Mono f\u00f6rmedlar. <\/span><\/p>\n<\/div><\/div><\/div><\/div><\/div><\/div><div class=\"w-separator size_small\"><\/div><div class=\"g-cols wpb_row via_flex valign_top type_default stacking_default\"><div class=\"vc_col-sm-12 wpb_column vc_column_container\"><div class=\"vc_column-inner\"><div class=\"wpb_wrapper\"><div class=\"w-html\"><table class=\"customTable\">\n  <thead>\n    <tr>\n      <th>Typ av procedur<\/th><th>Mono<\/th><th>Kostnad UK<\/th><th>Kostnad EU<\/th><th>Kostnad USA<\/th>\n    <\/tr>\n  <\/thead>\n  <tbody>\n    <tr>\n      <td>Br\u00e5ck i bukv\u00e4ggen <\/td><td>\u00a32950 - \u00a33350<\/td><td>\u00a33,500 - \u00a34,000<\/td><td>\u20ac4,500 - \u20ac5,500<\/td><td>$4,500 - $6,000<\/td>\n    <\/tr>\n  <\/tbody>\n<\/table><\/div><\/div><\/div><\/div><\/div><div class=\"w-separator size_small\"><\/div><div class=\"g-cols wpb_row via_flex valign_top type_default stacking_default\" id=\"reviews\"><div class=\"vc_col-sm-12 wpb_column vc_column_container\"><div class=\"vc_column-inner\"><div class=\"wpb_wrapper\"><div class=\"wpb_text_column\"><div class=\"wpb_wrapper\"><h2><b>Br\u00e5ckkirurgi i bukv\u00e4ggen Turkiet Recensioner<\/b><\/h2>\n<p> N\u00e4r man \u00f6verv\u00e4ger ett s\u00e5dant ingrepp i ett fr\u00e4mmande land som Turkiet \u00e4r det mycket viktigt att v\u00e4lja en ansedd institution med ett auktorisationscertifikat f\u00f6r h\u00e4lsoturism och att v\u00e4lja l\u00e4kare. <span style=\"font-weight: 400;\">N\u00e4r det g\u00e4ller br\u00e5ckkirurgi prioriterar Clinic Mono patientens komfort och s\u00e4kerhet.<br \/>\nMonos meritlista med framg\u00e5ngsrik behandling av br\u00e5ck i bukv\u00e4ggen, nedre delen av buken och d\u00e4rut\u00f6ver understryker dess engagemang f\u00f6r exceptionell sjukv\u00e5rd.   <\/span><span style=\"font-weight: 400;\">Genom insiktsfulla recensioner kan patienter uppt\u00e4cka erfarenheterna fr\u00e5n personer som har genomg\u00e5tt bukbr\u00e5cksbehandlingar genom Clinic Mono.<br \/>\nClinic Mono str\u00e4var efter \u00f6ppenhet och patientn\u00f6jdhet, vilket g\u00f6r dessa recensioner viktiga f\u00f6r dem som s\u00f6ker tillf\u00f6rlitlig information om behandlingar av bukbr\u00e5ck i Turkiet. <\/span><\/p>\n<\/div><\/div><\/div><\/div><\/div><\/div><div class=\"w-separator size_small\"><\/div><div class=\"g-cols wpb_row via_flex valign_top type_default stacking_default\" id=\"faqs\"><div class=\"vc_col-sm-12 wpb_column vc_column_container\"><div class=\"vc_column-inner\"><div class=\"wpb_wrapper\"><div class=\"wpb_text_column\"><div class=\"wpb_wrapper\"><h2><b>Br\u00e5ck i bukv\u00e4ggen Vanliga fr\u00e5gor<\/b><\/h2>\n<\/div><\/div><\/div><\/div><\/div><\/div><div class=\"w-separator size_small\"><\/div><div class=\"w-tabs style_default switch_click accordion has_scrolling\" style=\"--sections-title-size:inherit\"><div class=\"w-tabs-sections titles-align_none icon_chevron cpos_right\"><div class=\"w-tabs-section\" id=\"yf43\"><button class=\"w-tabs-section-header\" aria-controls=\"content-yf43\" aria-expanded=\"false\"><div class=\"w-tabs-section-title\">Vilka \u00e4r symtomen p\u00e5 br\u00e5ck i \u00f6vre delen av buken?<\/div><div class=\"w-tabs-section-control\"><\/div><\/button><div  class=\"w-tabs-section-content\" id=\"content-yf43\"><div class=\"w-tabs-section-content-h i-cf\"><div class=\"wpb_text_column\"><div class=\"wpb_wrapper\"><p>Br\u00e5ck i \u00f6vre delen av buken visar sig genom olika symtom, vilket ger viktiga ledtr\u00e5dar f\u00f6r tidig uppt\u00e4ckt och intervention.<br \/>\nPersoner som upplever symtom p\u00e5 bukbr\u00e5ck, t.ex. en kn\u00f6l ovanf\u00f6r naveln eller obehag i \u00f6vre h\u00f6gra delen av buken, b\u00f6r omedelbart s\u00f6ka l\u00e4karv\u00e5rd.<\/p>\n<\/div><\/div><\/div><\/div><\/div><div class=\"w-tabs-section\" id=\"a0e3\"><button class=\"w-tabs-section-header\" aria-controls=\"content-a0e3\" aria-expanded=\"false\"><div class=\"w-tabs-section-title\">Hur ser ett br\u00e5ck ut p\u00e5 en kvinna?<\/div><div class=\"w-tabs-section-control\"><\/div><\/button><div  class=\"w-tabs-section-content\" id=\"content-a0e3\"><div class=\"w-tabs-section-content-h i-cf\"><div class=\"wpb_text_column\"><div class=\"wpb_wrapper\"><p><span style=\"font-weight: 400;\">Att k\u00e4nna igen ett br\u00e5ck hos kvinnor inneb\u00e4r att man m\u00e5ste f\u00f6rst\u00e5 de specifika symtom som \u00e4r unika f\u00f6r deras anatomi.<br \/>\nSymtom p\u00e5 bukbr\u00e5ck hos kvinnor kan vara en m\u00e4rkbar kn\u00f6l ovanf\u00f6r naveln, som ofta \u00e4r sm\u00e4rtfri eller orsakar minimalt obehag. <\/span><\/p>\n<\/div><\/div><\/div><\/div><\/div><div class=\"w-tabs-section\" id=\"t26c\"><button class=\"w-tabs-section-header\" aria-controls=\"content-t26c\" aria-expanded=\"false\"><div class=\"w-tabs-section-title\">Vad orsakar ett br\u00e5ck i magen?<\/div><div class=\"w-tabs-section-control\"><\/div><\/button><div  class=\"w-tabs-section-content\" id=\"content-t26c\"><div class=\"w-tabs-section-content-h i-cf\"><div class=\"wpb_text_column\"><div class=\"wpb_wrapper\"><p><span style=\"font-weight: 400;\">Br\u00e5ck i magen orsakas av en f\u00f6rsvagad bukv\u00e4gg, vilket leder till att organ eller v\u00e4vnader skjuter ut.<\/span><\/p>\n<\/div><\/div><\/div><\/div><\/div><\/div><\/div><\/div><\/div><\/div><\/div><\/div><\/section>\n","protected":false},"excerpt":{"rendered":"Br\u00e5ck i bukv\u00e4ggen Klinik MonoSidor\u00d6versikt \u00f6ver f\u00f6rfarandenF\u00f6rfarandeOperationens l\u00e4ngdSjukhusvistelseAnestesiF\u00e5 en kostnadsfri konsultationAktivera JavaScript i din webbl\u00e4sare f\u00f6r att fylla i formul\u00e4ret.Aktivera JavaScript i din webbl\u00e4sare f\u00f6r att fylla i formul\u00e4ret.Namn *Telefon * Namn Sidans sidan F\u00e5 en kostnadsfri konsultation F\u00f6rfarande | Kostnad | Klinik | \u00c5terh\u00e4mtning | Recensioner | Kirurger | Fr\u00e5gor och svar Granskad och...","protected":false},"author":1,"featured_media":122594,"parent":37168,"menu_order":0,"comment_status":"closed","ping_status":"closed","template":"","meta":{"rank_math_lock_modified_date":false,"_mi_skip_tracking":false,"_monsterinsights_sitenote_active":false,"_monsterinsights_sitenote_note":"","_monsterinsights_sitenote_category":0,"_uf_show_specific_survey":0,"_uf_disable_surveys":false,"footnotes":""},"procedure":[321],"class_list":["post-40982","page","type-page","status-publish","has-post-thumbnail","hentry","procedure-general-surgery"],"_links":{"self":[{"href":"https:\/\/clinicmono.com\/sv\/wp-json\/wp\/v2\/pages\/40982"}],"collection":[{"href":"https:\/\/clinicmono.com\/sv\/wp-json\/wp\/v2\/pages"}],"about":[{"href":"https:\/\/clinicmono.com\/sv\/wp-json\/wp\/v2\/types\/page"}],"author":[{"embeddable":true,"href":"https:\/\/clinicmono.com\/sv\/wp-json\/wp\/v2\/users\/1"}],"replies":[{"embeddable":true,"href":"https:\/\/clinicmono.com\/sv\/wp-json\/wp\/v2\/comments?post=40982"}],"version-history":[{"count":33,"href":"https:\/\/clinicmono.com\/sv\/wp-json\/wp\/v2\/pages\/40982\/revisions"}],"predecessor-version":[{"id":137440,"href":"https:\/\/clinicmono.com\/sv\/wp-json\/wp\/v2\/pages\/40982\/revisions\/137440"}],"up":[{"embeddable":true,"href":"https:\/\/clinicmono.com\/sv\/wp-json\/wp\/v2\/pages\/37168"}],"wp:featuredmedia":[{"embeddable":true,"href":"https:\/\/clinicmono.com\/sv\/wp-json\/wp\/v2\/media\/122594"}],"wp:attachment":[{"href":"https:\/\/clinicmono.com\/sv\/wp-json\/wp\/v2\/media?parent=40982"}],"wp:term":[{"taxonomy":"procedure","embeddable":true,"href":"https:\/\/clinicmono.com\/sv\/wp-json\/wp\/v2\/procedure?post=40982"}],"curies":[{"name":"wp","href":"https:\/\/api.w.org\/{rel}","templated":true}]}}