{"id":40977,"date":"2024-01-21T14:15:03","date_gmt":"2024-01-21T14:15:03","guid":{"rendered":"https:\/\/clinicmono.com\/inguinal-och-umbilikal-hernier\/"},"modified":"2024-07-26T06:23:24","modified_gmt":"2024-07-26T06:23:24","slug":"inguinal-and-umbilical-hernias","status":"publish","type":"page","link":"https:\/\/clinicmono.com\/sv\/general-surgery\/inguinal-and-umbilical-hernias\/","title":{"rendered":"Inguinal- och navelbr\u00e5ck"},"content":{"rendered":"<section class=\"l-section wpb_row height_custom with_img\"><div class=\"l-section-img\" role=\"img\" aria-label=\"Bild\" data-img-width=\"1280\" data-img-height=\"720\" style=\"background-image: url(https:\/\/clinicmono.com\/wp-content\/uploads\/2024\/03\/inguinal-and-umbilical-hernias.jpg);background-position: top right;background-repeat: no-repeat;\"><\/div><div class=\"l-section-overlay\" style=\"background:rgba(0,0,0,0.47)\"><\/div><div class=\"l-section-h i-cf\"><div class=\"g-cols vc_row via_flex valign_top type_default stacking_default\"><div class=\"vc_col-sm-12 wpb_column vc_column_container\"><div class=\"vc_column-inner\"><div class=\"wpb_wrapper\"><div class=\"wpb_text_column us_custom_8b3d6790 has_text_color\"><div class=\"wpb_wrapper\"><h1 style=\"text-align: center;\"><b>Inguinal- och navelbr\u00e5ck<\/b><\/h1>\n<\/div><\/div><div class=\"w-separator size_small\"><\/div><nav class=\"g-breadcrumbs us_custom_8b3d6790 has_text_color separator_icon align_center\" itemscope itemtype=\"http:\/\/schema.org\/BreadcrumbList\"><div class=\"g-breadcrumbs-item\" itemscope itemprop=\"itemListElement\" itemtype=\"http:\/\/schema.org\/ListItem\"><a itemprop=\"item\" href=\"https:\/\/clinicmono.com\/sv\/\"><span itemprop=\"name\">Klinik Mono<\/span><\/a><meta itemprop=\"position\" content=\"1\"\/><\/div><div class=\"g-breadcrumbs-separator\"><i class=\"far fa-angle-double-right\"><\/i><\/div><div class=\"g-breadcrumbs-item\">Sidor<\/div><\/nav><div class=\"w-separator size_small\"><\/div><\/div><\/div><\/div><\/div><\/div><\/section><section class=\"l-section wpb_row height_small\"><div class=\"l-section-h i-cf\"><div class=\"g-cols vc_row via_flex valign_top type_default stacking_default\"><div class=\"vc_col-sm-8 wpb_column vc_column_container\"><div class=\"vc_column-inner\"><div class=\"wpb_wrapper\"><div class=\"g-cols wpb_row us_custom_561b7e5e via_flex valign_top type_default stacking_default\"><div class=\"vc_col-sm-12 wpb_column vc_column_container\"><div class=\"vc_column-inner\"><div class=\"wpb_wrapper\"><h3 class=\"w-text\"><span class=\"w-text-h\"><span class=\"w-text-value\">\u00d6versikt \u00f6ver f\u00f6rfaranden<\/span><\/span><\/h3><div class=\"w-separator size_small\"><\/div><div class=\"w-iconbox iconpos_left style_default color_primary align_left no_text\"><div class=\"w-iconbox-icon\" style=\"font-size:1.4rem;\"><i class=\"fas fa-procedures\"><\/i><\/div><div class=\"w-iconbox-meta\"><h4 class=\"w-iconbox-title\">F\u00f6rfarande<\/h4><\/div><\/div><div class=\"w-separator size_small\"><\/div><div class=\"w-iconbox iconpos_left style_default color_primary align_left no_text\"><div class=\"w-iconbox-icon\" style=\"font-size:1rem;\"><i class=\"fas fa-clock\"><\/i><\/div><div class=\"w-iconbox-meta\"><h4 class=\"w-iconbox-title\">Operationens l\u00e4ngd<\/h4><\/div><\/div><div class=\"w-separator size_small\"><\/div><div class=\"w-iconbox iconpos_left style_default color_primary align_left no_text\"><div class=\"w-iconbox-icon\" style=\"font-size:1rem;\"><i class=\"fas fa-hospital\"><\/i><\/div><div class=\"w-iconbox-meta\"><h4 class=\"w-iconbox-title\">Sjukhusvistelse<\/h4><\/div><\/div><div class=\"w-separator size_small\"><\/div><div class=\"w-iconbox iconpos_left style_default color_primary align_left no_text\"><div class=\"w-iconbox-icon\" style=\"font-size:1rem;\"><i class=\"fas fa-syringe\"><\/i><\/div><div class=\"w-iconbox-meta\"><h4 class=\"w-iconbox-title\">Anestesi<\/h4><\/div><\/div><\/div><\/div><\/div><\/div><\/div><\/div><\/div><div class=\"vc_col-sm-4 wpb_column vc_column_container\"><div class=\"vc_column-inner\"><div class=\"wpb_wrapper\"><div class=\"g-cols wpb_row us_custom_c5a47681 via_flex valign_top type_default stacking_default\"><div class=\"vc_col-sm-12 wpb_column vc_column_container\"><div class=\"vc_column-inner\"><div class=\"wpb_wrapper\"><h3 class=\"w-text\"><span class=\"w-text-h\"><span class=\"w-text-value\">F\u00e5 en kostnadsfri konsultation<\/span><\/span><\/h3><div class=\"w-separator size_small\"><\/div><div class=\"wpforms-container wpforms-render-modern\" id=\"wpforms-22672\"><form id=\"wpforms-form-22672\" class=\"wpforms-validate wpforms-form wpforms-ajax-form\" data-formid=\"22672\" method=\"post\" enctype=\"multipart\/form-data\" action=\"\/sv\/wp-json\/wp\/v2\/pages\/40977\" data-token=\"9375884e2beca36bb18501c4f6b90e4c\" data-token-time=\"1777106350\"><noscript class=\"wpforms-error-noscript\">Aktivera JavaScript i din webbl\u00e4sare f\u00f6r att fylla i formul\u00e4ret.<\/noscript><div id=\"wpforms-error-noscript\" style=\"display: none;\">Aktivera JavaScript i din webbl\u00e4sare f\u00f6r att fylla i formul\u00e4ret.<\/div><div class=\"wpforms-field-container\"><div id=\"wpforms-22672-field_0-container\" class=\"wpforms-field wpforms-field-name\" data-field-id=\"0\"><label class=\"wpforms-field-label wpforms-label-hide\" for=\"wpforms-22672-field_0\" aria-hidden=\"false\">Namn <span class=\"wpforms-required-label\" aria-hidden=\"true\">*<\/span><\/label><input type=\"text\" id=\"wpforms-22672-field_0\" class=\"wpforms-field-large wpforms-field-required\" name=\"wpforms[fields][0]\" placeholder=\"Namn och efternamn\" aria-errormessage=\"wpforms-22672-field_0-error\" required><\/div>\t\t<div id=\"wpforms-22672-field_1-container\"\n\t\t\tclass=\"wpforms-field wpforms-field-text\"\n\t\t\tdata-field-type=\"text\"\n\t\t\tdata-field-id=\"1\"\n\t\t\t>\n\t\t\t<label class=\"wpforms-field-label\" for=\"wpforms-22672-field_1\" >Namn titel Detaljer<\/label>\n\t\t\t<input type=\"text\" id=\"wpforms-22672-field_1\" class=\"wpforms-field-medium\" name=\"wpforms[fields][1]\" >\n\t\t<\/div>\n\t\t<div id=\"wpforms-22672-field_5-container\" class=\"wpforms-field wpforms-field-phone\" data-field-id=\"5\"><label class=\"wpforms-field-label wpforms-label-hide\" for=\"wpforms-22672-field_5\" aria-hidden=\"false\">Telefon <span class=\"wpforms-required-label\" aria-hidden=\"true\">*<\/span><\/label><input type=\"tel\" id=\"wpforms-22672-field_5\" class=\"wpforms-field-large wpforms-field-required wpforms-smart-phone-field\" data-rule-smart-phone-field=\"true\" name=\"wpforms[fields][5]\" aria-label=\"Telefon\" aria-errormessage=\"wpforms-22672-field_5-error\" required><\/div><div id=\"wpforms-22672-field_12-container\" class=\"wpforms-field wpforms-field-hidden\" data-field-id=\"12\"><input type=\"hidden\" id=\"wpforms-22672-field_12\" name=\"wpforms[fields][12]\"><\/div><div id=\"wpforms-22672-field_10-container\" class=\"wpforms-field wpforms-field-hidden\" data-field-id=\"10\"><input type=\"hidden\" id=\"wpforms-22672-field_10\" name=\"wpforms[fields][10]\" value=\"https:\/\/clinicmono.com\/sv\/wp-json\/wp\/v2\/pages\/40977 \"><\/div><div id=\"wpforms-22672-field_15-container\" class=\"wpforms-field wpforms-field-hidden\" data-field-id=\"15\"><input type=\"hidden\" id=\"wpforms-22672-field_15\" name=\"wpforms[fields][15]\" value=\" 216.73.217.63 Columbus, Ohio, US\r\n39.9587, -82.9987 \"><\/div><script>\n\t\t\t\t( function() {\n\t\t\t\t\tconst style = document.createElement( 'style' );\n\t\t\t\t\tstyle.appendChild( document.createTextNode( '#wpforms-22672-field_1-container { position: absolute !important; overflow: hidden !important; display: inline !important; height: 1px !important; width: 1px !important; z-index: -1000 !important; padding: 0 !important; } #wpforms-22672-field_1-container input { visibility: hidden; } #wpforms-conversational-form-page #wpforms-22672-field_1-container label { counter-increment: none; }' ) );\n\t\t\t\t\tdocument.head.appendChild( style );\n\t\t\t\t\tdocument.currentScript?.remove();\n\t\t\t\t} )();\n\t\t\t<\/script><\/div><!-- .wpforms-field-container --><div class=\"wpforms-recaptcha-container wpforms-is-recaptcha wpforms-is-recaptcha-type-v3\" ><input type=\"hidden\" name=\"wpforms[recaptcha]\" value=\"\"><\/div><div class=\"wpforms-submit-container\" ><input type=\"hidden\" name=\"wpforms[id]\" value=\"22672\"><input type=\"hidden\" name=\"page_title\" value=\"\"><input type=\"hidden\" name=\"page_url\" value=\"https:\/\/clinicmono.com\/sv\/wp-json\/wp\/v2\/pages\/40977\"><input type=\"hidden\" name=\"url_referer\" value=\"\"><button type=\"submit\" name=\"wpforms[submit]\" id=\"wpforms-submit-22672\" class=\"wpforms-submit\" data-alt-text=\"Skickar...\" data-submit-text=\"F\u00e5 en kostnadsfri konsultation\" aria-live=\"assertive\" value=\"wpforms-submit\">F\u00e5 en kostnadsfri konsultation<\/button><img decoding=\"async\" src=\"https:\/\/clinicmono.com\/wp-content\/plugins\/wpforms\/assets\/images\/submit-spin.svg\" class=\"wpforms-submit-spinner\" style=\"display: none;\" width=\"26\" height=\"26\" alt=\"Laddar\"><\/div><\/form><\/div>  <!-- .wpforms-container --><\/div><\/div><\/div><\/div><\/div><\/div><\/div><\/div><\/div><\/section><section class=\"l-section wpb_row us_custom_f92a3d92 height_custom\"><div class=\"l-section-h i-cf\"><div class=\"g-cols vc_row via_flex valign_top type_default stacking_default\"><div class=\"vc_col-sm-12 wpb_column vc_column_container\"><div class=\"vc_column-inner\"><div class=\"wpb_wrapper\"><div class=\"g-cols wpb_row us_custom_1b04de86 via_flex valign_top type_default stacking_default\"><div class=\"vc_col-sm-8 wpb_column vc_column_container\"><div class=\"vc_column-inner\"><div class=\"wpb_wrapper\"><div class=\"w-hwrapper valign_top wrap align_left\"><div class=\"wpb_text_column\"><div class=\"wpb_wrapper\"><h4><a href=\"#procedures\">F\u00f6rfarande<\/a><\/h4>\n<\/div><\/div><div class=\"wpb_text_column\"><div class=\"wpb_wrapper\"><h4>|<\/h4>\n<\/div><\/div><div class=\"wpb_text_column\"><div class=\"wpb_wrapper\"><h4><a href=\"#cost\">Kostnad<\/a><\/h4>\n<\/div><\/div><div class=\"wpb_text_column\"><div class=\"wpb_wrapper\"><h4>|<\/h4>\n<\/div><\/div><div class=\"wpb_text_column\"><div class=\"wpb_wrapper\"><h4><a href=\"#clinic\">Klinik<\/a><\/h4>\n<\/div><\/div><div class=\"wpb_text_column\"><div class=\"wpb_wrapper\"><h4>|<\/h4>\n<\/div><\/div><div class=\"wpb_text_column\"><div class=\"wpb_wrapper\"><h4><a href=\"#recovery\">\u00c5terh\u00e4mtning<\/a><\/h4>\n<\/div><\/div><div class=\"wpb_text_column\"><div class=\"wpb_wrapper\"><h4>|<\/h4>\n<\/div><\/div><div class=\"wpb_text_column\"><div class=\"wpb_wrapper\"><h4><a href=\"#reviews\">Recensioner<\/a><\/h4>\n<\/div><\/div><div class=\"wpb_text_column\"><div class=\"wpb_wrapper\"><h4>|<\/h4>\n<\/div><\/div><div class=\"wpb_text_column\"><div class=\"wpb_wrapper\"><h4><a href=\"#surgeons\">Kirurger<\/a><\/h4>\n<\/div><\/div><div class=\"wpb_text_column\"><div class=\"wpb_wrapper\"><h4>|<\/h4>\n<\/div><\/div><div class=\"wpb_text_column\"><div class=\"wpb_wrapper\"><h4><a href=\"#faqs\">Fr\u00e5gor och svar<\/a><\/h4>\n<\/div><\/div><\/div><\/div><\/div><\/div><div class=\"vc_col-sm-4 wpb_column vc_column_container\"><div class=\"vc_column-inner\"><div class=\"wpb_wrapper\"><div class=\"wpb_text_column\"><div class=\"wpb_wrapper\"><h5 style=\"text-align: center;\"><strong>Granskad och godk\u00e4nd av<\/strong><\/h5>\n<\/div><\/div><div class=\"w-separator hide_on_default hide_on_laptops size_medium\"><\/div><\/div><\/div><\/div><\/div><div class=\"w-separator size_small\"><\/div><div class=\"g-cols wpb_row via_flex valign_top type_default stacking_default\" id=\"procedures\"><div class=\"vc_col-sm-12 wpb_column vc_column_container\"><div class=\"vc_column-inner\"><div class=\"wpb_wrapper\"><div class=\"wpb_text_column\"><div class=\"wpb_wrapper\"><h1><b>Inguinal- och navelbr\u00e5ck<\/b><\/h1>\n<p>  Ljumsk- och navelbr\u00e5ck inneb\u00e4r olika utmaningar f\u00f6r bukh\u00e4lsan.<br \/>\nPatienter kan uppleva skarp sm\u00e4rta som str\u00e4cker sig fr\u00e5n naveln till ljumsken, vilket signalerar f\u00f6rekomsten av dessa br\u00e5ck.<br \/>\nInfraumbilikala br\u00e5ck och den s\u00e4llsynta f\u00f6rekomsten av livmoderbr\u00e5ck g\u00f6r diskussionen \u00e4nnu mer komplicerad.<br \/>\nKirurgiska \u00f6verv\u00e4ganden, inklusive samtidiga ingrepp f\u00f6r ljumsk- och navelbr\u00e5ck, ger ett helt\u00e4ckande perspektiv p\u00e5 effektiv medicinsk behandling.<br \/>\nAtt f\u00f6rst\u00e5 dynamiken i br\u00e5ck \u00e4r avg\u00f6rande eftersom dessa tillst\u00e5nd inneb\u00e4r att organ eller mjuka klumpar tr\u00e4nger ut.<br \/>\nPersoner kan till och med uppleva b\u00e5de ljumsk- och navelbr\u00e5ck samtidigt, vilket understryker vikten av att f\u00f6rst\u00e5 dessa tillst\u00e5nd och deras behandlingsalternativ.<br \/>\nBr\u00e5ck uppst\u00e5r n\u00e4r ett organ eller en v\u00e4vnad skjuter ut genom ett f\u00f6rsvagat muskelomr\u00e5de, vilket resulterar i en m\u00e4rkbar utbuktning.<br \/>\nSymtom p\u00e5 br\u00e5ck som l\u00e4cker, t.ex. sm\u00e4rta i navelregionen, kan ocks\u00e5 tyda p\u00e5 komplikationer, vilket understryker behovet av l\u00e4karv\u00e5rd.<br \/>\nKirurgi \u00e4r en vanlig och effektiv behandling f\u00f6r b\u00e5de ljumsk- och navelbr\u00e5ck, och i vissa fall kan samtidig reparation av b\u00e5da typerna rekommenderas.<br \/>\nIngreppet inneb\u00e4r att det utskjutande organet eller v\u00e4vnaden trycks tillbaka p\u00e5 plats och att den f\u00f6rsvagade muskeln f\u00f6rst\u00e4rks.<br \/>\nVissa personer anv\u00e4nder sig av icke-kirurgiska alternativ f\u00f6r att \u00e5tg\u00e4rda navelbr\u00e5ck, men det \u00e4r viktigt att r\u00e5dg\u00f6ra med v\u00e5rdpersonal f\u00f6r att avg\u00f6ra vilken \u00e5tg\u00e4rd som \u00e4r b\u00e4st.<br \/>\nAtt f\u00f6rst\u00e5 br\u00e5cksymtom, oavsett om det r\u00f6r sig om en utbuktning i naveln, ett inf\u00e4llbart br\u00e5ck eller ett icke-inducerbart br\u00e5ck, \u00e4r avg\u00f6rande f\u00f6r snabb diagnos och behandling.<br \/>\n\u00c4ven om utbuktningar i ljumsken och sm\u00e4rta mellan naveln och ljumsken \u00e4r vanliga tecken \u00e4r det viktigt att s\u00f6ka l\u00e4kare f\u00f6r att bed\u00f6ma br\u00e5ckets allvarlighetsgrad och unders\u00f6ka l\u00e4mpliga \u00e5tg\u00e4rder.<br \/>\n\u00c4ven om br\u00e5ck kan orsaka obehag kan snabb l\u00e4karv\u00e5rd och l\u00e4mpliga \u00e5tg\u00e4rder hj\u00e4lpa individer att effektivt hantera och \u00e5terh\u00e4mta sig fr\u00e5n dessa tillst\u00e5nd.<\/p>\n<\/div><\/div><\/div><\/div><\/div><\/div><div class=\"w-separator size_small\"><\/div><div class=\"g-cols wpb_row via_flex valign_top type_default stacking_default\" id=\"clinic\"><div class=\"vc_col-sm-12 wpb_column vc_column_container\"><div class=\"vc_column-inner\"><div class=\"wpb_wrapper\"><div class=\"wpb_text_column\"><div class=\"wpb_wrapper\"><h2><b>Inguinal- och navelbr\u00e5cksprocedurer genom Clinic Mono <\/b><\/h2>\n<p>  Clinic Mono \u00e4r en turistbyr\u00e5 som har ett auktorisationscertifikat f\u00f6r h\u00e4lsoturism och tillhandah\u00e5ller f\u00f6rmedlingstj\u00e4nster och tillhandah\u00e5ller l\u00f6sningar p\u00e5 alla behov och krav fr\u00e5n patienten, s\u00e5som boende, operation, transfer, med m\u00e5nga \u00e5rs erfarenhet, i kontrakterade v\u00e5rdinr\u00e4ttningar.<br \/>\nDessutom fungerar Mono som en mellanhand f\u00f6r att f\u00f6ra dig samman med de kontrakterade kirurgerna.<br \/>\nClinic Mono belyser de viktigaste skillnaderna mellan ljumskbr\u00e5ck och navelbr\u00e5ck, och betonar de unika egenskaperna hos dessa tillst\u00e5nd.<br \/>\nClinic Mono understryker vikten av att ingripa i tid och diskuterar konsekvenserna av obehandlade navelbr\u00e5ck och hur svullnad i br\u00e5cket uppst\u00e5r.<br \/>\nOm du brottas med obehaget av ljumsk- och navelbr\u00e5ck framst\u00e5r Clinic Mono, som medlare, som det optimala valet f\u00f6r specialiserad och medm\u00e4nsklig behandling.<br \/>\nClinic Monos kontrakterade medicinska team tar itu med dessa problem med expertis.<br \/>\nKirurgerna p\u00e5 Clinic Mono \u00e4r medvetna om hur komplicerat det \u00e4r med br\u00e5ck i magmusklerna, \u00e4ven p\u00e5 h\u00f6ger sida av magen.<br \/>\nObehandlade br\u00e5ck och mjuka kn\u00f6lar i naveln \u00e5tg\u00e4rdas med precision.        Clinic Mono utm\u00e4rker sig genom att erbjuda personliga l\u00f6sningar och ta itu med ett spektrum av br\u00e5ckrelaterade problem.<br \/>\nDen avancerade tekniken och engagemanget f\u00f6r patientens v\u00e4lbefinnande vid Clinic Monos kontrakterade v\u00e5rdinr\u00e4ttningar g\u00f6r Clinic Mono till det sj\u00e4lvklara valet f\u00f6r br\u00e5ckv\u00e5rd.<br \/>\nFr\u00e5n de f\u00f6rsta tecknen och symtomen p\u00e5 br\u00e5ck till orsakerna och potentiella komplikationer &#8211; Monos samarbetande experter guidar dig genom varje steg.<br \/>\nLita p\u00e5 att Monos kontrakterade kliniker kan lindra sm\u00e4rta fr\u00e5n naveln till ljumsken och effektivt hantera br\u00e5ck i magmusklerna eller nedre v\u00e4nstra delen av buken.<br \/>\nClinic Mono specialiserar sig p\u00e5 olika br\u00e5ck, inklusive navelbr\u00e5ck, och tillhandah\u00e5ller v\u00e5rd f\u00f6r br\u00e5ck efter f\u00f6rlossning.<br \/>\nMed fokus p\u00e5 individuella behandlingsplaner ser Clinic Mono till att du f\u00e5r den uppm\u00e4rksamhet du f\u00f6rtj\u00e4nar.<br \/>\nOm du upplever sm\u00e4rta fr\u00e5n naveln till ljumsken eller \u00e4r nyfiken p\u00e5 hur br\u00e5ck k\u00e4nns, \u00e4r Monos kontrakterade medicinska team h\u00e4r f\u00f6r att ge dig grundliga svar och omfattande v\u00e5rd.<\/p>\n<\/div><\/div><\/div><\/div><\/div><\/div><div class=\"w-separator size_small\"><\/div><div class=\"g-cols wpb_row via_flex valign_top type_default stacking_default\" id=\"surgeons\"><div class=\"vc_col-sm-12 wpb_column vc_column_container\"><div class=\"vc_column-inner\"><div class=\"wpb_wrapper\"><div class=\"wpb_text_column\"><div class=\"wpb_wrapper\"><h2><b>B\u00e4sta kirurgerna f\u00f6r ljumsk- och navelbr\u00e5ck i Turkiet<\/b><\/h2>\n<p>  Vid ljumsk- och navelbr\u00e5ck kan betydelsen av skickliga kirurger inte \u00f6verskattas.<br \/>\nKirurger spelar en central roll vid br\u00e5ckreparation och s\u00e4kerst\u00e4ller exakt diagnos, personliga behandlingsplaner och framg\u00e5ngsrika resultat.<br \/>\nClinic Mono samarbetar med de b\u00e4sta ljumsk- och navelbr\u00e5ckskirurgerna i Turkiet p\u00e5 Clinic Mono.<br \/>\nClinic Monos kontrakterade medicinska team tar itu med br\u00e5ckrelaterade problem, fr\u00e5n symtom hos kvinnor till br\u00e5ck i nedre delen av magen.<br \/>\nKirurgerna, som presenteras p\u00e5 v\u00e5r webbplats, har stor erfarenhet av varje ingrepp.<br \/>\nKlicka p\u00e5 l\u00e4nkarna till deras sidor f\u00f6r att l\u00e4ra dig mer om deras expertis.<br \/>\nLita p\u00e5 Clinic Mono och dess kontrakterade kirurger f\u00f6r f\u00f6rstklassig v\u00e5rd vid br\u00e5ckbehandling.<\/p>\n<\/div><\/div><\/div><\/div><\/div><\/div><div class=\"w-separator size_small\"><\/div><div class=\"g-cols wpb_row via_flex valign_top type_default stacking_default\" id=\"cost\"><div class=\"vc_col-sm-12 wpb_column vc_column_container\"><div class=\"vc_column-inner\"><div class=\"wpb_wrapper\"><div class=\"wpb_text_column\"><div class=\"wpb_wrapper\"><h2><b>Priser f\u00f6r behandling av ljumsk- och navelbr\u00e5ck i Turkiet<\/b><\/h2>\n<p>  Turkiet \u00e4r den f\u00f6rsta adressen f\u00f6r behandling av ljumsk- och navelbr\u00e5ck och erbjuder mycket f\u00f6rdelaktiga priser f\u00f6r detta omfattande medicinska ingrepp.  <span style=\"font-weight: 400;\">Patienter kan f\u00e5 sina behandlingar med de rimliga priserna f\u00f6r ljumsk- och navelbr\u00e5cksbehandlingar genom Clinic Mono i Turkiet.<br \/>\nClinic Mono, som \u00e4r en medlare k\u00e4nd \u00f6ver hela v\u00e4rlden, erbjuder kostnadseffektiva l\u00f6sningar utan att kompromissa med kvaliteten.<br \/>\nClinic Monos kontrakterade expertkirurger och toppmoderna faciliteter vid de samarbetande v\u00e5rdinr\u00e4ttningarna g\u00f6r det till det b\u00e4sta valet.   Upplev br\u00e5ckv\u00e5rd i v\u00e4rldsklass till en br\u00e5kdel av kostnaden. Det \u00e4r f\u00f6rdelen med Clinic Mono.<\/span><\/p>\n<\/div><\/div><\/div><\/div><\/div><\/div><div class=\"w-separator size_small\"><\/div><div class=\"g-cols wpb_row via_flex valign_top type_default stacking_default\"><div class=\"vc_col-sm-12 wpb_column vc_column_container\"><div class=\"vc_column-inner\"><div class=\"wpb_wrapper\"><div class=\"w-html\"><table class=\"customTable\">\n  <thead>\n    <tr>\n      <th>Typ av procedur<\/th><th>Mono<\/th><th>Kostnad UK<\/th><th>Kostnad EU<\/th><th>Kostnad USA<\/th>\n    <\/tr>\n  <\/thead>\n  <tbody>\n    <tr>\n      <td>Ljumsk- och navelbr\u00e5ck<\/td><td>\u00a32500-\u00a33500<\/td>\n      <td><\/td>\n      <td><\/td>\n      <td><\/td>\n    <\/tr>\n  <\/tbody>\n<\/table><\/div><\/div><\/div><\/div><\/div><div class=\"w-separator size_small\"><\/div><div class=\"g-cols wpb_row via_flex valign_top type_default stacking_default\" id=\"reviews\"><div class=\"vc_col-sm-12 wpb_column vc_column_container\"><div class=\"vc_column-inner\"><div class=\"wpb_wrapper\"><div class=\"wpb_text_column\"><div class=\"wpb_wrapper\"><h2><b>Behandling av ljumsk- och navelbr\u00e5ck Turkiet Recensioner<\/b><\/h2>\n<p>  N\u00e4r man \u00f6verv\u00e4ger ett s\u00e5dant f\u00f6rfarande i ett fr\u00e4mmande land som Turkiet \u00e4r det mycket viktigt att v\u00e4lja en ansedd institution med ett auktorisationscertifikat f\u00f6r h\u00e4lsoturism och att v\u00e4lja l\u00e4kare.<br \/>\nDu kan l\u00e4sa opartiska och tillf\u00f6rlitliga recensioner f\u00f6r behandlingar av ljumsk- och navelbr\u00e5ck genom Clinic Mono i Turkiet.<br \/>\nPatienter som har f\u00e5tt sin behandling genom Clinic Mono delar med sig av sina insikter om ljumskbr\u00e5ckssymtom hos kvinnor, sm\u00e4rta fr\u00e5n naveln till ljumsken och mycket mer.<br \/>\nClinic Mono \u00e4r stolta \u00f6ver att tillhandah\u00e5lla transparenta och \u00e4kta recensioner av ljumsk- och navelbr\u00e5cksbehandlingar.<\/p>\n<\/div><\/div><\/div><\/div><\/div><\/div><div class=\"w-separator size_small\"><\/div><div class=\"g-cols wpb_row via_flex valign_top type_default stacking_default\" id=\"faqs\"><div class=\"vc_col-sm-12 wpb_column vc_column_container\"><div class=\"vc_column-inner\"><div class=\"wpb_wrapper\"><div class=\"wpb_text_column\"><div class=\"wpb_wrapper\"><h2><b>Ljumsk- och navelbr\u00e5ck Vanliga fr\u00e5gor och svar<\/b><\/h2>\n<\/div><\/div><\/div><\/div><\/div><\/div><div class=\"w-separator size_small\"><\/div><div class=\"w-tabs style_default switch_click accordion has_scrolling\" style=\"--sections-title-size:inherit\"><div class=\"w-tabs-sections titles-align_none icon_chevron cpos_right\"><div class=\"w-tabs-section\" id=\"zd27\"><button class=\"w-tabs-section-header\" aria-controls=\"content-zd27\" aria-expanded=\"false\"><div class=\"w-tabs-section-title\">Var f\u00e5r man br\u00e5ck?<\/div><div class=\"w-tabs-section-control\"><\/div><\/button><div  class=\"w-tabs-section-content\" id=\"content-zd27\"><div class=\"w-tabs-section-content-h i-cf\"><div class=\"wpb_text_column\"><div class=\"wpb_wrapper\"><p>Br\u00e5ck kan uppst\u00e5 p\u00e5 olika st\u00e4llen, bland annat i b\u00e4ckenregionen.<br \/>\nAtt k\u00e4nna igen symtom som en buktning i buken, inte ett br\u00e5ck eller sm\u00e4rta mellan naveln och ljumsken, \u00e4r avg\u00f6rande.<br \/>\nClinic Monos kontrakterade institutioner erbjuder insikter i mindre br\u00e5ck, reducerbara br\u00e5ck och riskerna med att l\u00e4mna ljumskbr\u00e5ck obehandlade.<\/p>\n<\/div><\/div><\/div><\/div><\/div><div class=\"w-tabs-section\" id=\"lf5a\"><button class=\"w-tabs-section-header\" aria-controls=\"content-lf5a\" aria-expanded=\"false\"><div class=\"w-tabs-section-title\">Vad orsakar ett br\u00e5ck?<\/div><div class=\"w-tabs-section-control\"><\/div><\/button><div  class=\"w-tabs-section-content\" id=\"content-lf5a\"><div class=\"w-tabs-section-content-h i-cf\"><div class=\"wpb_text_column\"><div class=\"wpb_wrapper\"><p>Att k\u00e4nna igen symtom p\u00e5 br\u00e5cksm\u00e4rta, en utbuktning i tarmen eller varf\u00f6r naveln sticker ut ger viktiga insikter.<br \/>\nClinic Mono \u00e4r din guide till att f\u00f6rst\u00e5 hur illa ett br\u00e5ck kan vara och vikten av att ingripa i tid f\u00f6r att f\u00f6rhindra inflammation eller att ett br\u00e5ck blir st\u00f6rre.<\/p>\n<\/div><\/div><\/div><\/div><\/div><div class=\"w-tabs-section\" id=\"e150\"><button class=\"w-tabs-section-header\" aria-controls=\"content-e150\" aria-expanded=\"false\"><div class=\"w-tabs-section-title\">Var sitter br\u00e5cken vanligtvis?<\/div><div class=\"w-tabs-section-control\"><\/div><\/button><div  class=\"w-tabs-section-content\" id=\"content-e150\"><div class=\"w-tabs-section-content-h i-cf\"><div class=\"wpb_text_column\"><div class=\"wpb_wrapper\"><p><span style=\"font-weight: 400;\">Br\u00e5ck kan uppst\u00e5 p\u00e5 olika st\u00e4llen, men orsakar ofta sm\u00e4rta mellan naveln och ljumsken.<\/span><\/p>\n<\/div><\/div><\/div><\/div><\/div><\/div><\/div><\/div><\/div><\/div><\/div><\/div><\/section>\n","protected":false},"excerpt":{"rendered":"Inguinal- och navelbr\u00e5ck Klinik MonoSidor\u00d6versikt \u00f6ver f\u00f6rfarandenF\u00f6rfarandeOperationens l\u00e4ngdSjukhusvistelseAnestesiF\u00e5 en kostnadsfri konsultationAktivera JavaScript i din webbl\u00e4sare f\u00f6r att fylla i formul\u00e4ret.Aktivera JavaScript i din webbl\u00e4sare f\u00f6r att fylla i formul\u00e4ret.Namn * Namn f\u00f6r Sidans Telefon *F\u00e5 en kostnadsfri konsultation F\u00f6rfarande | Kostnad | Klinik | \u00c5terh\u00e4mtning | Recensioner | Kirurger | Fr\u00e5gor och svar Granskad och...","protected":false},"author":1,"featured_media":122636,"parent":37168,"menu_order":0,"comment_status":"closed","ping_status":"closed","template":"","meta":{"_mi_skip_tracking":false,"_monsterinsights_sitenote_active":false,"_monsterinsights_sitenote_note":"","_monsterinsights_sitenote_category":0,"_uf_show_specific_survey":0,"_uf_disable_surveys":false,"footnotes":""},"procedure":[321],"class_list":["post-40977","page","type-page","status-publish","has-post-thumbnail","hentry","procedure-general-surgery"],"_links":{"self":[{"href":"https:\/\/clinicmono.com\/sv\/wp-json\/wp\/v2\/pages\/40977","targetHints":{"allow":["GET"]}}],"collection":[{"href":"https:\/\/clinicmono.com\/sv\/wp-json\/wp\/v2\/pages"}],"about":[{"href":"https:\/\/clinicmono.com\/sv\/wp-json\/wp\/v2\/types\/page"}],"author":[{"embeddable":true,"href":"https:\/\/clinicmono.com\/sv\/wp-json\/wp\/v2\/users\/1"}],"replies":[{"embeddable":true,"href":"https:\/\/clinicmono.com\/sv\/wp-json\/wp\/v2\/comments?post=40977"}],"version-history":[{"count":0,"href":"https:\/\/clinicmono.com\/sv\/wp-json\/wp\/v2\/pages\/40977\/revisions"}],"up":[{"embeddable":true,"href":"https:\/\/clinicmono.com\/sv\/wp-json\/wp\/v2\/pages\/37168"}],"wp:featuredmedia":[{"embeddable":true,"href":"https:\/\/clinicmono.com\/sv\/wp-json\/wp\/v2\/media\/122636"}],"wp:attachment":[{"href":"https:\/\/clinicmono.com\/sv\/wp-json\/wp\/v2\/media?parent=40977"}],"wp:term":[{"taxonomy":"procedure","embeddable":true,"href":"https:\/\/clinicmono.com\/sv\/wp-json\/wp\/v2\/procedure?post=40977"}],"curies":[{"name":"wp","href":"https:\/\/api.w.org\/{rel}","templated":true}]}}