{"id":38888,"date":"2023-06-16T11:39:20","date_gmt":"2023-06-16T11:39:20","guid":{"rendered":"https:\/\/clinicmono.com\/lakare\/"},"modified":"2025-11-05T13:06:32","modified_gmt":"2025-11-05T13:06:32","slug":"lakare","status":"publish","type":"page","link":"https:\/\/clinicmono.com\/sv\/lakare\/","title":{"rendered":"Avtalade institutioner"},"content":{"rendered":"<section class=\"l-section wpb_row height_custom width_full with_img\"><div class=\"l-section-img\" role=\"img\" aria-label=\"Bild\" data-img-width=\"1060\" data-img-height=\"706\" style=\"background-image: url(https:\/\/clinicmono.com\/wp-content\/uploads\/2023\/05\/doctor-with-stethoscope-hands-hospital-background_1423-1.webp);background-repeat: no-repeat;\"><\/div><div class=\"l-section-overlay\" style=\"background:var(--color-content-overlay)\"><\/div><div class=\"l-section-h i-cf\"><div class=\"g-cols vc_row via_flex valign_top type_default stacking_default\"><div class=\"vc_col-sm-12 wpb_column vc_column_container\"><div class=\"vc_column-inner\"><div class=\"wpb_wrapper\"><div class=\"wpb_text_column\"><div class=\"wpb_wrapper\"><div class=\"elementor-element elementor-element-9b7794f elementor-widget elementor-widget-heading\" style=\"text-align: center;\" data-id=\"9b7794f\" data-element_type=\"widget\" data-widget_type=\"heading.default\">\n<div class=\"elementor-widget-container\">\n<h1 class=\"elementor-heading-title elementor-size-default\"><span style=\"color: #ffffff;\">Avtalade institutioner<\/span><\/h1>\n<\/div>\n<\/div>\n<\/div><\/div><nav class=\"g-breadcrumbs separator_icon align_center\" itemscope itemtype=\"http:\/\/schema.org\/BreadcrumbList\"><div class=\"g-breadcrumbs-item\" itemscope itemprop=\"itemListElement\" itemtype=\"http:\/\/schema.org\/ListItem\"><a itemprop=\"item\" href=\"https:\/\/clinicmono.com\/sv\/\"><span itemprop=\"name\">Klinik Mono<\/span><\/a><meta itemprop=\"position\" content=\"1\"\/><\/div><div class=\"g-breadcrumbs-separator\"><i class=\"far fa-angle-double-right\"><\/i><\/div><div class=\"g-breadcrumbs-item\">Sidor<\/div><\/nav><\/div><\/div><\/div><\/div><\/div><\/section><section class=\"l-section wpb_row height_custom\"><div class=\"l-section-h i-cf\"><div class=\"g-cols vc_row via_flex valign_top type_default stacking_default\"><div class=\"vc_col-sm-12 wpb_column vc_column_container\"><div class=\"vc_column-inner\"><div class=\"wpb_wrapper\"><div class=\"wpb_text_column\"><div class=\"wpb_wrapper\"><h2 class=\"elementor-heading-title elementor-size-default\" style=\"text-align: center;\">M\u00f6t v\u00e5r expert<br \/>\nAvtalade institutioner<\/h2>\n<\/div><\/div><\/div><\/div><\/div><\/div><\/div><\/section><section class=\"l-section wpb_row us_custom_e26ec890 height_custom\"><div class=\"l-section-h i-cf\"><div class=\"g-cols vc_row via_flex valign_top type_default stacking_default\"><div class=\"vc_col-sm-4 wpb_column vc_column_container\"><div class=\"vc_column-inner\"><div class=\"wpb_wrapper\"><div class=\"w-person layout_trendy\" itemscope itemtype=\"https:\/\/schema.org\/Person\"><div class=\"w-person-image\"><a title=\"M. D. Eren Ers\u00f6z\" href=\"https:\/\/clinicmono.com\/sv\/lakare\/m-d-eren-ersoz\/\" class=\"w-person-link\" aria-label=\"M. D. Eren ERS\u00d6Z\"><img decoding=\"async\" width=\"981\" height=\"981\" src=\"https:\/\/clinicmono.com\/wp-content\/uploads\/2023\/05\/Eren-Ersoz981-981.jpg\" class=\"attachment-large size-large\" alt=\"\" itemprop=\"image\" srcset=\"https:\/\/clinicmono.com\/wp-content\/uploads\/2023\/05\/Eren-Ersoz981-981.jpg 981w, https:\/\/clinicmono.com\/wp-content\/uploads\/2023\/05\/Eren-Ersoz981-981-600x600.jpg 600w, https:\/\/clinicmono.com\/wp-content\/uploads\/2023\/05\/Eren-Ersoz981-981-300x300.jpg 300w, https:\/\/clinicmono.com\/wp-content\/uploads\/2023\/05\/Eren-Ersoz981-981-400x400.jpg 400w, https:\/\/clinicmono.com\/wp-content\/uploads\/2023\/05\/Eren-Ersoz981-981-150x150.jpg 150w\" sizes=\"(max-width: 981px) 100vw, 981px\" \/><\/a><\/div><div class=\"w-person-content\"><h4 itemprop=\"name\" class=\"w-person-name\"><a title=\"M. D. Eren Ers\u00f6z\" href=\"https:\/\/clinicmono.com\/sv\/lakare\/m-d-eren-ersoz\/\" class=\"w-person-link\" aria-label=\"M. D. Eren ERS\u00d6Z\"><span>M. D. Eren ERS\u00d6Z<\/span><\/a><\/h4><div class=\"w-person-role\" itemprop=\"jobTitle\">PLASTIKKIRURGI OCH ESTETISK KIRURGI<\/div><\/div><\/div><div class=\"w-separator size_medium\"><\/div><div class=\"w-person layout_trendy\" itemscope itemtype=\"https:\/\/schema.org\/Person\"><div class=\"w-person-image\"><a title=\"M. D. \u00c7a\u011flar ERTEK\u0130N\" href=\"https:\/\/clinicmono.com\/sv\/lakare\/m-d-caglar-ertekin\/\" class=\"w-person-link\" aria-label=\"M. D. \u00c7a\u011flar ERTEK\u0130N\"><img decoding=\"async\" width=\"970\" height=\"970\" src=\"https:\/\/clinicmono.com\/wp-content\/uploads\/2023\/05\/caglar981-981.png\" class=\"attachment-large size-large\" alt=\"\" itemprop=\"image\" srcset=\"https:\/\/clinicmono.com\/wp-content\/uploads\/2023\/05\/caglar981-981.png 970w, https:\/\/clinicmono.com\/wp-content\/uploads\/2023\/05\/caglar981-981-600x600.png 600w, https:\/\/clinicmono.com\/wp-content\/uploads\/2023\/05\/caglar981-981-300x300.png 300w, https:\/\/clinicmono.com\/wp-content\/uploads\/2023\/05\/caglar981-981-400x400.png 400w, https:\/\/clinicmono.com\/wp-content\/uploads\/2023\/05\/caglar981-981-150x150.png 150w\" sizes=\"(max-width: 970px) 100vw, 970px\" \/><\/a><\/div><div class=\"w-person-content\"><h4 itemprop=\"name\" class=\"w-person-name\"><a title=\"M. D. \u00c7a\u011flar ERTEK\u0130N\" href=\"https:\/\/clinicmono.com\/sv\/lakare\/m-d-caglar-ertekin\/\" class=\"w-person-link\" aria-label=\"M. D. \u00c7a\u011flar ERTEK\u0130N\"><span>M. D. \u00c7a\u011flar ERTEK\u0130N<\/span><\/a><\/h4><div class=\"w-person-role\" itemprop=\"jobTitle\">ALLM\u00c4N OCH BARIATRISK KIRURG<\/div><\/div><\/div><div class=\"w-separator size_medium\"><\/div><div class=\"w-person layout_trendy\" itemscope itemtype=\"https:\/\/schema.org\/Person\"><div class=\"w-person-image\"><a title=\"Dr. Alper TEM\u0130Z\" href=\"https:\/\/clinicmono.com\/sv\/lakare\/dr-dt-alper-temiz\/\" class=\"w-person-link\" aria-label=\"Dr. Alper TEM\u0130Z\"><img decoding=\"async\" width=\"981\" height=\"981\" src=\"https:\/\/clinicmono.com\/wp-content\/uploads\/2023\/04\/Alper-981x981-1.jpg\" class=\"attachment-large size-large\" alt=\"\" itemprop=\"image\" srcset=\"https:\/\/clinicmono.com\/wp-content\/uploads\/2023\/04\/Alper-981x981-1.jpg 981w, https:\/\/clinicmono.com\/wp-content\/uploads\/2023\/04\/Alper-981x981-1-500x500.jpg 500w, https:\/\/clinicmono.com\/wp-content\/uploads\/2023\/04\/Alper-981x981-1-600x600.jpg 600w, https:\/\/clinicmono.com\/wp-content\/uploads\/2023\/04\/Alper-981x981-1-300x300.jpg 300w, https:\/\/clinicmono.com\/wp-content\/uploads\/2023\/04\/Alper-981x981-1-400x400.jpg 400w, https:\/\/clinicmono.com\/wp-content\/uploads\/2023\/04\/Alper-981x981-1-150x150.jpg 150w\" sizes=\"(max-width: 981px) 100vw, 981px\" \/><\/a><\/div><div class=\"w-person-content\"><h4 itemprop=\"name\" class=\"w-person-name\"><a title=\"Dr. Alper TEM\u0130Z\" href=\"https:\/\/clinicmono.com\/sv\/lakare\/dr-dt-alper-temiz\/\" class=\"w-person-link\" aria-label=\"Dr. Alper TEM\u0130Z\"><span>Dr. Alper TEM\u0130Z<\/span><\/a><\/h4><div class=\"w-person-role\" itemprop=\"jobTitle\">KOSMETISK TANDV\u00c5RD<\/div><\/div><\/div><\/div><\/div><\/div><div class=\"vc_col-sm-4 wpb_column vc_column_container\"><div class=\"vc_column-inner\"><div class=\"wpb_wrapper\"><div class=\"w-person layout_trendy\" itemscope itemtype=\"https:\/\/schema.org\/Person\"><div class=\"w-person-image\"><a title=\"M. D. Deniz YILDIRIM\" href=\"https:\/\/clinicmono.com\/sv\/lakare\/m-d-deniz-yildirim\/\" class=\"w-person-link\" aria-label=\"M. D. Deniz YILDIRIM\"><img decoding=\"async\" width=\"981\" height=\"981\" src=\"https:\/\/clinicmono.com\/wp-content\/uploads\/2023\/05\/deniz-yildirim981-981.jpg\" class=\"attachment-large size-large\" alt=\"\" itemprop=\"image\" srcset=\"https:\/\/clinicmono.com\/wp-content\/uploads\/2023\/05\/deniz-yildirim981-981.jpg 981w, https:\/\/clinicmono.com\/wp-content\/uploads\/2023\/05\/deniz-yildirim981-981-600x600.jpg 600w, https:\/\/clinicmono.com\/wp-content\/uploads\/2023\/05\/deniz-yildirim981-981-300x300.jpg 300w, https:\/\/clinicmono.com\/wp-content\/uploads\/2023\/05\/deniz-yildirim981-981-400x400.jpg 400w, https:\/\/clinicmono.com\/wp-content\/uploads\/2023\/05\/deniz-yildirim981-981-150x150.jpg 150w\" sizes=\"(max-width: 981px) 100vw, 981px\" \/><\/a><\/div><div class=\"w-person-content\"><h4 itemprop=\"name\" class=\"w-person-name\"><a title=\"M. D. Deniz YILDIRIM\" href=\"https:\/\/clinicmono.com\/sv\/lakare\/m-d-deniz-yildirim\/\" class=\"w-person-link\" aria-label=\"M. D. Deniz YILDIRIM\"><span>M. D. Deniz YILDIRIM<\/span><\/a><\/h4><div class=\"w-person-role\" itemprop=\"jobTitle\">PLASTIKKIRURGI OCH ESTETISK KIRURGI<\/div><\/div><\/div><div class=\"w-separator size_medium\"><\/div><div class=\"w-person layout_trendy\" itemscope itemtype=\"https:\/\/schema.org\/Person\"><div class=\"w-person-image\"><a title=\"Dt. \u00c7a\u011fr\u0131 DEREL\u0130\" href=\"https:\/\/clinicmono.com\/sv\/lakare\/m-d-ergin-erdogan\/\" class=\"w-person-link\" aria-label=\"M.D. Ergin ERDO\u011eAN\"><img decoding=\"async\" width=\"1024\" height=\"1024\" src=\"https:\/\/clinicmono.com\/wp-content\/uploads\/2023\/11\/ergin-Kopya-1024x1024.jpeg\" class=\"attachment-large size-large\" alt=\"\" itemprop=\"image\" srcset=\"https:\/\/clinicmono.com\/wp-content\/uploads\/2023\/11\/ergin-Kopya-1024x1024.jpeg 1024w, https:\/\/clinicmono.com\/wp-content\/uploads\/2023\/11\/ergin-Kopya-600x600.jpeg 600w, https:\/\/clinicmono.com\/wp-content\/uploads\/2023\/11\/ergin-Kopya-300x300.jpeg 300w, https:\/\/clinicmono.com\/wp-content\/uploads\/2023\/11\/ergin-Kopya-400x400.jpeg 400w, https:\/\/clinicmono.com\/wp-content\/uploads\/2023\/11\/ergin-Kopya-150x150.jpeg 150w, https:\/\/clinicmono.com\/wp-content\/uploads\/2023\/11\/ergin-Kopya.jpeg 1066w\" sizes=\"(max-width: 1024px) 100vw, 1024px\" \/><\/a><\/div><div class=\"w-person-content\"><h4 itemprop=\"name\" class=\"w-person-name\"><a title=\"Dt. \u00c7a\u011fr\u0131 DEREL\u0130\" href=\"https:\/\/clinicmono.com\/sv\/lakare\/m-d-ergin-erdogan\/\" class=\"w-person-link\" aria-label=\"M.D. Ergin ERDO\u011eAN\"><span>M.D. Ergin ERDO\u011eAN<\/span><\/a><\/h4><div class=\"w-person-role\" itemprop=\"jobTitle\">PLASTIKKIRURGI OCH ESTETISK KIRURGI<\/div><\/div><\/div><div class=\"w-separator size_medium\"><\/div><div class=\"w-person layout_trendy\" itemscope itemtype=\"https:\/\/schema.org\/Person\"><div class=\"w-person-image\"><a title=\"Dr. Alper TEM\u0130Z\" href=\"https:\/\/clinicmono.com\/sv\/lakare\/m-d-serbay-gurel\/\" class=\"w-person-link\" aria-label=\"M. D. Serbay G\u00dcREL\"><img decoding=\"async\" width=\"1024\" height=\"1024\" src=\"https:\/\/clinicmono.com\/wp-content\/uploads\/2024\/03\/serbay_gurel_pp-1024x1024.jpg\" class=\"attachment-large size-large\" alt=\"\" itemprop=\"image\" srcset=\"https:\/\/clinicmono.com\/wp-content\/uploads\/2024\/03\/serbay_gurel_pp-1024x1024.jpg 1024w, https:\/\/clinicmono.com\/wp-content\/uploads\/2024\/03\/serbay_gurel_pp-600x600.jpg 600w, https:\/\/clinicmono.com\/wp-content\/uploads\/2024\/03\/serbay_gurel_pp-300x300.jpg 300w, https:\/\/clinicmono.com\/wp-content\/uploads\/2024\/03\/serbay_gurel_pp-500x500.jpg 500w, https:\/\/clinicmono.com\/wp-content\/uploads\/2024\/03\/serbay_gurel_pp-400x400.jpg 400w, https:\/\/clinicmono.com\/wp-content\/uploads\/2024\/03\/serbay_gurel_pp-150x150.jpg 150w, https:\/\/clinicmono.com\/wp-content\/uploads\/2024\/03\/serbay_gurel_pp.jpg 1080w\" sizes=\"(max-width: 1024px) 100vw, 1024px\" \/><\/a><\/div><div class=\"w-person-content\"><h4 itemprop=\"name\" class=\"w-person-name\"><a title=\"Dr. Alper TEM\u0130Z\" href=\"https:\/\/clinicmono.com\/sv\/lakare\/m-d-serbay-gurel\/\" class=\"w-person-link\" aria-label=\"M. D. Serbay G\u00dcREL\"><span>M. D. Serbay G\u00dcREL<\/span><\/a><\/h4><div class=\"w-person-role\" itemprop=\"jobTitle\">Dermatologi och kosmetologi<\/div><\/div><\/div><\/div><\/div><\/div><div class=\"vc_col-sm-4 wpb_column vc_column_container\"><div class=\"vc_column-inner\"><div class=\"wpb_wrapper\"><div class=\"w-person layout_trendy\" itemscope itemtype=\"https:\/\/schema.org\/Person\"><div class=\"w-person-image\"><a title=\"M. D. Nazmi YO\u011eURT\u00c7U\" href=\"https:\/\/clinicmono.com\/sv\/lakare\/m-d-nazmi-yogurtcu\/\" class=\"w-person-link\" aria-label=\"M. D. Nazmi YO\u011eURT\u00c7U\"><img decoding=\"async\" width=\"981\" height=\"981\" src=\"https:\/\/clinicmono.com\/wp-content\/uploads\/2023\/05\/nazmi-yogurtcu981-981.jpg\" class=\"attachment-large size-large\" alt=\"\" itemprop=\"image\" srcset=\"https:\/\/clinicmono.com\/wp-content\/uploads\/2023\/05\/nazmi-yogurtcu981-981.jpg 981w, https:\/\/clinicmono.com\/wp-content\/uploads\/2023\/05\/nazmi-yogurtcu981-981-600x600.jpg 600w, https:\/\/clinicmono.com\/wp-content\/uploads\/2023\/05\/nazmi-yogurtcu981-981-300x300.jpg 300w, https:\/\/clinicmono.com\/wp-content\/uploads\/2023\/05\/nazmi-yogurtcu981-981-400x400.jpg 400w, https:\/\/clinicmono.com\/wp-content\/uploads\/2023\/05\/nazmi-yogurtcu981-981-150x150.jpg 150w\" sizes=\"(max-width: 981px) 100vw, 981px\" \/><\/a><\/div><div class=\"w-person-content\"><h4 itemprop=\"name\" class=\"w-person-name\"><a title=\"M. D. Nazmi YO\u011eURT\u00c7U\" href=\"https:\/\/clinicmono.com\/sv\/lakare\/m-d-nazmi-yogurtcu\/\" class=\"w-person-link\" aria-label=\"M. D. Nazmi YO\u011eURT\u00c7U\"><span>M. D. Nazmi YO\u011eURT\u00c7U<\/span><\/a><\/h4><div class=\"w-person-role\" itemprop=\"jobTitle\">PLASTIKKIRURGI OCH ESTETISK KIRURGI<\/div><\/div><\/div><div class=\"w-separator size_medium\"><\/div><div class=\"w-person layout_trendy\" itemscope itemtype=\"https:\/\/schema.org\/Person\"><div class=\"w-person-image\"><a title=\"Dt. \u00c7a\u011fr\u0131 DEREL\u0130\" href=\"https:\/\/clinicmono.com\/sv\/lakare\/dt-cagri-dereli\/\" class=\"w-person-link\" aria-label=\"Dt. \u00c7a\u011fr\u0131 DEREL\u0130\"><img decoding=\"async\" width=\"981\" height=\"981\" src=\"https:\/\/clinicmono.com\/wp-content\/uploads\/2023\/05\/cagri-dereli-981-981.jpg\" class=\"attachment-large size-large\" alt=\"\" itemprop=\"image\" srcset=\"https:\/\/clinicmono.com\/wp-content\/uploads\/2023\/05\/cagri-dereli-981-981.jpg 981w, https:\/\/clinicmono.com\/wp-content\/uploads\/2023\/05\/cagri-dereli-981-981-600x600.jpg 600w, https:\/\/clinicmono.com\/wp-content\/uploads\/2023\/05\/cagri-dereli-981-981-300x300.jpg 300w, https:\/\/clinicmono.com\/wp-content\/uploads\/2023\/05\/cagri-dereli-981-981-400x400.jpg 400w, https:\/\/clinicmono.com\/wp-content\/uploads\/2023\/05\/cagri-dereli-981-981-150x150.jpg 150w\" sizes=\"(max-width: 981px) 100vw, 981px\" \/><\/a><\/div><div class=\"w-person-content\"><h4 itemprop=\"name\" class=\"w-person-name\"><a title=\"Dt. \u00c7a\u011fr\u0131 DEREL\u0130\" href=\"https:\/\/clinicmono.com\/sv\/lakare\/dt-cagri-dereli\/\" class=\"w-person-link\" aria-label=\"Dt. \u00c7a\u011fr\u0131 DEREL\u0130\"><span>Dt. \u00c7a\u011fr\u0131 DEREL\u0130<\/span><\/a><\/h4><div class=\"w-person-role\" itemprop=\"jobTitle\">KOSMETISK TANDV\u00c5RD<\/div><\/div><\/div><div class=\"w-separator size_medium\"><\/div><div class=\"w-person layout_trendy\" itemscope itemtype=\"https:\/\/schema.org\/Person\"><div class=\"w-person-image\"><a title=\"Dt. \u00c7a\u011fr\u0131 DEREL\u0130\" href=\"https:\/\/clinicmono.com\/sv\/lakare\/dt-burak-anil-sarp\/\" class=\"w-person-link\" aria-label=\"Dt. Burak Anil Sarp\"><img decoding=\"async\" width=\"1024\" height=\"1024\" src=\"https:\/\/clinicmono.com\/wp-content\/uploads\/2025\/05\/burakanilsarp-1024x1024.jpg\" class=\"attachment-large size-large\" alt=\"\" itemprop=\"image\" srcset=\"https:\/\/clinicmono.com\/wp-content\/uploads\/2025\/05\/burakanilsarp-1024x1024.jpg 1024w, https:\/\/clinicmono.com\/wp-content\/uploads\/2025\/05\/burakanilsarp-600x600.jpg 600w, https:\/\/clinicmono.com\/wp-content\/uploads\/2025\/05\/burakanilsarp-300x300.jpg 300w, https:\/\/clinicmono.com\/wp-content\/uploads\/2025\/05\/burakanilsarp-500x500.jpg 500w, https:\/\/clinicmono.com\/wp-content\/uploads\/2025\/05\/burakanilsarp-400x400.jpg 400w, https:\/\/clinicmono.com\/wp-content\/uploads\/2025\/05\/burakanilsarp-150x150.jpg 150w, https:\/\/clinicmono.com\/wp-content\/uploads\/2025\/05\/burakanilsarp.jpg 1080w\" sizes=\"(max-width: 1024px) 100vw, 1024px\" \/><\/a><\/div><div class=\"w-person-content\"><h4 itemprop=\"name\" class=\"w-person-name\"><a title=\"Dt. \u00c7a\u011fr\u0131 DEREL\u0130\" href=\"https:\/\/clinicmono.com\/sv\/lakare\/dt-burak-anil-sarp\/\" class=\"w-person-link\" aria-label=\"Dt. Burak Anil Sarp\"><span>Dt. Burak Anil Sarp<\/span><\/a><\/h4><div class=\"w-person-role\" itemprop=\"jobTitle\">Kosmetisk tandkirurgi<\/div><\/div><\/div><\/div><\/div><\/div><\/div><\/div><\/section>\n","protected":false},"excerpt":{"rendered":"Avtalade institutioner Klinik MonoSidorM\u00f6t v\u00e5r expert Avtalade institutioner M. D. Eren ERS\u00d6ZPLASTIKKIRURGI OCH ESTETISK KIRURGIM. D. \u00c7a\u011flar ERTEK\u0130NALLM\u00c4N OCH BARIATRISK KIRURGDr. Alper TEM\u0130ZKOSMETISK TANDV\u00c5RDM. D. Deniz YILDIRIMPLASTIKKIRURGI OCH ESTETISK KIRURGIM.D. Ergin ERDO\u011eANPLASTIKKIRURGI OCH ESTETISK KIRURGIM. D. Serbay G\u00dcRELDermatologi och kosmetologiM. D. Nazmi YO\u011eURT\u00c7UPLASTIKKIRURGI OCH ESTETISK KIRURGIDt. \u00c7a\u011fr\u0131 DEREL\u0130KOSMETISK TANDV\u00c5RDDt. Burak Anil SarpKosmetisk tandkirurgi","protected":false},"author":1,"featured_media":0,"parent":0,"menu_order":0,"comment_status":"closed","ping_status":"closed","template":"","meta":{"_mi_skip_tracking":false,"_monsterinsights_sitenote_active":false,"_monsterinsights_sitenote_note":"","_monsterinsights_sitenote_category":0,"_uf_show_specific_survey":0,"_uf_disable_surveys":false,"footnotes":""},"procedure":[],"class_list":["post-38888","page","type-page","status-publish","hentry"],"_links":{"self":[{"href":"https:\/\/clinicmono.com\/sv\/wp-json\/wp\/v2\/pages\/38888","targetHints":{"allow":["GET"]}}],"collection":[{"href":"https:\/\/clinicmono.com\/sv\/wp-json\/wp\/v2\/pages"}],"about":[{"href":"https:\/\/clinicmono.com\/sv\/wp-json\/wp\/v2\/types\/page"}],"author":[{"embeddable":true,"href":"https:\/\/clinicmono.com\/sv\/wp-json\/wp\/v2\/users\/1"}],"replies":[{"embeddable":true,"href":"https:\/\/clinicmono.com\/sv\/wp-json\/wp\/v2\/comments?post=38888"}],"version-history":[{"count":0,"href":"https:\/\/clinicmono.com\/sv\/wp-json\/wp\/v2\/pages\/38888\/revisions"}],"wp:attachment":[{"href":"https:\/\/clinicmono.com\/sv\/wp-json\/wp\/v2\/media?parent=38888"}],"wp:term":[{"taxonomy":"procedure","embeddable":true,"href":"https:\/\/clinicmono.com\/sv\/wp-json\/wp\/v2\/procedure?post=38888"}],"curies":[{"name":"wp","href":"https:\/\/api.w.org\/{rel}","templated":true}]}}