{"id":38630,"date":"2023-07-01T23:09:18","date_gmt":"2023-07-01T23:09:18","guid":{"rendered":"https:\/\/clinicmono.com\/brostoperationer\/"},"modified":"2024-09-02T11:49:13","modified_gmt":"2024-09-02T11:49:13","slug":"brostoperationer","status":"publish","type":"page","link":"https:\/\/clinicmono.com\/sv\/brostoperationer\/","title":{"rendered":"Br\u00f6stoperationer"},"content":{"rendered":"<section class=\"l-section wpb_row height_custom with_img\"><div class=\"l-section-img\" role=\"img\" data-img-width=\"1920\" data-img-height=\"400\" style=\"background-image: url(https:\/\/clinicmono.com\/wp-content\/uploads\/2023\/05\/call1.jpg);background-repeat: no-repeat;background-size: auto;\"><\/div><div class=\"l-section-h i-cf\"><div class=\"g-cols vc_row via_flex valign_top type_default stacking_default\"><div class=\"vc_col-sm-12 wpb_column vc_column_container\"><div class=\"vc_column-inner\"><div class=\"wpb_wrapper\"><div class=\"wpb_text_column\"><div class=\"wpb_wrapper\"><h1 style=\"text-align: center;\">Br\u00f6stoperationer<\/h1>\n<\/div><\/div><nav class=\"g-breadcrumbs separator_icon align_center hide_current\" itemscope itemtype=\"http:\/\/schema.org\/BreadcrumbList\"><div class=\"g-breadcrumbs-item\">Sidor<\/div><\/nav><\/div><\/div><\/div><\/div><\/div><\/section><section class=\"l-section wpb_row height_custom\"><div class=\"l-section-h i-cf\"><div class=\"g-cols vc_row via_flex valign_top type_default stacking_default\"><div class=\"vc_col-sm-12 wpb_column vc_column_container\"><div class=\"vc_column-inner\"><div class=\"wpb_wrapper\"><div class=\"w-grid type_grid layout_24246 cols_3 ratio_16x9\" id=\"us_grid_1\" style=\"--gap:1.5rem;\"><style>@media (max-width:1024px){#us_grid_1 .w-grid-item{width:50%}#us_grid_1 .w-grid-item.size_2x1,#us_grid_1 .w-grid-item.size_2x2{width:100%}}@media (max-width:600px){#us_grid_1 .w-grid-list{margin:0}#us_grid_1 .w-grid-item{width:100%;padding:0;margin-bottom:var(--gap,0px)}}#us_grid_1 .w-grid-item-h:before{padding-bottom:56.25%}.layout_24246 .w-grid-item-h:before{padding-bottom:100%}@media (min-width:601px){.layout_24246 .w-grid-item.size_1x2 .w-grid-item-h:before{padding-bottom:calc(200% + var(--gap,0px) * 2)}.layout_24246 .w-grid-item.size_2x1 .w-grid-item-h:before{padding-bottom:calc(50% - var(--gap,0px) * 1)}.layout_24246 .w-grid-item.size_2x2 .w-grid-item-h:before{padding-bottom:calc(100% - var(--gap,0px) * 0)}}.layout_24246 .w-grid-item-h{background:var(--color-content-bg);color:var(--color-content-text);border-radius:0.3rem;box-shadow:0 0.03rem 0.06rem rgba(0,0,0,0.1),0 0.1rem 0.3rem rgba(0,0,0,0.1);transition-duration:0.3s}.no-touch .layout_24246 .w-grid-item-h:hover{box-shadow:0 0.1rem 0.2rem rgba(0,0,0,0.1),0 0.33rem 1rem rgba(0,0,0,0.15);z-index:4}.layout_24246 .usg_post_title_1{font-size:24px!important;margin-top:20px!important;margin-bottom:20px!important}<\/style><div class=\"w-grid-list\">\t<article class=\"w-grid-item size_1x1 post-39008 page type-page status-publish has-post-thumbnail hentry procedure-breast-surgeries\" data-id=\"39008\">\r\n\t\t<div class=\"w-grid-item-h\">\r\n\t\t\t\t\t\t<div class=\"w-post-elm post_image usg_post_image_1 stretched\"><a href=\"https:\/\/clinicmono.com\/sv\/brostoperationer\/brostlyft\/\" aria-label=\"Br\u00f6stlyft Turkiet\"><img loading=\"lazy\" decoding=\"async\" width=\"1280\" height=\"720\" src=\"https:\/\/clinicmono.com\/wp-content\/uploads\/2024\/03\/breast-uplift.jpg\" class=\"attachment-full size-full wp-post-image\" alt=\"\" srcset=\"https:\/\/clinicmono.com\/wp-content\/uploads\/2024\/03\/breast-uplift.jpg 1280w, https:\/\/clinicmono.com\/wp-content\/uploads\/2024\/03\/breast-uplift-600x338.jpg 600w, https:\/\/clinicmono.com\/wp-content\/uploads\/2024\/03\/breast-uplift-1024x576.jpg 1024w, https:\/\/clinicmono.com\/wp-content\/uploads\/2024\/03\/breast-uplift-800x450.jpg 800w\" sizes=\"(max-width: 1280px) 100vw, 1280px\" \/><\/a><\/div><h2 class=\"w-post-elm post_title usg_post_title_1 align_center entry-title color_link_inherit\"><a href=\"https:\/\/clinicmono.com\/sv\/brostoperationer\/brostlyft\/\">Br\u00f6stlyft Turkiet<\/a><\/h2>\t\t<\/div>\r\n\t\t\t<\/article>\r\n\t<article class=\"w-grid-item size_1x1 post-38873 page type-page status-publish has-post-thumbnail hentry procedure-breast-surgeries\" data-id=\"38873\">\r\n\t\t<div class=\"w-grid-item-h\">\r\n\t\t\t\t\t\t<div class=\"w-post-elm post_image usg_post_image_1 stretched\"><a href=\"https:\/\/clinicmono.com\/sv\/brostoperationer\/brostforminskning\/\" aria-label=\"Reducerat br\u00f6st av Turkiet\"><img loading=\"lazy\" decoding=\"async\" width=\"1280\" height=\"720\" src=\"https:\/\/clinicmono.com\/wp-content\/uploads\/2024\/03\/breast-reduction.jpg\" class=\"attachment-full size-full wp-post-image\" alt=\"\" srcset=\"https:\/\/clinicmono.com\/wp-content\/uploads\/2024\/03\/breast-reduction.jpg 1280w, https:\/\/clinicmono.com\/wp-content\/uploads\/2024\/03\/breast-reduction-600x338.jpg 600w, https:\/\/clinicmono.com\/wp-content\/uploads\/2024\/03\/breast-reduction-1024x576.jpg 1024w, https:\/\/clinicmono.com\/wp-content\/uploads\/2024\/03\/breast-reduction-800x450.jpg 800w\" sizes=\"(max-width: 1280px) 100vw, 1280px\" \/><\/a><\/div><h2 class=\"w-post-elm post_title usg_post_title_1 align_center entry-title color_link_inherit\"><a href=\"https:\/\/clinicmono.com\/sv\/brostoperationer\/brostforminskning\/\">Reducerat br\u00f6st av Turkiet<\/a><\/h2>\t\t<\/div>\r\n\t\t\t<\/article>\r\n\t<article class=\"w-grid-item size_1x1 post-38968 page type-page status-publish has-post-thumbnail hentry procedure-breast-surgeries\" data-id=\"38968\">\r\n\t\t<div class=\"w-grid-item-h\">\r\n\t\t\t\t\t\t<div class=\"w-post-elm post_image usg_post_image_1 stretched\"><a href=\"https:\/\/clinicmono.com\/sv\/brostoperationer\/brostimplantat\/\" aria-label=\"Br\u00f6stf\u00f6rstoring Turkiet\"><img loading=\"lazy\" decoding=\"async\" width=\"1280\" height=\"720\" src=\"https:\/\/clinicmono.com\/wp-content\/uploads\/2024\/03\/breast-implants.jpg\" class=\"attachment-full size-full wp-post-image\" alt=\"\" srcset=\"https:\/\/clinicmono.com\/wp-content\/uploads\/2024\/03\/breast-implants.jpg 1280w, https:\/\/clinicmono.com\/wp-content\/uploads\/2024\/03\/breast-implants-600x338.jpg 600w, https:\/\/clinicmono.com\/wp-content\/uploads\/2024\/03\/breast-implants-1024x576.jpg 1024w, https:\/\/clinicmono.com\/wp-content\/uploads\/2024\/03\/breast-implants-800x450.jpg 800w\" sizes=\"(max-width: 1280px) 100vw, 1280px\" \/><\/a><\/div><h2 class=\"w-post-elm post_title usg_post_title_1 align_center entry-title color_link_inherit\"><a href=\"https:\/\/clinicmono.com\/sv\/brostoperationer\/brostimplantat\/\">Br\u00f6stf\u00f6rstoring Turkiet<\/a><\/h2>\t\t<\/div>\r\n\t\t\t<\/article>\r\n\t<article class=\"w-grid-item size_1x1 post-37752 page type-page status-publish has-post-thumbnail hentry procedure-breast-surgeries\" data-id=\"37752\">\r\n\t\t<div class=\"w-grid-item-h\">\r\n\t\t\t\t\t\t<div class=\"w-post-elm post_image usg_post_image_1 stretched\"><a href=\"https:\/\/clinicmono.com\/sv\/brostoperationer\/brostforminskning\/nipple-reduction\/\" aria-label=\"Reduktion av nippel\"><img loading=\"lazy\" decoding=\"async\" width=\"1280\" height=\"720\" src=\"https:\/\/clinicmono.com\/wp-content\/uploads\/2024\/03\/nipple-reduction.jpg\" class=\"attachment-full size-full wp-post-image\" alt=\"\" srcset=\"https:\/\/clinicmono.com\/wp-content\/uploads\/2024\/03\/nipple-reduction.jpg 1280w, https:\/\/clinicmono.com\/wp-content\/uploads\/2024\/03\/nipple-reduction-600x338.jpg 600w, https:\/\/clinicmono.com\/wp-content\/uploads\/2024\/03\/nipple-reduction-1024x576.jpg 1024w, https:\/\/clinicmono.com\/wp-content\/uploads\/2024\/03\/nipple-reduction-800x450.jpg 800w\" sizes=\"(max-width: 1280px) 100vw, 1280px\" \/><\/a><\/div><h2 class=\"w-post-elm post_title usg_post_title_1 align_center entry-title color_link_inherit\"><a href=\"https:\/\/clinicmono.com\/sv\/brostoperationer\/brostforminskning\/nipple-reduction\/\">Reduktion av nippel<\/a><\/h2>\t\t<\/div>\r\n\t\t\t<\/article>\r\n<\/div><div class=\"w-grid-preloader\">\t<div class=\"g-preloader type_1\">\r\n\t\t<div><\/div>\r\n\t<\/div>\r\n\t<\/div>\t<div class=\"w-grid-json hidden\" onclick='return {&quot;action&quot;:&quot;us_ajax_grid&quot;,&quot;infinite_scroll&quot;:0,&quot;max_num_pages&quot;:1,&quot;pagination&quot;:&quot;none&quot;,&quot;template_vars&quot;:{&quot;columns&quot;:&quot;3&quot;,&quot;exclude_items&quot;:&quot;none&quot;,&quot;img_size&quot;:&quot;full&quot;,&quot;ignore_items_size&quot;:0,&quot;items_layout&quot;:&quot;24246&quot;,&quot;items_offset&quot;:&quot;1&quot;,&quot;load_animation&quot;:&quot;none&quot;,&quot;overriding_link&quot;:&quot;%7B%22url%22%3A%22%22%7D&quot;,&quot;post_id&quot;:0,&quot;query_args&quot;:{&quot;ignore_sticky_posts&quot;:1,&quot;post_type&quot;:&quot;any&quot;,&quot;post__in&quot;:[&quot;23707&quot;,&quot;23719&quot;,&quot;23724&quot;,&quot;24422&quot;],&quot;tax_query&quot;:[{&quot;taxonomy&quot;:&quot;product_visibility&quot;,&quot;field&quot;:&quot;slug&quot;,&quot;terms&quot;:[&quot;exclude-from-catalog&quot;],&quot;operator&quot;:&quot;NOT IN&quot;}],&quot;posts_per_page&quot;:&quot;10&quot;},&quot;orderby_query_args&quot;:{&quot;orderby&quot;:{&quot;post__in&quot;:&quot;ASC&quot;},&quot;order&quot;:&quot;ASC&quot;},&quot;type&quot;:&quot;grid&quot;,&quot;us_grid_post_type&quot;:&quot;ids&quot;,&quot;us_grid_ajax_index&quot;:1,&quot;us_grid_filter_query_string&quot;:null,&quot;us_grid_index&quot;:1,&quot;page_args&quot;:[],&quot;lang&quot;:&quot;sv&quot;}}'><\/div>\r\n\t<\/div><div class=\"w-separator size_medium\"><\/div><div class=\"wpb_text_column\"><div class=\"wpb_wrapper\"><h2 id=\"surgeons\">B\u00e4sta br\u00f6stkirurgiska kirurger i Turkiet<\/h2>\n<\/div><\/div><div class=\"w-separator size_small\"><\/div><div class=\"g-cols wpb_row via_flex valign_top type_default stacking_default\"><div class=\"vc_col-sm-3 wpb_column vc_column_container\"><div class=\"vc_column-inner\"><div class=\"wpb_wrapper\"><div class=\"w-image align_none\"><a href=\"https:\/\/clinicmono.com\/sv\/lakare\/m-d-eren-ersoz\/\" aria-label=\"Eren-Ersoz981-981\" class=\"w-image-h\"><img decoding=\"async\" width=\"981\" height=\"981\" src=\"https:\/\/clinicmono.com\/wp-content\/uploads\/2023\/04\/Eren-Ersoz981-981.jpg\" class=\"attachment-large size-large\" alt=\"\" loading=\"lazy\" srcset=\"https:\/\/clinicmono.com\/wp-content\/uploads\/2023\/04\/Eren-Ersoz981-981.jpg 981w, https:\/\/clinicmono.com\/wp-content\/uploads\/2023\/04\/Eren-Ersoz981-981-500x500.jpg 500w, https:\/\/clinicmono.com\/wp-content\/uploads\/2023\/04\/Eren-Ersoz981-981-600x600.jpg 600w, https:\/\/clinicmono.com\/wp-content\/uploads\/2023\/04\/Eren-Ersoz981-981-300x300.jpg 300w, https:\/\/clinicmono.com\/wp-content\/uploads\/2023\/04\/Eren-Ersoz981-981-400x400.jpg 400w, https:\/\/clinicmono.com\/wp-content\/uploads\/2023\/04\/Eren-Ersoz981-981-150x150.jpg 150w\" sizes=\"(max-width: 981px) 100vw, 981px\" \/><\/a><\/div><div class=\"w-separator size_custom\" style=\"height:10px\"><\/div><div class=\"wpb_text_column\"><div class=\"wpb_wrapper\"><h4><a href=\"https:\/\/clinicmono.com\/sv\/lakare\/m-d-eren-ersoz\/\"><strong>M.D. EREN ERS\u00d6Z<\/strong><\/a><\/h4>\n<\/div><\/div><\/div><\/div><\/div><div class=\"vc_col-sm-3 wpb_column vc_column_container\"><div class=\"vc_column-inner\"><div class=\"wpb_wrapper\"><div class=\"w-image align_none\"><a href=\"https:\/\/clinicmono.com\/sv\/lakare\/m-d-deniz-yildirim\/\" aria-label=\"deniz-yildirim981-981\" class=\"w-image-h\"><img decoding=\"async\" width=\"981\" height=\"981\" src=\"https:\/\/clinicmono.com\/wp-content\/uploads\/2023\/05\/deniz-yildirim981-981.jpg\" class=\"attachment-large size-large\" alt=\"\" loading=\"lazy\" srcset=\"https:\/\/clinicmono.com\/wp-content\/uploads\/2023\/05\/deniz-yildirim981-981.jpg 981w, https:\/\/clinicmono.com\/wp-content\/uploads\/2023\/05\/deniz-yildirim981-981-600x600.jpg 600w, https:\/\/clinicmono.com\/wp-content\/uploads\/2023\/05\/deniz-yildirim981-981-300x300.jpg 300w, https:\/\/clinicmono.com\/wp-content\/uploads\/2023\/05\/deniz-yildirim981-981-400x400.jpg 400w, https:\/\/clinicmono.com\/wp-content\/uploads\/2023\/05\/deniz-yildirim981-981-150x150.jpg 150w\" sizes=\"(max-width: 981px) 100vw, 981px\" \/><\/a><\/div><div class=\"w-separator size_custom\" style=\"height:10px\"><\/div><div class=\"wpb_text_column\"><div class=\"wpb_wrapper\"><h4><a href=\"https:\/\/clinicmono.com\/sv\/lakare\/m-d-deniz-yildirim\/\"><strong>M.D. DENI\u0307Z YILDIRIM<\/strong><\/a><\/h4>\n<\/div><\/div><\/div><\/div><\/div><div class=\"vc_col-sm-3 wpb_column vc_column_container\"><div class=\"vc_column-inner\"><div class=\"wpb_wrapper\"><div class=\"w-image align_none\"><a href=\"https:\/\/clinicmono.com\/sv\/lakare\/dr-merve-ozkaya-unsal\/\" aria-label=\"merve-ozkaya-unsal981-981\" class=\"w-image-h\"><img decoding=\"async\" width=\"981\" height=\"981\" src=\"https:\/\/clinicmono.com\/wp-content\/uploads\/2023\/05\/merve-ozkaya-unsal981-981.jpg\" class=\"attachment-large size-large\" alt=\"\" loading=\"lazy\" srcset=\"https:\/\/clinicmono.com\/wp-content\/uploads\/2023\/05\/merve-ozkaya-unsal981-981.jpg 981w, https:\/\/clinicmono.com\/wp-content\/uploads\/2023\/05\/merve-ozkaya-unsal981-981-600x600.jpg 600w, https:\/\/clinicmono.com\/wp-content\/uploads\/2023\/05\/merve-ozkaya-unsal981-981-300x300.jpg 300w, https:\/\/clinicmono.com\/wp-content\/uploads\/2023\/05\/merve-ozkaya-unsal981-981-400x400.jpg 400w, https:\/\/clinicmono.com\/wp-content\/uploads\/2023\/05\/merve-ozkaya-unsal981-981-150x150.jpg 150w\" sizes=\"(max-width: 981px) 100vw, 981px\" \/><\/a><\/div><div class=\"w-separator size_custom\" style=\"height:10px\"><\/div><div class=\"wpb_text_column\"><div class=\"wpb_wrapper\"><h4><a href=\"https:\/\/clinicmono.com\/sv\/lakare\/dr-merve-ozkaya-unsal\/\"><strong>M.D. MERVE \u00d6. \u00dcNSAL<\/strong><\/a><\/h4>\n<\/div><\/div><\/div><\/div><\/div><div class=\"vc_col-sm-3 wpb_column vc_column_container\"><div class=\"vc_column-inner\"><div class=\"wpb_wrapper\"><div class=\"w-image align_none\"><a href=\"https:\/\/clinicmono.com\/sv\/lakare\/m-d-ergin-erdogan\/\" aria-label=\"m-d-ergin-erdogan\" class=\"w-image-h\"><img decoding=\"async\" width=\"1024\" height=\"1024\" src=\"https:\/\/clinicmono.com\/wp-content\/uploads\/2024\/04\/m-d-ergin-erdogan-1024x1024.jpg\" class=\"attachment-large size-large\" alt=\"\" loading=\"lazy\" srcset=\"https:\/\/clinicmono.com\/wp-content\/uploads\/2024\/04\/m-d-ergin-erdogan-1024x1024.jpg 1024w, https:\/\/clinicmono.com\/wp-content\/uploads\/2024\/04\/m-d-ergin-erdogan-600x600.jpg 600w, https:\/\/clinicmono.com\/wp-content\/uploads\/2024\/04\/m-d-ergin-erdogan-300x300.jpg 300w, https:\/\/clinicmono.com\/wp-content\/uploads\/2024\/04\/m-d-ergin-erdogan-500x500.jpg 500w, https:\/\/clinicmono.com\/wp-content\/uploads\/2024\/04\/m-d-ergin-erdogan-400x400.jpg 400w, https:\/\/clinicmono.com\/wp-content\/uploads\/2024\/04\/m-d-ergin-erdogan-150x150.jpg 150w, https:\/\/clinicmono.com\/wp-content\/uploads\/2024\/04\/m-d-ergin-erdogan.jpg 1080w\" sizes=\"(max-width: 1024px) 100vw, 1024px\" \/><\/a><\/div><div class=\"w-separator size_custom\" style=\"height:10px\"><\/div><div class=\"wpb_text_column\"><div class=\"wpb_wrapper\"><h4><a href=\"https:\/\/clinicmono.com\/sv\/lakare\/m-d-ergin-erdogan\/\"><strong>M.D. ERGI\u0307N EDO\u011eAN<\/strong><\/a><\/h4>\n<\/div><\/div><\/div><\/div><\/div><\/div><\/div><\/div><\/div><\/div><\/div><\/section>\n","protected":false},"excerpt":{"rendered":"Reduktion av nippel Klinik MonoSidor\u00d6versikt \u00f6ver f\u00f6rfarandenF\u00f6rfarandeOperation f\u00f6r att minska br\u00f6stv\u00e5rtorna utf\u00f6rs f\u00f6r att minska storleken p\u00e5 br\u00f6stv\u00e5rtorna, korrigera br\u00f6stv\u00e5rtornas asymmetri eller ge br\u00f6stv\u00e5rtorna ett mer estetiskt tilltalande utseende Operationens l\u00e4ngd30 minuter - ca 1 timme Sjukhusvistelse1 natt AnestesiAllm\u00e4n anestesi F\u00e5 en kostnadsfri konsultationAktivera JavaScript i din webbl\u00e4sare f\u00f6r att fylla i formul\u00e4ret.Aktivera JavaScript i...","protected":false},"author":1,"featured_media":123073,"parent":0,"menu_order":2,"comment_status":"closed","ping_status":"closed","template":"","meta":{"rank_math_lock_modified_date":false,"_mi_skip_tracking":false,"_monsterinsights_sitenote_active":false,"_monsterinsights_sitenote_note":"","_monsterinsights_sitenote_category":0,"_uf_show_specific_survey":0,"_uf_disable_surveys":false,"footnotes":""},"procedure":[318],"class_list":["post-38630","page","type-page","status-publish","has-post-thumbnail","hentry","procedure-breast-surgeries"],"_links":{"self":[{"href":"https:\/\/clinicmono.com\/sv\/wp-json\/wp\/v2\/pages\/38630"}],"collection":[{"href":"https:\/\/clinicmono.com\/sv\/wp-json\/wp\/v2\/pages"}],"about":[{"href":"https:\/\/clinicmono.com\/sv\/wp-json\/wp\/v2\/types\/page"}],"author":[{"embeddable":true,"href":"https:\/\/clinicmono.com\/sv\/wp-json\/wp\/v2\/users\/1"}],"replies":[{"embeddable":true,"href":"https:\/\/clinicmono.com\/sv\/wp-json\/wp\/v2\/comments?post=38630"}],"version-history":[{"count":34,"href":"https:\/\/clinicmono.com\/sv\/wp-json\/wp\/v2\/pages\/38630\/revisions"}],"predecessor-version":[{"id":147630,"href":"https:\/\/clinicmono.com\/sv\/wp-json\/wp\/v2\/pages\/38630\/revisions\/147630"}],"wp:featuredmedia":[{"embeddable":true,"href":"https:\/\/clinicmono.com\/sv\/wp-json\/wp\/v2\/media\/123073"}],"wp:attachment":[{"href":"https:\/\/clinicmono.com\/sv\/wp-json\/wp\/v2\/media?parent=38630"}],"wp:term":[{"taxonomy":"procedure","embeddable":true,"href":"https:\/\/clinicmono.com\/sv\/wp-json\/wp\/v2\/procedure?post=38630"}],"curies":[{"name":"wp","href":"https:\/\/api.w.org\/{rel}","templated":true}]}}