{"id":37667,"date":"2023-07-06T16:09:16","date_gmt":"2023-07-06T16:09:16","guid":{"rendered":"https:\/\/clinicmono.com\/kontakt\/"},"modified":"2024-07-25T14:17:40","modified_gmt":"2024-07-25T14:17:40","slug":"kontakta","status":"publish","type":"page","link":"https:\/\/clinicmono.com\/sv\/kontakta\/","title":{"rendered":"Kontakt"},"content":{"rendered":"<section class=\"l-section wpb_row height_custom with_img\"><div class=\"l-section-img\" role=\"img\" data-img-width=\"1920\" data-img-height=\"400\" style=\"background-image: url(https:\/\/clinicmono.com\/wp-content\/uploads\/2023\/05\/call1.jpg);background-repeat: no-repeat;background-size: auto;\"><\/div><div class=\"l-section-h i-cf\"><div class=\"g-cols vc_row via_flex valign_top type_default stacking_default\"><div class=\"vc_col-sm-12 wpb_column vc_column_container\"><div class=\"vc_column-inner\"><div class=\"wpb_wrapper\"><div class=\"wpb_text_column\"><div class=\"wpb_wrapper\"><h1 style=\"text-align: center;\">Kontakt<\/h1>\n<\/div><\/div><nav class=\"g-breadcrumbs separator_icon align_center\" itemscope itemtype=\"http:\/\/schema.org\/BreadcrumbList\"><div class=\"g-breadcrumbs-item\" itemscope itemprop=\"itemListElement\" itemtype=\"http:\/\/schema.org\/ListItem\"><a itemprop=\"item\" href=\"https:\/\/clinicmono.com\/sv\/\"><span itemprop=\"name\">Klinik Mono<\/span><\/a><meta itemprop=\"position\" content=\"1\"\/><\/div><div class=\"g-breadcrumbs-separator\"><i class=\"far fa-angle-double-right\"><\/i><\/div><div class=\"g-breadcrumbs-item\">Sidor<\/div><\/nav><\/div><\/div><\/div><\/div><\/div><\/section><section class=\"l-section wpb_row height_custom\"><div class=\"l-section-h i-cf\"><div class=\"g-cols vc_row via_flex valign_top type_default stacking_default\"><div class=\"vc_col-sm-6 wpb_column vc_column_container\"><div class=\"vc_column-inner\"><div class=\"wpb_wrapper\"><div class=\"wpb_text_column\"><div class=\"wpb_wrapper\"><h3>F\u00e5 en kostnadsfri konsultation<\/h3>\n<\/div><\/div><div class=\"w-separator size_small\"><\/div><div class=\"wpforms-container wpforms-render-modern\" id=\"wpforms-42738\"><form id=\"wpforms-form-42738\" class=\"wpforms-validate wpforms-form wpforms-ajax-form\" data-formid=\"42738\" method=\"post\" enctype=\"multipart\/form-data\" action=\"\/sv\/wp-json\/wp\/v2\/pages\/37667\" data-token=\"71fe5c85bfb5869138f86c9985981ca9\" data-token-time=\"1775917847\"><noscript class=\"wpforms-error-noscript\">Aktivera JavaScript i din webbl\u00e4sare f\u00f6r att fylla i formul\u00e4ret.<\/noscript><div id=\"wpforms-error-noscript\" style=\"display: none;\">Aktivera JavaScript i din webbl\u00e4sare f\u00f6r att fylla i formul\u00e4ret.<\/div><div class=\"wpforms-field-container\"><div id=\"wpforms-42738-field_0-container\" class=\"wpforms-field wpforms-field-name\" data-field-id=\"0\"><label class=\"wpforms-field-label wpforms-label-hide\" for=\"wpforms-42738-field_0\" aria-hidden=\"false\">Namn <span class=\"wpforms-required-label\" aria-hidden=\"true\">*<\/span><\/label><input type=\"text\" id=\"wpforms-42738-field_0\" class=\"wpforms-field-large wpforms-field-required\" name=\"wpforms[fields][0]\" placeholder=\"Namn och efternamn\" aria-errormessage=\"wpforms-42738-field_0-error\" required><\/div>\t\t<div id=\"wpforms-42738-field_1-container\"\n\t\t\tclass=\"wpforms-field wpforms-field-text\"\n\t\t\tdata-field-type=\"text\"\n\t\t\tdata-field-id=\"1\"\n\t\t\t>\n\t\t\t<label class=\"wpforms-field-label\" for=\"wpforms-42738-field_1\" >Namn f\u00f6r URL<\/label>\n\t\t\t<input type=\"text\" id=\"wpforms-42738-field_1\" class=\"wpforms-field-medium\" name=\"wpforms[fields][1]\" >\n\t\t<\/div>\n\t\t<div id=\"wpforms-42738-field_5-container\" class=\"wpforms-field wpforms-field-phone\" data-field-id=\"5\"><label class=\"wpforms-field-label wpforms-label-hide\" for=\"wpforms-42738-field_5\" aria-hidden=\"false\">Telefon <span class=\"wpforms-required-label\" aria-hidden=\"true\">*<\/span><\/label><input type=\"tel\" id=\"wpforms-42738-field_5\" class=\"wpforms-field-large wpforms-field-required wpforms-smart-phone-field\" data-rule-smart-phone-field=\"true\" name=\"wpforms[fields][5]\" aria-label=\"Telefon\" aria-errormessage=\"wpforms-42738-field_5-error\" required><\/div><div id=\"wpforms-42738-field_4-container\" class=\"wpforms-field wpforms-field-select wpforms-field-select-style-classic\" data-field-id=\"4\"><label class=\"wpforms-field-label wpforms-label-hide\" for=\"wpforms-42738-field_4\" aria-hidden=\"false\">V\u00e4lj operation <span class=\"wpforms-required-label\" aria-hidden=\"true\">*<\/span><\/label><select id=\"wpforms-42738-field_4\" class=\"wpforms-field-large wpforms-field-required\" name=\"wpforms[fields][4]\" required=\"required\"><option value=\"Plastisk och estetisk kirurgi\"  class=\"choice-1 depth-1\"  >Plastisk och estetisk kirurgi<\/option><option value=\"Fetmakirurgi\"  class=\"choice-2 depth-1\"  >Fetmakirurgi<\/option><option value=\"Kosmetisk tandkirurgi\"  class=\"choice-3 depth-1\"  >Kosmetisk tandkirurgi<\/option><option value=\"H\u00e5rtransplantation\"  class=\"choice-4 depth-1\"  >H\u00e5rtransplantation<\/option><option value=\"Ortopedi\"  class=\"choice-5 depth-1\"  >Ortopedi<\/option><option value=\"Neurokirurgi\"  class=\"choice-6 depth-1\"  >Neurokirurgi<\/option><option value=\"Obstetrik och gynekologi\"  class=\"choice-7 depth-1\"  >Obstetrik och gynekologi<\/option><option value=\"Allm\u00e4n kirurgi\"  class=\"choice-8 depth-1\"  >Allm\u00e4n kirurgi<\/option><\/select><\/div><div id=\"wpforms-42738-field_10-container\" class=\"wpforms-field wpforms-field-hidden\" data-field-id=\"10\"><input type=\"hidden\" id=\"wpforms-42738-field_10\" name=\"wpforms[fields][10]\"><\/div><div id=\"wpforms-42738-field_11-container\" class=\"wpforms-field wpforms-field-hidden\" data-field-id=\"11\"><input type=\"hidden\" id=\"wpforms-42738-field_11\" name=\"wpforms[fields][11]\" value=\"https:\/\/clinicmono.com\/sv\/wp-json\/wp\/v2\/pages\/37667\"><\/div><div id=\"wpforms-42738-field_12-container\" class=\"wpforms-field wpforms-field-hidden\" data-field-id=\"12\"><input type=\"hidden\" id=\"wpforms-42738-field_12\" name=\"wpforms[fields][12]\" value=\" 216.73.216.38 {entry_geolocation} \"><\/div><div id=\"wpforms-42738-field_13-container\" class=\"wpforms-field wpforms-field-html\" data-field-id=\"13\"><div id=\"wpforms-42738-field_13\" aria-errormessage=\"wpforms-42738-field_13-error\"><script>\nttq.track('ViewContent', {});\n\nttq.track('Contact', {\n\t\"contents\": [\n\t\t{\n\t\t\t\"content_id\": \"<content_identifier>\", \n\t\t\t\"content_type\": \"<content_type>\", \n\t\t\t\"content_name\": \"<content_name>\" \n\t\t}\n\t],\n\t\"value\": \"<content_value>\", \n\t\"currency\": \"<content_currency>\"\n});\n<\/script><\/div><\/div><script>\n\t\t\t\t( function() {\n\t\t\t\t\tconst style = document.createElement( 'style' );\n\t\t\t\t\tstyle.appendChild( document.createTextNode( '#wpforms-42738-field_1-container { position: absolute !important; overflow: hidden !important; display: inline !important; height: 1px !important; width: 1px !important; z-index: -1000 !important; padding: 0 !important; } #wpforms-42738-field_1-container input { visibility: hidden; } #wpforms-conversational-form-page #wpforms-42738-field_1-container label { counter-increment: none; }' ) );\n\t\t\t\t\tdocument.head.appendChild( style );\n\t\t\t\t\tdocument.currentScript?.remove();\n\t\t\t\t} )();\n\t\t\t<\/script><\/div><!-- .wpforms-field-container --><div class=\"wpforms-recaptcha-container wpforms-is-recaptcha wpforms-is-recaptcha-type-v3\" ><input type=\"hidden\" name=\"wpforms[recaptcha]\" value=\"\"><\/div><div class=\"wpforms-submit-container\" ><input type=\"hidden\" name=\"wpforms[id]\" value=\"42738\"><input type=\"hidden\" name=\"page_title\" value=\"\"><input type=\"hidden\" name=\"page_url\" value=\"https:\/\/clinicmono.com\/sv\/wp-json\/wp\/v2\/pages\/37667\"><input type=\"hidden\" name=\"url_referer\" value=\"\"><button type=\"submit\" name=\"wpforms[submit]\" id=\"wpforms-submit-42738\" class=\"wpforms-submit\" data-alt-text=\"Skickar...\" data-submit-text=\"F\u00e5 en kostnadsfri konsultation\" aria-live=\"assertive\" value=\"wpforms-submit\">F\u00e5 en kostnadsfri konsultation<\/button><img loading=\"lazy\" decoding=\"async\" src=\"https:\/\/clinicmono.com\/wp-content\/plugins\/wpforms\/assets\/images\/submit-spin.svg\" class=\"wpforms-submit-spinner\" style=\"display: none;\" width=\"26\" height=\"26\" alt=\"Laddar\"><\/div><\/form><\/div>  <!-- .wpforms-container --><\/div><\/div><\/div><div class=\"vc_col-sm-6 wpb_column vc_column_container has_bg_color\"><div class=\"vc_column-inner us_custom_0cbb0057\"><div class=\"wpb_wrapper\"><div class=\"g-cols wpb_row us_custom_2706503a via_flex valign_middle type_default stacking_default\"><div class=\"vc_col-sm-12 wpb_column vc_column_container\"><div class=\"vc_column-inner\"><div class=\"wpb_wrapper\"><h2 class=\"w-text us_custom_6df4bc3a has_text_color\"><span class=\"w-text-h\"><span class=\"w-text-value\">Aff\u00e4rsbyr\u00e5<\/span><\/span><\/h2><div class=\"w-separator size_custom\" style=\"height:40px\"><\/div><div class=\"w-iconbox us_custom_6df4bc3a has_text_color iconpos_left style_default color_custom align_left no_text\"><div class=\"w-iconbox-icon\" style=\"font-size:2rem;--icon-color:#ffffff;--icon-bg-color:#ffffff;\"><i class=\"fas fa-phone\"><\/i><\/div><div class=\"w-iconbox-meta\"><h4 class=\"w-iconbox-title\">+90 544 852 45 26<\/h4><\/div><\/div><div class=\"w-separator size_small\"><\/div><div class=\"w-iconbox us_custom_6df4bc3a has_text_color iconpos_left style_default color_custom align_left no_text\"><a href=\"mailto:info@clinicmono.com\" class=\"w-iconbox-link\" aria-label=\"info@clinicmono.com\"><div class=\"w-iconbox-icon\" style=\"font-size:2rem;--icon-color:#ffffff;--icon-bg-color:#ffffff;\"><i class=\"fas fa-envelope\"><\/i><\/div><\/a><div class=\"w-iconbox-meta\"><a href=\"mailto:info@clinicmono.com\" class=\"w-iconbox-link\" aria-label=\"info@clinicmono.com\"><h4 class=\"w-iconbox-title\">info@clinicmono.com<\/h4><\/a><\/div><\/div><div class=\"w-separator size_small\"><\/div><div class=\"w-iconbox us_custom_6df4bc3a has_text_color iconpos_left style_default color_custom align_left no_text\"><div class=\"w-iconbox-icon\" style=\"font-size:2rem;--icon-color:#ffffff;--icon-bg-color:#ffffff;\"><i class=\"fas fa-map-marked-alt\"><\/i><\/div><div class=\"w-iconbox-meta\"><h4 class=\"w-iconbox-title\">Folkart Towers A Kule Adalet Mah.<br \/>\nManas Bulv.<br \/>\nNo:47\/B K:20 D:2009 35535 Bayrakl\u0131\/\u0130zmir  <\/h4><\/div><\/div><\/div><\/div><\/div><\/div><\/div><\/div><\/div><\/div><\/div><\/section><section class=\"l-section wpb_row us_custom_2eb1a079 height_custom width_custom with_video with_youtube\" style=\"--site-content-width:1140px;\"><div id=\"us_bg_video_c306\" class=\"l-section-video\"><script>!function(w){var node = document.getElementById( 'us_bg_video_c306' );if ( w.innerWidth <= 200 ) { node.remove() }}(window);<\/script><style>@media(max-width:200px){#us_bg_video_c306{display:none!important}}<\/style><script id=\"youtube_c306\">\r\n\t\t\t\t\twindow.USYTPlayers = ( window.USYTPlayers || { initYTFunctions: [], optionsYT: [], USYTInited: false } );\r\n\t\t\t\t\twindow.USYTPlayers.initYTFunctions.push( function() {\r\n\t\t\t\t\t\tvar player = new YT.Player( \"youtube_c306\" , {\r\n\t\t\t\t\t\t\tvideoId: \"_31bYTfroi4\",\r\n\t\t\t\t\t\t\tplayerVars: {\"playlist\":\"_31bYTfroi4\",\"autohide\":1,\"autoplay\":1,\"mute\":1,\"controls\":0,\"disablekb\":1,\"enablejsapi\":1,\"fs\":0,\"loop\":1,\"rel\":0,\"showinfo\":0},\r\n\t\t\t\t\t\t\tevents: {\r\n\t\t\t\t\t\t\t\tonReady: function ( e ) {\r\n\t\t\t\t\t\t\t\t\te.target.mute();\r\n\t\t\t\t\t\t\t\t\te.target.playVideo();\r\n\t\t\t\t\t\t\t\t\te.target.g.allow = \"autoplay; fullscreen; picture-in-picture\";\r\n\t\t\t\t\t\t\t\t\te.target.g.width = window.innerWidth;\r\n\t\t\t\t\t\t\t\t\te.target.g.loading = \"lazy\";\r\n\t\t\t\t\t\t\t\t\te.target.g.dispatchEvent( new Event( \"resize\", { bubbles: true } ) );\r\n\t\t\t\t\t\t\t\t}\r\n\t\t\t\t\t\t\t}\r\n\t\t\t\t\t\t});\r\n\t\t\t\t\t\tdocument.querySelector( \"script#youtube_api_c306\" ).remove();\r\n\t\t\t\t\t} );\r\n\t\t\t\t\twindow.onYouTubeIframeAPIReady = function() {\r\n\t\t\t\t\t\twindow.USYTPlayers.initYTFunctions.forEach( function( YTPlayer ) {\r\n\t\t\t\t\t\t\tif ( typeof YTPlayer === \"function\" ) {\r\n\t\t\t\t\t\t\t\tYTPlayer();\r\n\t\t\t\t\t\t\t}\r\n\t\t\t\t\t\t} );\r\n\t\t\t\t\t};\r\n\t\t\t\t\tvar script = document.createElement( \"script\" );\r\n\t\t\t\t\tscript.id = \"youtube_api_c306\";\r\n\t\t\t\t\tscript.src = \"https:\/\/www.youtube.com\/iframe_api\";\r\n\t\t\t\t\tdocument.head.append( script );\r\n\t\t\t\t<\/script><\/div><div class=\"l-section-h i-cf\"><div class=\"g-cols vc_row via_flex valign_top type_default stacking_default\"><div class=\"vc_col-sm-12 wpb_column vc_column_container\"><div class=\"vc_column-inner\"><div class=\"wpb_wrapper\"><\/div><\/div><\/div><\/div><\/div><\/section><section class=\"l-section wpb_row us_custom_2eb1a079 height_custom\"><div class=\"l-section-h i-cf\"><div class=\"g-cols vc_row via_flex valign_middle type_default stacking_default\"><div class=\"vc_col-sm-12 wpb_column vc_column_container\"><div class=\"vc_column-inner\"><div class=\"wpb_wrapper\"><div class=\"wpb_text_column\"><div class=\"wpb_wrapper\"><p><iframe style=\"border: 0; width: 1280px; height: 300px;\" src=\"https:\/\/www.google.com\/maps\/embed?pb=!1m18!1m12!1m3!1d1562.219630758738!2d27.176001022354825!3d38.454419167362154!2m3!1f0!2f0!3f0!3m2!1i1024!2i768!4f13.1!3m3!1m2!1s0x14b9633c25890ec1%3A0x61e0f23a0909891e!2sClinic%20Mono!5e0!3m2!1str!2str!4v1688663144724!5m2!1str!2str\" allowfullscreen=\"allowfullscreen\"><\/iframe><\/p>\n<\/div><\/div><\/div><\/div><\/div><\/div><\/div><\/section><section class=\"l-section wpb_row height_custom\"><div class=\"l-section-h i-cf\"><div class=\"g-cols vc_row via_flex valign_top type_default stacking_default\"><div class=\"vc_col-sm-12 wpb_column vc_column_container\"><div class=\"vc_column-inner\"><div class=\"wpb_wrapper\"><div class=\"w-image align_center\"><div class=\"w-image-h\"><img decoding=\"async\" width=\"568\" height=\"630\" src=\"https:\/\/clinicmono.com\/wp-content\/uploads\/2024\/02\/aboutp.png\" class=\"attachment-full size-full\" alt=\"\" loading=\"lazy\" srcset=\"https:\/\/clinicmono.com\/wp-content\/uploads\/2024\/02\/aboutp.png 568w, https:\/\/clinicmono.com\/wp-content\/uploads\/2024\/02\/aboutp-541x600.png 541w\" sizes=\"(max-width: 568px) 100vw, 568px\" \/><\/div><\/div><\/div><\/div><\/div><\/div><\/div><\/section>\n","protected":false},"excerpt":{"rendered":"Kontakt Klinik MonoSidor F\u00e5 en kostnadsfri konsultation Aktivera JavaScript i din webbl\u00e4sare f\u00f6r att fylla i formul\u00e4ret.Aktivera JavaScript i din webbl\u00e4sare f\u00f6r att fylla i formul\u00e4ret.Namn *Telefon *V\u00e4lj operation *Plastisk och estetisk kirurgiFetmakirurgiKosmetisk tandkirurgiH\u00e5rtransplantationOrtopediNeurokirurgiObstetrik och gynekologiAllm\u00e4n kirurgi sidan Namn f\u00f6r F\u00e5 en kostnadsfri konsultation Aff\u00e4rsbyr\u00e5+90 544 852 45 26info@clinicmono.comFolkart Towers A Kule Adalet Mah. Manas...","protected":false},"author":1,"featured_media":0,"parent":0,"menu_order":0,"comment_status":"closed","ping_status":"closed","template":"","meta":{"rank_math_lock_modified_date":false,"_mi_skip_tracking":false,"_monsterinsights_sitenote_active":false,"_monsterinsights_sitenote_note":"","_monsterinsights_sitenote_category":0,"_uf_show_specific_survey":0,"_uf_disable_surveys":false,"footnotes":""},"procedure":[],"class_list":["post-37667","page","type-page","status-publish","hentry"],"_links":{"self":[{"href":"https:\/\/clinicmono.com\/sv\/wp-json\/wp\/v2\/pages\/37667"}],"collection":[{"href":"https:\/\/clinicmono.com\/sv\/wp-json\/wp\/v2\/pages"}],"about":[{"href":"https:\/\/clinicmono.com\/sv\/wp-json\/wp\/v2\/types\/page"}],"author":[{"embeddable":true,"href":"https:\/\/clinicmono.com\/sv\/wp-json\/wp\/v2\/users\/1"}],"replies":[{"embeddable":true,"href":"https:\/\/clinicmono.com\/sv\/wp-json\/wp\/v2\/comments?post=37667"}],"version-history":[{"count":30,"href":"https:\/\/clinicmono.com\/sv\/wp-json\/wp\/v2\/pages\/37667\/revisions"}],"predecessor-version":[{"id":136190,"href":"https:\/\/clinicmono.com\/sv\/wp-json\/wp\/v2\/pages\/37667\/revisions\/136190"}],"wp:attachment":[{"href":"https:\/\/clinicmono.com\/sv\/wp-json\/wp\/v2\/media?parent=37667"}],"wp:term":[{"taxonomy":"procedure","embeddable":true,"href":"https:\/\/clinicmono.com\/sv\/wp-json\/wp\/v2\/procedure?post=37667"}],"curies":[{"name":"wp","href":"https:\/\/api.w.org\/{rel}","templated":true}]}}