{"id":37490,"date":"2023-11-20T17:17:52","date_gmt":"2023-11-20T17:17:52","guid":{"rendered":"https:\/\/clinicmono.com\/hjaerna-och-neurokirurgi\/neurokirurgi\/"},"modified":"2024-07-25T18:39:23","modified_gmt":"2024-07-25T18:39:23","slug":"neurosurgery","status":"publish","type":"page","link":"https:\/\/clinicmono.com\/sv\/brain-and-neurosurgery\/neurosurgery\/","title":{"rendered":"Neurokirurgi"},"content":{"rendered":"<section class=\"l-section wpb_row height_custom with_img parallax_ver\"><div class=\"l-section-img\" role=\"img\" data-img-width=\"1920\" data-img-height=\"600\" style=\"background-image: url(https:\/\/clinicmono.com\/wp-content\/uploads\/2023\/11\/neurosurgery.webp);background-size: auto;\"><\/div><div class=\"l-section-overlay\" style=\"background:rgba(0,0,0,0.47)\"><\/div><div class=\"l-section-h i-cf\"><div class=\"g-cols vc_row via_flex valign_top type_default stacking_default\"><div class=\"vc_col-sm-12 wpb_column vc_column_container\"><div class=\"vc_column-inner\"><div class=\"wpb_wrapper\"><div class=\"wpb_text_column us_custom_8b3d6790 has_text_color\"><div class=\"wpb_wrapper\"><h1 style=\"text-align: center;\">Neurokirurgi<\/h1>\n<\/div><\/div><div class=\"w-separator size_small\"><\/div><nav class=\"g-breadcrumbs us_custom_8b3d6790 has_text_color separator_icon align_center\" itemscope itemtype=\"http:\/\/schema.org\/BreadcrumbList\"><div class=\"g-breadcrumbs-item\">Sidor<\/div><\/nav><div class=\"w-separator size_small\"><\/div><\/div><\/div><\/div><\/div><\/div><\/section><section class=\"l-section wpb_row height_small\"><div class=\"l-section-h i-cf\"><div class=\"g-cols vc_row via_flex valign_top type_default stacking_default\"><div class=\"vc_col-sm-8 wpb_column vc_column_container\"><div class=\"vc_column-inner\"><div class=\"wpb_wrapper\"><div class=\"g-cols wpb_row us_custom_4f163811 via_flex valign_top type_default stacking_default\"><div class=\"vc_col-sm-12 wpb_column vc_column_container\"><div class=\"vc_column-inner\"><div class=\"wpb_wrapper\"><h3 class=\"w-text\"><span class=\"w-text-h\"><span class=\"w-text-value\">\u00d6versikt \u00f6ver f\u00f6rfaranden<\/span><\/span><\/h3><div class=\"w-separator size_small\"><\/div><div class=\"w-iconbox iconpos_left style_default color_primary align_left no_text\"><div class=\"w-iconbox-icon\" style=\"font-size:1.4rem;\"><i class=\"fas fa-procedures\"><\/i><\/div><div class=\"w-iconbox-meta\"><h4 class=\"w-iconbox-title\">F\u00f6rfarande<\/h4><\/div><\/div><div class=\"w-separator size_small\"><\/div><div class=\"w-iconbox iconpos_left style_default color_primary align_left no_text\"><div class=\"w-iconbox-icon\" style=\"font-size:1rem;\"><i class=\"fas fa-clock\"><\/i><\/div><div class=\"w-iconbox-meta\"><h4 class=\"w-iconbox-title\">Operationens l\u00e4ngd<\/h4><\/div><\/div><div class=\"w-separator size_small\"><\/div><div class=\"w-iconbox iconpos_left style_default color_primary align_left no_text\"><div class=\"w-iconbox-icon\" style=\"font-size:1rem;\"><i class=\"fas fa-hospital\"><\/i><\/div><div class=\"w-iconbox-meta\"><h4 class=\"w-iconbox-title\">Sjukhusvistelse<\/h4><\/div><\/div><div class=\"w-separator size_small\"><\/div><div class=\"w-iconbox iconpos_left style_default color_primary align_left no_text\"><div class=\"w-iconbox-icon\" style=\"font-size:1rem;\"><i class=\"fas fa-syringe\"><\/i><\/div><div class=\"w-iconbox-meta\"><h4 class=\"w-iconbox-title\">Anestesi<\/h4><\/div><\/div><\/div><\/div><\/div><\/div><\/div><\/div><\/div><div class=\"vc_col-sm-4 wpb_column vc_column_container\"><div class=\"vc_column-inner\"><div class=\"wpb_wrapper\"><div class=\"g-cols wpb_row us_custom_c5a47681 via_flex valign_top type_default stacking_default\"><div class=\"vc_col-sm-12 wpb_column vc_column_container\"><div class=\"vc_column-inner\"><div class=\"wpb_wrapper\"><h3 class=\"w-text\"><span class=\"w-text-h\"><span class=\"w-text-value\">F\u00e5 en kostnadsfri konsultation<\/span><\/span><\/h3><div class=\"w-separator size_small\"><\/div><div class=\"wpforms-container wpforms-render-modern\" id=\"wpforms-22672\"><form id=\"wpforms-form-22672\" class=\"wpforms-validate wpforms-form wpforms-ajax-form\" data-formid=\"22672\" method=\"post\" enctype=\"multipart\/form-data\" action=\"\/sv\/wp-json\/wp\/v2\/pages\/37490\" data-token=\"7b13a87aaaf99b6db5199c4f53348865\" data-token-time=\"1776320262\"><noscript class=\"wpforms-error-noscript\">Aktivera JavaScript i din webbl\u00e4sare f\u00f6r att fylla i formul\u00e4ret.<\/noscript><div id=\"wpforms-error-noscript\" style=\"display: none;\">Aktivera JavaScript i din webbl\u00e4sare f\u00f6r att fylla i formul\u00e4ret.<\/div><div class=\"wpforms-field-container\"><div id=\"wpforms-22672-field_0-container\" class=\"wpforms-field wpforms-field-name\" data-field-id=\"0\"><label class=\"wpforms-field-label wpforms-label-hide\" for=\"wpforms-22672-field_0\" aria-hidden=\"false\">Namn <span class=\"wpforms-required-label\" aria-hidden=\"true\">*<\/span><\/label><input type=\"text\" id=\"wpforms-22672-field_0\" class=\"wpforms-field-large wpforms-field-required\" name=\"wpforms[fields][0]\" placeholder=\"Namn och efternamn\" aria-errormessage=\"wpforms-22672-field_0-error\" required><\/div>\t\t<div id=\"wpforms-22672-field_1-container\"\n\t\t\tclass=\"wpforms-field wpforms-field-text\"\n\t\t\tdata-field-type=\"text\"\n\t\t\tdata-field-id=\"1\"\n\t\t\t>\n\t\t\t<label class=\"wpforms-field-label\" for=\"wpforms-22672-field_1\" >Telefon Detaljer Sidans<\/label>\n\t\t\t<input type=\"text\" id=\"wpforms-22672-field_1\" class=\"wpforms-field-medium\" name=\"wpforms[fields][1]\" >\n\t\t<\/div>\n\t\t<div id=\"wpforms-22672-field_5-container\" class=\"wpforms-field wpforms-field-phone\" data-field-id=\"5\"><label class=\"wpforms-field-label wpforms-label-hide\" for=\"wpforms-22672-field_5\" aria-hidden=\"false\">Telefon <span class=\"wpforms-required-label\" aria-hidden=\"true\">*<\/span><\/label><input type=\"tel\" id=\"wpforms-22672-field_5\" class=\"wpforms-field-large wpforms-field-required wpforms-smart-phone-field\" data-rule-smart-phone-field=\"true\" name=\"wpforms[fields][5]\" aria-label=\"Telefon\" aria-errormessage=\"wpforms-22672-field_5-error\" required><\/div><div id=\"wpforms-22672-field_12-container\" class=\"wpforms-field wpforms-field-hidden\" data-field-id=\"12\"><input type=\"hidden\" id=\"wpforms-22672-field_12\" name=\"wpforms[fields][12]\"><\/div><div id=\"wpforms-22672-field_10-container\" class=\"wpforms-field wpforms-field-hidden\" data-field-id=\"10\"><input type=\"hidden\" id=\"wpforms-22672-field_10\" name=\"wpforms[fields][10]\" value=\"https:\/\/clinicmono.com\/sv\/wp-json\/wp\/v2\/pages\/37490 \"><\/div><div id=\"wpforms-22672-field_15-container\" class=\"wpforms-field wpforms-field-hidden\" data-field-id=\"15\"><input type=\"hidden\" id=\"wpforms-22672-field_15\" name=\"wpforms[fields][15]\" value=\" 216.73.216.60 {entry_geolocation} \"><\/div><script>\n\t\t\t\t( function() {\n\t\t\t\t\tconst style = document.createElement( 'style' );\n\t\t\t\t\tstyle.appendChild( document.createTextNode( '#wpforms-22672-field_1-container { position: absolute !important; overflow: hidden !important; display: inline !important; height: 1px !important; width: 1px !important; z-index: -1000 !important; padding: 0 !important; } #wpforms-22672-field_1-container input { visibility: hidden; } #wpforms-conversational-form-page #wpforms-22672-field_1-container label { counter-increment: none; }' ) );\n\t\t\t\t\tdocument.head.appendChild( style );\n\t\t\t\t\tdocument.currentScript?.remove();\n\t\t\t\t} )();\n\t\t\t<\/script><\/div><!-- .wpforms-field-container --><div class=\"wpforms-recaptcha-container wpforms-is-recaptcha wpforms-is-recaptcha-type-v3\" ><input type=\"hidden\" name=\"wpforms[recaptcha]\" value=\"\"><\/div><div class=\"wpforms-submit-container\" ><input type=\"hidden\" name=\"wpforms[id]\" value=\"22672\"><input type=\"hidden\" name=\"page_title\" value=\"\"><input type=\"hidden\" name=\"page_url\" value=\"https:\/\/clinicmono.com\/sv\/wp-json\/wp\/v2\/pages\/37490\"><input type=\"hidden\" name=\"url_referer\" value=\"\"><button type=\"submit\" name=\"wpforms[submit]\" id=\"wpforms-submit-22672\" class=\"wpforms-submit\" data-alt-text=\"Skickar...\" data-submit-text=\"F\u00e5 en kostnadsfri konsultation\" aria-live=\"assertive\" value=\"wpforms-submit\">F\u00e5 en kostnadsfri konsultation<\/button><img loading=\"lazy\" decoding=\"async\" src=\"https:\/\/clinicmono.com\/wp-content\/plugins\/wpforms\/assets\/images\/submit-spin.svg\" class=\"wpforms-submit-spinner\" style=\"display: none;\" width=\"26\" height=\"26\" alt=\"Laddar\"><\/div><\/form><\/div>  <!-- .wpforms-container --><\/div><\/div><\/div><\/div><\/div><\/div><\/div><\/div><\/div><\/section><section class=\"l-section wpb_row us_custom_0d5503c3 height_custom\"><div class=\"l-section-h i-cf\"><div class=\"g-cols vc_row via_flex valign_top type_default stacking_default\"><div class=\"vc_col-sm-12 wpb_column vc_column_container\"><div class=\"vc_column-inner\"><div class=\"wpb_wrapper\"><div class=\"g-cols wpb_row us_custom_1b04de86 via_flex valign_top type_default stacking_default\"><div class=\"vc_col-sm-8 wpb_column vc_column_container\"><div class=\"vc_column-inner\"><div class=\"wpb_wrapper\"><div class=\"w-hwrapper valign_top wrap align_left\"><div class=\"wpb_text_column\"><div class=\"wpb_wrapper\"><h4><a href=\"#procedures\">F\u00f6rfarande<\/a><\/h4>\n<\/div><\/div><div class=\"wpb_text_column\"><div class=\"wpb_wrapper\"><h4>|<\/h4>\n<\/div><\/div><div class=\"wpb_text_column\"><div class=\"wpb_wrapper\"><h4><a href=\"#cost\">Kostnad<\/a><\/h4>\n<\/div><\/div><div class=\"wpb_text_column\"><div class=\"wpb_wrapper\"><h4>|<\/h4>\n<\/div><\/div><div class=\"wpb_text_column\"><div class=\"wpb_wrapper\"><h4><a href=\"#clinic\">Klinik<\/a><\/h4>\n<\/div><\/div><div class=\"wpb_text_column\"><div class=\"wpb_wrapper\"><h4>|<\/h4>\n<\/div><\/div><div class=\"wpb_text_column\"><div class=\"wpb_wrapper\"><h4><a href=\"#recovery\">\u00c5terh\u00e4mtning<\/a><\/h4>\n<\/div><\/div><div class=\"wpb_text_column\"><div class=\"wpb_wrapper\"><h4>|<\/h4>\n<\/div><\/div><div class=\"wpb_text_column\"><div class=\"wpb_wrapper\"><h4><a href=\"#reviews\">Recensioner<\/a><\/h4>\n<\/div><\/div><div class=\"wpb_text_column\"><div class=\"wpb_wrapper\"><h4>|<\/h4>\n<\/div><\/div><div class=\"wpb_text_column\"><div class=\"wpb_wrapper\"><h4><a href=\"#surgeons\">Kirurger<\/a><\/h4>\n<\/div><\/div><div class=\"wpb_text_column\"><div class=\"wpb_wrapper\"><h4>|<\/h4>\n<\/div><\/div><div class=\"wpb_text_column\"><div class=\"wpb_wrapper\"><h4><a href=\"#faqs\">Fr\u00e5gor och svar<\/a><\/h4>\n<\/div><\/div><\/div><\/div><\/div><\/div><div class=\"vc_col-sm-4 wpb_column vc_column_container\"><div class=\"vc_column-inner\"><div class=\"wpb_wrapper\"><div class=\"wpb_text_column\"><div class=\"wpb_wrapper\"><h5 style=\"text-align: center;\"><strong>Granskad och godk\u00e4nd av<\/strong><\/h5>\n<\/div><\/div><div class=\"w-separator hide_on_default hide_on_laptops size_medium\"><\/div><\/div><\/div><\/div><\/div><div class=\"w-separator size_small\"><\/div><div class=\"g-cols wpb_row via_flex valign_top type_default stacking_default\" id=\"procedures\"><div class=\"vc_col-sm-12 wpb_column vc_column_container\"><div class=\"vc_column-inner\"><div class=\"wpb_wrapper\"><div class=\"wpb_text_column\"><div class=\"wpb_wrapper\"><h1>Neurokirurgi<\/h1>\n<p>  Neurokirurgi \u00e4r ett specialiserat omr\u00e5de inom medicin som fokuserar p\u00e5 att identifiera, behandla och kontrollera st\u00f6rningar i det komplexa neurologiska systemet.<br \/>\nHj\u00e4rnan, ryggm\u00e4rgen och nerverna i extremiteterna ing\u00e5r alla i nervsystemet.<\/p>\n<\/div><\/div><\/div><\/div><\/div><\/div><div class=\"w-separator size_small\"><\/div><div class=\"g-cols wpb_row via_flex valign_top type_default stacking_default\"><div class=\"vc_col-sm-12 wpb_column vc_column_container\"><div class=\"vc_column-inner\"><div class=\"wpb_wrapper\"><div class=\"wpb_text_column\"><div class=\"wpb_wrapper\"><h2>Typer av neurokirurgi<\/h2>\n<p>  Inom neurokirurgin anv\u00e4nds m\u00e5nga olika kirurgiska tekniker, och varje teknik \u00e4r avsedd att behandla ett s\u00e4rskilt och unikt problem som p\u00e5verkar det neurologiska systemet.<br \/>\nBland de vanligaste formerna av neurokirurgi \u00e4r: <strong>Kirurgi av hj\u00e4rntum\u00f6rer:<\/strong> Neurokirurger utf\u00f6r operationer f\u00f6r att eliminera eller behandla tum\u00f6rer och andra onormala utv\u00e4xter i hj\u00e4rnan. <strong>Epilepsikirurgi: <\/strong>Neurokirurgi kan hj\u00e4lpa personer med epilepsi vars anfall inte kan kontrolleras med medicin. <strong>Neurovaskul\u00e4r kirurgi:<\/strong> F\u00f6r att \u00e5tg\u00e4rda sjukdomar som aneurysm och arterioven\u00f6sa missbildningar (AVM) opererar neurokirurger blodk\u00e4rlen i hj\u00e4rnan. <strong>Pediatrisk neurokirurgi: <\/strong>Inom detta omr\u00e5de behandlar specialister barn med tum\u00f6rer, medf\u00f6dda sjukdomar och utvecklingsproblem.<\/p>\n<\/div><\/div><\/div><\/div><\/div><\/div><div class=\"w-separator size_small\"><\/div><div class=\"g-cols wpb_row via_flex valign_top type_default stacking_default\"><div class=\"vc_col-sm-12 wpb_column vc_column_container\"><div class=\"vc_column-inner\"><div class=\"wpb_wrapper\"><div class=\"wpb_text_column\"><div class=\"wpb_wrapper\"><h2>Vem \u00e4r neurokirurg?<\/h2>\n<p>  En neurokirurg \u00e4r en h\u00f6gutbildad och skicklig medicinsk specialist som har genomg\u00e5tt en omfattande utbildning i neurokirurgi.<br \/>\nDessa hj\u00e4rnkirurger \u00e4r experter p\u00e5 komplicerade fall eftersom de \u00e4r skickliga p\u00e5 att utf\u00f6ra komplexa kirurgiska behandlingar p\u00e5 det neurologiska systemet.<br \/>\nDe har ofta ett n\u00e4ra samarbete med andra specialister f\u00f6r att kunna erbjuda patienter med neurologiska problem fullst\u00e4ndig v\u00e5rd.<br \/>\nEtt sjukhus neurokirurgiska avdelning \u00e4r en specialiserad sektion som utv\u00e4rderar, diagnostiserar och hanterar neurologiska sjukdomar.<br \/>\nP\u00e5 avdelningen arbetar skickliga och erfarna neurokirurger och andra specialister inom sjukv\u00e5rden som samarbetar f\u00f6r att ge b\u00e4sta m\u00f6jliga v\u00e5rd.<\/p>\n<\/div><\/div><\/div><\/div><\/div><\/div><div class=\"w-separator size_small\"><\/div><div class=\"g-cols wpb_row via_flex valign_top type_default stacking_default\" id=\"clinic\"><div class=\"vc_col-sm-12 wpb_column vc_column_container\"><div class=\"vc_column-inner\"><div class=\"wpb_wrapper\"><div class=\"wpb_text_column\"><div class=\"wpb_wrapper\"><h2>Neurokirurgi genom klinik Mono<\/h2>\n<p>  Neurokirurgi \u00e4r ett specialiserat medicinskt omr\u00e5de som handlar om det komplexa neurologiska systemet, som inkluderar hj\u00e4rnan och ryggm\u00e4rgen.<br \/>\nAv m\u00e5nga \u00f6vertygande sk\u00e4l \u00e4r Clinic Mono i Turkiet det b\u00e4sta alternativet f\u00f6r dem som beh\u00f6ver s\u00e5dan specialiserad terapi.<br \/>\nN\u00e4r Clinic Monos kontrakterade hj\u00e4rnspecialister utf\u00f6r den n\u00f6dv\u00e4ndiga neurokirurgiska proceduren kommer du s\u00e4kert att f\u00e5 f\u00f6rstklassig behandling fr\u00e5n v\u00e4lutbildade och erfarna h\u00e4nder.<br \/>\nClinic Mono samarbetar med Turkiets skickligaste neurokirurger f\u00f6r att utf\u00f6ra neurokirurgiska operationer.<br \/>\nNeurokirurgi kr\u00e4ver noggrannhet, s\u00e5 vi investerar i de senaste medicinska tj\u00e4nsterna, innovationerna och teknologierna.<br \/>\nDe avancerade verktygen p\u00e5 Clinic Monos samarbetande v\u00e5rdinr\u00e4ttningar m\u00f6jligg\u00f6r noggranna processer, minskar riskerna och f\u00f6rb\u00e4ttrar resultaten.<br \/>\nMonos syn p\u00e5 neurokirurgi tar h\u00e4nsyn till att varje persons hj\u00e4rna \u00e4r lika unik som deras fingeravtryck, s\u00e5 vi erbjuder individualiserade behandlingar eftersom vi inser att varje patient \u00e4r unik.<\/p>\n<\/div><\/div><\/div><\/div><\/div><\/div><div class=\"vc_col-sm-12 wpb_column vc_column_container\"><div class=\"vc_column-inner\"><div class=\"wpb_wrapper\"><\/div><\/div><\/div><div class=\"w-separator size_small\"><\/div><div class=\"g-cols wpb_row via_flex valign_top type_default stacking_default\" id=\"surgeons\"><div class=\"vc_col-sm-12 wpb_column vc_column_container\"><div class=\"vc_column-inner\"><div class=\"wpb_wrapper\"><div class=\"wpb_text_column\"><div class=\"wpb_wrapper\"><h2>B\u00e4sta neurokirurger i Turkiet<\/h2>\n<p>  De hj\u00e4rnkirurger som \u00e4r knutna till Clinic Mono i Turkiet \u00e4r mycket skickliga och erfarna inom neurokirurgi.<br \/>\nInom ramen f\u00f6r samarbetet mellan Clinic Mono och v\u00e5rdinstitutioner som \u00e4r specialiserade p\u00e5 neurokirurgi anv\u00e4nder dessa beg\u00e5vade kirurger sin expertis f\u00f6r att behandla problem som hj\u00e4rntum\u00f6rer, aneurysmer och traumatiska hj\u00e4rnskador.<br \/>\nNeurokirurgiska operationer innefattar ofta komplexa ingrepp.<br \/>\nF\u00f6rdelarna med dessa behandlingar, som utf\u00f6rs av engagerade och skickliga neurokirurger, \u00e4r ov\u00e4rderliga p\u00e5 v\u00e4gen mot \u00e5terh\u00e4mtning.<br \/>\nClinic Mono samlar l\u00e4kare som anv\u00e4nder den senaste tekniken, t.ex. bilddiagnostik inom neurokirurgi, f\u00f6r att s\u00e4kerst\u00e4lla korrekt diagnos och behandlingsplanering f\u00f6r sina patienter.<br \/>\nNeurokirurgernas skicklighet \u00e4r avg\u00f6rande n\u00e4r det g\u00e4ller potentiellt d\u00f6dliga tillst\u00e5nd som blodproppar i hj\u00e4rnan.<br \/>\nDessa h\u00f6gspecialiserade medicinska experter \u00e4r oumb\u00e4rliga vid hanteringen av s\u00e5dana kriser och \u00e4r experter p\u00e5 komplexa neurologiska operationer.<\/p>\n<\/div><\/div><\/div><\/div><\/div><\/div><div class=\"w-separator size_small\"><\/div><div class=\"g-cols wpb_row via_flex valign_top type_default stacking_default\" id=\"cost\"><div class=\"vc_col-sm-12 wpb_column vc_column_container\"><div class=\"vc_column-inner\"><div class=\"wpb_wrapper\"><div class=\"wpb_text_column\"><div class=\"wpb_wrapper\"><h2>Neurokirurgi Priser i Turkiet<\/h2>\n<p>  \u00c4r du orolig f\u00f6r kostnaderna f\u00f6r neurokirurgi?<br \/>\nDe neurokirurgiska tj\u00e4nsterna som tillhandah\u00e5lls av Clinic Mono \u00e4r rimligt prissatta, vilket g\u00f6r att du kan f\u00e5 kvalitetsv\u00e5rd utan att kompromissa med kvaliteten p\u00e5 grund av kostnadsproblem.<br \/>\n\u00c4ven om kostnaden f\u00f6r neurokirurgi kan variera kan det vara avg\u00f6rande att hitta en p\u00e5litlig neurokirurgisk klinik och den perfekta neurokirurgen f\u00f6r att s\u00e4kerst\u00e4lla b\u00e4sta m\u00f6jliga resultat f\u00f6r patienten under s\u00e5dana omst\u00e4ndigheter.<br \/>\nDet \u00e4r vettigt att fr\u00e5ga om kostnaden f\u00f6r neurokirurgi n\u00e4r man \u00f6verv\u00e4ger ingreppet och dess medf\u00f6ljande kostnader.<br \/>\nKostnaden f\u00f6r neurokirurgi kan variera avsev\u00e4rt baserat p\u00e5 flera variabler, inklusive procedurens typ, fallets komplexitet och sjukhusets l\u00e4ge.<br \/>\nClinic Mono i Turkiet erbjuder dock prisv\u00e4rda neurokirurgiska tj\u00e4nster av h\u00f6g kvalitet.<br \/>\nDe skickliga hj\u00e4rnkirurgerna som Mono f\u00f6redrar \u00e4r auktoriteter inom sina yrken.<br \/>\nNeurologkirurger, ibland kallade hj\u00e4rnkirurger, \u00e4r experter p\u00e5 att behandla en rad olika sjukdomar i hj\u00e4rnan och nervsystemet.<\/p>\n<\/div><\/div><\/div><\/div><\/div><\/div><div class=\"w-separator size_small\"><\/div><div class=\"g-cols wpb_row via_flex valign_top type_default stacking_default\"><div class=\"vc_col-sm-12 wpb_column vc_column_container\"><div class=\"vc_column-inner\"><div class=\"wpb_wrapper\"><div class=\"w-html\"><table class=\"customTable\">\n  <thead>\n    <tr>\n      <th>Typ av procedur<\/th><th>Mono<\/th><th>Kostnad UK<\/th><th>Kostnad EU<\/th><th>Kostnad USA<\/th>\n    <\/tr>\n  <\/thead>\n  <tbody>\n    <tr>\n      <td>Neurokirurgi<\/td><td>\u00a34000-\u00a36000<\/td>\n      <td><\/td>\n      <td><\/td>\n      <td><\/td>\n    <\/tr>\n  <\/tbody>\n<\/table><\/div><\/div><\/div><\/div><\/div><div class=\"w-separator size_small\"><\/div><div class=\"g-cols wpb_row via_flex valign_top type_default stacking_default\" id=\"reviews\"><div class=\"vc_col-sm-12 wpb_column vc_column_container\"><div class=\"vc_column-inner\"><div class=\"wpb_wrapper\"><div class=\"wpb_text_column\"><div class=\"wpb_wrapper\"><h2>Neurokirurgi Turkiet Omd\u00f6men<\/h2>\n<p>  Patientutl\u00e5tanden inom neurokirurgi \u00e4r ett bevis p\u00e5 l\u00e4karnas professionalism och engagemang.<br \/>\nNeurokirurger prioriterar sina patienters v\u00e4lbefinnande och f\u00f6ljer strikta etiska normer.<br \/>\nPositiv eller negativ feedback v\u00e4rderas f\u00f6r att f\u00f6rb\u00e4ttra deras tj\u00e4nster.<br \/>\nSv\u00e5righetsgraden i neurokirurgiska operationer understryker v\u00e4rdet av uppriktiga omd\u00f6men.<br \/>\nPatienterna ger \u00e4rliga utv\u00e4rderingar eftersom de f\u00f6rst\u00e5r hur allvarlig deras situation \u00e4r.<br \/>\nDessa element garanterar giltigheten och integriteten hos neurokirurgiska recensioner, vilket g\u00f6r dem till en ov\u00e4rderlig resurs f\u00f6r personer som letar efter kvalificerad medicinsk hj\u00e4lp inom detta omr\u00e5de.<\/p>\n<\/div><\/div><\/div><\/div><\/div><\/div><div class=\"w-separator size_small\"><\/div><div class=\"g-cols wpb_row via_flex valign_top type_default stacking_default\" id=\"faqs\"><div class=\"vc_col-sm-12 wpb_column vc_column_container\"><div class=\"vc_column-inner\"><div class=\"wpb_wrapper\"><div class=\"wpb_text_column\"><div class=\"wpb_wrapper\"><h2>Neurokirurgi Vanliga fr\u00e5gor och svar<\/h2>\n<\/div><\/div><\/div><\/div><\/div><\/div><div class=\"w-separator size_small\"><\/div><div class=\"w-tabs style_default switch_click accordion has_scrolling\" style=\"--sections-title-size:inherit\"><div class=\"w-tabs-sections titles-align_none icon_chevron cpos_right\"><div class=\"w-tabs-section\" id=\"y1ca\"><button class=\"w-tabs-section-header\" aria-controls=\"content-y1ca\" aria-expanded=\"false\"><div class=\"w-tabs-section-title\">Vad g\u00f6r en neurokirurg?<br \/>\nVad \u00e4r neurokirurgi? <\/div><div class=\"w-tabs-section-control\"><\/div><\/button><div  class=\"w-tabs-section-content\" id=\"content-y1ca\"><div class=\"w-tabs-section-content-h i-cf\"><div class=\"wpb_text_column\"><div class=\"wpb_wrapper\"><p>Inom den specialiserade medicinska disciplinen neurokirurgi diagnostiseras, behandlas och hanteras neurologiska problem som p\u00e5verkar hj\u00e4rnan, ryggm\u00e4rgen och det perifera nervsystemet genom kirurgiska ingrepp.<\/p>\n<\/div><\/div><\/div><\/div><\/div><div class=\"w-tabs-section\" id=\"u401\"><button class=\"w-tabs-section-header\" aria-controls=\"content-u401\" aria-expanded=\"false\"><div class=\"w-tabs-section-title\">Vilka neurokirurgiska rutiningrepp finns det?<\/div><div class=\"w-tabs-section-control\"><\/div><\/button><div  class=\"w-tabs-section-content\" id=\"content-u401\"><div class=\"w-tabs-section-content-h i-cf\"><div class=\"wpb_text_column\"><div class=\"wpb_wrapper\"><p>Bland de m\u00e5nga ingrepp som omfattas av neurokirurgi finns avl\u00e4gsnande av hj\u00e4rntum\u00f6rer, ryggm\u00e4rgsoperationer, behandling av aneurysm och ingrepp vid traumatiska hj\u00e4rnskador.<br \/>\nVarje ingrepp \u00e4r anpassat f\u00f6r patientens unika tillst\u00e5nd.<\/p>\n<\/div><\/div><\/div><\/div><\/div><div class=\"w-tabs-section\" id=\"q625\"><button class=\"w-tabs-section-header\" aria-controls=\"content-q625\" aria-expanded=\"false\"><div class=\"w-tabs-section-title\">Hur mycket kostar neurokirurgi?<\/div><div class=\"w-tabs-section-control\"><\/div><\/button><div  class=\"w-tabs-section-content\" id=\"content-q625\"><div class=\"w-tabs-section-content-h i-cf\"><div class=\"wpb_text_column\"><div class=\"wpb_wrapper\"><p>Kostnaderna f\u00f6r neurokirurgi varierar beroende p\u00e5 vilken typ av ingrepp det r\u00f6r sig om och vilket sjukhus som utf\u00f6r ingreppet.<\/p>\n<\/div><\/div><\/div><\/div><\/div><\/div><\/div><\/div><\/div><\/div><\/div><\/div><\/section>\n","protected":false},"excerpt":{"rendered":"Neurokirurgi Sidor\u00d6versikt \u00f6ver f\u00f6rfarandenF\u00f6rfarandeOperationens l\u00e4ngdSjukhusvistelseAnestesiF\u00e5 en kostnadsfri konsultationAktivera JavaScript i din webbl\u00e4sare f\u00f6r att fylla i formul\u00e4ret.Aktivera JavaScript i din webbl\u00e4sare f\u00f6r att fylla i formul\u00e4ret.Namn * URL Namn f\u00f6r Telefon *F\u00e5 en kostnadsfri konsultation F\u00f6rfarande | Kostnad | Klinik | \u00c5terh\u00e4mtning | Recensioner | Kirurger | Fr\u00e5gor och svar Granskad och godk\u00e4nd av Neurokirurgi...","protected":false},"author":1,"featured_media":84909,"parent":37324,"menu_order":0,"comment_status":"closed","ping_status":"closed","template":"","meta":{"rank_math_lock_modified_date":false,"_mi_skip_tracking":false,"_monsterinsights_sitenote_active":false,"_monsterinsights_sitenote_note":"","_monsterinsights_sitenote_category":0,"_uf_show_specific_survey":0,"_uf_disable_surveys":false,"footnotes":""},"procedure":[319],"class_list":["post-37490","page","type-page","status-publish","has-post-thumbnail","hentry","procedure-brain-neurosurgery"],"_links":{"self":[{"href":"https:\/\/clinicmono.com\/sv\/wp-json\/wp\/v2\/pages\/37490"}],"collection":[{"href":"https:\/\/clinicmono.com\/sv\/wp-json\/wp\/v2\/pages"}],"about":[{"href":"https:\/\/clinicmono.com\/sv\/wp-json\/wp\/v2\/types\/page"}],"author":[{"embeddable":true,"href":"https:\/\/clinicmono.com\/sv\/wp-json\/wp\/v2\/users\/1"}],"replies":[{"embeddable":true,"href":"https:\/\/clinicmono.com\/sv\/wp-json\/wp\/v2\/comments?post=37490"}],"version-history":[{"count":30,"href":"https:\/\/clinicmono.com\/sv\/wp-json\/wp\/v2\/pages\/37490\/revisions"}],"predecessor-version":[{"id":136674,"href":"https:\/\/clinicmono.com\/sv\/wp-json\/wp\/v2\/pages\/37490\/revisions\/136674"}],"up":[{"embeddable":true,"href":"https:\/\/clinicmono.com\/sv\/wp-json\/wp\/v2\/pages\/37324"}],"wp:featuredmedia":[{"embeddable":true,"href":"https:\/\/clinicmono.com\/sv\/wp-json\/wp\/v2\/media\/84909"}],"wp:attachment":[{"href":"https:\/\/clinicmono.com\/sv\/wp-json\/wp\/v2\/media?parent=37490"}],"wp:term":[{"taxonomy":"procedure","embeddable":true,"href":"https:\/\/clinicmono.com\/sv\/wp-json\/wp\/v2\/procedure?post=37490"}],"curies":[{"name":"wp","href":"https:\/\/api.w.org\/{rel}","templated":true}]}}