{"id":152593,"date":"2025-04-24T11:14:07","date_gmt":"2025-04-24T11:14:07","guid":{"rendered":"https:\/\/clinicmono.com\/ortopedi\/"},"modified":"2025-05-07T14:20:02","modified_gmt":"2025-05-07T14:20:02","slug":"ortopedi","status":"publish","type":"page","link":"https:\/\/clinicmono.com\/sv\/ortopedi\/","title":{"rendered":"Ortopedi"},"content":{"rendered":"<section class=\"l-section wpb_row height_custom with_img\"><div class=\"l-section-img\" role=\"img\" aria-label=\"Bild\" data-img-width=\"1920\" data-img-height=\"400\" style=\"background-image: url(https:\/\/clinicmono.com\/wp-content\/uploads\/2023\/05\/call1.jpg);background-repeat: no-repeat;background-size: auto;\"><\/div><div class=\"l-section-h i-cf\"><div class=\"g-cols vc_row via_flex valign_top type_default stacking_default\"><div class=\"vc_col-sm-12 wpb_column vc_column_container\"><div class=\"vc_column-inner\"><div class=\"wpb_wrapper\"><div class=\"wpb_text_column\"><div class=\"wpb_wrapper\"><h1 style=\"text-align: center;\">Ortopedi<\/h1>\n<\/div><\/div><nav class=\"g-breadcrumbs separator_icon align_center hide_current\" itemscope itemtype=\"http:\/\/schema.org\/BreadcrumbList\"><div class=\"g-breadcrumbs-item\">Sidor<\/div><\/nav><\/div><\/div><\/div><\/div><\/div><\/section><section class=\"l-section wpb_row height_custom\"><div class=\"l-section-h i-cf\"><div class=\"g-cols vc_row via_flex valign_top type_default stacking_default\"><div class=\"vc_col-sm-12 wpb_column vc_column_container\"><div class=\"vc_column-inner\"><div class=\"wpb_wrapper\"><div class=\"w-grid us_grid box-category type_grid layout_24246 cols_3 preload_style_spinner ratio_16x9\" id=\"us_grid_1\" style=\"--columns:3;--gap:1.5rem;--item-ratio:0.5625;\"><style>@media (max-width:1024px){#us_grid_1{--columns:2!important}}@media (max-width:600px){#us_grid_1{--columns:1!important}}.layout_24246 .w-grid-item-h{background:var(--color-content-bg);color:var(--color-content-text);border-radius:0.3rem;box-shadow:0 0.03rem 0.06rem rgba(0,0,0,0.1),0 0.1rem 0.3rem rgba(0,0,0,0.1);transition-duration:0.3s}.no-touch .layout_24246 .w-grid-item-h:hover{box-shadow:0 0.1rem 0.2rem rgba(0,0,0,0.1),0 0.33rem 1rem rgba(0,0,0,0.15);z-index:4}.layout_24246 .usg_post_title_1{font-size:24px!important;margin-top:20px!important;margin-bottom:20px!important}<\/style><div class=\"w-grid-list\">\t<article class=\"w-grid-item size_1x1 post-152135 page type-page status-publish has-post-thumbnail hentry procedure-breast-surgeries\" data-id=\"152135\">\r\n\t\t<div class=\"w-grid-item-h\">\r\n\t\t\t\t\t\t<div class=\"w-post-elm post_image usg_post_image_1 stretched\"><a href=\"https:\/\/clinicmono.com\/sv\/ortopedi\/knaprotesoperation\/\" aria-label=\"Kn\u00e4protesoperation\"><img decoding=\"async\" width=\"1600\" height=\"938\" src=\"https:\/\/clinicmono.com\/wp-content\/uploads\/2025\/04\/knee_replacement_surgery.jpeg\" class=\"attachment-full size-full wp-post-image\" alt=\"\" srcset=\"https:\/\/clinicmono.com\/wp-content\/uploads\/2025\/04\/knee_replacement_surgery.jpeg 1600w, https:\/\/clinicmono.com\/wp-content\/uploads\/2025\/04\/knee_replacement_surgery-600x352.jpeg 600w, https:\/\/clinicmono.com\/wp-content\/uploads\/2025\/04\/knee_replacement_surgery-1024x600.jpeg 1024w\" sizes=\"(max-width: 1600px) 100vw, 1600px\" \/><\/a><\/div><h2 class=\"w-post-elm post_title usg_post_title_1 align_center entry-title color_link_inherit\"><a href=\"https:\/\/clinicmono.com\/sv\/ortopedi\/knaprotesoperation\/\">Kn\u00e4protesoperation<\/a><\/h2>\t\t<\/div>\r\n\t\t\t<\/article>\r\n\t<article class=\"w-grid-item size_1x1 post-152163 page type-page status-publish has-post-thumbnail hentry procedure-breast-surgeries\" data-id=\"152163\">\r\n\t\t<div class=\"w-grid-item-h\">\r\n\t\t\t\t\t\t<div class=\"w-post-elm post_image usg_post_image_1 stretched\"><a href=\"https:\/\/clinicmono.com\/sv\/ortopedi\/hoftledsbyte\/\" aria-label=\"H\u00f6ftledsbyte\"><img decoding=\"async\" width=\"1440\" height=\"960\" src=\"https:\/\/clinicmono.com\/wp-content\/uploads\/2025\/05\/hip_replacement_surgery.jpg\" class=\"attachment-full size-full wp-post-image\" alt=\"\" srcset=\"https:\/\/clinicmono.com\/wp-content\/uploads\/2025\/05\/hip_replacement_surgery.jpg 1440w, https:\/\/clinicmono.com\/wp-content\/uploads\/2025\/05\/hip_replacement_surgery-600x400.jpg 600w, https:\/\/clinicmono.com\/wp-content\/uploads\/2025\/05\/hip_replacement_surgery-1024x683.jpg 1024w\" sizes=\"(max-width: 1440px) 100vw, 1440px\" \/><\/a><\/div><h2 class=\"w-post-elm post_title usg_post_title_1 align_center entry-title color_link_inherit\"><a href=\"https:\/\/clinicmono.com\/sv\/ortopedi\/hoftledsbyte\/\">H\u00f6ftledsbyte<\/a><\/h2>\t\t<\/div>\r\n\t\t\t<\/article>\r\n\t<article class=\"w-grid-item size_1x1 post-152206 page type-page status-publish has-post-thumbnail hentry procedure-breast-surgeries\" data-id=\"152206\">\r\n\t\t<div class=\"w-grid-item-h\">\r\n\t\t\t\t\t\t<div class=\"w-post-elm post_image usg_post_image_1 stretched\"><a href=\"https:\/\/clinicmono.com\/sv\/ortopedi\/axelprotes\/\" aria-label=\"Axelprotes\"><img decoding=\"async\" width=\"1132\" height=\"500\" src=\"https:\/\/clinicmono.com\/wp-content\/uploads\/2025\/04\/shoulder_replacement_surgery.jpg\" class=\"attachment-full size-full wp-post-image\" alt=\"\" srcset=\"https:\/\/clinicmono.com\/wp-content\/uploads\/2025\/04\/shoulder_replacement_surgery.jpg 1132w, https:\/\/clinicmono.com\/wp-content\/uploads\/2025\/04\/shoulder_replacement_surgery-600x265.jpg 600w, https:\/\/clinicmono.com\/wp-content\/uploads\/2025\/04\/shoulder_replacement_surgery-1024x452.jpg 1024w\" sizes=\"(max-width: 1132px) 100vw, 1132px\" \/><\/a><\/div><h2 class=\"w-post-elm post_title usg_post_title_1 align_center entry-title color_link_inherit\"><a href=\"https:\/\/clinicmono.com\/sv\/ortopedi\/axelprotes\/\">Axelprotes<\/a><\/h2>\t\t<\/div>\r\n\t\t\t<\/article>\r\n\t<article class=\"w-grid-item size_1x1 post-152269 page type-page status-publish has-post-thumbnail hentry procedure-orthopedics\" data-id=\"152269\">\r\n\t\t<div class=\"w-grid-item-h\">\r\n\t\t\t\t\t\t<div class=\"w-post-elm post_image usg_post_image_1 stretched\"><a href=\"https:\/\/clinicmono.com\/sv\/ortopedi\/kirurgi-for-framre-korsbandsruptur\/\" aria-label=\"Kirurgi f\u00f6r fr\u00e4mre korsbandsruptur\"><img decoding=\"async\" width=\"1280\" height=\"720\" src=\"https:\/\/clinicmono.com\/wp-content\/uploads\/2025\/05\/Anterior_Cruciate_Ligament_Tear_Surgery.jpg\" class=\"attachment-full size-full wp-post-image\" alt=\"\" srcset=\"https:\/\/clinicmono.com\/wp-content\/uploads\/2025\/05\/Anterior_Cruciate_Ligament_Tear_Surgery.jpg 1280w, https:\/\/clinicmono.com\/wp-content\/uploads\/2025\/05\/Anterior_Cruciate_Ligament_Tear_Surgery-600x338.jpg 600w, https:\/\/clinicmono.com\/wp-content\/uploads\/2025\/05\/Anterior_Cruciate_Ligament_Tear_Surgery-1024x576.jpg 1024w, https:\/\/clinicmono.com\/wp-content\/uploads\/2025\/05\/Anterior_Cruciate_Ligament_Tear_Surgery-800x450.jpg 800w\" sizes=\"(max-width: 1280px) 100vw, 1280px\" \/><\/a><\/div><h2 class=\"w-post-elm post_title usg_post_title_1 align_center entry-title color_link_inherit\"><a href=\"https:\/\/clinicmono.com\/sv\/ortopedi\/kirurgi-for-framre-korsbandsruptur\/\">Kirurgi f\u00f6r fr\u00e4mre korsbandsruptur<\/a><\/h2>\t\t<\/div>\r\n\t\t\t<\/article>\r\n\t<article class=\"w-grid-item size_1x1 post-152319 page type-page status-publish has-post-thumbnail hentry procedure-orthopedics\" data-id=\"152319\">\r\n\t\t<div class=\"w-grid-item-h\">\r\n\t\t\t\t\t\t<div class=\"w-post-elm post_image usg_post_image_1 stretched\"><a href=\"https:\/\/clinicmono.com\/sv\/ortopedi\/artroskopisk-knakirurgi\/\" aria-label=\"Artroskopisk kn\u00e4kirurgi\"><img decoding=\"async\" width=\"1000\" height=\"562\" src=\"https:\/\/clinicmono.com\/wp-content\/uploads\/2025\/05\/Arthroscopic_Knee_Surgery.png\" class=\"attachment-full size-full wp-post-image\" alt=\"\" srcset=\"https:\/\/clinicmono.com\/wp-content\/uploads\/2025\/05\/Arthroscopic_Knee_Surgery.png 1000w, https:\/\/clinicmono.com\/wp-content\/uploads\/2025\/05\/Arthroscopic_Knee_Surgery-600x337.png 600w, https:\/\/clinicmono.com\/wp-content\/uploads\/2025\/05\/Arthroscopic_Knee_Surgery-800x450.png 800w\" sizes=\"(max-width: 1000px) 100vw, 1000px\" \/><\/a><\/div><h2 class=\"w-post-elm post_title usg_post_title_1 align_center entry-title color_link_inherit\"><a href=\"https:\/\/clinicmono.com\/sv\/ortopedi\/artroskopisk-knakirurgi\/\">Artroskopisk kn\u00e4kirurgi<\/a><\/h2>\t\t<\/div>\r\n\t\t\t<\/article>\r\n\t<article class=\"w-grid-item size_1x1 post-152358 page type-page status-publish has-post-thumbnail hentry procedure-orthopedics\" data-id=\"152358\">\r\n\t\t<div class=\"w-grid-item-h\">\r\n\t\t\t\t\t\t<div class=\"w-post-elm post_image usg_post_image_1 stretched\"><a href=\"https:\/\/clinicmono.com\/sv\/ortopedi\/artroskopisk-axelkirurgi\/\" aria-label=\"Artroskopisk axelkirurgi\"><img decoding=\"async\" width=\"1500\" height=\"564\" src=\"https:\/\/clinicmono.com\/wp-content\/uploads\/2025\/05\/Arthroscopic_Shoulder_Surgery-1.jpg\" class=\"attachment-full size-full wp-post-image\" alt=\"\" srcset=\"https:\/\/clinicmono.com\/wp-content\/uploads\/2025\/05\/Arthroscopic_Shoulder_Surgery-1.jpg 1500w, https:\/\/clinicmono.com\/wp-content\/uploads\/2025\/05\/Arthroscopic_Shoulder_Surgery-1-600x226.jpg 600w, https:\/\/clinicmono.com\/wp-content\/uploads\/2025\/05\/Arthroscopic_Shoulder_Surgery-1-1024x385.jpg 1024w\" sizes=\"(max-width: 1500px) 100vw, 1500px\" \/><\/a><\/div><h2 class=\"w-post-elm post_title usg_post_title_1 align_center entry-title color_link_inherit\"><a href=\"https:\/\/clinicmono.com\/sv\/ortopedi\/artroskopisk-axelkirurgi\/\">Artroskopisk axelkirurgi<\/a><\/h2>\t\t<\/div>\r\n\t\t\t<\/article>\r\n\t<article class=\"w-grid-item size_1x1 post-152383 page type-page status-publish has-post-thumbnail hentry procedure-orthopedics\" data-id=\"152383\">\r\n\t\t<div class=\"w-grid-item-h\">\r\n\t\t\t\t\t\t<div class=\"w-post-elm post_image usg_post_image_1 stretched\"><a href=\"https:\/\/clinicmono.com\/sv\/ortopedi\/skoliose-operation\/\" aria-label=\"Skoliose-Operation\"><img decoding=\"async\" width=\"1280\" height=\"853\" src=\"https:\/\/clinicmono.com\/wp-content\/uploads\/2025\/05\/scoliosis_surgery.jpg\" class=\"attachment-full size-full wp-post-image\" alt=\"\" srcset=\"https:\/\/clinicmono.com\/wp-content\/uploads\/2025\/05\/scoliosis_surgery.jpg 1280w, https:\/\/clinicmono.com\/wp-content\/uploads\/2025\/05\/scoliosis_surgery-600x400.jpg 600w, https:\/\/clinicmono.com\/wp-content\/uploads\/2025\/05\/scoliosis_surgery-1024x682.jpg 1024w\" sizes=\"(max-width: 1280px) 100vw, 1280px\" \/><\/a><\/div><h2 class=\"w-post-elm post_title usg_post_title_1 align_center entry-title color_link_inherit\"><a href=\"https:\/\/clinicmono.com\/sv\/ortopedi\/skoliose-operation\/\">Skoliose-Operation<\/a><\/h2>\t\t<\/div>\r\n\t\t\t<\/article>\r\n\t<article class=\"w-grid-item size_1x1 post-152407 page type-page status-publish has-post-thumbnail hentry procedure-orthopedics\" data-id=\"152407\">\r\n\t\t<div class=\"w-grid-item-h\">\r\n\t\t\t\t\t\t<div class=\"w-post-elm post_image usg_post_image_1 stretched\"><a href=\"https:\/\/clinicmono.com\/sv\/ortopedi\/nervkompressionskirurgi\/\" aria-label=\"Nervkompressionskirurgi\"><img decoding=\"async\" width=\"880\" height=\"660\" src=\"https:\/\/clinicmono.com\/wp-content\/uploads\/2025\/05\/Nerve_Compression_Surgery.webp\" class=\"attachment-full size-full wp-post-image\" alt=\"\" srcset=\"https:\/\/clinicmono.com\/wp-content\/uploads\/2025\/05\/Nerve_Compression_Surgery.webp 880w, https:\/\/clinicmono.com\/wp-content\/uploads\/2025\/05\/Nerve_Compression_Surgery-600x450.webp 600w\" sizes=\"(max-width: 880px) 100vw, 880px\" \/><\/a><\/div><h2 class=\"w-post-elm post_title usg_post_title_1 align_center entry-title color_link_inherit\"><a href=\"https:\/\/clinicmono.com\/sv\/ortopedi\/nervkompressionskirurgi\/\">Nervkompressionskirurgi<\/a><\/h2>\t\t<\/div>\r\n\t\t\t<\/article>\r\n\t<article class=\"w-grid-item size_1x1 post-152430 page type-page status-publish has-post-thumbnail hentry procedure-orthopedics\" data-id=\"152430\">\r\n\t\t<div class=\"w-grid-item-h\">\r\n\t\t\t\t\t\t<div class=\"w-post-elm post_image usg_post_image_1 stretched\"><a href=\"https:\/\/clinicmono.com\/sv\/ortopedi\/forlangningskirurgi\/\" aria-label=\"F\u00f6rl\u00e4ngningskirurgi\"><img decoding=\"async\" width=\"1487\" height=\"837\" src=\"https:\/\/clinicmono.com\/wp-content\/uploads\/2025\/05\/Lengthening_Surgery.jpg\" class=\"attachment-full size-full wp-post-image\" alt=\"\" srcset=\"https:\/\/clinicmono.com\/wp-content\/uploads\/2025\/05\/Lengthening_Surgery.jpg 1487w, https:\/\/clinicmono.com\/wp-content\/uploads\/2025\/05\/Lengthening_Surgery-600x338.jpg 600w, https:\/\/clinicmono.com\/wp-content\/uploads\/2025\/05\/Lengthening_Surgery-1024x576.jpg 1024w, https:\/\/clinicmono.com\/wp-content\/uploads\/2025\/05\/Lengthening_Surgery-800x450.jpg 800w\" sizes=\"(max-width: 1487px) 100vw, 1487px\" \/><\/a><\/div><h2 class=\"w-post-elm post_title usg_post_title_1 align_center entry-title color_link_inherit\"><a href=\"https:\/\/clinicmono.com\/sv\/ortopedi\/forlangningskirurgi\/\">F\u00f6rl\u00e4ngningskirurgi<\/a><\/h2>\t\t<\/div>\r\n\t\t\t<\/article>\r\n<\/div>\t<div class=\"w-grid-preloader\">\r\n\t\t<div class=\"g-preloader type_1\">\r\n\t\t\t<div><\/div>\r\n\t\t<\/div>\r\n\t<\/div>\r\n\t\t<div class=\"w-grid-json hidden\" onclick='return {&quot;action&quot;:&quot;us_ajax_grid&quot;,&quot;infinite_scroll&quot;:0,&quot;max_num_pages&quot;:1,&quot;pagination&quot;:&quot;none&quot;,&quot;template_vars&quot;:{&quot;columns&quot;:&quot;3&quot;,&quot;exclude_items&quot;:&quot;none&quot;,&quot;img_size&quot;:&quot;full&quot;,&quot;ignore_items_size&quot;:0,&quot;items_layout&quot;:&quot;24246&quot;,&quot;items_offset&quot;:&quot;1&quot;,&quot;load_animation&quot;:&quot;none&quot;,&quot;overriding_link&quot;:&quot;%7B%22url%22%3A%22%22%7D&quot;,&quot;post_id&quot;:0,&quot;query_args&quot;:{&quot;ignore_sticky_posts&quot;:1,&quot;post_type&quot;:&quot;any&quot;,&quot;post__in&quot;:[&quot;152004&quot;,&quot;152141&quot;,&quot;152170&quot;,&quot;152261&quot;,&quot;152304&quot;,&quot;152325&quot;,&quot;152368&quot;,&quot;152389&quot;,&quot;152413&quot;],&quot;tax_query&quot;:[{&quot;taxonomy&quot;:&quot;product_visibility&quot;,&quot;field&quot;:&quot;slug&quot;,&quot;terms&quot;:[&quot;exclude-from-catalog&quot;],&quot;operator&quot;:&quot;NOT IN&quot;}],&quot;posts_per_page&quot;:&quot;10&quot;},&quot;orderby_query_args&quot;:{&quot;orderby&quot;:{&quot;post__in&quot;:&quot;ASC&quot;},&quot;order&quot;:&quot;ASC&quot;},&quot;type&quot;:&quot;grid&quot;,&quot;us_grid_post_type&quot;:&quot;ids&quot;,&quot;us_grid_ajax_index&quot;:1,&quot;us_grid_filter_query_string&quot;:null,&quot;us_grid_index&quot;:1,&quot;page_args&quot;:[],&quot;lang&quot;:&quot;sv&quot;}}'><\/div>\r\n\t<\/div><div class=\"w-separator size_medium\"><\/div><\/div><\/div><\/div><\/div><\/div><\/section>\n","protected":false},"excerpt":{"rendered":"F\u00f6rl\u00e4ngningskirurgi Sidor\u00d6versikt \u00f6ver f\u00f6rfarandenF\u00f6rfarandeSeparering av benfragment med hj\u00e4lp av ett snitt i benomr\u00e5det och placering av en speciell anordning p\u00e5 benets tv\u00e5 \u00e4ndar i syfte att f\u00f6rl\u00e4nga Operationens l\u00e4ngd2 timmar Sjukhusvistelse2 dagar AnestesiGenerell anestesi F\u00e5 gratis konsultationAktivera JavaScript i din webbl\u00e4sare f\u00f6r att fylla i formul\u00e4ret.Aktivera JavaScript i din webbl\u00e4sare f\u00f6r att fylla i formul\u00e4ret.Namn...","protected":false},"author":1,"featured_media":152011,"parent":0,"menu_order":2,"comment_status":"closed","ping_status":"closed","template":"","meta":{"_mi_skip_tracking":false,"_monsterinsights_sitenote_active":false,"_monsterinsights_sitenote_note":"","_monsterinsights_sitenote_category":0,"_uf_show_specific_survey":0,"_uf_disable_surveys":false,"footnotes":""},"procedure":[569],"class_list":["post-152593","page","type-page","status-publish","has-post-thumbnail","hentry","procedure-orthopedics"],"_links":{"self":[{"href":"https:\/\/clinicmono.com\/sv\/wp-json\/wp\/v2\/pages\/152593","targetHints":{"allow":["GET"]}}],"collection":[{"href":"https:\/\/clinicmono.com\/sv\/wp-json\/wp\/v2\/pages"}],"about":[{"href":"https:\/\/clinicmono.com\/sv\/wp-json\/wp\/v2\/types\/page"}],"author":[{"embeddable":true,"href":"https:\/\/clinicmono.com\/sv\/wp-json\/wp\/v2\/users\/1"}],"replies":[{"embeddable":true,"href":"https:\/\/clinicmono.com\/sv\/wp-json\/wp\/v2\/comments?post=152593"}],"version-history":[{"count":0,"href":"https:\/\/clinicmono.com\/sv\/wp-json\/wp\/v2\/pages\/152593\/revisions"}],"wp:featuredmedia":[{"embeddable":true,"href":"https:\/\/clinicmono.com\/sv\/wp-json\/wp\/v2\/media\/152011"}],"wp:attachment":[{"href":"https:\/\/clinicmono.com\/sv\/wp-json\/wp\/v2\/media?parent=152593"}],"wp:term":[{"taxonomy":"procedure","embeddable":true,"href":"https:\/\/clinicmono.com\/sv\/wp-json\/wp\/v2\/procedure?post=152593"}],"curies":[{"name":"wp","href":"https:\/\/api.w.org\/{rel}","templated":true}]}}