{"id":152430,"date":"2025-05-07T10:19:30","date_gmt":"2025-05-07T10:19:30","guid":{"rendered":"https:\/\/clinicmono.com\/forlangningskirurgi\/"},"modified":"2025-05-07T14:20:03","modified_gmt":"2025-05-07T14:20:03","slug":"forlangningskirurgi","status":"publish","type":"page","link":"https:\/\/clinicmono.com\/sv\/ortopedi\/forlangningskirurgi\/","title":{"rendered":"F\u00f6rl\u00e4ngningskirurgi"},"content":{"rendered":"<section class=\"l-section wpb_row height_custom with_img\"><div class=\"l-section-img\" role=\"img\" aria-label=\"Bild\" data-img-width=\"1487\" data-img-height=\"837\" style=\"background-image: url(https:\/\/clinicmono.com\/wp-content\/uploads\/2025\/05\/Lengthening_Surgery.jpg);background-repeat: no-repeat;\"><\/div><div class=\"l-section-overlay\" style=\"background:rgba(0,0,0,0.47)\"><\/div><div class=\"l-section-h i-cf\"><div class=\"g-cols vc_row via_flex valign_top type_default stacking_default\"><div class=\"vc_col-sm-12 wpb_column vc_column_container\"><div class=\"vc_column-inner\"><div class=\"wpb_wrapper\"><div class=\"wpb_text_column us_custom_8b3d6790 has_text_color\"><div class=\"wpb_wrapper\"><h1 style=\"text-align: center;\">F\u00f6rl\u00e4ngningskirurgi<\/h1>\n<\/div><\/div><div class=\"w-separator size_small\"><\/div><nav class=\"g-breadcrumbs us_custom_8b3d6790 has_text_color separator_icon align_center hide_current\" itemscope itemtype=\"http:\/\/schema.org\/BreadcrumbList\"><div class=\"g-breadcrumbs-item\">Sidor<\/div><\/nav><div class=\"w-separator size_small\"><\/div><\/div><\/div><\/div><\/div><\/div><\/section><section class=\"l-section wpb_row height_small\"><div class=\"l-section-h i-cf\"><div class=\"g-cols vc_row via_flex valign_top type_default stacking_default\"><div class=\"vc_col-sm-8 wpb_column vc_column_container\"><div class=\"vc_column-inner\"><div class=\"wpb_wrapper\"><div class=\"g-cols wpb_row us_custom_edec6ef0 via_flex valign_top type_default stacking_default\"><div class=\"vc_col-sm-12 wpb_column vc_column_container\"><div class=\"vc_column-inner\"><div class=\"wpb_wrapper\"><h3 class=\"w-text\"><span class=\"w-text-h\"><span class=\"w-text-value\">\u00d6versikt \u00f6ver f\u00f6rfaranden<\/span><\/span><\/h3><div class=\"w-separator size_small\"><\/div><div class=\"w-iconbox iconpos_left style_default color_primary align_left\"><div class=\"w-iconbox-icon\" style=\"font-size:1.4rem;\"><i class=\"fas fa-procedures\"><\/i><\/div><div class=\"w-iconbox-meta\"><h4 class=\"w-iconbox-title\">F\u00f6rfarande<\/h4><div class=\"w-iconbox-text\"><p>Separering av benfragment med hj\u00e4lp av ett snitt i benomr\u00e5det och placering av en speciell anordning p\u00e5 benets tv\u00e5 \u00e4ndar i syfte att f\u00f6rl\u00e4nga<strong><br \/>\n<\/strong><\/p>\n<\/div><\/div><\/div><div class=\"w-separator size_small\"><\/div><div class=\"w-iconbox iconpos_left style_default color_primary align_left\"><div class=\"w-iconbox-icon\" style=\"font-size:1rem;\"><i class=\"fas fa-clock\"><\/i><\/div><div class=\"w-iconbox-meta\"><h4 class=\"w-iconbox-title\">Operationens l\u00e4ngd<\/h4><div class=\"w-iconbox-text\"><p>2 timmar<\/p>\n<div id=\"gtx-trans\" style=\"position: absolute; left: 105px; top: 30.8px;\">\n<div class=\"gtx-trans-icon\"><\/div>\n<\/div>\n<\/div><\/div><\/div><div class=\"w-separator size_small\"><\/div><div class=\"w-iconbox iconpos_left style_default color_primary align_left\"><div class=\"w-iconbox-icon\" style=\"font-size:1rem;\"><i class=\"fas fa-hospital\"><\/i><\/div><div class=\"w-iconbox-meta\"><h4 class=\"w-iconbox-title\">Sjukhusvistelse<\/h4><div class=\"w-iconbox-text\"><p>2 dagar<\/p>\n<\/div><\/div><\/div><div class=\"w-separator size_small\"><\/div><div class=\"w-iconbox iconpos_left style_default color_primary align_left\"><div class=\"w-iconbox-icon\" style=\"font-size:1rem;\"><i class=\"fas fa-syringe\"><\/i><\/div><div class=\"w-iconbox-meta\"><h4 class=\"w-iconbox-title\">Anestesi<\/h4><div class=\"w-iconbox-text\"><p>Generell anestesi<\/p>\n<\/div><\/div><\/div><\/div><\/div><\/div><\/div><\/div><\/div><\/div><div class=\"vc_col-sm-4 wpb_column vc_column_container\"><div class=\"vc_column-inner\"><div class=\"wpb_wrapper\"><div class=\"g-cols wpb_row us_custom_c5a47681 via_flex valign_top type_default stacking_default\"><div class=\"vc_col-sm-12 wpb_column vc_column_container\"><div class=\"vc_column-inner\"><div class=\"wpb_wrapper\"><h3 class=\"w-text\"><span class=\"w-text-h\"><span class=\"w-text-value\">F\u00e5 gratis konsultation<\/span><\/span><\/h3><div class=\"w-separator size_small\"><\/div><div class=\"wpforms-container wpforms-render-modern\" id=\"wpforms-22672\"><form id=\"wpforms-form-22672\" class=\"wpforms-validate wpforms-form wpforms-ajax-form\" data-formid=\"22672\" method=\"post\" enctype=\"multipart\/form-data\" action=\"\/sv\/wp-json\/wp\/v2\/pages\/152430\" data-token=\"c00d6b63d87b9e2c26ae57906136bb21\" data-token-time=\"1776848764\"><noscript class=\"wpforms-error-noscript\">Aktivera JavaScript i din webbl\u00e4sare f\u00f6r att fylla i formul\u00e4ret.<\/noscript><div id=\"wpforms-error-noscript\" style=\"display: none;\">Aktivera JavaScript i din webbl\u00e4sare f\u00f6r att fylla i formul\u00e4ret.<\/div><div class=\"wpforms-field-container\"><div id=\"wpforms-22672-field_0-container\" class=\"wpforms-field wpforms-field-name\" data-field-id=\"0\"><label class=\"wpforms-field-label wpforms-label-hide\" for=\"wpforms-22672-field_0\" aria-hidden=\"false\">Namn <span class=\"wpforms-required-label\" aria-hidden=\"true\">*<\/span><\/label><input type=\"text\" id=\"wpforms-22672-field_0\" class=\"wpforms-field-large wpforms-field-required\" name=\"wpforms[fields][0]\" placeholder=\"Namn och efternamn\" aria-errormessage=\"wpforms-22672-field_0-error\" required><\/div><div id=\"wpforms-22672-field_5-container\" class=\"wpforms-field wpforms-field-phone\" data-field-id=\"5\"><label class=\"wpforms-field-label wpforms-label-hide\" for=\"wpforms-22672-field_5\" aria-hidden=\"false\">Telefon <span class=\"wpforms-required-label\" aria-hidden=\"true\">*<\/span><\/label><input type=\"tel\" id=\"wpforms-22672-field_5\" class=\"wpforms-field-large wpforms-field-required wpforms-smart-phone-field\" data-rule-smart-phone-field=\"true\" name=\"wpforms[fields][5]\" aria-label=\"Telefon\" aria-errormessage=\"wpforms-22672-field_5-error\" required><\/div><div id=\"wpforms-22672-field_12-container\" class=\"wpforms-field wpforms-field-hidden\" data-field-id=\"12\"><input type=\"hidden\" id=\"wpforms-22672-field_12\" name=\"wpforms[fields][12]\"><\/div><div id=\"wpforms-22672-field_10-container\" class=\"wpforms-field wpforms-field-hidden\" data-field-id=\"10\"><input type=\"hidden\" id=\"wpforms-22672-field_10\" name=\"wpforms[fields][10]\" value=\"https:\/\/clinicmono.com\/sv\/wp-json\/wp\/v2\/pages\/152430 \"><\/div><div id=\"wpforms-22672-field_15-container\" class=\"wpforms-field wpforms-field-hidden\" data-field-id=\"15\"><input type=\"hidden\" id=\"wpforms-22672-field_15\" name=\"wpforms[fields][15]\" value=\" 216.73.217.63 Columbus, Ohio, US\r\n39.9587, -82.9987 \"><\/div><\/div><!-- .wpforms-field-container --><div class=\"wpforms-recaptcha-container wpforms-is-recaptcha wpforms-is-recaptcha-type-v3\" ><input type=\"hidden\" name=\"wpforms[recaptcha]\" value=\"\"><\/div><div class=\"wpforms-submit-container\" ><input type=\"hidden\" name=\"wpforms[id]\" value=\"22672\"><input type=\"hidden\" name=\"page_title\" value=\"\"><input type=\"hidden\" name=\"page_url\" value=\"https:\/\/clinicmono.com\/sv\/wp-json\/wp\/v2\/pages\/152430\"><input type=\"hidden\" name=\"url_referer\" value=\"\"><button type=\"submit\" name=\"wpforms[submit]\" id=\"wpforms-submit-22672\" class=\"wpforms-submit\" data-alt-text=\"Skickar...\" data-submit-text=\"F\u00e5 en kostnadsfri konsultation\" aria-live=\"assertive\" value=\"wpforms-submit\">F\u00e5 en kostnadsfri konsultation<\/button><img decoding=\"async\" src=\"https:\/\/clinicmono.com\/wp-content\/plugins\/wpforms\/assets\/images\/submit-spin.svg\" class=\"wpforms-submit-spinner\" style=\"display: none;\" width=\"26\" height=\"26\" alt=\"Laddar\"><\/div><\/form><\/div>  <!-- .wpforms-container --><\/div><\/div><\/div><\/div><\/div><\/div><\/div><\/div><\/div><\/section><section class=\"l-section wpb_row us_custom_72622016 height_custom\"><div class=\"l-section-h i-cf\"><div class=\"g-cols vc_row via_flex valign_top type_default stacking_default\"><div class=\"vc_col-sm-12 wpb_column vc_column_container\"><div class=\"vc_column-inner\"><div class=\"wpb_wrapper\"><div class=\"w-separator size_small\"><\/div><div class=\"g-cols wpb_row via_flex valign_top type_default stacking_default\" id=\"procedures\"><div class=\"vc_col-sm-12 wpb_column vc_column_container\"><div class=\"vc_column-inner\"><div class=\"wpb_wrapper\"><div class=\"wpb_text_column\"><div class=\"wpb_wrapper\"><p>F\u00f6rl\u00e4ngningskirurgi \u00e4r ett kirurgiskt ingrepp som f\u00f6redras av sk\u00e4l som medf\u00f6dd kortv\u00e4xthet, utvecklingsst\u00f6rning, asymmetriska lemmar eller estetiska problem. Denna metod, som i den medicinska litteraturen kallas \u201ddistraktionsosteogenes\u201d, bygger p\u00e5 en kontrollerad f\u00f6rl\u00e4ngning av benen. Under de senaste \u00e5ren har \u00e4ven operationer f\u00f6r att f\u00f6rl\u00e4nga l\u00e4ngden av estetiska sk\u00e4l \u00f6kat. Denna process kr\u00e4ver dock t\u00e5lamod, disciplin och professionell uppf\u00f6ljning.<\/p>\n<\/div><\/div><\/div><\/div><\/div><\/div><div class=\"w-separator size_small\"><\/div><div class=\"g-cols wpb_row via_flex valign_top type_default stacking_default\" id=\"quicklook\"><div class=\"vc_col-sm-12 wpb_column vc_column_container\"><div class=\"vc_column-inner\"><div class=\"wpb_wrapper\"><div class=\"wpb_text_column\"><div class=\"wpb_wrapper\"><h3><strong>Hur utf\u00f6rs h\u00f6jdf\u00f6rl\u00e4ngande kirurgi?<\/strong><\/h3>\n<p>Huvudsyftet med operationen, \u00e4ven k\u00e4nd som \u201dbenf\u00f6rl\u00e4ngningsmetoden\u201d eller \u201dilizarov-tekniken\u201d, \u00e4r att \u00f6ka personens h\u00f6jd. Vid en f\u00f6rl\u00e4ngningskirurgi som utf\u00f6rs under allm\u00e4n anestesi separeras benfragment genom ett kontrollerat snitt i benomr\u00e5det. Sedan placeras en speciell anordning (en \u201dilizarov\u201d-anordning som f\u00e4sts utifr\u00e5n eller moderna intramedull\u00e4ra spikar som placeras inuti kroppen) mellan benets tv\u00e5 \u00e4ndar.  <\/p>\n<p>Benen separeras millimetriskt varje dag och utrymmet mellan dem fylls med ny benv\u00e4vnad \u00f6ver tid. Med den h\u00e4r metoden kan en genomsnittlig f\u00f6rl\u00e4ngning p\u00e5 5-8 cm uppn\u00e5s vid ett tillf\u00e4lle, och i vissa fall upp till 12-15 cm totalt.<\/p>\n<\/div><\/div><\/div><\/div><\/div><\/div><div class=\"w-separator size_small\"><\/div><div class=\"g-cols wpb_row via_flex valign_top type_default stacking_default\" id=\"clinic\"><div class=\"vc_col-sm-6 wpb_column vc_column_container\"><div class=\"vc_column-inner\"><div class=\"wpb_wrapper\"><div class=\"wpb_text_column\"><div class=\"wpb_wrapper\"><h3><strong>Kirurgisk process och \u00e5terh\u00e4mtning<\/strong><\/h3>\n<p>Den postoperativa processen kr\u00e4ver mycket t\u00e5lamod. Medan f\u00f6rl\u00e4ngningsprocessen tar cirka 2-3 m\u00e5nader, kan f\u00f6rst\u00e4rkningen och den fullst\u00e4ndiga l\u00e4kningen av de nybildade benen variera mellan 6 och 12 m\u00e5nader. Under denna period \u00e4r det av stor vikt att patienten f\u00e5r regelbunden sjukgymnastik f\u00f6r att bibeh\u00e5lla muskelstyrka och ledr\u00f6relser.  <\/p>\n<p>Patienten g\u00e5r vanligtvis med kryckor under de f\u00f6rsta veckorna, f\u00f6r att sedan gradvis \u00f6verg\u00e5 till normal g\u00e5ng. Sm\u00e4rta, muskelstelhet och tillf\u00e4lliga r\u00f6relsebegr\u00e4nsningar \u00e4r vanliga under f\u00f6rl\u00e4ngningsperioden, och dessa tillst\u00e5nd b\u00f6r hanteras under expertkontroll.<\/p>\n<\/div><\/div><\/div><\/div><\/div><div class=\"vc_col-sm-6 wpb_column vc_column_container\"><div class=\"vc_column-inner\"><div class=\"wpb_wrapper\"><div class=\"wpb_text_column\"><div class=\"wpb_wrapper\"><h3><strong>Vem kan genomg\u00e5 l\u00e4ngdf\u00f6rl\u00e4ngande kirurgi?<\/strong><\/h3>\n<p>L\u00e4ngdf\u00f6rl\u00e4ngande kirurgi \u00e4r vanligtvis:<\/p>\n<ul>\n<li>Personer med kortv\u00e4xthet p\u00e5 grund av genetiska eller hormonella orsaker<\/li>\n<li>Personer med medf\u00f6dda eller utvecklingsrelaterade benskador<\/li>\n<li>Personer med korta ben efter trafikolyckor eller trauma<\/li>\n<li>Vuxna personer som \u00e4r psykologiskt obekv\u00e4ma med sin l\u00e4ngd<\/li>\n<\/ul>\n<p>kan till\u00e4mpas. Personens fysiska h\u00e4lsa, psykologiska tillst\u00e5nd och motivation \u00e4r dock avg\u00f6rande f\u00f6r att denna process ska lyckas.<\/p>\n<\/div><\/div><\/div><\/div><\/div><\/div><div class=\"w-separator size_small\"><\/div><div class=\"g-cols wpb_row via_flex valign_top type_default stacking_default\"><div class=\"vc_col-sm-12 wpb_column vc_column_container\"><div class=\"vc_column-inner\"><div class=\"wpb_wrapper\"><div class=\"wpb_text_column\"><div class=\"wpb_wrapper\"><h4><strong>Risker och f\u00f6rsiktighets\u00e5tg\u00e4rder<\/strong><\/h4>\n<p>Som med alla kirurgiska ingrepp finns det risker med h\u00f6jdf\u00f6rl\u00e4ngande kirurgi. Dessa risker inkluderar: <\/p>\n<ul>\n<li>Infektion<\/li>\n<li>Komplikationer p\u00e5 grund av benbrott<\/li>\n<li>Nerv- eller k\u00e4rlskada<\/li>\n<li>Instabilitet i extremiteterna<\/li>\n<li>L\u00e5ngvarig sm\u00e4rta och muskelstelhet<\/li>\n<\/ul>\n<p>Av denna anledning b\u00f6r en detaljerad utv\u00e4rdering g\u00f6ras f\u00f6re operationen och processen b\u00f6r inledas med en ortopedisk specialistkirurg.<\/p>\n<\/div><\/div><\/div><\/div><\/div><\/div><div class=\"vc_col-sm-12 wpb_column vc_column_container\"><div class=\"vc_column-inner\"><div class=\"wpb_wrapper\"><\/div><\/div><\/div><\/div><\/div><\/div><\/div><\/div><\/section>\n","protected":false},"excerpt":{"rendered":"F\u00f6rl\u00e4ngningskirurgi Sidor\u00d6versikt \u00f6ver f\u00f6rfarandenF\u00f6rfarandeSeparering av benfragment med hj\u00e4lp av ett snitt i benomr\u00e5det och placering av en speciell anordning p\u00e5 benets tv\u00e5 \u00e4ndar i syfte att f\u00f6rl\u00e4nga Operationens l\u00e4ngd2 timmar Sjukhusvistelse2 dagar AnestesiGenerell anestesi F\u00e5 gratis konsultationAktivera JavaScript i din webbl\u00e4sare f\u00f6r att fylla i formul\u00e4ret.Aktivera JavaScript i din webbl\u00e4sare f\u00f6r att fylla i formul\u00e4ret.Namn...","protected":false},"author":1,"featured_media":152420,"parent":152593,"menu_order":0,"comment_status":"closed","ping_status":"closed","template":"","meta":{"_mi_skip_tracking":false,"_monsterinsights_sitenote_active":false,"_monsterinsights_sitenote_note":"","_monsterinsights_sitenote_category":0,"_uf_show_specific_survey":0,"_uf_disable_surveys":false,"footnotes":""},"procedure":[569],"class_list":["post-152430","page","type-page","status-publish","has-post-thumbnail","hentry","procedure-orthopedics"],"_links":{"self":[{"href":"https:\/\/clinicmono.com\/sv\/wp-json\/wp\/v2\/pages\/152430","targetHints":{"allow":["GET"]}}],"collection":[{"href":"https:\/\/clinicmono.com\/sv\/wp-json\/wp\/v2\/pages"}],"about":[{"href":"https:\/\/clinicmono.com\/sv\/wp-json\/wp\/v2\/types\/page"}],"author":[{"embeddable":true,"href":"https:\/\/clinicmono.com\/sv\/wp-json\/wp\/v2\/users\/1"}],"replies":[{"embeddable":true,"href":"https:\/\/clinicmono.com\/sv\/wp-json\/wp\/v2\/comments?post=152430"}],"version-history":[{"count":0,"href":"https:\/\/clinicmono.com\/sv\/wp-json\/wp\/v2\/pages\/152430\/revisions"}],"up":[{"embeddable":true,"href":"https:\/\/clinicmono.com\/sv\/wp-json\/wp\/v2\/pages\/152593"}],"wp:featuredmedia":[{"embeddable":true,"href":"https:\/\/clinicmono.com\/sv\/wp-json\/wp\/v2\/media\/152420"}],"wp:attachment":[{"href":"https:\/\/clinicmono.com\/sv\/wp-json\/wp\/v2\/media?parent=152430"}],"wp:term":[{"taxonomy":"procedure","embeddable":true,"href":"https:\/\/clinicmono.com\/sv\/wp-json\/wp\/v2\/procedure?post=152430"}],"curies":[{"name":"wp","href":"https:\/\/api.w.org\/{rel}","templated":true}]}}