{"id":152383,"date":"2025-05-07T08:26:34","date_gmt":"2025-05-07T08:26:34","guid":{"rendered":"https:\/\/clinicmono.com\/skoliose-operation\/"},"modified":"2025-05-07T14:20:02","modified_gmt":"2025-05-07T14:20:02","slug":"skoliose-operation","status":"publish","type":"page","link":"https:\/\/clinicmono.com\/sv\/ortopedi\/skoliose-operation\/","title":{"rendered":"Skoliose-Operation"},"content":{"rendered":"<section class=\"l-section wpb_row height_custom with_img\"><div class=\"l-section-img\" role=\"img\" aria-label=\"Bild\" data-img-width=\"1280\" data-img-height=\"853\" style=\"background-image: url(https:\/\/clinicmono.com\/wp-content\/uploads\/2025\/05\/scoliosis_surgery.jpg);background-repeat: no-repeat;\"><\/div><div class=\"l-section-overlay\" style=\"background:rgba(0,0,0,0.47)\"><\/div><div class=\"l-section-h i-cf\"><div class=\"g-cols vc_row via_flex valign_top type_default stacking_default\"><div class=\"vc_col-sm-12 wpb_column vc_column_container\"><div class=\"vc_column-inner\"><div class=\"wpb_wrapper\"><div class=\"wpb_text_column us_custom_8b3d6790 has_text_color\"><div class=\"wpb_wrapper\"><h1 style=\"text-align: center;\">Skoliose-Operation<\/h1>\n<\/div><\/div><div class=\"w-separator size_small\"><\/div><nav class=\"g-breadcrumbs us_custom_8b3d6790 has_text_color separator_icon align_center hide_current\" itemscope itemtype=\"http:\/\/schema.org\/BreadcrumbList\"><div class=\"g-breadcrumbs-item\">Sidor<\/div><\/nav><div class=\"w-separator size_small\"><\/div><\/div><\/div><\/div><\/div><\/div><\/section><section class=\"l-section wpb_row height_small\"><div class=\"l-section-h i-cf\"><div class=\"g-cols vc_row via_flex valign_top type_default stacking_default\"><div class=\"vc_col-sm-8 wpb_column vc_column_container\"><div class=\"vc_column-inner\"><div class=\"wpb_wrapper\"><div class=\"g-cols wpb_row us_custom_edec6ef0 via_flex valign_top type_default stacking_default\"><div class=\"vc_col-sm-12 wpb_column vc_column_container\"><div class=\"vc_column-inner\"><div class=\"wpb_wrapper\"><h3 class=\"w-text\"><span class=\"w-text-h\"><span class=\"w-text-value\">\u00d6versikt \u00f6ver f\u00f6rfaranden<\/span><\/span><\/h3><div class=\"w-separator size_small\"><\/div><div class=\"w-iconbox iconpos_left style_default color_primary align_left\"><div class=\"w-iconbox-icon\" style=\"font-size:1.4rem;\"><i class=\"fas fa-procedures\"><\/i><\/div><div class=\"w-iconbox-meta\"><h4 class=\"w-iconbox-title\">F\u00f6rfarande<\/h4><div class=\"w-iconbox-text\"><p>Korrigering av ryggraden genom kirurgiskt ingrepp, stoppar progression<\/p>\n<\/div><\/div><\/div><div class=\"w-separator size_small\"><\/div><div class=\"w-iconbox iconpos_left style_default color_primary align_left\"><div class=\"w-iconbox-icon\" style=\"font-size:1rem;\"><i class=\"fas fa-clock\"><\/i><\/div><div class=\"w-iconbox-meta\"><h4 class=\"w-iconbox-title\">Operationens l\u00e4ngd<\/h4><div class=\"w-iconbox-text\"><p>4 \u2013 6 timmar<\/p>\n<div id=\"gtx-trans\" style=\"position: absolute; left: 134px; top: 30.8px;\">\n<div class=\"gtx-trans-icon\"><\/div>\n<\/div>\n<\/div><\/div><\/div><div class=\"w-separator size_small\"><\/div><div class=\"w-iconbox iconpos_left style_default color_primary align_left\"><div class=\"w-iconbox-icon\" style=\"font-size:1rem;\"><i class=\"fas fa-hospital\"><\/i><\/div><div class=\"w-iconbox-meta\"><h4 class=\"w-iconbox-title\">Sjukhusvistelse<\/h4><div class=\"w-iconbox-text\"><p>3 &#8211; 7 dagar<\/p>\n<div id=\"gtx-trans\" style=\"position: absolute; left: 116px; top: 30.8px;\">\n<div class=\"gtx-trans-icon\"><\/div>\n<\/div>\n<div id=\"gtx-trans\" style=\"position: absolute; left: 116px; top: 30.8px;\">\n<div class=\"gtx-trans-icon\"><\/div>\n<\/div>\n<\/div><\/div><\/div><div class=\"w-separator size_small\"><\/div><div class=\"w-iconbox iconpos_left style_default color_primary align_left\"><div class=\"w-iconbox-icon\" style=\"font-size:1rem;\"><i class=\"fas fa-syringe\"><\/i><\/div><div class=\"w-iconbox-meta\"><h4 class=\"w-iconbox-title\">Anestesi<\/h4><div class=\"w-iconbox-text\"><p>Generell anestesi<\/p>\n<\/div><\/div><\/div><\/div><\/div><\/div><\/div><\/div><\/div><\/div><div class=\"vc_col-sm-4 wpb_column vc_column_container\"><div class=\"vc_column-inner\"><div class=\"wpb_wrapper\"><div class=\"g-cols wpb_row us_custom_c5a47681 via_flex valign_top type_default stacking_default\"><div class=\"vc_col-sm-12 wpb_column vc_column_container\"><div class=\"vc_column-inner\"><div class=\"wpb_wrapper\"><h3 class=\"w-text\"><span class=\"w-text-h\"><span class=\"w-text-value\">F\u00e5 gratis konsultation<\/span><\/span><\/h3><div class=\"w-separator size_small\"><\/div><div class=\"wpforms-container wpforms-render-modern\" id=\"wpforms-22672\"><form id=\"wpforms-form-22672\" class=\"wpforms-validate wpforms-form wpforms-ajax-form\" data-formid=\"22672\" method=\"post\" enctype=\"multipart\/form-data\" action=\"\/sv\/wp-json\/wp\/v2\/pages\/152383\" data-token=\"c00d6b63d87b9e2c26ae57906136bb21\" data-token-time=\"1776900107\"><noscript class=\"wpforms-error-noscript\">Aktivera JavaScript i din webbl\u00e4sare f\u00f6r att fylla i formul\u00e4ret.<\/noscript><div id=\"wpforms-error-noscript\" style=\"display: none;\">Aktivera JavaScript i din webbl\u00e4sare f\u00f6r att fylla i formul\u00e4ret.<\/div><div class=\"wpforms-field-container\"><div id=\"wpforms-22672-field_0-container\" class=\"wpforms-field wpforms-field-name\" data-field-id=\"0\"><label class=\"wpforms-field-label wpforms-label-hide\" for=\"wpforms-22672-field_0\" aria-hidden=\"false\">Namn <span class=\"wpforms-required-label\" aria-hidden=\"true\">*<\/span><\/label><input type=\"text\" id=\"wpforms-22672-field_0\" class=\"wpforms-field-large wpforms-field-required\" name=\"wpforms[fields][0]\" placeholder=\"Namn och efternamn\" aria-errormessage=\"wpforms-22672-field_0-error\" required><\/div><div id=\"wpforms-22672-field_5-container\" class=\"wpforms-field wpforms-field-phone\" data-field-id=\"5\"><label class=\"wpforms-field-label wpforms-label-hide\" for=\"wpforms-22672-field_5\" aria-hidden=\"false\">Telefon <span class=\"wpforms-required-label\" aria-hidden=\"true\">*<\/span><\/label><input type=\"tel\" id=\"wpforms-22672-field_5\" class=\"wpforms-field-large wpforms-field-required wpforms-smart-phone-field\" data-rule-smart-phone-field=\"true\" name=\"wpforms[fields][5]\" aria-label=\"Telefon\" aria-errormessage=\"wpforms-22672-field_5-error\" required><\/div><div id=\"wpforms-22672-field_12-container\" class=\"wpforms-field wpforms-field-hidden\" data-field-id=\"12\"><input type=\"hidden\" id=\"wpforms-22672-field_12\" name=\"wpforms[fields][12]\"><\/div><div id=\"wpforms-22672-field_10-container\" class=\"wpforms-field wpforms-field-hidden\" data-field-id=\"10\"><input type=\"hidden\" id=\"wpforms-22672-field_10\" name=\"wpforms[fields][10]\" value=\"https:\/\/clinicmono.com\/sv\/wp-json\/wp\/v2\/pages\/152383 \"><\/div>\t\t<div id=\"wpforms-22672-field_1-container\"\n\t\t\tclass=\"wpforms-field wpforms-field-text\"\n\t\t\tdata-field-type=\"text\"\n\t\t\tdata-field-id=\"1\"\n\t\t\t>\n\t\t\t<label class=\"wpforms-field-label\" for=\"wpforms-22672-field_1\" >Sidans Namn sidan<\/label>\n\t\t\t<input type=\"text\" id=\"wpforms-22672-field_1\" class=\"wpforms-field-medium\" name=\"wpforms[fields][1]\" >\n\t\t<\/div>\n\t\t<div id=\"wpforms-22672-field_15-container\" class=\"wpforms-field wpforms-field-hidden\" data-field-id=\"15\"><input type=\"hidden\" id=\"wpforms-22672-field_15\" name=\"wpforms[fields][15]\" value=\" 216.73.217.63 Columbus, Ohio, US\r\n39.9587, -82.9987 \"><\/div><script>\n\t\t\t\t( function() {\n\t\t\t\t\tconst style = document.createElement( 'style' );\n\t\t\t\t\tstyle.appendChild( document.createTextNode( '#wpforms-22672-field_1-container { position: absolute !important; overflow: hidden !important; display: inline !important; height: 1px !important; width: 1px !important; z-index: -1000 !important; padding: 0 !important; } #wpforms-22672-field_1-container input { visibility: hidden; } #wpforms-conversational-form-page #wpforms-22672-field_1-container label { counter-increment: none; }' ) );\n\t\t\t\t\tdocument.head.appendChild( style );\n\t\t\t\t\tdocument.currentScript?.remove();\n\t\t\t\t} )();\n\t\t\t<\/script><\/div><!-- .wpforms-field-container --><div class=\"wpforms-recaptcha-container wpforms-is-recaptcha wpforms-is-recaptcha-type-v3\" ><input type=\"hidden\" name=\"wpforms[recaptcha]\" value=\"\"><\/div><div class=\"wpforms-submit-container\" ><input type=\"hidden\" name=\"wpforms[id]\" value=\"22672\"><input type=\"hidden\" name=\"page_title\" value=\"\"><input type=\"hidden\" name=\"page_url\" value=\"https:\/\/clinicmono.com\/sv\/wp-json\/wp\/v2\/pages\/152383\"><input type=\"hidden\" name=\"url_referer\" value=\"\"><button type=\"submit\" name=\"wpforms[submit]\" id=\"wpforms-submit-22672\" class=\"wpforms-submit\" data-alt-text=\"Skickar...\" data-submit-text=\"F\u00e5 en kostnadsfri konsultation\" aria-live=\"assertive\" value=\"wpforms-submit\">F\u00e5 en kostnadsfri konsultation<\/button><img decoding=\"async\" src=\"https:\/\/clinicmono.com\/wp-content\/plugins\/wpforms\/assets\/images\/submit-spin.svg\" class=\"wpforms-submit-spinner\" style=\"display: none;\" width=\"26\" height=\"26\" alt=\"Laddar\"><\/div><\/form><\/div>  <!-- .wpforms-container --><\/div><\/div><\/div><\/div><\/div><\/div><\/div><\/div><\/div><\/section><section class=\"l-section wpb_row us_custom_72622016 height_custom\"><div class=\"l-section-h i-cf\"><div class=\"g-cols vc_row via_flex valign_top type_default stacking_default\"><div class=\"vc_col-sm-12 wpb_column vc_column_container\"><div class=\"vc_column-inner\"><div class=\"wpb_wrapper\"><div class=\"w-separator size_small\"><\/div><div class=\"g-cols wpb_row via_flex valign_top type_default stacking_default\" id=\"procedures\"><div class=\"vc_col-sm-12 wpb_column vc_column_container\"><div class=\"vc_column-inner\"><div class=\"wpb_wrapper\"><div class=\"wpb_text_column\"><div class=\"wpb_wrapper\"><p>Skolioskirurgi \u00e4r en kirurgisk metod som anv\u00e4nds f\u00f6r att korrigera ryggradens kr\u00f6kning och g\u00f6ra den mer j\u00e4mn. Skolios (ryggradskr\u00f6kning) definieras som en ryggradssjukdom som inneb\u00e4r att ryggraden kr\u00f6ks \u00e5t h\u00f6ger eller v\u00e4nster i en \u201dS\u201d- eller \u201dC\u201d-form. Medan lindriga fall kan kontrolleras med konservativa metoder som sjukgymnastik, korsettanv\u00e4ndning och motion, kan skoliosoperation \u00f6verv\u00e4gas f\u00f6r kr\u00f6kningar \u00f6ver 40-50 grader.  <\/p>\n<p>Det huvudsakliga m\u00e5let med operationen \u00e4r att r\u00e4ta ut ryggraden, stoppa utvecklingen och f\u00f6rb\u00e4ttra patientens livskvalitet. Permanenta l\u00f6sningar kan uppn\u00e5s med kirurgiska ingrepp, s\u00e4rskilt vid kr\u00f6kningar som utvecklas snabbt under ton\u00e5ren.<\/p>\n<\/div><\/div><\/div><\/div><\/div><\/div><div class=\"w-separator size_small\"><\/div><div class=\"g-cols wpb_row via_flex valign_top type_default stacking_default\" id=\"quicklook\"><div class=\"vc_col-sm-12 wpb_column vc_column_container\"><div class=\"vc_column-inner\"><div class=\"wpb_wrapper\"><div class=\"wpb_text_column\"><div class=\"wpb_wrapper\"><p><strong>Vem kan genomg\u00e5 skoliosoperation?<\/strong><\/p>\n<p>Skolioskirurgi \u00e4r inte l\u00e4mplig f\u00f6r alla patienter. F\u00f6ljande kriterier tas i beaktande n\u00e4r beslut om operation fattas: <\/p>\n<ul>\n<li>Kr\u00f6kning p\u00e5 40 grader eller mer i ryggraden<\/li>\n<li>Snabb progression av kr\u00f6kningen<\/li>\n<li>Betydande f\u00f6rs\u00e4mring av det fysiska utseendet<\/li>\n<li>Allvarlig rygg- och l\u00e4ndryggssm\u00e4rta<\/li>\n<li>Kr\u00f6kningar som p\u00e5verkar hj\u00e4rt- eller lungfunktion<\/li>\n<li>Patienter som inte svarar p\u00e5 korsett och sjukgymnastik<\/li>\n<\/ul>\n<p>Vid skolios, som i allm\u00e4nhet tenderar att utvecklas i ton\u00e5ren, kan kirurgiska ingrepp planeras tidigt. Vissa fall av skolios hos vuxna kan dock kr\u00e4va operation vid h\u00f6g \u00e5lder.<\/p>\n<\/div><\/div><\/div><\/div><\/div><\/div><div class=\"w-separator size_small\"><\/div><div class=\"g-cols wpb_row via_flex valign_top type_default stacking_default\" id=\"clinic\"><div class=\"vc_col-sm-6 wpb_column vc_column_container\"><div class=\"vc_column-inner\"><div class=\"wpb_wrapper\"><div class=\"wpb_text_column\"><div class=\"wpb_wrapper\"><h3><strong>Hur utf\u00f6rs en skoliosoperation?<\/strong><\/h3>\n<p>En skoliosoperation \u00e4r ett omfattande ingrepp som utf\u00f6rs under narkos och tar i genomsnitt 4 till 6 timmar. Under operationen s\u00e4tts metallstavar, skruvar och krokar in i det kr\u00f6kta ryggradsomr\u00e5det. Detta stabiliseringssystem s\u00e4kerst\u00e4ller att ryggraden positioneras korrekt och att benen sm\u00e4lter samman.  <\/p>\n<p>Moderna kirurgiska tekniker anv\u00e4nds f\u00f6r att \u00e5terst\u00e4lla ryggraden s\u00e5 n\u00e4ra dess naturliga kurva som m\u00f6jligt. I allm\u00e4nhet f\u00f6redras kirurgi i ryggregionen (bakre delen), men i vissa fall kan \u00e4ven en fr\u00e4mre ing\u00e5ng kr\u00e4vas.<\/p>\n<\/div><\/div><\/div><\/div><\/div><div class=\"vc_col-sm-6 wpb_column vc_column_container\"><div class=\"vc_column-inner\"><div class=\"wpb_wrapper\"><div class=\"wpb_text_column\"><div class=\"wpb_wrapper\"><h3><strong>Postoperativ \u00e5terh\u00e4mtning<\/strong><\/h3>\n<p>\u00c5terh\u00e4mtningsperioden efter en skoliosoperation kan variera beroende p\u00e5 individ och ingreppets omfattning. Patienterna stannar vanligtvis p\u00e5 sjukhuset i 3-5 dagar efter operationen. Under de f\u00f6rsta veckorna kan de \u00e5terg\u00e5 till sina dagliga aktiviteter p\u00e5 ett kontrollerat s\u00e4tt. Den fullst\u00e4ndiga \u00e5terh\u00e4mtningsprocessen \u00e4r avslutad mellan 3 och 6 m\u00e5nader.<\/p>\n<\/div><\/div><\/div><\/div><\/div><\/div><div class=\"w-separator size_small\"><\/div><div class=\"g-cols wpb_row via_flex valign_top type_default stacking_default\"><div class=\"vc_col-sm-12 wpb_column vc_column_container\"><div class=\"vc_column-inner\"><div class=\"wpb_wrapper\"><div class=\"wpb_text_column\"><div class=\"wpb_wrapper\"><h4><strong>Saker att t\u00e4nka p\u00e5 under l\u00e4kningsprocessen:<\/strong><\/h4>\n<ul>\n<li>Regelbundna l\u00e4karkontroller<\/li>\n<li>F\u00f6lj sjukgymnastik och tr\u00e4ningsprogram<\/li>\n<li>Undvik tunga lyft<\/li>\n<li>Utveckla levnadsvanor f\u00f6r att skydda ryggradens h\u00e4lsa<\/li>\n<\/ul>\n<h4><strong>F\u00f6rdelar med skoliosoperation<\/strong><\/h4>\n<ul>\n<li>R\u00e4tt inriktning av ryggraden<\/li>\n<li>Progressionen av kr\u00f6kningen stoppas<\/li>\n<li>F\u00f6rb\u00e4ttring av det fysiska utseendet<\/li>\n<li>Minskad eller helt lindrad sm\u00e4rta<\/li>\n<\/ul>\n<\/div><\/div><\/div><\/div><\/div><\/div><div class=\"vc_col-sm-12 wpb_column vc_column_container\"><div class=\"vc_column-inner\"><div class=\"wpb_wrapper\"><\/div><\/div><\/div><\/div><\/div><\/div><\/div><\/div><\/section>\n","protected":false},"excerpt":{"rendered":"Skoliose-Operation Sidor\u00d6versikt \u00f6ver f\u00f6rfarandenF\u00f6rfarandeKorrigering av ryggraden genom kirurgiskt ingrepp, stoppar progression Operationens l\u00e4ngd4 \u2013 6 timmar Sjukhusvistelse3 - 7 dagar AnestesiGenerell anestesi F\u00e5 gratis konsultationAktivera JavaScript i din webbl\u00e4sare f\u00f6r att fylla i formul\u00e4ret.Aktivera JavaScript i din webbl\u00e4sare f\u00f6r att fylla i formul\u00e4ret.Namn *Telefon * Namn Telefon sidan F\u00e5 en kostnadsfri konsultation Skolioskirurgi \u00e4r en...","protected":false},"author":1,"featured_media":152375,"parent":152593,"menu_order":0,"comment_status":"closed","ping_status":"closed","template":"","meta":{"_mi_skip_tracking":false,"_monsterinsights_sitenote_active":false,"_monsterinsights_sitenote_note":"","_monsterinsights_sitenote_category":0,"_uf_show_specific_survey":0,"_uf_disable_surveys":false,"footnotes":""},"procedure":[569],"class_list":["post-152383","page","type-page","status-publish","has-post-thumbnail","hentry","procedure-orthopedics"],"_links":{"self":[{"href":"https:\/\/clinicmono.com\/sv\/wp-json\/wp\/v2\/pages\/152383","targetHints":{"allow":["GET"]}}],"collection":[{"href":"https:\/\/clinicmono.com\/sv\/wp-json\/wp\/v2\/pages"}],"about":[{"href":"https:\/\/clinicmono.com\/sv\/wp-json\/wp\/v2\/types\/page"}],"author":[{"embeddable":true,"href":"https:\/\/clinicmono.com\/sv\/wp-json\/wp\/v2\/users\/1"}],"replies":[{"embeddable":true,"href":"https:\/\/clinicmono.com\/sv\/wp-json\/wp\/v2\/comments?post=152383"}],"version-history":[{"count":0,"href":"https:\/\/clinicmono.com\/sv\/wp-json\/wp\/v2\/pages\/152383\/revisions"}],"up":[{"embeddable":true,"href":"https:\/\/clinicmono.com\/sv\/wp-json\/wp\/v2\/pages\/152593"}],"wp:featuredmedia":[{"embeddable":true,"href":"https:\/\/clinicmono.com\/sv\/wp-json\/wp\/v2\/media\/152375"}],"wp:attachment":[{"href":"https:\/\/clinicmono.com\/sv\/wp-json\/wp\/v2\/media?parent=152383"}],"wp:term":[{"taxonomy":"procedure","embeddable":true,"href":"https:\/\/clinicmono.com\/sv\/wp-json\/wp\/v2\/procedure?post=152383"}],"curies":[{"name":"wp","href":"https:\/\/api.w.org\/{rel}","templated":true}]}}