{"id":152206,"date":"2025-04-30T13:13:57","date_gmt":"2025-04-30T13:13:57","guid":{"rendered":"https:\/\/clinicmono.com\/axelprotes\/"},"modified":"2025-05-07T14:20:02","modified_gmt":"2025-05-07T14:20:02","slug":"axelprotes","status":"publish","type":"page","link":"https:\/\/clinicmono.com\/sv\/ortopedi\/axelprotes\/","title":{"rendered":"Axelprotes"},"content":{"rendered":"<section class=\"l-section wpb_row height_custom with_img\"><div class=\"l-section-img\" role=\"img\" data-img-width=\"1132\" data-img-height=\"500\" style=\"background-image: url(https:\/\/clinicmono.com\/wp-content\/uploads\/2025\/04\/shoulder_replacement_surgery.jpg);background-repeat: no-repeat;\"><\/div><div class=\"l-section-overlay\" style=\"background:rgba(0,0,0,0.47)\"><\/div><div class=\"l-section-h i-cf\"><div class=\"g-cols vc_row via_flex valign_top type_default stacking_default\"><div class=\"vc_col-sm-12 wpb_column vc_column_container\"><div class=\"vc_column-inner\"><div class=\"wpb_wrapper\"><div class=\"wpb_text_column us_custom_8b3d6790 has_text_color\"><div class=\"wpb_wrapper\"><h1 style=\"text-align: center;\">Axelprotes<\/h1>\n<\/div><\/div><div class=\"w-separator size_small\"><\/div><nav class=\"g-breadcrumbs us_custom_8b3d6790 has_text_color separator_icon align_center hide_current\" itemscope itemtype=\"http:\/\/schema.org\/BreadcrumbList\"><div class=\"g-breadcrumbs-item\">Sidor<\/div><\/nav><div class=\"w-separator size_small\"><\/div><\/div><\/div><\/div><\/div><\/div><\/section><section class=\"l-section wpb_row height_small\"><div class=\"l-section-h i-cf\"><div class=\"g-cols vc_row via_flex valign_top type_default stacking_default\"><div class=\"vc_col-sm-8 wpb_column vc_column_container\"><div class=\"vc_column-inner\"><div class=\"wpb_wrapper\"><div class=\"g-cols wpb_row us_custom_edec6ef0 via_flex valign_top type_default stacking_default\"><div class=\"vc_col-sm-12 wpb_column vc_column_container\"><div class=\"vc_column-inner\"><div class=\"wpb_wrapper\"><h3 class=\"w-text\"><span class=\"w-text-h\"><span class=\"w-text-value\">\u00d6versikt \u00f6ver f\u00f6rfaranden<\/span><\/span><\/h3><div class=\"w-separator size_small\"><\/div><div class=\"w-iconbox iconpos_left style_default color_primary align_left\"><div class=\"w-iconbox-icon\" style=\"font-size:1.4rem;\"><i class=\"fas fa-procedures\"><\/i><\/div><div class=\"w-iconbox-meta\"><h4 class=\"w-iconbox-title\">F\u00f6rfarande<\/h4><div class=\"w-iconbox-text\"><p>Ers\u00e4ttning av en skadad axelled med en axelprotes.<\/p>\n<\/div><\/div><\/div><div class=\"w-separator size_small\"><\/div><div class=\"w-iconbox iconpos_left style_default color_primary align_left\"><div class=\"w-iconbox-icon\" style=\"font-size:1rem;\"><i class=\"fas fa-clock\"><\/i><\/div><div class=\"w-iconbox-meta\"><h4 class=\"w-iconbox-title\">Operationens l\u00e4ngd<\/h4><div class=\"w-iconbox-text\"><p>1,5 &#8211; 2 timmar<\/p>\n<\/div><\/div><\/div><div class=\"w-separator size_small\"><\/div><div class=\"w-iconbox iconpos_left style_default color_primary align_left\"><div class=\"w-iconbox-icon\" style=\"font-size:1rem;\"><i class=\"fas fa-hospital\"><\/i><\/div><div class=\"w-iconbox-meta\"><h4 class=\"w-iconbox-title\">Sjukhusvistelse<\/h4><div class=\"w-iconbox-text\"><p>2-4 dagar<strong><br \/>\n<\/strong><\/p>\n<\/div><\/div><\/div><div class=\"w-separator size_small\"><\/div><div class=\"w-iconbox iconpos_left style_default color_primary align_left\"><div class=\"w-iconbox-icon\" style=\"font-size:1rem;\"><i class=\"fas fa-syringe\"><\/i><\/div><div class=\"w-iconbox-meta\"><h4 class=\"w-iconbox-title\">Anestesi<\/h4><div class=\"w-iconbox-text\"><p>Generell anestesi<\/p>\n<div id=\"gtx-trans\" style=\"position: absolute; left: 127px; top: -15.8px;\">\n<div class=\"gtx-trans-icon\"><\/div>\n<\/div>\n<\/div><\/div><\/div><\/div><\/div><\/div><\/div><\/div><\/div><\/div><div class=\"vc_col-sm-4 wpb_column vc_column_container\"><div class=\"vc_column-inner\"><div class=\"wpb_wrapper\"><div class=\"g-cols wpb_row us_custom_c5a47681 via_flex valign_top type_default stacking_default\"><div class=\"vc_col-sm-12 wpb_column vc_column_container\"><div class=\"vc_column-inner\"><div class=\"wpb_wrapper\"><h3 class=\"w-text\"><span class=\"w-text-h\"><span class=\"w-text-value\">F\u00e5 gratis konsultation<\/span><\/span><\/h3><div class=\"w-separator size_small\"><\/div><div class=\"wpforms-container wpforms-render-modern\" id=\"wpforms-22672\"><form id=\"wpforms-form-22672\" class=\"wpforms-validate wpforms-form wpforms-ajax-form\" data-formid=\"22672\" method=\"post\" enctype=\"multipart\/form-data\" action=\"\/sv\/wp-json\/wp\/v2\/pages\/152206\" data-token=\"db6f61103491d6e6a76ee366636b92de\" data-token-time=\"1775570716\"><noscript class=\"wpforms-error-noscript\">Aktivera JavaScript i din webbl\u00e4sare f\u00f6r att fylla i formul\u00e4ret.<\/noscript><div id=\"wpforms-error-noscript\" style=\"display: none;\">Aktivera JavaScript i din webbl\u00e4sare f\u00f6r att fylla i formul\u00e4ret.<\/div><div class=\"wpforms-field-container\"><div id=\"wpforms-22672-field_0-container\" class=\"wpforms-field wpforms-field-name\" data-field-id=\"0\"><label class=\"wpforms-field-label wpforms-label-hide\" for=\"wpforms-22672-field_0\" aria-hidden=\"false\">Namn <span class=\"wpforms-required-label\" aria-hidden=\"true\">*<\/span><\/label><input type=\"text\" id=\"wpforms-22672-field_0\" class=\"wpforms-field-large wpforms-field-required\" name=\"wpforms[fields][0]\" placeholder=\"Namn och efternamn\" aria-errormessage=\"wpforms-22672-field_0-error\" required><\/div><div id=\"wpforms-22672-field_5-container\" class=\"wpforms-field wpforms-field-phone\" data-field-id=\"5\"><label class=\"wpforms-field-label wpforms-label-hide\" for=\"wpforms-22672-field_5\" aria-hidden=\"false\">Telefon <span class=\"wpforms-required-label\" aria-hidden=\"true\">*<\/span><\/label><input type=\"tel\" id=\"wpforms-22672-field_5\" class=\"wpforms-field-large wpforms-field-required wpforms-smart-phone-field\" data-rule-smart-phone-field=\"true\" name=\"wpforms[fields][5]\" aria-label=\"Telefon\" aria-errormessage=\"wpforms-22672-field_5-error\" required><\/div><div id=\"wpforms-22672-field_12-container\" class=\"wpforms-field wpforms-field-hidden\" data-field-id=\"12\"><input type=\"hidden\" id=\"wpforms-22672-field_12\" name=\"wpforms[fields][12]\"><\/div><div id=\"wpforms-22672-field_10-container\" class=\"wpforms-field wpforms-field-hidden\" data-field-id=\"10\"><input type=\"hidden\" id=\"wpforms-22672-field_10\" name=\"wpforms[fields][10]\" value=\"https:\/\/clinicmono.com\/sv\/wp-json\/wp\/v2\/pages\/152206 \"><\/div>\t\t<div id=\"wpforms-22672-field_1-container\"\n\t\t\tclass=\"wpforms-field wpforms-field-text\"\n\t\t\tdata-field-type=\"text\"\n\t\t\tdata-field-id=\"1\"\n\t\t\t>\n\t\t\t<label class=\"wpforms-field-label\" for=\"wpforms-22672-field_1\" >Detaljer Sidans Namn<\/label>\n\t\t\t<input type=\"text\" id=\"wpforms-22672-field_1\" class=\"wpforms-field-medium\" name=\"wpforms[fields][1]\" >\n\t\t<\/div>\n\t\t<div id=\"wpforms-22672-field_15-container\" class=\"wpforms-field wpforms-field-hidden\" data-field-id=\"15\"><input type=\"hidden\" id=\"wpforms-22672-field_15\" name=\"wpforms[fields][15]\" value=\" 216.73.216.191 {entry_geolocation} \"><\/div><script>\n\t\t\t\t( function() {\n\t\t\t\t\tconst style = document.createElement( 'style' );\n\t\t\t\t\tstyle.appendChild( document.createTextNode( '#wpforms-22672-field_1-container { position: absolute !important; overflow: hidden !important; display: inline !important; height: 1px !important; width: 1px !important; z-index: -1000 !important; padding: 0 !important; } #wpforms-22672-field_1-container input { visibility: hidden; } #wpforms-conversational-form-page #wpforms-22672-field_1-container label { counter-increment: none; }' ) );\n\t\t\t\t\tdocument.head.appendChild( style );\n\t\t\t\t\tdocument.currentScript?.remove();\n\t\t\t\t} )();\n\t\t\t<\/script><\/div><!-- .wpforms-field-container --><div class=\"wpforms-recaptcha-container wpforms-is-recaptcha wpforms-is-recaptcha-type-v3\" ><input type=\"hidden\" name=\"wpforms[recaptcha]\" value=\"\"><\/div><div class=\"wpforms-submit-container\" ><input type=\"hidden\" name=\"wpforms[id]\" value=\"22672\"><input type=\"hidden\" name=\"page_title\" value=\"\"><input type=\"hidden\" name=\"page_url\" value=\"https:\/\/clinicmono.com\/sv\/wp-json\/wp\/v2\/pages\/152206\"><input type=\"hidden\" name=\"url_referer\" value=\"\"><button type=\"submit\" name=\"wpforms[submit]\" id=\"wpforms-submit-22672\" class=\"wpforms-submit\" data-alt-text=\"Skickar...\" data-submit-text=\"F\u00e5 en kostnadsfri konsultation\" aria-live=\"assertive\" value=\"wpforms-submit\">F\u00e5 en kostnadsfri konsultation<\/button><img loading=\"lazy\" decoding=\"async\" src=\"https:\/\/clinicmono.com\/wp-content\/plugins\/wpforms\/assets\/images\/submit-spin.svg\" class=\"wpforms-submit-spinner\" style=\"display: none;\" width=\"26\" height=\"26\" alt=\"Laddar\"><\/div><\/form><\/div>  <!-- .wpforms-container --><\/div><\/div><\/div><\/div><\/div><\/div><\/div><\/div><\/div><\/section><section class=\"l-section wpb_row us_custom_72622016 height_custom\"><div class=\"l-section-h i-cf\"><div class=\"g-cols vc_row via_flex valign_top type_default stacking_default\"><div class=\"vc_col-sm-12 wpb_column vc_column_container\"><div class=\"vc_column-inner\"><div class=\"wpb_wrapper\"><div class=\"w-separator size_small\"><\/div><div class=\"g-cols wpb_row via_flex valign_top type_default stacking_default\" id=\"procedures\"><div class=\"vc_col-sm-12 wpb_column vc_column_container\"><div class=\"vc_column-inner\"><div class=\"wpb_wrapper\"><div class=\"wpb_text_column\"><div class=\"wpb_wrapper\"><p>Axelprotes \u00e4r k\u00e4nd som axelartroplastik inom medicin. Axelprotesen, som best\u00e5r av metall- och polyetendelar, anv\u00e4nds f\u00f6r att ers\u00e4tta axelleden, som har f\u00f6rs\u00e4mrats av olika sk\u00e4l eller har blivit sm\u00e4rtsam med begr\u00e4nsning av dess funktioner. Axelprotes-systemet, som har utvecklats f\u00f6r problemet med en trasig eller skadad axel, g\u00f6r att axelsystemet kan r\u00f6ra sig mer flexibelt.<\/p>\n<\/div><\/div><\/div><\/div><\/div><\/div><div class=\"w-separator size_small\"><\/div><div class=\"g-cols wpb_row via_flex valign_top type_default stacking_default\" id=\"quicklook\"><div class=\"vc_col-sm-12 wpb_column vc_column_container\"><div class=\"vc_column-inner\"><div class=\"wpb_wrapper\"><div class=\"wpb_text_column\"><div class=\"wpb_wrapper\"><h3><strong>Axeloperation<\/strong><\/h3>\n<p>Axeloperation \u00e4r en kirurgisk metod som anv\u00e4nds vid behandling av allvarliga skador p\u00e5 axelleden. Den utf\u00f6rs vanligtvis f\u00f6r att minska sm\u00e4rtan och \u00f6ka r\u00f6rligheten i fall som artrit (artros), axelluxation, frakturer eller rotatorkuffrupturer. Axelleden \u00e4r en av de mest r\u00f6rliga lederna i kroppen och kan f\u00f6rlora sin funktion p\u00e5 grund av \u00e5ldersrelaterad degeneration, trauma eller reumatiska sjukdomar. I detta fall \u00e4r det aktuellt med en axelprotesoperation. <\/p>\n<\/div><\/div><\/div><\/div><\/div><\/div><div class=\"w-separator size_small\"><\/div><div class=\"g-cols wpb_row via_flex valign_top type_default stacking_default\" id=\"clinic\"><div class=\"vc_col-sm-6 wpb_column vc_column_container\"><div class=\"vc_column-inner\"><div class=\"wpb_wrapper\"><div class=\"wpb_text_column\"><div class=\"wpb_wrapper\"><h3><strong>Vem kan f\u00e5 en axelprotesoperation?<\/strong><\/h3>\n<p>Axelprotesoperation \u00e4r i allm\u00e4nhet att f\u00f6redra i f\u00f6ljande fall:<\/p>\n<ul>\n<li>Avancerad artros i axeln (f\u00f6rkalkning)<\/li>\n<li>Frakturer i axelhuvudet<\/li>\n<li>Artropati efter avrivning av rotatorkuffen<\/li>\n<li>Reumatoid artrit och andra inflammatoriska reumatiska sjukdomar<\/li>\n<li>Ih\u00e5llande sm\u00e4rta och r\u00f6relseinskr\u00e4nkning i axelleden<\/li>\n<li>Axelprotes rekommenderas som en kirurgisk l\u00f6sning n\u00e4r konservativa behandlingar (sjukgymnastik, medicinering, injektioner) inte ger resultat.<\/li>\n<\/ul>\n<\/div><\/div><\/div><\/div><\/div><div class=\"vc_col-sm-6 wpb_column vc_column_container\"><div class=\"vc_column-inner\"><div class=\"wpb_wrapper\"><div class=\"wpb_text_column\"><div class=\"wpb_wrapper\"><h3><strong>Olika typer av axelproteser<\/strong><\/h3>\n<p>Axelproteser skiljer sig \u00e5t beroende p\u00e5 patientens tillst\u00e5nd. De vanligaste typerna av axelproteser \u00e4r f\u00f6ljande: <\/p>\n<ul>\n<li><strong>Total axelprotes:<\/strong> B\u00e5de axelhuvudet (humerus) och ledh\u00e5lan (glenoid) ers\u00e4tts.<\/li>\n<li><strong>Partiell axelers\u00e4ttning:<\/strong> Endast humerushuvudet ers\u00e4tts.<\/li>\n<li><strong>Omv\u00e4nd axelprotes:<\/strong> Denna metod \u00e4r att f\u00f6redra hos patienter med rotatorkuffruptur. I den h\u00e4r metoden v\u00e4nds protesens anatomiska struktur s\u00e5 att axelmusklerna arbetar mer effektivt. <\/li>\n<\/ul>\n<\/div><\/div><\/div><\/div><\/div><\/div><div class=\"w-separator size_small\"><\/div><div class=\"g-cols wpb_row via_flex valign_top type_default stacking_default\"><div class=\"vc_col-sm-12 wpb_column vc_column_container\"><div class=\"vc_column-inner\"><div class=\"wpb_wrapper\"><div class=\"wpb_text_column\"><div class=\"wpb_wrapper\"><h3><strong>Kirurgisk process och \u00e5terh\u00e4mtning<\/strong><\/h3>\n<p>Operationen utf\u00f6rs under allm\u00e4n bed\u00f6vning och tar cirka 1,5-2 timmar. Sjukhusvistelsen varierar mellan 2-4 dagar. Den postoperativa fysioterapin \u00e4r mycket viktig. Tack vare sjukgymnastiken \u00e5terf\u00e5r axeln sin r\u00f6rlighet och protesen f\u00e5r en l\u00e5ng livsl\u00e4ngd.   <\/p>\n<p>\u00c4ven om \u00e5terh\u00e4mtningsprocessen varierar fr\u00e5n person till person kan den fulla funktionella \u00e5terg\u00e5ngen ta mellan 3-6 m\u00e5nader. Att f\u00f6lja l\u00e4karens och fysioterapeutens rekommendationer under denna process \u00e4r avg\u00f6rande f\u00f6r en framg\u00e5ngsrik \u00e5terh\u00e4mtning. <\/p>\n<h4><strong>F\u00f6rdelar med operation av axelprotes<\/strong><\/h4>\n<ul>\n<li>Eliminering av kronisk sm\u00e4rta<\/li>\n<li>\u00d6kade r\u00f6relser i axeln<\/li>\n<li>Betydande f\u00f6rb\u00e4ttring av livskvaliteten<\/li>\n<li>M\u00f6jlighet att utf\u00f6ra dagliga aktiviteter bekv\u00e4mt<\/li>\n<\/ul>\n<\/div><\/div><\/div><\/div><\/div><\/div><div class=\"vc_col-sm-12 wpb_column vc_column_container\"><div class=\"vc_column-inner\"><div class=\"wpb_wrapper\"><\/div><\/div><\/div><\/div><\/div><\/div><\/div><\/div><\/section>\n","protected":false},"excerpt":{"rendered":"Axelprotes Sidor\u00d6versikt \u00f6ver f\u00f6rfarandenF\u00f6rfarandeErs\u00e4ttning av en skadad axelled med en axelprotes. Operationens l\u00e4ngd1,5 - 2 timmar Sjukhusvistelse2-4 dagar AnestesiGenerell anestesi F\u00e5 gratis konsultationAktivera JavaScript i din webbl\u00e4sare f\u00f6r att fylla i formul\u00e4ret.Aktivera JavaScript i din webbl\u00e4sare f\u00f6r att fylla i formul\u00e4ret.Namn *Telefon * Telefon Sidans f\u00f6r F\u00e5 en kostnadsfri konsultation Axelprotes \u00e4r k\u00e4nd som axelartroplastik...","protected":false},"author":1,"featured_media":152177,"parent":152593,"menu_order":0,"comment_status":"closed","ping_status":"closed","template":"","meta":{"rank_math_lock_modified_date":false,"_mi_skip_tracking":false,"_monsterinsights_sitenote_active":false,"_monsterinsights_sitenote_note":"","_monsterinsights_sitenote_category":0,"_uf_show_specific_survey":0,"_uf_disable_surveys":false,"footnotes":""},"procedure":[318],"class_list":["post-152206","page","type-page","status-publish","has-post-thumbnail","hentry","procedure-breast-surgeries"],"_links":{"self":[{"href":"https:\/\/clinicmono.com\/sv\/wp-json\/wp\/v2\/pages\/152206"}],"collection":[{"href":"https:\/\/clinicmono.com\/sv\/wp-json\/wp\/v2\/pages"}],"about":[{"href":"https:\/\/clinicmono.com\/sv\/wp-json\/wp\/v2\/types\/page"}],"author":[{"embeddable":true,"href":"https:\/\/clinicmono.com\/sv\/wp-json\/wp\/v2\/users\/1"}],"replies":[{"embeddable":true,"href":"https:\/\/clinicmono.com\/sv\/wp-json\/wp\/v2\/comments?post=152206"}],"version-history":[{"count":2,"href":"https:\/\/clinicmono.com\/sv\/wp-json\/wp\/v2\/pages\/152206\/revisions"}],"predecessor-version":[{"id":152208,"href":"https:\/\/clinicmono.com\/sv\/wp-json\/wp\/v2\/pages\/152206\/revisions\/152208"}],"up":[{"embeddable":true,"href":"https:\/\/clinicmono.com\/sv\/wp-json\/wp\/v2\/pages\/152593"}],"wp:featuredmedia":[{"embeddable":true,"href":"https:\/\/clinicmono.com\/sv\/wp-json\/wp\/v2\/media\/152177"}],"wp:attachment":[{"href":"https:\/\/clinicmono.com\/sv\/wp-json\/wp\/v2\/media?parent=152206"}],"wp:term":[{"taxonomy":"procedure","embeddable":true,"href":"https:\/\/clinicmono.com\/sv\/wp-json\/wp\/v2\/procedure?post=152206"}],"curies":[{"name":"wp","href":"https:\/\/api.w.org\/{rel}","templated":true}]}}