{"id":152163,"date":"2025-04-30T12:27:20","date_gmt":"2025-04-30T12:27:20","guid":{"rendered":"https:\/\/clinicmono.com\/hoftledsbyte\/"},"modified":"2025-05-07T14:20:02","modified_gmt":"2025-05-07T14:20:02","slug":"hoftledsbyte","status":"publish","type":"page","link":"https:\/\/clinicmono.com\/sv\/ortopedi\/hoftledsbyte\/","title":{"rendered":"H\u00f6ftledsbyte"},"content":{"rendered":"<section class=\"l-section wpb_row height_custom with_img\"><div class=\"l-section-img\" role=\"img\" aria-label=\"Bild\" data-img-width=\"1440\" data-img-height=\"960\" style=\"background-image: url(https:\/\/clinicmono.com\/wp-content\/uploads\/2025\/05\/hip_replacement_surgery.jpg);background-repeat: no-repeat;\"><\/div><div class=\"l-section-overlay\" style=\"background:rgba(0,0,0,0.47)\"><\/div><div class=\"l-section-h i-cf\"><div class=\"g-cols vc_row via_flex valign_top type_default stacking_default\"><div class=\"vc_col-sm-12 wpb_column vc_column_container\"><div class=\"vc_column-inner\"><div class=\"wpb_wrapper\"><div class=\"wpb_text_column us_custom_8b3d6790 has_text_color\"><div class=\"wpb_wrapper\"><h1 style=\"text-align: center;\">H\u00f6ftledsbyte<\/h1>\n<\/div><\/div><div class=\"w-separator size_small\"><\/div><nav class=\"g-breadcrumbs us_custom_8b3d6790 has_text_color separator_icon align_center hide_current\" itemscope itemtype=\"http:\/\/schema.org\/BreadcrumbList\"><div class=\"g-breadcrumbs-item\">Sidor<\/div><\/nav><div class=\"w-separator size_small\"><\/div><\/div><\/div><\/div><\/div><\/div><\/section><section class=\"l-section wpb_row height_small\"><div class=\"l-section-h i-cf\"><div class=\"g-cols vc_row via_flex valign_top type_default stacking_default\"><div class=\"vc_col-sm-8 wpb_column vc_column_container\"><div class=\"vc_column-inner\"><div class=\"wpb_wrapper\"><div class=\"g-cols wpb_row us_custom_edec6ef0 via_flex valign_top type_default stacking_default\"><div class=\"vc_col-sm-12 wpb_column vc_column_container\"><div class=\"vc_column-inner\"><div class=\"wpb_wrapper\"><h3 class=\"w-text\"><span class=\"w-text-h\"><span class=\"w-text-value\">\u00d6versikt \u00f6ver f\u00f6rfaranden<\/span><\/span><\/h3><div class=\"w-separator size_small\"><\/div><div class=\"w-iconbox iconpos_left style_default color_primary align_left\"><div class=\"w-iconbox-icon\" style=\"font-size:1.4rem;\"><i class=\"fas fa-procedures\"><\/i><\/div><div class=\"w-iconbox-meta\"><h4 class=\"w-iconbox-title\">F\u00f6rfarande<\/h4><div class=\"w-iconbox-text\"><p>Den skadade h\u00f6ftleden tas bort och ers\u00e4tts med en h\u00f6ftprotes.<\/p>\n<\/div><\/div><\/div><div class=\"w-separator size_small\"><\/div><div class=\"w-iconbox iconpos_left style_default color_primary align_left\"><div class=\"w-iconbox-icon\" style=\"font-size:1rem;\"><i class=\"fas fa-clock\"><\/i><\/div><div class=\"w-iconbox-meta\"><h4 class=\"w-iconbox-title\">Operationens l\u00e4ngd<\/h4><div class=\"w-iconbox-text\"><p>1,5 &#8211; 2 timmar<\/p>\n<\/div><\/div><\/div><div class=\"w-separator size_small\"><\/div><div class=\"w-iconbox iconpos_left style_default color_primary align_left\"><div class=\"w-iconbox-icon\" style=\"font-size:1rem;\"><i class=\"fas fa-hospital\"><\/i><\/div><div class=\"w-iconbox-meta\"><h4 class=\"w-iconbox-title\">Sjukhusvistelse<\/h4><div class=\"w-iconbox-text\"><p>3-5 dagar<strong><br \/>\n<\/strong><\/p>\n<\/div><\/div><\/div><div class=\"w-separator size_small\"><\/div><div class=\"w-iconbox iconpos_left style_default color_primary align_left\"><div class=\"w-iconbox-icon\" style=\"font-size:1rem;\"><i class=\"fas fa-syringe\"><\/i><\/div><div class=\"w-iconbox-meta\"><h4 class=\"w-iconbox-title\">Anestesi<\/h4><div class=\"w-iconbox-text\"><p>Generell eller spinal anestesi<\/p>\n<\/div><\/div><\/div><\/div><\/div><\/div><\/div><\/div><\/div><\/div><div class=\"vc_col-sm-4 wpb_column vc_column_container\"><div class=\"vc_column-inner\"><div class=\"wpb_wrapper\"><div class=\"g-cols wpb_row us_custom_c5a47681 via_flex valign_top type_default stacking_default\"><div class=\"vc_col-sm-12 wpb_column vc_column_container\"><div class=\"vc_column-inner\"><div class=\"wpb_wrapper\"><h3 class=\"w-text\"><span class=\"w-text-h\"><span class=\"w-text-value\">F\u00e5 gratis konsultation<\/span><\/span><\/h3><div class=\"w-separator size_small\"><\/div><div class=\"wpforms-container wpforms-render-modern\" id=\"wpforms-22672\"><form id=\"wpforms-form-22672\" class=\"wpforms-validate wpforms-form wpforms-ajax-form\" data-formid=\"22672\" method=\"post\" enctype=\"multipart\/form-data\" action=\"\/sv\/wp-json\/wp\/v2\/pages\/152163\" data-token=\"4e049d8924e9eb010106565cbf8aaecc\" data-token-time=\"1776984007\"><noscript class=\"wpforms-error-noscript\">Aktivera JavaScript i din webbl\u00e4sare f\u00f6r att fylla i formul\u00e4ret.<\/noscript><div id=\"wpforms-error-noscript\" style=\"display: none;\">Aktivera JavaScript i din webbl\u00e4sare f\u00f6r att fylla i formul\u00e4ret.<\/div><div class=\"wpforms-field-container\"><div id=\"wpforms-22672-field_0-container\" class=\"wpforms-field wpforms-field-name\" data-field-id=\"0\"><label class=\"wpforms-field-label wpforms-label-hide\" for=\"wpforms-22672-field_0\" aria-hidden=\"false\">Namn <span class=\"wpforms-required-label\" aria-hidden=\"true\">*<\/span><\/label><input type=\"text\" id=\"wpforms-22672-field_0\" class=\"wpforms-field-large wpforms-field-required\" name=\"wpforms[fields][0]\" placeholder=\"Namn och efternamn\" aria-errormessage=\"wpforms-22672-field_0-error\" required><\/div><div id=\"wpforms-22672-field_5-container\" class=\"wpforms-field wpforms-field-phone\" data-field-id=\"5\"><label class=\"wpforms-field-label wpforms-label-hide\" for=\"wpforms-22672-field_5\" aria-hidden=\"false\">Telefon <span class=\"wpforms-required-label\" aria-hidden=\"true\">*<\/span><\/label><input type=\"tel\" id=\"wpforms-22672-field_5\" class=\"wpforms-field-large wpforms-field-required wpforms-smart-phone-field\" data-rule-smart-phone-field=\"true\" name=\"wpforms[fields][5]\" aria-label=\"Telefon\" aria-errormessage=\"wpforms-22672-field_5-error\" required><\/div><div id=\"wpforms-22672-field_12-container\" class=\"wpforms-field wpforms-field-hidden\" data-field-id=\"12\"><input type=\"hidden\" id=\"wpforms-22672-field_12\" name=\"wpforms[fields][12]\"><\/div><div id=\"wpforms-22672-field_10-container\" class=\"wpforms-field wpforms-field-hidden\" data-field-id=\"10\"><input type=\"hidden\" id=\"wpforms-22672-field_10\" name=\"wpforms[fields][10]\" value=\"https:\/\/clinicmono.com\/sv\/wp-json\/wp\/v2\/pages\/152163 \"><\/div>\t\t<div id=\"wpforms-22672-field_1-container\"\n\t\t\tclass=\"wpforms-field wpforms-field-text\"\n\t\t\tdata-field-type=\"text\"\n\t\t\tdata-field-id=\"1\"\n\t\t\t>\n\t\t\t<label class=\"wpforms-field-label\" for=\"wpforms-22672-field_1\" >URL Sidans f\u00f6r<\/label>\n\t\t\t<input type=\"text\" id=\"wpforms-22672-field_1\" class=\"wpforms-field-medium\" name=\"wpforms[fields][1]\" >\n\t\t<\/div>\n\t\t<div id=\"wpforms-22672-field_15-container\" class=\"wpforms-field wpforms-field-hidden\" data-field-id=\"15\"><input type=\"hidden\" id=\"wpforms-22672-field_15\" name=\"wpforms[fields][15]\" value=\" 216.73.217.63 Columbus, Ohio, US\r\n39.9587, -82.9987 \"><\/div><script>\n\t\t\t\t( function() {\n\t\t\t\t\tconst style = document.createElement( 'style' );\n\t\t\t\t\tstyle.appendChild( document.createTextNode( '#wpforms-22672-field_1-container { position: absolute !important; overflow: hidden !important; display: inline !important; height: 1px !important; width: 1px !important; z-index: -1000 !important; padding: 0 !important; } #wpforms-22672-field_1-container input { visibility: hidden; } #wpforms-conversational-form-page #wpforms-22672-field_1-container label { counter-increment: none; }' ) );\n\t\t\t\t\tdocument.head.appendChild( style );\n\t\t\t\t\tdocument.currentScript?.remove();\n\t\t\t\t} )();\n\t\t\t<\/script><\/div><!-- .wpforms-field-container --><div class=\"wpforms-recaptcha-container wpforms-is-recaptcha wpforms-is-recaptcha-type-v3\" ><input type=\"hidden\" name=\"wpforms[recaptcha]\" value=\"\"><\/div><div class=\"wpforms-submit-container\" ><input type=\"hidden\" name=\"wpforms[id]\" value=\"22672\"><input type=\"hidden\" name=\"page_title\" value=\"\"><input type=\"hidden\" name=\"page_url\" value=\"https:\/\/clinicmono.com\/sv\/wp-json\/wp\/v2\/pages\/152163\"><input type=\"hidden\" name=\"url_referer\" value=\"\"><button type=\"submit\" name=\"wpforms[submit]\" id=\"wpforms-submit-22672\" class=\"wpforms-submit\" data-alt-text=\"Skickar...\" data-submit-text=\"F\u00e5 en kostnadsfri konsultation\" aria-live=\"assertive\" value=\"wpforms-submit\">F\u00e5 en kostnadsfri konsultation<\/button><img decoding=\"async\" src=\"https:\/\/clinicmono.com\/wp-content\/plugins\/wpforms\/assets\/images\/submit-spin.svg\" class=\"wpforms-submit-spinner\" style=\"display: none;\" width=\"26\" height=\"26\" alt=\"Laddar\"><\/div><\/form><\/div>  <!-- .wpforms-container --><\/div><\/div><\/div><\/div><\/div><\/div><\/div><\/div><\/div><\/section><section class=\"l-section wpb_row us_custom_72622016 height_custom\"><div class=\"l-section-h i-cf\"><div class=\"g-cols vc_row via_flex valign_top type_default stacking_default\"><div class=\"vc_col-sm-12 wpb_column vc_column_container\"><div class=\"vc_column-inner\"><div class=\"wpb_wrapper\"><div class=\"w-separator size_small\"><\/div><div class=\"g-cols wpb_row via_flex valign_top type_default stacking_default\" id=\"procedures\"><div class=\"vc_col-sm-12 wpb_column vc_column_container\"><div class=\"vc_column-inner\"><div class=\"wpb_wrapper\"><div class=\"wpb_text_column\"><div class=\"wpb_wrapper\"><p>H\u00f6ftledsbyte \u00e4r ett kirurgiskt ingrepp f\u00f6r att lindra h\u00f6ftsm\u00e4rta hos personer med h\u00f6ftledsskada, artrit eller avaskul\u00e4r nekros. H\u00f6ftproteser kan vara tillverkade av metall, keramik eller polyeten och \u00e4r konstgjorda medicintekniska produkter som ers\u00e4tter den del av h\u00f6ften som beh\u00f6ver bytas ut. H\u00f6ftprotes rekommenderas n\u00e4r andra behandlingsmetoder inte \u00e4r anv\u00e4ndbara och det finns en h\u00f6ftskada som p\u00e5verkar personens liv negativt.<\/p>\n<\/div><\/div><\/div><\/div><\/div><\/div><div class=\"w-separator size_small\"><\/div><div class=\"g-cols wpb_row via_flex valign_top type_default stacking_default\" id=\"quicklook\"><div class=\"vc_col-sm-12 wpb_column vc_column_container\"><div class=\"vc_column-inner\"><div class=\"wpb_wrapper\"><div class=\"wpb_text_column\"><div class=\"wpb_wrapper\"><h3><strong>H\u00f6ftledsoperation<\/strong><\/h3>\n<p>H\u00f6ftledsoperation \u00e4r en ortopedisk kirurgisk metod som till\u00e4mpas p\u00e5 grund av allvarlig skada p\u00e5 h\u00f6ftleden, r\u00f6relsebegr\u00e4nsningar och sm\u00e4rta. Det \u00e4r att f\u00f6redra f\u00f6r att f\u00f6rb\u00e4ttra patientens livskvalitet i fall som avancerad h\u00f6ftartrit (osteoartrit), h\u00f6ftfrakturer, reumatoid artrit eller ledf\u00f6rs\u00e4mring p\u00e5 grund av trauma. Den skadade h\u00f6ftleden avl\u00e4gsnas under operationen och ers\u00e4tts med en konstgjord h\u00f6ftprotes, vanligtvis tillverkad av metall, keramik eller polyeten.<\/p>\n<\/div><\/div><\/div><\/div><\/div><\/div><div class=\"w-separator size_small\"><\/div><div class=\"g-cols wpb_row via_flex valign_top type_default stacking_default\" id=\"clinic\"><div class=\"vc_col-sm-6 wpb_column vc_column_container\"><div class=\"vc_column-inner\"><div class=\"wpb_wrapper\"><div class=\"wpb_text_column\"><div class=\"wpb_wrapper\"><h3><strong>Vem \u00e4r l\u00e4mplig f\u00f6r h\u00f6ftledsoperation?<\/strong><\/h3>\n<p>H\u00f6ftledsoperation \u00e4r l\u00e4mplig f\u00f6r personer som lider av sv\u00e5r h\u00f6ftsm\u00e4rta och som inte har svarat p\u00e5 andra behandlingsmetoder. I synnerhet: <\/p>\n<ul>\n<li>De som upplever h\u00f6ftsm\u00e4rta n\u00e4r de utf\u00f6r dagliga aktiviteter,<\/li>\n<li>De som k\u00e4nner sm\u00e4rta \u00e4ven under vila,<\/li>\n<li>De som har allvarliga begr\u00e4nsningar i h\u00f6ftr\u00f6relser,<\/li>\n<li>Patienter som inte kan dra nytta av metoder som sjukgymnastik, medicinering och injektioner,<\/li>\n<li>\u00c4ldre personer med allvarliga skador p\u00e5 h\u00f6ftleden<\/li>\n<\/ul>\n<p>Denna operation rekommenderas f\u00f6r. Den utf\u00f6rs ocks\u00e5 p\u00e5 unga m\u00e4nniskor med medf\u00f6dd h\u00f6ftf\u00f6rskjutning eller traumatisk h\u00f6ftskada.<\/p>\n<\/div><\/div><\/div><\/div><\/div><div class=\"vc_col-sm-6 wpb_column vc_column_container\"><div class=\"vc_column-inner\"><div class=\"wpb_wrapper\"><div class=\"wpb_text_column\"><div class=\"wpb_wrapper\"><h3><strong>Kirurgisk process och procedur <\/strong><\/h3>\n<p>H\u00f6ftledsoperation utf\u00f6rs under allm\u00e4n anestesi eller ryggm\u00e4rgsbed\u00f6vning och tar i genomsnitt 1,5 &#8211; 2 timmar. De skadade ben- och broskv\u00e4vnaderna i h\u00f6ften reng\u00f6rs och ers\u00e4tts med protesdelar. Protesen f\u00e4sts i benet med speciella lim eller skruvar. Sjukhusvistelsen varar vanligtvis mellan 3 och 5 dagar.<\/p>\n<\/div><\/div><\/div><\/div><\/div><\/div><div class=\"w-separator size_small\"><\/div><div class=\"g-cols wpb_row via_flex valign_top type_default stacking_default\"><div class=\"vc_col-sm-12 wpb_column vc_column_container\"><div class=\"vc_column-inner\"><div class=\"wpb_wrapper\"><div class=\"wpb_text_column\"><div class=\"wpb_wrapper\"><h3><strong>Vilka \u00e4r typerna av h\u00f6ftledsbyte?<\/strong><\/h3>\n<p><strong>&#8211; Total h\u00f6ftledsoperation<\/strong><\/p>\n<p>Total h\u00f6ftledsoperation \u00e4r ett av de vanligaste kirurgiska ingreppen i h\u00f6ftleden. Vid detta ingrepp ers\u00e4tts hela h\u00f6ftleden med konstgjorda delar. Under operationen s\u00e4tter kirurgen in en s\u00e4rskild protesstam i l\u00e5rbenet (femur). L\u00e5rbenshuvudet tas sedan bort och ers\u00e4tts med en konstgjord kula av metall eller keramik. Den naturliga hylsan i h\u00f6ftbenet ers\u00e4tts med en konstgjord hylsa. Detta ingrepp \u00e4r ofta att f\u00f6redra vid avancerad artrit, ledbesv\u00e4r eller ih\u00e5llande sm\u00e4rta och g\u00f6r att patienten kan \u00e5terg\u00e5 till ett sm\u00e4rtfritt och mer aktivt liv.     <\/p>\n<p><strong>&#8211; Partiell h\u00f6ftledsers\u00e4ttning (hemiartroplastik)<\/strong><\/p>\n<p>En partiell h\u00f6ftledsers\u00e4ttning \u00e4r ett kirurgiskt ingrepp d\u00e4r endast den skadade delen av h\u00f6ftleden ers\u00e4tts. Vid detta ingrepp tas vanligtvis endast l\u00e5rbenshuvudet bort och ers\u00e4tts med en metall- eller keramikkula som f\u00e4sts i \u00e4nden av protesstammen. Den naturliga ledh\u00e5lan i h\u00f6ftbenet bevaras. Partiella proteser \u00e4r en effektiv l\u00f6sning f\u00f6r behandling av vissa typer av h\u00f6ftfrakturer, s\u00e4rskilt hos \u00e4ldre personer. Denna metod, som erbjuder f\u00f6rdelar som kortare \u00e5terh\u00e4mtningstid och l\u00e4gre kirurgisk risk, anv\u00e4nds i mer begr\u00e4nsade fall \u00e4n totalproteser.    <\/p>\n<h4><strong>Postoperativ \u00e5terh\u00e4mtning<\/strong><\/h4>\n<p>Sjukgymnastik \u00e4r av stor betydelse efter en h\u00f6ftledsoperation. Patienten b\u00f6rjar g\u00e5 under de f\u00f6rsta dagarna efter operationen. Patienter som g\u00e5r med st\u00f6d under de f\u00f6rsta veckorna kan g\u00e5 sj\u00e4lvst\u00e4ndigt efter cirka 6-8 veckor. \u00c4ven om den fullst\u00e4ndiga \u00e5terh\u00e4mtningsprocessen varierar beroende p\u00e5 individen kan patienterna vanligtvis \u00e5terg\u00e5 till sina normala liv inom 3 till 6 m\u00e5nader. Att f\u00f6lja de postoperativa rekommendationerna \u00e4r avg\u00f6rande f\u00f6r att f\u00f6rl\u00e4nga protesens livsl\u00e4ngd.    <\/p>\n<h4><strong>Vilka \u00e4r f\u00f6rdelarna med h\u00f6ftproteser?<\/strong><\/h4>\n<ul>\n<li>Eliminering av h\u00f6ftsm\u00e4rta i stor utstr\u00e4ckning<\/li>\n<li>Komfort i dagliga aktiviteter<\/li>\n<li>Underl\u00e4ttande av r\u00f6relser som att g\u00e5, sitta, g\u00e5 i trappor<\/li>\n<li>\u00d6kad livskvalitet<\/li>\n<li>\u00c5r av problemfri anv\u00e4ndning med l\u00e5ngvariga protesalternativ<\/li>\n<\/ul>\n<\/div><\/div><\/div><\/div><\/div><\/div><div class=\"vc_col-sm-12 wpb_column vc_column_container\"><div class=\"vc_column-inner\"><div class=\"wpb_wrapper\"><\/div><\/div><\/div><\/div><\/div><\/div><\/div><\/div><\/section>\n","protected":false},"excerpt":{"rendered":"H\u00f6ftledsbyte Sidor\u00d6versikt \u00f6ver f\u00f6rfarandenF\u00f6rfarandeDen skadade h\u00f6ftleden tas bort och ers\u00e4tts med en h\u00f6ftprotes. Operationens l\u00e4ngd1,5 - 2 timmar Sjukhusvistelse3-5 dagar AnestesiGenerell eller spinal anestesi F\u00e5 gratis konsultationAktivera JavaScript i din webbl\u00e4sare f\u00f6r att fylla i formul\u00e4ret.Aktivera JavaScript i din webbl\u00e4sare f\u00f6r att fylla i formul\u00e4ret.Namn *Telefon * Telefon sidan Detaljer F\u00e5 en kostnadsfri konsultation H\u00f6ftledsbyte...","protected":false},"author":1,"featured_media":152500,"parent":152593,"menu_order":0,"comment_status":"closed","ping_status":"closed","template":"","meta":{"_mi_skip_tracking":false,"_monsterinsights_sitenote_active":false,"_monsterinsights_sitenote_note":"","_monsterinsights_sitenote_category":0,"_uf_show_specific_survey":0,"_uf_disable_surveys":false,"footnotes":""},"procedure":[318],"class_list":["post-152163","page","type-page","status-publish","has-post-thumbnail","hentry","procedure-breast-surgeries"],"_links":{"self":[{"href":"https:\/\/clinicmono.com\/sv\/wp-json\/wp\/v2\/pages\/152163","targetHints":{"allow":["GET"]}}],"collection":[{"href":"https:\/\/clinicmono.com\/sv\/wp-json\/wp\/v2\/pages"}],"about":[{"href":"https:\/\/clinicmono.com\/sv\/wp-json\/wp\/v2\/types\/page"}],"author":[{"embeddable":true,"href":"https:\/\/clinicmono.com\/sv\/wp-json\/wp\/v2\/users\/1"}],"replies":[{"embeddable":true,"href":"https:\/\/clinicmono.com\/sv\/wp-json\/wp\/v2\/comments?post=152163"}],"version-history":[{"count":0,"href":"https:\/\/clinicmono.com\/sv\/wp-json\/wp\/v2\/pages\/152163\/revisions"}],"up":[{"embeddable":true,"href":"https:\/\/clinicmono.com\/sv\/wp-json\/wp\/v2\/pages\/152593"}],"wp:featuredmedia":[{"embeddable":true,"href":"https:\/\/clinicmono.com\/sv\/wp-json\/wp\/v2\/media\/152500"}],"wp:attachment":[{"href":"https:\/\/clinicmono.com\/sv\/wp-json\/wp\/v2\/media?parent=152163"}],"wp:term":[{"taxonomy":"procedure","embeddable":true,"href":"https:\/\/clinicmono.com\/sv\/wp-json\/wp\/v2\/procedure?post=152163"}],"curies":[{"name":"wp","href":"https:\/\/api.w.org\/{rel}","templated":true}]}}