{"id":152135,"date":"2025-04-24T11:17:03","date_gmt":"2025-04-24T11:17:03","guid":{"rendered":"https:\/\/clinicmono.com\/knaprotesoperation\/"},"modified":"2025-05-07T14:20:02","modified_gmt":"2025-05-07T14:20:02","slug":"knaprotesoperation","status":"publish","type":"page","link":"https:\/\/clinicmono.com\/sv\/ortopedi\/knaprotesoperation\/","title":{"rendered":"Kn\u00e4protesoperation"},"content":{"rendered":"<section class=\"l-section wpb_row height_custom with_img\"><div class=\"l-section-img\" role=\"img\" data-img-width=\"1600\" data-img-height=\"938\" style=\"background-image: url(https:\/\/clinicmono.com\/wp-content\/uploads\/2025\/04\/knee_replacement_surgery.jpeg);background-repeat: no-repeat;\"><\/div><div class=\"l-section-overlay\" style=\"background:rgba(0,0,0,0.47)\"><\/div><div class=\"l-section-h i-cf\"><div class=\"g-cols vc_row via_flex valign_top type_default stacking_default\"><div class=\"vc_col-sm-12 wpb_column vc_column_container\"><div class=\"vc_column-inner\"><div class=\"wpb_wrapper\"><div class=\"wpb_text_column us_custom_8b3d6790 has_text_color\"><div class=\"wpb_wrapper\"><h1 style=\"text-align: center;\">Kn\u00e4protesoperation<\/h1>\n<\/div><\/div><div class=\"w-separator size_small\"><\/div><nav class=\"g-breadcrumbs us_custom_8b3d6790 has_text_color separator_icon align_center hide_current\" itemscope itemtype=\"http:\/\/schema.org\/BreadcrumbList\"><div class=\"g-breadcrumbs-item\">Sidor<\/div><\/nav><div class=\"w-separator size_small\"><\/div><\/div><\/div><\/div><\/div><\/div><\/section><section class=\"l-section wpb_row height_small\"><div class=\"l-section-h i-cf\"><div class=\"g-cols vc_row via_flex valign_top type_default stacking_default\"><div class=\"vc_col-sm-8 wpb_column vc_column_container\"><div class=\"vc_column-inner\"><div class=\"wpb_wrapper\"><div class=\"g-cols wpb_row us_custom_edec6ef0 via_flex valign_top type_default stacking_default\"><div class=\"vc_col-sm-12 wpb_column vc_column_container\"><div class=\"vc_column-inner\"><div class=\"wpb_wrapper\"><h3 class=\"w-text\"><span class=\"w-text-h\"><span class=\"w-text-value\">\u00d6versikt \u00f6ver f\u00f6rfaranden<\/span><\/span><\/h3><div class=\"w-separator size_small\"><\/div><div class=\"w-iconbox iconpos_left style_default color_primary align_left\"><div class=\"w-iconbox-icon\" style=\"font-size:1.4rem;\"><i class=\"fas fa-procedures\"><\/i><\/div><div class=\"w-iconbox-meta\"><h4 class=\"w-iconbox-title\">F\u00f6rfarande<\/h4><div class=\"w-iconbox-text\"><p>F\u00f6rebyggande av kn\u00e4sm\u00e4rta och f\u00f6rb\u00e4ttring av livskvaliteten genom att minska kontakten mellan skadade ledytor.<\/p>\n<\/div><\/div><\/div><div class=\"w-separator size_small\"><\/div><div class=\"w-iconbox iconpos_left style_default color_primary align_left\"><div class=\"w-iconbox-icon\" style=\"font-size:1rem;\"><i class=\"fas fa-clock\"><\/i><\/div><div class=\"w-iconbox-meta\"><h4 class=\"w-iconbox-title\">Operationens l\u00e4ngd<\/h4><div class=\"w-iconbox-text\"><p>1,5 &#8211; 2 timmar<\/p>\n<\/div><\/div><\/div><div class=\"w-separator size_small\"><\/div><div class=\"w-iconbox iconpos_left style_default color_primary align_left\"><div class=\"w-iconbox-icon\" style=\"font-size:1rem;\"><i class=\"fas fa-hospital\"><\/i><\/div><div class=\"w-iconbox-meta\"><h4 class=\"w-iconbox-title\">Sjukhusvistelse<\/h4><div class=\"w-iconbox-text\"><p>3-5 dagar<strong><br \/>\n<\/strong><\/p>\n<\/div><\/div><\/div><div class=\"w-separator size_small\"><\/div><div class=\"w-iconbox iconpos_left style_default color_primary align_left\"><div class=\"w-iconbox-icon\" style=\"font-size:1rem;\"><i class=\"fas fa-syringe\"><\/i><\/div><div class=\"w-iconbox-meta\"><h4 class=\"w-iconbox-title\">Anestesi<\/h4><div class=\"w-iconbox-text\"><p>Generell eller spinal anestesi<\/p>\n<\/div><\/div><\/div><\/div><\/div><\/div><\/div><\/div><\/div><\/div><div class=\"vc_col-sm-4 wpb_column vc_column_container\"><div class=\"vc_column-inner\"><div class=\"wpb_wrapper\"><div class=\"g-cols wpb_row us_custom_c5a47681 via_flex valign_top type_default stacking_default\"><div class=\"vc_col-sm-12 wpb_column vc_column_container\"><div class=\"vc_column-inner\"><div class=\"wpb_wrapper\"><h3 class=\"w-text\"><span class=\"w-text-h\"><span class=\"w-text-value\">F\u00e5 gratis konsultation<\/span><\/span><\/h3><div class=\"w-separator size_small\"><\/div><div class=\"wpforms-container wpforms-render-modern\" id=\"wpforms-22672\"><form id=\"wpforms-form-22672\" class=\"wpforms-validate wpforms-form wpforms-ajax-form\" data-formid=\"22672\" method=\"post\" enctype=\"multipart\/form-data\" action=\"\/sv\/wp-json\/wp\/v2\/pages\/152135\" data-token=\"db6f61103491d6e6a76ee366636b92de\" data-token-time=\"1775574462\"><noscript class=\"wpforms-error-noscript\">Aktivera JavaScript i din webbl\u00e4sare f\u00f6r att fylla i formul\u00e4ret.<\/noscript><div id=\"wpforms-error-noscript\" style=\"display: none;\">Aktivera JavaScript i din webbl\u00e4sare f\u00f6r att fylla i formul\u00e4ret.<\/div><div class=\"wpforms-field-container\"><div id=\"wpforms-22672-field_0-container\" class=\"wpforms-field wpforms-field-name\" data-field-id=\"0\"><label class=\"wpforms-field-label wpforms-label-hide\" for=\"wpforms-22672-field_0\" aria-hidden=\"false\">Namn <span class=\"wpforms-required-label\" aria-hidden=\"true\">*<\/span><\/label><input type=\"text\" id=\"wpforms-22672-field_0\" class=\"wpforms-field-large wpforms-field-required\" name=\"wpforms[fields][0]\" placeholder=\"Namn och efternamn\" aria-errormessage=\"wpforms-22672-field_0-error\" required><\/div><div id=\"wpforms-22672-field_5-container\" class=\"wpforms-field wpforms-field-phone\" data-field-id=\"5\"><label class=\"wpforms-field-label wpforms-label-hide\" for=\"wpforms-22672-field_5\" aria-hidden=\"false\">Telefon <span class=\"wpforms-required-label\" aria-hidden=\"true\">*<\/span><\/label><input type=\"tel\" id=\"wpforms-22672-field_5\" class=\"wpforms-field-large wpforms-field-required wpforms-smart-phone-field\" data-rule-smart-phone-field=\"true\" name=\"wpforms[fields][5]\" aria-label=\"Telefon\" aria-errormessage=\"wpforms-22672-field_5-error\" required><\/div><div id=\"wpforms-22672-field_12-container\" class=\"wpforms-field wpforms-field-hidden\" data-field-id=\"12\"><input type=\"hidden\" id=\"wpforms-22672-field_12\" name=\"wpforms[fields][12]\"><\/div><div id=\"wpforms-22672-field_10-container\" class=\"wpforms-field wpforms-field-hidden\" data-field-id=\"10\"><input type=\"hidden\" id=\"wpforms-22672-field_10\" name=\"wpforms[fields][10]\" value=\"https:\/\/clinicmono.com\/sv\/wp-json\/wp\/v2\/pages\/152135 \"><\/div>\t\t<div id=\"wpforms-22672-field_1-container\"\n\t\t\tclass=\"wpforms-field wpforms-field-text\"\n\t\t\tdata-field-type=\"text\"\n\t\t\tdata-field-id=\"1\"\n\t\t\t>\n\t\t\t<label class=\"wpforms-field-label\" for=\"wpforms-22672-field_1\" >f\u00f6r Namn Sidans<\/label>\n\t\t\t<input type=\"text\" id=\"wpforms-22672-field_1\" class=\"wpforms-field-medium\" name=\"wpforms[fields][1]\" >\n\t\t<\/div>\n\t\t<div id=\"wpforms-22672-field_15-container\" class=\"wpforms-field wpforms-field-hidden\" data-field-id=\"15\"><input type=\"hidden\" id=\"wpforms-22672-field_15\" name=\"wpforms[fields][15]\" value=\" 216.73.216.191 {entry_geolocation} \"><\/div><script>\n\t\t\t\t( function() {\n\t\t\t\t\tconst style = document.createElement( 'style' );\n\t\t\t\t\tstyle.appendChild( document.createTextNode( '#wpforms-22672-field_1-container { position: absolute !important; overflow: hidden !important; display: inline !important; height: 1px !important; width: 1px !important; z-index: -1000 !important; padding: 0 !important; } #wpforms-22672-field_1-container input { visibility: hidden; } #wpforms-conversational-form-page #wpforms-22672-field_1-container label { counter-increment: none; }' ) );\n\t\t\t\t\tdocument.head.appendChild( style );\n\t\t\t\t\tdocument.currentScript?.remove();\n\t\t\t\t} )();\n\t\t\t<\/script><\/div><!-- .wpforms-field-container --><div class=\"wpforms-recaptcha-container wpforms-is-recaptcha wpforms-is-recaptcha-type-v3\" ><input type=\"hidden\" name=\"wpforms[recaptcha]\" value=\"\"><\/div><div class=\"wpforms-submit-container\" ><input type=\"hidden\" name=\"wpforms[id]\" value=\"22672\"><input type=\"hidden\" name=\"page_title\" value=\"\"><input type=\"hidden\" name=\"page_url\" value=\"https:\/\/clinicmono.com\/sv\/wp-json\/wp\/v2\/pages\/152135\"><input type=\"hidden\" name=\"url_referer\" value=\"\"><button type=\"submit\" name=\"wpforms[submit]\" id=\"wpforms-submit-22672\" class=\"wpforms-submit\" data-alt-text=\"Skickar...\" data-submit-text=\"F\u00e5 en kostnadsfri konsultation\" aria-live=\"assertive\" value=\"wpforms-submit\">F\u00e5 en kostnadsfri konsultation<\/button><img loading=\"lazy\" decoding=\"async\" src=\"https:\/\/clinicmono.com\/wp-content\/plugins\/wpforms\/assets\/images\/submit-spin.svg\" class=\"wpforms-submit-spinner\" style=\"display: none;\" width=\"26\" height=\"26\" alt=\"Laddar\"><\/div><\/form><\/div>  <!-- .wpforms-container --><\/div><\/div><\/div><\/div><\/div><\/div><\/div><\/div><\/div><\/section><section class=\"l-section wpb_row us_custom_72622016 height_custom\"><div class=\"l-section-h i-cf\"><div class=\"g-cols vc_row via_flex valign_top type_default stacking_default\"><div class=\"vc_col-sm-12 wpb_column vc_column_container\"><div class=\"vc_column-inner\"><div class=\"wpb_wrapper\"><div class=\"w-separator size_small\"><\/div><div class=\"g-cols wpb_row via_flex valign_top type_default stacking_default\" id=\"procedures\"><div class=\"vc_col-sm-12 wpb_column vc_column_container\"><div class=\"vc_column-inner\"><div class=\"wpb_wrapper\"><div class=\"wpb_text_column\"><div class=\"wpb_wrapper\"><p>Kn\u00e4protes \u00e4r ett kirurgiskt ingrepp som syftar till att f\u00f6rb\u00e4ttra livskvaliteten hos personer med sv\u00e5r ledsm\u00e4rta och begr\u00e4nsad ledr\u00f6relse p\u00e5 grund av olika trauman. Den skadade ben- och broskv\u00e4vnaden i kn\u00e4omr\u00e5det avl\u00e4gsnas och proteser av metall, plast eller polymer s\u00e4tts in.   <\/p>\n<p><strong>Operationen, som ocks\u00e5 kallas kn\u00e4artroplastik, tar cirka 2 timmar och utf\u00f6rs ofta av ortopedl\u00e4kare.<\/strong> Syftet med kn\u00e4protesoperationen \u00e4r att f\u00f6rebygga kn\u00e4sm\u00e4rta genom att minska kontakten mellan de skadade ledytorna och att f\u00e5 en led som kan g\u00e5 s\u00e5 mycket som \u00f6nskas och g\u00e5 i trappor.<\/p>\n<\/div><\/div><\/div><\/div><\/div><\/div><div class=\"w-separator size_small\"><\/div><div class=\"g-cols wpb_row via_flex valign_top type_default stacking_default\" id=\"quicklook\"><div class=\"vc_col-sm-12 wpb_column vc_column_container\"><div class=\"vc_column-inner\"><div class=\"wpb_wrapper\"><div class=\"wpb_text_column\"><div class=\"wpb_wrapper\"><p><strong>Uppt\u00e4ck excellens inom kn\u00e4proteskirurgi med Clinic Mono \u2013 eftersom varje steg r\u00e4knas.<\/strong><\/p>\n<h3><strong>Hur utf\u00f6rs kn\u00e4proteskirurgi?<\/strong><\/h3>\n<p>Kn\u00e4protesoperation \u00e4r en kirurgisk metod som f\u00f6redras i fall som avancerad artros (osteoartrit), inflammatorisk reumatism (reumatoid artrit) eller ledf\u00f6rst\u00f6ring orsakad av trauma. Vid en kn\u00e4protesoperation avl\u00e4gsnas hela ledbrosket eller endast de skadade ytorna p\u00e5 ledbrosket och ers\u00e4tts med en konstgjord protes. Huvudsyftet med operationen \u00e4r att \u00f6ka patientens r\u00f6rlighet och f\u00f6rb\u00e4ttra livskvaliteten. Efter en kn\u00e4protesoperation f\u00f6rsvinner sm\u00e4rtan helt hos n\u00e4stan alla patienter och patienten kan \u00e5terg\u00e5 till ett sm\u00e4rtfritt och r\u00f6rligt liv.<\/p>\n<\/div><\/div><\/div><\/div><\/div><\/div><div class=\"w-separator size_small\"><\/div><div class=\"g-cols wpb_row via_flex valign_top type_default stacking_default\" id=\"clinic\"><div class=\"vc_col-sm-6 wpb_column vc_column_container\"><div class=\"vc_column-inner\"><div class=\"wpb_wrapper\"><div class=\"wpb_text_column\"><div class=\"wpb_wrapper\"><h3><strong>F\u00f6r vem \u00e4r kn\u00e4protesoperation l\u00e4mplig?<\/strong><\/h3>\n<p>Huvudsyftet med en kn\u00e4protesoperation \u00e4r att f\u00f6rb\u00e4ttra levnadsstandarden. Om patientens sm\u00e4rta inte svarar p\u00e5 behandlingsmetoder som sjukgymnastik, intraartikul\u00e4ra injektioner och sm\u00e4rtstillande medel, kan kn\u00e4protesoperation \u00f6verv\u00e4gas som ett alternativ. Det \u00e4r en f\u00f6redragen operation f\u00f6r personer som lider av sv\u00e5r kn\u00e4sm\u00e4rta p\u00e5 grund av l\u00e5ngt framskriden ledf\u00f6rslitning, har sv\u00e5rt att utf\u00f6ra dagliga aktiviteter och inte har nytta av medicinering eller sjukgymnastik. Det kan ocks\u00e5 vara att f\u00f6redra f\u00f6r patienter som har allvarliga ledskador i ung \u00e5lder.<\/p>\n<\/div><\/div><\/div><\/div><\/div><div class=\"vc_col-sm-6 wpb_column vc_column_container\"><div class=\"vc_column-inner\"><div class=\"wpb_wrapper\"><div class=\"wpb_text_column\"><div class=\"wpb_wrapper\"><h3><strong>Patienter som \u00e4r l\u00e4mpliga f\u00f6r kn\u00e4protesoperation<\/strong><\/h3>\n<ul>\n<li>Sv\u00e5r kn\u00e4sm\u00e4rta och stelhet p\u00e5 en niv\u00e5 som f\u00f6rhindrar dagliga aktiviteter som att g\u00e5, g\u00e5 i trappor, resa sig fr\u00e5n en stol,<\/li>\n<li>Kontinuerlig sm\u00e4rta vid vila eller s\u00f6mn<\/li>\n<li>Sv\u00e5r kn\u00e4artrit (osteoartrit)<\/li>\n<li>Inflammatorisk reumatism (reumatoid artrit)<\/li>\n<\/ul>\n<\/div><\/div><\/div><\/div><\/div><\/div><div class=\"w-separator size_small\"><\/div><div class=\"g-cols wpb_row via_flex valign_top type_default stacking_default\"><div class=\"vc_col-sm-12 wpb_column vc_column_container\"><div class=\"vc_column-inner\"><div class=\"wpb_wrapper\"><div class=\"wpb_text_column\"><div class=\"wpb_wrapper\"><h4>Kirurgisk process och \u00e5terh\u00e4mtning<\/h4>\n<p>Kn\u00e4protesoperationen utf\u00f6rs under allm\u00e4n eller spinal anestesi och tar i genomsnitt 1,5-2 timmar. Den postoperativa sjukhusvistelsen varierar mellan 3-5 dagar. Sjukgymnastik \u00e4r en viktig del av \u00e5terh\u00e4mtningsprocessen. Under de f\u00f6rsta veckorna b\u00f6rjar patienterna g\u00e5 med hj\u00e4lp, och efter 6 veckor kan de flesta patienter g\u00e5 utan st\u00f6d.   <\/p>\n<h4>Vilka \u00e4r de olika typerna av kn\u00e4proteser?<\/h4>\n<p>Under en kn\u00e4protesoperation tar kirurger bort skadad eller sliten v\u00e4vnad och ben fr\u00e5n kn\u00e4leden och ers\u00e4tter dem med l\u00e4mpliga konstgjorda protesdelar. Dessa proteser kan f\u00e4stas i benet med speciella medicinska lim eller titanskruvar. Fysioterapi under den postoperativa perioden \u00e4r av stor betydelse f\u00f6r att patienten ska kunna st\u00e4rka kn\u00e4musklerna och \u00e5terf\u00e5 normal r\u00f6rlighet.  <\/p>\n<p><strong>\u25cf Total kn\u00e4protes<\/strong><\/p>\n<p>Total kn\u00e4protes \u00e4r den vanligaste typen av kn\u00e4protes d\u00e4r hela kn\u00e4leden ers\u00e4tts med konstgjorda delar. I denna metod placeras tv\u00e5 huvuddelar p\u00e5 den nedre delen av l\u00e5rbenet och den \u00f6vre delen av skenbenet. Total kn\u00e4protes \u00e4r ofta att f\u00f6redra, s\u00e4rskilt vid avancerade ledskador p\u00e5 grund av deras l\u00e5ngvariga struktur och h\u00e5llbarhet.  <\/p>\n<p><strong>\u25cf Semi-kn\u00e4protes (partiell kn\u00e4protes)<\/strong><\/p>\n<p>Semi-kn\u00e4protes \u00e4r en mindre invasiv kirurgisk metod som inneb\u00e4r att endast den skadade delen av kn\u00e4et ers\u00e4tts. Vid detta ingrepp bevaras friska v\u00e4vnader och endast de skadade brosk- och benv\u00e4vnaderna ers\u00e4tts med protesen. \u00c4ven om f\u00f6rdelarna med halvkn\u00e4proteser \u00e4r kortare \u00e5terh\u00e4mtningstid och l\u00e4gre operationsrisk, kan de ha kortare livsl\u00e4ngd \u00e4n totala kn\u00e4proteser.  <\/p>\n<h4>Postoperativa \u00f6verv\u00e4ganden<\/h4>\n<p>&#8211; Forts\u00e4tt regelbundet med sjukgymnastiken<br \/>\n&#8211; Undvik \u00f6vervikt<br \/>\n&#8211; Undvik r\u00f6relser som inneb\u00e4r f\u00f6r stor belastning p\u00e5 kn\u00e4et<\/p>\n<\/div><\/div><\/div><\/div><\/div><\/div><div class=\"vc_col-sm-12 wpb_column vc_column_container\"><div class=\"vc_column-inner\"><div class=\"wpb_wrapper\"><\/div><\/div><\/div><\/div><\/div><\/div><\/div><\/div><\/section>\n","protected":false},"excerpt":{"rendered":"Kn\u00e4protesoperation Sidor\u00d6versikt \u00f6ver f\u00f6rfarandenF\u00f6rfarandeF\u00f6rebyggande av kn\u00e4sm\u00e4rta och f\u00f6rb\u00e4ttring av livskvaliteten genom att minska kontakten mellan skadade ledytor. Operationens l\u00e4ngd1,5 - 2 timmar Sjukhusvistelse3-5 dagar AnestesiGenerell eller spinal anestesi F\u00e5 gratis konsultationAktivera JavaScript i din webbl\u00e4sare f\u00f6r att fylla i formul\u00e4ret.Aktivera JavaScript i din webbl\u00e4sare f\u00f6r att fylla i formul\u00e4ret.Namn *Telefon * URL sidan Telefon F\u00e5...","protected":false},"author":1,"featured_media":152011,"parent":152593,"menu_order":0,"comment_status":"closed","ping_status":"closed","template":"","meta":{"rank_math_lock_modified_date":false,"_mi_skip_tracking":false,"_monsterinsights_sitenote_active":false,"_monsterinsights_sitenote_note":"","_monsterinsights_sitenote_category":0,"_uf_show_specific_survey":0,"_uf_disable_surveys":false,"footnotes":""},"procedure":[318],"class_list":["post-152135","page","type-page","status-publish","has-post-thumbnail","hentry","procedure-breast-surgeries"],"_links":{"self":[{"href":"https:\/\/clinicmono.com\/sv\/wp-json\/wp\/v2\/pages\/152135"}],"collection":[{"href":"https:\/\/clinicmono.com\/sv\/wp-json\/wp\/v2\/pages"}],"about":[{"href":"https:\/\/clinicmono.com\/sv\/wp-json\/wp\/v2\/types\/page"}],"author":[{"embeddable":true,"href":"https:\/\/clinicmono.com\/sv\/wp-json\/wp\/v2\/users\/1"}],"replies":[{"embeddable":true,"href":"https:\/\/clinicmono.com\/sv\/wp-json\/wp\/v2\/comments?post=152135"}],"version-history":[{"count":2,"href":"https:\/\/clinicmono.com\/sv\/wp-json\/wp\/v2\/pages\/152135\/revisions"}],"predecessor-version":[{"id":152137,"href":"https:\/\/clinicmono.com\/sv\/wp-json\/wp\/v2\/pages\/152135\/revisions\/152137"}],"up":[{"embeddable":true,"href":"https:\/\/clinicmono.com\/sv\/wp-json\/wp\/v2\/pages\/152593"}],"wp:featuredmedia":[{"embeddable":true,"href":"https:\/\/clinicmono.com\/sv\/wp-json\/wp\/v2\/media\/152011"}],"wp:attachment":[{"href":"https:\/\/clinicmono.com\/sv\/wp-json\/wp\/v2\/media?parent=152135"}],"wp:term":[{"taxonomy":"procedure","embeddable":true,"href":"https:\/\/clinicmono.com\/sv\/wp-json\/wp\/v2\/procedure?post=152135"}],"curies":[{"name":"wp","href":"https:\/\/api.w.org\/{rel}","templated":true}]}}