{"id":121277,"date":"2024-03-01T17:31:55","date_gmt":"2024-03-01T17:31:55","guid":{"rendered":"https:\/\/clinicmono.com\/lakare\/m-d-serbay-gurel\/"},"modified":"2025-05-08T11:47:07","modified_gmt":"2025-05-08T11:47:07","slug":"m-d-serbay-gurel","status":"publish","type":"page","link":"https:\/\/clinicmono.com\/sv\/lakare\/m-d-serbay-gurel\/","title":{"rendered":"M.D. Serbay G\u00dcREL"},"content":{"rendered":"<section class=\"l-section wpb_row height_custom with_img\"><div class=\"l-section-img\" role=\"img\" data-img-width=\"1920\" data-img-height=\"400\" style=\"background-image: url(https:\/\/clinicmono.com\/wp-content\/uploads\/2023\/05\/call1.jpg);background-repeat: no-repeat;background-size: auto;\"><\/div><div class=\"l-section-h i-cf\"><div class=\"g-cols vc_row via_flex valign_top type_default stacking_default\"><div class=\"vc_col-sm-12 wpb_column vc_column_container\"><div class=\"vc_column-inner\"><div class=\"wpb_wrapper\"><div class=\"wpb_text_column\"><div class=\"wpb_wrapper\"><h1 style=\"text-align: center;\">M.D. Serbay G\u00dcREL<\/h1>\n<\/div><\/div><nav class=\"g-breadcrumbs separator_icon align_center\" itemscope itemtype=\"http:\/\/schema.org\/BreadcrumbList\"><div class=\"g-breadcrumbs-item\" itemscope itemprop=\"itemListElement\" itemtype=\"http:\/\/schema.org\/ListItem\"><a itemprop=\"item\" href=\"https:\/\/clinicmono.com\/sv\/\"><span itemprop=\"name\">Klinik Mono<\/span><\/a><meta itemprop=\"position\" content=\"1\"\/><\/div><div class=\"g-breadcrumbs-separator\"><i class=\"far fa-angle-double-right\"><\/i><\/div><div class=\"g-breadcrumbs-item\">Sidor<\/div><\/nav><\/div><\/div><\/div><\/div><\/div><\/section><section class=\"l-section wpb_row height_custom\"><div class=\"l-section-h i-cf\"><div class=\"g-cols vc_row via_flex valign_top type_default stacking_default\"><div class=\"vc_col-sm-12 wpb_column vc_column_container\"><div class=\"vc_column-inner\"><div class=\"wpb_wrapper\"><div class=\"g-cols wpb_row via_flex valign_top type_default stacking_default\"><div class=\"vc_col-sm-3 wpb_column vc_column_container\"><div class=\"vc_column-inner\"><div class=\"wpb_wrapper\"><div class=\"w-person layout_cards\" itemscope itemtype=\"https:\/\/schema.org\/Person\"><div class=\"w-person-image\"><img loading=\"lazy\" decoding=\"async\" width=\"1024\" height=\"1024\" src=\"https:\/\/clinicmono.com\/wp-content\/uploads\/2024\/03\/serbay_gurel_pp-1024x1024.jpg\" class=\"attachment-large size-large\" alt=\"\" srcset=\"https:\/\/clinicmono.com\/wp-content\/uploads\/2024\/03\/serbay_gurel_pp-1024x1024.jpg 1024w, https:\/\/clinicmono.com\/wp-content\/uploads\/2024\/03\/serbay_gurel_pp-600x600.jpg 600w, https:\/\/clinicmono.com\/wp-content\/uploads\/2024\/03\/serbay_gurel_pp-300x300.jpg 300w, https:\/\/clinicmono.com\/wp-content\/uploads\/2024\/03\/serbay_gurel_pp-500x500.jpg 500w, https:\/\/clinicmono.com\/wp-content\/uploads\/2024\/03\/serbay_gurel_pp-400x400.jpg 400w, https:\/\/clinicmono.com\/wp-content\/uploads\/2024\/03\/serbay_gurel_pp-150x150.jpg 150w, https:\/\/clinicmono.com\/wp-content\/uploads\/2024\/03\/serbay_gurel_pp.jpg 1080w\" sizes=\"(max-width: 1024px) 100vw, 1024px\" \/><\/div><div class=\"w-person-content\"><h4 itemprop=\"name\" class=\"w-person-name\"><span>M. D. Serbay G\u00dcREL<\/span><\/h4><div class=\"w-person-role\" itemprop=\"jobTitle\">Dermatologi och kosmetologi<\/div><\/div><\/div><\/div><\/div><\/div><div class=\"vc_col-sm-9 wpb_column vc_column_container\"><div class=\"vc_column-inner\"><div class=\"wpb_wrapper\"><div class=\"wpb_text_column\"><div class=\"wpb_wrapper\"><p>M.D. Serbay Gurel f\u00f6ddes i Bursa 1984. Gurel, som avslutade sin gymnasieutbildning vid Bursa Gazi Anatolian High School mellan 1998 och 2002, b\u00f6rjade sin l\u00e4karutbildning vid GATA Faculty of Medicine 2002. Efter examen 2008 fortsatte han sin karri\u00e4r genom att arbeta p\u00e5 GATA mellan 2008 och 2009 och p\u00e5 48th Motorised Infantry Regiment, Bayburt Infirmary Chief Physician mellan 2009 och 2011. Han specialiserade sig vid avdelningen f\u00f6r dermatologi och veneriska sjukdomar vid GATA mellan 2011 och 2015. Han fortsatte sin karri\u00e4r genom att arbeta p\u00e5 \u0130zmirs milit\u00e4rsjukhus mellan 2015 och 2017 och p\u00e5 det privata sjukhuset mellan 2018 och 2023. MD. Serbay Gurel, som har varit verksam i egen firma sedan 2023, talar engelska v\u00e4l. Han \u00e4r gift och far till en son. Serbay Gurel; Han utf\u00f6r framg\u00e5ngsrikt <a href=\"https:\/\/clinicmono.com\/sv\/hair-transplant-in-turkey\/mesotherapy-for-hair-loss\/\">Mesoterapi<\/a>, <a href=\"https:\/\/clinicmono.com\/sv\/foryngring-av-ansiktet\/hudfyllmedel\/lip-filler\/\">Lip Filler<\/a>, <a href=\"https:\/\/clinicmono.com\/sv\/foryngring-av-ansiktet\/hudfyllmedel\/undereye-filler\/\">Under Eye Light F<\/a>illing, Capillary Treatment, <a title=\"Mesoterapi mot h\u00e5ravfall\" href=\"https:\/\/clinicmono.com\/sv\/hair-transplant-in-turkey\/mesotherapy-for-hair-loss\/\">Hair Mesotherapy<\/a>, Nose Filler, <a href=\"https:\/\/clinicmono.com\/sv\/foryngring-av-ansiktet\/ansiktsforyngring\/\">Non-Surgical Face Lift<\/a>, <a href=\"https:\/\/clinicmono.com\/sv\/plastisk-och-estetisk-kirurgi\/bichectomy\/\">Bichectomy<\/a>, <a href=\"https:\/\/clinicmono.com\/sv\/plastisk-och-estetisk-kirurgi\/mole-removal\/\">Mole Removal<\/a>, Collagen Grafting, Needle Radiofrequency, Laser Epilation och <a href=\"https:\/\/clinicmono.com\/sv\/foryngring-av-ansiktet\/skin-care\/\">Skin Care<\/a> applikationer. <b>Avdelning:<\/b><span style=\"font-weight: 400;\"> Dermatologi och kosmetologiFr\u00e4mmande<\/span><b>spr\u00e5k<\/b>:<span style=\"font-weight: 400;\"> EngelskaUtbildning<\/span><b>:<\/b><\/p>\n<ul>\n<li><span style=\"font-weight: 400;\">1998 &#8211; 2002 Anatoliska gymnasiet Bursa Gazi <\/span><\/li>\n<li><span style=\"font-weight: 400;\">2002 &#8211; 2008 Medicine doktor, G\u00fclhane milit\u00e4ra medicinska akademi, Ankara, Turkiet<\/span><\/li>\n<li>2011 &#8211; 2015 ST-tj\u00e4nstg\u00f6ring i dermatologi och veneriska sjukdomar, G\u00fclhane Military Medical Academy<\/li>\n<\/ul>\n<\/div><\/div><\/div><\/div><\/div><\/div><div class=\"g-cols wpb_row via_flex valign_top type_default stacking_default\"><div class=\"vc_col-sm-12 wpb_column vc_column_container\"><div class=\"vc_column-inner\"><div class=\"wpb_wrapper\"><div class=\"w-separator size_small\"><\/div><div class=\"wpb_text_column\"><div class=\"wpb_wrapper\"><p><b>Arbetslivserfarenhet:<\/b><\/p>\n<ul>\n<li><span style=\"font-weight: 400;\">L\u00e4kare, G\u00fclhane Military Medical Academy, Ankara, Turkiet 2008 &#8211; 2009<\/span><\/li>\n<li><span style=\"font-weight: 400;\">\u00d6verl\u00e4kare vid sjukstugan, 48:e motoriserade infanteriregementet, Bayburt, Turkiet 2009-2011<\/span><\/li>\n<li><span style=\"font-weight: 400;\">ST-tj\u00e4nstg\u00f6ring i dermatologi och veneriska sjukdomar, G\u00fclhane Military Medical Academy 2011-2015<\/span><\/li>\n<li><span style=\"font-weight: 400;\">L\u00e4kare, milit\u00e4rl\u00e4kare, dermatologi, \u0130zmirs milit\u00e4rsjukhus, Turkiet 2015-2017<\/span><\/li>\n<li><span style=\"font-weight: 400;\">Dr. Serbay G\u00fcrel Dermatology Clinic, \u0130zmir, Turkiet 2017-2018<\/span><\/li>\n<li><span style=\"font-weight: 400;\">Privat klinik 2018-2023<\/span><\/li>\n<li><span style=\"font-weight: 400;\">Dr. Serbay G\u00fcrel Dermatology Clinic, \u0130zmir, Turkiet 2023 &#8211; Nuvarande<\/span><\/li>\n<\/ul>\n<p><b>F\u00e4rdigheter och egenskaper:<\/b><\/p>\n<ul>\n<li><span style=\"font-weight: 400;\"> Expertis inom dermatologi och veneriska sjukdomar<\/span><\/li>\n<li><span style=\"font-weight: 400;\"> Underspecialitet inom kosmetologi<\/span><\/li>\n<li><span style=\"font-weight: 400;\"> &#8220;Primum non nocere&#8221;, &#8220;F\u00f6rst, g\u00f6r ingen skada&#8221;, \u00e4r mitt motto och patients\u00e4kerhet \u00e4r min h\u00f6gsta prioritet.<\/span><\/li>\n<li><span style=\"font-weight: 400;\"> God och \u00e4rlig kommunikation med patienterna.<\/span><\/li>\n<li><span style=\"font-weight: 400;\"> De omr\u00e5den inom kosmetisk medicin som jag \u00e4r expert p\u00e5:<\/span><\/li>\n<\/ul>\n<p><span style=\"font-weight: 400;\">\u2713<\/span><span style=\"font-weight: 400;\"> Injektioner mot rynkor: Botulinumtoxininjektioner f\u00f6r rynkor i pannan, \u00f6gonrynkor, pannan och<\/span><span style=\"font-weight: 400;\">browlifts.<\/span><span style=\"font-weight: 400;\">\u2713 Tr\u00e5dlyftning: <a title=\"Ansiktslyftning Turkiet\" href=\"https:\/\/clinicmono.com\/sv\/foryngring-av-ansiktet\/ansiktsforyngring\/\">Ansiktslyftning<\/a> och bantning, \u00f6gonbrynslyftning och halsoperationer<\/span><\/p>\n<p><span style=\"font-weight: 400;\">\u2713<\/span><span style=\"font-weight: 400;\"> Dermala fyllnadsmedel: Inklusive deformitet i form av t\u00e5rar, kind, haka, n\u00e4sa, panna, k\u00e4klinje och l\u00e4ppar<\/span><\/p>\n<p><span style=\"font-weight: 400;\">fyllmedel<\/span><\/p>\n<p><span style=\"font-weight: 400;\">\u2713<\/span><span style=\"font-weight: 400;\"> Flytande ansiktslyftning med dermala fillers<\/span><\/p>\n<p><span style=\"font-weight: 400;\">\u2713<\/span><span style=\"font-weight: 400;\"> Laserbehandlingar:<\/span><\/p>\n<p><span style=\"font-weight: 400;\">*Fraktionerade laserbehandlingar inklusive Erbium: Yag, CO2- och Thulium-laser f\u00f6r akne\u00e4rr,<\/span><\/p>\n<p><span style=\"font-weight: 400;\">pigmenteringar och f\u00f6ryngring<\/span><\/p>\n<p><span style=\"font-weight: 400;\">*Vaskul\u00e4r laser f\u00f6r behandling av rodnad, telangiektasier och rosacea<\/span><\/p>\n<p><span style=\"font-weight: 400;\">*Ablativ laser f\u00f6r borttagning av f\u00f6delsem\u00e4rken och pigmenteringar<\/span><\/p>\n<p><span style=\"font-weight: 400;\">*Laser mot \u00e5ldrande<\/span><\/p>\n<p><span style=\"font-weight: 400;\">\u2713<\/span><span style=\"font-weight: 400;\"> Ultraljudsbehandlingar med h\u00f6gintensivt fokus f\u00f6r ansiktslyftning och bantning av ansiktet<\/span><\/p>\n<p><span style=\"font-weight: 400;\">\u2713<\/span><span style=\"font-weight: 400;\"> Injektionsmedel f\u00f6r kroppen<\/span><\/p>\n<p><b>Presentationer &#8211; Publikationer:<\/b><\/p>\n<ul>\n<li><span style=\"font-weight: 400;\">&#8220;Utv\u00e4rdering av Trichoscan-resultat hos patienter med icke-kikatriciell alopeci. Avhandling f\u00f6r specialisering inom medicin &#8220;A Current Approach to Cellulitis&#8221; Acikgoz G. Gurel S. Turk J Dermatol 2014; 2: 74-8<\/span><\/li>\n<li><span style=\"font-weight: 400;\">&#8220;Juvenil pityriasis rubra pilaris: en fallrapport. Din\u00e7er D, G\u00fcrel S, Arca E, Ko\u00e7 E, Tunca M. 12:e v\u00e4rldskongressen f\u00f6r pediatrisk dermatologi, 25-27 september 2013, Madrid, Spanien<\/span><\/li>\n<li><span style=\"font-weight: 400;\">&#8220;Juvenil spring eruption: en fallbeskrivning. Din\u00e7er D, G\u00fcrel S, Arca E, Ko\u00e7 E, Tunca M. 22nd Congress of the European Academy of Dermatology and Venereology.<\/span><\/li>\n<li><span style=\"font-weight: 400;\">Effekt av minimal ablativ fraktionerad Er:YAG-laser vid behandling av akne\u00e4rr: En retrospektiv studie. E Ko\u00e7, S Toklu, S G\u00fcrel, Y Yeniay, E \u00c7al\u0131\u015fkan, G A\u00e7\u0131kg\u00f6z<\/span><\/li>\n<\/ul>\n<\/div><\/div><\/div><\/div><\/div><\/div><\/div><\/div><\/div><\/div><\/div><\/section>\n","protected":false},"excerpt":{"rendered":"M.D. Serbay G\u00dcREL Klinik MonoSidorM. D. Serbay G\u00dcRELDermatologi och kosmetologiM.D. Serbay Gurel f\u00f6ddes i Bursa 1984. Gurel, som avslutade sin gymnasieutbildning vid Bursa Gazi Anatolian High School mellan 1998 och 2002, b\u00f6rjade sin l\u00e4karutbildning vid GATA Faculty of Medicine 2002. Efter examen 2008 fortsatte han sin karri\u00e4r genom att arbeta p\u00e5 GATA mellan 2008 och...","protected":false},"author":1,"featured_media":0,"parent":38888,"menu_order":0,"comment_status":"closed","ping_status":"closed","template":"","meta":{"rank_math_lock_modified_date":false,"_mi_skip_tracking":false,"_monsterinsights_sitenote_active":false,"_monsterinsights_sitenote_note":"","_monsterinsights_sitenote_category":0,"_uf_show_specific_survey":0,"_uf_disable_surveys":false,"footnotes":""},"procedure":[],"class_list":["post-121277","page","type-page","status-publish","hentry"],"_links":{"self":[{"href":"https:\/\/clinicmono.com\/sv\/wp-json\/wp\/v2\/pages\/121277"}],"collection":[{"href":"https:\/\/clinicmono.com\/sv\/wp-json\/wp\/v2\/pages"}],"about":[{"href":"https:\/\/clinicmono.com\/sv\/wp-json\/wp\/v2\/types\/page"}],"author":[{"embeddable":true,"href":"https:\/\/clinicmono.com\/sv\/wp-json\/wp\/v2\/users\/1"}],"replies":[{"embeddable":true,"href":"https:\/\/clinicmono.com\/sv\/wp-json\/wp\/v2\/comments?post=121277"}],"version-history":[{"count":7,"href":"https:\/\/clinicmono.com\/sv\/wp-json\/wp\/v2\/pages\/121277\/revisions"}],"predecessor-version":[{"id":152621,"href":"https:\/\/clinicmono.com\/sv\/wp-json\/wp\/v2\/pages\/121277\/revisions\/152621"}],"up":[{"embeddable":true,"href":"https:\/\/clinicmono.com\/sv\/wp-json\/wp\/v2\/pages\/38888"}],"wp:attachment":[{"href":"https:\/\/clinicmono.com\/sv\/wp-json\/wp\/v2\/media?parent=121277"}],"wp:term":[{"taxonomy":"procedure","embeddable":true,"href":"https:\/\/clinicmono.com\/sv\/wp-json\/wp\/v2\/procedure?post=121277"}],"curies":[{"name":"wp","href":"https:\/\/api.w.org\/{rel}","templated":true}]}}