{"id":152516,"date":"2025-04-24T11:14:07","date_gmt":"2025-04-24T11:14:07","guid":{"rendered":"https:\/\/clinicmono.com\/orthopedie\/"},"modified":"2025-05-07T14:18:16","modified_gmt":"2025-05-07T14:18:16","slug":"orthopedie","status":"publish","type":"page","link":"https:\/\/clinicmono.com\/fr\/orthopedie\/","title":{"rendered":"Orthop\u00e9die"},"content":{"rendered":"<section class=\"l-section wpb_row height_custom with_img\"><div class=\"l-section-img\" role=\"img\" data-img-width=\"1920\" data-img-height=\"400\" style=\"background-image: url(https:\/\/clinicmono.com\/wp-content\/uploads\/2023\/05\/call1.jpg);background-repeat: no-repeat;background-size: auto;\"><\/div><div class=\"l-section-h i-cf\"><div class=\"g-cols vc_row via_flex valign_top type_default stacking_default\"><div class=\"vc_col-sm-12 wpb_column vc_column_container\"><div class=\"vc_column-inner\"><div class=\"wpb_wrapper\"><div class=\"wpb_text_column\"><div class=\"wpb_wrapper\"><h1 style=\"text-align: center;\">Orthop\u00e9die<\/h1>\n<\/div><\/div><nav class=\"g-breadcrumbs separator_icon align_center hide_current\" itemscope itemtype=\"http:\/\/schema.org\/BreadcrumbList\"><div class=\"g-breadcrumbs-item\">Pages<\/div><\/nav><\/div><\/div><\/div><\/div><\/div><\/section><section class=\"l-section wpb_row height_custom\"><div class=\"l-section-h i-cf\"><div class=\"g-cols vc_row via_flex valign_top type_default stacking_default\"><div class=\"vc_col-sm-12 wpb_column vc_column_container\"><div class=\"vc_column-inner\"><div class=\"wpb_wrapper\"><div class=\"w-grid box-category type_grid layout_24246 cols_3 ratio_16x9\" id=\"us_grid_1\" style=\"--gap:1.5rem;\"><style>@media (max-width:1024px){#us_grid_1 .w-grid-item{width:50%}#us_grid_1 .w-grid-item.size_2x1,#us_grid_1 .w-grid-item.size_2x2{width:100%}}@media (max-width:600px){#us_grid_1 .w-grid-list{margin:0}#us_grid_1 .w-grid-item{width:100%;padding:0;margin-bottom:var(--gap,0px)}}#us_grid_1 .w-grid-item-h:before{padding-bottom:56.25%}.layout_24246 .w-grid-item-h:before{padding-bottom:100%}@media (min-width:601px){.layout_24246 .w-grid-item.size_1x2 .w-grid-item-h:before{padding-bottom:calc(200% + var(--gap,0px) * 2)}.layout_24246 .w-grid-item.size_2x1 .w-grid-item-h:before{padding-bottom:calc(50% - var(--gap,0px) * 1)}.layout_24246 .w-grid-item.size_2x2 .w-grid-item-h:before{padding-bottom:calc(100% - var(--gap,0px) * 0)}}.layout_24246 .w-grid-item-h{background:var(--color-content-bg);color:var(--color-content-text);border-radius:0.3rem;box-shadow:0 0.03rem 0.06rem rgba(0,0,0,0.1),0 0.1rem 0.3rem rgba(0,0,0,0.1);transition-duration:0.3s}.no-touch .layout_24246 .w-grid-item-h:hover{box-shadow:0 0.1rem 0.2rem rgba(0,0,0,0.1),0 0.33rem 1rem rgba(0,0,0,0.15);z-index:4}.layout_24246 .usg_post_title_1{font-size:24px!important;margin-top:20px!important;margin-bottom:20px!important}<\/style><div class=\"w-grid-list\">\t<article class=\"w-grid-item size_1x1 post-152138 page type-page status-publish has-post-thumbnail hentry procedure-breast-surgeries\" data-id=\"152138\">\r\n\t\t<div class=\"w-grid-item-h\">\r\n\t\t\t\t\t\t<div class=\"w-post-elm post_image usg_post_image_1 stretched\"><a href=\"https:\/\/clinicmono.com\/fr\/orthopedie\/prothese-du-genou\/\" aria-label=\"Proth\u00e8se du genou\"><img loading=\"lazy\" decoding=\"async\" width=\"1600\" height=\"938\" src=\"https:\/\/clinicmono.com\/wp-content\/uploads\/2025\/04\/knee_replacement_surgery.jpeg\" class=\"attachment-full size-full wp-post-image\" alt=\"\" srcset=\"https:\/\/clinicmono.com\/wp-content\/uploads\/2025\/04\/knee_replacement_surgery.jpeg 1600w, https:\/\/clinicmono.com\/wp-content\/uploads\/2025\/04\/knee_replacement_surgery-600x352.jpeg 600w, https:\/\/clinicmono.com\/wp-content\/uploads\/2025\/04\/knee_replacement_surgery-1024x600.jpeg 1024w\" sizes=\"(max-width: 1600px) 100vw, 1600px\" \/><\/a><\/div><h2 class=\"w-post-elm post_title usg_post_title_1 align_center entry-title color_link_inherit\"><a href=\"https:\/\/clinicmono.com\/fr\/orthopedie\/prothese-du-genou\/\">Proth\u00e8se du genou<\/a><\/h2>\t\t<\/div>\r\n\t\t\t<\/article>\r\n\t<article class=\"w-grid-item size_1x1 post-152167 page type-page status-publish has-post-thumbnail hentry procedure-breast-surgeries\" data-id=\"152167\">\r\n\t\t<div class=\"w-grid-item-h\">\r\n\t\t\t\t\t\t<div class=\"w-post-elm post_image usg_post_image_1 stretched\"><a href=\"https:\/\/clinicmono.com\/fr\/orthopedie\/remplacement-de-la-hanche\/\" aria-label=\"Remplacement de la hanche\"><img loading=\"lazy\" decoding=\"async\" width=\"1440\" height=\"960\" src=\"https:\/\/clinicmono.com\/wp-content\/uploads\/2025\/05\/hip_replacement_surgery.jpg\" class=\"attachment-full size-full wp-post-image\" alt=\"\" srcset=\"https:\/\/clinicmono.com\/wp-content\/uploads\/2025\/05\/hip_replacement_surgery.jpg 1440w, https:\/\/clinicmono.com\/wp-content\/uploads\/2025\/05\/hip_replacement_surgery-600x400.jpg 600w, https:\/\/clinicmono.com\/wp-content\/uploads\/2025\/05\/hip_replacement_surgery-1024x683.jpg 1024w\" sizes=\"(max-width: 1440px) 100vw, 1440px\" \/><\/a><\/div><h2 class=\"w-post-elm post_title usg_post_title_1 align_center entry-title color_link_inherit\"><a href=\"https:\/\/clinicmono.com\/fr\/orthopedie\/remplacement-de-la-hanche\/\">Remplacement de la hanche<\/a><\/h2>\t\t<\/div>\r\n\t\t\t<\/article>\r\n\t<article class=\"w-grid-item size_1x1 post-152209 page type-page status-publish has-post-thumbnail hentry procedure-breast-surgeries\" data-id=\"152209\">\r\n\t\t<div class=\"w-grid-item-h\">\r\n\t\t\t\t\t\t<div class=\"w-post-elm post_image usg_post_image_1 stretched\"><a href=\"https:\/\/clinicmono.com\/fr\/orthopedie\/prothese-depaule\/\" aria-label=\"Proth\u00e8se d&#8217;\u00e9paule\"><img loading=\"lazy\" decoding=\"async\" width=\"1132\" height=\"500\" src=\"https:\/\/clinicmono.com\/wp-content\/uploads\/2025\/04\/shoulder_replacement_surgery.jpg\" class=\"attachment-full size-full wp-post-image\" alt=\"\" srcset=\"https:\/\/clinicmono.com\/wp-content\/uploads\/2025\/04\/shoulder_replacement_surgery.jpg 1132w, https:\/\/clinicmono.com\/wp-content\/uploads\/2025\/04\/shoulder_replacement_surgery-600x265.jpg 600w, https:\/\/clinicmono.com\/wp-content\/uploads\/2025\/04\/shoulder_replacement_surgery-1024x452.jpg 1024w\" sizes=\"(max-width: 1132px) 100vw, 1132px\" \/><\/a><\/div><h2 class=\"w-post-elm post_title usg_post_title_1 align_center entry-title color_link_inherit\"><a href=\"https:\/\/clinicmono.com\/fr\/orthopedie\/prothese-depaule\/\">Proth\u00e8se d&#8217;\u00e9paule<\/a><\/h2>\t\t<\/div>\r\n\t\t\t<\/article>\r\n\t<article class=\"w-grid-item size_1x1 post-152272 page type-page status-publish has-post-thumbnail hentry procedure-orthopedics\" data-id=\"152272\">\r\n\t\t<div class=\"w-grid-item-h\">\r\n\t\t\t\t\t\t<div class=\"w-post-elm post_image usg_post_image_1 stretched\"><a href=\"https:\/\/clinicmono.com\/fr\/orthopedie\/chirurgie-de-la-rupture-du-ligament-croise-anterieur\/\" aria-label=\"Chirurgie de la rupture du ligament crois\u00e9 ant\u00e9rieur\"><img loading=\"lazy\" decoding=\"async\" width=\"1280\" height=\"720\" src=\"https:\/\/clinicmono.com\/wp-content\/uploads\/2025\/05\/Anterior_Cruciate_Ligament_Tear_Surgery.jpg\" class=\"attachment-full size-full wp-post-image\" alt=\"\" srcset=\"https:\/\/clinicmono.com\/wp-content\/uploads\/2025\/05\/Anterior_Cruciate_Ligament_Tear_Surgery.jpg 1280w, https:\/\/clinicmono.com\/wp-content\/uploads\/2025\/05\/Anterior_Cruciate_Ligament_Tear_Surgery-600x338.jpg 600w, https:\/\/clinicmono.com\/wp-content\/uploads\/2025\/05\/Anterior_Cruciate_Ligament_Tear_Surgery-1024x576.jpg 1024w, https:\/\/clinicmono.com\/wp-content\/uploads\/2025\/05\/Anterior_Cruciate_Ligament_Tear_Surgery-800x450.jpg 800w\" sizes=\"(max-width: 1280px) 100vw, 1280px\" \/><\/a><\/div><h2 class=\"w-post-elm post_title usg_post_title_1 align_center entry-title color_link_inherit\"><a href=\"https:\/\/clinicmono.com\/fr\/orthopedie\/chirurgie-de-la-rupture-du-ligament-croise-anterieur\/\">Chirurgie de la rupture du ligament crois\u00e9 ant\u00e9rieur<\/a><\/h2>\t\t<\/div>\r\n\t\t\t<\/article>\r\n\t<article class=\"w-grid-item size_1x1 post-152322 page type-page status-publish has-post-thumbnail hentry procedure-orthopedics\" data-id=\"152322\">\r\n\t\t<div class=\"w-grid-item-h\">\r\n\t\t\t\t\t\t<div class=\"w-post-elm post_image usg_post_image_1 stretched\"><a href=\"https:\/\/clinicmono.com\/fr\/orthopedie\/chirurgie-arthroscopique-du-genou\/\" aria-label=\"Chirurgie arthroscopique du genou\"><img loading=\"lazy\" decoding=\"async\" width=\"1000\" height=\"562\" src=\"https:\/\/clinicmono.com\/wp-content\/uploads\/2025\/05\/Arthroscopic_Knee_Surgery.png\" class=\"attachment-full size-full wp-post-image\" alt=\"\" srcset=\"https:\/\/clinicmono.com\/wp-content\/uploads\/2025\/05\/Arthroscopic_Knee_Surgery.png 1000w, https:\/\/clinicmono.com\/wp-content\/uploads\/2025\/05\/Arthroscopic_Knee_Surgery-600x337.png 600w, https:\/\/clinicmono.com\/wp-content\/uploads\/2025\/05\/Arthroscopic_Knee_Surgery-800x450.png 800w\" sizes=\"(max-width: 1000px) 100vw, 1000px\" \/><\/a><\/div><h2 class=\"w-post-elm post_title usg_post_title_1 align_center entry-title color_link_inherit\"><a href=\"https:\/\/clinicmono.com\/fr\/orthopedie\/chirurgie-arthroscopique-du-genou\/\">Chirurgie arthroscopique du genou<\/a><\/h2>\t\t<\/div>\r\n\t\t\t<\/article>\r\n\t<article class=\"w-grid-item size_1x1 post-152361 page type-page status-publish has-post-thumbnail hentry procedure-orthopedics\" data-id=\"152361\">\r\n\t\t<div class=\"w-grid-item-h\">\r\n\t\t\t\t\t\t<div class=\"w-post-elm post_image usg_post_image_1 stretched\"><a href=\"https:\/\/clinicmono.com\/fr\/orthopedie\/chirurgie-arthroscopique-de-lepaule\/\" aria-label=\"Chirurgie arthroscopique de l&#8217;\u00e9paule\"><img loading=\"lazy\" decoding=\"async\" width=\"1500\" height=\"564\" src=\"https:\/\/clinicmono.com\/wp-content\/uploads\/2025\/05\/Arthroscopic_Shoulder_Surgery-1.jpg\" class=\"attachment-full size-full wp-post-image\" alt=\"\" srcset=\"https:\/\/clinicmono.com\/wp-content\/uploads\/2025\/05\/Arthroscopic_Shoulder_Surgery-1.jpg 1500w, https:\/\/clinicmono.com\/wp-content\/uploads\/2025\/05\/Arthroscopic_Shoulder_Surgery-1-600x226.jpg 600w, https:\/\/clinicmono.com\/wp-content\/uploads\/2025\/05\/Arthroscopic_Shoulder_Surgery-1-1024x385.jpg 1024w\" sizes=\"(max-width: 1500px) 100vw, 1500px\" \/><\/a><\/div><h2 class=\"w-post-elm post_title usg_post_title_1 align_center entry-title color_link_inherit\"><a href=\"https:\/\/clinicmono.com\/fr\/orthopedie\/chirurgie-arthroscopique-de-lepaule\/\">Chirurgie arthroscopique de l&#8217;\u00e9paule<\/a><\/h2>\t\t<\/div>\r\n\t\t\t<\/article>\r\n\t<article class=\"w-grid-item size_1x1 post-152386 page type-page status-publish has-post-thumbnail hentry procedure-orthopedics\" data-id=\"152386\">\r\n\t\t<div class=\"w-grid-item-h\">\r\n\t\t\t\t\t\t<div class=\"w-post-elm post_image usg_post_image_1 stretched\"><a href=\"https:\/\/clinicmono.com\/fr\/orthopedie\/chirurgie-de-la-scoliose\/\" aria-label=\"Chirurgie de la scoliose\"><img loading=\"lazy\" decoding=\"async\" width=\"1280\" height=\"853\" src=\"https:\/\/clinicmono.com\/wp-content\/uploads\/2025\/05\/scoliosis_surgery.jpg\" class=\"attachment-full size-full wp-post-image\" alt=\"\" srcset=\"https:\/\/clinicmono.com\/wp-content\/uploads\/2025\/05\/scoliosis_surgery.jpg 1280w, https:\/\/clinicmono.com\/wp-content\/uploads\/2025\/05\/scoliosis_surgery-600x400.jpg 600w, https:\/\/clinicmono.com\/wp-content\/uploads\/2025\/05\/scoliosis_surgery-1024x682.jpg 1024w\" sizes=\"(max-width: 1280px) 100vw, 1280px\" \/><\/a><\/div><h2 class=\"w-post-elm post_title usg_post_title_1 align_center entry-title color_link_inherit\"><a href=\"https:\/\/clinicmono.com\/fr\/orthopedie\/chirurgie-de-la-scoliose\/\">Chirurgie de la scoliose<\/a><\/h2>\t\t<\/div>\r\n\t\t\t<\/article>\r\n\t<article class=\"w-grid-item size_1x1 post-152410 page type-page status-publish has-post-thumbnail hentry procedure-orthopedics\" data-id=\"152410\">\r\n\t\t<div class=\"w-grid-item-h\">\r\n\t\t\t\t\t\t<div class=\"w-post-elm post_image usg_post_image_1 stretched\"><a href=\"https:\/\/clinicmono.com\/fr\/orthopedie\/chirurgie-de-la-compression-nerveuse\/\" aria-label=\"Chirurgie de la compression nerveuse\"><img loading=\"lazy\" decoding=\"async\" width=\"880\" height=\"660\" src=\"https:\/\/clinicmono.com\/wp-content\/uploads\/2025\/05\/Nerve_Compression_Surgery.webp\" class=\"attachment-full size-full wp-post-image\" alt=\"\" srcset=\"https:\/\/clinicmono.com\/wp-content\/uploads\/2025\/05\/Nerve_Compression_Surgery.webp 880w, https:\/\/clinicmono.com\/wp-content\/uploads\/2025\/05\/Nerve_Compression_Surgery-600x450.webp 600w\" sizes=\"(max-width: 880px) 100vw, 880px\" \/><\/a><\/div><h2 class=\"w-post-elm post_title usg_post_title_1 align_center entry-title color_link_inherit\"><a href=\"https:\/\/clinicmono.com\/fr\/orthopedie\/chirurgie-de-la-compression-nerveuse\/\">Chirurgie de la compression nerveuse<\/a><\/h2>\t\t<\/div>\r\n\t\t\t<\/article>\r\n\t<article class=\"w-grid-item size_1x1 post-152433 page type-page status-publish has-post-thumbnail hentry procedure-orthopedics\" data-id=\"152433\">\r\n\t\t<div class=\"w-grid-item-h\">\r\n\t\t\t\t\t\t<div class=\"w-post-elm post_image usg_post_image_1 stretched\"><a href=\"https:\/\/clinicmono.com\/fr\/orthopedie\/chirurgie-dallongement\/\" aria-label=\"Chirurgie d&#8217;allongement\"><img loading=\"lazy\" decoding=\"async\" width=\"1487\" height=\"837\" src=\"https:\/\/clinicmono.com\/wp-content\/uploads\/2025\/05\/Lengthening_Surgery.jpg\" class=\"attachment-full size-full wp-post-image\" alt=\"\" srcset=\"https:\/\/clinicmono.com\/wp-content\/uploads\/2025\/05\/Lengthening_Surgery.jpg 1487w, https:\/\/clinicmono.com\/wp-content\/uploads\/2025\/05\/Lengthening_Surgery-600x338.jpg 600w, https:\/\/clinicmono.com\/wp-content\/uploads\/2025\/05\/Lengthening_Surgery-1024x576.jpg 1024w, https:\/\/clinicmono.com\/wp-content\/uploads\/2025\/05\/Lengthening_Surgery-800x450.jpg 800w\" sizes=\"(max-width: 1487px) 100vw, 1487px\" \/><\/a><\/div><h2 class=\"w-post-elm post_title usg_post_title_1 align_center entry-title color_link_inherit\"><a href=\"https:\/\/clinicmono.com\/fr\/orthopedie\/chirurgie-dallongement\/\">Chirurgie d&#8217;allongement<\/a><\/h2>\t\t<\/div>\r\n\t\t\t<\/article>\r\n<\/div><div class=\"w-grid-preloader\">\t<div class=\"g-preloader type_1\">\r\n\t\t<div><\/div>\r\n\t<\/div>\r\n\t<\/div>\t<div class=\"w-grid-json hidden\" onclick='return {&quot;action&quot;:&quot;us_ajax_grid&quot;,&quot;infinite_scroll&quot;:0,&quot;max_num_pages&quot;:1,&quot;pagination&quot;:&quot;none&quot;,&quot;template_vars&quot;:{&quot;columns&quot;:&quot;3&quot;,&quot;exclude_items&quot;:&quot;none&quot;,&quot;img_size&quot;:&quot;full&quot;,&quot;ignore_items_size&quot;:0,&quot;items_layout&quot;:&quot;24246&quot;,&quot;items_offset&quot;:&quot;1&quot;,&quot;load_animation&quot;:&quot;none&quot;,&quot;overriding_link&quot;:&quot;%7B%22url%22%3A%22%22%7D&quot;,&quot;post_id&quot;:0,&quot;query_args&quot;:{&quot;ignore_sticky_posts&quot;:1,&quot;post_type&quot;:&quot;any&quot;,&quot;post__in&quot;:[&quot;152004&quot;,&quot;152141&quot;,&quot;152170&quot;,&quot;152261&quot;,&quot;152304&quot;,&quot;152325&quot;,&quot;152368&quot;,&quot;152389&quot;,&quot;152413&quot;],&quot;tax_query&quot;:[{&quot;taxonomy&quot;:&quot;product_visibility&quot;,&quot;field&quot;:&quot;slug&quot;,&quot;terms&quot;:[&quot;exclude-from-catalog&quot;],&quot;operator&quot;:&quot;NOT IN&quot;}],&quot;posts_per_page&quot;:&quot;10&quot;},&quot;orderby_query_args&quot;:{&quot;orderby&quot;:{&quot;post__in&quot;:&quot;ASC&quot;},&quot;order&quot;:&quot;ASC&quot;},&quot;type&quot;:&quot;grid&quot;,&quot;us_grid_post_type&quot;:&quot;ids&quot;,&quot;us_grid_ajax_index&quot;:1,&quot;us_grid_filter_query_string&quot;:null,&quot;us_grid_index&quot;:1,&quot;page_args&quot;:[],&quot;lang&quot;:&quot;fr&quot;}}'><\/div>\r\n\t<\/div><div class=\"w-separator size_medium\"><\/div><\/div><\/div><\/div><\/div><\/div><\/section>\n","protected":false},"excerpt":{"rendered":"Chirurgie d&#8217;allongement PagesAper\u00e7u de la proc\u00e9dureProc\u00e9dureS\u00e9paration de fragments osseux \u00e0 l'aide d'une incision dans la zone osseuse et mise en place d'un dispositif sp\u00e9cial aux deux extr\u00e9mit\u00e9s de l'os dans le but d'allonger Dur\u00e9e de l&#039;op\u00e9ration2 heures S\u00e9jour \u00e0 l&#039;h\u00f4pital2 jours Anesth\u00e9sieAnesth\u00e9sie g\u00e9n\u00e9rale Obtenez une consultation gratuiteVeuillez activer JavaScript dans votre navigateur pour remplir ce...","protected":false},"author":1,"featured_media":152008,"parent":0,"menu_order":2,"comment_status":"closed","ping_status":"closed","template":"","meta":{"rank_math_lock_modified_date":false,"_mi_skip_tracking":false,"_monsterinsights_sitenote_active":false,"_monsterinsights_sitenote_note":"","_monsterinsights_sitenote_category":0,"_uf_show_specific_survey":0,"_uf_disable_surveys":false,"footnotes":""},"procedure":[569],"class_list":["post-152516","page","type-page","status-publish","has-post-thumbnail","hentry","procedure-orthopedics"],"_links":{"self":[{"href":"https:\/\/clinicmono.com\/fr\/wp-json\/wp\/v2\/pages\/152516"}],"collection":[{"href":"https:\/\/clinicmono.com\/fr\/wp-json\/wp\/v2\/pages"}],"about":[{"href":"https:\/\/clinicmono.com\/fr\/wp-json\/wp\/v2\/types\/page"}],"author":[{"embeddable":true,"href":"https:\/\/clinicmono.com\/fr\/wp-json\/wp\/v2\/users\/1"}],"replies":[{"embeddable":true,"href":"https:\/\/clinicmono.com\/fr\/wp-json\/wp\/v2\/comments?post=152516"}],"version-history":[{"count":4,"href":"https:\/\/clinicmono.com\/fr\/wp-json\/wp\/v2\/pages\/152516\/revisions"}],"predecessor-version":[{"id":152592,"href":"https:\/\/clinicmono.com\/fr\/wp-json\/wp\/v2\/pages\/152516\/revisions\/152592"}],"wp:featuredmedia":[{"embeddable":true,"href":"https:\/\/clinicmono.com\/fr\/wp-json\/wp\/v2\/media\/152008"}],"wp:attachment":[{"href":"https:\/\/clinicmono.com\/fr\/wp-json\/wp\/v2\/media?parent=152516"}],"wp:term":[{"taxonomy":"procedure","embeddable":true,"href":"https:\/\/clinicmono.com\/fr\/wp-json\/wp\/v2\/procedure?post=152516"}],"curies":[{"name":"wp","href":"https:\/\/api.w.org\/{rel}","templated":true}]}}