{"id":152433,"date":"2025-05-07T10:19:30","date_gmt":"2025-05-07T10:19:30","guid":{"rendered":"https:\/\/clinicmono.com\/chirurgie-dallongement\/"},"modified":"2025-05-07T13:23:56","modified_gmt":"2025-05-07T13:23:56","slug":"chirurgie-dallongement","status":"publish","type":"page","link":"https:\/\/clinicmono.com\/fr\/orthopedie\/chirurgie-dallongement\/","title":{"rendered":"Chirurgie d&#8217;allongement"},"content":{"rendered":"<section class=\"l-section wpb_row height_custom with_img\"><div class=\"l-section-img\" role=\"img\" data-img-width=\"1487\" data-img-height=\"837\" style=\"background-image: url(https:\/\/clinicmono.com\/wp-content\/uploads\/2025\/05\/Lengthening_Surgery.jpg);background-repeat: no-repeat;\"><\/div><div class=\"l-section-overlay\" style=\"background:rgba(0,0,0,0.47)\"><\/div><div class=\"l-section-h i-cf\"><div class=\"g-cols vc_row via_flex valign_top type_default stacking_default\"><div class=\"vc_col-sm-12 wpb_column vc_column_container\"><div class=\"vc_column-inner\"><div class=\"wpb_wrapper\"><div class=\"wpb_text_column us_custom_8b3d6790 has_text_color\"><div class=\"wpb_wrapper\"><h1 style=\"text-align: center;\">Chirurgie d&#8217;allongement<\/h1>\n<\/div><\/div><div class=\"w-separator size_small\"><\/div><nav class=\"g-breadcrumbs us_custom_8b3d6790 has_text_color separator_icon align_center hide_current\" itemscope itemtype=\"http:\/\/schema.org\/BreadcrumbList\"><div class=\"g-breadcrumbs-item\">Pages<\/div><\/nav><div class=\"w-separator size_small\"><\/div><\/div><\/div><\/div><\/div><\/div><\/section><section class=\"l-section wpb_row height_small\"><div class=\"l-section-h i-cf\"><div class=\"g-cols vc_row via_flex valign_top type_default stacking_default\"><div class=\"vc_col-sm-8 wpb_column vc_column_container\"><div class=\"vc_column-inner\"><div class=\"wpb_wrapper\"><div class=\"g-cols wpb_row us_custom_edec6ef0 via_flex valign_top type_default stacking_default\"><div class=\"vc_col-sm-12 wpb_column vc_column_container\"><div class=\"vc_column-inner\"><div class=\"wpb_wrapper\"><h3 class=\"w-text\"><span class=\"w-text-h\"><span class=\"w-text-value\">Aper\u00e7u de la proc\u00e9dure<\/span><\/span><\/h3><div class=\"w-separator size_small\"><\/div><div class=\"w-iconbox iconpos_left style_default color_primary align_left\"><div class=\"w-iconbox-icon\" style=\"font-size:1.4rem;\"><i class=\"fas fa-procedures\"><\/i><\/div><div class=\"w-iconbox-meta\"><h4 class=\"w-iconbox-title\">Proc\u00e9dure<\/h4><div class=\"w-iconbox-text\"><p>S\u00e9paration de fragments osseux \u00e0 l&#8217;aide d&#8217;une incision dans la zone osseuse et mise en place d&#8217;un dispositif sp\u00e9cial aux deux extr\u00e9mit\u00e9s de l&#8217;os dans le but d&#8217;allonger<strong><br \/>\n<\/strong><\/p>\n<\/div><\/div><\/div><div class=\"w-separator size_small\"><\/div><div class=\"w-iconbox iconpos_left style_default color_primary align_left\"><div class=\"w-iconbox-icon\" style=\"font-size:1rem;\"><i class=\"fas fa-clock\"><\/i><\/div><div class=\"w-iconbox-meta\"><h4 class=\"w-iconbox-title\">Dur\u00e9e de l&#039;op\u00e9ration<\/h4><div class=\"w-iconbox-text\"><p>2 heures<\/p>\n<div id=\"gtx-trans\" style=\"position: absolute; left: 105px; top: 30.8px;\">\n<div class=\"gtx-trans-icon\"><\/div>\n<\/div>\n<\/div><\/div><\/div><div class=\"w-separator size_small\"><\/div><div class=\"w-iconbox iconpos_left style_default color_primary align_left\"><div class=\"w-iconbox-icon\" style=\"font-size:1rem;\"><i class=\"fas fa-hospital\"><\/i><\/div><div class=\"w-iconbox-meta\"><h4 class=\"w-iconbox-title\">S\u00e9jour \u00e0 l&#039;h\u00f4pital<\/h4><div class=\"w-iconbox-text\"><p>2 jours<\/p>\n<\/div><\/div><\/div><div class=\"w-separator size_small\"><\/div><div class=\"w-iconbox iconpos_left style_default color_primary align_left\"><div class=\"w-iconbox-icon\" style=\"font-size:1rem;\"><i class=\"fas fa-syringe\"><\/i><\/div><div class=\"w-iconbox-meta\"><h4 class=\"w-iconbox-title\">Anesth\u00e9sie<\/h4><div class=\"w-iconbox-text\"><p>Anesth\u00e9sie g\u00e9n\u00e9rale<\/p>\n<\/div><\/div><\/div><\/div><\/div><\/div><\/div><\/div><\/div><\/div><div class=\"vc_col-sm-4 wpb_column vc_column_container\"><div class=\"vc_column-inner\"><div class=\"wpb_wrapper\"><div class=\"g-cols wpb_row us_custom_c5a47681 via_flex valign_top type_default stacking_default\"><div class=\"vc_col-sm-12 wpb_column vc_column_container\"><div class=\"vc_column-inner\"><div class=\"wpb_wrapper\"><h3 class=\"w-text\"><span class=\"w-text-h\"><span class=\"w-text-value\">Obtenez une consultation gratuite<\/span><\/span><\/h3><div class=\"w-separator size_small\"><\/div><div class=\"wpforms-container wpforms-render-modern\" id=\"wpforms-22672\"><form id=\"wpforms-form-22672\" class=\"wpforms-validate wpforms-form wpforms-ajax-form\" data-formid=\"22672\" method=\"post\" enctype=\"multipart\/form-data\" action=\"\/fr\/wp-json\/wp\/v2\/pages\/152433\" data-token=\"4f924f26b641154e1047dc9dbe6f80dd\" data-token-time=\"1775993924\"><noscript class=\"wpforms-error-noscript\">Veuillez activer JavaScript dans votre navigateur pour remplir ce formulaire.<\/noscript><div id=\"wpforms-error-noscript\" style=\"display: none;\">Veuillez activer JavaScript dans votre navigateur pour remplir ce formulaire.<\/div><div class=\"wpforms-field-container\"><div id=\"wpforms-22672-field_0-container\" class=\"wpforms-field wpforms-field-name\" data-field-id=\"0\"><label class=\"wpforms-field-label wpforms-label-hide\" for=\"wpforms-22672-field_0\" aria-hidden=\"false\">Name <span class=\"wpforms-required-label\" aria-hidden=\"true\">*<\/span><\/label><input type=\"text\" id=\"wpforms-22672-field_0\" class=\"wpforms-field-large wpforms-field-required\" name=\"wpforms[fields][0]\" placeholder=\"Name and Lastname\" aria-errormessage=\"wpforms-22672-field_0-error\" required><\/div><div id=\"wpforms-22672-field_5-container\" class=\"wpforms-field wpforms-field-phone\" data-field-id=\"5\"><label class=\"wpforms-field-label wpforms-label-hide\" for=\"wpforms-22672-field_5\" aria-hidden=\"false\">Phone <span class=\"wpforms-required-label\" aria-hidden=\"true\">*<\/span><\/label><input type=\"tel\" id=\"wpforms-22672-field_5\" class=\"wpforms-field-large wpforms-field-required wpforms-smart-phone-field\" data-rule-smart-phone-field=\"true\" name=\"wpforms[fields][5]\" aria-label=\"Phone\" aria-errormessage=\"wpforms-22672-field_5-error\" required><\/div>\t\t<div id=\"wpforms-22672-field_1-container\"\n\t\t\tclass=\"wpforms-field wpforms-field-text\"\n\t\t\tdata-field-type=\"text\"\n\t\t\tdata-field-id=\"1\"\n\t\t\t>\n\t\t\t<label class=\"wpforms-field-label\" for=\"wpforms-22672-field_1\" >Title Details URL<\/label>\n\t\t\t<input type=\"text\" id=\"wpforms-22672-field_1\" class=\"wpforms-field-medium\" name=\"wpforms[fields][1]\" >\n\t\t<\/div>\n\t\t<div id=\"wpforms-22672-field_12-container\" class=\"wpforms-field wpforms-field-hidden\" data-field-id=\"12\"><input type=\"hidden\" id=\"wpforms-22672-field_12\" name=\"wpforms[fields][12]\"><\/div><div id=\"wpforms-22672-field_10-container\" class=\"wpforms-field wpforms-field-hidden\" data-field-id=\"10\"><input type=\"hidden\" id=\"wpforms-22672-field_10\" name=\"wpforms[fields][10]\" value=\"https:\/\/clinicmono.com\/fr\/wp-json\/wp\/v2\/pages\/152433 \"><\/div><div id=\"wpforms-22672-field_15-container\" class=\"wpforms-field wpforms-field-hidden\" data-field-id=\"15\"><input type=\"hidden\" id=\"wpforms-22672-field_15\" name=\"wpforms[fields][15]\" value=\" 216.73.216.38 {entry_geolocation} \"><\/div><script>\n\t\t\t\t( function() {\n\t\t\t\t\tconst style = document.createElement( 'style' );\n\t\t\t\t\tstyle.appendChild( document.createTextNode( '#wpforms-22672-field_1-container { position: absolute !important; overflow: hidden !important; display: inline !important; height: 1px !important; width: 1px !important; z-index: -1000 !important; padding: 0 !important; } #wpforms-22672-field_1-container input { visibility: hidden; } #wpforms-conversational-form-page #wpforms-22672-field_1-container label { counter-increment: none; }' ) );\n\t\t\t\t\tdocument.head.appendChild( style );\n\t\t\t\t\tdocument.currentScript?.remove();\n\t\t\t\t} )();\n\t\t\t<\/script><\/div><!-- .wpforms-field-container --><div class=\"wpforms-recaptcha-container wpforms-is-recaptcha wpforms-is-recaptcha-type-v3\" ><input type=\"hidden\" name=\"wpforms[recaptcha]\" value=\"\"><\/div><div class=\"wpforms-submit-container\" ><input type=\"hidden\" name=\"wpforms[id]\" value=\"22672\"><input type=\"hidden\" name=\"page_title\" value=\"\"><input type=\"hidden\" name=\"page_url\" value=\"https:\/\/clinicmono.com\/fr\/wp-json\/wp\/v2\/pages\/152433\"><input type=\"hidden\" name=\"url_referer\" value=\"\"><button type=\"submit\" name=\"wpforms[submit]\" id=\"wpforms-submit-22672\" class=\"wpforms-submit\" data-alt-text=\"Sending...\" data-submit-text=\"Get a Free Consultation\" aria-live=\"assertive\" value=\"wpforms-submit\">Get a Free Consultation<\/button><img loading=\"lazy\" decoding=\"async\" src=\"https:\/\/clinicmono.com\/wp-content\/plugins\/wpforms\/assets\/images\/submit-spin.svg\" class=\"wpforms-submit-spinner\" style=\"display: none;\" width=\"26\" height=\"26\" alt=\"Chargement en cours\"><\/div><\/form><\/div>  <!-- .wpforms-container --><\/div><\/div><\/div><\/div><\/div><\/div><\/div><\/div><\/div><\/section><section class=\"l-section wpb_row us_custom_72622016 height_custom\"><div class=\"l-section-h i-cf\"><div class=\"g-cols vc_row via_flex valign_top type_default stacking_default\"><div class=\"vc_col-sm-12 wpb_column vc_column_container\"><div class=\"vc_column-inner\"><div class=\"wpb_wrapper\"><div class=\"w-separator size_small\"><\/div><div class=\"g-cols wpb_row via_flex valign_top type_default stacking_default\" id=\"procedures\"><div class=\"vc_col-sm-12 wpb_column vc_column_container\"><div class=\"vc_column-inner\"><div class=\"wpb_wrapper\"><div class=\"wpb_text_column\"><div class=\"wpb_wrapper\"><p>La chirurgie d&#8217;allongement est une proc\u00e9dure chirurgicale privil\u00e9gi\u00e9e pour des raisons telles que la petite taille cong\u00e9nitale, le retard de d\u00e9veloppement, l&#8217;asym\u00e9trie des membres ou des pr\u00e9occupations esth\u00e9tiques. Cette m\u00e9thode, connue sous le nom d&#8217;\u00ab ost\u00e9ogen\u00e8se par distraction \u00bb dans la litt\u00e9rature m\u00e9dicale, est bas\u00e9e sur l&#8217;allongement contr\u00f4l\u00e9 des os. Ces derni\u00e8res ann\u00e9es, les chirurgies d&#8217;allongement de la taille \u00e0 des fins esth\u00e9tiques se sont \u00e9galement multipli\u00e9es. Ce processus n\u00e9cessite toutefois de la patience, de la discipline et un suivi professionnel.<\/p>\n<\/div><\/div><\/div><\/div><\/div><\/div><div class=\"w-separator size_small\"><\/div><div class=\"g-cols wpb_row via_flex valign_top type_default stacking_default\" id=\"quicklook\"><div class=\"vc_col-sm-12 wpb_column vc_column_container\"><div class=\"vc_column-inner\"><div class=\"wpb_wrapper\"><div class=\"wpb_text_column\"><div class=\"wpb_wrapper\"><h3><strong>Comment la chirurgie d&#8217;allongement de la taille est-elle pratiqu\u00e9e ?<\/strong><\/h3>\n<p>L&#8217;objectif principal de l&#8217;op\u00e9ration, \u00e9galement connue sous le nom de \u00ab m\u00e9thode d&#8217;allongement des os \u00bb ou \u00ab technique d&#8217;ilizarov \u00bb, est d&#8217;augmenter la taille de la personne. Lors d&#8217;une op\u00e9ration d&#8217;allongement r\u00e9alis\u00e9e sous anesth\u00e9sie g\u00e9n\u00e9rale, des fragments d&#8217;os sont s\u00e9par\u00e9s par une incision contr\u00f4l\u00e9e dans la zone osseuse. Un dispositif sp\u00e9cial (un dispositif \u00ab ilizarov \u00bb fix\u00e9 de l&#8217;ext\u00e9rieur ou des clous intram\u00e9dullaires modernes plac\u00e9s \u00e0 l&#8217;int\u00e9rieur du corps) est ensuite plac\u00e9 entre les deux extr\u00e9mit\u00e9s de l&#8217;os.  <\/p>\n<p>Les os sont s\u00e9par\u00e9s chaque jour de fa\u00e7on millim\u00e9trique et l&#8217;espace entre eux se remplit de nouveau tissu osseux au fil du temps. Cette m\u00e9thode permet d&#8217;obtenir un allongement moyen de 5 \u00e0 8 cm en une seule s\u00e9ance, et dans certains cas jusqu&#8217;\u00e0 12 \u00e0 15 cm au total.<\/p>\n<\/div><\/div><\/div><\/div><\/div><\/div><div class=\"w-separator size_small\"><\/div><div class=\"g-cols wpb_row via_flex valign_top type_default stacking_default\" id=\"clinic\"><div class=\"vc_col-sm-6 wpb_column vc_column_container\"><div class=\"vc_column-inner\"><div class=\"wpb_wrapper\"><div class=\"wpb_text_column\"><div class=\"wpb_wrapper\"><h3><strong>Processus chirurgical et r\u00e9tablissement<\/strong><\/h3>\n<p>Le processus postop\u00e9ratoire exige beaucoup de patience. Alors que le processus d&#8217;allongement dure environ 2 \u00e0 3 mois, le renforcement et la gu\u00e9rison compl\u00e8te des os nouvellement form\u00e9s peuvent varier entre 6 et 12 mois. Pendant cette p\u00e9riode, il est tr\u00e8s important que le patient suive une th\u00e9rapie physique r\u00e9guli\u00e8re pour maintenir la force musculaire et les mouvements des articulations.  <\/p>\n<p>Le patient marche g\u00e9n\u00e9ralement avec des b\u00e9quilles pendant les premi\u00e8res semaines, puis passe progressivement \u00e0 la marche normale. La douleur, la raideur musculaire et les limitations temporaires de mouvement sont fr\u00e9quentes pendant la p\u00e9riode d&#8217;allongement, et ces conditions doivent \u00eatre g\u00e9r\u00e9es sous le contr\u00f4le d&#8217;un expert.<\/p>\n<\/div><\/div><\/div><\/div><\/div><div class=\"vc_col-sm-6 wpb_column vc_column_container\"><div class=\"vc_column-inner\"><div class=\"wpb_wrapper\"><div class=\"wpb_text_column\"><div class=\"wpb_wrapper\"><h3><strong>Qui peut b\u00e9n\u00e9ficier d&#8217;une chirurgie d&#8217;allongement ?<\/strong><\/h3>\n<p>La chirurgie d&#8217;allongement de la taille est g\u00e9n\u00e9ralement pratiqu\u00e9e<\/p>\n<ul>\n<li>Les personnes dont la petite taille est due \u00e0 des raisons g\u00e9n\u00e9tiques ou hormonales<\/li>\n<li>Les personnes souffrant de troubles osseux cong\u00e9nitaux ou d\u00e9veloppementaux<\/li>\n<li>Les personnes ayant des jambes courtes \u00e0 la suite d&#8217;un accident de la circulation ou d&#8217;un traumatisme<\/li>\n<li>Les adultes qui ne sont pas psychologiquement \u00e0 l&#8217;aise avec leur taille<\/li>\n<\/ul>\n<p>peut \u00eatre appliqu\u00e9e. Cependant, la sant\u00e9 physique, l&#8217;\u00e9tat psychologique et la motivation de la personne sont essentiels \u00e0 la r\u00e9ussite de ce processus.<\/p>\n<\/div><\/div><\/div><\/div><\/div><\/div><div class=\"w-separator size_small\"><\/div><div class=\"g-cols wpb_row via_flex valign_top type_default stacking_default\"><div class=\"vc_col-sm-12 wpb_column vc_column_container\"><div class=\"vc_column-inner\"><div class=\"wpb_wrapper\"><div class=\"wpb_text_column\"><div class=\"wpb_wrapper\"><h4><strong>Risques et pr\u00e9cautions<\/strong><\/h4>\n<p>Comme toute intervention chirurgicale, la chirurgie d&#8217;allongement de la taille comporte des risques. Ces risques sont les suivants <\/p>\n<ul>\n<li>Infection<\/li>\n<li>Complications dues \u00e0 la non-union osseuse<\/li>\n<li>L\u00e9sions nerveuses ou vasculaires<\/li>\n<li>Instabilit\u00e9 du membre<\/li>\n<li>Douleur prolong\u00e9e et raideur musculaire<\/li>\n<\/ul>\n<p>C&#8217;est pourquoi il convient de proc\u00e9der \u00e0 une \u00e9valuation d\u00e9taill\u00e9e avant l&#8217;op\u00e9ration et d&#8217;entamer le processus avec un chirurgien orthop\u00e9diste sp\u00e9cialis\u00e9.<\/p>\n<\/div><\/div><\/div><\/div><\/div><\/div><div class=\"vc_col-sm-12 wpb_column vc_column_container\"><div class=\"vc_column-inner\"><div class=\"wpb_wrapper\"><\/div><\/div><\/div><\/div><\/div><\/div><\/div><\/div><\/section>\n","protected":false},"excerpt":{"rendered":"Chirurgie d&#8217;allongement PagesAper\u00e7u de la proc\u00e9dureProc\u00e9dureS\u00e9paration de fragments osseux \u00e0 l'aide d'une incision dans la zone osseuse et mise en place d'un dispositif sp\u00e9cial aux deux extr\u00e9mit\u00e9s de l'os dans le but d'allonger Dur\u00e9e de l&#039;op\u00e9ration2 heures S\u00e9jour \u00e0 l&#039;h\u00f4pital2 jours Anesth\u00e9sieAnesth\u00e9sie g\u00e9n\u00e9rale Obtenez une consultation gratuiteVeuillez activer JavaScript dans votre navigateur pour remplir ce...","protected":false},"author":1,"featured_media":152417,"parent":152516,"menu_order":0,"comment_status":"closed","ping_status":"closed","template":"","meta":{"rank_math_lock_modified_date":false,"_mi_skip_tracking":false,"_monsterinsights_sitenote_active":false,"_monsterinsights_sitenote_note":"","_monsterinsights_sitenote_category":0,"_uf_show_specific_survey":0,"_uf_disable_surveys":false,"footnotes":""},"procedure":[569],"class_list":["post-152433","page","type-page","status-publish","has-post-thumbnail","hentry","procedure-orthopedics"],"_links":{"self":[{"href":"https:\/\/clinicmono.com\/fr\/wp-json\/wp\/v2\/pages\/152433"}],"collection":[{"href":"https:\/\/clinicmono.com\/fr\/wp-json\/wp\/v2\/pages"}],"about":[{"href":"https:\/\/clinicmono.com\/fr\/wp-json\/wp\/v2\/types\/page"}],"author":[{"embeddable":true,"href":"https:\/\/clinicmono.com\/fr\/wp-json\/wp\/v2\/users\/1"}],"replies":[{"embeddable":true,"href":"https:\/\/clinicmono.com\/fr\/wp-json\/wp\/v2\/comments?post=152433"}],"version-history":[{"count":2,"href":"https:\/\/clinicmono.com\/fr\/wp-json\/wp\/v2\/pages\/152433\/revisions"}],"predecessor-version":[{"id":152435,"href":"https:\/\/clinicmono.com\/fr\/wp-json\/wp\/v2\/pages\/152433\/revisions\/152435"}],"up":[{"embeddable":true,"href":"https:\/\/clinicmono.com\/fr\/wp-json\/wp\/v2\/pages\/152516"}],"wp:featuredmedia":[{"embeddable":true,"href":"https:\/\/clinicmono.com\/fr\/wp-json\/wp\/v2\/media\/152417"}],"wp:attachment":[{"href":"https:\/\/clinicmono.com\/fr\/wp-json\/wp\/v2\/media?parent=152433"}],"wp:term":[{"taxonomy":"procedure","embeddable":true,"href":"https:\/\/clinicmono.com\/fr\/wp-json\/wp\/v2\/procedure?post=152433"}],"curies":[{"name":"wp","href":"https:\/\/api.w.org\/{rel}","templated":true}]}}