{"id":152410,"date":"2025-05-07T08:54:10","date_gmt":"2025-05-07T08:54:10","guid":{"rendered":"https:\/\/clinicmono.com\/chirurgie-de-la-compression-nerveuse\/"},"modified":"2025-05-07T13:23:56","modified_gmt":"2025-05-07T13:23:56","slug":"chirurgie-de-la-compression-nerveuse","status":"publish","type":"page","link":"https:\/\/clinicmono.com\/fr\/orthopedie\/chirurgie-de-la-compression-nerveuse\/","title":{"rendered":"Chirurgie de la compression nerveuse"},"content":{"rendered":"<section class=\"l-section wpb_row height_custom with_img\"><div class=\"l-section-img\" role=\"img\" data-img-width=\"880\" data-img-height=\"660\" style=\"background-image: url(https:\/\/clinicmono.com\/wp-content\/uploads\/2025\/05\/Nerve_Compression_Surgery.webp);background-repeat: no-repeat;\"><\/div><div class=\"l-section-overlay\" style=\"background:rgba(0,0,0,0.47)\"><\/div><div class=\"l-section-h i-cf\"><div class=\"g-cols vc_row via_flex valign_top type_default stacking_default\"><div class=\"vc_col-sm-12 wpb_column vc_column_container\"><div class=\"vc_column-inner\"><div class=\"wpb_wrapper\"><div class=\"wpb_text_column us_custom_8b3d6790 has_text_color\"><div class=\"wpb_wrapper\"><h1 style=\"text-align: center;\">Chirurgie de la compression nerveuse<\/h1>\n<\/div><\/div><div class=\"w-separator size_small\"><\/div><nav class=\"g-breadcrumbs us_custom_8b3d6790 has_text_color separator_icon align_center hide_current\" itemscope itemtype=\"http:\/\/schema.org\/BreadcrumbList\"><div class=\"g-breadcrumbs-item\">Pages<\/div><\/nav><div class=\"w-separator size_small\"><\/div><\/div><\/div><\/div><\/div><\/div><\/section><section class=\"l-section wpb_row height_small\"><div class=\"l-section-h i-cf\"><div class=\"g-cols vc_row via_flex valign_top type_default stacking_default\"><div class=\"vc_col-sm-8 wpb_column vc_column_container\"><div class=\"vc_column-inner\"><div class=\"wpb_wrapper\"><div class=\"g-cols wpb_row us_custom_edec6ef0 via_flex valign_top type_default stacking_default\"><div class=\"vc_col-sm-12 wpb_column vc_column_container\"><div class=\"vc_column-inner\"><div class=\"wpb_wrapper\"><h3 class=\"w-text\"><span class=\"w-text-h\"><span class=\"w-text-value\">Aper\u00e7u de la proc\u00e9dure<\/span><\/span><\/h3><div class=\"w-separator size_small\"><\/div><div class=\"w-iconbox iconpos_left style_default color_primary align_left\"><div class=\"w-iconbox-icon\" style=\"font-size:1.4rem;\"><i class=\"fas fa-procedures\"><\/i><\/div><div class=\"w-iconbox-meta\"><h4 class=\"w-iconbox-title\">Proc\u00e9dure<\/h4><div class=\"w-iconbox-text\"><p>Il s&#8217;agit d&#8217;une intervention chirurgicale pratiqu\u00e9e pour soulager les douleurs et la perte de force dans la zone o\u00f9 se trouvent les nerfs.<\/p>\n<\/div><\/div><\/div><div class=\"w-separator size_small\"><\/div><div class=\"w-iconbox iconpos_left style_default color_primary align_left\"><div class=\"w-iconbox-icon\" style=\"font-size:1rem;\"><i class=\"fas fa-clock\"><\/i><\/div><div class=\"w-iconbox-meta\"><h4 class=\"w-iconbox-title\">Dur\u00e9e de l&#039;op\u00e9ration<\/h4><div class=\"w-iconbox-text\"><p>30 minutes<\/p>\n<\/div><\/div><\/div><div class=\"w-separator size_small\"><\/div><div class=\"w-iconbox iconpos_left style_default color_primary align_left\"><div class=\"w-iconbox-icon\" style=\"font-size:1rem;\"><i class=\"fas fa-hospital\"><\/i><\/div><div class=\"w-iconbox-meta\"><h4 class=\"w-iconbox-title\">S\u00e9jour \u00e0 l&#039;h\u00f4pital<\/h4><div class=\"w-iconbox-text\"><p>&#8211;<\/p>\n<\/div><\/div><\/div><div class=\"w-separator size_small\"><\/div><div class=\"w-iconbox iconpos_left style_default color_primary align_left\"><div class=\"w-iconbox-icon\" style=\"font-size:1rem;\"><i class=\"fas fa-syringe\"><\/i><\/div><div class=\"w-iconbox-meta\"><h4 class=\"w-iconbox-title\">Anesth\u00e9sie<\/h4><div class=\"w-iconbox-text\"><p>Anesth\u00e9sie locale<\/p>\n<div id=\"gtx-trans\" style=\"position: absolute; left: 17px; top: -15.8px;\">\n<div class=\"gtx-trans-icon\"><\/div>\n<\/div>\n<\/div><\/div><\/div><\/div><\/div><\/div><\/div><\/div><\/div><\/div><div class=\"vc_col-sm-4 wpb_column vc_column_container\"><div class=\"vc_column-inner\"><div class=\"wpb_wrapper\"><div class=\"g-cols wpb_row us_custom_c5a47681 via_flex valign_top type_default stacking_default\"><div class=\"vc_col-sm-12 wpb_column vc_column_container\"><div class=\"vc_column-inner\"><div class=\"wpb_wrapper\"><h3 class=\"w-text\"><span class=\"w-text-h\"><span class=\"w-text-value\">Obtenez une consultation gratuite<\/span><\/span><\/h3><div class=\"w-separator size_small\"><\/div><div class=\"wpforms-container wpforms-render-modern\" id=\"wpforms-22672\"><form id=\"wpforms-form-22672\" class=\"wpforms-validate wpforms-form wpforms-ajax-form\" data-formid=\"22672\" method=\"post\" enctype=\"multipart\/form-data\" action=\"\/fr\/wp-json\/wp\/v2\/pages\/152410\" data-token=\"7b13a87aaaf99b6db5199c4f53348865\" data-token-time=\"1776313328\"><noscript class=\"wpforms-error-noscript\">Veuillez activer JavaScript dans votre navigateur pour remplir ce formulaire.<\/noscript><div id=\"wpforms-error-noscript\" style=\"display: none;\">Veuillez activer JavaScript dans votre navigateur pour remplir ce formulaire.<\/div><div class=\"wpforms-field-container\"><div id=\"wpforms-22672-field_0-container\" class=\"wpforms-field wpforms-field-name\" data-field-id=\"0\"><label class=\"wpforms-field-label wpforms-label-hide\" for=\"wpforms-22672-field_0\" aria-hidden=\"false\">Name <span class=\"wpforms-required-label\" aria-hidden=\"true\">*<\/span><\/label><input type=\"text\" id=\"wpforms-22672-field_0\" class=\"wpforms-field-large wpforms-field-required\" name=\"wpforms[fields][0]\" placeholder=\"Name and Lastname\" aria-errormessage=\"wpforms-22672-field_0-error\" required><\/div><div id=\"wpforms-22672-field_5-container\" class=\"wpforms-field wpforms-field-phone\" data-field-id=\"5\"><label class=\"wpforms-field-label wpforms-label-hide\" for=\"wpforms-22672-field_5\" aria-hidden=\"false\">Phone <span class=\"wpforms-required-label\" aria-hidden=\"true\">*<\/span><\/label><input type=\"tel\" id=\"wpforms-22672-field_5\" class=\"wpforms-field-large wpforms-field-required wpforms-smart-phone-field\" data-rule-smart-phone-field=\"true\" name=\"wpforms[fields][5]\" aria-label=\"Phone\" aria-errormessage=\"wpforms-22672-field_5-error\" required><\/div><div id=\"wpforms-22672-field_12-container\" class=\"wpforms-field wpforms-field-hidden\" data-field-id=\"12\"><input type=\"hidden\" id=\"wpforms-22672-field_12\" name=\"wpforms[fields][12]\"><\/div><div id=\"wpforms-22672-field_10-container\" class=\"wpforms-field wpforms-field-hidden\" data-field-id=\"10\"><input type=\"hidden\" id=\"wpforms-22672-field_10\" name=\"wpforms[fields][10]\" value=\"https:\/\/clinicmono.com\/fr\/wp-json\/wp\/v2\/pages\/152410 \"><\/div>\t\t<div id=\"wpforms-22672-field_1-container\"\n\t\t\tclass=\"wpforms-field wpforms-field-text\"\n\t\t\tdata-field-type=\"text\"\n\t\t\tdata-field-id=\"1\"\n\t\t\t>\n\t\t\t<label class=\"wpforms-field-label\" for=\"wpforms-22672-field_1\" >Title Page URL<\/label>\n\t\t\t<input type=\"text\" id=\"wpforms-22672-field_1\" class=\"wpforms-field-medium\" name=\"wpforms[fields][1]\" >\n\t\t<\/div>\n\t\t<div id=\"wpforms-22672-field_15-container\" class=\"wpforms-field wpforms-field-hidden\" data-field-id=\"15\"><input type=\"hidden\" id=\"wpforms-22672-field_15\" name=\"wpforms[fields][15]\" value=\" 216.73.216.60 {entry_geolocation} \"><\/div><script>\n\t\t\t\t( function() {\n\t\t\t\t\tconst style = document.createElement( 'style' );\n\t\t\t\t\tstyle.appendChild( document.createTextNode( '#wpforms-22672-field_1-container { position: absolute !important; overflow: hidden !important; display: inline !important; height: 1px !important; width: 1px !important; z-index: -1000 !important; padding: 0 !important; } #wpforms-22672-field_1-container input { visibility: hidden; } #wpforms-conversational-form-page #wpforms-22672-field_1-container label { counter-increment: none; }' ) );\n\t\t\t\t\tdocument.head.appendChild( style );\n\t\t\t\t\tdocument.currentScript?.remove();\n\t\t\t\t} )();\n\t\t\t<\/script><\/div><!-- .wpforms-field-container --><div class=\"wpforms-recaptcha-container wpforms-is-recaptcha wpforms-is-recaptcha-type-v3\" ><input type=\"hidden\" name=\"wpforms[recaptcha]\" value=\"\"><\/div><div class=\"wpforms-submit-container\" ><input type=\"hidden\" name=\"wpforms[id]\" value=\"22672\"><input type=\"hidden\" name=\"page_title\" value=\"\"><input type=\"hidden\" name=\"page_url\" value=\"https:\/\/clinicmono.com\/fr\/wp-json\/wp\/v2\/pages\/152410\"><input type=\"hidden\" name=\"url_referer\" value=\"\"><button type=\"submit\" name=\"wpforms[submit]\" id=\"wpforms-submit-22672\" class=\"wpforms-submit\" data-alt-text=\"Sending...\" data-submit-text=\"Get a Free Consultation\" aria-live=\"assertive\" value=\"wpforms-submit\">Get a Free Consultation<\/button><img loading=\"lazy\" decoding=\"async\" src=\"https:\/\/clinicmono.com\/wp-content\/plugins\/wpforms\/assets\/images\/submit-spin.svg\" class=\"wpforms-submit-spinner\" style=\"display: none;\" width=\"26\" height=\"26\" alt=\"Chargement en cours\"><\/div><\/form><\/div>  <!-- .wpforms-container --><\/div><\/div><\/div><\/div><\/div><\/div><\/div><\/div><\/div><\/section><section class=\"l-section wpb_row us_custom_72622016 height_custom\"><div class=\"l-section-h i-cf\"><div class=\"g-cols vc_row via_flex valign_top type_default stacking_default\"><div class=\"vc_col-sm-12 wpb_column vc_column_container\"><div class=\"vc_column-inner\"><div class=\"wpb_wrapper\"><div class=\"w-separator size_small\"><\/div><div class=\"g-cols wpb_row via_flex valign_top type_default stacking_default\" id=\"procedures\"><div class=\"vc_col-sm-12 wpb_column vc_column_container\"><div class=\"vc_column-inner\"><div class=\"wpb_wrapper\"><div class=\"wpb_text_column\"><div class=\"wpb_wrapper\"><p>La chirurgie de la compression nerveuse est une intervention chirurgicale pratiqu\u00e9e pour soulager les douleurs, les engourdissements et la perte de force dus \u00e0 la compression nerveuse. G\u00e9n\u00e9ralement observ\u00e9e au niveau du poignet (syndrome du canal carpien), du coude (syndrome du canal cubital) ou de la colonne vert\u00e9brale (cou et taille), la compression nerveuse peut s\u00e9rieusement r\u00e9duire la qualit\u00e9 de vie. La chirurgie de la compression nerveuse est envisag\u00e9e lorsque les traitements conservateurs ne donnent pas de r\u00e9sultats.<\/p>\n<\/div><\/div><\/div><\/div><\/div><\/div><div class=\"w-separator size_small\"><\/div><div class=\"g-cols wpb_row via_flex valign_top type_default stacking_default\" id=\"quicklook\"><div class=\"vc_col-sm-12 wpb_column vc_column_container\"><div class=\"vc_column-inner\"><div class=\"wpb_wrapper\"><div class=\"wpb_text_column\"><div class=\"wpb_wrapper\"><h3><strong>Causes et sympt\u00f4mes de la compression nerveuse<\/strong><\/h3>\n<p>La compression nerveuse peut \u00eatre caus\u00e9e par un traumatisme, des mouvements r\u00e9p\u00e9titifs, une mauvaise posture, des \u00e9pines osseuses, des maladies rhumatismales inflammatoires ou certaines maladies syst\u00e9miques. Les sympt\u00f4mes les plus courants sont les suivants <\/p>\n<ul>\n<li>Engourdissements et fourmillements<\/li>\n<li>Perte de force<\/li>\n<li>D\u00e9perdition musculaire<\/li>\n<li>Douleur intense<\/li>\n<li>Diminution des r\u00e9flexes<\/li>\n<\/ul>\n<p>Ces sympt\u00f4mes affectent n\u00e9gativement la vie de la personne et les plaintes de douleurs nocturnes sont particuli\u00e8rement fr\u00e9quentes.<\/p>\n<\/div><\/div><\/div><\/div><\/div><\/div><div class=\"w-separator size_small\"><\/div><div class=\"g-cols wpb_row via_flex valign_top type_default stacking_default\" id=\"clinic\"><div class=\"vc_col-sm-6 wpb_column vc_column_container\"><div class=\"vc_column-inner\"><div class=\"wpb_wrapper\"><div class=\"wpb_text_column\"><div class=\"wpb_wrapper\"><h3><strong>Quand une intervention chirurgicale est-elle n\u00e9cessaire ?<\/strong><\/h3>\n<p>La chirurgie est recommand\u00e9e si les plaintes du patient ne s&#8217;am\u00e9liorent pas malgr\u00e9 les m\u00e9thodes conservatrices telles que la kin\u00e9sith\u00e9rapie, les m\u00e9dicaments, les injections de bloqueurs de nerfs et le repos, si la compression du nerf a progress\u00e9 ou si la perte musculaire a commenc\u00e9. Une intervention pr\u00e9coce est importante pour pr\u00e9venir les l\u00e9sions nerveuses permanentes.<\/p>\n<\/div><\/div><\/div><\/div><\/div><div class=\"vc_col-sm-6 wpb_column vc_column_container\"><div class=\"vc_column-inner\"><div class=\"wpb_wrapper\"><div class=\"wpb_text_column\"><div class=\"wpb_wrapper\"><h3><strong>Comment la chirurgie de la compression nerveuse est-elle pratiqu\u00e9e ?<\/strong><\/h3>\n<p>Le type d&#8217;intervention chirurgicale d\u00e9pend de la localisation du nerf pinc\u00e9. L&#8217;une des plus courantes est l&#8217;op\u00e9ration du canal carpien. Au cours de cette op\u00e9ration, le toit du tunnel dans la r\u00e9gion du poignet est coup\u00e9 et le nerf est lib\u00e9r\u00e9. Si certaines op\u00e9rations sont r\u00e9alis\u00e9es par chirurgie ouverte, d&#8217;autres peuvent \u00eatre r\u00e9alis\u00e9es de mani\u00e8re moins invasive gr\u00e2ce \u00e0 des m\u00e9thodes endoscopiques.   <\/p>\n<p>L&#8217;op\u00e9ration est g\u00e9n\u00e9ralement r\u00e9alis\u00e9e sous anesth\u00e9sie locale et le s\u00e9jour \u00e0 l&#8217;h\u00f4pital est assez court. Le patient peut souvent sortir le jour m\u00eame.<\/p>\n<\/div><\/div><\/div><\/div><\/div><\/div><div class=\"w-separator size_small\"><\/div><div class=\"g-cols wpb_row via_flex valign_top type_default stacking_default\"><div class=\"vc_col-sm-12 wpb_column vc_column_container\"><div class=\"vc_column-inner\"><div class=\"wpb_wrapper\"><div class=\"wpb_text_column\"><div class=\"wpb_wrapper\"><h4><strong>Processus de r\u00e9tablissement et \u00e9l\u00e9ments \u00e0 prendre en compte<\/strong><\/h4>\n<p>La p\u00e9riode de r\u00e9tablissement apr\u00e8s l&#8217;op\u00e9ration peut varier d&#8217;une personne \u00e0 l&#8217;autre. Si un travail l\u00e9ger peut g\u00e9n\u00e9ralement \u00eatre entrepris au bout de quelques semaines, le r\u00e9tablissement complet peut prendre plusieurs mois. Au cours de ce processus, les exercices de kin\u00e9sith\u00e9rapie recommand\u00e9s par le m\u00e9decin sont tr\u00e8s importants. L&#8217;utilisation d&#8217;une attelle de poignet permet \u00e9galement de prot\u00e9ger le nerf.   <\/p>\n<h4><strong>Les principaux points \u00e0 prendre en compte apr\u00e8s l&#8217;op\u00e9ration :<\/strong><\/h4>\n<ul>\n<li>Les soins hygi\u00e9niques doivent \u00eatre apport\u00e9s \u00e0 la plaie<\/li>\n<li>Il faut \u00e9viter de soulever des charges lourdes<\/li>\n<li>La kin\u00e9sith\u00e9rapie ne doit pas \u00eatre interrompue<\/li>\n<li>Les contr\u00f4les du m\u00e9decin ne doivent pas \u00eatre n\u00e9glig\u00e9s<\/li>\n<\/ul>\n<\/div><\/div><\/div><\/div><\/div><\/div><div class=\"vc_col-sm-12 wpb_column vc_column_container\"><div class=\"vc_column-inner\"><div class=\"wpb_wrapper\"><\/div><\/div><\/div><\/div><\/div><\/div><\/div><\/div><\/section>\n","protected":false},"excerpt":{"rendered":"Chirurgie de la compression nerveuse PagesAper\u00e7u de la proc\u00e9dureProc\u00e9dureIl s'agit d'une intervention chirurgicale pratiqu\u00e9e pour soulager les douleurs et la perte de force dans la zone o\u00f9 se trouvent les nerfs. Dur\u00e9e de l&#039;op\u00e9ration30 minutes S\u00e9jour \u00e0 l&#039;h\u00f4pital- Anesth\u00e9sieAnesth\u00e9sie locale Obtenez une consultation gratuiteVeuillez activer JavaScript dans votre navigateur pour remplir ce formulaire.Veuillez activer JavaScript...","protected":false},"author":1,"featured_media":152393,"parent":152516,"menu_order":0,"comment_status":"closed","ping_status":"closed","template":"","meta":{"rank_math_lock_modified_date":false,"_mi_skip_tracking":false,"_monsterinsights_sitenote_active":false,"_monsterinsights_sitenote_note":"","_monsterinsights_sitenote_category":0,"_uf_show_specific_survey":0,"_uf_disable_surveys":false,"footnotes":""},"procedure":[569],"class_list":["post-152410","page","type-page","status-publish","has-post-thumbnail","hentry","procedure-orthopedics"],"_links":{"self":[{"href":"https:\/\/clinicmono.com\/fr\/wp-json\/wp\/v2\/pages\/152410"}],"collection":[{"href":"https:\/\/clinicmono.com\/fr\/wp-json\/wp\/v2\/pages"}],"about":[{"href":"https:\/\/clinicmono.com\/fr\/wp-json\/wp\/v2\/types\/page"}],"author":[{"embeddable":true,"href":"https:\/\/clinicmono.com\/fr\/wp-json\/wp\/v2\/users\/1"}],"replies":[{"embeddable":true,"href":"https:\/\/clinicmono.com\/fr\/wp-json\/wp\/v2\/comments?post=152410"}],"version-history":[{"count":2,"href":"https:\/\/clinicmono.com\/fr\/wp-json\/wp\/v2\/pages\/152410\/revisions"}],"predecessor-version":[{"id":152412,"href":"https:\/\/clinicmono.com\/fr\/wp-json\/wp\/v2\/pages\/152410\/revisions\/152412"}],"up":[{"embeddable":true,"href":"https:\/\/clinicmono.com\/fr\/wp-json\/wp\/v2\/pages\/152516"}],"wp:featuredmedia":[{"embeddable":true,"href":"https:\/\/clinicmono.com\/fr\/wp-json\/wp\/v2\/media\/152393"}],"wp:attachment":[{"href":"https:\/\/clinicmono.com\/fr\/wp-json\/wp\/v2\/media?parent=152410"}],"wp:term":[{"taxonomy":"procedure","embeddable":true,"href":"https:\/\/clinicmono.com\/fr\/wp-json\/wp\/v2\/procedure?post=152410"}],"curies":[{"name":"wp","href":"https:\/\/api.w.org\/{rel}","templated":true}]}}