{"id":152386,"date":"2025-05-07T08:26:34","date_gmt":"2025-05-07T08:26:34","guid":{"rendered":"https:\/\/clinicmono.com\/chirurgie-de-la-scoliose\/"},"modified":"2025-05-07T13:23:56","modified_gmt":"2025-05-07T13:23:56","slug":"chirurgie-de-la-scoliose","status":"publish","type":"page","link":"https:\/\/clinicmono.com\/fr\/orthopedie\/chirurgie-de-la-scoliose\/","title":{"rendered":"Chirurgie de la scoliose"},"content":{"rendered":"<section class=\"l-section wpb_row height_custom with_img\"><div class=\"l-section-img\" role=\"img\" data-img-width=\"1280\" data-img-height=\"853\" style=\"background-image: url(https:\/\/clinicmono.com\/wp-content\/uploads\/2025\/05\/scoliosis_surgery.jpg);background-repeat: no-repeat;\"><\/div><div class=\"l-section-overlay\" style=\"background:rgba(0,0,0,0.47)\"><\/div><div class=\"l-section-h i-cf\"><div class=\"g-cols vc_row via_flex valign_top type_default stacking_default\"><div class=\"vc_col-sm-12 wpb_column vc_column_container\"><div class=\"vc_column-inner\"><div class=\"wpb_wrapper\"><div class=\"wpb_text_column us_custom_8b3d6790 has_text_color\"><div class=\"wpb_wrapper\"><h1 style=\"text-align: center;\">Chirurgie de la scoliose<\/h1>\n<\/div><\/div><div class=\"w-separator size_small\"><\/div><nav class=\"g-breadcrumbs us_custom_8b3d6790 has_text_color separator_icon align_center hide_current\" itemscope itemtype=\"http:\/\/schema.org\/BreadcrumbList\"><div class=\"g-breadcrumbs-item\">Pages<\/div><\/nav><div class=\"w-separator size_small\"><\/div><\/div><\/div><\/div><\/div><\/div><\/section><section class=\"l-section wpb_row height_small\"><div class=\"l-section-h i-cf\"><div class=\"g-cols vc_row via_flex valign_top type_default stacking_default\"><div class=\"vc_col-sm-8 wpb_column vc_column_container\"><div class=\"vc_column-inner\"><div class=\"wpb_wrapper\"><div class=\"g-cols wpb_row us_custom_edec6ef0 via_flex valign_top type_default stacking_default\"><div class=\"vc_col-sm-12 wpb_column vc_column_container\"><div class=\"vc_column-inner\"><div class=\"wpb_wrapper\"><h3 class=\"w-text\"><span class=\"w-text-h\"><span class=\"w-text-value\">Aper\u00e7u de la proc\u00e9dure<\/span><\/span><\/h3><div class=\"w-separator size_small\"><\/div><div class=\"w-iconbox iconpos_left style_default color_primary align_left\"><div class=\"w-iconbox-icon\" style=\"font-size:1.4rem;\"><i class=\"fas fa-procedures\"><\/i><\/div><div class=\"w-iconbox-meta\"><h4 class=\"w-iconbox-title\">Proc\u00e9dure<\/h4><div class=\"w-iconbox-text\"><p>Correction de la colonne vert\u00e9brale par intervention chirurgicale, arr\u00eat de la progression<\/p>\n<\/div><\/div><\/div><div class=\"w-separator size_small\"><\/div><div class=\"w-iconbox iconpos_left style_default color_primary align_left\"><div class=\"w-iconbox-icon\" style=\"font-size:1rem;\"><i class=\"fas fa-clock\"><\/i><\/div><div class=\"w-iconbox-meta\"><h4 class=\"w-iconbox-title\">Dur\u00e9e de l&#039;op\u00e9ration<\/h4><div class=\"w-iconbox-text\"><p>4 &#8211; 6 heures<\/p>\n<div id=\"gtx-trans\" style=\"position: absolute; left: 134px; top: 30.8px;\">\n<div class=\"gtx-trans-icon\"><\/div>\n<\/div>\n<\/div><\/div><\/div><div class=\"w-separator size_small\"><\/div><div class=\"w-iconbox iconpos_left style_default color_primary align_left\"><div class=\"w-iconbox-icon\" style=\"font-size:1rem;\"><i class=\"fas fa-hospital\"><\/i><\/div><div class=\"w-iconbox-meta\"><h4 class=\"w-iconbox-title\">S\u00e9jour \u00e0 l&#039;h\u00f4pital<\/h4><div class=\"w-iconbox-text\"><p>3 &#8211; 7 jours<\/p>\n<div id=\"gtx-trans\" style=\"position: absolute; left: 116px; top: 30.8px;\">\n<div class=\"gtx-trans-icon\"><\/div>\n<\/div>\n<div id=\"gtx-trans\" style=\"position: absolute; left: 116px; top: 30.8px;\">\n<div class=\"gtx-trans-icon\"><\/div>\n<\/div>\n<\/div><\/div><\/div><div class=\"w-separator size_small\"><\/div><div class=\"w-iconbox iconpos_left style_default color_primary align_left\"><div class=\"w-iconbox-icon\" style=\"font-size:1rem;\"><i class=\"fas fa-syringe\"><\/i><\/div><div class=\"w-iconbox-meta\"><h4 class=\"w-iconbox-title\">Anesth\u00e9sie<\/h4><div class=\"w-iconbox-text\"><p>Anesth\u00e9sie g\u00e9n\u00e9rale<\/p>\n<\/div><\/div><\/div><\/div><\/div><\/div><\/div><\/div><\/div><\/div><div class=\"vc_col-sm-4 wpb_column vc_column_container\"><div class=\"vc_column-inner\"><div class=\"wpb_wrapper\"><div class=\"g-cols wpb_row us_custom_c5a47681 via_flex valign_top type_default stacking_default\"><div class=\"vc_col-sm-12 wpb_column vc_column_container\"><div class=\"vc_column-inner\"><div class=\"wpb_wrapper\"><h3 class=\"w-text\"><span class=\"w-text-h\"><span class=\"w-text-value\">Obtenez une consultation gratuite<\/span><\/span><\/h3><div class=\"w-separator size_small\"><\/div><div class=\"wpforms-container wpforms-render-modern\" id=\"wpforms-22672\"><form id=\"wpforms-form-22672\" class=\"wpforms-validate wpforms-form wpforms-ajax-form\" data-formid=\"22672\" method=\"post\" enctype=\"multipart\/form-data\" action=\"\/fr\/wp-json\/wp\/v2\/pages\/152386\" data-token=\"98641747637a2cf68c7d8c81ae02e872\" data-token-time=\"1776076817\"><noscript class=\"wpforms-error-noscript\">Veuillez activer JavaScript dans votre navigateur pour remplir ce formulaire.<\/noscript><div id=\"wpforms-error-noscript\" style=\"display: none;\">Veuillez activer JavaScript dans votre navigateur pour remplir ce formulaire.<\/div><div class=\"wpforms-field-container\"><div id=\"wpforms-22672-field_0-container\" class=\"wpforms-field wpforms-field-name\" data-field-id=\"0\"><label class=\"wpforms-field-label wpforms-label-hide\" for=\"wpforms-22672-field_0\" aria-hidden=\"false\">Name <span class=\"wpforms-required-label\" aria-hidden=\"true\">*<\/span><\/label><input type=\"text\" id=\"wpforms-22672-field_0\" class=\"wpforms-field-large wpforms-field-required\" name=\"wpforms[fields][0]\" placeholder=\"Name and Lastname\" aria-errormessage=\"wpforms-22672-field_0-error\" required><\/div><div id=\"wpforms-22672-field_5-container\" class=\"wpforms-field wpforms-field-phone\" data-field-id=\"5\"><label class=\"wpforms-field-label wpforms-label-hide\" for=\"wpforms-22672-field_5\" aria-hidden=\"false\">Phone <span class=\"wpforms-required-label\" aria-hidden=\"true\">*<\/span><\/label><input type=\"tel\" id=\"wpforms-22672-field_5\" class=\"wpforms-field-large wpforms-field-required wpforms-smart-phone-field\" data-rule-smart-phone-field=\"true\" name=\"wpforms[fields][5]\" aria-label=\"Phone\" aria-errormessage=\"wpforms-22672-field_5-error\" required><\/div><div id=\"wpforms-22672-field_12-container\" class=\"wpforms-field wpforms-field-hidden\" data-field-id=\"12\"><input type=\"hidden\" id=\"wpforms-22672-field_12\" name=\"wpforms[fields][12]\"><\/div>\t\t<div id=\"wpforms-22672-field_1-container\"\n\t\t\tclass=\"wpforms-field wpforms-field-text\"\n\t\t\tdata-field-type=\"text\"\n\t\t\tdata-field-id=\"1\"\n\t\t\t>\n\t\t\t<label class=\"wpforms-field-label\" for=\"wpforms-22672-field_1\" >URL Page Phone<\/label>\n\t\t\t<input type=\"text\" id=\"wpforms-22672-field_1\" class=\"wpforms-field-medium\" name=\"wpforms[fields][1]\" >\n\t\t<\/div>\n\t\t<div id=\"wpforms-22672-field_10-container\" class=\"wpforms-field wpforms-field-hidden\" data-field-id=\"10\"><input type=\"hidden\" id=\"wpforms-22672-field_10\" name=\"wpforms[fields][10]\" value=\"https:\/\/clinicmono.com\/fr\/wp-json\/wp\/v2\/pages\/152386 \"><\/div><div id=\"wpforms-22672-field_15-container\" class=\"wpforms-field wpforms-field-hidden\" data-field-id=\"15\"><input type=\"hidden\" id=\"wpforms-22672-field_15\" name=\"wpforms[fields][15]\" value=\" 216.73.216.38 {entry_geolocation} \"><\/div><script>\n\t\t\t\t( function() {\n\t\t\t\t\tconst style = document.createElement( 'style' );\n\t\t\t\t\tstyle.appendChild( document.createTextNode( '#wpforms-22672-field_1-container { position: absolute !important; overflow: hidden !important; display: inline !important; height: 1px !important; width: 1px !important; z-index: -1000 !important; padding: 0 !important; } #wpforms-22672-field_1-container input { visibility: hidden; } #wpforms-conversational-form-page #wpforms-22672-field_1-container label { counter-increment: none; }' ) );\n\t\t\t\t\tdocument.head.appendChild( style );\n\t\t\t\t\tdocument.currentScript?.remove();\n\t\t\t\t} )();\n\t\t\t<\/script><\/div><!-- .wpforms-field-container --><div class=\"wpforms-recaptcha-container wpforms-is-recaptcha wpforms-is-recaptcha-type-v3\" ><input type=\"hidden\" name=\"wpforms[recaptcha]\" value=\"\"><\/div><div class=\"wpforms-submit-container\" ><input type=\"hidden\" name=\"wpforms[id]\" value=\"22672\"><input type=\"hidden\" name=\"page_title\" value=\"\"><input type=\"hidden\" name=\"page_url\" value=\"https:\/\/clinicmono.com\/fr\/wp-json\/wp\/v2\/pages\/152386\"><input type=\"hidden\" name=\"url_referer\" value=\"\"><button type=\"submit\" name=\"wpforms[submit]\" id=\"wpforms-submit-22672\" class=\"wpforms-submit\" data-alt-text=\"Sending...\" data-submit-text=\"Get a Free Consultation\" aria-live=\"assertive\" value=\"wpforms-submit\">Get a Free Consultation<\/button><img loading=\"lazy\" decoding=\"async\" src=\"https:\/\/clinicmono.com\/wp-content\/plugins\/wpforms\/assets\/images\/submit-spin.svg\" class=\"wpforms-submit-spinner\" style=\"display: none;\" width=\"26\" height=\"26\" alt=\"Chargement en cours\"><\/div><\/form><\/div>  <!-- .wpforms-container --><\/div><\/div><\/div><\/div><\/div><\/div><\/div><\/div><\/div><\/section><section class=\"l-section wpb_row us_custom_72622016 height_custom\"><div class=\"l-section-h i-cf\"><div class=\"g-cols vc_row via_flex valign_top type_default stacking_default\"><div class=\"vc_col-sm-12 wpb_column vc_column_container\"><div class=\"vc_column-inner\"><div class=\"wpb_wrapper\"><div class=\"w-separator size_small\"><\/div><div class=\"g-cols wpb_row via_flex valign_top type_default stacking_default\" id=\"procedures\"><div class=\"vc_col-sm-12 wpb_column vc_column_container\"><div class=\"vc_column-inner\"><div class=\"wpb_wrapper\"><div class=\"wpb_text_column\"><div class=\"wpb_wrapper\"><p>La chirurgie de la scoliose est une m\u00e9thode chirurgicale appliqu\u00e9e pour corriger la courbure de la colonne vert\u00e9brale et la rendre plus lisse. La scoliose (courbure de la colonne vert\u00e9brale) est d\u00e9finie comme un trouble de la colonne vert\u00e9brale form\u00e9 par la courbure de la colonne vert\u00e9brale vers la droite ou la gauche en forme de \u00ab S \u00bb ou de \u00ab C \u00bb. Si les cas b\u00e9nins peuvent \u00eatre contr\u00f4l\u00e9s par des m\u00e9thodes conservatrices telles que la kin\u00e9sith\u00e9rapie, le port d&#8217;un corset et l&#8217;exercice physique, la chirurgie de la scoliose peut \u00eatre envisag\u00e9e pour les courbures sup\u00e9rieures \u00e0 40-50 degr\u00e9s.  <\/p>\n<p>L&#8217;objectif principal de la chirurgie est de redresser la colonne vert\u00e9brale, d&#8217;arr\u00eater la progression et d&#8217;am\u00e9liorer la qualit\u00e9 de vie du patient. L&#8217;intervention chirurgicale permet d&#8217;obtenir des solutions permanentes, en particulier pour les courbures qui \u00e9voluent rapidement pendant l&#8217;adolescence.<\/p>\n<\/div><\/div><\/div><\/div><\/div><\/div><div class=\"w-separator size_small\"><\/div><div class=\"g-cols wpb_row via_flex valign_top type_default stacking_default\" id=\"quicklook\"><div class=\"vc_col-sm-12 wpb_column vc_column_container\"><div class=\"vc_column-inner\"><div class=\"wpb_wrapper\"><div class=\"wpb_text_column\"><div class=\"wpb_wrapper\"><p><strong>Qui peut subir une chirurgie de la scoliose ?<\/strong><\/p>\n<p>La chirurgie de la scoliose ne s&#8217;applique pas \u00e0 tous les patients. Les crit\u00e8res suivants sont pris en consid\u00e9ration pour d\u00e9cider d&#8217;une intervention chirurgicale : <\/p>\n<ul>\n<li>Courbure de la colonne vert\u00e9brale de 40 degr\u00e9s ou plus<\/li>\n<li>Progression rapide de la courbure<\/li>\n<li>D\u00e9t\u00e9rioration importante de l&#8217;apparence physique<\/li>\n<li>Douleurs dorsales et lombaires s\u00e9v\u00e8res<\/li>\n<li>Courbures affectant les fonctions cardiaques ou pulmonaires<\/li>\n<li>Patients ne r\u00e9pondant pas au corset et \u00e0 la th\u00e9rapie physique<\/li>\n<\/ul>\n<p>Dans le cas de la scoliose, qui a g\u00e9n\u00e9ralement tendance \u00e0 progresser \u00e0 l&#8217;adolescence, une intervention chirurgicale peut \u00eatre planifi\u00e9e pr\u00e9cocement. Toutefois, certains cas de scoliose chez l&#8217;adulte peuvent n\u00e9cessiter une intervention chirurgicale \u00e0 un \u00e2ge avanc\u00e9.<\/p>\n<\/div><\/div><\/div><\/div><\/div><\/div><div class=\"w-separator size_small\"><\/div><div class=\"g-cols wpb_row via_flex valign_top type_default stacking_default\" id=\"clinic\"><div class=\"vc_col-sm-6 wpb_column vc_column_container\"><div class=\"vc_column-inner\"><div class=\"wpb_wrapper\"><div class=\"wpb_text_column\"><div class=\"wpb_wrapper\"><h3><strong>Comment se d\u00e9roule la chirurgie de la scoliose ?<\/strong><\/h3>\n<p>La chirurgie de la scoliose est une proc\u00e9dure compl\u00e8te qui se d\u00e9roule sous anesth\u00e9sie g\u00e9n\u00e9rale et dure en moyenne 4 \u00e0 6 heures. Pendant l&#8217;op\u00e9ration, des tiges m\u00e9talliques, des vis et des crochets sont ins\u00e9r\u00e9s dans la zone courb\u00e9e de la colonne vert\u00e9brale. Ce syst\u00e8me de stabilisation permet de positionner correctement la colonne vert\u00e9brale et de fusionner les os.  <\/p>\n<p>Des techniques chirurgicales modernes sont utilis\u00e9es pour redonner \u00e0 la colonne vert\u00e9brale une courbure aussi proche que possible de sa forme naturelle. En g\u00e9n\u00e9ral, on pr\u00e9f\u00e8re op\u00e9rer dans la r\u00e9gion dorsale (post\u00e9rieure), mais dans certains cas, un acc\u00e8s ant\u00e9rieur peut \u00e9galement \u00eatre n\u00e9cessaire.<\/p>\n<\/div><\/div><\/div><\/div><\/div><div class=\"vc_col-sm-6 wpb_column vc_column_container\"><div class=\"vc_column-inner\"><div class=\"wpb_wrapper\"><div class=\"wpb_text_column\"><div class=\"wpb_wrapper\"><h3><strong>R\u00e9cup\u00e9ration postop\u00e9ratoire<\/strong><\/h3>\n<p>La p\u00e9riode de r\u00e9cup\u00e9ration apr\u00e8s une chirurgie de la scoliose peut varier en fonction de l&#8217;individu et de l&#8217;ampleur de l&#8217;intervention. Les patients restent g\u00e9n\u00e9ralement \u00e0 l&#8217;h\u00f4pital pendant 3 \u00e0 5 jours apr\u00e8s l&#8217;op\u00e9ration. Au cours des premi\u00e8res semaines, ils peuvent reprendre leurs activit\u00e9s quotidiennes de mani\u00e8re contr\u00f4l\u00e9e. Le processus de r\u00e9tablissement complet s&#8217;ach\u00e8ve entre 3 et 6 mois.<\/p>\n<\/div><\/div><\/div><\/div><\/div><\/div><div class=\"w-separator size_small\"><\/div><div class=\"g-cols wpb_row via_flex valign_top type_default stacking_default\"><div class=\"vc_col-sm-12 wpb_column vc_column_container\"><div class=\"vc_column-inner\"><div class=\"wpb_wrapper\"><div class=\"wpb_text_column\"><div class=\"wpb_wrapper\"><h4><strong>Les \u00e9l\u00e9ments \u00e0 prendre en compte pendant le processus de gu\u00e9rison sont les suivants<\/strong><\/h4>\n<ul>\n<li>Contr\u00f4les m\u00e9dicaux r\u00e9guliers<\/li>\n<li>Respect des programmes de kin\u00e9sith\u00e9rapie et d&#8217;exercices physiques<\/li>\n<li>\u00c9viter de soulever des charges lourdes<\/li>\n<li>D\u00e9velopper des habitudes de vie pour prot\u00e9ger la sant\u00e9 de la colonne vert\u00e9brale<\/li>\n<\/ul>\n<h4><strong>Avantages de la chirurgie de la scoliose<\/strong><\/h4>\n<ul>\n<li>Alignement correct de la colonne vert\u00e9brale<\/li>\n<li>Arr\u00eat de la progression de la courbure<\/li>\n<li>Am\u00e9lioration de l&#8217;apparence physique<\/li>\n<li>R\u00e9duction ou soulagement complet de la douleur<\/li>\n<\/ul>\n<\/div><\/div><\/div><\/div><\/div><\/div><div class=\"vc_col-sm-12 wpb_column vc_column_container\"><div class=\"vc_column-inner\"><div class=\"wpb_wrapper\"><\/div><\/div><\/div><\/div><\/div><\/div><\/div><\/div><\/section>\n","protected":false},"excerpt":{"rendered":"Chirurgie de la scoliose PagesAper\u00e7u de la proc\u00e9dureProc\u00e9dureCorrection de la colonne vert\u00e9brale par intervention chirurgicale, arr\u00eat de la progression Dur\u00e9e de l&#039;op\u00e9ration4 - 6 heures S\u00e9jour \u00e0 l&#039;h\u00f4pital3 - 7 jours Anesth\u00e9sieAnesth\u00e9sie g\u00e9n\u00e9rale Obtenez une consultation gratuiteVeuillez activer JavaScript dans votre navigateur pour remplir ce formulaire.Veuillez activer JavaScript dans votre navigateur pour remplir ce formulaire.Name...","protected":false},"author":1,"featured_media":152372,"parent":152516,"menu_order":0,"comment_status":"closed","ping_status":"closed","template":"","meta":{"rank_math_lock_modified_date":false,"_mi_skip_tracking":false,"_monsterinsights_sitenote_active":false,"_monsterinsights_sitenote_note":"","_monsterinsights_sitenote_category":0,"_uf_show_specific_survey":0,"_uf_disable_surveys":false,"footnotes":""},"procedure":[569],"class_list":["post-152386","page","type-page","status-publish","has-post-thumbnail","hentry","procedure-orthopedics"],"_links":{"self":[{"href":"https:\/\/clinicmono.com\/fr\/wp-json\/wp\/v2\/pages\/152386"}],"collection":[{"href":"https:\/\/clinicmono.com\/fr\/wp-json\/wp\/v2\/pages"}],"about":[{"href":"https:\/\/clinicmono.com\/fr\/wp-json\/wp\/v2\/types\/page"}],"author":[{"embeddable":true,"href":"https:\/\/clinicmono.com\/fr\/wp-json\/wp\/v2\/users\/1"}],"replies":[{"embeddable":true,"href":"https:\/\/clinicmono.com\/fr\/wp-json\/wp\/v2\/comments?post=152386"}],"version-history":[{"count":2,"href":"https:\/\/clinicmono.com\/fr\/wp-json\/wp\/v2\/pages\/152386\/revisions"}],"predecessor-version":[{"id":152388,"href":"https:\/\/clinicmono.com\/fr\/wp-json\/wp\/v2\/pages\/152386\/revisions\/152388"}],"up":[{"embeddable":true,"href":"https:\/\/clinicmono.com\/fr\/wp-json\/wp\/v2\/pages\/152516"}],"wp:featuredmedia":[{"embeddable":true,"href":"https:\/\/clinicmono.com\/fr\/wp-json\/wp\/v2\/media\/152372"}],"wp:attachment":[{"href":"https:\/\/clinicmono.com\/fr\/wp-json\/wp\/v2\/media?parent=152386"}],"wp:term":[{"taxonomy":"procedure","embeddable":true,"href":"https:\/\/clinicmono.com\/fr\/wp-json\/wp\/v2\/procedure?post=152386"}],"curies":[{"name":"wp","href":"https:\/\/api.w.org\/{rel}","templated":true}]}}