{"id":152361,"date":"2025-05-06T15:07:26","date_gmt":"2025-05-06T15:07:26","guid":{"rendered":"https:\/\/clinicmono.com\/chirurgie-arthroscopique-de-lepaule\/"},"modified":"2025-05-07T13:23:56","modified_gmt":"2025-05-07T13:23:56","slug":"chirurgie-arthroscopique-de-lepaule","status":"publish","type":"page","link":"https:\/\/clinicmono.com\/fr\/orthopedie\/chirurgie-arthroscopique-de-lepaule\/","title":{"rendered":"Chirurgie arthroscopique de l&#8217;\u00e9paule"},"content":{"rendered":"<section class=\"l-section wpb_row height_custom with_img\"><div class=\"l-section-img\" role=\"img\" data-img-width=\"1500\" data-img-height=\"564\" style=\"background-image: url(https:\/\/clinicmono.com\/wp-content\/uploads\/2025\/05\/Arthroscopic_Shoulder_Surgery-1.jpg);background-repeat: no-repeat;\"><\/div><div class=\"l-section-overlay\" style=\"background:rgba(0,0,0,0.47)\"><\/div><div class=\"l-section-h i-cf\"><div class=\"g-cols vc_row via_flex valign_top type_default stacking_default\"><div class=\"vc_col-sm-12 wpb_column vc_column_container\"><div class=\"vc_column-inner\"><div class=\"wpb_wrapper\"><div class=\"wpb_text_column us_custom_8b3d6790 has_text_color\"><div class=\"wpb_wrapper\"><h1 style=\"text-align: center;\">Chirurgie arthroscopique de l&#8217;\u00e9paule<\/h1>\n<\/div><\/div><div class=\"w-separator size_small\"><\/div><nav class=\"g-breadcrumbs us_custom_8b3d6790 has_text_color separator_icon align_center hide_current\" itemscope itemtype=\"http:\/\/schema.org\/BreadcrumbList\"><div class=\"g-breadcrumbs-item\">Pages<\/div><\/nav><div class=\"w-separator size_small\"><\/div><\/div><\/div><\/div><\/div><\/div><\/section><section class=\"l-section wpb_row height_small\"><div class=\"l-section-h i-cf\"><div class=\"g-cols vc_row via_flex valign_top type_default stacking_default\"><div class=\"vc_col-sm-8 wpb_column vc_column_container\"><div class=\"vc_column-inner\"><div class=\"wpb_wrapper\"><div class=\"g-cols wpb_row us_custom_edec6ef0 via_flex valign_top type_default stacking_default\"><div class=\"vc_col-sm-12 wpb_column vc_column_container\"><div class=\"vc_column-inner\"><div class=\"wpb_wrapper\"><h3 class=\"w-text\"><span class=\"w-text-h\"><span class=\"w-text-value\">Aper\u00e7u de la proc\u00e9dure<\/span><\/span><\/h3><div class=\"w-separator size_small\"><\/div><div class=\"w-iconbox iconpos_left style_default color_primary align_left\"><div class=\"w-iconbox-icon\" style=\"font-size:1.4rem;\"><i class=\"fas fa-procedures\"><\/i><\/div><div class=\"w-iconbox-meta\"><h4 class=\"w-iconbox-title\">Proc\u00e9dure<\/h4><div class=\"w-iconbox-text\"><p>R\u00e9paration des tissus endommag\u00e9s dans l&#8217;articulation de l&#8217;\u00e9paule.<\/p>\n<\/div><\/div><\/div><div class=\"w-separator size_small\"><\/div><div class=\"w-iconbox iconpos_left style_default color_primary align_left\"><div class=\"w-iconbox-icon\" style=\"font-size:1rem;\"><i class=\"fas fa-clock\"><\/i><\/div><div class=\"w-iconbox-meta\"><h4 class=\"w-iconbox-title\">Dur\u00e9e de l&#039;op\u00e9ration<\/h4><div class=\"w-iconbox-text\"><p>1 &#8211; 2 heures<\/p>\n<\/div><\/div><\/div><div class=\"w-separator size_small\"><\/div><div class=\"w-iconbox iconpos_left style_default color_primary align_left\"><div class=\"w-iconbox-icon\" style=\"font-size:1rem;\"><i class=\"fas fa-hospital\"><\/i><\/div><div class=\"w-iconbox-meta\"><h4 class=\"w-iconbox-title\">S\u00e9jour \u00e0 l&#039;h\u00f4pital<\/h4><div class=\"w-iconbox-text\"><p>1 jour<strong><br \/>\n<\/strong><\/p>\n<\/div><\/div><\/div><div class=\"w-separator size_small\"><\/div><div class=\"w-iconbox iconpos_left style_default color_primary align_left\"><div class=\"w-iconbox-icon\" style=\"font-size:1rem;\"><i class=\"fas fa-syringe\"><\/i><\/div><div class=\"w-iconbox-meta\"><h4 class=\"w-iconbox-title\">Anesth\u00e9sie<\/h4><div class=\"w-iconbox-text\"><p>Anesth\u00e9sie g\u00e9n\u00e9rale<\/p>\n<\/div><\/div><\/div><\/div><\/div><\/div><\/div><\/div><\/div><\/div><div class=\"vc_col-sm-4 wpb_column vc_column_container\"><div class=\"vc_column-inner\"><div class=\"wpb_wrapper\"><div class=\"g-cols wpb_row us_custom_c5a47681 via_flex valign_top type_default stacking_default\"><div class=\"vc_col-sm-12 wpb_column vc_column_container\"><div class=\"vc_column-inner\"><div class=\"wpb_wrapper\"><h3 class=\"w-text\"><span class=\"w-text-h\"><span class=\"w-text-value\">Obtenez une consultation gratuite<\/span><\/span><\/h3><div class=\"w-separator size_small\"><\/div><div class=\"wpforms-container wpforms-render-modern\" id=\"wpforms-22672\"><form id=\"wpforms-form-22672\" class=\"wpforms-validate wpforms-form wpforms-ajax-form\" data-formid=\"22672\" method=\"post\" enctype=\"multipart\/form-data\" action=\"\/fr\/wp-json\/wp\/v2\/pages\/152361\" data-token=\"4f924f26b641154e1047dc9dbe6f80dd\" data-token-time=\"1775993802\"><noscript class=\"wpforms-error-noscript\">Veuillez activer JavaScript dans votre navigateur pour remplir ce formulaire.<\/noscript><div id=\"wpforms-error-noscript\" style=\"display: none;\">Veuillez activer JavaScript dans votre navigateur pour remplir ce formulaire.<\/div><div class=\"wpforms-field-container\"><div id=\"wpforms-22672-field_0-container\" class=\"wpforms-field wpforms-field-name\" data-field-id=\"0\"><label class=\"wpforms-field-label wpforms-label-hide\" for=\"wpforms-22672-field_0\" aria-hidden=\"false\">Name <span class=\"wpforms-required-label\" aria-hidden=\"true\">*<\/span><\/label><input type=\"text\" id=\"wpforms-22672-field_0\" class=\"wpforms-field-large wpforms-field-required\" name=\"wpforms[fields][0]\" placeholder=\"Name and Lastname\" aria-errormessage=\"wpforms-22672-field_0-error\" required><\/div><div id=\"wpforms-22672-field_5-container\" class=\"wpforms-field wpforms-field-phone\" data-field-id=\"5\"><label class=\"wpforms-field-label wpforms-label-hide\" for=\"wpforms-22672-field_5\" aria-hidden=\"false\">Phone <span class=\"wpforms-required-label\" aria-hidden=\"true\">*<\/span><\/label><input type=\"tel\" id=\"wpforms-22672-field_5\" class=\"wpforms-field-large wpforms-field-required wpforms-smart-phone-field\" data-rule-smart-phone-field=\"true\" name=\"wpforms[fields][5]\" aria-label=\"Phone\" aria-errormessage=\"wpforms-22672-field_5-error\" required><\/div><div id=\"wpforms-22672-field_12-container\" class=\"wpforms-field wpforms-field-hidden\" data-field-id=\"12\"><input type=\"hidden\" id=\"wpforms-22672-field_12\" name=\"wpforms[fields][12]\"><\/div>\t\t<div id=\"wpforms-22672-field_1-container\"\n\t\t\tclass=\"wpforms-field wpforms-field-text\"\n\t\t\tdata-field-type=\"text\"\n\t\t\tdata-field-id=\"1\"\n\t\t\t>\n\t\t\t<label class=\"wpforms-field-label\" for=\"wpforms-22672-field_1\" >Phone Page Details<\/label>\n\t\t\t<input type=\"text\" id=\"wpforms-22672-field_1\" class=\"wpforms-field-medium\" name=\"wpforms[fields][1]\" >\n\t\t<\/div>\n\t\t<div id=\"wpforms-22672-field_10-container\" class=\"wpforms-field wpforms-field-hidden\" data-field-id=\"10\"><input type=\"hidden\" id=\"wpforms-22672-field_10\" name=\"wpforms[fields][10]\" value=\"https:\/\/clinicmono.com\/fr\/wp-json\/wp\/v2\/pages\/152361 \"><\/div><div id=\"wpforms-22672-field_15-container\" class=\"wpforms-field wpforms-field-hidden\" data-field-id=\"15\"><input type=\"hidden\" id=\"wpforms-22672-field_15\" name=\"wpforms[fields][15]\" value=\" 216.73.216.38 {entry_geolocation} \"><\/div><script>\n\t\t\t\t( function() {\n\t\t\t\t\tconst style = document.createElement( 'style' );\n\t\t\t\t\tstyle.appendChild( document.createTextNode( '#wpforms-22672-field_1-container { position: absolute !important; overflow: hidden !important; display: inline !important; height: 1px !important; width: 1px !important; z-index: -1000 !important; padding: 0 !important; } #wpforms-22672-field_1-container input { visibility: hidden; } #wpforms-conversational-form-page #wpforms-22672-field_1-container label { counter-increment: none; }' ) );\n\t\t\t\t\tdocument.head.appendChild( style );\n\t\t\t\t\tdocument.currentScript?.remove();\n\t\t\t\t} )();\n\t\t\t<\/script><\/div><!-- .wpforms-field-container --><div class=\"wpforms-recaptcha-container wpforms-is-recaptcha wpforms-is-recaptcha-type-v3\" ><input type=\"hidden\" name=\"wpforms[recaptcha]\" value=\"\"><\/div><div class=\"wpforms-submit-container\" ><input type=\"hidden\" name=\"wpforms[id]\" value=\"22672\"><input type=\"hidden\" name=\"page_title\" value=\"\"><input type=\"hidden\" name=\"page_url\" value=\"https:\/\/clinicmono.com\/fr\/wp-json\/wp\/v2\/pages\/152361\"><input type=\"hidden\" name=\"url_referer\" value=\"\"><button type=\"submit\" name=\"wpforms[submit]\" id=\"wpforms-submit-22672\" class=\"wpforms-submit\" data-alt-text=\"Sending...\" data-submit-text=\"Get a Free Consultation\" aria-live=\"assertive\" value=\"wpforms-submit\">Get a Free Consultation<\/button><img loading=\"lazy\" decoding=\"async\" src=\"https:\/\/clinicmono.com\/wp-content\/plugins\/wpforms\/assets\/images\/submit-spin.svg\" class=\"wpforms-submit-spinner\" style=\"display: none;\" width=\"26\" height=\"26\" alt=\"Chargement en cours\"><\/div><\/form><\/div>  <!-- .wpforms-container --><\/div><\/div><\/div><\/div><\/div><\/div><\/div><\/div><\/div><\/section><section class=\"l-section wpb_row us_custom_72622016 height_custom\"><div class=\"l-section-h i-cf\"><div class=\"g-cols vc_row via_flex valign_top type_default stacking_default\"><div class=\"vc_col-sm-12 wpb_column vc_column_container\"><div class=\"vc_column-inner\"><div class=\"wpb_wrapper\"><div class=\"w-separator size_small\"><\/div><div class=\"g-cols wpb_row via_flex valign_top type_default stacking_default\" id=\"procedures\"><div class=\"vc_col-sm-12 wpb_column vc_column_container\"><div class=\"vc_column-inner\"><div class=\"wpb_wrapper\"><div class=\"wpb_text_column\"><div class=\"wpb_wrapper\"><p>La chirurgie arthroscopique de l&#8217;\u00e9paule est une proc\u00e9dure chirurgicale ferm\u00e9e utilis\u00e9e pour le diagnostic et le traitement des anomalies de l&#8217;articulation de l&#8217;\u00e9paule. Dans cette op\u00e9ration, une cam\u00e9ra (arthroscope) est ins\u00e9r\u00e9e par de petites incisions dans la r\u00e9gion de l&#8217;\u00e9paule et l&#8217;intervention est r\u00e9alis\u00e9e \u00e0 l&#8217;aide d&#8217;instruments chirurgicaux sp\u00e9ciaux. L&#8217;arthroscopie est souvent pr\u00e9f\u00e9r\u00e9e \u00e0 la chirurgie ouverte traditionnelle car elle cause moins de dommages aux tissus, offre un processus de gu\u00e9rison rapide et comporte moins de risques de complications.<\/p>\n<\/div><\/div><\/div><\/div><\/div><\/div><div class=\"w-separator size_small\"><\/div><div class=\"g-cols wpb_row via_flex valign_top type_default stacking_default\" id=\"quicklook\"><div class=\"vc_col-sm-12 wpb_column vc_column_container\"><div class=\"vc_column-inner\"><div class=\"wpb_wrapper\"><div class=\"wpb_text_column\"><div class=\"wpb_wrapper\"><h3><strong>Dans quelles situations la chirurgie arthroscopique de l&#8217;\u00e9paule est-elle pratiqu\u00e9e ?<\/strong><\/h3>\n<p>La chirurgie arthroscopique de l&#8217;\u00e9paule est une solution efficace pour de nombreux probl\u00e8mes qui provoquent des douleurs, une limitation des mouvements et une perte de fonction dans l&#8217;articulation de l&#8217;\u00e9paule. Les domaines d&#8217;application les plus courants sont les suivants <\/p>\n<ul>\n<li>les d\u00e9chirures de la coiffe des rotateurs (muscles de l&#8217;\u00e9paule)<\/li>\n<li>Syndrome d&#8217;impaction de l&#8217;\u00e9paule (impingement)<\/li>\n<li>D\u00e9chirures du labyrinthe (l\u00e9sions SLAP)<\/li>\n<li>Luxations de l&#8217;\u00e9paule et luxations r\u00e9currentes<\/li>\n<li>Arthrite de l&#8217;\u00e9paule<\/li>\n<li>Inflammation du tendon et tendinite<\/li>\n<li>Ablation de corps libres intra-articulaires<\/li>\n<\/ul>\n<p>Ces troubles peuvent \u00eatre examin\u00e9s en d\u00e9tail et r\u00e9par\u00e9s chirurgicalement au cours de la m\u00eame s\u00e9ance gr\u00e2ce \u00e0 la m\u00e9thode arthroscopique.<\/p>\n<\/div><\/div><\/div><\/div><\/div><\/div><div class=\"w-separator size_small\"><\/div><div class=\"g-cols wpb_row via_flex valign_top type_default stacking_default\" id=\"clinic\"><div class=\"vc_col-sm-6 wpb_column vc_column_container\"><div class=\"vc_column-inner\"><div class=\"wpb_wrapper\"><div class=\"wpb_text_column\"><div class=\"wpb_wrapper\"><h3><strong>Quel est le processus chirurgical ?<\/strong><\/h3>\n<p>La chirurgie arthroscopique de l&#8217;\u00e9paule est g\u00e9n\u00e9ralement r\u00e9alis\u00e9e sous anesth\u00e9sie g\u00e9n\u00e9rale. Deux ou trois petites incisions sont pratiqu\u00e9es dans la r\u00e9gion de l&#8217;\u00e9paule. L&#8217;une de ces incisions sert \u00e0 placer la cam\u00e9ra et les autres servent \u00e0 placer les instruments chirurgicaux. Gr\u00e2ce \u00e0 la cam\u00e9ra, l&#8217;int\u00e9rieur de l&#8217;articulation est visualis\u00e9 en d\u00e9tail et le traitement n\u00e9cessaire est appliqu\u00e9.   <\/p>\n<p>La dur\u00e9e de l&#8217;op\u00e9ration peut varier entre 1 et 2 heures en moyenne. Les patients sortent g\u00e9n\u00e9ralement le jour m\u00eame. Toutefois, dans certains cas, il peut \u00eatre n\u00e9cessaire de passer la nuit \u00e0 l&#8217;h\u00f4pital.<\/p>\n<\/div><\/div><\/div><\/div><\/div><div class=\"vc_col-sm-6 wpb_column vc_column_container\"><div class=\"vc_column-inner\"><div class=\"wpb_wrapper\"><div class=\"wpb_text_column\"><div class=\"wpb_wrapper\"><h3><strong>Processus de r\u00e9cup\u00e9ration postop\u00e9ratoire<\/strong><\/h3>\n<p>La p\u00e9riode de r\u00e9tablissement apr\u00e8s une chirurgie arthroscopique de l&#8217;\u00e9paule peut varier en fonction de l&#8217;\u00e9tendue de l&#8217;intervention chirurgicale. Dans les cas b\u00e9nins, vous pouvez reprendre vos activit\u00e9s normales en quelques semaines, tandis que dans les cas de r\u00e9parations plus importantes, cela peut prendre plusieurs mois.<\/p>\n<\/div><\/div><\/div><\/div><\/div><\/div><div class=\"w-separator size_small\"><\/div><div class=\"g-cols wpb_row via_flex valign_top type_default stacking_default\"><div class=\"vc_col-sm-12 wpb_column vc_column_container\"><div class=\"vc_column-inner\"><div class=\"wpb_wrapper\"><div class=\"wpb_text_column\"><div class=\"wpb_wrapper\"><h4><strong>\u00c9l\u00e9ments \u00e0 prendre en compte pendant le processus de gu\u00e9rison :<\/strong><\/h4>\n<ul>\n<li>Il est recommand\u00e9 d&#8217;utiliser une bandouli\u00e8re pendant les premiers jours<\/li>\n<li>L&#8217;application de froid et les m\u00e9dicaments prescrits doivent \u00eatre utilis\u00e9s en cas de gonflement et de douleur.<\/li>\n<li>La physioth\u00e9rapie est tr\u00e8s importante pour r\u00e9tablir la mobilit\u00e9.<\/li>\n<li>Le programme d&#8217;exercices recommand\u00e9 par le m\u00e9decin doit \u00eatre poursuivi r\u00e9guli\u00e8rement.<\/li>\n<\/ul>\n<h4><strong>Avantages de la chirurgie arthroscopique de l&#8217;\u00e9paule<\/strong><\/h4>\n<ul>\n<li>L\u00e9sions tissulaires minimales<\/li>\n<li>Avantage esth\u00e9tique gr\u00e2ce aux petites incisions<\/li>\n<li>Moins de douleur et r\u00e9cup\u00e9ration plus rapide<\/li>\n<li>Faible risque d&#8217;infection<\/li>\n<li>Retour \u00e0 la vie quotidienne en peu de temps<\/li>\n<\/ul>\n<\/div><\/div><\/div><\/div><\/div><\/div><div class=\"vc_col-sm-12 wpb_column vc_column_container\"><div class=\"vc_column-inner\"><div class=\"wpb_wrapper\"><\/div><\/div><\/div><\/div><\/div><\/div><\/div><\/div><\/section>\n","protected":false},"excerpt":{"rendered":"Chirurgie arthroscopique de l&#8217;\u00e9paule PagesAper\u00e7u de la proc\u00e9dureProc\u00e9dureR\u00e9paration des tissus endommag\u00e9s dans l'articulation de l'\u00e9paule. Dur\u00e9e de l&#039;op\u00e9ration1 - 2 heures S\u00e9jour \u00e0 l&#039;h\u00f4pital1 jour Anesth\u00e9sieAnesth\u00e9sie g\u00e9n\u00e9rale Obtenez une consultation gratuiteVeuillez activer JavaScript dans votre navigateur pour remplir ce formulaire.Veuillez activer JavaScript dans votre navigateur pour remplir ce formulaire.Name *Phone * Title URL Page Get...","protected":false},"author":1,"featured_media":152329,"parent":152516,"menu_order":0,"comment_status":"closed","ping_status":"closed","template":"","meta":{"rank_math_lock_modified_date":false,"_mi_skip_tracking":false,"_monsterinsights_sitenote_active":false,"_monsterinsights_sitenote_note":"","_monsterinsights_sitenote_category":0,"_uf_show_specific_survey":0,"_uf_disable_surveys":false,"footnotes":""},"procedure":[569],"class_list":["post-152361","page","type-page","status-publish","has-post-thumbnail","hentry","procedure-orthopedics"],"_links":{"self":[{"href":"https:\/\/clinicmono.com\/fr\/wp-json\/wp\/v2\/pages\/152361"}],"collection":[{"href":"https:\/\/clinicmono.com\/fr\/wp-json\/wp\/v2\/pages"}],"about":[{"href":"https:\/\/clinicmono.com\/fr\/wp-json\/wp\/v2\/types\/page"}],"author":[{"embeddable":true,"href":"https:\/\/clinicmono.com\/fr\/wp-json\/wp\/v2\/users\/1"}],"replies":[{"embeddable":true,"href":"https:\/\/clinicmono.com\/fr\/wp-json\/wp\/v2\/comments?post=152361"}],"version-history":[{"count":2,"href":"https:\/\/clinicmono.com\/fr\/wp-json\/wp\/v2\/pages\/152361\/revisions"}],"predecessor-version":[{"id":152363,"href":"https:\/\/clinicmono.com\/fr\/wp-json\/wp\/v2\/pages\/152361\/revisions\/152363"}],"up":[{"embeddable":true,"href":"https:\/\/clinicmono.com\/fr\/wp-json\/wp\/v2\/pages\/152516"}],"wp:featuredmedia":[{"embeddable":true,"href":"https:\/\/clinicmono.com\/fr\/wp-json\/wp\/v2\/media\/152329"}],"wp:attachment":[{"href":"https:\/\/clinicmono.com\/fr\/wp-json\/wp\/v2\/media?parent=152361"}],"wp:term":[{"taxonomy":"procedure","embeddable":true,"href":"https:\/\/clinicmono.com\/fr\/wp-json\/wp\/v2\/procedure?post=152361"}],"curies":[{"name":"wp","href":"https:\/\/api.w.org\/{rel}","templated":true}]}}