{"id":152272,"date":"2025-05-06T14:06:35","date_gmt":"2025-05-06T14:06:35","guid":{"rendered":"https:\/\/clinicmono.com\/chirurgie-de-la-rupture-du-ligament-croise-anterieur\/"},"modified":"2025-05-07T13:23:56","modified_gmt":"2025-05-07T13:23:56","slug":"chirurgie-de-la-rupture-du-ligament-croise-anterieur","status":"publish","type":"page","link":"https:\/\/clinicmono.com\/fr\/orthopedie\/chirurgie-de-la-rupture-du-ligament-croise-anterieur\/","title":{"rendered":"Chirurgie de la rupture du ligament crois\u00e9 ant\u00e9rieur"},"content":{"rendered":"<section class=\"l-section wpb_row height_custom with_img\"><div class=\"l-section-img\" role=\"img\" data-img-width=\"1280\" data-img-height=\"720\" style=\"background-image: url(https:\/\/clinicmono.com\/wp-content\/uploads\/2025\/05\/Anterior_Cruciate_Ligament_Tear_Surgery.jpg);background-repeat: no-repeat;\"><\/div><div class=\"l-section-overlay\" style=\"background:rgba(0,0,0,0.47)\"><\/div><div class=\"l-section-h i-cf\"><div class=\"g-cols vc_row via_flex valign_top type_default stacking_default\"><div class=\"vc_col-sm-12 wpb_column vc_column_container\"><div class=\"vc_column-inner\"><div class=\"wpb_wrapper\"><div class=\"wpb_text_column us_custom_8b3d6790 has_text_color\"><div class=\"wpb_wrapper\"><h1 style=\"text-align: center;\">Chirurgie de la rupture du ligament crois\u00e9 ant\u00e9rieur<\/h1>\n<\/div><\/div><div class=\"w-separator size_small\"><\/div><nav class=\"g-breadcrumbs us_custom_8b3d6790 has_text_color separator_icon align_center hide_current\" itemscope itemtype=\"http:\/\/schema.org\/BreadcrumbList\"><div class=\"g-breadcrumbs-item\">Pages<\/div><\/nav><div class=\"w-separator size_small\"><\/div><\/div><\/div><\/div><\/div><\/div><\/section><section class=\"l-section wpb_row height_small\"><div class=\"l-section-h i-cf\"><div class=\"g-cols vc_row via_flex valign_top type_default stacking_default\"><div class=\"vc_col-sm-8 wpb_column vc_column_container\"><div class=\"vc_column-inner\"><div class=\"wpb_wrapper\"><div class=\"g-cols wpb_row us_custom_edec6ef0 via_flex valign_top type_default stacking_default\"><div class=\"vc_col-sm-12 wpb_column vc_column_container\"><div class=\"vc_column-inner\"><div class=\"wpb_wrapper\"><h3 class=\"w-text\"><span class=\"w-text-h\"><span class=\"w-text-value\">Aper\u00e7u de la proc\u00e9dure<\/span><\/span><\/h3><div class=\"w-separator size_small\"><\/div><div class=\"w-iconbox iconpos_left style_default color_primary align_left\"><div class=\"w-iconbox-icon\" style=\"font-size:1.4rem;\"><i class=\"fas fa-procedures\"><\/i><\/div><div class=\"w-iconbox-meta\"><h4 class=\"w-iconbox-title\">Proc\u00e9dure<\/h4><div class=\"w-iconbox-text\"><p>R R\u00e9paration d&#8217;une d\u00e9chirure du ligament crois\u00e9<\/p>\n<\/div><\/div><\/div><div class=\"w-separator size_small\"><\/div><div class=\"w-iconbox iconpos_left style_default color_primary align_left\"><div class=\"w-iconbox-icon\" style=\"font-size:1rem;\"><i class=\"fas fa-clock\"><\/i><\/div><div class=\"w-iconbox-meta\"><h4 class=\"w-iconbox-title\">Dur\u00e9e de l&#039;op\u00e9ration<\/h4><div class=\"w-iconbox-text\"><p>1 &#8211; 2 heures<\/p>\n<\/div><\/div><\/div><div class=\"w-separator size_small\"><\/div><div class=\"w-iconbox iconpos_left style_default color_primary align_left\"><div class=\"w-iconbox-icon\" style=\"font-size:1rem;\"><i class=\"fas fa-hospital\"><\/i><\/div><div class=\"w-iconbox-meta\"><h4 class=\"w-iconbox-title\">S\u00e9jour \u00e0 l&#039;h\u00f4pital<\/h4><div class=\"w-iconbox-text\"><p>1 jour<strong><br \/>\n<\/strong><\/p>\n<\/div><\/div><\/div><div class=\"w-separator size_small\"><\/div><div class=\"w-iconbox iconpos_left style_default color_primary align_left\"><div class=\"w-iconbox-icon\" style=\"font-size:1rem;\"><i class=\"fas fa-syringe\"><\/i><\/div><div class=\"w-iconbox-meta\"><h4 class=\"w-iconbox-title\">Anesth\u00e9sie<\/h4><div class=\"w-iconbox-text\"><p>Anesth\u00e9sie g\u00e9n\u00e9rale ou rachidienne<\/p>\n<\/div><\/div><\/div><\/div><\/div><\/div><\/div><\/div><\/div><\/div><div class=\"vc_col-sm-4 wpb_column vc_column_container\"><div class=\"vc_column-inner\"><div class=\"wpb_wrapper\"><div class=\"g-cols wpb_row us_custom_c5a47681 via_flex valign_top type_default stacking_default\"><div class=\"vc_col-sm-12 wpb_column vc_column_container\"><div class=\"vc_column-inner\"><div class=\"wpb_wrapper\"><h3 class=\"w-text\"><span class=\"w-text-h\"><span class=\"w-text-value\">Obtenez une consultation gratuite<\/span><\/span><\/h3><div class=\"w-separator size_small\"><\/div><div class=\"wpforms-container wpforms-render-modern\" id=\"wpforms-22672\"><form id=\"wpforms-form-22672\" class=\"wpforms-validate wpforms-form wpforms-ajax-form\" data-formid=\"22672\" method=\"post\" enctype=\"multipart\/form-data\" action=\"\/fr\/wp-json\/wp\/v2\/pages\/152272\" data-token=\"4f924f26b641154e1047dc9dbe6f80dd\" data-token-time=\"1775989736\"><noscript class=\"wpforms-error-noscript\">Veuillez activer JavaScript dans votre navigateur pour remplir ce formulaire.<\/noscript><div id=\"wpforms-error-noscript\" style=\"display: none;\">Veuillez activer JavaScript dans votre navigateur pour remplir ce formulaire.<\/div><div class=\"wpforms-field-container\"><div id=\"wpforms-22672-field_0-container\" class=\"wpforms-field wpforms-field-name\" data-field-id=\"0\"><label class=\"wpforms-field-label wpforms-label-hide\" for=\"wpforms-22672-field_0\" aria-hidden=\"false\">Name <span class=\"wpforms-required-label\" aria-hidden=\"true\">*<\/span><\/label><input type=\"text\" id=\"wpforms-22672-field_0\" class=\"wpforms-field-large wpforms-field-required\" name=\"wpforms[fields][0]\" placeholder=\"Name and Lastname\" aria-errormessage=\"wpforms-22672-field_0-error\" required><\/div>\t\t<div id=\"wpforms-22672-field_1-container\"\n\t\t\tclass=\"wpforms-field wpforms-field-text\"\n\t\t\tdata-field-type=\"text\"\n\t\t\tdata-field-id=\"1\"\n\t\t\t>\n\t\t\t<label class=\"wpforms-field-label\" for=\"wpforms-22672-field_1\" >Page Details URL<\/label>\n\t\t\t<input type=\"text\" id=\"wpforms-22672-field_1\" class=\"wpforms-field-medium\" name=\"wpforms[fields][1]\" >\n\t\t<\/div>\n\t\t<div id=\"wpforms-22672-field_5-container\" class=\"wpforms-field wpforms-field-phone\" data-field-id=\"5\"><label class=\"wpforms-field-label wpforms-label-hide\" for=\"wpforms-22672-field_5\" aria-hidden=\"false\">Phone <span class=\"wpforms-required-label\" aria-hidden=\"true\">*<\/span><\/label><input type=\"tel\" id=\"wpforms-22672-field_5\" class=\"wpforms-field-large wpforms-field-required wpforms-smart-phone-field\" data-rule-smart-phone-field=\"true\" name=\"wpforms[fields][5]\" aria-label=\"Phone\" aria-errormessage=\"wpforms-22672-field_5-error\" required><\/div><div id=\"wpforms-22672-field_12-container\" class=\"wpforms-field wpforms-field-hidden\" data-field-id=\"12\"><input type=\"hidden\" id=\"wpforms-22672-field_12\" name=\"wpforms[fields][12]\"><\/div><div id=\"wpforms-22672-field_10-container\" class=\"wpforms-field wpforms-field-hidden\" data-field-id=\"10\"><input type=\"hidden\" id=\"wpforms-22672-field_10\" name=\"wpforms[fields][10]\" value=\"https:\/\/clinicmono.com\/fr\/wp-json\/wp\/v2\/pages\/152272 \"><\/div><div id=\"wpforms-22672-field_15-container\" class=\"wpforms-field wpforms-field-hidden\" data-field-id=\"15\"><input type=\"hidden\" id=\"wpforms-22672-field_15\" name=\"wpforms[fields][15]\" value=\" 216.73.216.38 {entry_geolocation} \"><\/div><script>\n\t\t\t\t( function() {\n\t\t\t\t\tconst style = document.createElement( 'style' );\n\t\t\t\t\tstyle.appendChild( document.createTextNode( '#wpforms-22672-field_1-container { position: absolute !important; overflow: hidden !important; display: inline !important; height: 1px !important; width: 1px !important; z-index: -1000 !important; padding: 0 !important; } #wpforms-22672-field_1-container input { visibility: hidden; } #wpforms-conversational-form-page #wpforms-22672-field_1-container label { counter-increment: none; }' ) );\n\t\t\t\t\tdocument.head.appendChild( style );\n\t\t\t\t\tdocument.currentScript?.remove();\n\t\t\t\t} )();\n\t\t\t<\/script><\/div><!-- .wpforms-field-container --><div class=\"wpforms-recaptcha-container wpforms-is-recaptcha wpforms-is-recaptcha-type-v3\" ><input type=\"hidden\" name=\"wpforms[recaptcha]\" value=\"\"><\/div><div class=\"wpforms-submit-container\" ><input type=\"hidden\" name=\"wpforms[id]\" value=\"22672\"><input type=\"hidden\" name=\"page_title\" value=\"\"><input type=\"hidden\" name=\"page_url\" value=\"https:\/\/clinicmono.com\/fr\/wp-json\/wp\/v2\/pages\/152272\"><input type=\"hidden\" name=\"url_referer\" value=\"\"><button type=\"submit\" name=\"wpforms[submit]\" id=\"wpforms-submit-22672\" class=\"wpforms-submit\" data-alt-text=\"Sending...\" data-submit-text=\"Get a Free Consultation\" aria-live=\"assertive\" value=\"wpforms-submit\">Get a Free Consultation<\/button><img loading=\"lazy\" decoding=\"async\" src=\"https:\/\/clinicmono.com\/wp-content\/plugins\/wpforms\/assets\/images\/submit-spin.svg\" class=\"wpforms-submit-spinner\" style=\"display: none;\" width=\"26\" height=\"26\" alt=\"Chargement en cours\"><\/div><\/form><\/div>  <!-- .wpforms-container --><\/div><\/div><\/div><\/div><\/div><\/div><\/div><\/div><\/div><\/section><section class=\"l-section wpb_row us_custom_72622016 height_custom\"><div class=\"l-section-h i-cf\"><div class=\"g-cols vc_row via_flex valign_top type_default stacking_default\"><div class=\"vc_col-sm-12 wpb_column vc_column_container\"><div class=\"vc_column-inner\"><div class=\"wpb_wrapper\"><div class=\"w-separator size_small\"><\/div><div class=\"g-cols wpb_row via_flex valign_top type_default stacking_default\" id=\"procedures\"><div class=\"vc_col-sm-12 wpb_column vc_column_container\"><div class=\"vc_column-inner\"><div class=\"wpb_wrapper\"><div class=\"wpb_text_column\"><div class=\"wpb_wrapper\"><p>Bien que la rupture du ligament crois\u00e9 ant\u00e9rieur soit connue comme une blessure sportive, elle peut \u00e9galement \u00eatre observ\u00e9e chez les non-sportifs. La chirurgie de la rupture du ligament crois\u00e9 ant\u00e9rieur est une intervention chirurgicale pratiqu\u00e9e en cas de d\u00e9chirure du ligament crois\u00e9 ant\u00e9rieur (LCA), qui assure la stabilit\u00e9 du genou. En fonction de la gravit\u00e9 des dommages caus\u00e9s par la d\u00e9chirure du ligament crois\u00e9, des options chirurgicales et non chirurgicales peuvent \u00eatre \u00e9valu\u00e9es. Ce ligament est situ\u00e9 entre l&#8217;os de la cuisse (f\u00e9mur) et l&#8217;os du tibia (tibia) et stabilise le genou d&#8217;avant en arri\u00e8re. La rupture et la blessure du ligament crois\u00e9 ant\u00e9rieur peuvent \u00eatre caus\u00e9es par un d\u00e9placement ant\u00e9rieur soudain et une rotation du genou, une chute soudaine au sol \u00e0 la suite d&#8217;un saut, un coup sur le genou et g\u00e9n\u00e9ralement des blessures sportives. La chirurgie vise \u00e0 reconstruire le ligament d\u00e9chir\u00e9 afin qu&#8217;il puisse \u00e0 nouveau remplir sa fonction.<\/p>\n<\/div><\/div><\/div><\/div><\/div><\/div><div class=\"w-separator size_small\"><\/div><div class=\"g-cols wpb_row via_flex valign_top type_default stacking_default\" id=\"quicklook\"><div class=\"vc_col-sm-12 wpb_column vc_column_container\"><div class=\"vc_column-inner\"><div class=\"wpb_wrapper\"><div class=\"wpb_text_column\"><div class=\"wpb_wrapper\"><h3><strong>Quels sont les sympt\u00f4mes d&#8217;une rupture du ligament crois\u00e9 ?<\/strong><\/h3>\n<p>Les sympt\u00f4mes les plus courants de la rupture du ligament crois\u00e9 ant\u00e9rieur sont les suivants<\/p>\n<ul>\n<li>Sensation soudaine d&#8217;\u00e9jaculation dans le genou<\/li>\n<li>Douleur et gonflement importants<\/li>\n<li>Diminution de la mobilit\u00e9<\/li>\n<li>Sensation de blocage ou d&#8217;adh\u00e9rence dans le genou<\/li>\n<li>Difficult\u00e9 \u00e0 poursuivre les activit\u00e9s sportives<\/li>\n<\/ul>\n<p>Ces sympt\u00f4mes peuvent entra\u00eener une baisse importante des performances, en particulier chez les personnes qui m\u00e8nent une vie active. C&#8217;est pourquoi un diagnostic pr\u00e9coce et un traitement appropri\u00e9 sont d&#8217;une grande importance.<\/p>\n<\/div><\/div><\/div><\/div><\/div><\/div><div class=\"w-separator size_small\"><\/div><div class=\"g-cols wpb_row via_flex valign_top type_default stacking_default\" id=\"clinic\"><div class=\"vc_col-sm-6 wpb_column vc_column_container\"><div class=\"vc_column-inner\"><div class=\"wpb_wrapper\"><div class=\"wpb_text_column\"><div class=\"wpb_wrapper\"><h3><strong>Quand la chirurgie de la rupture du ligament crois\u00e9 ant\u00e9rieur est-elle n\u00e9cessaire ?<\/strong><\/h3>\n<p>Toutes les ruptures du ligament crois\u00e9 ant\u00e9rieur ne n\u00e9cessitent pas d&#8217;intervention chirurgicale. Les d\u00e9chirures l\u00e9g\u00e8res peuvent \u00eatre trait\u00e9es par la kin\u00e9sith\u00e9rapie et des exercices de renforcement musculaire. Toutefois, une intervention chirurgicale devient in\u00e9vitable dans les cas suivants :  <\/p>\n<ul>\n<li>Rupture compl\u00e8te du ligament<\/li>\n<li>sensation persistante d&#8217;instabilit\u00e9 du genou<\/li>\n<li>Patients qui veulent continuer \u00e0 faire du sport<\/li>\n<li>atteinte d&#8217;autres structures du genou (m\u00e9nisque, ligaments lat\u00e9raux)<\/li>\n<li>Personnes jeunes et actives<\/li>\n<\/ul>\n<\/div><\/div><\/div><\/div><\/div><div class=\"vc_col-sm-6 wpb_column vc_column_container\"><div class=\"vc_column-inner\"><div class=\"wpb_wrapper\"><div class=\"wpb_text_column\"><div class=\"wpb_wrapper\"><h3><strong>Comment se d\u00e9roule l&#8217;op\u00e9ration de la rupture du ligament crois\u00e9 ant\u00e9rieur ?<\/strong><\/h3>\n<p>L&#8217;op\u00e9ration de la rupture du ligament crois\u00e9 ant\u00e9rieur est g\u00e9n\u00e9ralement r\u00e9alis\u00e9e par arthroscopie. Dans le cadre d&#8217;une chirurgie ferm\u00e9e, une cam\u00e9ra d&#8217;arthroscopie est ins\u00e9r\u00e9e dans de petites incisions sur le genou et des instruments chirurgicaux sont utilis\u00e9s. Le chirurgien cr\u00e9e un nouveau ligament avec du tissu tendineux, g\u00e9n\u00e9ralement pr\u00e9lev\u00e9 sur le genou du patient ou sur un donneur. Ce nouveau ligament est ins\u00e9r\u00e9 dans le genou par des tunnels osseux et maintenu en place par des vis ou des dispositifs de fixation sp\u00e9ciaux.   <\/p>\n<p>L&#8217;op\u00e9ration dure en moyenne 1 \u00e0 2 heures et le patient peut g\u00e9n\u00e9ralement sortir le jour m\u00eame.<\/p>\n<\/div><\/div><\/div><\/div><\/div><\/div><div class=\"w-separator size_small\"><\/div><div class=\"g-cols wpb_row via_flex valign_top type_default stacking_default\"><div class=\"vc_col-sm-12 wpb_column vc_column_container\"><div class=\"vc_column-inner\"><div class=\"wpb_wrapper\"><div class=\"wpb_text_column\"><div class=\"wpb_wrapper\"><h4><strong>Processus de r\u00e9cup\u00e9ration postop\u00e9ratoire<\/strong><\/h4>\n<p>La th\u00e9rapie physique apr\u00e8s l&#8217;op\u00e9ration du ligament crois\u00e9 est essentielle. Au cours des premi\u00e8res semaines, le gonflement du genou est r\u00e9duit et le mouvement est progressivement r\u00e9tabli. Les exercices de renforcement musculaire commencent ensuite. Il peut s&#8217;\u00e9couler 6 \u00e0 9 mois avant que les athl\u00e8tes ne retournent sur le terrain. Il est tr\u00e8s important de suivre les recommandations du m\u00e9decin et du physioth\u00e9rapeute pour une r\u00e9cup\u00e9ration r\u00e9ussie.<\/p>\n<\/div><\/div><\/div><\/div><\/div><\/div><div class=\"vc_col-sm-12 wpb_column vc_column_container\"><div class=\"vc_column-inner\"><div class=\"wpb_wrapper\"><\/div><\/div><\/div><\/div><\/div><\/div><\/div><\/div><\/section>\n","protected":false},"excerpt":{"rendered":"Chirurgie de la rupture du ligament crois\u00e9 ant\u00e9rieur PagesAper\u00e7u de la proc\u00e9dureProc\u00e9dureR R\u00e9paration d'une d\u00e9chirure du ligament crois\u00e9 Dur\u00e9e de l&#039;op\u00e9ration1 - 2 heures S\u00e9jour \u00e0 l&#039;h\u00f4pital1 jour Anesth\u00e9sieAnesth\u00e9sie g\u00e9n\u00e9rale ou rachidienne Obtenez une consultation gratuiteVeuillez activer JavaScript dans votre navigateur pour remplir ce formulaire.Veuillez activer JavaScript dans votre navigateur pour remplir ce formulaire.Name *Phone...","protected":false},"author":1,"featured_media":152278,"parent":152516,"menu_order":0,"comment_status":"closed","ping_status":"closed","template":"","meta":{"rank_math_lock_modified_date":false,"_mi_skip_tracking":false,"_monsterinsights_sitenote_active":false,"_monsterinsights_sitenote_note":"","_monsterinsights_sitenote_category":0,"_uf_show_specific_survey":0,"_uf_disable_surveys":false,"footnotes":""},"procedure":[569],"class_list":["post-152272","page","type-page","status-publish","has-post-thumbnail","hentry","procedure-orthopedics"],"_links":{"self":[{"href":"https:\/\/clinicmono.com\/fr\/wp-json\/wp\/v2\/pages\/152272"}],"collection":[{"href":"https:\/\/clinicmono.com\/fr\/wp-json\/wp\/v2\/pages"}],"about":[{"href":"https:\/\/clinicmono.com\/fr\/wp-json\/wp\/v2\/types\/page"}],"author":[{"embeddable":true,"href":"https:\/\/clinicmono.com\/fr\/wp-json\/wp\/v2\/users\/1"}],"replies":[{"embeddable":true,"href":"https:\/\/clinicmono.com\/fr\/wp-json\/wp\/v2\/comments?post=152272"}],"version-history":[{"count":6,"href":"https:\/\/clinicmono.com\/fr\/wp-json\/wp\/v2\/pages\/152272\/revisions"}],"predecessor-version":[{"id":152297,"href":"https:\/\/clinicmono.com\/fr\/wp-json\/wp\/v2\/pages\/152272\/revisions\/152297"}],"up":[{"embeddable":true,"href":"https:\/\/clinicmono.com\/fr\/wp-json\/wp\/v2\/pages\/152516"}],"wp:featuredmedia":[{"embeddable":true,"href":"https:\/\/clinicmono.com\/fr\/wp-json\/wp\/v2\/media\/152278"}],"wp:attachment":[{"href":"https:\/\/clinicmono.com\/fr\/wp-json\/wp\/v2\/media?parent=152272"}],"wp:term":[{"taxonomy":"procedure","embeddable":true,"href":"https:\/\/clinicmono.com\/fr\/wp-json\/wp\/v2\/procedure?post=152272"}],"curies":[{"name":"wp","href":"https:\/\/api.w.org\/{rel}","templated":true}]}}