{"id":152209,"date":"2025-04-30T13:13:57","date_gmt":"2025-04-30T13:13:57","guid":{"rendered":"https:\/\/clinicmono.com\/prothese-depaule\/"},"modified":"2025-05-07T13:23:56","modified_gmt":"2025-05-07T13:23:56","slug":"prothese-depaule","status":"publish","type":"page","link":"https:\/\/clinicmono.com\/fr\/orthopedie\/prothese-depaule\/","title":{"rendered":"Proth\u00e8se d&#8217;\u00e9paule"},"content":{"rendered":"<section class=\"l-section wpb_row height_custom with_img\"><div class=\"l-section-img\" role=\"img\" data-img-width=\"1132\" data-img-height=\"500\" style=\"background-image: url(https:\/\/clinicmono.com\/wp-content\/uploads\/2025\/04\/shoulder_replacement_surgery.jpg);background-repeat: no-repeat;\"><\/div><div class=\"l-section-overlay\" style=\"background:rgba(0,0,0,0.47)\"><\/div><div class=\"l-section-h i-cf\"><div class=\"g-cols vc_row via_flex valign_top type_default stacking_default\"><div class=\"vc_col-sm-12 wpb_column vc_column_container\"><div class=\"vc_column-inner\"><div class=\"wpb_wrapper\"><div class=\"wpb_text_column us_custom_8b3d6790 has_text_color\"><div class=\"wpb_wrapper\"><h1 style=\"text-align: center;\">Proth\u00e8se d&#8217;\u00e9paule<\/h1>\n<\/div><\/div><div class=\"w-separator size_small\"><\/div><nav class=\"g-breadcrumbs us_custom_8b3d6790 has_text_color separator_icon align_center hide_current\" itemscope itemtype=\"http:\/\/schema.org\/BreadcrumbList\"><div class=\"g-breadcrumbs-item\">Pages<\/div><\/nav><div class=\"w-separator size_small\"><\/div><\/div><\/div><\/div><\/div><\/div><\/section><section class=\"l-section wpb_row height_small\"><div class=\"l-section-h i-cf\"><div class=\"g-cols vc_row via_flex valign_top type_default stacking_default\"><div class=\"vc_col-sm-8 wpb_column vc_column_container\"><div class=\"vc_column-inner\"><div class=\"wpb_wrapper\"><div class=\"g-cols wpb_row us_custom_edec6ef0 via_flex valign_top type_default stacking_default\"><div class=\"vc_col-sm-12 wpb_column vc_column_container\"><div class=\"vc_column-inner\"><div class=\"wpb_wrapper\"><h3 class=\"w-text\"><span class=\"w-text-h\"><span class=\"w-text-value\">Aper\u00e7u de la proc\u00e9dure<\/span><\/span><\/h3><div class=\"w-separator size_small\"><\/div><div class=\"w-iconbox iconpos_left style_default color_primary align_left\"><div class=\"w-iconbox-icon\" style=\"font-size:1.4rem;\"><i class=\"fas fa-procedures\"><\/i><\/div><div class=\"w-iconbox-meta\"><h4 class=\"w-iconbox-title\">Proc\u00e9dure<\/h4><div class=\"w-iconbox-text\"><p>Remplacement d&#8217;une articulation de l&#8217;\u00e9paule endommag\u00e9e par une proth\u00e8se d&#8217;\u00e9paule.<\/p>\n<\/div><\/div><\/div><div class=\"w-separator size_small\"><\/div><div class=\"w-iconbox iconpos_left style_default color_primary align_left\"><div class=\"w-iconbox-icon\" style=\"font-size:1rem;\"><i class=\"fas fa-clock\"><\/i><\/div><div class=\"w-iconbox-meta\"><h4 class=\"w-iconbox-title\">Dur\u00e9e de l&#039;op\u00e9ration<\/h4><div class=\"w-iconbox-text\"><p>1,5 \u2013 2 heures<\/p>\n<\/div><\/div><\/div><div class=\"w-separator size_small\"><\/div><div class=\"w-iconbox iconpos_left style_default color_primary align_left\"><div class=\"w-iconbox-icon\" style=\"font-size:1rem;\"><i class=\"fas fa-hospital\"><\/i><\/div><div class=\"w-iconbox-meta\"><h4 class=\"w-iconbox-title\">S\u00e9jour \u00e0 l&#039;h\u00f4pital<\/h4><div class=\"w-iconbox-text\"><p>2-4 jours<strong><br \/>\n<\/strong><\/p>\n<\/div><\/div><\/div><div class=\"w-separator size_small\"><\/div><div class=\"w-iconbox iconpos_left style_default color_primary align_left\"><div class=\"w-iconbox-icon\" style=\"font-size:1rem;\"><i class=\"fas fa-syringe\"><\/i><\/div><div class=\"w-iconbox-meta\"><h4 class=\"w-iconbox-title\">Anesth\u00e9sie<\/h4><div class=\"w-iconbox-text\"><p>Anesth\u00e9sie g\u00e9n\u00e9rale<\/p>\n<div id=\"gtx-trans\" style=\"position: absolute; left: 127px; top: -15.8px;\">\n<div class=\"gtx-trans-icon\"><\/div>\n<\/div>\n<\/div><\/div><\/div><\/div><\/div><\/div><\/div><\/div><\/div><\/div><div class=\"vc_col-sm-4 wpb_column vc_column_container\"><div class=\"vc_column-inner\"><div class=\"wpb_wrapper\"><div class=\"g-cols wpb_row us_custom_c5a47681 via_flex valign_top type_default stacking_default\"><div class=\"vc_col-sm-12 wpb_column vc_column_container\"><div class=\"vc_column-inner\"><div class=\"wpb_wrapper\"><h3 class=\"w-text\"><span class=\"w-text-h\"><span class=\"w-text-value\">Obtenez une consultation gratuite<\/span><\/span><\/h3><div class=\"w-separator size_small\"><\/div><div class=\"wpforms-container wpforms-render-modern\" id=\"wpforms-22672\"><form id=\"wpforms-form-22672\" class=\"wpforms-validate wpforms-form wpforms-ajax-form\" data-formid=\"22672\" method=\"post\" enctype=\"multipart\/form-data\" action=\"\/fr\/wp-json\/wp\/v2\/pages\/152209\" data-token=\"b6191c88027d99a7af7123b514724691\" data-token-time=\"1776503358\"><noscript class=\"wpforms-error-noscript\">Veuillez activer JavaScript dans votre navigateur pour remplir ce formulaire.<\/noscript><div id=\"wpforms-error-noscript\" style=\"display: none;\">Veuillez activer JavaScript dans votre navigateur pour remplir ce formulaire.<\/div><div class=\"wpforms-field-container\"><div id=\"wpforms-22672-field_0-container\" class=\"wpforms-field wpforms-field-name\" data-field-id=\"0\"><label class=\"wpforms-field-label wpforms-label-hide\" for=\"wpforms-22672-field_0\" aria-hidden=\"false\">Name <span class=\"wpforms-required-label\" aria-hidden=\"true\">*<\/span><\/label><input type=\"text\" id=\"wpforms-22672-field_0\" class=\"wpforms-field-large wpforms-field-required\" name=\"wpforms[fields][0]\" placeholder=\"Name and Lastname\" aria-errormessage=\"wpforms-22672-field_0-error\" required><\/div><div id=\"wpforms-22672-field_5-container\" class=\"wpforms-field wpforms-field-phone\" data-field-id=\"5\"><label class=\"wpforms-field-label wpforms-label-hide\" for=\"wpforms-22672-field_5\" aria-hidden=\"false\">Phone <span class=\"wpforms-required-label\" aria-hidden=\"true\">*<\/span><\/label><input type=\"tel\" id=\"wpforms-22672-field_5\" class=\"wpforms-field-large wpforms-field-required wpforms-smart-phone-field\" data-rule-smart-phone-field=\"true\" name=\"wpforms[fields][5]\" aria-label=\"Phone\" aria-errormessage=\"wpforms-22672-field_5-error\" required><\/div><div id=\"wpforms-22672-field_12-container\" class=\"wpforms-field wpforms-field-hidden\" data-field-id=\"12\"><input type=\"hidden\" id=\"wpforms-22672-field_12\" name=\"wpforms[fields][12]\"><\/div>\t\t<div id=\"wpforms-22672-field_1-container\"\n\t\t\tclass=\"wpforms-field wpforms-field-text\"\n\t\t\tdata-field-type=\"text\"\n\t\t\tdata-field-id=\"1\"\n\t\t\t>\n\t\t\t<label class=\"wpforms-field-label\" for=\"wpforms-22672-field_1\" >URL Name Page<\/label>\n\t\t\t<input type=\"text\" id=\"wpforms-22672-field_1\" class=\"wpforms-field-medium\" name=\"wpforms[fields][1]\" >\n\t\t<\/div>\n\t\t<div id=\"wpforms-22672-field_10-container\" class=\"wpforms-field wpforms-field-hidden\" data-field-id=\"10\"><input type=\"hidden\" id=\"wpforms-22672-field_10\" name=\"wpforms[fields][10]\" value=\"https:\/\/clinicmono.com\/fr\/wp-json\/wp\/v2\/pages\/152209 \"><\/div><div id=\"wpforms-22672-field_15-container\" class=\"wpforms-field wpforms-field-hidden\" data-field-id=\"15\"><input type=\"hidden\" id=\"wpforms-22672-field_15\" name=\"wpforms[fields][15]\" value=\" 216.73.216.79 {entry_geolocation} \"><\/div><script>\n\t\t\t\t( function() {\n\t\t\t\t\tconst style = document.createElement( 'style' );\n\t\t\t\t\tstyle.appendChild( document.createTextNode( '#wpforms-22672-field_1-container { position: absolute !important; overflow: hidden !important; display: inline !important; height: 1px !important; width: 1px !important; z-index: -1000 !important; padding: 0 !important; } #wpforms-22672-field_1-container input { visibility: hidden; } #wpforms-conversational-form-page #wpforms-22672-field_1-container label { counter-increment: none; }' ) );\n\t\t\t\t\tdocument.head.appendChild( style );\n\t\t\t\t\tdocument.currentScript?.remove();\n\t\t\t\t} )();\n\t\t\t<\/script><\/div><!-- .wpforms-field-container --><div class=\"wpforms-recaptcha-container wpforms-is-recaptcha wpforms-is-recaptcha-type-v3\" ><input type=\"hidden\" name=\"wpforms[recaptcha]\" value=\"\"><\/div><div class=\"wpforms-submit-container\" ><input type=\"hidden\" name=\"wpforms[id]\" value=\"22672\"><input type=\"hidden\" name=\"page_title\" value=\"\"><input type=\"hidden\" name=\"page_url\" value=\"https:\/\/clinicmono.com\/fr\/wp-json\/wp\/v2\/pages\/152209\"><input type=\"hidden\" name=\"url_referer\" value=\"\"><button type=\"submit\" name=\"wpforms[submit]\" id=\"wpforms-submit-22672\" class=\"wpforms-submit\" data-alt-text=\"Sending...\" data-submit-text=\"Get a Free Consultation\" aria-live=\"assertive\" value=\"wpforms-submit\">Get a Free Consultation<\/button><img loading=\"lazy\" decoding=\"async\" src=\"https:\/\/clinicmono.com\/wp-content\/plugins\/wpforms\/assets\/images\/submit-spin.svg\" class=\"wpforms-submit-spinner\" style=\"display: none;\" width=\"26\" height=\"26\" alt=\"Chargement en cours\"><\/div><\/form><\/div>  <!-- .wpforms-container --><\/div><\/div><\/div><\/div><\/div><\/div><\/div><\/div><\/div><\/section><section class=\"l-section wpb_row us_custom_72622016 height_custom\"><div class=\"l-section-h i-cf\"><div class=\"g-cols vc_row via_flex valign_top type_default stacking_default\"><div class=\"vc_col-sm-12 wpb_column vc_column_container\"><div class=\"vc_column-inner\"><div class=\"wpb_wrapper\"><div class=\"w-separator size_small\"><\/div><div class=\"g-cols wpb_row via_flex valign_top type_default stacking_default\" id=\"procedures\"><div class=\"vc_col-sm-12 wpb_column vc_column_container\"><div class=\"vc_column-inner\"><div class=\"wpb_wrapper\"><div class=\"wpb_text_column\"><div class=\"wpb_wrapper\"><p>La proth\u00e8se d&#8217;\u00e9paule est connue en m\u00e9decine sous le nom d&#8217;arthroplastie de l&#8217;\u00e9paule. La proth\u00e8se d&#8217;\u00e9paule, compos\u00e9e de pi\u00e8ces en m\u00e9tal et en poly\u00e9thyl\u00e8ne, est utilis\u00e9e pour remplacer l&#8217;articulation de l&#8217;\u00e9paule qui s&#8217;est d\u00e9t\u00e9rior\u00e9e pour diverses raisons ou qui est devenue douloureuse en raison de la limitation de ses fonctions. Le syst\u00e8me de proth\u00e8se d&#8217;\u00e9paule, qui a \u00e9t\u00e9 mis au point pour r\u00e9soudre le probl\u00e8me de l&#8217;\u00e9paule cass\u00e9e ou endommag\u00e9e, permet au syst\u00e8me de l&#8217;\u00e9paule de bouger avec plus de souplesse.<\/p>\n<\/div><\/div><\/div><\/div><\/div><\/div><div class=\"w-separator size_small\"><\/div><div class=\"g-cols wpb_row via_flex valign_top type_default stacking_default\" id=\"quicklook\"><div class=\"vc_col-sm-12 wpb_column vc_column_container\"><div class=\"vc_column-inner\"><div class=\"wpb_wrapper\"><div class=\"wpb_text_column\"><div class=\"wpb_wrapper\"><h3><strong>Chirurgie de remplacement de l&#8217;\u00e9paule<\/strong><\/h3>\n<p>L&#8217;arthroplastie de l&#8217;\u00e9paule est une m\u00e9thode chirurgicale appliqu\u00e9e dans le traitement des l\u00e9sions graves de l&#8217;articulation de l&#8217;\u00e9paule. Elle est g\u00e9n\u00e9ralement pratiqu\u00e9e pour r\u00e9duire la douleur et augmenter la mobilit\u00e9 dans des cas tels que l&#8217;arthrite (arthrose), la luxation de l&#8217;\u00e9paule, les fractures ou les ruptures de la coiffe des rotateurs. L&#8217;articulation de l&#8217;\u00e9paule est l&#8217;une des plus mobiles du corps et peut perdre sa fonction en raison d&#8217;une d\u00e9g\u00e9n\u00e9rescence li\u00e9e \u00e0 l&#8217;\u00e2ge, d&#8217;un traumatisme ou d&#8217;une maladie rhumatismale. Dans ce cas, la chirurgie de remplacement de l&#8217;\u00e9paule entre en jeu. <\/p>\n<\/div><\/div><\/div><\/div><\/div><\/div><div class=\"w-separator size_small\"><\/div><div class=\"g-cols wpb_row via_flex valign_top type_default stacking_default\" id=\"clinic\"><div class=\"vc_col-sm-6 wpb_column vc_column_container\"><div class=\"vc_column-inner\"><div class=\"wpb_wrapper\"><div class=\"wpb_text_column\"><div class=\"wpb_wrapper\"><h3><strong>Qui peut b\u00e9n\u00e9ficier d&#8217;une arthroplastie de l&#8217;\u00e9paule ?<\/strong><\/h3>\n<p>L&#8217;arthroplastie de l&#8217;\u00e9paule est g\u00e9n\u00e9ralement pr\u00e9f\u00e9r\u00e9e dans les cas suivants :<\/p>\n<ul>\n<li>Arthrose avanc\u00e9e de l&#8217;\u00e9paule (calcification)<\/li>\n<li>Fractures de la t\u00eate de l&#8217;\u00e9paule<\/li>\n<li>Arthropathie apr\u00e8s rupture de la coiffe des rotateurs<\/li>\n<li>Polyarthrite rhumato\u00efde et autres maladies rhumatismales inflammatoires<\/li>\n<li>Douleur persistante et limitation des mouvements dans l&#8217;articulation de l&#8217;\u00e9paule<\/li>\n<li>La proth\u00e8se d&#8217;\u00e9paule est recommand\u00e9e comme solution chirurgicale lorsque les traitements conservateurs (kin\u00e9sith\u00e9rapie, m\u00e9dicaments, injections) ne donnent pas de r\u00e9sultats.<\/li>\n<\/ul>\n<\/div><\/div><\/div><\/div><\/div><div class=\"vc_col-sm-6 wpb_column vc_column_container\"><div class=\"vc_column-inner\"><div class=\"wpb_wrapper\"><div class=\"wpb_text_column\"><div class=\"wpb_wrapper\"><h3><strong>Types de proth\u00e8ses d&#8217;\u00e9paule<\/strong><\/h3>\n<p>Les proth\u00e8ses d&#8217;\u00e9paule diff\u00e8rent selon l&#8217;\u00e9tat du patient. Les types de proth\u00e8ses d&#8217;\u00e9paule les plus couramment utilis\u00e9s sont les suivants : <\/p>\n<ul>\n<li><strong>Proth\u00e8se totale d&#8217;\u00e9paule : <\/strong>La t\u00eate de l&#8217;\u00e9paule (hum\u00e9rus) et la cavit\u00e9 articulaire (gl\u00e8ne) sont remplac\u00e9es.<\/li>\n<li><strong>Proth\u00e8se d&#8217;\u00e9paule partielle :<\/strong> Seule la t\u00eate de l&#8217;hum\u00e9rus est remplac\u00e9e.<\/li>\n<li><strong>Proth\u00e8se d&#8217;\u00e9paule invers\u00e9e : <\/strong>Elle est pr\u00e9f\u00e9r\u00e9e chez les patients souffrant d&#8217;une rupture de la coiffe des rotateurs. Dans cette m\u00e9thode, la structure anatomique de la proth\u00e8se est invers\u00e9e afin que les muscles de l&#8217;\u00e9paule travaillent plus efficacement. <\/li>\n<\/ul>\n<\/div><\/div><\/div><\/div><\/div><\/div><div class=\"w-separator size_small\"><\/div><div class=\"g-cols wpb_row via_flex valign_top type_default stacking_default\"><div class=\"vc_col-sm-12 wpb_column vc_column_container\"><div class=\"vc_column-inner\"><div class=\"wpb_wrapper\"><div class=\"wpb_text_column\"><div class=\"wpb_wrapper\"><h3><strong>Processus chirurgical et r\u00e9tablissement<\/strong><\/h3>\n<p>L&#8217;op\u00e9ration est r\u00e9alis\u00e9e sous anesth\u00e9sie g\u00e9n\u00e9rale et dure environ 1,5 \u00e0 2 heures. Le s\u00e9jour \u00e0 l&#8217;h\u00f4pital varie entre 2 et 4 jours. La kin\u00e9sith\u00e9rapie postop\u00e9ratoire est tr\u00e8s importante. Gr\u00e2ce \u00e0 la kin\u00e9sith\u00e9rapie, la mobilit\u00e9 de l&#8217;\u00e9paule est retrouv\u00e9e et la proth\u00e8se est assur\u00e9e d&#8217;une longue dur\u00e9e de vie.   <\/p>\n<p>Bien que le processus de r\u00e9cup\u00e9ration varie d&#8217;une personne \u00e0 l&#8217;autre, la p\u00e9riode de retour \u00e0 la pleine fonctionnalit\u00e9 peut \u00eatre comprise entre 3 et 6 mois. Il est essentiel de suivre les recommandations du m\u00e9decin et du physioth\u00e9rapeute au cours de ce processus pour une r\u00e9cup\u00e9ration r\u00e9ussie. <\/p>\n<h4><strong>Avantages de la chirurgie de la proth\u00e8se d&#8217;\u00e9paule<\/strong><\/h4>\n<ul>\n<li>\u00c9limination de la douleur chronique<\/li>\n<li>Augmentation des mouvements de l&#8217;\u00e9paule<\/li>\n<li>Am\u00e9lioration significative de la qualit\u00e9 de vie<\/li>\n<li>Possibilit\u00e9 d&#8217;effectuer confortablement les activit\u00e9s quotidiennes<\/li>\n<\/ul>\n<\/div><\/div><\/div><\/div><\/div><\/div><div class=\"vc_col-sm-12 wpb_column vc_column_container\"><div class=\"vc_column-inner\"><div class=\"wpb_wrapper\"><\/div><\/div><\/div><\/div><\/div><\/div><\/div><\/div><\/section>\n","protected":false},"excerpt":{"rendered":"Proth\u00e8se d&#8217;\u00e9paule PagesAper\u00e7u de la proc\u00e9dureProc\u00e9dureRemplacement d'une articulation de l'\u00e9paule endommag\u00e9e par une proth\u00e8se d'\u00e9paule. Dur\u00e9e de l&#039;op\u00e9ration1,5 \u2013 2 heures S\u00e9jour \u00e0 l&#039;h\u00f4pital2-4 jours Anesth\u00e9sieAnesth\u00e9sie g\u00e9n\u00e9rale Obtenez une consultation gratuiteVeuillez activer JavaScript dans votre navigateur pour remplir ce formulaire.Veuillez activer JavaScript dans votre navigateur pour remplir ce formulaire.Name * Details Page Page Phone *Get...","protected":false},"author":1,"featured_media":152174,"parent":152516,"menu_order":0,"comment_status":"closed","ping_status":"closed","template":"","meta":{"rank_math_lock_modified_date":false,"_mi_skip_tracking":false,"_monsterinsights_sitenote_active":false,"_monsterinsights_sitenote_note":"","_monsterinsights_sitenote_category":0,"_uf_show_specific_survey":0,"_uf_disable_surveys":false,"footnotes":""},"procedure":[318],"class_list":["post-152209","page","type-page","status-publish","has-post-thumbnail","hentry","procedure-breast-surgeries"],"_links":{"self":[{"href":"https:\/\/clinicmono.com\/fr\/wp-json\/wp\/v2\/pages\/152209"}],"collection":[{"href":"https:\/\/clinicmono.com\/fr\/wp-json\/wp\/v2\/pages"}],"about":[{"href":"https:\/\/clinicmono.com\/fr\/wp-json\/wp\/v2\/types\/page"}],"author":[{"embeddable":true,"href":"https:\/\/clinicmono.com\/fr\/wp-json\/wp\/v2\/users\/1"}],"replies":[{"embeddable":true,"href":"https:\/\/clinicmono.com\/fr\/wp-json\/wp\/v2\/comments?post=152209"}],"version-history":[{"count":2,"href":"https:\/\/clinicmono.com\/fr\/wp-json\/wp\/v2\/pages\/152209\/revisions"}],"predecessor-version":[{"id":152211,"href":"https:\/\/clinicmono.com\/fr\/wp-json\/wp\/v2\/pages\/152209\/revisions\/152211"}],"up":[{"embeddable":true,"href":"https:\/\/clinicmono.com\/fr\/wp-json\/wp\/v2\/pages\/152516"}],"wp:featuredmedia":[{"embeddable":true,"href":"https:\/\/clinicmono.com\/fr\/wp-json\/wp\/v2\/media\/152174"}],"wp:attachment":[{"href":"https:\/\/clinicmono.com\/fr\/wp-json\/wp\/v2\/media?parent=152209"}],"wp:term":[{"taxonomy":"procedure","embeddable":true,"href":"https:\/\/clinicmono.com\/fr\/wp-json\/wp\/v2\/procedure?post=152209"}],"curies":[{"name":"wp","href":"https:\/\/api.w.org\/{rel}","templated":true}]}}