{"id":152167,"date":"2025-04-30T12:27:20","date_gmt":"2025-04-30T12:27:20","guid":{"rendered":"https:\/\/clinicmono.com\/remplacement-de-la-hanche\/"},"modified":"2025-05-07T13:23:56","modified_gmt":"2025-05-07T13:23:56","slug":"remplacement-de-la-hanche","status":"publish","type":"page","link":"https:\/\/clinicmono.com\/fr\/orthopedie\/remplacement-de-la-hanche\/","title":{"rendered":"Remplacement de la hanche"},"content":{"rendered":"<section class=\"l-section wpb_row height_custom with_img\"><div class=\"l-section-img\" role=\"img\" data-img-width=\"1440\" data-img-height=\"960\" style=\"background-image: url(https:\/\/clinicmono.com\/wp-content\/uploads\/2025\/05\/hip_replacement_surgery.jpg);background-repeat: no-repeat;\"><\/div><div class=\"l-section-overlay\" style=\"background:rgba(0,0,0,0.47)\"><\/div><div class=\"l-section-h i-cf\"><div class=\"g-cols vc_row via_flex valign_top type_default stacking_default\"><div class=\"vc_col-sm-12 wpb_column vc_column_container\"><div class=\"vc_column-inner\"><div class=\"wpb_wrapper\"><div class=\"wpb_text_column us_custom_8b3d6790 has_text_color\"><div class=\"wpb_wrapper\"><h1 style=\"text-align: center;\">Remplacement de la hanche<\/h1>\n<\/div><\/div><div class=\"w-separator size_small\"><\/div><nav class=\"g-breadcrumbs us_custom_8b3d6790 has_text_color separator_icon align_center hide_current\" itemscope itemtype=\"http:\/\/schema.org\/BreadcrumbList\"><div class=\"g-breadcrumbs-item\">Pages<\/div><\/nav><div class=\"w-separator size_small\"><\/div><\/div><\/div><\/div><\/div><\/div><\/section><section class=\"l-section wpb_row height_small\"><div class=\"l-section-h i-cf\"><div class=\"g-cols vc_row via_flex valign_top type_default stacking_default\"><div class=\"vc_col-sm-8 wpb_column vc_column_container\"><div class=\"vc_column-inner\"><div class=\"wpb_wrapper\"><div class=\"g-cols wpb_row us_custom_edec6ef0 via_flex valign_top type_default stacking_default\"><div class=\"vc_col-sm-12 wpb_column vc_column_container\"><div class=\"vc_column-inner\"><div class=\"wpb_wrapper\"><h3 class=\"w-text\"><span class=\"w-text-h\"><span class=\"w-text-value\">Aper\u00e7u de la proc\u00e9dure<\/span><\/span><\/h3><div class=\"w-separator size_small\"><\/div><div class=\"w-iconbox iconpos_left style_default color_primary align_left\"><div class=\"w-iconbox-icon\" style=\"font-size:1.4rem;\"><i class=\"fas fa-procedures\"><\/i><\/div><div class=\"w-iconbox-meta\"><h4 class=\"w-iconbox-title\">Proc\u00e9dure<\/h4><div class=\"w-iconbox-text\"><p>L&#8217;articulation de la hanche endommag\u00e9e est retir\u00e9e et remplac\u00e9e par une proth\u00e8se de hanche.<\/p>\n<\/div><\/div><\/div><div class=\"w-separator size_small\"><\/div><div class=\"w-iconbox iconpos_left style_default color_primary align_left\"><div class=\"w-iconbox-icon\" style=\"font-size:1rem;\"><i class=\"fas fa-clock\"><\/i><\/div><div class=\"w-iconbox-meta\"><h4 class=\"w-iconbox-title\">Dur\u00e9e de l&#039;op\u00e9ration<\/h4><div class=\"w-iconbox-text\"><p>1,5 \u2013 2 heures<\/p>\n<\/div><\/div><\/div><div class=\"w-separator size_small\"><\/div><div class=\"w-iconbox iconpos_left style_default color_primary align_left\"><div class=\"w-iconbox-icon\" style=\"font-size:1rem;\"><i class=\"fas fa-hospital\"><\/i><\/div><div class=\"w-iconbox-meta\"><h4 class=\"w-iconbox-title\">S\u00e9jour \u00e0 l&#039;h\u00f4pital<\/h4><div class=\"w-iconbox-text\"><p>3-5 jours<strong><br \/>\n<\/strong><\/p>\n<\/div><\/div><\/div><div class=\"w-separator size_small\"><\/div><div class=\"w-iconbox iconpos_left style_default color_primary align_left\"><div class=\"w-iconbox-icon\" style=\"font-size:1rem;\"><i class=\"fas fa-syringe\"><\/i><\/div><div class=\"w-iconbox-meta\"><h4 class=\"w-iconbox-title\">Anesth\u00e9sie<\/h4><div class=\"w-iconbox-text\"><p>Anesth\u00e9sie g\u00e9n\u00e9rale ou rachidienne<\/p>\n<\/div><\/div><\/div><\/div><\/div><\/div><\/div><\/div><\/div><\/div><div class=\"vc_col-sm-4 wpb_column vc_column_container\"><div class=\"vc_column-inner\"><div class=\"wpb_wrapper\"><div class=\"g-cols wpb_row us_custom_c5a47681 via_flex valign_top type_default stacking_default\"><div class=\"vc_col-sm-12 wpb_column vc_column_container\"><div class=\"vc_column-inner\"><div class=\"wpb_wrapper\"><h3 class=\"w-text\"><span class=\"w-text-h\"><span class=\"w-text-value\">Obtenez une consultation gratuite<\/span><\/span><\/h3><div class=\"w-separator size_small\"><\/div><div class=\"wpforms-container wpforms-render-modern\" id=\"wpforms-22672\"><form id=\"wpforms-form-22672\" class=\"wpforms-validate wpforms-form wpforms-ajax-form\" data-formid=\"22672\" method=\"post\" enctype=\"multipart\/form-data\" action=\"\/fr\/wp-json\/wp\/v2\/pages\/152167\" data-token=\"b4b7d4cea00c31ec5b0455a13fa1ddcd\" data-token-time=\"1775257095\"><noscript class=\"wpforms-error-noscript\">Veuillez activer JavaScript dans votre navigateur pour remplir ce formulaire.<\/noscript><div id=\"wpforms-error-noscript\" style=\"display: none;\">Veuillez activer JavaScript dans votre navigateur pour remplir ce formulaire.<\/div><div class=\"wpforms-field-container\"><div id=\"wpforms-22672-field_0-container\" class=\"wpforms-field wpforms-field-name\" data-field-id=\"0\"><label class=\"wpforms-field-label wpforms-label-hide\" for=\"wpforms-22672-field_0\" aria-hidden=\"false\">Name <span class=\"wpforms-required-label\" aria-hidden=\"true\">*<\/span><\/label><input type=\"text\" id=\"wpforms-22672-field_0\" class=\"wpforms-field-large wpforms-field-required\" name=\"wpforms[fields][0]\" placeholder=\"Name and Lastname\" aria-errormessage=\"wpforms-22672-field_0-error\" required><\/div><div id=\"wpforms-22672-field_5-container\" class=\"wpforms-field wpforms-field-phone\" data-field-id=\"5\"><label class=\"wpforms-field-label wpforms-label-hide\" for=\"wpforms-22672-field_5\" aria-hidden=\"false\">Phone <span class=\"wpforms-required-label\" aria-hidden=\"true\">*<\/span><\/label><input type=\"tel\" id=\"wpforms-22672-field_5\" class=\"wpforms-field-large wpforms-field-required wpforms-smart-phone-field\" data-rule-smart-phone-field=\"true\" name=\"wpforms[fields][5]\" aria-label=\"Phone\" aria-errormessage=\"wpforms-22672-field_5-error\" required><\/div><div id=\"wpforms-22672-field_12-container\" class=\"wpforms-field wpforms-field-hidden\" data-field-id=\"12\"><input type=\"hidden\" id=\"wpforms-22672-field_12\" name=\"wpforms[fields][12]\"><\/div><div id=\"wpforms-22672-field_10-container\" class=\"wpforms-field wpforms-field-hidden\" data-field-id=\"10\"><input type=\"hidden\" id=\"wpforms-22672-field_10\" name=\"wpforms[fields][10]\" value=\"https:\/\/clinicmono.com\/fr\/wp-json\/wp\/v2\/pages\/152167 \"><\/div>\t\t<div id=\"wpforms-22672-field_1-container\"\n\t\t\tclass=\"wpforms-field wpforms-field-text\"\n\t\t\tdata-field-type=\"text\"\n\t\t\tdata-field-id=\"1\"\n\t\t\t>\n\t\t\t<label class=\"wpforms-field-label\" for=\"wpforms-22672-field_1\" >URL Page Title<\/label>\n\t\t\t<input type=\"text\" id=\"wpforms-22672-field_1\" class=\"wpforms-field-medium\" name=\"wpforms[fields][1]\" >\n\t\t<\/div>\n\t\t<div id=\"wpforms-22672-field_15-container\" class=\"wpforms-field wpforms-field-hidden\" data-field-id=\"15\"><input type=\"hidden\" id=\"wpforms-22672-field_15\" name=\"wpforms[fields][15]\" value=\" 216.73.216.191 {entry_geolocation} \"><\/div><script>\n\t\t\t\t( function() {\n\t\t\t\t\tconst style = document.createElement( 'style' );\n\t\t\t\t\tstyle.appendChild( document.createTextNode( '#wpforms-22672-field_1-container { position: absolute !important; overflow: hidden !important; display: inline !important; height: 1px !important; width: 1px !important; z-index: -1000 !important; padding: 0 !important; } #wpforms-22672-field_1-container input { visibility: hidden; } #wpforms-conversational-form-page #wpforms-22672-field_1-container label { counter-increment: none; }' ) );\n\t\t\t\t\tdocument.head.appendChild( style );\n\t\t\t\t\tdocument.currentScript?.remove();\n\t\t\t\t} )();\n\t\t\t<\/script><\/div><!-- .wpforms-field-container --><div class=\"wpforms-recaptcha-container wpforms-is-recaptcha wpforms-is-recaptcha-type-v3\" ><input type=\"hidden\" name=\"wpforms[recaptcha]\" value=\"\"><\/div><div class=\"wpforms-submit-container\" ><input type=\"hidden\" name=\"wpforms[id]\" value=\"22672\"><input type=\"hidden\" name=\"page_title\" value=\"\"><input type=\"hidden\" name=\"page_url\" value=\"https:\/\/clinicmono.com\/fr\/wp-json\/wp\/v2\/pages\/152167\"><input type=\"hidden\" name=\"url_referer\" value=\"\"><button type=\"submit\" name=\"wpforms[submit]\" id=\"wpforms-submit-22672\" class=\"wpforms-submit\" data-alt-text=\"Sending...\" data-submit-text=\"Get a Free Consultation\" aria-live=\"assertive\" value=\"wpforms-submit\">Get a Free Consultation<\/button><img loading=\"lazy\" decoding=\"async\" src=\"https:\/\/clinicmono.com\/wp-content\/plugins\/wpforms\/assets\/images\/submit-spin.svg\" class=\"wpforms-submit-spinner\" style=\"display: none;\" width=\"26\" height=\"26\" alt=\"Chargement en cours\"><\/div><\/form><\/div>  <!-- .wpforms-container --><\/div><\/div><\/div><\/div><\/div><\/div><\/div><\/div><\/div><\/section><section class=\"l-section wpb_row us_custom_72622016 height_custom\"><div class=\"l-section-h i-cf\"><div class=\"g-cols vc_row via_flex valign_top type_default stacking_default\"><div class=\"vc_col-sm-12 wpb_column vc_column_container\"><div class=\"vc_column-inner\"><div class=\"wpb_wrapper\"><div class=\"w-separator size_small\"><\/div><div class=\"g-cols wpb_row via_flex valign_top type_default stacking_default\" id=\"procedures\"><div class=\"vc_col-sm-12 wpb_column vc_column_container\"><div class=\"vc_column-inner\"><div class=\"wpb_wrapper\"><div class=\"wpb_text_column\"><div class=\"wpb_wrapper\"><p>Le remplacement de la hanche est une intervention chirurgicale visant \u00e0 soulager les douleurs de la hanche chez les personnes souffrant de l\u00e9sions de l&#8217;articulation de la hanche, d&#8217;arthrite ou de n\u00e9crose avasculaire. Les proth\u00e8ses de hanche peuvent \u00eatre en m\u00e9tal, en c\u00e9ramique ou en poly\u00e9thyl\u00e8ne et sont des dispositifs m\u00e9dicaux artificiels qui remplacent la partie de la hanche qui a besoin d&#8217;\u00eatre remplac\u00e9e. La proth\u00e8se de hanche est recommand\u00e9e lorsque les autres m\u00e9thodes de traitement sont inefficaces et que les l\u00e9sions de la hanche ont un impact n\u00e9gatif sur la vie de la personne.<\/p>\n<\/div><\/div><\/div><\/div><\/div><\/div><div class=\"w-separator size_small\"><\/div><div class=\"g-cols wpb_row via_flex valign_top type_default stacking_default\" id=\"quicklook\"><div class=\"vc_col-sm-12 wpb_column vc_column_container\"><div class=\"vc_column-inner\"><div class=\"wpb_wrapper\"><div class=\"wpb_text_column\"><div class=\"wpb_wrapper\"><h3><strong>Chirurgie de remplacement de la hanche<\/strong><\/h3>\n<p>La chirurgie de remplacement de la hanche est une m\u00e9thode chirurgicale orthop\u00e9dique appliqu\u00e9e en raison de graves l\u00e9sions de l&#8217;articulation de la hanche, de limitations de mouvement et de douleurs. Elle est privil\u00e9gi\u00e9e pour am\u00e9liorer la qualit\u00e9 de vie du patient dans des cas tels que l&#8217;arthrose avanc\u00e9e, les fractures de la hanche, la polyarthrite rhumato\u00efde ou la d\u00e9t\u00e9rioration de l&#8217;articulation due \u00e0 un traumatisme. L&#8217;articulation de la hanche endommag\u00e9e est retir\u00e9e au cours de l&#8217;op\u00e9ration et remplac\u00e9e par une proth\u00e8se de hanche artificielle, g\u00e9n\u00e9ralement en m\u00e9tal, en c\u00e9ramique ou en poly\u00e9thyl\u00e8ne.<\/p>\n<\/div><\/div><\/div><\/div><\/div><\/div><div class=\"w-separator size_small\"><\/div><div class=\"g-cols wpb_row via_flex valign_top type_default stacking_default\" id=\"clinic\"><div class=\"vc_col-sm-6 wpb_column vc_column_container\"><div class=\"vc_column-inner\"><div class=\"wpb_wrapper\"><div class=\"wpb_text_column\"><div class=\"wpb_wrapper\"><h3><strong>\u00c0 qui s&#8217;adresse l&#8217;arthroplastie de la hanche ?<\/strong><\/h3>\n<p>L&#8217;arthroplastie de la hanche convient aux personnes qui souffrent d&#8217;une douleur s\u00e9v\u00e8re \u00e0 la hanche et qui n&#8217;ont pas r\u00e9pondu aux autres m\u00e9thodes de traitement. En particulier : <\/p>\n<ul>\n<li>Les personnes qui ressentent une douleur \u00e0 la hanche pendant les activit\u00e9s de la vie quotidienne,<\/li>\n<li>Les personnes qui ressentent une douleur m\u00eame pendant le repos,<\/li>\n<li>Les personnes dont les mouvements de la hanche sont fortement limit\u00e9s,<\/li>\n<li>Les patients qui ne peuvent pas b\u00e9n\u00e9ficier de m\u00e9thodes telles que la kin\u00e9sith\u00e9rapie, les m\u00e9dicaments et les injections,<\/li>\n<li>Les personnes \u00e2g\u00e9es dont l&#8217;articulation de la hanche est gravement endommag\u00e9e<\/li>\n<\/ul>\n<p>Cette intervention chirurgicale est recommand\u00e9e dans les cas suivants. Elle est \u00e9galement pratiqu\u00e9e chez les jeunes pr\u00e9sentant une luxation cong\u00e9nitale de la hanche ou une l\u00e9sion traumatique de la hanche.<\/p>\n<\/div><\/div><\/div><\/div><\/div><div class=\"vc_col-sm-6 wpb_column vc_column_container\"><div class=\"vc_column-inner\"><div class=\"wpb_wrapper\"><div class=\"wpb_text_column\"><div class=\"wpb_wrapper\"><h3><strong>Processus chirurgical et proc\u00e9dure <\/strong><\/h3>\n<p>L&#8217;arthroplastie de la hanche est r\u00e9alis\u00e9e sous anesth\u00e9sie g\u00e9n\u00e9rale ou rachianesth\u00e9sie et dure en moyenne 1,5 \u00e0 2 heures. Les tissus osseux et cartilagineux endommag\u00e9s de la hanche sont nettoy\u00e9s et remplac\u00e9s par des pi\u00e8ces proth\u00e9tiques. La proth\u00e8se est fix\u00e9e \u00e0 l&#8217;os \u00e0 l&#8217;aide d&#8217;adh\u00e9sifs sp\u00e9ciaux ou de vis. La dur\u00e9e de l&#8217;hospitalisation varie g\u00e9n\u00e9ralement entre 3 et 5 jours.<\/p>\n<\/div><\/div><\/div><\/div><\/div><\/div><div class=\"w-separator size_small\"><\/div><div class=\"g-cols wpb_row via_flex valign_top type_default stacking_default\"><div class=\"vc_col-sm-12 wpb_column vc_column_container\"><div class=\"vc_column-inner\"><div class=\"wpb_wrapper\"><div class=\"wpb_text_column\"><div class=\"wpb_wrapper\"><h3><strong>Quels sont les types de proth\u00e8ses de hanche ?<\/strong><\/h3>\n<p><strong>&#8211; Remplacement total de la hanche<\/strong><\/p>\n<p>Le remplacement total de la hanche est l&#8217;une des interventions chirurgicales les plus courantes appliqu\u00e9es \u00e0 l&#8217;articulation de la hanche. Cette intervention consiste \u00e0 remplacer l&#8217;ensemble de l&#8217;articulation de la hanche par des pi\u00e8ces artificielles. Au cours de l&#8217;op\u00e9ration, le chirurgien ins\u00e8re une tige proth\u00e9tique sp\u00e9ciale dans l&#8217;os de la cuisse (f\u00e9mur). La t\u00eate f\u00e9morale est ensuite retir\u00e9e et remplac\u00e9e par une boule artificielle en m\u00e9tal ou en c\u00e9ramique. La cavit\u00e9 naturelle de l&#8217;os de la hanche est remplac\u00e9e par une cavit\u00e9 artificielle. Cette proc\u00e9dure est souvent pr\u00e9f\u00e9r\u00e9e dans les cas d&#8217;arthrite avanc\u00e9e, de troubles articulaires ou de douleurs persistantes et permet au patient de retrouver une vie sans douleur et plus active.     <\/p>\n<p><strong>&#8211; Remplacement partiel de la hanche (h\u00e9miarthroplastie)<\/strong><\/p>\n<p>Un remplacement partiel de la hanche est une intervention chirurgicale au cours de laquelle seule la partie endommag\u00e9e de l&#8217;articulation de la hanche est remplac\u00e9e. Dans cette intervention, seule la t\u00eate f\u00e9morale est enlev\u00e9e et remplac\u00e9e par une bille en m\u00e9tal ou en c\u00e9ramique fix\u00e9e \u00e0 l&#8217;extr\u00e9mit\u00e9 de la tige proth\u00e9tique. La cavit\u00e9 naturelle de l&#8217;os de la hanche est pr\u00e9serv\u00e9e. Les proth\u00e8ses partielles constituent une solution efficace pour le traitement de certains types de fractures de la hanche, en particulier chez les personnes \u00e2g\u00e9es. Cette m\u00e9thode, qui pr\u00e9sente des avantages tels qu&#8217;un temps de r\u00e9cup\u00e9ration plus court et un risque chirurgical moindre, est appliqu\u00e9e dans des cas plus limit\u00e9s que la proth\u00e8se totale.    <\/p>\n<h4><strong>R\u00e9cup\u00e9ration postop\u00e9ratoire<\/strong><\/h4>\n<p>La physioth\u00e9rapie est tr\u00e8s importante apr\u00e8s une arthroplastie de la hanche. Le patient commence \u00e0 marcher d\u00e8s les premiers jours suivant l&#8217;op\u00e9ration. Les patients qui marchent avec un soutien au cours des premi\u00e8res semaines sont capables de marcher de mani\u00e8re autonome au bout de 6 \u00e0 8 semaines. Bien que le processus de r\u00e9tablissement complet varie selon les individus, les patients peuvent g\u00e9n\u00e9ralement reprendre une vie normale dans les 3 \u00e0 6 mois. Il est essentiel de suivre les recommandations postop\u00e9ratoires pour prolonger la dur\u00e9e de vie de la proth\u00e8se.    <\/p>\n<h4><strong>Quels sont les avantages d&#8217;une proth\u00e8se de hanche ?<\/strong><\/h4>\n<ul>\n<li>\u00c9limination de la douleur de la hanche dans une large mesure<\/li>\n<li>Confort dans les activit\u00e9s de la vie quotidienne<\/li>\n<li>Facilitation des mouvements tels que marcher, s&#8217;asseoir, monter les escaliers<\/li>\n<li>Am\u00e9lioration de la qualit\u00e9 de vie<\/li>\n<li>Utilisation sans probl\u00e8me pendant des ann\u00e9es gr\u00e2ce \u00e0 des options de proth\u00e8se durables<\/li>\n<\/ul>\n<\/div><\/div><\/div><\/div><\/div><\/div><div class=\"vc_col-sm-12 wpb_column vc_column_container\"><div class=\"vc_column-inner\"><div class=\"wpb_wrapper\"><\/div><\/div><\/div><\/div><\/div><\/div><\/div><\/div><\/section>\n","protected":false},"excerpt":{"rendered":"Remplacement de la hanche PagesAper\u00e7u de la proc\u00e9dureProc\u00e9dureL'articulation de la hanche endommag\u00e9e est retir\u00e9e et remplac\u00e9e par une proth\u00e8se de hanche. Dur\u00e9e de l&#039;op\u00e9ration1,5 \u2013 2 heures S\u00e9jour \u00e0 l&#039;h\u00f4pital3-5 jours Anesth\u00e9sieAnesth\u00e9sie g\u00e9n\u00e9rale ou rachidienne Obtenez une consultation gratuiteVeuillez activer JavaScript dans votre navigateur pour remplir ce formulaire.Veuillez activer JavaScript dans votre navigateur pour remplir...","protected":false},"author":1,"featured_media":152497,"parent":152516,"menu_order":0,"comment_status":"closed","ping_status":"closed","template":"","meta":{"rank_math_lock_modified_date":false,"_mi_skip_tracking":false,"_monsterinsights_sitenote_active":false,"_monsterinsights_sitenote_note":"","_monsterinsights_sitenote_category":0,"_uf_show_specific_survey":0,"_uf_disable_surveys":false,"footnotes":""},"procedure":[318],"class_list":["post-152167","page","type-page","status-publish","has-post-thumbnail","hentry","procedure-breast-surgeries"],"_links":{"self":[{"href":"https:\/\/clinicmono.com\/fr\/wp-json\/wp\/v2\/pages\/152167"}],"collection":[{"href":"https:\/\/clinicmono.com\/fr\/wp-json\/wp\/v2\/pages"}],"about":[{"href":"https:\/\/clinicmono.com\/fr\/wp-json\/wp\/v2\/types\/page"}],"author":[{"embeddable":true,"href":"https:\/\/clinicmono.com\/fr\/wp-json\/wp\/v2\/users\/1"}],"replies":[{"embeddable":true,"href":"https:\/\/clinicmono.com\/fr\/wp-json\/wp\/v2\/comments?post=152167"}],"version-history":[{"count":2,"href":"https:\/\/clinicmono.com\/fr\/wp-json\/wp\/v2\/pages\/152167\/revisions"}],"predecessor-version":[{"id":152169,"href":"https:\/\/clinicmono.com\/fr\/wp-json\/wp\/v2\/pages\/152167\/revisions\/152169"}],"up":[{"embeddable":true,"href":"https:\/\/clinicmono.com\/fr\/wp-json\/wp\/v2\/pages\/152516"}],"wp:featuredmedia":[{"embeddable":true,"href":"https:\/\/clinicmono.com\/fr\/wp-json\/wp\/v2\/media\/152497"}],"wp:attachment":[{"href":"https:\/\/clinicmono.com\/fr\/wp-json\/wp\/v2\/media?parent=152167"}],"wp:term":[{"taxonomy":"procedure","embeddable":true,"href":"https:\/\/clinicmono.com\/fr\/wp-json\/wp\/v2\/procedure?post=152167"}],"curies":[{"name":"wp","href":"https:\/\/api.w.org\/{rel}","templated":true}]}}