{"id":152138,"date":"2025-04-24T11:17:03","date_gmt":"2025-04-24T11:17:03","guid":{"rendered":"https:\/\/clinicmono.com\/prothese-du-genou\/"},"modified":"2025-05-07T13:23:56","modified_gmt":"2025-05-07T13:23:56","slug":"prothese-du-genou","status":"publish","type":"page","link":"https:\/\/clinicmono.com\/fr\/orthopedie\/prothese-du-genou\/","title":{"rendered":"Proth\u00e8se du genou"},"content":{"rendered":"<section class=\"l-section wpb_row height_custom with_img\"><div class=\"l-section-img\" role=\"img\" data-img-width=\"1600\" data-img-height=\"938\" style=\"background-image: url(https:\/\/clinicmono.com\/wp-content\/uploads\/2025\/04\/knee_replacement_surgery.jpeg);background-repeat: no-repeat;\"><\/div><div class=\"l-section-overlay\" style=\"background:rgba(0,0,0,0.47)\"><\/div><div class=\"l-section-h i-cf\"><div class=\"g-cols vc_row via_flex valign_top type_default stacking_default\"><div class=\"vc_col-sm-12 wpb_column vc_column_container\"><div class=\"vc_column-inner\"><div class=\"wpb_wrapper\"><div class=\"wpb_text_column us_custom_8b3d6790 has_text_color\"><div class=\"wpb_wrapper\"><h1 style=\"text-align: center;\">Proth\u00e8se du genou<\/h1>\n<\/div><\/div><div class=\"w-separator size_small\"><\/div><nav class=\"g-breadcrumbs us_custom_8b3d6790 has_text_color separator_icon align_center hide_current\" itemscope itemtype=\"http:\/\/schema.org\/BreadcrumbList\"><div class=\"g-breadcrumbs-item\">Pages<\/div><\/nav><div class=\"w-separator size_small\"><\/div><\/div><\/div><\/div><\/div><\/div><\/section><section class=\"l-section wpb_row height_small\"><div class=\"l-section-h i-cf\"><div class=\"g-cols vc_row via_flex valign_top type_default stacking_default\"><div class=\"vc_col-sm-8 wpb_column vc_column_container\"><div class=\"vc_column-inner\"><div class=\"wpb_wrapper\"><div class=\"g-cols wpb_row us_custom_edec6ef0 via_flex valign_top type_default stacking_default\"><div class=\"vc_col-sm-12 wpb_column vc_column_container\"><div class=\"vc_column-inner\"><div class=\"wpb_wrapper\"><h3 class=\"w-text\"><span class=\"w-text-h\"><span class=\"w-text-value\">Aper\u00e7u de la proc\u00e9dure<\/span><\/span><\/h3><div class=\"w-separator size_small\"><\/div><div class=\"w-iconbox iconpos_left style_default color_primary align_left\"><div class=\"w-iconbox-icon\" style=\"font-size:1.4rem;\"><i class=\"fas fa-procedures\"><\/i><\/div><div class=\"w-iconbox-meta\"><h4 class=\"w-iconbox-title\">Proc\u00e9dure<\/h4><div class=\"w-iconbox-text\"><p>Pr\u00e9vention de la douleur au genou et am\u00e9lioration de la qualit\u00e9 de vie en r\u00e9duisant le contact entre les surfaces articulaires endommag\u00e9es.<\/p>\n<\/div><\/div><\/div><div class=\"w-separator size_small\"><\/div><div class=\"w-iconbox iconpos_left style_default color_primary align_left\"><div class=\"w-iconbox-icon\" style=\"font-size:1rem;\"><i class=\"fas fa-clock\"><\/i><\/div><div class=\"w-iconbox-meta\"><h4 class=\"w-iconbox-title\">Dur\u00e9e de l&#039;op\u00e9ration<\/h4><div class=\"w-iconbox-text\"><p>1,5 \u2013 2 heures<\/p>\n<\/div><\/div><\/div><div class=\"w-separator size_small\"><\/div><div class=\"w-iconbox iconpos_left style_default color_primary align_left\"><div class=\"w-iconbox-icon\" style=\"font-size:1rem;\"><i class=\"fas fa-hospital\"><\/i><\/div><div class=\"w-iconbox-meta\"><h4 class=\"w-iconbox-title\">S\u00e9jour \u00e0 l&#039;h\u00f4pital<\/h4><div class=\"w-iconbox-text\"><p>3-5 jours<strong><br \/>\n<\/strong><\/p>\n<\/div><\/div><\/div><div class=\"w-separator size_small\"><\/div><div class=\"w-iconbox iconpos_left style_default color_primary align_left\"><div class=\"w-iconbox-icon\" style=\"font-size:1rem;\"><i class=\"fas fa-syringe\"><\/i><\/div><div class=\"w-iconbox-meta\"><h4 class=\"w-iconbox-title\">Anesth\u00e9sie<\/h4><div class=\"w-iconbox-text\"><p>Anesth\u00e9sie g\u00e9n\u00e9rale ou rachidienne<\/p>\n<\/div><\/div><\/div><\/div><\/div><\/div><\/div><\/div><\/div><\/div><div class=\"vc_col-sm-4 wpb_column vc_column_container\"><div class=\"vc_column-inner\"><div class=\"wpb_wrapper\"><div class=\"g-cols wpb_row us_custom_c5a47681 via_flex valign_top type_default stacking_default\"><div class=\"vc_col-sm-12 wpb_column vc_column_container\"><div class=\"vc_column-inner\"><div class=\"wpb_wrapper\"><h3 class=\"w-text\"><span class=\"w-text-h\"><span class=\"w-text-value\">Obtenez une consultation gratuite<\/span><\/span><\/h3><div class=\"w-separator size_small\"><\/div><div class=\"wpforms-container wpforms-render-modern\" id=\"wpforms-22672\"><form id=\"wpforms-form-22672\" class=\"wpforms-validate wpforms-form wpforms-ajax-form\" data-formid=\"22672\" method=\"post\" enctype=\"multipart\/form-data\" action=\"\/fr\/wp-json\/wp\/v2\/pages\/152138\" data-token=\"4f924f26b641154e1047dc9dbe6f80dd\" data-token-time=\"1775993760\"><noscript class=\"wpforms-error-noscript\">Veuillez activer JavaScript dans votre navigateur pour remplir ce formulaire.<\/noscript><div id=\"wpforms-error-noscript\" style=\"display: none;\">Veuillez activer JavaScript dans votre navigateur pour remplir ce formulaire.<\/div><div class=\"wpforms-field-container\"><div id=\"wpforms-22672-field_0-container\" class=\"wpforms-field wpforms-field-name\" data-field-id=\"0\"><label class=\"wpforms-field-label wpforms-label-hide\" for=\"wpforms-22672-field_0\" aria-hidden=\"false\">Name <span class=\"wpforms-required-label\" aria-hidden=\"true\">*<\/span><\/label><input type=\"text\" id=\"wpforms-22672-field_0\" class=\"wpforms-field-large wpforms-field-required\" name=\"wpforms[fields][0]\" placeholder=\"Name and Lastname\" aria-errormessage=\"wpforms-22672-field_0-error\" required><\/div><div id=\"wpforms-22672-field_5-container\" class=\"wpforms-field wpforms-field-phone\" data-field-id=\"5\"><label class=\"wpforms-field-label wpforms-label-hide\" for=\"wpforms-22672-field_5\" aria-hidden=\"false\">Phone <span class=\"wpforms-required-label\" aria-hidden=\"true\">*<\/span><\/label><input type=\"tel\" id=\"wpforms-22672-field_5\" class=\"wpforms-field-large wpforms-field-required wpforms-smart-phone-field\" data-rule-smart-phone-field=\"true\" name=\"wpforms[fields][5]\" aria-label=\"Phone\" aria-errormessage=\"wpforms-22672-field_5-error\" required><\/div>\t\t<div id=\"wpforms-22672-field_1-container\"\n\t\t\tclass=\"wpforms-field wpforms-field-text\"\n\t\t\tdata-field-type=\"text\"\n\t\t\tdata-field-id=\"1\"\n\t\t\t>\n\t\t\t<label class=\"wpforms-field-label\" for=\"wpforms-22672-field_1\" >Details Page Name<\/label>\n\t\t\t<input type=\"text\" id=\"wpforms-22672-field_1\" class=\"wpforms-field-medium\" name=\"wpforms[fields][1]\" >\n\t\t<\/div>\n\t\t<div id=\"wpforms-22672-field_12-container\" class=\"wpforms-field wpforms-field-hidden\" data-field-id=\"12\"><input type=\"hidden\" id=\"wpforms-22672-field_12\" name=\"wpforms[fields][12]\"><\/div><div id=\"wpforms-22672-field_10-container\" class=\"wpforms-field wpforms-field-hidden\" data-field-id=\"10\"><input type=\"hidden\" id=\"wpforms-22672-field_10\" name=\"wpforms[fields][10]\" value=\"https:\/\/clinicmono.com\/fr\/wp-json\/wp\/v2\/pages\/152138 \"><\/div><div id=\"wpforms-22672-field_15-container\" class=\"wpforms-field wpforms-field-hidden\" data-field-id=\"15\"><input type=\"hidden\" id=\"wpforms-22672-field_15\" name=\"wpforms[fields][15]\" value=\" 216.73.216.38 {entry_geolocation} \"><\/div><script>\n\t\t\t\t( function() {\n\t\t\t\t\tconst style = document.createElement( 'style' );\n\t\t\t\t\tstyle.appendChild( document.createTextNode( '#wpforms-22672-field_1-container { position: absolute !important; overflow: hidden !important; display: inline !important; height: 1px !important; width: 1px !important; z-index: -1000 !important; padding: 0 !important; } #wpforms-22672-field_1-container input { visibility: hidden; } #wpforms-conversational-form-page #wpforms-22672-field_1-container label { counter-increment: none; }' ) );\n\t\t\t\t\tdocument.head.appendChild( style );\n\t\t\t\t\tdocument.currentScript?.remove();\n\t\t\t\t} )();\n\t\t\t<\/script><\/div><!-- .wpforms-field-container --><div class=\"wpforms-recaptcha-container wpforms-is-recaptcha wpforms-is-recaptcha-type-v3\" ><input type=\"hidden\" name=\"wpforms[recaptcha]\" value=\"\"><\/div><div class=\"wpforms-submit-container\" ><input type=\"hidden\" name=\"wpforms[id]\" value=\"22672\"><input type=\"hidden\" name=\"page_title\" value=\"\"><input type=\"hidden\" name=\"page_url\" value=\"https:\/\/clinicmono.com\/fr\/wp-json\/wp\/v2\/pages\/152138\"><input type=\"hidden\" name=\"url_referer\" value=\"\"><button type=\"submit\" name=\"wpforms[submit]\" id=\"wpforms-submit-22672\" class=\"wpforms-submit\" data-alt-text=\"Sending...\" data-submit-text=\"Get a Free Consultation\" aria-live=\"assertive\" value=\"wpforms-submit\">Get a Free Consultation<\/button><img loading=\"lazy\" decoding=\"async\" src=\"https:\/\/clinicmono.com\/wp-content\/plugins\/wpforms\/assets\/images\/submit-spin.svg\" class=\"wpforms-submit-spinner\" style=\"display: none;\" width=\"26\" height=\"26\" alt=\"Chargement en cours\"><\/div><\/form><\/div>  <!-- .wpforms-container --><\/div><\/div><\/div><\/div><\/div><\/div><\/div><\/div><\/div><\/section><section class=\"l-section wpb_row us_custom_72622016 height_custom\"><div class=\"l-section-h i-cf\"><div class=\"g-cols vc_row via_flex valign_top type_default stacking_default\"><div class=\"vc_col-sm-12 wpb_column vc_column_container\"><div class=\"vc_column-inner\"><div class=\"wpb_wrapper\"><div class=\"w-separator size_small\"><\/div><div class=\"g-cols wpb_row via_flex valign_top type_default stacking_default\" id=\"procedures\"><div class=\"vc_col-sm-12 wpb_column vc_column_container\"><div class=\"vc_column-inner\"><div class=\"wpb_wrapper\"><div class=\"wpb_text_column\"><div class=\"wpb_wrapper\"><p>La proth\u00e8se du genou est une intervention chirurgicale qui vise \u00e0 am\u00e9liorer la qualit\u00e9 de vie des personnes souffrant de douleurs articulaires s\u00e9v\u00e8res et d&#8217;une limitation des mouvements articulaires due \u00e0 divers traumatismes. L&#8217;os et le tissu cartilagineux endommag\u00e9s dans la r\u00e9gion du genou sont enlev\u00e9s et des proth\u00e8ses en m\u00e9tal, en plastique ou en polym\u00e8re sont mises en place.   <\/p>\n<p><strong>L&#8217;op\u00e9ration, \u00e9galement connue sous le nom d&#8217;arthroplastie du genou, dure environ 2 heures et est souvent r\u00e9alis\u00e9e par des m\u00e9decins orthop\u00e9distes.<\/strong> L&#8217;objectif de l&#8217;arthroplastie du genou est de pr\u00e9venir les douleurs du genou en r\u00e9duisant le contact entre les surfaces articulaires endommag\u00e9es et d&#8217;obtenir une articulation qui permette de marcher autant que souhait\u00e9 et de monter et descendre les escaliers.<\/p>\n<\/div><\/div><\/div><\/div><\/div><\/div><div class=\"w-separator size_small\"><\/div><div class=\"g-cols wpb_row via_flex valign_top type_default stacking_default\" id=\"quicklook\"><div class=\"vc_col-sm-12 wpb_column vc_column_container\"><div class=\"vc_column-inner\"><div class=\"wpb_wrapper\"><div class=\"wpb_text_column\"><div class=\"wpb_wrapper\"><p><strong>D\u00e9couvrez l\u2019excellence en chirurgie de remplacement du genou avec la Clinique Mono \u2013 car chaque \u00e9tape compte.<\/strong><\/p>\n<h3><strong>Comment se d\u00e9roule une arthroplastie du genou ?<\/strong><\/h3>\n<p>La chirurgie de remplacement du genou est une m\u00e9thode chirurgicale privil\u00e9gi\u00e9e dans les cas d&#8217;arthrose avanc\u00e9e, de rhumatisme inflammatoire (polyarthrite rhumato\u00efde) ou de d\u00e9t\u00e9rioration de l&#8217;articulation caus\u00e9e par un traumatisme. Lors d&#8217;une arthroplastie du genou, l&#8217;ensemble du cartilage articulaire ou seulement les surfaces endommag\u00e9es du cartilage articulaire sont enlev\u00e9s et remplac\u00e9s par une proth\u00e8se artificielle. L&#8217;objectif principal de l&#8217;op\u00e9ration est d&#8217;accro\u00eetre la mobilit\u00e9 du patient et d&#8217;am\u00e9liorer sa qualit\u00e9 de vie. Apr\u00e8s une arthroplastie du genou, la douleur dispara\u00eet compl\u00e8tement chez presque tous les patients et ces derniers reprennent une vie mobile et sans douleur.<\/p>\n<\/div><\/div><\/div><\/div><\/div><\/div><div class=\"w-separator size_small\"><\/div><div class=\"g-cols wpb_row via_flex valign_top type_default stacking_default\" id=\"clinic\"><div class=\"vc_col-sm-6 wpb_column vc_column_container\"><div class=\"vc_column-inner\"><div class=\"wpb_wrapper\"><div class=\"wpb_text_column\"><div class=\"wpb_wrapper\"><h3><strong>\u00c0 qui s&#8217;adresse l&#8217;arthroplastie du genou ?<\/strong><\/h3>\n<p>L&#8217;objectif principal de l&#8217;arthroplastie du genou est d&#8217;am\u00e9liorer le niveau de vie. Si la douleur du patient ne r\u00e9pond pas aux m\u00e9thodes de traitement telles que la kin\u00e9sith\u00e9rapie, les injections intra-articulaires et les analg\u00e9siques, l&#8217;arthroplastie du genou peut \u00eatre envisag\u00e9e comme une option. Il s&#8217;agit d&#8217;une intervention chirurgicale de choix pour les personnes qui souffrent d&#8217;une douleur intense au genou due \u00e0 une usure avanc\u00e9e de l&#8217;articulation, qui ont des difficult\u00e9s \u00e0 accomplir les activit\u00e9s de la vie quotidienne et qui ne tirent aucun b\u00e9n\u00e9fice des m\u00e9dicaments ou de la kin\u00e9sith\u00e9rapie. Elle peut \u00e9galement \u00eatre pr\u00e9f\u00e9r\u00e9e par les patients qui ont subi de graves l\u00e9sions articulaires \u00e0 un jeune \u00e2ge.<\/p>\n<\/div><\/div><\/div><\/div><\/div><div class=\"vc_col-sm-6 wpb_column vc_column_container\"><div class=\"vc_column-inner\"><div class=\"wpb_wrapper\"><div class=\"wpb_text_column\"><div class=\"wpb_wrapper\"><h3><strong>Patients pouvant b\u00e9n\u00e9ficier d&#8217;une chirurgie de proth\u00e8se du genou<\/strong><\/h3>\n<ul>\n<li>Douleur et raideur s\u00e9v\u00e8res du genou \u00e0 un niveau tel qu&#8217;elles emp\u00eachent les activit\u00e9s quotidiennes telles que marcher, monter les escaliers, se lever d&#8217;une chaise,<\/li>\n<li>Douleur continue pendant le repos ou le sommeil<\/li>\n<li>Arthrite s\u00e9v\u00e8re du genou (arthrose)<\/li>\n<li>Rhumatisme inflammatoire (polyarthrite rhumato\u00efde)<\/li>\n<\/ul>\n<\/div><\/div><\/div><\/div><\/div><\/div><div class=\"w-separator size_small\"><\/div><div class=\"g-cols wpb_row via_flex valign_top type_default stacking_default\"><div class=\"vc_col-sm-12 wpb_column vc_column_container\"><div class=\"vc_column-inner\"><div class=\"wpb_wrapper\"><div class=\"wpb_text_column\"><div class=\"wpb_wrapper\"><h4>Processus chirurgical et r\u00e9tablissement<\/h4>\n<p>L&#8217;arthroplastie du genou est r\u00e9alis\u00e9e sous anesth\u00e9sie g\u00e9n\u00e9rale ou rachidienne et dure en moyenne 1,5 \u00e0 2 heures. Le s\u00e9jour postop\u00e9ratoire \u00e0 l&#8217;h\u00f4pital varie entre 3 et 5 jours. La kin\u00e9sith\u00e9rapie est importante dans le processus de r\u00e9tablissement. Au cours des premi\u00e8res semaines, les patients commencent \u00e0 marcher avec de l&#8217;aide, et apr\u00e8s 6 semaines, la plupart d&#8217;entre eux sont capables de marcher sans soutien.   <\/p>\n<h4>Quels sont les types d&#8217;arthroplastie du genou ?<\/h4>\n<p>Lors d&#8217;une arthroplastie du genou, les chirurgiens retirent les tissus et les os endommag\u00e9s ou us\u00e9s de l&#8217;articulation du genou et les remplacent par des pi\u00e8ces proth\u00e9tiques artificielles appropri\u00e9es. Ces proth\u00e8ses peuvent \u00eatre fix\u00e9es \u00e0 l&#8217;os \u00e0 l&#8217;aide d&#8217;adh\u00e9sifs m\u00e9dicaux sp\u00e9ciaux ou de vis en titane. La physioth\u00e9rapie pendant la p\u00e9riode postop\u00e9ratoire est d&#8217;une grande importance pour le patient afin de renforcer les muscles du genou et de retrouver une mobilit\u00e9 normale.  <\/p>\n<p><strong>\u25cf Remplacement total du genou<\/strong><\/p>\n<p>Le remplacement total du genou est le type le plus courant de remplacement du genou dans lequel l&#8217;ensemble de l&#8217;articulation du genou est remplac\u00e9 par des pi\u00e8ces artificielles. Dans cette m\u00e9thode, deux parties principales sont plac\u00e9es \u00e0 l&#8217;extr\u00e9mit\u00e9 inf\u00e9rieure de l&#8217;os de la cuisse et \u00e0 la partie sup\u00e9rieure de l&#8217;os du tibia. Les proth\u00e8ses totales de genou sont souvent pr\u00e9f\u00e9r\u00e9es, en particulier en cas de l\u00e9sions articulaires avanc\u00e9es, en raison de leur structure et de leur durabilit\u00e9 \u00e0 long terme.  <\/p>\n<p><strong>\u25cf Remplacement du demi-genou (remplacement partiel du genou)<\/strong><\/p>\n<p>Le remplacement du demi-genou est une m\u00e9thode chirurgicale moins invasive qui consiste \u00e0 ne remplacer que la partie endommag\u00e9e du genou. Dans cette proc\u00e9dure, les tissus sains sont pr\u00e9serv\u00e9s et seuls les tissus cartilagineux et osseux endommag\u00e9s sont remplac\u00e9s par la proth\u00e8se. Bien qu&#8217;elles offrent l&#8217;avantage d&#8217;un temps de r\u00e9cup\u00e9ration plus court et d&#8217;un risque chirurgical moindre, les proth\u00e8ses de demi-genou peuvent avoir une dur\u00e9e de vie plus courte que les proth\u00e8ses totales de genou.  <\/p>\n<h4>Consid\u00e9rations postop\u00e9ratoires<\/h4>\n<p>&#8211; Poursuivre r\u00e9guli\u00e8rement le programme de kin\u00e9sith\u00e9rapie<br \/>\n&#8211; \u00c9viter le surpoids<br \/>\n&#8211; \u00c9viter les mouvements qui sollicitent excessivement le genou<\/p>\n<\/div><\/div><\/div><\/div><\/div><\/div><div class=\"vc_col-sm-12 wpb_column vc_column_container\"><div class=\"vc_column-inner\"><div class=\"wpb_wrapper\"><\/div><\/div><\/div><\/div><\/div><\/div><\/div><\/div><\/section>\n","protected":false},"excerpt":{"rendered":"Proth\u00e8se du genou PagesAper\u00e7u de la proc\u00e9dureProc\u00e9durePr\u00e9vention de la douleur au genou et am\u00e9lioration de la qualit\u00e9 de vie en r\u00e9duisant le contact entre les surfaces articulaires endommag\u00e9es. Dur\u00e9e de l&#039;op\u00e9ration1,5 \u2013 2 heures S\u00e9jour \u00e0 l&#039;h\u00f4pital3-5 jours Anesth\u00e9sieAnesth\u00e9sie g\u00e9n\u00e9rale ou rachidienne Obtenez une consultation gratuiteVeuillez activer JavaScript dans votre navigateur pour remplir ce formulaire.Veuillez...","protected":false},"author":1,"featured_media":152008,"parent":152516,"menu_order":0,"comment_status":"closed","ping_status":"closed","template":"","meta":{"rank_math_lock_modified_date":false,"_mi_skip_tracking":false,"_monsterinsights_sitenote_active":false,"_monsterinsights_sitenote_note":"","_monsterinsights_sitenote_category":0,"_uf_show_specific_survey":0,"_uf_disable_surveys":false,"footnotes":""},"procedure":[318],"class_list":["post-152138","page","type-page","status-publish","has-post-thumbnail","hentry","procedure-breast-surgeries"],"_links":{"self":[{"href":"https:\/\/clinicmono.com\/fr\/wp-json\/wp\/v2\/pages\/152138"}],"collection":[{"href":"https:\/\/clinicmono.com\/fr\/wp-json\/wp\/v2\/pages"}],"about":[{"href":"https:\/\/clinicmono.com\/fr\/wp-json\/wp\/v2\/types\/page"}],"author":[{"embeddable":true,"href":"https:\/\/clinicmono.com\/fr\/wp-json\/wp\/v2\/users\/1"}],"replies":[{"embeddable":true,"href":"https:\/\/clinicmono.com\/fr\/wp-json\/wp\/v2\/comments?post=152138"}],"version-history":[{"count":2,"href":"https:\/\/clinicmono.com\/fr\/wp-json\/wp\/v2\/pages\/152138\/revisions"}],"predecessor-version":[{"id":152140,"href":"https:\/\/clinicmono.com\/fr\/wp-json\/wp\/v2\/pages\/152138\/revisions\/152140"}],"up":[{"embeddable":true,"href":"https:\/\/clinicmono.com\/fr\/wp-json\/wp\/v2\/pages\/152516"}],"wp:featuredmedia":[{"embeddable":true,"href":"https:\/\/clinicmono.com\/fr\/wp-json\/wp\/v2\/media\/152008"}],"wp:attachment":[{"href":"https:\/\/clinicmono.com\/fr\/wp-json\/wp\/v2\/media?parent=152138"}],"wp:term":[{"taxonomy":"procedure","embeddable":true,"href":"https:\/\/clinicmono.com\/fr\/wp-json\/wp\/v2\/procedure?post=152138"}],"curies":[{"name":"wp","href":"https:\/\/api.w.org\/{rel}","templated":true}]}}