{"id":135997,"date":"2023-12-27T07:48:39","date_gmt":"2023-12-27T07:48:39","guid":{"rendered":"https:\/\/clinicmono.com\/passer-a-la-caisse\/"},"modified":"2024-07-25T14:13:13","modified_gmt":"2024-07-25T14:13:13","slug":"passer-a-la-caisse","status":"publish","type":"page","link":"https:\/\/clinicmono.com\/fr\/passer-a-la-caisse\/","title":{"rendered":"Passer \u00e0 la caisse"},"content":{"rendered":"<section class=\"l-section wpb_row height_custom\"><div class=\"l-section-h i-cf\"><div class=\"g-cols vc_row via_flex valign_top type_default stacking_default\"><div class=\"vc_col-sm-12 wpb_column vc_column_container\"><div class=\"vc_column-inner\"><div class=\"wpb_wrapper\"><div class=\"w-popup align_none\"><span class=\"w-popup-trigger type_selector\" data-selector=\"#termsconditions, .termsconditions, .termsconditionslabel\"><\/span><div class=\"w-popup-overlay\" style=\"background:rgba(0,0,0,0.85);\"><\/div><div class=\"w-popup-wrap layout_default\" role=\"dialog\" aria-modal=\"true\" aria-label=\"Popup\" style=\"--title-color:var(--color-content-heading);--title-bg-color:var(--color-content-bg-alt);--content-color:var(--color-content-text);--content-bg-color:var(--color-content-bg);--popup-border-radius:5px;--popup-width:80%;--popup-padding:5%;\"><div class=\"w-popup-box animation_fadeIn closerpos_inside with_title\"><div class=\"w-popup-box-h\"><button aria-label=\"Fermer\" class=\"w-popup-closer\" type=\"button\"><\/button><div class=\"w-popup-box-title\">Conditions Conditions<\/div><div class=\"w-popup-box-content\"><p><strong>Veuillez<\/strong> lire <strong>attentivement<\/strong> les <strong>conditions<\/strong> ci-dessous avant de soumettre votre r\u00e9servation.<br \/>\nNous avons l&#8217;intention de nous appuyer sur ces conditions et sur les d\u00e9tails de votre r\u00e9servation dans l&#8217;int\u00e9r\u00eat des deux parties, le chirurgien et vous.<br \/>\nDans les pr\u00e9sentes conditions, les termes &#8220;<strong>vous<\/strong>&#8221; et &#8220;<strong>votre<\/strong>&#8221; d\u00e9signent la personne nomm\u00e9e dans la confirmation<strong>(qui doit \u00eatre majeure<\/strong>).<br \/>\nLes moyens de communication sont les <strong>appels t\u00e9l\u00e9phoniques, les courriels<\/strong> et les messages directs que vous nous envoyez ou que vous nous envoyez.<br \/>\nLes expressions utilis\u00e9es dans le pr\u00e9sent document, telles que &#8220;nous&#8221;, &#8220;notre&#8221; et &#8220;nos&#8221;, font r\u00e9f\u00e9rence \u00e0 Mono Clinic.<br \/>\nLes <strong>conditions<\/strong> g\u00e9n\u00e9rales suivantes, ainsi que votre r\u00e9servation, constituent le contrat entre vous et nous pour la dur\u00e9e de votre s\u00e9jour \u00e0 Izmir, en Turquie, \u00e0 des fins de traitement.<br \/>\nLes d\u00e9finitions et r\u00e8gles d&#8217;interpr\u00e9tation suivantes s&#8217;appliquent \u00e0 ces conditions : <strong>Frais annexes<\/strong>: tous les autres frais que vous \u00eates tenu de payer en plus des d\u00e9penses li\u00e9es \u00e0 la proc\u00e9dure. <strong>Frais d&#8217;annulation<\/strong>: frais que nous facturons pour couvrir nos d\u00e9penses administratives apr\u00e8s une annulation. Formulaire de consentement : formulaire d&#8217;autorisation qui permet \u00e0 la Mono Clinic de d\u00e9biter le paiement de l&#8217;acompte par le biais des d\u00e9tails de votre carte de cr\u00e9dit pour le paiement de l&#8217;acompte qui sera une partie de votre paiement total.<br \/>\nLa consultation est une communication verbale et un examen physique effectu\u00e9s par l&#8217;un de nos chirurgiens avant l&#8217;intervention chirurgicale.<br \/>\nLe contrat d\u00e9signe l&#8217;accord entre vous et nous, qui comprend la r\u00e9servation et les pr\u00e9sentes conditions g\u00e9n\u00e9rales. Le forfait d\u00e9signe un ensemble de services que nous avons accept\u00e9 de vous fournir et qui sont clairement identifi\u00e9s dans votre itin\u00e9raire avant votre arriv\u00e9e.<br \/>\nLe s\u00e9jour fait r\u00e9f\u00e9rence \u00e0 l&#8217;h\u00e9bergement et aux services que nous fournissons de la date de d\u00e9but \u00e0 la date de d\u00e9part, comme indiqu\u00e9 dans votre itin\u00e9raire ;         <\/p>\n<ol>\n<li>Les \u00e9l\u00e9ments suivants sont couverts par votre colis ;<br \/><strong>1.1 la<\/strong>consultation avec le chirurgien en Turquie et la proc\u00e9dure cosm\u00e9tique elle-m\u00eame,<br \/><strong>1.2<\/strong> le transport priv\u00e9 du point de rencontre \u00e0 l&#8217;a\u00e9roport d&#8217;Izmir \u00e0 l&#8217;h\u00f4tel Aftercare ou \u00e0 l&#8217;h\u00f4tel partenaire et le transport aller-retour de l&#8217;h\u00f4tel partenaire \u00e0 l&#8217;a\u00e9roport d&#8217;Izmir,<br \/><strong>1.3<\/strong> les transferts en ville vers et depuis le lieu d&#8217;h\u00e9bergement pour tous les rendez-vous avec votre chirurgien,<br \/><strong>1.4<\/strong> un petit d\u00e9jeuner si l&#8217;h\u00e9bergement se fait \u00e0 l&#8217;AfterCare Hotel.<br \/><strong>1.5<\/strong> L&#8217;interpr\u00e8te est une personne capable de communiquer en anglais, en su\u00e9dois et en allemand. Il est disponible 7 jours sur 7 et 24 heures sur 24 pendant votre s\u00e9jour,<br \/><strong>1.6<\/strong> l&#8217;acc\u00e8s \u00e0 un ou plusieurs employ\u00e9s parlant anglais pendant votre s\u00e9jour,<br \/><strong>1.7<\/strong> tous les tests sanguins pr\u00e9op\u00e9ratoires et le protocole de routine qui vous est appliqu\u00e9,<br \/><strong>1.8<\/strong> le v\u00eatement m\u00e9dical li\u00e9 au traitement re\u00e7u,<br \/><strong>1.9<\/strong> h\u00e9bergement en dehors de votre s\u00e9jour \u00e0 l&#8217;h\u00f4pital (la dur\u00e9e du s\u00e9jour est ajustable en fonction du traitement re\u00e7u),<br \/><strong>1.10<\/strong> nuit\u00e9e \u00e0 l&#8217;h\u00f4pital jusqu&#8217;\u00e0 2 nuits.<br \/><strong>1.11<\/strong> assurance voyage gratuite<br \/><strong>2.<\/strong> Les \u00e9l\u00e9ments suivants ne sont pas inclus dans votre colis ;<br \/><strong>2.1<\/strong> vols vers\/depuis la Turquie &#8211; vous devrez couvrir vous-m\u00eame vos frais de vol et vous serez responsable de votre choix de billets flexi ou promotionnels qui permettent ou bloquent les changements sur les vols \u00e0 r\u00e9server,<br \/><strong>2.2<\/strong> frais de passeport et de visa,<br \/><strong>2.3<\/strong> Les d\u00e9jeuners et les d\u00eeners ne sont pas inclus si l&#8217;h\u00f4tel partenaire est le lieu d&#8217;h\u00e9bergement (en cas d&#8217;absence de disponibilit\u00e9 dans l&#8217;h\u00f4tel AfterCare).<br \/><strong>2.4<\/strong> les d\u00e9penses de l&#8217;accompagnateur par tous les moyens,<br \/><strong>3.<\/strong> Avant de partir en voyage ;<br \/><strong>3.1<\/strong> Vous devez nous fournir les \u00e9l\u00e9ments suivants,<br \/><strong>3.1.1<\/strong> une copie de toutes les ordonnances dont vous disposez et qui mentionnent les m\u00e9dicaments dont vous avez besoin et\/ou que vous prenez actuellement, ainsi que toutes les instructions donn\u00e9es par le praticien,<br \/><strong>3.1.2<\/strong> les coordonn\u00e9es des personnes \u00e0 contacter en cas d&#8217;urgence et celles de vos proches.<br \/>\nVeuillez noter que la Turquie ne fait pas partie de l&#8217;UE et que, par cons\u00e9quent, le syst\u00e8me europ\u00e9en de sant\u00e9 n&#8217;est pas applicable, <br \/><strong>3.1.3<\/strong> les d\u00e9tails de votre vol d&#8217;arriv\u00e9e et de d\u00e9part,<br \/><strong>4.<\/strong> R\u00e9servez votre (vos) intervention(s) cosm\u00e9tique(s) et votre s\u00e9jour ;<br \/><strong>4.1<\/strong> Une fois que nous aurons re\u00e7u votre acompte et les informations relatives \u00e0 votre vol, nous vous enverrons un courrier \u00e9lectronique de confirmation de votre r\u00e9servation,<br \/><strong>4.2<\/strong> Le contrat entre nous prend effet lorsque nous vous envoyons la confirmation de r\u00e9servation.<br \/>\nVotre confirmation de r\u00e9servation et les pr\u00e9sentes conditions g\u00e9n\u00e9rales constituent le contrat, <br \/><strong>4.3<\/strong> Si nous ne sommes pas en mesure d&#8217;accepter votre r\u00e9servation pour quelque raison que ce soit, nous vous retournerons votre acompte d\u00e8s que cela sera raisonnablement possible et, dans tous les cas, dans les 21 jours suivant la r\u00e9ception de l&#8217;acompte.<br \/><strong>5.<\/strong> Vous devez nous fournir<br \/><strong>5.1<\/strong> vos donn\u00e9es personnelles,<br \/><strong>5.2<\/strong> votre \u00e9tat de sant\u00e9 actuel et toutes les informations relatives \u00e0 vos ant\u00e9c\u00e9dents m\u00e9dicaux,<br \/><strong>5.3<\/strong> les coordonn\u00e9es de vos proches,<br \/><strong>5.4<\/strong> d\u00e9tails du passeport,<br \/><strong>5.5<\/strong> IMPORTANT &#8211; Si vous ne nous fournissez pas ces informations dans les d\u00e9lais impartis, ou si vous fournissez des informations incompl\u00e8tes ou incorrectes, vous serez tenu responsable de tous les dommages qui pourraient \u00e9ventuellement survenir.<br \/>\nNous nous r\u00e9servons le droit soit de mettre fin au contrat avec effet imm\u00e9diat, soit de facturer un montant suppl\u00e9mentaire raisonnable pour nous d\u00e9dommager de tout travail suppl\u00e9mentaire requis en cons\u00e9quence.<br \/>\nNous ne serons pas tenus de fournir le forfait plus tard que le prix convenu ou de ne pas fournir une partie du forfait si cela est d\u00fb au fait que vous ne nous avez pas fourni les informations dont nous avons besoin dans un d\u00e9lai raisonnable apr\u00e8s que nous vous les ayons demand\u00e9es.  <br \/><strong>6.<\/strong> Paiement ;<br \/><strong>6.1<\/strong> Le prix de votre forfait sera celui indiqu\u00e9 sur votre confirmation de r\u00e9servation.<br \/>\nNous ferons de notre mieux pour que l&#8217;offre de prix qui vous est faite soit correcte, <br \/><strong>6.2<\/strong> Apr\u00e8s avoir convenu du type de proc\u00e9dure(s) esth\u00e9tique(s) et de la date \u00e0 laquelle la proc\u00e9dure est programm\u00e9e, vous \u00eates tenu de nous verser un acompte\/des frais de r\u00e9servation qui ne d\u00e9passent pas 10 % du prix total de l&#8217;ensemble des traitements qui vous ont \u00e9t\u00e9 propos\u00e9s et qui seront pay\u00e9s par virement bancaire ou par correspondance,<br \/><strong>6.3<\/strong> Vous devez payer le solde des honoraires et des frais accessoires au plus tard \u00e0 la date de votre (vos) intervention(s) esth\u00e9tique(s),<br \/><strong>7.<\/strong> Modifications et annulations de votre part ;<br \/><strong>7.1<\/strong> Nous nous efforcerons de tenir compte de tout changement raisonnable que vous souhaitez apporter \u00e0 votre itin\u00e9raire, \u00e0 condition que vous nous en informiez suffisamment \u00e0 l&#8217;avance.<br \/>\nSi nous sommes en mesure d&#8217;accepter de tels changements, nous vous en ferons part et vous informerons de toute modification des tarifs, des d\u00e9lais des services ou de tout autre \u00e9l\u00e9ment qui serait n\u00e9cessaire \u00e0 la suite de votre demande de changement.<br \/>\nVous \u00eates tenu de confirmer par \u00e9crit si vous souhaitez proc\u00e9der \u00e0 la modification.<br \/>\nVous acceptez et d\u00e9clarez \u00e0 l&#8217;avance que Mono Cosmetic Surgery n&#8217;a aucune responsabilit\u00e9 jusqu&#8217;\u00e0 ce que la confirmation de r\u00e9servation r\u00e9vis\u00e9e nous soit envoy\u00e9e apr\u00e8s votre consentement \u00e9crit concernant les changements que vous souhaitez apporter \u00e0 l&#8217;itin\u00e9raire, et que l&#8217;accord commencera lorsque nous enverrons une confirmation \u00e9crite d&#8217;un tel changement.   <br \/><strong>7.2<\/strong> Si nous sommes en mesure d&#8217;apporter la ou les modifications demand\u00e9es \u00e0 votre r\u00e9servation, vous acceptez de payer tous les frais suppl\u00e9mentaires li\u00e9s \u00e0 ces modifications.<br \/><strong>7.3<\/strong> La Clinique Mono s&#8217;efforce d&#8217;assurer \u00e0 ses patients l&#8217;op\u00e9ration la plus saine et la plus confortable possible et de leur offrir les conditions les plus agr\u00e9ables \u00e0 leur arriv\u00e9e, \u00e0 leur d\u00e9part et \u00e0 leur s\u00e9jour en Turquie.<br \/>\nC&#8217;est pourquoi nous recevons des arrhes de la part de nos patients.<br \/>\nD\u00e8s que le patient paie l&#8217;acompte, nous commen\u00e7ons \u00e0 organiser l&#8217;h\u00e9bergement, le transport et les d\u00e9tails de l&#8217;op\u00e9ration.<br \/>\nC&#8217;est pourquoi, si le patient refuse de venir \u00e0 la Clinique Mono et annule l&#8217;op\u00e9ration apr\u00e8s avoir vers\u00e9 l&#8217;acompte, nous subissons des pertes financi\u00e8res car l&#8217;h\u00e9bergement, le transport et le programme clinique ont d\u00e9j\u00e0 \u00e9t\u00e9 organis\u00e9s par nos soins.<br \/>\nPar cons\u00e9quent, toute annulation demand\u00e9e par les patients sera soumise \u00e0 des frais d&#8217;annulation s&#8217;\u00e9levant \u00e0 75 % du montant de l&#8217;acompte, et les 25 % restants du montant total de l&#8217;acompte seront rembours\u00e9s \u00e0 condition que la date de l&#8217;op\u00e9ration n&#8217;ait pas encore \u00e9t\u00e9 fix\u00e9e.<br \/>\nSi une date d&#8217;op\u00e9ration est r\u00e9serv\u00e9e et qu&#8217;un remboursement est demand\u00e9, aucun remboursement ne sera applicable et le montant total de l&#8217;acompte sera votre co\u00fbt irr\u00e9cup\u00e9rable.     <br \/><strong>7.4<\/strong> Veuillez noter que le contrat est conclu lorsque nous avons fini de fournir le paquet et que vous avez pay\u00e9 en totalit\u00e9.<br \/><strong>7.5<\/strong> Si des circonstances ind\u00e9pendantes de notre volont\u00e9 vous obligent \u00e0 raccourcir ou \u00e0 prolonger votre s\u00e9jour, veuillez noter que vous serez responsable de tous les co\u00fbts, services et travaux suppl\u00e9mentaires encourus par nous pendant votre s\u00e9jour, \u00e0 condition que ces co\u00fbts suppl\u00e9mentaires soient raisonnablement et n\u00e9cessairement encourus.<br \/><strong>8.<\/strong> Modifications et annulation par nous ;<br \/><strong>8.1<\/strong> Si votre intervention esth\u00e9tique est retard\u00e9e ou report\u00e9e pour une raison ind\u00e9pendante de notre volont\u00e9, nous vous contacterons d\u00e8s que possible pour vous en informer.<br \/>\nA condition que nous le fassions, nous ne serons pas responsables des retards caus\u00e9s par l&#8217;\u00e9v\u00e9nement, mais s&#8217;il y a un risque de d\u00e9passer 30 (trente) jours de retard, vous avez le droit de r\u00e9silier le contrat et de recevoir un remboursement. <br \/><strong>8.2<\/strong> Nous pouvons apporter des modifications aux Proc\u00e9dures cosm\u00e9tiques afin de refl\u00e9ter les changements dans les lois et les exigences r\u00e9glementaires pertinentes.<br \/>\nNous vous informerons des changements mineurs qui ne modifient pas de mani\u00e8re significative les informations que nous vous avons fournies sur votre S\u00e9jour ou votre Forfait avant la date de la (des) Proc\u00e9dure(s) Cosm\u00e9tique(s). <br \/><strong>8.3<\/strong> Si de tels changements interviennent pendant votre S\u00e9jour, nous prendrons des dispositions alternatives afin de nous conformer le plus possible \u00e0 la description de votre itin\u00e9raire et du Forfait.<br \/><strong>8.4<\/strong> Vous reconnaissez et acceptez que nous ne soyons pas responsables envers vous ou un tiers des pertes ou dommages caus\u00e9s par vous ou de la perte de votre s\u00e9jour, lorsque des circonstances ind\u00e9pendantes de notre volont\u00e9 surviennent.<br \/><strong>8.5<\/strong> Nous vous conseillons de vous assurer que toutes les r\u00e9servations de vol que vous faites en relation avec votre S\u00e9jour peuvent \u00eatre modifi\u00e9es sans frais pour vous et nous ne sommes pas tenus de vous payer tout voyage suppl\u00e9mentaire ou tout autre co\u00fbt, d\u00e9pense ou perte que vous subissez \u00e0 la suite d&#8217;un changement ou d&#8217;une annulation dans les circonstances \u00e9nonc\u00e9es, tels que des changements d&#8217;horaires de vol ou d&#8217;autres arrangements de voyage.<br \/><strong>9.<\/strong> Exigences en mati\u00e8re de passeport, de visa et de sant\u00e9 ;<br \/><strong>9.1<\/strong> Veuillez noter attentivement ce qui suit :<br \/><strong>9.1.1<\/strong> vous devez vous assurer que votre passeport est valable au moins 6 (six) mois apr\u00e8s la date de d\u00e9part propos\u00e9e ;<br \/><strong>9.1.2<\/strong> vous devez demander tout visa n\u00e9cessaire dans les d\u00e9lais impartis ;<br \/><strong>9.1.3<\/strong> Il est de votre responsabilit\u00e9 d&#8217;obtenir un visa pour entrer en Turquie.<br \/>\nVous pouvez obtenir un visa \u00e0 votre arriv\u00e9e en Turquie ou obtenir un visa \u00e9lectronique en ligne avant votre d\u00e9part.<br \/>\nPour de plus amples informations, veuillez consulter le site web suivant : [https:\/\/www .evisa.gov.tr\/en \/];  <br \/><strong>9.1.4<\/strong> dans le cas o\u00f9 vous n&#8217;\u00eates pas accept\u00e9 en Turquie, ou en cas d&#8217;expulsion, les dispositions d&#8217;annulation de ces termes et conditions s&#8217;appliqueront et le d\u00e9p\u00f4t pay\u00e9 sera un co\u00fbt irr\u00e9cup\u00e9rable pour vous.<br \/><strong>9.1.5<\/strong> vous devez v\u00e9rifier aupr\u00e8s de votre m\u00e9decin si des vaccins et\/ou des m\u00e9dicaments sont n\u00e9cessaires et pr\u00e9voir suffisamment de temps pour les obtenir.<br \/><strong>10.<\/strong> D\u00e9tails du voyage ;<br \/><strong>10.1<\/strong> Environ 2 (deux) semaines avant la date convenue pour la proc\u00e9dure, nous vous confirmerons tous les d\u00e9tails relatifs \u00e0 votre s\u00e9jour.<br \/>\nCes informations comprendront : <br \/><strong>10.1.1<\/strong> A\u00e9roport d&#8217;arriv\u00e9e et heure et date de prise en charge<br \/><strong>10.1.2<\/strong> proc\u00e9dures et prix (solde)<br \/><strong>10.1.3<\/strong> date et heure de la proc\u00e9dure, de la consultation et du contr\u00f4le<br \/><strong>10.1.4<\/strong> Adresse de l&#8217;h\u00f4pital et de la clinique<br \/><strong>10.1.5<\/strong> toutes les personnes \u00e0 contacter en cas d&#8217;urgence et les coordonn\u00e9es de votre coordinateur de patients<br \/><strong>11.<\/strong> H\u00e9bergement ;<br \/><strong>11.1<\/strong> Vous \u00eates tenu de nous informer \u00e0 l&#8217;avance de la pr\u00e9sence d&#8217;un compagnon lors de votre s\u00e9jour.<br \/><strong>11.2<\/strong> votre logement est couvert ;<br \/><strong>11.2.1<\/strong> Bed&amp;breakfast dans un h\u00f4tel Aftercare ou un h\u00f4tel partenaire<br \/><strong>12.<\/strong> Notre responsabilit\u00e9 en cas de perte ou de dommage subi par vous ;<br \/><strong>12.1<\/strong> Nous sommes responsables envers vous des pertes et dommages pr\u00e9visibles caus\u00e9s par nous.<br \/>\nSi nous ne respectons pas ces conditions, nous sommes responsables des pertes ou des dommages que vous subissez et qui sont le r\u00e9sultat pr\u00e9visible de notre manquement au pr\u00e9sent contrat ou de notre manque de soin et de comp\u00e9tence raisonnables, mais nous ne sommes pas responsables des pertes ou des dommages qui ne sont pas pr\u00e9visibles.<br \/>\nUne perte ou un dommage est pr\u00e9visible s&#8217;il est \u00e9vident qu&#8217;il se produira ou si, au moment de la conclusion du contrat, vous et nous savions qu&#8217;il pourrait se produire.  <br \/><strong>13.<\/strong> Divers ;<br \/><strong>13.1<\/strong> L&#8217;annexe -1 &#8220;Formulaire d&#8217;\u00e9valuation de l&#8217;anesth\u00e9sie&#8221; est une annexe au pr\u00e9sent contrat et en fait donc partie int\u00e9grante.<br \/><strong>13.2<\/strong> En cas de litige entre nous, vous vous engagez \u00e0 tenter de r\u00e9gler le litige en vous engageant de bonne foi avec nous dans un processus de m\u00e9diation avant d&#8217;entamer une proc\u00e9dure d&#8217;arbitrage ou de contentieux.<br \/><strong>13.3<\/strong> Le pr\u00e9sent contrat est conclu entre vous et nous.<br \/>\nAucune autre personne n&#8217;a le droit de faire appliquer l&#8217;une quelconque de ses dispositions, sauf mention contraire explicite dans le contrat. <br \/><strong>13.4<\/strong> Aucune des parties ne peut c\u00e9der ou transf\u00e9rer ses droits et responsabilit\u00e9s au titre du pr\u00e9sent contrat sans le consentement \u00e9crit pr\u00e9alable de l&#8217;autre partie.<br \/><strong>13.5<\/strong> Tous les dossiers m\u00e9dicaux des patients que nous recevons sont conserv\u00e9s dans la plus stricte confidentialit\u00e9 dans des fichiers \u00e9lectroniques s\u00e9curis\u00e9s et ne sont pas divulgu\u00e9s \u00e0 des tiers.<br \/><strong>13.6<\/strong> Chacune des clauses des pr\u00e9sentes conditions s&#8217;applique s\u00e9par\u00e9ment.<br \/>\nSi une ou plusieurs clauses du pr\u00e9sent contrat deviennent nulles et non avenues pour quelque raison que ce soit, les autres clauses resteront pleinement en vigueur. <br \/><strong>13.7<\/strong> Le pr\u00e9sent accord est r\u00e9gi et interpr\u00e9t\u00e9 conform\u00e9ment aux lois de la R\u00e9publique de Turquie et toute proc\u00e9dure judiciaire relative au pr\u00e9sent contrat sera soumise \u00e0 la juridiction des tribunaux et des bureaux d&#8217;ex\u00e9cution d&#8217;Izmir, sans donner effet aux principes de conflit de lois.<br \/><strong>14.<\/strong> Avant la proc\u00e9dure ;<br \/><strong>14.1<\/strong> Vous acceptez de vous conformer \u00e0 la d\u00e9cision du chirurgien si les tests sanguins effectu\u00e9s avant l&#8217;intervention entra\u00eenent l&#8217;annulation ou le report de l&#8217;intervention en raison d&#8217;un avis professionnel obligeant \u00e0 l&#8217;effectuer plus tard ou \u00e0 ne pas l&#8217;effectuer.<br \/>\nPar cons\u00e9quent, il vous est sugg\u00e9r\u00e9 de r\u00e9v\u00e9ler en toute transparence toute information concernant vos ant\u00e9c\u00e9dents m\u00e9dicaux pass\u00e9s et pr\u00e9sents. <br \/><strong>15.<\/strong> Campagnes ;<br \/><strong>15.1<\/strong> Nous pouvons occasionnellement inclure les frais de vol dans le forfait que vous r\u00e9servez, dans ce cas, vous \u00eates pr\u00e9venus \u00e0 l&#8217;avance du d\u00e9roulement de la campagne, si votre contrat n&#8217;est pas form\u00e9 pendant la p\u00e9riode de campagne mentionn\u00e9e, cela signifie qu&#8217;il n&#8217;est ni viable ni applicable, cependant si vous formez le contrat avec nous dans le cadre de la campagne mentionn\u00e9e ci-dessus, la campagne sera avec un budget de frais de vol jusqu&#8217;\u00e0 250 GBP et les billets d&#8217;avion co\u00fbtant plus que le montant sp\u00e9cifi\u00e9 seront pris en charge par vous.<br \/><strong>16.<\/strong>faute professionnelle ;<br \/>En cas de faute professionnelle, une intervention chirurgicale corrective sera effectu\u00e9e par l&#8217;un de nos chirurgiens et sera gratuite.<br \/>\nVous acceptez et reconnaissez que les frais hors proc\u00e9dure associ\u00e9s seront couverts par vous. <br \/><strong>17.<\/strong> Photos avant et apr\u00e8s<br \/>Vous acceptez d&#8217;autoriser et de donner votre consentement aux responsables de la clinique pour utiliser vos photos avant et apr\u00e8s, qu&#8217;il vous sera demand\u00e9 de partager avec nous \u00e0 des fins de suivi.<br \/>\nLes photos qui ne r\u00e9v\u00e8lent pas votre identit\u00e9 peuvent \u00eatre utilis\u00e9es \u00e0 des fins publicitaires et affich\u00e9es sur toutes nos pages de m\u00e9dias sociaux et sur notre site web. <\/li>\n<\/ol>\n<\/div><\/div><\/div><\/div><\/div><div class=\"wpb_text_column\"><div class=\"wpb_wrapper\"><\/div><\/div><\/div><\/div><\/div><\/div><\/div><\/section>\n","protected":false},"excerpt":{"rendered":"Conditions Conditions Veuillez lire attentivement les conditions ci-dessous avant de soumettre votre r\u00e9servation. Nous avons l'intention de nous appuyer sur ces conditions et sur les d\u00e9tails de votre r\u00e9servation dans l'int\u00e9r\u00eat des deux parties, le chirurgien et vous. Dans les pr\u00e9sentes conditions, les termes \"vous\" et \"votre\" d\u00e9signent la personne nomm\u00e9e dans la confirmation(qui doit...","protected":false},"author":1,"featured_media":0,"parent":0,"menu_order":0,"comment_status":"closed","ping_status":"closed","template":"","meta":{"_mi_skip_tracking":false,"_monsterinsights_sitenote_active":false,"_monsterinsights_sitenote_note":"","_monsterinsights_sitenote_category":0,"_uf_show_specific_survey":0,"_uf_disable_surveys":false,"footnotes":""},"procedure":[],"class_list":["post-135997","page","type-page","status-publish","hentry"],"_links":{"self":[{"href":"https:\/\/clinicmono.com\/fr\/wp-json\/wp\/v2\/pages\/135997","targetHints":{"allow":["GET"]}}],"collection":[{"href":"https:\/\/clinicmono.com\/fr\/wp-json\/wp\/v2\/pages"}],"about":[{"href":"https:\/\/clinicmono.com\/fr\/wp-json\/wp\/v2\/types\/page"}],"author":[{"embeddable":true,"href":"https:\/\/clinicmono.com\/fr\/wp-json\/wp\/v2\/users\/1"}],"replies":[{"embeddable":true,"href":"https:\/\/clinicmono.com\/fr\/wp-json\/wp\/v2\/comments?post=135997"}],"version-history":[{"count":0,"href":"https:\/\/clinicmono.com\/fr\/wp-json\/wp\/v2\/pages\/135997\/revisions"}],"wp:attachment":[{"href":"https:\/\/clinicmono.com\/fr\/wp-json\/wp\/v2\/media?parent=135997"}],"wp:term":[{"taxonomy":"procedure","embeddable":true,"href":"https:\/\/clinicmono.com\/fr\/wp-json\/wp\/v2\/procedure?post=135997"}],"curies":[{"name":"wp","href":"https:\/\/api.w.org\/{rel}","templated":true}]}}