{"id":135988,"date":"2023-12-27T07:48:38","date_gmt":"2023-12-27T07:48:38","guid":{"rendered":"https:\/\/clinicmono.com\/chariot\/"},"modified":"2024-07-25T14:13:12","modified_gmt":"2024-07-25T14:13:12","slug":"chariot","status":"publish","type":"page","link":"https:\/\/clinicmono.com\/fr\/chariot\/","title":{"rendered":"Chariot"},"content":{"rendered":"\n<div data-block-name=\"woocommerce\/cart\" class=\"wp-block-woocommerce-cart alignwide is-loading\">\n<div data-block-name=\"woocommerce\/filled-cart-block\" class=\"wp-block-woocommerce-filled-cart-block\">\n<div data-block-name=\"woocommerce\/cart-items-block\" class=\"wp-block-woocommerce-cart-items-block\">\n<div data-block-name=\"woocommerce\/cart-line-items-block\" class=\"wp-block-woocommerce-cart-line-items-block\"><\/div>\n\n\n\n<div data-block-name=\"woocommerce\/cart-cross-sells-block\" class=\"wp-block-woocommerce-cart-cross-sells-block\">\n<h2 class=\"wp-block-heading has-large-font-size\">Vous pourriez \u00eatre int\u00e9ress\u00e9 par&#8230;<\/h2>\n\n\n\n<div data-block-name=\"woocommerce\/cart-cross-sells-products-block\" class=\"wp-block-woocommerce-cart-cross-sells-products-block\"><\/div>\n<\/div>\n<\/div>\n\n\n\n<div data-block-name=\"woocommerce\/cart-totals-block\" class=\"wp-block-woocommerce-cart-totals-block\">\n<div data-block-name=\"woocommerce\/cart-order-summary-block\" class=\"wp-block-woocommerce-cart-order-summary-block\">\n<div data-block-name=\"woocommerce\/cart-order-summary-heading-block\" class=\"wp-block-woocommerce-cart-order-summary-heading-block\"><\/div><div data-block-name=\"woocommerce\/cart-order-summary-coupon-form-block\" class=\"wp-block-woocommerce-cart-order-summary-coupon-form-block\"><\/div><div data-block-name=\"woocommerce\/cart-order-summary-totals-block\" class=\"wp-block-woocommerce-cart-order-summary-totals-block\">\n<div data-block-name=\"woocommerce\/cart-order-summary-subtotal-block\" class=\"wp-block-woocommerce-cart-order-summary-subtotal-block\"><\/div>\n<div data-block-name=\"woocommerce\/cart-order-summary-discount-block\" class=\"wp-block-woocommerce-cart-order-summary-discount-block\"><\/div>\n<div data-block-name=\"woocommerce\/cart-order-summary-fee-block\" class=\"wp-block-woocommerce-cart-order-summary-fee-block\"><\/div>\n<div data-block-name=\"woocommerce\/cart-order-summary-shipping-block\" class=\"wp-block-woocommerce-cart-order-summary-shipping-block\"><\/div>\n<div data-block-name=\"woocommerce\/cart-order-summary-taxes-block\" class=\"wp-block-woocommerce-cart-order-summary-taxes-block\"><\/div><\/div>\n<\/div>\n\n\n\n<div data-block-name=\"woocommerce\/cart-express-payment-block\" class=\"wp-block-woocommerce-cart-express-payment-block\"><\/div>\n\n\n\n<div data-block-name=\"woocommerce\/proceed-to-checkout-block\" class=\"wp-block-woocommerce-proceed-to-checkout-block\"><\/div>\n\n\n\n<div data-block-name=\"woocommerce\/cart-accepted-payment-methods-block\" class=\"wp-block-woocommerce-cart-accepted-payment-methods-block\"><\/div>\n<\/div>\n<\/div>\n\n\n\n<div data-block-name=\"woocommerce\/empty-cart-block\" class=\"wp-block-woocommerce-empty-cart-block\">\n<h2 class=\"wp-block-heading has-text-align-center with-empty-cart-icon wc-block-cart__empty-cart__title\">Votre panier est actuellement vide !<\/h2>\n\n\n\n<hr class=\"wp-block-separator has-alpha-channel-opacity is-style-dots\"\/>\n\n\n\n<h2 class=\"wp-block-heading has-text-align-center\">Nouveau en magasin<\/h2>\n\n\n<div data-block-name=\"woocommerce\/product-new\" data-columns=\"4\" data-rows=\"1\" class=\"wc-block-grid wp-block-product-new wp-block-woocommerce-product-new wc-block-product-new has-4-columns\"><ul class=\"wc-block-grid__products\"><li class=\"wc-block-grid__product\">\n\t\t\t\t<a href=\"https:\/\/clinicmono.com\/fr\/product\/iyzico-test\/\" class=\"wc-block-grid__product-link\">\n\t\t\t\t\t\n\t\t\t\t\t<div class=\"wc-block-grid__product-image\"><img decoding=\"async\" width=\"600\" height=\"600\" src=\"https:\/\/clinicmono.com\/wp-content\/uploads\/woocommerce-placeholder-600x600.png\" class=\"woocommerce-placeholder wp-post-image\" alt=\"\" srcset=\"https:\/\/clinicmono.com\/wp-content\/uploads\/woocommerce-placeholder-600x600.png 600w, https:\/\/clinicmono.com\/wp-content\/uploads\/woocommerce-placeholder-500x500.png 500w, https:\/\/clinicmono.com\/wp-content\/uploads\/woocommerce-placeholder-300x300.png 300w, https:\/\/clinicmono.com\/wp-content\/uploads\/woocommerce-placeholder-1024x1024.png 1024w, https:\/\/clinicmono.com\/wp-content\/uploads\/woocommerce-placeholder-400x400.png 400w, https:\/\/clinicmono.com\/wp-content\/uploads\/woocommerce-placeholder-150x150.png 150w, https:\/\/clinicmono.com\/wp-content\/uploads\/woocommerce-placeholder.png 1200w\" sizes=\"(max-width: 600px) 100vw, 600px\" \/><\/div>\n\t\t\t\t\t<div class=\"wc-block-grid__product-title\">iyzico test<\/div>\n\t\t\t\t<\/a>\n\t\t\t\t<div class=\"wc-block-grid__product-price price\"><span class=\"woocommerce-Price-amount amount\">USD<span class=\"woocommerce-Price-currencySymbol\">$<\/span>1.00<\/span><\/div>\n\t\t\t\t\n\t\t\t\t<div class=\"wp-block-button wc-block-grid__product-add-to-cart\"><a href=\"\/fr\/wp-json\/wp\/v2\/pages\/135988?add-to-cart=146247\" aria-label=\"Ajouter au panier\u00a0: &ldquo;iyzico test&rdquo;\" data-quantity=\"1\" data-product_id=\"146247\" data-product_sku=\"\" data-price=\"1\" rel=\"nofollow\" class=\"wp-block-button__link  add_to_cart_button ajax_add_to_cart\">Ajouter au panier<\/a><\/div>\n\t\t\t<\/li><li class=\"wc-block-grid__product\">\n\t\t\t\t<a href=\"https:\/\/clinicmono.com\/fr\/product\/garanti-test\/\" class=\"wc-block-grid__product-link\">\n\t\t\t\t\t\n\t\t\t\t\t<div class=\"wc-block-grid__product-image\"><img decoding=\"async\" width=\"600\" height=\"600\" src=\"https:\/\/clinicmono.com\/wp-content\/uploads\/woocommerce-placeholder-600x600.png\" class=\"woocommerce-placeholder wp-post-image\" alt=\"\" srcset=\"https:\/\/clinicmono.com\/wp-content\/uploads\/woocommerce-placeholder-600x600.png 600w, https:\/\/clinicmono.com\/wp-content\/uploads\/woocommerce-placeholder-500x500.png 500w, https:\/\/clinicmono.com\/wp-content\/uploads\/woocommerce-placeholder-300x300.png 300w, https:\/\/clinicmono.com\/wp-content\/uploads\/woocommerce-placeholder-1024x1024.png 1024w, https:\/\/clinicmono.com\/wp-content\/uploads\/woocommerce-placeholder-400x400.png 400w, https:\/\/clinicmono.com\/wp-content\/uploads\/woocommerce-placeholder-150x150.png 150w, https:\/\/clinicmono.com\/wp-content\/uploads\/woocommerce-placeholder.png 1200w\" sizes=\"(max-width: 600px) 100vw, 600px\" \/><\/div>\n\t\t\t\t\t<div class=\"wc-block-grid__product-title\">Garanti Test<\/div>\n\t\t\t\t<\/a>\n\t\t\t\t<div class=\"wc-block-grid__product-price price\"><span class=\"woocommerce-Price-amount amount\">USD<span class=\"woocommerce-Price-currencySymbol\">$<\/span>1.00<\/span><\/div>\n\t\t\t\t\n\t\t\t\t<div class=\"wp-block-button wc-block-grid__product-add-to-cart\"><a href=\"\/fr\/wp-json\/wp\/v2\/pages\/135988?add-to-cart=52444\" aria-label=\"Ajouter au panier\u00a0: &ldquo;Garanti Test&rdquo;\" data-quantity=\"1\" data-product_id=\"52444\" data-product_sku=\"\" data-price=\"1\" rel=\"nofollow\" class=\"wp-block-button__link  add_to_cart_button ajax_add_to_cart\">Ajouter au panier<\/a><\/div>\n\t\t\t<\/li><li class=\"wc-block-grid__product\">\n\t\t\t\t<a href=\"https:\/\/clinicmono.com\/fr\/product\/param-pos-test\/\" class=\"wc-block-grid__product-link\">\n\t\t\t\t\t\n\t\t\t\t\t<div class=\"wc-block-grid__product-image\"><img decoding=\"async\" width=\"600\" height=\"600\" src=\"https:\/\/clinicmono.com\/wp-content\/uploads\/2023\/01\/monobannermobil-600x600-1.webp\" class=\"attachment-woocommerce_thumbnail size-woocommerce_thumbnail\" alt=\"Param POS Test\" srcset=\"https:\/\/clinicmono.com\/wp-content\/uploads\/2023\/01\/monobannermobil-600x600-1.webp 600w, https:\/\/clinicmono.com\/wp-content\/uploads\/2023\/01\/monobannermobil-600x600-1-300x300.webp 300w, https:\/\/clinicmono.com\/wp-content\/uploads\/2023\/01\/monobannermobil-600x600-1-500x500.webp 500w, https:\/\/clinicmono.com\/wp-content\/uploads\/2023\/01\/monobannermobil-600x600-1-400x400.webp 400w, https:\/\/clinicmono.com\/wp-content\/uploads\/2023\/01\/monobannermobil-600x600-1-150x150.webp 150w\" sizes=\"(max-width: 600px) 100vw, 600px\" \/><\/div>\n\t\t\t\t\t<div class=\"wc-block-grid__product-title\">Param POS Test<\/div>\n\t\t\t\t<\/a>\n\t\t\t\t<div class=\"wc-block-grid__product-price price\"><span class=\"woocommerce-Price-amount amount\">USD<span class=\"woocommerce-Price-currencySymbol\">$<\/span>1.00<\/span><\/div>\n\t\t\t\t\n\t\t\t\t<div class=\"wp-block-button wc-block-grid__product-add-to-cart\"><a href=\"\/fr\/wp-json\/wp\/v2\/pages\/135988?add-to-cart=42542\" aria-label=\"Ajouter au panier\u00a0: &ldquo;Param POS Test&rdquo;\" data-quantity=\"1\" data-product_id=\"42542\" data-product_sku=\"\" data-price=\"1\" rel=\"nofollow\" class=\"wp-block-button__link  add_to_cart_button ajax_add_to_cart\">Ajouter au panier<\/a><\/div>\n\t\t\t<\/li><li class=\"wc-block-grid__product\">\n\t\t\t\t<a href=\"https:\/\/clinicmono.com\/fr\/product\/mono-package-74\/\" class=\"wc-block-grid__product-link\">\n\t\t\t\t\t\n\t\t\t\t\t<div class=\"wc-block-grid__product-image\"><img decoding=\"async\" width=\"600\" height=\"600\" src=\"https:\/\/clinicmono.com\/wp-content\/uploads\/2023\/01\/monobannermobil-600x600-1.webp\" class=\"attachment-woocommerce_thumbnail size-woocommerce_thumbnail\" alt=\"Mono Package 74\" srcset=\"https:\/\/clinicmono.com\/wp-content\/uploads\/2023\/01\/monobannermobil-600x600-1.webp 600w, https:\/\/clinicmono.com\/wp-content\/uploads\/2023\/01\/monobannermobil-600x600-1-300x300.webp 300w, https:\/\/clinicmono.com\/wp-content\/uploads\/2023\/01\/monobannermobil-600x600-1-500x500.webp 500w, https:\/\/clinicmono.com\/wp-content\/uploads\/2023\/01\/monobannermobil-600x600-1-400x400.webp 400w, https:\/\/clinicmono.com\/wp-content\/uploads\/2023\/01\/monobannermobil-600x600-1-150x150.webp 150w\" sizes=\"(max-width: 600px) 100vw, 600px\" \/><\/div>\n\t\t\t\t\t<div class=\"wc-block-grid__product-title\">Mono Package 74<\/div>\n\t\t\t\t<\/a>\n\t\t\t\t<div class=\"wc-block-grid__product-price price\"><span class=\"woocommerce-Price-amount amount\">USD<span class=\"woocommerce-Price-currencySymbol\">$<\/span>80.00<\/span><\/div>\n\t\t\t\t\n\t\t\t\t<div class=\"wp-block-button wc-block-grid__product-add-to-cart\"><a href=\"\/fr\/wp-json\/wp\/v2\/pages\/135988?add-to-cart=42364\" aria-label=\"Ajouter au panier\u00a0: &ldquo;Mono Package 74&rdquo;\" data-quantity=\"1\" data-product_id=\"42364\" data-product_sku=\"\" data-price=\"80\" rel=\"nofollow\" class=\"wp-block-button__link  add_to_cart_button ajax_add_to_cart\">Ajouter au panier<\/a><\/div>\n\t\t\t<\/li><\/ul><\/div><\/div>\n<\/div>\n","protected":false},"excerpt":{"rendered":"Vous pourriez \u00eatre int\u00e9ress\u00e9 par... Votre panier est actuellement vide ! Nouveau en magasin","protected":false},"author":1,"featured_media":0,"parent":0,"menu_order":0,"comment_status":"closed","ping_status":"closed","template":"","meta":{"_mi_skip_tracking":false,"_monsterinsights_sitenote_active":false,"_monsterinsights_sitenote_note":"","_monsterinsights_sitenote_category":0,"_uf_show_specific_survey":0,"_uf_disable_surveys":false,"footnotes":""},"procedure":[],"class_list":["post-135988","page","type-page","status-publish","hentry"],"_links":{"self":[{"href":"https:\/\/clinicmono.com\/fr\/wp-json\/wp\/v2\/pages\/135988","targetHints":{"allow":["GET"]}}],"collection":[{"href":"https:\/\/clinicmono.com\/fr\/wp-json\/wp\/v2\/pages"}],"about":[{"href":"https:\/\/clinicmono.com\/fr\/wp-json\/wp\/v2\/types\/page"}],"author":[{"embeddable":true,"href":"https:\/\/clinicmono.com\/fr\/wp-json\/wp\/v2\/users\/1"}],"replies":[{"embeddable":true,"href":"https:\/\/clinicmono.com\/fr\/wp-json\/wp\/v2\/comments?post=135988"}],"version-history":[{"count":0,"href":"https:\/\/clinicmono.com\/fr\/wp-json\/wp\/v2\/pages\/135988\/revisions"}],"wp:attachment":[{"href":"https:\/\/clinicmono.com\/fr\/wp-json\/wp\/v2\/media?parent=135988"}],"wp:term":[{"taxonomy":"procedure","embeddable":true,"href":"https:\/\/clinicmono.com\/fr\/wp-json\/wp\/v2\/procedure?post=135988"}],"curies":[{"name":"wp","href":"https:\/\/api.w.org\/{rel}","templated":true}]}}