{"id":135905,"date":"2023-11-20T17:17:52","date_gmt":"2023-11-20T17:17:52","guid":{"rendered":"https:\/\/clinicmono.com\/cerveau-et-neurochirurgie\/neurochirurgie\/"},"modified":"2024-07-25T14:12:32","modified_gmt":"2024-07-25T14:12:32","slug":"neurochirurgie","status":"publish","type":"page","link":"https:\/\/clinicmono.com\/fr\/cerveau-et-neurochirurgie\/neurochirurgie\/","title":{"rendered":"Neurochirurgie"},"content":{"rendered":"<section class=\"l-section wpb_row height_custom with_img parallax_ver\"><div class=\"l-section-img\" role=\"img\" data-img-width=\"1920\" data-img-height=\"600\" style=\"background-image: url(https:\/\/clinicmono.com\/wp-content\/uploads\/2023\/11\/neurosurgery.webp);background-size: auto;\"><\/div><div class=\"l-section-overlay\" style=\"background:rgba(0,0,0,0.47)\"><\/div><div class=\"l-section-h i-cf\"><div class=\"g-cols vc_row via_flex valign_top type_default stacking_default\"><div class=\"vc_col-sm-12 wpb_column vc_column_container\"><div class=\"vc_column-inner\"><div class=\"wpb_wrapper\"><div class=\"wpb_text_column us_custom_8b3d6790 has_text_color\"><div class=\"wpb_wrapper\"><h1 style=\"text-align: center;\">Neurochirurgie<\/h1>\n<\/div><\/div><div class=\"w-separator size_small\"><\/div><nav class=\"g-breadcrumbs us_custom_8b3d6790 has_text_color separator_icon align_center\" itemscope itemtype=\"http:\/\/schema.org\/BreadcrumbList\"><div class=\"g-breadcrumbs-item\">Pages<\/div><\/nav><div class=\"w-separator size_small\"><\/div><\/div><\/div><\/div><\/div><\/div><\/section><section class=\"l-section wpb_row height_small\"><div class=\"l-section-h i-cf\"><div class=\"g-cols vc_row via_flex valign_top type_default stacking_default\"><div class=\"vc_col-sm-8 wpb_column vc_column_container\"><div class=\"vc_column-inner\"><div class=\"wpb_wrapper\"><div class=\"g-cols wpb_row us_custom_4f163811 via_flex valign_top type_default stacking_default\"><div class=\"vc_col-sm-12 wpb_column vc_column_container\"><div class=\"vc_column-inner\"><div class=\"wpb_wrapper\"><h3 class=\"w-text\"><span class=\"w-text-h\"><span class=\"w-text-value\">Aper\u00e7u de la proc\u00e9dure<\/span><\/span><\/h3><div class=\"w-separator size_small\"><\/div><div class=\"w-iconbox iconpos_left style_default color_primary align_left no_text\"><div class=\"w-iconbox-icon\" style=\"font-size:1.4rem;\"><i class=\"fas fa-procedures\"><\/i><\/div><div class=\"w-iconbox-meta\"><h4 class=\"w-iconbox-title\">Proc\u00e9dure<\/h4><\/div><\/div><div class=\"w-separator size_small\"><\/div><div class=\"w-iconbox iconpos_left style_default color_primary align_left no_text\"><div class=\"w-iconbox-icon\" style=\"font-size:1rem;\"><i class=\"fas fa-clock\"><\/i><\/div><div class=\"w-iconbox-meta\"><h4 class=\"w-iconbox-title\">Dur\u00e9e de la chirurgie<\/h4><\/div><\/div><div class=\"w-separator size_small\"><\/div><div class=\"w-iconbox iconpos_left style_default color_primary align_left no_text\"><div class=\"w-iconbox-icon\" style=\"font-size:1rem;\"><i class=\"fas fa-hospital\"><\/i><\/div><div class=\"w-iconbox-meta\"><h4 class=\"w-iconbox-title\">S\u00e9jour \u00e0 l&#039;h\u00f4pital<\/h4><\/div><\/div><div class=\"w-separator size_small\"><\/div><div class=\"w-iconbox iconpos_left style_default color_primary align_left no_text\"><div class=\"w-iconbox-icon\" style=\"font-size:1rem;\"><i class=\"fas fa-syringe\"><\/i><\/div><div class=\"w-iconbox-meta\"><h4 class=\"w-iconbox-title\">Anesth\u00e9sie<\/h4><\/div><\/div><\/div><\/div><\/div><\/div><\/div><\/div><\/div><div class=\"vc_col-sm-4 wpb_column vc_column_container\"><div class=\"vc_column-inner\"><div class=\"wpb_wrapper\"><div class=\"g-cols wpb_row us_custom_c5a47681 via_flex valign_top type_default stacking_default\"><div class=\"vc_col-sm-12 wpb_column vc_column_container\"><div class=\"vc_column-inner\"><div class=\"wpb_wrapper\"><h3 class=\"w-text\"><span class=\"w-text-h\"><span class=\"w-text-value\">Obtenez une consultation gratuite<\/span><\/span><\/h3><div class=\"w-separator size_small\"><\/div><div class=\"wpforms-container wpforms-render-modern\" id=\"wpforms-22672\"><form id=\"wpforms-form-22672\" class=\"wpforms-validate wpforms-form wpforms-ajax-form\" data-formid=\"22672\" method=\"post\" enctype=\"multipart\/form-data\" action=\"\/fr\/wp-json\/wp\/v2\/pages\/135905\" data-token=\"b0458889dddffc2c7d425fa2141ee4eb\" data-token-time=\"1775427693\"><noscript class=\"wpforms-error-noscript\">Veuillez activer JavaScript dans votre navigateur pour remplir ce formulaire.<\/noscript><div id=\"wpforms-error-noscript\" style=\"display: none;\">Veuillez activer JavaScript dans votre navigateur pour remplir ce formulaire.<\/div><div class=\"wpforms-field-container\"><div id=\"wpforms-22672-field_0-container\" class=\"wpforms-field wpforms-field-name\" data-field-id=\"0\"><label class=\"wpforms-field-label wpforms-label-hide\" for=\"wpforms-22672-field_0\" aria-hidden=\"false\">Name <span class=\"wpforms-required-label\" aria-hidden=\"true\">*<\/span><\/label><input type=\"text\" id=\"wpforms-22672-field_0\" class=\"wpforms-field-large wpforms-field-required\" name=\"wpforms[fields][0]\" placeholder=\"Name and Lastname\" aria-errormessage=\"wpforms-22672-field_0-error\" required><\/div><div id=\"wpforms-22672-field_5-container\" class=\"wpforms-field wpforms-field-phone\" data-field-id=\"5\"><label class=\"wpforms-field-label wpforms-label-hide\" for=\"wpforms-22672-field_5\" aria-hidden=\"false\">Phone <span class=\"wpforms-required-label\" aria-hidden=\"true\">*<\/span><\/label><input type=\"tel\" id=\"wpforms-22672-field_5\" class=\"wpforms-field-large wpforms-field-required wpforms-smart-phone-field\" data-rule-smart-phone-field=\"true\" name=\"wpforms[fields][5]\" aria-label=\"Phone\" aria-errormessage=\"wpforms-22672-field_5-error\" required><\/div><div id=\"wpforms-22672-field_12-container\" class=\"wpforms-field wpforms-field-hidden\" data-field-id=\"12\"><input type=\"hidden\" id=\"wpforms-22672-field_12\" name=\"wpforms[fields][12]\"><\/div><div id=\"wpforms-22672-field_10-container\" class=\"wpforms-field wpforms-field-hidden\" data-field-id=\"10\"><input type=\"hidden\" id=\"wpforms-22672-field_10\" name=\"wpforms[fields][10]\" value=\"https:\/\/clinicmono.com\/fr\/wp-json\/wp\/v2\/pages\/135905 \"><\/div>\t\t<div id=\"wpforms-22672-field_1-container\"\n\t\t\tclass=\"wpforms-field wpforms-field-text\"\n\t\t\tdata-field-type=\"text\"\n\t\t\tdata-field-id=\"1\"\n\t\t\t>\n\t\t\t<label class=\"wpforms-field-label\" for=\"wpforms-22672-field_1\" >Page Phone Title<\/label>\n\t\t\t<input type=\"text\" id=\"wpforms-22672-field_1\" class=\"wpforms-field-medium\" name=\"wpforms[fields][1]\" >\n\t\t<\/div>\n\t\t<div id=\"wpforms-22672-field_15-container\" class=\"wpforms-field wpforms-field-hidden\" data-field-id=\"15\"><input type=\"hidden\" id=\"wpforms-22672-field_15\" name=\"wpforms[fields][15]\" value=\" 216.73.216.191 {entry_geolocation} \"><\/div><script>\n\t\t\t\t( function() {\n\t\t\t\t\tconst style = document.createElement( 'style' );\n\t\t\t\t\tstyle.appendChild( document.createTextNode( '#wpforms-22672-field_1-container { position: absolute !important; overflow: hidden !important; display: inline !important; height: 1px !important; width: 1px !important; z-index: -1000 !important; padding: 0 !important; } #wpforms-22672-field_1-container input { visibility: hidden; } #wpforms-conversational-form-page #wpforms-22672-field_1-container label { counter-increment: none; }' ) );\n\t\t\t\t\tdocument.head.appendChild( style );\n\t\t\t\t\tdocument.currentScript?.remove();\n\t\t\t\t} )();\n\t\t\t<\/script><\/div><!-- .wpforms-field-container --><div class=\"wpforms-recaptcha-container wpforms-is-recaptcha wpforms-is-recaptcha-type-v3\" ><input type=\"hidden\" name=\"wpforms[recaptcha]\" value=\"\"><\/div><div class=\"wpforms-submit-container\" ><input type=\"hidden\" name=\"wpforms[id]\" value=\"22672\"><input type=\"hidden\" name=\"page_title\" value=\"\"><input type=\"hidden\" name=\"page_url\" value=\"https:\/\/clinicmono.com\/fr\/wp-json\/wp\/v2\/pages\/135905\"><input type=\"hidden\" name=\"url_referer\" value=\"\"><button type=\"submit\" name=\"wpforms[submit]\" id=\"wpforms-submit-22672\" class=\"wpforms-submit\" data-alt-text=\"Sending...\" data-submit-text=\"Get a Free Consultation\" aria-live=\"assertive\" value=\"wpforms-submit\">Get a Free Consultation<\/button><img loading=\"lazy\" decoding=\"async\" src=\"https:\/\/clinicmono.com\/wp-content\/plugins\/wpforms\/assets\/images\/submit-spin.svg\" class=\"wpforms-submit-spinner\" style=\"display: none;\" width=\"26\" height=\"26\" alt=\"Chargement en cours\"><\/div><\/form><\/div>  <!-- .wpforms-container --><\/div><\/div><\/div><\/div><\/div><\/div><\/div><\/div><\/div><\/section><section class=\"l-section wpb_row us_custom_0d5503c3 height_custom\"><div class=\"l-section-h i-cf\"><div class=\"g-cols vc_row via_flex valign_top type_default stacking_default\"><div class=\"vc_col-sm-12 wpb_column vc_column_container\"><div class=\"vc_column-inner\"><div class=\"wpb_wrapper\"><div class=\"g-cols wpb_row us_custom_1b04de86 via_flex valign_top type_default stacking_default\"><div class=\"vc_col-sm-8 wpb_column vc_column_container\"><div class=\"vc_column-inner\"><div class=\"wpb_wrapper\"><div class=\"w-hwrapper valign_top wrap align_left\"><div class=\"wpb_text_column\"><div class=\"wpb_wrapper\"><h4><a href=\"#procedures\">Proc\u00e9dure<\/a><\/h4>\n<\/div><\/div><div class=\"wpb_text_column\"><div class=\"wpb_wrapper\"><h4>|<\/h4>\n<\/div><\/div><div class=\"wpb_text_column\"><div class=\"wpb_wrapper\"><h4><a href=\"#cost\">Co\u00fbt<\/a><\/h4>\n<\/div><\/div><div class=\"wpb_text_column\"><div class=\"wpb_wrapper\"><h4>|<\/h4>\n<\/div><\/div><div class=\"wpb_text_column\"><div class=\"wpb_wrapper\"><h4><a href=\"#clinic\">Clinique<\/a><\/h4>\n<\/div><\/div><div class=\"wpb_text_column\"><div class=\"wpb_wrapper\"><h4>|<\/h4>\n<\/div><\/div><div class=\"wpb_text_column\"><div class=\"wpb_wrapper\"><h4><a href=\"#recovery\">R\u00e9cup\u00e9ration<\/a><\/h4>\n<\/div><\/div><div class=\"wpb_text_column\"><div class=\"wpb_wrapper\"><h4>|<\/h4>\n<\/div><\/div><div class=\"wpb_text_column\"><div class=\"wpb_wrapper\"><h4><a href=\"#reviews\">Commentaires<\/a><\/h4>\n<\/div><\/div><div class=\"wpb_text_column\"><div class=\"wpb_wrapper\"><h4>|<\/h4>\n<\/div><\/div><div class=\"wpb_text_column\"><div class=\"wpb_wrapper\"><h4><a href=\"#surgeons\">Chirurgiens<\/a><\/h4>\n<\/div><\/div><div class=\"wpb_text_column\"><div class=\"wpb_wrapper\"><h4>|<\/h4>\n<\/div><\/div><div class=\"wpb_text_column\"><div class=\"wpb_wrapper\"><h4><a href=\"#faqs\">FAQ<\/a><\/h4>\n<\/div><\/div><\/div><\/div><\/div><\/div><div class=\"vc_col-sm-4 wpb_column vc_column_container\"><div class=\"vc_column-inner\"><div class=\"wpb_wrapper\"><div class=\"wpb_text_column\"><div class=\"wpb_wrapper\"><h5 style=\"text-align: center;\"><strong>R\u00e9vis\u00e9 et approuv\u00e9 par<\/strong><\/h5>\n<\/div><\/div><div class=\"w-separator hide_on_default hide_on_laptops size_medium\"><\/div><\/div><\/div><\/div><\/div><div class=\"w-separator size_small\"><\/div><div class=\"g-cols wpb_row via_flex valign_top type_default stacking_default\" id=\"procedures\"><div class=\"vc_col-sm-12 wpb_column vc_column_container\"><div class=\"vc_column-inner\"><div class=\"wpb_wrapper\"><div class=\"wpb_text_column\"><div class=\"wpb_wrapper\"><h1>Neurochirurgie<\/h1>\n<p>  La neurochirurgie est un domaine sp\u00e9cialis\u00e9 de la m\u00e9decine qui se concentre sur l&#8217;identification, le traitement et le contr\u00f4le des troubles du syst\u00e8me neurologique complexe.<br \/>\nLe cerveau, la moelle \u00e9pini\u00e8re et les nerfs des membres font partie du syst\u00e8me nerveux.<\/p>\n<\/div><\/div><\/div><\/div><\/div><\/div><div class=\"w-separator size_small\"><\/div><div class=\"g-cols wpb_row via_flex valign_top type_default stacking_default\"><div class=\"vc_col-sm-12 wpb_column vc_column_container\"><div class=\"vc_column-inner\"><div class=\"wpb_wrapper\"><div class=\"wpb_text_column\"><div class=\"wpb_wrapper\"><h2>Types de neurochirurgie<\/h2>\n<p>  De nombreuses techniques chirurgicales sont utilis\u00e9es en neurochirurgie, et chacune est destin\u00e9e \u00e0 traiter un probl\u00e8me particulier et unique affectant le syst\u00e8me neurologique.<br \/>\nLes formes les plus fr\u00e9quentes de neurochirurgie sont les suivantes : <strong>La chirurgie des tumeurs c\u00e9r\u00e9brales :<\/strong> Les neurochirurgiens effectuent des op\u00e9rations pour \u00e9liminer ou traiter les tumeurs et autres excroissances anormales dans le cerveau. <strong>Chirurgie de l&#8217;\u00e9pilepsie : <\/strong>La neurochirurgie peut aider les personnes \u00e9pileptiques dont les crises ne sont pas contr\u00f4l\u00e9es par les m\u00e9dicaments. <strong>Chirurgie neurovasculaire :<\/strong> Pour traiter des troubles tels que les an\u00e9vrismes et les malformations art\u00e9rio-veineuses (MAV), les neurochirurgiens op\u00e8rent les vaisseaux sanguins du cerveau. <strong>Neurochirurgie p\u00e9diatrique : <\/strong>C&#8217;est dans ce domaine que les sp\u00e9cialistes traitent les enfants atteints de tumeurs, de troubles cong\u00e9nitaux et de probl\u00e8mes de d\u00e9veloppement.<\/p>\n<\/div><\/div><\/div><\/div><\/div><\/div><div class=\"w-separator size_small\"><\/div><div class=\"g-cols wpb_row via_flex valign_top type_default stacking_default\"><div class=\"vc_col-sm-12 wpb_column vc_column_container\"><div class=\"vc_column-inner\"><div class=\"wpb_wrapper\"><div class=\"wpb_text_column\"><div class=\"wpb_wrapper\"><h2>Qu&#8217;est-ce qu&#8217;un neurochirurgien ?<\/h2>\n<p>  Un neurochirurgien est un sp\u00e9cialiste m\u00e9dical hautement qualifi\u00e9 qui a suivi une formation approfondie en neurochirurgie.<br \/>\nCes chirurgiens du cerveau sont les experts de r\u00e9f\u00e9rence pour les cas compliqu\u00e9s, car ils sont capables de r\u00e9aliser des traitements chirurgicaux complexes sur le syst\u00e8me neurologique.<br \/>\nIls travaillent souvent en \u00e9troite collaboration avec d&#8217;autres sp\u00e9cialistes pour offrir des soins complets aux patients souffrant de probl\u00e8mes neurologiques.<br \/>\nLe service de neurochirurgie d&#8217;un h\u00f4pital est une section sp\u00e9cialis\u00e9e qui \u00e9value, diagnostique et g\u00e8re les maladies neurologiques.<br \/>\nCe service est compos\u00e9 de chirurgiens neurologues comp\u00e9tents et exp\u00e9riment\u00e9s et d&#8217;autres sp\u00e9cialistes de la sant\u00e9 qui collaborent pour fournir les meilleurs soins.<\/p>\n<\/div><\/div><\/div><\/div><\/div><\/div><div class=\"w-separator size_small\"><\/div><div class=\"g-cols wpb_row via_flex valign_top type_default stacking_default\" id=\"clinic\"><div class=\"vc_col-sm-12 wpb_column vc_column_container\"><div class=\"vc_column-inner\"><div class=\"wpb_wrapper\"><div class=\"wpb_text_column\"><div class=\"wpb_wrapper\"><h2>Neurochirurgie par la clinique Mono<\/h2>\n<p>  La neurochirurgie est un domaine sp\u00e9cialis\u00e9 de la m\u00e9decine qui s&#8217;occupe du syst\u00e8me neurologique complexe, qui comprend le cerveau et la moelle \u00e9pini\u00e8re.<br \/>\nPour de nombreuses raisons convaincantes, la Clinique Mono en Turquie est la meilleure option pour ceux qui ont besoin d&#8217;une th\u00e9rapie aussi sp\u00e9cialis\u00e9e.<br \/>\nLorsque les sp\u00e9cialistes du cerveau sous contrat de la Clinique Mono effectuent la proc\u00e9dure neurochirurgicale n\u00e9cessaire, vous \u00eates certain de b\u00e9n\u00e9ficier d&#8217;un traitement de premier ordre dispens\u00e9 par des mains hautement qualifi\u00e9es et exp\u00e9riment\u00e9es.<br \/>\nLa Clinique Mono collabore avec les neurochirurgiens les plus comp\u00e9tents de Turquie pour effectuer les op\u00e9rations neurochirurgicales.<br \/>\nLa neurochirurgie exige de la pr\u00e9cision, c&#8217;est pourquoi nous investissons dans les services m\u00e9dicaux, les innovations et les technologies les plus r\u00e9cents.<br \/>\nLes outils de pointe des \u00e9tablissements de sant\u00e9 collaborant avec la Clinique Mono permettent des processus pr\u00e9cis, r\u00e9duisant les risques et am\u00e9liorant les r\u00e9sultats.<br \/>\nL&#8217;approche neurochirurgicale de Mono tient compte du fait que le cerveau de chaque personne est aussi unique que son empreinte digitale. Nous proposons donc des traitements individualis\u00e9s car nous reconnaissons que chaque patient est unique.<\/p>\n<\/div><\/div><\/div><\/div><\/div><\/div><div class=\"vc_col-sm-12 wpb_column vc_column_container\"><div class=\"vc_column-inner\"><div class=\"wpb_wrapper\"><\/div><\/div><\/div><div class=\"w-separator size_small\"><\/div><div class=\"g-cols wpb_row via_flex valign_top type_default stacking_default\" id=\"surgeons\"><div class=\"vc_col-sm-12 wpb_column vc_column_container\"><div class=\"vc_column-inner\"><div class=\"wpb_wrapper\"><div class=\"wpb_text_column\"><div class=\"wpb_wrapper\"><h2>Les meilleurs neurochirurgiens de Turquie<\/h2>\n<p>  Les chirurgiens du cerveau affili\u00e9s \u00e0 la Clinique Mono en Turquie sont hautement qualifi\u00e9s et exp\u00e9riment\u00e9s en neurochirurgie.<br \/>\nDans le cadre de la collaboration entre la Clinique Mono et les \u00e9tablissements de sant\u00e9 sp\u00e9cialis\u00e9s en neurochirurgie, ces chirurgiens talentueux mettent \u00e0 profit leur expertise pour traiter des probl\u00e8mes tels que les tumeurs c\u00e9r\u00e9brales, les an\u00e9vrismes et les l\u00e9sions c\u00e9r\u00e9brales traumatiques.<br \/>\nLes op\u00e9rations de neurochirurgie comprennent souvent des interventions complexes.<br \/>\nLes avantages de ces traitements, effectu\u00e9s par des neurochirurgiens engag\u00e9s et comp\u00e9tents, sont inestimables sur le chemin de la gu\u00e9rison.<br \/>\nLa Clinique Mono r\u00e9unit des m\u00e9decins qui utilisent les technologies les plus r\u00e9centes, telles que l&#8217;imagerie neurochirurgicale, afin de garantir un diagnostic et un plan de traitement pr\u00e9cis pour leurs patients.<br \/>\nLes comp\u00e9tences des neurochirurgiens sont cruciales lorsqu&#8217;il s&#8217;agit de maladies potentiellement mortelles telles que les caillots c\u00e9r\u00e9braux.<br \/>\nCes experts m\u00e9dicaux hautement sp\u00e9cialis\u00e9s sont indispensables pour g\u00e9rer de telles crises et sont experts en chirurgies neurologiques complexes.<\/p>\n<\/div><\/div><\/div><\/div><\/div><\/div><div class=\"w-separator size_small\"><\/div><div class=\"g-cols wpb_row via_flex valign_top type_default stacking_default\" id=\"cost\"><div class=\"vc_col-sm-12 wpb_column vc_column_container\"><div class=\"vc_column-inner\"><div class=\"wpb_wrapper\"><div class=\"wpb_text_column\"><div class=\"wpb_wrapper\"><h2>Prix de la neurochirurgie en Turquie<\/h2>\n<p>  \u00cates-vous pr\u00e9occup\u00e9 par les co\u00fbts de la neurochirurgie ?<br \/>\nLes services de neurochirurgie propos\u00e9s par la Clinique Mono sont propos\u00e9s \u00e0 des prix raisonnables, ce qui vous permet de recevoir des soins de qualit\u00e9 sans faire de compromis sur la qualit\u00e9 en raison des co\u00fbts.<br \/>\nM\u00eame si le co\u00fbt de la neurochirurgie peut varier, le fait de trouver une clinique de neurochirurgie digne de confiance et le chirurgien neurologique id\u00e9al peut faire toute la diff\u00e9rence pour assurer le meilleur r\u00e9sultat pour le patient dans de telles circonstances.<br \/>\nIl est judicieux de se renseigner sur le co\u00fbt de la neurochirurgie lorsque l&#8217;on envisage la proc\u00e9dure et les co\u00fbts qui l&#8217;accompagnent.<br \/>\nLe co\u00fbt de la neurochirurgie peut varier consid\u00e9rablement en fonction de plusieurs variables, notamment le type de proc\u00e9dure, la complexit\u00e9 du cas et l&#8217;emplacement de l&#8217;h\u00f4pital.<br \/>\nToutefois, la clinique Mono, en Turquie, propose des services de neurochirurgie abordables et de grande qualit\u00e9.<br \/>\nLes chirurgiens c\u00e9r\u00e9braux qualifi\u00e9s choisis par Mono font autorit\u00e9 dans leur profession.<br \/>\nLes chirurgiens neurologues, parfois appel\u00e9s chirurgiens du cerveau, sont des experts dans le traitement d&#8217;une vari\u00e9t\u00e9 de troubles du cerveau et du syst\u00e8me nerveux.<\/p>\n<\/div><\/div><\/div><\/div><\/div><\/div><div class=\"w-separator size_small\"><\/div><div class=\"g-cols wpb_row via_flex valign_top type_default stacking_default\"><div class=\"vc_col-sm-12 wpb_column vc_column_container\"><div class=\"vc_column-inner\"><div class=\"wpb_wrapper\"><div class=\"w-html\"><table class=\"customTable\">\n  <thead>\n    <tr>\n      <th>Type de proc\u00e9dure<\/th><th>Mono<\/th><th>Co\u00fbt UK<\/th><th>Co\u00fbt UE<\/th><th>Co\u00fbt US<\/th>\n    <\/tr>\n  <\/thead>\n  <tbody>\n    <tr>\n      <td>Neurochirurgie<\/td><td>\u00a34000-\u00a36000<\/td>\n      <td><\/td>\n      <td><\/td>\n      <td><\/td>\n    <\/tr>\n  <\/tbody>\n<\/table><\/div><\/div><\/div><\/div><\/div><div class=\"w-separator size_small\"><\/div><div class=\"g-cols wpb_row via_flex valign_top type_default stacking_default\" id=\"reviews\"><div class=\"vc_col-sm-12 wpb_column vc_column_container\"><div class=\"vc_column-inner\"><div class=\"wpb_wrapper\"><div class=\"wpb_text_column\"><div class=\"wpb_wrapper\"><h2>Neurochirurgie Turquie Commentaires<\/h2>\n<p>  Les t\u00e9moignages de patients en neurochirurgie t\u00e9moignent du professionnalisme et de l&#8217;engagement des m\u00e9decins.<br \/>\nLes neurochirurgiens accordent la priorit\u00e9 au bien-\u00eatre de leurs patients et respectent des normes \u00e9thiques strictes.<br \/>\nLes commentaires positifs ou n\u00e9gatifs sont pris en compte pour am\u00e9liorer leurs services.<br \/>\nLa difficult\u00e9 des op\u00e9rations neurochirurgicales met en \u00e9vidence la valeur des commentaires sinc\u00e8res.<br \/>\nLes patients donnent des \u00e9valuations honn\u00eates parce qu&#8217;ils comprennent la gravit\u00e9 de leur situation.<br \/>\nCes \u00e9l\u00e9ments garantissent la validit\u00e9 et l&#8217;int\u00e9grit\u00e9 des avis sur la neurochirurgie, ce qui en fait une ressource inestimable pour les personnes \u00e0 la recherche d&#8217;une assistance m\u00e9dicale qualifi\u00e9e dans ce domaine.<\/p>\n<\/div><\/div><\/div><\/div><\/div><\/div><div class=\"w-separator size_small\"><\/div><div class=\"g-cols wpb_row via_flex valign_top type_default stacking_default\" id=\"faqs\"><div class=\"vc_col-sm-12 wpb_column vc_column_container\"><div class=\"vc_column-inner\"><div class=\"wpb_wrapper\"><div class=\"wpb_text_column\"><div class=\"wpb_wrapper\"><h2>Questions fr\u00e9quemment pos\u00e9es sur la neurochirurgie<\/h2>\n<\/div><\/div><\/div><\/div><\/div><\/div><div class=\"w-separator size_small\"><\/div><div class=\"w-tabs style_default switch_click accordion has_scrolling\" style=\"--sections-title-size:inherit\"><div class=\"w-tabs-sections titles-align_none icon_chevron cpos_right\"><div class=\"w-tabs-section\" id=\"kfce\"><button class=\"w-tabs-section-header\" aria-controls=\"content-kfce\" aria-expanded=\"false\"><div class=\"w-tabs-section-title\">Que fait un neurochirurgien ?<br \/>\nQu&#039;est-ce que la neurochirurgie ? <\/div><div class=\"w-tabs-section-control\"><\/div><\/button><div  class=\"w-tabs-section-content\" id=\"content-kfce\"><div class=\"w-tabs-section-content-h i-cf\"><div class=\"wpb_text_column\"><div class=\"wpb_wrapper\"><p>Dans la discipline m\u00e9dicale sp\u00e9cialis\u00e9e de la neurochirurgie, les probl\u00e8mes neurologiques affectant le cerveau, la moelle \u00e9pini\u00e8re et le syst\u00e8me nerveux p\u00e9riph\u00e9rique sont diagnostiqu\u00e9s, trait\u00e9s et pris en charge chirurgicalement.<\/p>\n<\/div><\/div><\/div><\/div><\/div><div class=\"w-tabs-section\" id=\"r189\"><button class=\"w-tabs-section-header\" aria-controls=\"content-r189\" aria-expanded=\"false\"><div class=\"w-tabs-section-title\">Quelles sont les interventions neurochirurgicales de routine ?<\/div><div class=\"w-tabs-section-control\"><\/div><\/button><div  class=\"w-tabs-section-content\" id=\"content-r189\"><div class=\"w-tabs-section-content-h i-cf\"><div class=\"wpb_text_column\"><div class=\"wpb_wrapper\"><p>Parmi les nombreuses proc\u00e9dures couvertes par la neurochirurgie figurent l&#8217;ablation des tumeurs c\u00e9r\u00e9brales, les op\u00e9rations de la moelle \u00e9pini\u00e8re, le traitement des an\u00e9vrismes et les interventions pour les l\u00e9sions c\u00e9r\u00e9brales traumatiques.<br \/>\nChaque proc\u00e9dure est adapt\u00e9e \u00e0 l&#8217;\u00e9tat unique du patient.<\/p>\n<\/div><\/div><\/div><\/div><\/div><div class=\"w-tabs-section\" id=\"i309\"><button class=\"w-tabs-section-header\" aria-controls=\"content-i309\" aria-expanded=\"false\"><div class=\"w-tabs-section-title\">Combien co\u00fbte la neurochirurgie ?<\/div><div class=\"w-tabs-section-control\"><\/div><\/button><div  class=\"w-tabs-section-content\" id=\"content-i309\"><div class=\"w-tabs-section-content-h i-cf\"><div class=\"wpb_text_column\"><div class=\"wpb_wrapper\"><p>Les co\u00fbts de la neurochirurgie varient en fonction du type d&#8217;intervention et de l&#8217;h\u00f4pital o\u00f9 elle est pratiqu\u00e9e.<\/p>\n<\/div><\/div><\/div><\/div><\/div><\/div><\/div><\/div><\/div><\/div><\/div><\/div><\/section>\n","protected":false},"excerpt":{"rendered":"Neurochirurgie PagesAper\u00e7u de la proc\u00e9dureProc\u00e9dureDur\u00e9e de la chirurgieS\u00e9jour \u00e0 l&#039;h\u00f4pitalAnesth\u00e9sieObtenez une consultation gratuiteVeuillez activer JavaScript dans votre navigateur pour remplir ce formulaire.Veuillez activer JavaScript dans votre navigateur pour remplir ce formulaire.Name *Phone * URL Details Title Get a Free Consultation Proc\u00e9dure | Co\u00fbt | Clinique | R\u00e9cup\u00e9ration | Commentaires | Chirurgiens | FAQ R\u00e9vis\u00e9 et...","protected":false},"author":1,"featured_media":135907,"parent":135891,"menu_order":0,"comment_status":"closed","ping_status":"closed","template":"","meta":{"rank_math_lock_modified_date":false,"_mi_skip_tracking":false,"_monsterinsights_sitenote_active":false,"_monsterinsights_sitenote_note":"","_monsterinsights_sitenote_category":0,"_uf_show_specific_survey":0,"_uf_disable_surveys":false,"footnotes":""},"procedure":[319],"class_list":["post-135905","page","type-page","status-publish","has-post-thumbnail","hentry","procedure-brain-neurosurgery"],"_links":{"self":[{"href":"https:\/\/clinicmono.com\/fr\/wp-json\/wp\/v2\/pages\/135905"}],"collection":[{"href":"https:\/\/clinicmono.com\/fr\/wp-json\/wp\/v2\/pages"}],"about":[{"href":"https:\/\/clinicmono.com\/fr\/wp-json\/wp\/v2\/types\/page"}],"author":[{"embeddable":true,"href":"https:\/\/clinicmono.com\/fr\/wp-json\/wp\/v2\/users\/1"}],"replies":[{"embeddable":true,"href":"https:\/\/clinicmono.com\/fr\/wp-json\/wp\/v2\/comments?post=135905"}],"version-history":[{"count":1,"href":"https:\/\/clinicmono.com\/fr\/wp-json\/wp\/v2\/pages\/135905\/revisions"}],"predecessor-version":[{"id":135912,"href":"https:\/\/clinicmono.com\/fr\/wp-json\/wp\/v2\/pages\/135905\/revisions\/135912"}],"up":[{"embeddable":true,"href":"https:\/\/clinicmono.com\/fr\/wp-json\/wp\/v2\/pages\/135891"}],"wp:featuredmedia":[{"embeddable":true,"href":"https:\/\/clinicmono.com\/fr\/wp-json\/wp\/v2\/media\/135907"}],"wp:attachment":[{"href":"https:\/\/clinicmono.com\/fr\/wp-json\/wp\/v2\/media?parent=135905"}],"wp:term":[{"taxonomy":"procedure","embeddable":true,"href":"https:\/\/clinicmono.com\/fr\/wp-json\/wp\/v2\/procedure?post=135905"}],"curies":[{"name":"wp","href":"https:\/\/api.w.org\/{rel}","templated":true}]}}