{"id":135705,"date":"2023-10-03T15:31:41","date_gmt":"2023-10-03T15:31:41","guid":{"rendered":"https:\/\/clinicmono.com\/parrainez-votre-ami\/"},"modified":"2024-07-25T14:11:31","modified_gmt":"2024-07-25T14:11:31","slug":"parrainez-votre-ami","status":"publish","type":"page","link":"https:\/\/clinicmono.com\/fr\/parrainez-votre-ami\/","title":{"rendered":"Parrainez votre ami"},"content":{"rendered":"<section class=\"l-section wpb_row height_custom with_img\"><div class=\"l-section-img\" role=\"img\" data-img-width=\"1920\" data-img-height=\"400\" style=\"background-image: url(https:\/\/clinicmono.com\/wp-content\/uploads\/2023\/05\/call1.jpg);background-repeat: no-repeat;background-size: auto;\"><\/div><div class=\"l-section-h i-cf\"><div class=\"g-cols vc_row via_flex valign_top type_default stacking_default\"><div class=\"vc_col-sm-12 wpb_column vc_column_container\"><div class=\"vc_column-inner\"><div class=\"wpb_wrapper\"><div class=\"wpb_text_column\"><div class=\"wpb_wrapper\"><h1 style=\"text-align: center;\">Parrainez votre ami<\/h1>\n<\/div><\/div><nav class=\"g-breadcrumbs separator_icon align_center\" itemscope itemtype=\"http:\/\/schema.org\/BreadcrumbList\"><div class=\"g-breadcrumbs-item\" itemscope itemprop=\"itemListElement\" itemtype=\"http:\/\/schema.org\/ListItem\"><a itemprop=\"item\" href=\"https:\/\/clinicmono.com\/fr\/\"><span itemprop=\"name\">Clinique Mono<\/span><\/a><meta itemprop=\"position\" content=\"1\"\/><\/div><div class=\"g-breadcrumbs-separator\"><i class=\"far fa-angle-double-right\"><\/i><\/div><div class=\"g-breadcrumbs-item\">Pages<\/div><\/nav><\/div><\/div><\/div><\/div><\/div><\/section><section class=\"l-section wpb_row height_custom\"><div class=\"l-section-h i-cf\"><div class=\"g-cols vc_row via_flex valign_middle type_default stacking_default\"><div class=\"vc_col-sm-6 wpb_column vc_column_container\"><div class=\"vc_column-inner\"><div class=\"wpb_wrapper\"><div class=\"g-cols wpb_row via_flex valign_top type_default stacking_default\"><div class=\"vc_col-sm-12 wpb_column vc_column_container\"><div class=\"vc_column-inner\"><div class=\"wpb_wrapper\"><div class=\"wpb_text_column\"><div class=\"wpb_wrapper\"><h3>PAS D&#8217;\u00c9QUIPES, PAS DE T\u00c2CHES QUOTIDIENNES ET PAS D&#8217;EFFORTS<\/h3>\n<\/div><\/div><div class=\"w-separator size_medium\"><\/div><div class=\"wpforms-container wpforms-render-modern\" id=\"wpforms-42154\"><form id=\"wpforms-form-42154\" class=\"wpforms-validate wpforms-form wpforms-ajax-form\" data-formid=\"42154\" method=\"post\" enctype=\"multipart\/form-data\" action=\"\/fr\/wp-json\/wp\/v2\/pages\/135705\" data-token=\"99ec8adf10ce650053f26c5f7013de2a\" data-token-time=\"1776316795\"><noscript class=\"wpforms-error-noscript\">Veuillez activer JavaScript dans votre navigateur pour remplir ce formulaire.<\/noscript><div id=\"wpforms-error-noscript\" style=\"display: none;\">Veuillez activer JavaScript dans votre navigateur pour remplir ce formulaire.<\/div><div class=\"wpforms-field-container\"><div id=\"wpforms-42154-field_2-container\" class=\"wpforms-field wpforms-field-text\" data-field-id=\"2\"><label class=\"wpforms-field-label wpforms-label-hide\" for=\"wpforms-42154-field_2\" aria-hidden=\"false\">Name and Lastname <span class=\"wpforms-required-label\" aria-hidden=\"true\">*<\/span><\/label><input type=\"text\" id=\"wpforms-42154-field_2\" class=\"wpforms-field-large wpforms-field-required\" name=\"wpforms[fields][2]\" placeholder=\"Name And Lastname\" aria-errormessage=\"wpforms-42154-field_2-error\" required><\/div>\t\t<div id=\"wpforms-42154-field_3-container\"\n\t\t\tclass=\"wpforms-field wpforms-field-text\"\n\t\t\tdata-field-type=\"text\"\n\t\t\tdata-field-id=\"3\"\n\t\t\t>\n\t\t\t<label class=\"wpforms-field-label\" for=\"wpforms-42154-field_3\" >Phone Name Embedded<\/label>\n\t\t\t<input type=\"text\" id=\"wpforms-42154-field_3\" class=\"wpforms-field-medium\" name=\"wpforms[fields][3]\" >\n\t\t<\/div>\n\t\t<div id=\"wpforms-42154-field_1-container\" class=\"wpforms-field wpforms-field-phone\" data-field-id=\"1\"><label class=\"wpforms-field-label wpforms-label-hide\" for=\"wpforms-42154-field_1\" aria-hidden=\"false\">Phone <span class=\"wpforms-required-label\" aria-hidden=\"true\">*<\/span><\/label><input type=\"tel\" id=\"wpforms-42154-field_1\" class=\"wpforms-field-large wpforms-field-required wpforms-smart-phone-field\" data-rule-smart-phone-field=\"true\" name=\"wpforms[fields][1]\" aria-label=\"Phone\" aria-errormessage=\"wpforms-42154-field_1-error\" required><\/div><div id=\"wpforms-42154-field_8-container\" class=\"wpforms-field wpforms-field-email\" data-field-id=\"8\"><label class=\"wpforms-field-label wpforms-label-hide\" for=\"wpforms-42154-field_8\" aria-hidden=\"false\">Email <span class=\"wpforms-required-label\" aria-hidden=\"true\">*<\/span><\/label><input type=\"email\" id=\"wpforms-42154-field_8\" class=\"wpforms-field-large wpforms-field-required\" name=\"wpforms[fields][8]\" placeholder=\"Email\" spellcheck=\"false\" aria-errormessage=\"wpforms-42154-field_8-error\" required><\/div><div id=\"wpforms-42154-field_9-container\" class=\"wpforms-field wpforms-field-hidden\" data-field-id=\"9\"><input type=\"hidden\" id=\"wpforms-42154-field_9\" name=\"wpforms[fields][9]\"><\/div><script>\n\t\t\t\t( function() {\n\t\t\t\t\tconst style = document.createElement( 'style' );\n\t\t\t\t\tstyle.appendChild( document.createTextNode( '#wpforms-42154-field_3-container { position: absolute !important; overflow: hidden !important; display: inline !important; height: 1px !important; width: 1px !important; z-index: -1000 !important; padding: 0 !important; } #wpforms-42154-field_3-container input { visibility: hidden; } #wpforms-conversational-form-page #wpforms-42154-field_3-container label { counter-increment: none; }' ) );\n\t\t\t\t\tdocument.head.appendChild( style );\n\t\t\t\t\tdocument.currentScript?.remove();\n\t\t\t\t} )();\n\t\t\t<\/script><\/div><!-- .wpforms-field-container --><div class=\"wpforms-recaptcha-container wpforms-is-recaptcha wpforms-is-recaptcha-type-v3\" ><input type=\"hidden\" name=\"wpforms[recaptcha]\" value=\"\"><\/div><div class=\"wpforms-submit-container\" ><input type=\"hidden\" name=\"wpforms[id]\" value=\"42154\"><input type=\"hidden\" name=\"page_title\" value=\"\"><input type=\"hidden\" name=\"page_url\" value=\"https:\/\/clinicmono.com\/fr\/wp-json\/wp\/v2\/pages\/135705\"><input type=\"hidden\" name=\"url_referer\" value=\"\"><button type=\"submit\" name=\"wpforms[submit]\" id=\"wpforms-submit-42154\" class=\"wpforms-submit\" data-alt-text=\"Sending...\" data-submit-text=\"Join Program\" aria-live=\"assertive\" value=\"wpforms-submit\">Join Program<\/button><img loading=\"lazy\" decoding=\"async\" src=\"https:\/\/clinicmono.com\/wp-content\/plugins\/wpforms\/assets\/images\/submit-spin.svg\" class=\"wpforms-submit-spinner\" style=\"display: none;\" width=\"26\" height=\"26\" alt=\"Chargement en cours\"><\/div><\/form><\/div>  <!-- .wpforms-container --><\/div><\/div><\/div><\/div><\/div><\/div><\/div><div class=\"vc_col-sm-6 wpb_column vc_column_container\"><div class=\"vc_column-inner\"><div class=\"wpb_wrapper\"><div class=\"g-cols wpb_row via_flex valign_middle type_boxes stacking_default\"><div class=\"vc_col-sm-12 wpb_column vc_column_container\"><div class=\"vc_column-inner\"><div class=\"wpb_wrapper\"><div class=\"wpb_text_column\"><div class=\"wpb_wrapper\"><p><iframe loading=\"lazy\" title=\"Lecteur vid\u00e9o YouTube\" src=\"https:\/\/www.youtube.com\/embed\/gzr91GwNfIQ?si=WpqiOhdbqzVQ18FI\" width=\"560\" height=\"315\" frameborder=\"0\" allowfullscreen=\"allowfullscreen\"><\/iframe><\/p>\n<\/div><\/div><\/div><\/div><\/div><\/div><\/div><\/div><\/div><\/div><\/div><\/section><section class=\"l-section wpb_row height_small width_full color_primary\"><div class=\"l-section-h i-cf\"><div class=\"g-cols vc_row via_flex valign_middle type_default stacking_default\"><div class=\"vc_col-sm-1\/5 wpb_column vc_column_container\"><div class=\"vc_column-inner\"><div class=\"wpb_wrapper\"><\/div><\/div><\/div><div class=\"vc_col-sm-2\/5 wpb_column vc_column_container\"><div class=\"vc_column-inner\"><div class=\"wpb_wrapper\"><div class=\"wpb_text_column\"><div class=\"wpb_wrapper\"><h2 style=\"text-align: right;\">Si vous avez un compte<\/h2>\n<\/div><\/div><\/div><\/div><\/div><div class=\"vc_col-sm-2\/5 wpb_column vc_column_container\"><div class=\"vc_column-inner\"><div class=\"wpb_wrapper\"><div class=\"w-btn-wrapper align_left\"><a class=\"w-btn us-btn-style_1\" href=\"#\"><span class=\"w-btn-label\">Connexion<\/span><\/a><\/div><\/div><\/div><\/div><\/div><\/div><\/section><section class=\"l-section wpb_row height_custom\"><div class=\"l-section-h i-cf\"><div class=\"g-cols vc_row via_flex valign_top type_default stacking_default\"><div class=\"vc_col-sm-12 wpb_column vc_column_container\"><div class=\"vc_column-inner\"><div class=\"wpb_wrapper\"><div class=\"g-cols wpb_row via_flex valign_middle type_default stacking_default\"><div class=\"vc_col-sm-6 wpb_column vc_column_container\"><div class=\"vc_column-inner\"><div class=\"wpb_wrapper\"><div class=\"w-image align_none\"><div class=\"w-image-h\"><img decoding=\"async\" width=\"590\" height=\"420\" src=\"https:\/\/clinicmono.com\/wp-content\/uploads\/2023\/05\/ref5.webp\" class=\"attachment-full size-full\" alt=\"\" loading=\"lazy\" \/><\/div><\/div><\/div><\/div><\/div><div class=\"vc_col-sm-6 wpb_column vc_column_container\"><div class=\"vc_column-inner\"><div class=\"wpb_wrapper\"><div class=\"wpb_text_column\"><div class=\"wpb_wrapper\"><h2>COMBIEN GAGNEREZ-VOUS ?<\/h2>\n<p><em>Le montant de votre r\u00e9mun\u00e9ration d\u00e9pend de vous !<\/em><em>Plus vous <strong>recommandez<\/strong> <strong>de<\/strong> patients, <strong>plus<\/strong> vos <strong>revenus<\/strong> augmentent.<\/em><\/p>\n<\/div><\/div><\/div><\/div><\/div><\/div><div class=\"g-cols wpb_row via_flex valign_middle type_default stacking_default\"><div class=\"vc_col-sm-6 wpb_column vc_column_container\"><div class=\"vc_column-inner\"><div class=\"wpb_wrapper\"><div class=\"wpb_text_column\"><div class=\"wpb_wrapper\"><h2>QUELS SONT LES AVANTAGES DONT VOUS B\u00c9N\u00c9FICIEREZ ?<\/h2>\n<ul>\n<li>Taux de commission \u00e9lev\u00e9<\/li>\n<li>Paiement de la prime sp\u00e9ciale<\/li>\n<li>Salaire mensuel sans emploi<\/li>\n<li>Opportunit\u00e9s de vacances<\/li>\n<li>Monomoney valable sur tous les traitements au Mono<\/li>\n<\/ul>\n<\/div><\/div><\/div><\/div><\/div><div class=\"vc_col-sm-6 wpb_column vc_column_container\"><div class=\"vc_column-inner\"><div class=\"wpb_wrapper\"><div class=\"w-image align_none\"><div class=\"w-image-h\"><img decoding=\"async\" width=\"590\" height=\"385\" src=\"https:\/\/clinicmono.com\/wp-content\/uploads\/2023\/05\/holi2.webp\" class=\"attachment-full size-full\" alt=\"\" loading=\"lazy\" \/><\/div><\/div><\/div><\/div><\/div><\/div><div class=\"g-cols wpb_row via_flex valign_middle type_default stacking_default\"><div class=\"vc_col-sm-6 wpb_column vc_column_container\"><div class=\"vc_column-inner\"><div class=\"wpb_wrapper\"><div class=\"w-image align_none\"><div class=\"w-image-h\"><img decoding=\"async\" width=\"590\" height=\"420\" src=\"https:\/\/clinicmono.com\/wp-content\/uploads\/2023\/05\/boss1.webp\" class=\"attachment-full size-full\" alt=\"\" loading=\"lazy\" \/><\/div><\/div><\/div><\/div><\/div><div class=\"vc_col-sm-6 wpb_column vc_column_container\"><div class=\"vc_column-inner\"><div class=\"wpb_wrapper\"><div class=\"wpb_text_column\"><div class=\"wpb_wrapper\"><h2>DEVENEZ VOTRE PROPRE PATRON<\/h2>\n<ul>\n<li>En rejoignant le programme de parrainage Mono, vous pouvez augmenter vos revenus 24\/7.<\/li>\n<li>Gagnez de l&#8217;argent en ligne,<\/li>\n<li>Pas de changement de poste,<\/li>\n<li>Pas de t\u00e2ches quotidiennes<\/li>\n<li>Aucun effort.<\/li>\n<\/ul>\n<\/div><\/div><\/div><\/div><\/div><\/div><\/div><\/div><\/div><\/div><\/div><\/section><section class=\"l-section wpb_row height_custom\"><div class=\"l-section-h i-cf\"><div class=\"g-cols vc_row via_flex valign_top type_default stacking_default\"><div class=\"vc_col-sm-4 wpb_column vc_column_container has_bg_color\"><div class=\"vc_column-inner us_custom_92c7bab3\"><div class=\"wpb_wrapper\"><div class=\"w-iconbox iconpos_top style_default color_primary align_center no_text icontype_img\"><div class=\"w-iconbox-icon\" style=\"font-size:90px;\"><img loading=\"lazy\" decoding=\"async\" width=\"1080\" height=\"1080\" src=\"https:\/\/clinicmono.com\/wp-content\/uploads\/2023\/10\/1.png\" class=\"attachment-full size-full\" alt=\"\" srcset=\"https:\/\/clinicmono.com\/wp-content\/uploads\/2023\/10\/1.png 1080w, https:\/\/clinicmono.com\/wp-content\/uploads\/2023\/10\/1-500x500.png 500w, https:\/\/clinicmono.com\/wp-content\/uploads\/2023\/10\/1-600x600.png 600w, https:\/\/clinicmono.com\/wp-content\/uploads\/2023\/10\/1-300x300.png 300w, https:\/\/clinicmono.com\/wp-content\/uploads\/2023\/10\/1-1024x1024.png 1024w, https:\/\/clinicmono.com\/wp-content\/uploads\/2023\/10\/1-400x400.png 400w, https:\/\/clinicmono.com\/wp-content\/uploads\/2023\/10\/1-150x150.png 150w\" sizes=\"(max-width: 1080px) 100vw, 1080px\" \/><\/div><div class=\"w-iconbox-meta\"><h2 class=\"w-iconbox-title\">Parrainez un ami<\/h2><\/div><\/div><div class=\"w-separator us_custom_a9144536 size_small with_line width_50 thick_5 style_solid color_primary align_none\"><div class=\"w-separator-h\"><\/div><\/div><\/div><\/div><\/div><div class=\"vc_col-sm-4 wpb_column vc_column_container has_bg_color\"><div class=\"vc_column-inner us_custom_92c7bab3\"><div class=\"wpb_wrapper\"><div class=\"w-iconbox iconpos_top style_default color_primary align_center no_text icontype_img\"><div class=\"w-iconbox-icon\" style=\"font-size:90px;\"><img loading=\"lazy\" decoding=\"async\" width=\"1080\" height=\"1080\" src=\"https:\/\/clinicmono.com\/wp-content\/uploads\/2023\/10\/2.png\" class=\"attachment-full size-full\" alt=\"\" srcset=\"https:\/\/clinicmono.com\/wp-content\/uploads\/2023\/10\/2.png 1080w, https:\/\/clinicmono.com\/wp-content\/uploads\/2023\/10\/2-500x500.png 500w, https:\/\/clinicmono.com\/wp-content\/uploads\/2023\/10\/2-600x600.png 600w, https:\/\/clinicmono.com\/wp-content\/uploads\/2023\/10\/2-300x300.png 300w, https:\/\/clinicmono.com\/wp-content\/uploads\/2023\/10\/2-1024x1024.png 1024w, https:\/\/clinicmono.com\/wp-content\/uploads\/2023\/10\/2-400x400.png 400w, https:\/\/clinicmono.com\/wp-content\/uploads\/2023\/10\/2-150x150.png 150w\" sizes=\"(max-width: 1080px) 100vw, 1080px\" \/><\/div><div class=\"w-iconbox-meta\"><h2 class=\"w-iconbox-title\">Quand votre ami a r\u00e9serv\u00e9<\/h2><\/div><\/div><div class=\"w-separator size_small with_line width_50 thick_5 style_solid color_primary align_none\"><div class=\"w-separator-h\"><\/div><\/div><\/div><\/div><\/div><div class=\"vc_col-sm-4 wpb_column vc_column_container has_bg_color\"><div class=\"vc_column-inner us_custom_92c7bab3\"><div class=\"wpb_wrapper\"><div class=\"w-iconbox iconpos_top style_default color_primary align_center no_text icontype_img\"><div class=\"w-iconbox-icon\" style=\"font-size:90px;\"><img loading=\"lazy\" decoding=\"async\" width=\"1080\" height=\"1080\" src=\"https:\/\/clinicmono.com\/wp-content\/uploads\/2023\/10\/3.png\" class=\"attachment-full size-full\" alt=\"\" srcset=\"https:\/\/clinicmono.com\/wp-content\/uploads\/2023\/10\/3.png 1080w, https:\/\/clinicmono.com\/wp-content\/uploads\/2023\/10\/3-500x500.png 500w, https:\/\/clinicmono.com\/wp-content\/uploads\/2023\/10\/3-600x600.png 600w, https:\/\/clinicmono.com\/wp-content\/uploads\/2023\/10\/3-300x300.png 300w, https:\/\/clinicmono.com\/wp-content\/uploads\/2023\/10\/3-1024x1024.png 1024w, https:\/\/clinicmono.com\/wp-content\/uploads\/2023\/10\/3-400x400.png 400w, https:\/\/clinicmono.com\/wp-content\/uploads\/2023\/10\/3-150x150.png 150w\" sizes=\"(max-width: 1080px) 100vw, 1080px\" \/><\/div><div class=\"w-iconbox-meta\"><h2 class=\"w-iconbox-title\">Gagnez de l&#039;argent !<\/h2><\/div><\/div><div class=\"w-separator size_small with_line width_50 thick_5 style_solid color_primary align_left\"><div class=\"w-separator-h\"><\/div><\/div><\/div><\/div><\/div><\/div><\/div><\/section><section class=\"l-section wpb_row height_custom\"><div class=\"l-section-h i-cf\"><div class=\"g-cols vc_row via_flex valign_top type_default stacking_default\"><div class=\"vc_col-sm-12 wpb_column vc_column_container\"><div class=\"vc_column-inner\"><div class=\"wpb_wrapper\"><div class=\"w-tabs style_default switch_click accordion has_scrolling\" style=\"--sections-title-size:inherit\"><div class=\"w-tabs-sections titles-align_none icon_chevron cpos_right\"><div class=\"w-tabs-section\" id=\"x304\"><button class=\"w-tabs-section-header\" aria-controls=\"content-x304\" aria-expanded=\"false\"><div class=\"w-tabs-section-title\">Qui peut participer au programme de r\u00e9f\u00e9rence du Mono ?<\/div><div class=\"w-tabs-section-control\"><\/div><\/button><div  class=\"w-tabs-section-content\" id=\"content-x304\"><div class=\"w-tabs-section-content-h i-cf\"><div class=\"wpb_text_column\"><div class=\"wpb_wrapper\"><p>Tout le monde peut participer \u00e0 ce programme, il n&#8217;est pas n\u00e9cessaire d&#8217;\u00eatre d\u00e9j\u00e0 venu au Mono.<\/p>\n<\/div><\/div><\/div><\/div><\/div><div class=\"w-tabs-section\" id=\"a560\"><button class=\"w-tabs-section-header\" aria-controls=\"content-a560\" aria-expanded=\"false\"><div class=\"w-tabs-section-title\">L&#039;adh\u00e9sion au programme est-elle payante ?<\/div><div class=\"w-tabs-section-control\"><\/div><\/button><div  class=\"w-tabs-section-content\" id=\"content-a560\"><div class=\"w-tabs-section-content-h i-cf\"><div class=\"wpb_text_column\"><div class=\"wpb_wrapper\"><p>Non, l&#8217;adh\u00e9sion est totalement gratuite.<br \/>\nTout ce que vous avez \u00e0 faire pour participer \u00e0 ce programme est de vous inscrire et de cr\u00e9er un code de r\u00e9duction pour vous-m\u00eame.<\/p>\n<\/div><\/div><\/div><\/div><\/div><div class=\"w-tabs-section\" id=\"w736\"><button class=\"w-tabs-section-header\" aria-controls=\"content-w736\" aria-expanded=\"false\"><div class=\"w-tabs-section-title\">Comment recevoir l&#039;argent que j&#039;ai gagn\u00e9 ?<\/div><div class=\"w-tabs-section-control\"><\/div><\/button><div  class=\"w-tabs-section-content\" id=\"content-w736\"><div class=\"w-tabs-section-content-h i-cf\"><div class=\"wpb_text_column\"><div class=\"wpb_wrapper\"><p>L&#8217;argent que vous gagnez sera envoy\u00e9 sur votre compte bancaire.<br \/>\nEn \u00e9pargnant l&#8217;argent que vous gagnez gr\u00e2ce \u00e0 vos recommandations, vous pouvez l&#8217;utiliser pour tous les traitements dans le Mono.<\/p>\n<\/div><\/div><\/div><\/div><\/div><div class=\"w-tabs-section\" id=\"l900\"><button class=\"w-tabs-section-header\" aria-controls=\"content-l900\" aria-expanded=\"false\"><div class=\"w-tabs-section-title\">Je n&#039;ai pas de compte sur les m\u00e9dias sociaux, comment puis-je partager mon code de r\u00e9duction ?<\/div><div class=\"w-tabs-section-control\"><\/div><\/button><div  class=\"w-tabs-section-content\" id=\"content-l900\"><div class=\"w-tabs-section-content-h i-cf\"><div class=\"wpb_text_column\"><div class=\"wpb_wrapper\"><p>Vous pouvez parler de Mono \u00e0 n&#8217;importe qui dans vos conversations quotidiennes et obtenir les m\u00eames avantages qu&#8217;en ligne.<br \/>\n(avec vos amis, votre famille, vos coll\u00e8gues)<\/p>\n<\/div><\/div><\/div><\/div><\/div><div class=\"w-tabs-section\" id=\"kad5\"><button class=\"w-tabs-section-header\" aria-controls=\"content-kad5\" aria-expanded=\"false\"><div class=\"w-tabs-section-title\">Comment puis-je obtenir une prime ?<\/div><div class=\"w-tabs-section-control\"><\/div><\/button><div  class=\"w-tabs-section-content\" id=\"content-kad5\"><div class=\"w-tabs-section-content-h i-cf\"><div class=\"wpb_text_column\"><div class=\"wpb_wrapper\"><p>Lorsque les personnes que vous parrainez atteignent un certain nombre d&#8217;objectifs, votre commission augmente par personne et des bonus sont ajout\u00e9s.<\/p>\n<\/div><\/div><\/div><\/div><\/div><div class=\"w-tabs-section\" id=\"mcbe\"><button class=\"w-tabs-section-header\" aria-controls=\"content-mcbe\" aria-expanded=\"false\"><div class=\"w-tabs-section-title\">Comment vais-je assurer le suivi de mes recommandations ?<\/div><div class=\"w-tabs-section-control\"><\/div><\/button><div  class=\"w-tabs-section-content\" id=\"content-mcbe\"><div class=\"w-tabs-section-content-h i-cf\"><div class=\"wpb_text_column\"><div class=\"wpb_wrapper\"><p>Vous disposerez d&#8217;un tableau de bord o\u00f9 vous pourrez suivre les personnes que vous aurez recommand\u00e9es, et vous pourrez suivre l&#8217;argent et les opportunit\u00e9s que vous aurez gagn\u00e9s gr\u00e2ce \u00e0 ce syst\u00e8me.<\/p>\n<\/div><\/div><\/div><\/div><\/div><\/div><\/div><\/div><\/div><\/div><\/div><\/div><\/section>\n","protected":false},"excerpt":{"rendered":"Parrainez votre ami Clinique MonoPagesPAS D&#8217;\u00c9QUIPES, PAS DE T\u00c2CHES QUOTIDIENNES ET PAS D&#8217;EFFORTS Veuillez activer JavaScript dans votre navigateur pour remplir ce formulaire.Veuillez activer JavaScript dans votre navigateur pour remplir ce formulaire.Name and Lastname * Phone Lastname Post Phone *Email *Join Program Si vous avez un compte ConnexionCOMBIEN GAGNEREZ-VOUS ? Le montant de votre r\u00e9mun\u00e9ration...","protected":false},"author":1,"featured_media":0,"parent":0,"menu_order":0,"comment_status":"closed","ping_status":"closed","template":"","meta":{"rank_math_lock_modified_date":false,"_mi_skip_tracking":false,"_monsterinsights_sitenote_active":false,"_monsterinsights_sitenote_note":"","_monsterinsights_sitenote_category":0,"_uf_show_specific_survey":0,"_uf_disable_surveys":false,"footnotes":""},"procedure":[],"class_list":["post-135705","page","type-page","status-publish","hentry"],"_links":{"self":[{"href":"https:\/\/clinicmono.com\/fr\/wp-json\/wp\/v2\/pages\/135705"}],"collection":[{"href":"https:\/\/clinicmono.com\/fr\/wp-json\/wp\/v2\/pages"}],"about":[{"href":"https:\/\/clinicmono.com\/fr\/wp-json\/wp\/v2\/types\/page"}],"author":[{"embeddable":true,"href":"https:\/\/clinicmono.com\/fr\/wp-json\/wp\/v2\/users\/1"}],"replies":[{"embeddable":true,"href":"https:\/\/clinicmono.com\/fr\/wp-json\/wp\/v2\/comments?post=135705"}],"version-history":[{"count":1,"href":"https:\/\/clinicmono.com\/fr\/wp-json\/wp\/v2\/pages\/135705\/revisions"}],"predecessor-version":[{"id":135771,"href":"https:\/\/clinicmono.com\/fr\/wp-json\/wp\/v2\/pages\/135705\/revisions\/135771"}],"wp:attachment":[{"href":"https:\/\/clinicmono.com\/fr\/wp-json\/wp\/v2\/media?parent=135705"}],"wp:term":[{"taxonomy":"procedure","embeddable":true,"href":"https:\/\/clinicmono.com\/fr\/wp-json\/wp\/v2\/procedure?post=135705"}],"curies":[{"name":"wp","href":"https:\/\/api.w.org\/{rel}","templated":true}]}}