{"id":135701,"date":"2023-07-06T17:32:41","date_gmt":"2023-07-06T17:32:41","guid":{"rendered":"https:\/\/clinicmono.com\/collaboration\/"},"modified":"2024-07-25T14:11:31","modified_gmt":"2024-07-25T14:11:31","slug":"collaboration","status":"publish","type":"page","link":"https:\/\/clinicmono.com\/fr\/collaboration\/","title":{"rendered":"Collaboration"},"content":{"rendered":"<section class=\"l-section wpb_row height_custom with_img\"><div class=\"l-section-img\" role=\"img\" data-img-width=\"1920\" data-img-height=\"400\" style=\"background-image: url(https:\/\/clinicmono.com\/wp-content\/uploads\/2023\/05\/call1.jpg);background-repeat: no-repeat;background-size: auto;\"><\/div><div class=\"l-section-h i-cf\"><div class=\"g-cols vc_row via_flex valign_top type_default stacking_default\"><div class=\"vc_col-sm-12 wpb_column vc_column_container\"><div class=\"vc_column-inner\"><div class=\"wpb_wrapper\"><div class=\"wpb_text_column\"><div class=\"wpb_wrapper\"><h1 style=\"text-align: center;\">Collaboration<\/h1>\n<\/div><\/div><nav class=\"g-breadcrumbs separator_icon align_center\" itemscope itemtype=\"http:\/\/schema.org\/BreadcrumbList\"><div class=\"g-breadcrumbs-item\" itemscope itemprop=\"itemListElement\" itemtype=\"http:\/\/schema.org\/ListItem\"><a itemprop=\"item\" href=\"https:\/\/clinicmono.com\/fr\/\"><span itemprop=\"name\">Clinique Mono<\/span><\/a><meta itemprop=\"position\" content=\"1\"\/><\/div><div class=\"g-breadcrumbs-separator\"><i class=\"far fa-angle-double-right\"><\/i><\/div><div class=\"g-breadcrumbs-item\">Pages<\/div><\/nav><\/div><\/div><\/div><\/div><\/div><\/section><section class=\"l-section wpb_row height_custom\"><div class=\"l-section-h i-cf\"><div class=\"g-cols vc_row via_flex valign_middle type_default stacking_default\"><div class=\"vc_col-sm-6 wpb_column vc_column_container\"><div class=\"vc_column-inner\"><div class=\"wpb_wrapper\"><div class=\"g-cols wpb_row via_flex valign_top type_default stacking_default\"><div class=\"vc_col-sm-12 wpb_column vc_column_container\"><div class=\"vc_column-inner\"><div class=\"wpb_wrapper\"><div class=\"wpforms-container wpforms-render-modern\" id=\"wpforms-42152\"><form id=\"wpforms-form-42152\" class=\"wpforms-validate wpforms-form wpforms-ajax-form\" data-formid=\"42152\" method=\"post\" enctype=\"multipart\/form-data\" action=\"\/fr\/wp-json\/wp\/v2\/pages\/135701\" data-token=\"be034ea8eb7356f0e52ab71b573dc22a\" data-token-time=\"1775375089\"><noscript class=\"wpforms-error-noscript\">Veuillez activer JavaScript dans votre navigateur pour remplir ce formulaire.<\/noscript><div id=\"wpforms-error-noscript\" style=\"display: none;\">Veuillez activer JavaScript dans votre navigateur pour remplir ce formulaire.<\/div><div class=\"wpforms-field-container\"><div id=\"wpforms-42152-field_2-container\" class=\"wpforms-field wpforms-field-text\" data-field-id=\"2\"><label class=\"wpforms-field-label wpforms-label-hide\" for=\"wpforms-42152-field_2\" aria-hidden=\"false\">Name and Lastname <span class=\"wpforms-required-label\" aria-hidden=\"true\">*<\/span><\/label><input type=\"text\" id=\"wpforms-42152-field_2\" class=\"wpforms-field-large wpforms-field-required\" name=\"wpforms[fields][2]\" placeholder=\"Name And Lastname\" aria-errormessage=\"wpforms-42152-field_2-error\" required><\/div><div id=\"wpforms-42152-field_8-container\" class=\"wpforms-field wpforms-field-email\" data-field-id=\"8\"><label class=\"wpforms-field-label wpforms-label-hide\" for=\"wpforms-42152-field_8\" aria-hidden=\"false\">Email <span class=\"wpforms-required-label\" aria-hidden=\"true\">*<\/span><\/label><input type=\"email\" id=\"wpforms-42152-field_8\" class=\"wpforms-field-large wpforms-field-required\" name=\"wpforms[fields][8]\" placeholder=\"Email\" spellcheck=\"false\" aria-errormessage=\"wpforms-42152-field_8-error\" required><\/div><div id=\"wpforms-42152-field_1-container\" class=\"wpforms-field wpforms-field-phone\" data-field-id=\"1\"><label class=\"wpforms-field-label wpforms-label-hide\" for=\"wpforms-42152-field_1\" aria-hidden=\"false\">Phone <span class=\"wpforms-required-label\" aria-hidden=\"true\">*<\/span><\/label><input type=\"tel\" id=\"wpforms-42152-field_1\" class=\"wpforms-field-large wpforms-field-required wpforms-smart-phone-field\" data-rule-smart-phone-field=\"true\" name=\"wpforms[fields][1]\" aria-label=\"Phone\" aria-errormessage=\"wpforms-42152-field_1-error\" required><\/div><div id=\"wpforms-42152-field_13-container\" class=\"wpforms-field wpforms-field-text\" data-field-id=\"13\"><label class=\"wpforms-field-label wpforms-label-hide\" for=\"wpforms-42152-field_13\" aria-hidden=\"false\">Social Media Account <span class=\"wpforms-required-label\" aria-hidden=\"true\">*<\/span><\/label><input type=\"text\" id=\"wpforms-42152-field_13\" class=\"wpforms-field-large wpforms-field-required\" name=\"wpforms[fields][13]\" placeholder=\"Social Media Account\" aria-errormessage=\"wpforms-42152-field_13-error\" required><\/div><div id=\"wpforms-42152-field_9-container\" class=\"wpforms-field wpforms-field-checkbox wpforms-one-half wpforms-first\" data-field-id=\"9\"><fieldset><legend class=\"wpforms-field-label\">Which Social Media Do You Use? <span class=\"wpforms-required-label\" aria-hidden=\"true\">*<\/span><\/legend><ul id=\"wpforms-42152-field_9\" class=\"wpforms-field-required\"><li class=\"choice-1 depth-1 wpforms-selected\"><input type=\"checkbox\" id=\"wpforms-42152-field_9_1\" name=\"wpforms[fields][9][]\" value=\"Facebook\" aria-errormessage=\"wpforms-42152-field_9_1-error\" required  checked='checked'><label class=\"wpforms-field-label-inline\" for=\"wpforms-42152-field_9_1\">Facebook<\/label><\/li><li class=\"choice-2 depth-1\"><input type=\"checkbox\" id=\"wpforms-42152-field_9_2\" name=\"wpforms[fields][9][]\" value=\"Instagram\" aria-errormessage=\"wpforms-42152-field_9_2-error\" required ><label class=\"wpforms-field-label-inline\" for=\"wpforms-42152-field_9_2\">Instagram<\/label><\/li><li class=\"choice-4 depth-1\"><input type=\"checkbox\" id=\"wpforms-42152-field_9_4\" name=\"wpforms[fields][9][]\" value=\"Twitter\" aria-errormessage=\"wpforms-42152-field_9_4-error\" required ><label class=\"wpforms-field-label-inline\" for=\"wpforms-42152-field_9_4\">Twitter<\/label><\/li><li class=\"choice-5 depth-1\"><input type=\"checkbox\" id=\"wpforms-42152-field_9_5\" name=\"wpforms[fields][9][]\" value=\"Youtube\" aria-errormessage=\"wpforms-42152-field_9_5-error\" required ><label class=\"wpforms-field-label-inline\" for=\"wpforms-42152-field_9_5\">Youtube<\/label><\/li><li class=\"choice-3 depth-1\"><input type=\"checkbox\" id=\"wpforms-42152-field_9_3\" name=\"wpforms[fields][9][]\" value=\"Tiktok\" aria-errormessage=\"wpforms-42152-field_9_3-error\" required ><label class=\"wpforms-field-label-inline\" for=\"wpforms-42152-field_9_3\">Tiktok<\/label><\/li><\/ul><\/fieldset><\/div>\t\t<div id=\"wpforms-42152-field_3-container\"\n\t\t\tclass=\"wpforms-field wpforms-field-text\"\n\t\t\tdata-field-type=\"text\"\n\t\t\tdata-field-id=\"3\"\n\t\t\t>\n\t\t\t<label class=\"wpforms-field-label\" for=\"wpforms-42152-field_3\" >Account? Name Use?<\/label>\n\t\t\t<input type=\"text\" id=\"wpforms-42152-field_3\" class=\"wpforms-field-medium\" name=\"wpforms[fields][3]\" >\n\t\t<\/div>\n\t\t<div id=\"wpforms-42152-field_10-container\" class=\"wpforms-field wpforms-field-radio wpforms-one-half\" data-field-id=\"10\"><fieldset><legend class=\"wpforms-field-label\">Follower Counts of Your Social Media Account? <span class=\"wpforms-required-label\" aria-hidden=\"true\">*<\/span><\/legend><ul id=\"wpforms-42152-field_10\" class=\"wpforms-field-required\"><li class=\"choice-1 depth-1\"><input type=\"radio\" id=\"wpforms-42152-field_10_1\" name=\"wpforms[fields][10]\" value=\"10.000 - 25.000\" aria-errormessage=\"wpforms-42152-field_10_1-error\" required ><label class=\"wpforms-field-label-inline\" for=\"wpforms-42152-field_10_1\">10.000 - 25.000<\/label><\/li><li class=\"choice-2 depth-1\"><input type=\"radio\" id=\"wpforms-42152-field_10_2\" name=\"wpforms[fields][10]\" value=\"25.000 - 50.000\" aria-errormessage=\"wpforms-42152-field_10_2-error\" required ><label class=\"wpforms-field-label-inline\" for=\"wpforms-42152-field_10_2\">25.000 - 50.000<\/label><\/li><li class=\"choice-3 depth-1\"><input type=\"radio\" id=\"wpforms-42152-field_10_3\" name=\"wpforms[fields][10]\" value=\"50.000 - 100.000\" aria-errormessage=\"wpforms-42152-field_10_3-error\" required ><label class=\"wpforms-field-label-inline\" for=\"wpforms-42152-field_10_3\">50.000 - 100.000<\/label><\/li><li class=\"choice-4 depth-1\"><input type=\"radio\" id=\"wpforms-42152-field_10_4\" name=\"wpforms[fields][10]\" value=\"100.000 - 1.000.000\" aria-errormessage=\"wpforms-42152-field_10_4-error\" required ><label class=\"wpforms-field-label-inline\" for=\"wpforms-42152-field_10_4\">100.000 - 1.000.000<\/label><\/li><li class=\"choice-5 depth-1\"><input type=\"radio\" id=\"wpforms-42152-field_10_5\" name=\"wpforms[fields][10]\" value=\"1.000.000 +\" aria-errormessage=\"wpforms-42152-field_10_5-error\" required ><label class=\"wpforms-field-label-inline\" for=\"wpforms-42152-field_10_5\">1.000.000 +<\/label><\/li><\/ul><\/fieldset><\/div><div id=\"wpforms-42152-field_11-container\" class=\"wpforms-field wpforms-field-hidden\" data-field-id=\"11\"><input type=\"hidden\" id=\"wpforms-42152-field_11\" name=\"wpforms[fields][11]\"><\/div><script>\n\t\t\t\t( function() {\n\t\t\t\t\tconst style = document.createElement( 'style' );\n\t\t\t\t\tstyle.appendChild( document.createTextNode( '#wpforms-42152-field_3-container { position: absolute !important; overflow: hidden !important; display: inline !important; height: 1px !important; width: 1px !important; z-index: -1000 !important; padding: 0 !important; } #wpforms-42152-field_3-container input { visibility: hidden; } #wpforms-conversational-form-page #wpforms-42152-field_3-container label { counter-increment: none; }' ) );\n\t\t\t\t\tdocument.head.appendChild( style );\n\t\t\t\t\tdocument.currentScript?.remove();\n\t\t\t\t} )();\n\t\t\t<\/script><\/div><!-- .wpforms-field-container --><div class=\"wpforms-recaptcha-container wpforms-is-recaptcha wpforms-is-recaptcha-type-v3\" ><input type=\"hidden\" name=\"wpforms[recaptcha]\" value=\"\"><\/div><div class=\"wpforms-submit-container\" ><input type=\"hidden\" name=\"wpforms[id]\" value=\"42152\"><input type=\"hidden\" name=\"page_title\" value=\"\"><input type=\"hidden\" name=\"page_url\" value=\"https:\/\/clinicmono.com\/fr\/wp-json\/wp\/v2\/pages\/135701\"><input type=\"hidden\" name=\"url_referer\" value=\"\"><button type=\"submit\" name=\"wpforms[submit]\" id=\"wpforms-submit-42152\" class=\"wpforms-submit\" data-alt-text=\"Sending...\" data-submit-text=\"Submit\" aria-live=\"assertive\" value=\"wpforms-submit\">Submit<\/button><img loading=\"lazy\" decoding=\"async\" src=\"https:\/\/clinicmono.com\/wp-content\/plugins\/wpforms\/assets\/images\/submit-spin.svg\" class=\"wpforms-submit-spinner\" style=\"display: none;\" width=\"26\" height=\"26\" alt=\"Chargement en cours\"><\/div><\/form><\/div>  <!-- .wpforms-container --><\/div><\/div><\/div><\/div><\/div><\/div><\/div><div class=\"vc_col-sm-6 wpb_column vc_column_container\"><div class=\"vc_column-inner\"><div class=\"wpb_wrapper\"><div class=\"g-cols wpb_row via_flex valign_middle type_boxes stacking_default\"><div class=\"vc_col-sm-12 wpb_column vc_column_container\"><div class=\"vc_column-inner\"><div class=\"wpb_wrapper\"><div class=\"wpb_text_column\"><div class=\"wpb_wrapper\"><h2>Vous souhaitez collaborer avec nous et b\u00e9n\u00e9ficier des privil\u00e8ges de Clinic Mono ?<\/h2>\n<p>  Remplissez le formulaire pour en savoir plus sur les conditions de collaboration et d&#8217;ambassade.<\/p>\n<\/div><\/div><\/div><\/div><\/div><\/div><\/div><\/div><\/div><\/div><\/div><\/section><section class=\"l-section wpb_row height_small\"><div class=\"l-section-h i-cf\"><div class=\"g-cols vc_row via_flex valign_top type_default stacking_default\"><div class=\"vc_col-sm-12 wpb_column vc_column_container\"><div class=\"vc_column-inner\"><div class=\"wpb_wrapper\"><div class=\"wpb_text_column\"><div class=\"wpb_wrapper\"><h1 style=\"text-align: center;\">R\u00e9cits de voyage en mono<\/h1>\n<\/div><\/div><div class=\"w-separator size_medium\"><\/div><div class=\"g-cols wpb_row via_flex valign_top type_default stacking_default\"><div class=\"vc_col-sm-4 wpb_column vc_column_container\"><div class=\"vc_column-inner\"><div class=\"wpb_wrapper\"><div class=\"w-video align_none ratio_16x9 has_iframe\"><div class=\"w-video-h\"><iframe title=\"Youtube video player\" src=\"\/\/www.youtube.com\/embed\/jMUA9SH1fuo?autoplay=0&controls=1&origin=https:\/\/clinicmono.com\/fr\/&loop=0&mute=0\" allowfullscreen=\"1\" loading=\"lazy\"><\/iframe><\/div><div class=\"w-video-icon\" style=\"font-size:1.5rem;background:rgba(0,0,0,0.5);color:#fff\"><\/div><\/div><\/div><\/div><\/div><div class=\"vc_col-sm-4 wpb_column vc_column_container\"><div class=\"vc_column-inner\"><div class=\"wpb_wrapper\"><div class=\"w-video align_none ratio_16x9 has_iframe\"><div class=\"w-video-h\"><iframe title=\"Youtube video player\" src=\"\/\/www.youtube.com\/embed\/gXexxJHadgs?autoplay=0&controls=1&origin=https:\/\/clinicmono.com\/fr\/&loop=0&mute=0\" allowfullscreen=\"1\" loading=\"lazy\"><\/iframe><\/div><div class=\"w-video-icon\" style=\"font-size:1.5rem;background:rgba(0,0,0,0.5);color:#fff\"><\/div><\/div><\/div><\/div><\/div><div class=\"vc_col-sm-4 wpb_column vc_column_container\"><div class=\"vc_column-inner\"><div class=\"wpb_wrapper\"><div class=\"w-video align_none ratio_16x9 has_iframe\"><div class=\"w-video-h\"><iframe title=\"Youtube video player\" src=\"\/\/www.youtube.com\/embed\/qMF9L9PQg8M?autoplay=0&controls=1&origin=https:\/\/clinicmono.com\/fr\/&loop=0&mute=0\" allowfullscreen=\"1\" loading=\"lazy\"><\/iframe><\/div><div class=\"w-video-icon\" style=\"font-size:1.5rem;background:rgba(0,0,0,0.5);color:#fff\"><\/div><\/div><\/div><\/div><\/div><\/div><\/div><\/div><\/div><\/div><\/div><\/section>\n","protected":false},"excerpt":{"rendered":"Collaboration Clinique MonoPagesVeuillez activer JavaScript dans votre navigateur pour remplir ce formulaire.Veuillez activer JavaScript dans votre navigateur pour remplir ce formulaire.Name and Lastname *Email *Phone *Social Media Account * Do Title Embedded Which Social Media Do You Use? *FacebookInstagramTwitterYoutubeTiktokFollower Counts of Your Social Media Account? *10.000 - 25.00025.000 - 50.00050.000 - 100.000100.000 - 1.000.0001.000.000 +Submit...","protected":false},"author":1,"featured_media":0,"parent":0,"menu_order":0,"comment_status":"closed","ping_status":"closed","template":"","meta":{"rank_math_lock_modified_date":false,"_mi_skip_tracking":false,"_monsterinsights_sitenote_active":false,"_monsterinsights_sitenote_note":"","_monsterinsights_sitenote_category":0,"_uf_show_specific_survey":0,"_uf_disable_surveys":false,"footnotes":""},"procedure":[],"class_list":["post-135701","page","type-page","status-publish","hentry"],"_links":{"self":[{"href":"https:\/\/clinicmono.com\/fr\/wp-json\/wp\/v2\/pages\/135701"}],"collection":[{"href":"https:\/\/clinicmono.com\/fr\/wp-json\/wp\/v2\/pages"}],"about":[{"href":"https:\/\/clinicmono.com\/fr\/wp-json\/wp\/v2\/types\/page"}],"author":[{"embeddable":true,"href":"https:\/\/clinicmono.com\/fr\/wp-json\/wp\/v2\/users\/1"}],"replies":[{"embeddable":true,"href":"https:\/\/clinicmono.com\/fr\/wp-json\/wp\/v2\/comments?post=135701"}],"version-history":[{"count":1,"href":"https:\/\/clinicmono.com\/fr\/wp-json\/wp\/v2\/pages\/135701\/revisions"}],"predecessor-version":[{"id":135704,"href":"https:\/\/clinicmono.com\/fr\/wp-json\/wp\/v2\/pages\/135701\/revisions\/135704"}],"wp:attachment":[{"href":"https:\/\/clinicmono.com\/fr\/wp-json\/wp\/v2\/media?parent=135701"}],"wp:term":[{"taxonomy":"procedure","embeddable":true,"href":"https:\/\/clinicmono.com\/fr\/wp-json\/wp\/v2\/procedure?post=135701"}],"curies":[{"name":"wp","href":"https:\/\/api.w.org\/{rel}","templated":true}]}}