{"id":135661,"date":"2023-10-05T17:46:42","date_gmt":"2023-10-05T17:46:42","guid":{"rendered":"https:\/\/clinicmono.com\/notre-emplacement\/"},"modified":"2024-12-09T08:52:53","modified_gmt":"2024-12-09T08:52:53","slug":"notre-emplacement","status":"publish","type":"page","link":"https:\/\/clinicmono.com\/fr\/notre-emplacement\/","title":{"rendered":"Notre emplacement"},"content":{"rendered":"<section class=\"l-section wpb_row height_custom with_img\"><div class=\"l-section-img\" role=\"img\" data-img-width=\"1920\" data-img-height=\"400\" style=\"background-image: url(https:\/\/clinicmono.com\/wp-content\/uploads\/2023\/05\/call1.jpg);background-repeat: no-repeat;background-size: auto;\"><\/div><div class=\"l-section-h i-cf\"><div class=\"g-cols vc_row via_flex valign_top type_default stacking_default\"><div class=\"vc_col-sm-12 wpb_column vc_column_container\"><div class=\"vc_column-inner\"><div class=\"wpb_wrapper\"><div class=\"wpb_text_column\"><div class=\"wpb_wrapper\"><h1 style=\"text-align: center;\">Notre emplacement<\/h1>\n<\/div><\/div><nav class=\"g-breadcrumbs separator_icon align_center\" itemscope itemtype=\"http:\/\/schema.org\/BreadcrumbList\"><div class=\"g-breadcrumbs-item\" itemscope itemprop=\"itemListElement\" itemtype=\"http:\/\/schema.org\/ListItem\"><a itemprop=\"item\" href=\"https:\/\/clinicmono.com\/fr\/\"><span itemprop=\"name\">Clinique Mono<\/span><\/a><meta itemprop=\"position\" content=\"1\"\/><\/div><div class=\"g-breadcrumbs-separator\"><i class=\"far fa-angle-double-right\"><\/i><\/div><div class=\"g-breadcrumbs-item\">Pages<\/div><\/nav><\/div><\/div><\/div><\/div><\/div><\/section><section class=\"l-section wpb_row hide_on_mobiles height_custom width_custom\" style=\"--site-content-width:1140px;\"><div class=\"l-section-h i-cf\"><div class=\"g-cols vc_row via_flex valign_top type_default stacking_default\"><div class=\"vc_col-sm-12 wpb_column vc_column_container\"><div class=\"vc_column-inner\"><div class=\"wpb_wrapper\"><div class=\"g-cols wpb_row via_flex valign_middle type_default stacking_default\"><div class=\"vc_col-sm-6 wpb_column vc_column_container\"><div class=\"vc_column-inner\"><div class=\"wpb_wrapper\"><div class=\"w-image style_circle align_none\"><a href=\"https:\/\/clinicmono.com\/locations\/office\/\" aria-label=\"Clinic-Mono-Office\" class=\"w-image-h\"><img decoding=\"async\" width=\"414\" height=\"414\" src=\"https:\/\/clinicmono.com\/wp-content\/uploads\/2023\/05\/Clinic-Mono-Office.webp\" class=\"attachment-full size-full\" alt=\"\" loading=\"lazy\" srcset=\"https:\/\/clinicmono.com\/wp-content\/uploads\/2023\/05\/Clinic-Mono-Office.webp 414w, https:\/\/clinicmono.com\/wp-content\/uploads\/2023\/05\/Clinic-Mono-Office-300x300.webp 300w, https:\/\/clinicmono.com\/wp-content\/uploads\/2023\/05\/Clinic-Mono-Office-400x400.webp 400w, https:\/\/clinicmono.com\/wp-content\/uploads\/2023\/05\/Clinic-Mono-Office-150x150.webp 150w\" sizes=\"(max-width: 414px) 100vw, 414px\" \/><\/a><\/div><\/div><\/div><\/div><div class=\"vc_col-sm-6 wpb_column vc_column_container\"><div class=\"vc_column-inner\"><div class=\"wpb_wrapper\"><div class=\"wpb_text_column\"><div class=\"wpb_wrapper\"><h2 style=\"text-align: left;\">Bureau<\/h2>\n<\/div><\/div><div class=\"w-separator size_small\"><\/div><div class=\"w-btn-wrapper align_left\"><a class=\"w-btn us-btn-style_1\" href=\"https:\/\/clinicmono.com\/locations\/office\/\"><span class=\"w-btn-label\">Plus de d\u00e9tails<\/span><\/a><\/div><\/div><\/div><\/div><\/div><div class=\"g-cols wpb_row via_flex valign_middle type_default stacking_default\"><div class=\"vc_col-sm-6 wpb_column vc_column_container\"><div class=\"vc_column-inner\"><div class=\"wpb_wrapper\"><div class=\"wpb_text_column\"><div class=\"wpb_wrapper\"><h2 class=\"elementor-heading-title elementor-size-default\" style=\"text-align: right;\">Institutions sous contrat<\/h2>\n<\/div><\/div><div class=\"w-separator size_small\"><\/div><div class=\"w-btn-wrapper align_right\"><a class=\"w-btn us-btn-style_1\" href=\"https:\/\/clinicmono.com\/locations\/contracted-institutions\/\"><span class=\"w-btn-label\">Plus de d\u00e9tails<\/span><\/a><\/div><\/div><\/div><\/div><div class=\"vc_col-sm-6 wpb_column vc_column_container\"><div class=\"vc_column-inner\"><div class=\"wpb_wrapper\"><div class=\"w-image style_circle align_none\"><a href=\"https:\/\/clinicmono.com\/locations\/contracted-institutions\/\" aria-label=\"clinic-mono-2\" class=\"w-image-h\"><img decoding=\"async\" width=\"414\" height=\"414\" src=\"https:\/\/clinicmono.com\/wp-content\/uploads\/2023\/05\/clinic-mono-2.webp\" class=\"attachment-full size-full\" alt=\"\" loading=\"lazy\" srcset=\"https:\/\/clinicmono.com\/wp-content\/uploads\/2023\/05\/clinic-mono-2.webp 414w, https:\/\/clinicmono.com\/wp-content\/uploads\/2023\/05\/clinic-mono-2-300x300.webp 300w, https:\/\/clinicmono.com\/wp-content\/uploads\/2023\/05\/clinic-mono-2-400x400.webp 400w, https:\/\/clinicmono.com\/wp-content\/uploads\/2023\/05\/clinic-mono-2-150x150.webp 150w\" sizes=\"(max-width: 414px) 100vw, 414px\" \/><\/a><\/div><\/div><\/div><\/div><\/div><div class=\"g-cols wpb_row via_flex valign_middle type_default stacking_default\"><div class=\"vc_col-sm-6 wpb_column vc_column_container\"><div class=\"vc_column-inner\"><div class=\"wpb_wrapper\"><div class=\"w-image style_circle align_none\"><a href=\"https:\/\/clinicmono.com\/fr\/notre-emplacement\/dbd-bayrakli\/\" aria-label=\"mono-life-bayrakl\u0131\" class=\"w-image-h\"><img decoding=\"async\" width=\"414\" height=\"412\" src=\"https:\/\/clinicmono.com\/wp-content\/uploads\/2024\/02\/mono-life-bayrakli-e1706787682481.png\" class=\"attachment-full size-full\" alt=\"\" loading=\"lazy\" srcset=\"https:\/\/clinicmono.com\/wp-content\/uploads\/2024\/02\/mono-life-bayrakli-e1706787682481.png 414w, https:\/\/clinicmono.com\/wp-content\/uploads\/2024\/02\/mono-life-bayrakli-e1706787682481-300x300.png 300w, https:\/\/clinicmono.com\/wp-content\/uploads\/2024\/02\/mono-life-bayrakli-e1706787682481-150x150.png 150w\" sizes=\"(max-width: 414px) 100vw, 414px\" \/><\/a><\/div><\/div><\/div><\/div><div class=\"vc_col-sm-6 wpb_column vc_column_container\"><div class=\"vc_column-inner\"><div class=\"wpb_wrapper\"><div class=\"wpb_text_column\"><div class=\"wpb_wrapper\"><h2 class=\"elementor-heading-title elementor-size-default\">DBD Bayrakl\u0131<\/h2>\n<\/div><\/div><div class=\"w-separator size_small\"><\/div><div class=\"w-btn-wrapper align_left\"><a class=\"w-btn us-btn-style_1\" href=\"https:\/\/clinicmono.com\/fr\/notre-emplacement\/dbd-bayrakli\/\"><span class=\"w-btn-label\">Plus de d\u00e9tails<\/span><\/a><\/div><\/div><\/div><\/div><\/div><div class=\"g-cols wpb_row via_flex valign_middle type_default stacking_default\"><div class=\"vc_col-sm-6 wpb_column vc_column_container\"><div class=\"vc_column-inner\"><div class=\"wpb_wrapper\"><div class=\"wpb_text_column\"><div class=\"wpb_wrapper\"><h2 style=\"text-align: right;\">DBD Ala\u00e7at\u0131<\/h2>\n<\/div><\/div><div class=\"w-separator size_small\"><\/div><div class=\"w-btn-wrapper align_right\"><a class=\"w-btn us-btn-style_1\" href=\"https:\/\/clinicmono.com\/locations\/dbd-alacati\/\"><span class=\"w-btn-label\">Plus de d\u00e9tails<\/span><\/a><\/div><\/div><\/div><\/div><div class=\"vc_col-sm-6 wpb_column vc_column_container\"><div class=\"vc_column-inner\"><div class=\"wpb_wrapper\"><div class=\"w-image style_circle align_none\"><a href=\"https:\/\/clinicmono.com\/locations\/dbd-alacati\/\" aria-label=\"alacati-hotel-mono\" class=\"w-image-h\"><img decoding=\"async\" width=\"414\" height=\"414\" src=\"https:\/\/clinicmono.com\/wp-content\/uploads\/2023\/05\/alacati-hotel-mono.webp\" class=\"attachment-full size-full\" alt=\"\" loading=\"lazy\" srcset=\"https:\/\/clinicmono.com\/wp-content\/uploads\/2023\/05\/alacati-hotel-mono.webp 414w, https:\/\/clinicmono.com\/wp-content\/uploads\/2023\/05\/alacati-hotel-mono-300x300.webp 300w, https:\/\/clinicmono.com\/wp-content\/uploads\/2023\/05\/alacati-hotel-mono-400x400.webp 400w, https:\/\/clinicmono.com\/wp-content\/uploads\/2023\/05\/alacati-hotel-mono-150x150.webp 150w\" sizes=\"(max-width: 414px) 100vw, 414px\" \/><\/a><\/div><\/div><\/div><\/div><\/div><div class=\"g-cols wpb_row via_flex valign_middle type_default stacking_default\"><div class=\"vc_col-sm-6 wpb_column vc_column_container\"><div class=\"vc_column-inner\"><div class=\"wpb_wrapper\"><div class=\"w-image style_circle align_none\"><a href=\"https:\/\/clinicmono.com\/fr\/notre-emplacement\/dbd-cesme\/\" aria-label=\"mono-life-cesme\" class=\"w-image-h\"><img decoding=\"async\" width=\"412\" height=\"412\" src=\"https:\/\/clinicmono.com\/wp-content\/uploads\/2024\/08\/mono-life-cesme.png\" class=\"attachment-full size-full\" alt=\"\" loading=\"lazy\" srcset=\"https:\/\/clinicmono.com\/wp-content\/uploads\/2024\/08\/mono-life-cesme.png 412w, https:\/\/clinicmono.com\/wp-content\/uploads\/2024\/08\/mono-life-cesme-300x300.png 300w, https:\/\/clinicmono.com\/wp-content\/uploads\/2024\/08\/mono-life-cesme-400x400.png 400w, https:\/\/clinicmono.com\/wp-content\/uploads\/2024\/08\/mono-life-cesme-150x150.png 150w\" sizes=\"(max-width: 412px) 100vw, 412px\" \/><\/a><\/div><\/div><\/div><\/div><div class=\"vc_col-sm-6 wpb_column vc_column_container\"><div class=\"vc_column-inner\"><div class=\"wpb_wrapper\"><div class=\"wpb_text_column\"><div class=\"wpb_wrapper\"><h2 class=\"elementor-heading-title elementor-size-default\">DBD \u00c7e\u015fme<\/h2>\n<\/div><\/div><div class=\"w-separator size_small\"><\/div><div class=\"w-btn-wrapper align_left\"><a class=\"w-btn us-btn-style_1\" href=\"https:\/\/clinicmono.com\/fr\/notre-emplacement\/dbd-cesme\/\"><span class=\"w-btn-label\">Plus de d\u00e9tails<\/span><\/a><\/div><\/div><\/div><\/div><\/div><div class=\"g-cols wpb_row via_flex valign_middle type_default stacking_default\"><div class=\"vc_col-sm-6 wpb_column vc_column_container\"><div class=\"vc_column-inner\"><div class=\"wpb_wrapper\"><div class=\"wpb_text_column\"><div class=\"wpb_wrapper\"><h2 style=\"text-align: right;\">DBD Bornova<\/h2>\n<\/div><\/div><div class=\"w-separator size_small\"><\/div><div class=\"w-btn-wrapper align_right\"><a class=\"w-btn us-btn-style_1\" href=\"https:\/\/clinicmono.com\/locations\/dbd-bornova\/\"><span class=\"w-btn-label\">Plus de d\u00e9tails<\/span><\/a><\/div><\/div><\/div><\/div><div class=\"vc_col-sm-6 wpb_column vc_column_container\"><div class=\"vc_column-inner\"><div class=\"wpb_wrapper\"><div class=\"w-image style_circle align_none\"><a href=\"https:\/\/clinicmono.com\/locations\/dbd-bornova\/\" aria-label=\"dbd-bornova\" class=\"w-image-h\"><img decoding=\"async\" width=\"412\" height=\"412\" src=\"https:\/\/clinicmono.com\/wp-content\/uploads\/2024\/12\/dbd-bornova.png\" class=\"attachment-full size-full\" alt=\"\" loading=\"lazy\" srcset=\"https:\/\/clinicmono.com\/wp-content\/uploads\/2024\/12\/dbd-bornova.png 412w, https:\/\/clinicmono.com\/wp-content\/uploads\/2024\/12\/dbd-bornova-300x300.png 300w, https:\/\/clinicmono.com\/wp-content\/uploads\/2024\/12\/dbd-bornova-400x400.png 400w, https:\/\/clinicmono.com\/wp-content\/uploads\/2024\/12\/dbd-bornova-150x150.png 150w\" sizes=\"(max-width: 412px) 100vw, 412px\" \/><\/a><\/div><\/div><\/div><\/div><\/div><\/div><\/div><\/div><\/div><\/div><\/section><section class=\"l-section wpb_row hide_on_default hide_on_laptops hide_on_tablets height_custom width_custom\" style=\"--site-content-width:1140px;\"><div class=\"l-section-h i-cf\"><div class=\"g-cols vc_row via_flex valign_top type_default stacking_default\"><div class=\"vc_col-sm-12 wpb_column vc_column_container\"><div class=\"vc_column-inner\"><div class=\"wpb_wrapper\"><div class=\"g-cols wpb_row via_flex valign_middle type_default stacking_default\"><div class=\"vc_col-sm-12 wpb_column vc_column_container\"><div class=\"vc_column-inner\"><div class=\"wpb_wrapper\"><div class=\"w-image style_circle align_none\"><a href=\"https:\/\/clinicmono.com\/locations\/office\/\" aria-label=\"Clinic-Mono-Office\" class=\"w-image-h\"><img decoding=\"async\" width=\"414\" height=\"414\" src=\"https:\/\/clinicmono.com\/wp-content\/uploads\/2023\/05\/Clinic-Mono-Office.webp\" class=\"attachment-full size-full\" alt=\"\" loading=\"lazy\" srcset=\"https:\/\/clinicmono.com\/wp-content\/uploads\/2023\/05\/Clinic-Mono-Office.webp 414w, https:\/\/clinicmono.com\/wp-content\/uploads\/2023\/05\/Clinic-Mono-Office-300x300.webp 300w, https:\/\/clinicmono.com\/wp-content\/uploads\/2023\/05\/Clinic-Mono-Office-400x400.webp 400w, https:\/\/clinicmono.com\/wp-content\/uploads\/2023\/05\/Clinic-Mono-Office-150x150.webp 150w\" sizes=\"(max-width: 414px) 100vw, 414px\" \/><\/a><\/div><div class=\"w-separator size_small\"><\/div><div class=\"wpb_text_column\"><div class=\"wpb_wrapper\"><h2 style=\"text-align: center;\">Bureau<\/h2>\n<\/div><\/div><div class=\"w-separator size_small\"><\/div><div class=\"w-btn-wrapper align_center\"><a class=\"w-btn us-btn-style_1\" href=\"https:\/\/clinicmono.com\/locations\/office\/\"><span class=\"w-btn-label\">Plus de d\u00e9tails<\/span><\/a><\/div><\/div><\/div><\/div><\/div><div class=\"w-separator size_huge with_line width_default thick_2 style_solid color_border align_center\"><div class=\"w-separator-h\"><\/div><\/div><div class=\"g-cols wpb_row via_flex valign_middle type_default stacking_default\"><div class=\"vc_col-sm-12 wpb_column vc_column_container\"><div class=\"vc_column-inner\"><div class=\"wpb_wrapper\"><div class=\"w-image style_circle align_none\"><a href=\"https:\/\/clinicmono.com\/locations\/contracted-institutions\/\" aria-label=\"clinic-mono-2\" class=\"w-image-h\"><img decoding=\"async\" width=\"414\" height=\"414\" src=\"https:\/\/clinicmono.com\/wp-content\/uploads\/2023\/05\/clinic-mono-2.webp\" class=\"attachment-full size-full\" alt=\"\" loading=\"lazy\" srcset=\"https:\/\/clinicmono.com\/wp-content\/uploads\/2023\/05\/clinic-mono-2.webp 414w, https:\/\/clinicmono.com\/wp-content\/uploads\/2023\/05\/clinic-mono-2-300x300.webp 300w, https:\/\/clinicmono.com\/wp-content\/uploads\/2023\/05\/clinic-mono-2-400x400.webp 400w, https:\/\/clinicmono.com\/wp-content\/uploads\/2023\/05\/clinic-mono-2-150x150.webp 150w\" sizes=\"(max-width: 414px) 100vw, 414px\" \/><\/a><\/div><div class=\"w-separator size_small\"><\/div><div class=\"wpb_text_column\"><div class=\"wpb_wrapper\"><h2 class=\"elementor-heading-title elementor-size-default\" style=\"text-align: center;\">Institutions sous contrat<\/h2>\n<\/div><\/div><div class=\"w-separator size_small\"><\/div><div class=\"w-btn-wrapper align_center\"><a class=\"w-btn us-btn-style_1\" href=\"https:\/\/clinicmono.com\/locations\/contracted-institutions\/\"><span class=\"w-btn-label\">Plus de d\u00e9tails<\/span><\/a><\/div><\/div><\/div><\/div><\/div><div class=\"w-separator size_huge with_line width_default thick_2 style_solid color_border align_center\"><div class=\"w-separator-h\"><\/div><\/div><div class=\"g-cols wpb_row via_flex valign_middle type_default stacking_default\"><div class=\"vc_col-sm-12 wpb_column vc_column_container\"><div class=\"vc_column-inner\"><div class=\"wpb_wrapper\"><div class=\"w-image style_circle align_none\"><a href=\"https:\/\/clinicmono.com\/fr\/notre-emplacement\/mono-life-bayrakli\/\" aria-label=\"mono-life-bayrakl\u0131\" class=\"w-image-h\"><img decoding=\"async\" width=\"414\" height=\"412\" src=\"https:\/\/clinicmono.com\/wp-content\/uploads\/2024\/02\/mono-life-bayrakli-e1706787682481.png\" class=\"attachment-full size-full\" alt=\"\" loading=\"lazy\" srcset=\"https:\/\/clinicmono.com\/wp-content\/uploads\/2024\/02\/mono-life-bayrakli-e1706787682481.png 414w, https:\/\/clinicmono.com\/wp-content\/uploads\/2024\/02\/mono-life-bayrakli-e1706787682481-300x300.png 300w, https:\/\/clinicmono.com\/wp-content\/uploads\/2024\/02\/mono-life-bayrakli-e1706787682481-150x150.png 150w\" sizes=\"(max-width: 414px) 100vw, 414px\" \/><\/a><\/div><div class=\"w-separator size_small\"><\/div><div class=\"wpb_text_column\"><div class=\"wpb_wrapper\"><h2 class=\"elementor-heading-title elementor-size-default\" style=\"text-align: center;\">Mono Life Bayrakl\u0131<\/h2>\n<\/div><\/div><div class=\"w-separator size_small\"><\/div><div class=\"w-btn-wrapper align_center\"><a class=\"w-btn us-btn-style_1\" href=\"https:\/\/clinicmono.com\/fr\/notre-emplacement\/mono-life-bayrakli\/\"><span class=\"w-btn-label\">Plus de d\u00e9tails<\/span><\/a><\/div><\/div><\/div><\/div><\/div><div class=\"w-separator size_huge with_line width_default thick_2 style_solid color_border align_center\"><div class=\"w-separator-h\"><\/div><\/div><div class=\"g-cols wpb_row via_flex valign_middle type_default stacking_default\"><div class=\"vc_col-sm-12 wpb_column vc_column_container\"><div class=\"vc_column-inner\"><div class=\"wpb_wrapper\"><div class=\"w-image style_circle align_none\"><a href=\"https:\/\/clinicmono.com\/locations\/mono-alacati\/\" aria-label=\"alacati-hotel-mono\" class=\"w-image-h\"><img decoding=\"async\" width=\"414\" height=\"414\" src=\"https:\/\/clinicmono.com\/wp-content\/uploads\/2023\/05\/alacati-hotel-mono.webp\" class=\"attachment-full size-full\" alt=\"\" loading=\"lazy\" srcset=\"https:\/\/clinicmono.com\/wp-content\/uploads\/2023\/05\/alacati-hotel-mono.webp 414w, https:\/\/clinicmono.com\/wp-content\/uploads\/2023\/05\/alacati-hotel-mono-300x300.webp 300w, https:\/\/clinicmono.com\/wp-content\/uploads\/2023\/05\/alacati-hotel-mono-400x400.webp 400w, https:\/\/clinicmono.com\/wp-content\/uploads\/2023\/05\/alacati-hotel-mono-150x150.webp 150w\" sizes=\"(max-width: 414px) 100vw, 414px\" \/><\/a><\/div><div class=\"w-separator size_small\"><\/div><div class=\"wpb_text_column\"><div class=\"wpb_wrapper\"><h2 style=\"text-align: center;\">Mono Life Ala\u00e7at\u0131<\/h2>\n<\/div><\/div><div class=\"w-separator size_small\"><\/div><div class=\"w-btn-wrapper align_center\"><a class=\"w-btn us-btn-style_1\" href=\"https:\/\/clinicmono.com\/locations\/mono-alacati\/\"><span class=\"w-btn-label\">Plus de d\u00e9tails<\/span><\/a><\/div><\/div><\/div><\/div><\/div><\/div><\/div><\/div><\/div><\/div><\/section>\n","protected":false},"excerpt":{"rendered":"Notre emplacement Clinique MonoPagesBureau Plus de d\u00e9tailsInstitutions sous contrat Plus de d\u00e9tailsDBD Bayrakl\u0131 Plus de d\u00e9tailsDBD Ala\u00e7at\u0131 Plus de d\u00e9tailsDBD \u00c7e\u015fme Plus de d\u00e9tailsDBD Bornova Plus de d\u00e9tailsBureau Plus de d\u00e9tailsInstitutions sous contrat Plus de d\u00e9tailsMono Life Bayrakl\u0131 Plus de d\u00e9tailsMono Life Ala\u00e7at\u0131 Plus de d\u00e9tails","protected":false},"author":1,"featured_media":0,"parent":0,"menu_order":0,"comment_status":"closed","ping_status":"closed","template":"","meta":{"rank_math_lock_modified_date":false,"_mi_skip_tracking":false,"_monsterinsights_sitenote_active":false,"_monsterinsights_sitenote_note":"","_monsterinsights_sitenote_category":0,"_uf_show_specific_survey":0,"_uf_disable_surveys":false,"footnotes":""},"procedure":[],"class_list":["post-135661","page","type-page","status-publish","hentry"],"_links":{"self":[{"href":"https:\/\/clinicmono.com\/fr\/wp-json\/wp\/v2\/pages\/135661"}],"collection":[{"href":"https:\/\/clinicmono.com\/fr\/wp-json\/wp\/v2\/pages"}],"about":[{"href":"https:\/\/clinicmono.com\/fr\/wp-json\/wp\/v2\/types\/page"}],"author":[{"embeddable":true,"href":"https:\/\/clinicmono.com\/fr\/wp-json\/wp\/v2\/users\/1"}],"replies":[{"embeddable":true,"href":"https:\/\/clinicmono.com\/fr\/wp-json\/wp\/v2\/comments?post=135661"}],"version-history":[{"count":13,"href":"https:\/\/clinicmono.com\/fr\/wp-json\/wp\/v2\/pages\/135661\/revisions"}],"predecessor-version":[{"id":150088,"href":"https:\/\/clinicmono.com\/fr\/wp-json\/wp\/v2\/pages\/135661\/revisions\/150088"}],"wp:attachment":[{"href":"https:\/\/clinicmono.com\/fr\/wp-json\/wp\/v2\/media?parent=135661"}],"wp:term":[{"taxonomy":"procedure","embeddable":true,"href":"https:\/\/clinicmono.com\/fr\/wp-json\/wp\/v2\/procedure?post=135661"}],"curies":[{"name":"wp","href":"https:\/\/api.w.org\/{rel}","templated":true}]}}