{"id":134119,"date":"2024-01-21T14:29:18","date_gmt":"2024-01-21T14:29:18","guid":{"rendered":"https:\/\/clinicmono.com\/hernie-de-la-paroi-abdominale\/"},"modified":"2024-07-25T14:14:01","modified_gmt":"2024-07-25T14:14:01","slug":"hernie-de-la-paroi-abdominale","status":"publish","type":"page","link":"https:\/\/clinicmono.com\/fr\/chirurgie-generale\/hernie-de-la-paroi-abdominale\/","title":{"rendered":"Hernie de la paroi abdominale"},"content":{"rendered":"<section class=\"l-section wpb_row height_custom with_img\"><div class=\"l-section-img\" role=\"img\" aria-label=\"Image\" data-img-width=\"1280\" data-img-height=\"720\" style=\"background-image: url(https:\/\/clinicmono.com\/wp-content\/uploads\/2024\/03\/abdominal-wall-hernia.jpg);background-repeat: no-repeat;\"><\/div><div class=\"l-section-overlay\" style=\"background:rgba(0,0,0,0.47)\"><\/div><div class=\"l-section-h i-cf\"><div class=\"g-cols vc_row via_flex valign_top type_default stacking_default\"><div class=\"vc_col-sm-12 wpb_column vc_column_container\"><div class=\"vc_column-inner\"><div class=\"wpb_wrapper\"><div class=\"wpb_text_column us_custom_8b3d6790 has_text_color\"><div class=\"wpb_wrapper\"><h1 style=\"text-align: center;\">Hernie de la paroi abdominale<\/h1>\n<\/div><\/div><div class=\"w-separator size_small\"><\/div><nav class=\"g-breadcrumbs us_custom_8b3d6790 has_text_color separator_icon align_center\" itemscope itemtype=\"http:\/\/schema.org\/BreadcrumbList\"><div class=\"g-breadcrumbs-item\" itemscope itemprop=\"itemListElement\" itemtype=\"http:\/\/schema.org\/ListItem\"><a itemprop=\"item\" href=\"https:\/\/clinicmono.com\/fr\/\"><span itemprop=\"name\">Clinique Mono<\/span><\/a><meta itemprop=\"position\" content=\"1\"\/><\/div><div class=\"g-breadcrumbs-separator\"><i class=\"far fa-angle-double-right\"><\/i><\/div><div class=\"g-breadcrumbs-item\">Pages<\/div><\/nav><div class=\"w-separator size_small\"><\/div><\/div><\/div><\/div><\/div><\/div><\/section><section class=\"l-section wpb_row height_small\"><div class=\"l-section-h i-cf\"><div class=\"g-cols vc_row via_flex valign_top type_default stacking_default\"><div class=\"vc_col-sm-8 wpb_column vc_column_container\"><div class=\"vc_column-inner\"><div class=\"wpb_wrapper\"><div class=\"g-cols wpb_row us_custom_561b7e5e via_flex valign_top type_default stacking_default\"><div class=\"vc_col-sm-12 wpb_column vc_column_container\"><div class=\"vc_column-inner\"><div class=\"wpb_wrapper\"><h3 class=\"w-text\"><span class=\"w-text-h\"><span class=\"w-text-value\">Aper\u00e7u de la proc\u00e9dure<\/span><\/span><\/h3><div class=\"w-separator size_small\"><\/div><div class=\"w-iconbox iconpos_left style_default color_primary align_left no_text\"><div class=\"w-iconbox-icon\" style=\"font-size:1.4rem;\"><i class=\"fas fa-procedures\"><\/i><\/div><div class=\"w-iconbox-meta\"><h4 class=\"w-iconbox-title\">Proc\u00e9dure<\/h4><\/div><\/div><div class=\"w-separator size_small\"><\/div><div class=\"w-iconbox iconpos_left style_default color_primary align_left no_text\"><div class=\"w-iconbox-icon\" style=\"font-size:1rem;\"><i class=\"fas fa-clock\"><\/i><\/div><div class=\"w-iconbox-meta\"><h4 class=\"w-iconbox-title\">Dur\u00e9e de la chirurgie<\/h4><\/div><\/div><div class=\"w-separator size_small\"><\/div><div class=\"w-iconbox iconpos_left style_default color_primary align_left no_text\"><div class=\"w-iconbox-icon\" style=\"font-size:1rem;\"><i class=\"fas fa-hospital\"><\/i><\/div><div class=\"w-iconbox-meta\"><h4 class=\"w-iconbox-title\">S\u00e9jour \u00e0 l&#039;h\u00f4pital<\/h4><\/div><\/div><div class=\"w-separator size_small\"><\/div><div class=\"w-iconbox iconpos_left style_default color_primary align_left no_text\"><div class=\"w-iconbox-icon\" style=\"font-size:1rem;\"><i class=\"fas fa-syringe\"><\/i><\/div><div class=\"w-iconbox-meta\"><h4 class=\"w-iconbox-title\">Anesth\u00e9sie<\/h4><\/div><\/div><\/div><\/div><\/div><\/div><\/div><\/div><\/div><div class=\"vc_col-sm-4 wpb_column vc_column_container\"><div class=\"vc_column-inner\"><div class=\"wpb_wrapper\"><div class=\"g-cols wpb_row us_custom_c5a47681 via_flex valign_top type_default stacking_default\"><div class=\"vc_col-sm-12 wpb_column vc_column_container\"><div class=\"vc_column-inner\"><div class=\"wpb_wrapper\"><h3 class=\"w-text\"><span class=\"w-text-h\"><span class=\"w-text-value\">Obtenez une consultation gratuite<\/span><\/span><\/h3><div class=\"w-separator size_small\"><\/div><div class=\"wpforms-container wpforms-render-modern\" id=\"wpforms-22672\"><form id=\"wpforms-form-22672\" class=\"wpforms-validate wpforms-form wpforms-ajax-form\" data-formid=\"22672\" method=\"post\" enctype=\"multipart\/form-data\" action=\"\/fr\/wp-json\/wp\/v2\/pages\/134119\" data-token=\"c23e2bd93f998eea0b1e1a07b3eefac7\" data-token-time=\"1777012534\"><noscript class=\"wpforms-error-noscript\">Veuillez activer JavaScript dans votre navigateur pour remplir ce formulaire.<\/noscript><div id=\"wpforms-error-noscript\" style=\"display: none;\">Veuillez activer JavaScript dans votre navigateur pour remplir ce formulaire.<\/div><div class=\"wpforms-field-container\"><div id=\"wpforms-22672-field_0-container\" class=\"wpforms-field wpforms-field-name\" data-field-id=\"0\"><label class=\"wpforms-field-label wpforms-label-hide\" for=\"wpforms-22672-field_0\" aria-hidden=\"false\">Name <span class=\"wpforms-required-label\" aria-hidden=\"true\">*<\/span><\/label><input type=\"text\" id=\"wpforms-22672-field_0\" class=\"wpforms-field-large wpforms-field-required\" name=\"wpforms[fields][0]\" placeholder=\"Name and Lastname\" aria-errormessage=\"wpforms-22672-field_0-error\" required><\/div><div id=\"wpforms-22672-field_5-container\" class=\"wpforms-field wpforms-field-phone\" data-field-id=\"5\"><label class=\"wpforms-field-label wpforms-label-hide\" for=\"wpforms-22672-field_5\" aria-hidden=\"false\">Phone <span class=\"wpforms-required-label\" aria-hidden=\"true\">*<\/span><\/label><input type=\"tel\" id=\"wpforms-22672-field_5\" class=\"wpforms-field-large wpforms-field-required wpforms-smart-phone-field\" data-rule-smart-phone-field=\"true\" name=\"wpforms[fields][5]\" aria-label=\"Phone\" aria-errormessage=\"wpforms-22672-field_5-error\" required><\/div><div id=\"wpforms-22672-field_12-container\" class=\"wpforms-field wpforms-field-hidden\" data-field-id=\"12\"><input type=\"hidden\" id=\"wpforms-22672-field_12\" name=\"wpforms[fields][12]\"><\/div><div id=\"wpforms-22672-field_10-container\" class=\"wpforms-field wpforms-field-hidden\" data-field-id=\"10\"><input type=\"hidden\" id=\"wpforms-22672-field_10\" name=\"wpforms[fields][10]\" value=\"https:\/\/clinicmono.com\/fr\/wp-json\/wp\/v2\/pages\/134119 \"><\/div><div id=\"wpforms-22672-field_15-container\" class=\"wpforms-field wpforms-field-hidden\" data-field-id=\"15\"><input type=\"hidden\" id=\"wpforms-22672-field_15\" name=\"wpforms[fields][15]\" value=\" 216.73.217.63 Columbus, Ohio, US\r\n39.9587, -82.9987 \"><\/div><\/div><!-- .wpforms-field-container --><div class=\"wpforms-recaptcha-container wpforms-is-recaptcha wpforms-is-recaptcha-type-v3\" ><input type=\"hidden\" name=\"wpforms[recaptcha]\" value=\"\"><\/div><div class=\"wpforms-submit-container\" ><input type=\"hidden\" name=\"wpforms[id]\" value=\"22672\"><input type=\"hidden\" name=\"page_title\" value=\"\"><input type=\"hidden\" name=\"page_url\" value=\"https:\/\/clinicmono.com\/fr\/wp-json\/wp\/v2\/pages\/134119\"><input type=\"hidden\" name=\"url_referer\" value=\"\"><button type=\"submit\" name=\"wpforms[submit]\" id=\"wpforms-submit-22672\" class=\"wpforms-submit\" data-alt-text=\"Sending...\" data-submit-text=\"Get a Free Consultation\" aria-live=\"assertive\" value=\"wpforms-submit\">Get a Free Consultation<\/button><img decoding=\"async\" src=\"https:\/\/clinicmono.com\/wp-content\/plugins\/wpforms\/assets\/images\/submit-spin.svg\" class=\"wpforms-submit-spinner\" style=\"display: none;\" width=\"26\" height=\"26\" alt=\"Chargement en cours\"><\/div><\/form><\/div>  <!-- .wpforms-container --><\/div><\/div><\/div><\/div><\/div><\/div><\/div><\/div><\/div><\/section><section class=\"l-section wpb_row us_custom_f92a3d92 height_custom\"><div class=\"l-section-h i-cf\"><div class=\"g-cols vc_row via_flex valign_top type_default stacking_default\"><div class=\"vc_col-sm-12 wpb_column vc_column_container\"><div class=\"vc_column-inner\"><div class=\"wpb_wrapper\"><div class=\"g-cols wpb_row us_custom_1b04de86 via_flex valign_top type_default stacking_default\"><div class=\"vc_col-sm-8 wpb_column vc_column_container\"><div class=\"vc_column-inner\"><div class=\"wpb_wrapper\"><div class=\"w-hwrapper valign_top wrap align_left\"><div class=\"wpb_text_column\"><div class=\"wpb_wrapper\"><h4><a href=\"#procedures\">Proc\u00e9dure<\/a><\/h4>\n<\/div><\/div><div class=\"wpb_text_column\"><div class=\"wpb_wrapper\"><h4>|<\/h4>\n<\/div><\/div><div class=\"wpb_text_column\"><div class=\"wpb_wrapper\"><h4><a href=\"#cost\">Co\u00fbt<\/a><\/h4>\n<\/div><\/div><div class=\"wpb_text_column\"><div class=\"wpb_wrapper\"><h4>|<\/h4>\n<\/div><\/div><div class=\"wpb_text_column\"><div class=\"wpb_wrapper\"><h4><a href=\"#clinic\">Clinique<\/a><\/h4>\n<\/div><\/div><div class=\"wpb_text_column\"><div class=\"wpb_wrapper\"><h4>|<\/h4>\n<\/div><\/div><div class=\"wpb_text_column\"><div class=\"wpb_wrapper\"><h4><a href=\"#recovery\">R\u00e9cup\u00e9ration<\/a><\/h4>\n<\/div><\/div><div class=\"wpb_text_column\"><div class=\"wpb_wrapper\"><h4>|<\/h4>\n<\/div><\/div><div class=\"wpb_text_column\"><div class=\"wpb_wrapper\"><h4><a href=\"#reviews\">Commentaires<\/a><\/h4>\n<\/div><\/div><div class=\"wpb_text_column\"><div class=\"wpb_wrapper\"><h4>|<\/h4>\n<\/div><\/div><div class=\"wpb_text_column\"><div class=\"wpb_wrapper\"><h4><a href=\"#surgeons\">Chirurgiens<\/a><\/h4>\n<\/div><\/div><div class=\"wpb_text_column\"><div class=\"wpb_wrapper\"><h4>|<\/h4>\n<\/div><\/div><div class=\"wpb_text_column\"><div class=\"wpb_wrapper\"><h4><a href=\"#faqs\">FAQ<\/a><\/h4>\n<\/div><\/div><\/div><\/div><\/div><\/div><div class=\"vc_col-sm-4 wpb_column vc_column_container\"><div class=\"vc_column-inner\"><div class=\"wpb_wrapper\"><div class=\"wpb_text_column\"><div class=\"wpb_wrapper\"><h5 style=\"text-align: center;\"><strong>R\u00e9vis\u00e9 et approuv\u00e9 par<\/strong><\/h5>\n<\/div><\/div><div class=\"w-separator hide_on_default hide_on_laptops size_medium\"><\/div><\/div><\/div><\/div><\/div><div class=\"w-separator size_small\"><\/div><div class=\"g-cols wpb_row via_flex valign_top type_default stacking_default\" id=\"procedures\"><div class=\"vc_col-sm-12 wpb_column vc_column_container\"><div class=\"vc_column-inner\"><div class=\"wpb_wrapper\"><div class=\"wpb_text_column\"><div class=\"wpb_wrapper\"><h1><b>Hernie de la paroi abdominale<\/b><\/h1>\n<p>  Les hernies de la paroi abdominale se produisent lorsqu&#8217;un organe ou un tissu se faufile \u00e0 travers un point faible des muscles abdominaux, entra\u00eenant une bosse ou un renflement visible.<br \/>\nLes hernies abdominales sup\u00e9rieures se manifestent par une g\u00eane, une douleur et une protub\u00e9rance visible dans la r\u00e9gion de l&#8217;estomac.<br \/>\nBien que les hernies abdominales se manifestent g\u00e9n\u00e9ralement par une bosse, certaines personnes peuvent pr\u00e9senter des sympt\u00f4mes sans qu&#8217;une protub\u00e9rance soit visible.<br \/>\nLes hernies de l&#8217;estomac sont diverses : hernies inguinales, ombilicales et incisionnelles.<br \/>\nLa sensation d&#8217;une hernie de l&#8217;estomac varie, allant d&#8217;une l\u00e9g\u00e8re g\u00eane \u00e0 une douleur aigu\u00eb.<br \/>\nIl est possible d&#8217;identifier les hernies sans avoir recours \u00e0 une bosse, car des sympt\u00f4mes tels que des probl\u00e8mes digestifs, des douleurs ou une sensation de tiraillement peuvent indiquer leur pr\u00e9sence.<br \/>\nIl est essentiel de comprendre la douleur li\u00e9e aux hernies abdominales et de reconna\u00eetre les signes, tels qu&#8217;un renflement visible ou une sensibilit\u00e9, pour faciliter la d\u00e9tection pr\u00e9coce.<br \/>\nLes causes des hernies abdominales sont multiples et impliquent souvent une combinaison de faiblesses et de tensions musculaires.<br \/>\nReconna\u00eetre les divers sympt\u00f4mes et types de hernies abdominales est essentiel pour une intervention pr\u00e9coce.<br \/>\nComprendre les hernies permet de b\u00e9n\u00e9ficier d&#8217;une attention m\u00e9dicale opportune, de r\u00e9duire les complications et d&#8217;am\u00e9liorer le bien-\u00eatre g\u00e9n\u00e9ral, que ce soit au-dessus du nombril ou \u00e0 l&#8217;int\u00e9rieur de l&#8217;estomac.<br \/>\nLa chirurgie des hernies abdominales s&#8217;attaque \u00e0 la protrusion des organes par des muscles affaiblis, les proc\u00e9dures variant en fonction du type et de la gravit\u00e9 de la hernie.<br \/>\nUn avis m\u00e9dical rapide garantit un traitement appropri\u00e9, qu&#8217;il s&#8217;agisse d&#8217;une intervention chirurgicale ou d&#8217;autres approches, ce qui favorise un r\u00e9tablissement plus rapide et une meilleure qualit\u00e9 de vie.<br \/>\nLa chirurgie des hernies abdominales permet de traiter la protrusion des organes par des muscles affaiblis.<br \/>\nLes proc\u00e9dures varient en fonction du type et de la gravit\u00e9 de la hernie, les options allant des r\u00e9parations par laparoscopie aux chirurgies ouvertes plus traditionnelles.<br \/>\nLa reconnaissance des sympt\u00f4mes, tels que des douleurs \u00e0 l&#8217;estomac ou dans la partie sup\u00e9rieure droite de l&#8217;abdomen, permet d&#8217;obtenir rapidement des soins m\u00e9dicaux.<br \/>\nLes divers sympt\u00f4mes et types de hernies abdominales ou de hernies de l&#8217;estomac sont essentiels pour d\u00e9terminer la n\u00e9cessit\u00e9 d&#8217;une intervention chirurgicale.<br \/>\nUne consultation m\u00e9dicale rapide garantit un traitement appropri\u00e9, qu&#8217;il s&#8217;agisse d&#8217;une intervention chirurgicale ou d&#8217;autres approches, ce qui favorise un r\u00e9tablissement plus rapide et une meilleure qualit\u00e9 de vie.<br \/>\nEn outre, les hernies peuvent \u00eatre multiples et l&#8217;identification de leurs types sp\u00e9cifiques permet d&#8217;\u00e9laborer des plans de traitement efficaces.<\/p>\n<\/div><\/div><\/div><\/div><\/div><\/div><div class=\"w-separator size_small\"><\/div><div class=\"g-cols wpb_row via_flex valign_top type_default stacking_default\" id=\"clinic\"><div class=\"vc_col-sm-12 wpb_column vc_column_container\"><div class=\"vc_column-inner\"><div class=\"wpb_wrapper\"><div class=\"wpb_text_column\"><div class=\"wpb_wrapper\"><h2><b>Chirurgie de la hernie de la paroi abdominale par la clinique Mono  <\/b><\/h2>\n<p>  Clinic Mono est une agence de tourisme qui dispose d&#8217;un certificat d&#8217;autorisation pour le tourisme de sant\u00e9 et qui fournit des services d&#8217;interm\u00e9diation et apporte des solutions \u00e0 tous les besoins et demandes du patient tels que l&#8217;h\u00e9bergement, l&#8217;op\u00e9ration, le transfert, avec de nombreuses ann\u00e9es d&#8217;exp\u00e9rience, dans des \u00e9tablissements de sant\u00e9 sous contrat.<br \/>\nDe plus, Clinic Mono agit en tant qu&#8217;interm\u00e9diaire pour vous mettre en contact avec les chirurgiens sous contrat.<br \/>\nSi vous \u00eates aux prises avec une hernie abdominale, la Clinique Mono, en tant qu&#8217;agence de tourisme m\u00e9dical, s&#8217;impose comme un choix de premier ordre pour des soins complets et personnalis\u00e9s.<br \/>\nQu&#8217;il s&#8217;agisse d&#8217;une petite hernie, d&#8217;une grande hernie ou de toute autre hernie de la paroi abdominale, l&#8217;\u00e9quipe m\u00e9dicale sous contrat de la Clinique Mono s&#8217;engage \u00e0 fournir un traitement de premier ordre adapt\u00e9 \u00e0 vos besoins uniques.<br \/>\nLa clinique Mono collabore avec des \u00e9tablissements de sant\u00e9 qui privil\u00e9gient le bien-\u00eatre des patients et utilisent des techniques de pointe pour les op\u00e9rations de hernie.<br \/>\nLes professionnels qui collaborent avec la Clinique Mono sont capables de traiter diff\u00e9rents types de hernies, y compris celles situ\u00e9es dans la partie sup\u00e9rieure de l&#8217;abdomen ou dans la paroi abdominale.<br \/>\nL&#8217;expertise des \u00e9tablissements sous contrat avec le Mono s&#8217;\u00e9tend \u00e0 la prise en charge pr\u00e9cise de sympt\u00f4mes tels que les douleurs li\u00e9es aux hernies de l&#8217;estomac et les sympt\u00f4mes li\u00e9s aux hernies intestinales.<br \/>\nLa Clinique Mono se distingue par l&#8217;importance qu&#8217;elle accorde aux proc\u00e9dures mini-invasives.<br \/>\nQu&#8217;il s&#8217;agisse de sympt\u00f4mes de hernie \u00e9pigastrique ou de hernies de la paroi abdominale ant\u00e9rieure, les chirurgiens sous contrat de la Clinique Mono utilisent des techniques laparoscopiques avanc\u00e9es, ce qui favorise un r\u00e9tablissement plus rapide et une r\u00e9duction de l&#8217;inconfort postop\u00e9ratoire.<br \/>\nChoisir la Clinique Mono comme m\u00e9diateur, c&#8217;est opter pour un centre qui comprend l&#8217;importance des soins individualis\u00e9s.<br \/>\nL&#8217;engagement de Mono en faveur de l&#8217;excellence s&#8217;\u00e9tend au traitement des hernies abdominales larges et des hernies abdominales hautes, ce qui vous garantit des soins de la plus haute qualit\u00e9.<\/p>\n<\/div><\/div><\/div><\/div><\/div><\/div><div class=\"w-separator size_small\"><\/div><div class=\"g-cols wpb_row via_flex valign_top type_default stacking_default\" id=\"surgeons\"><div class=\"vc_col-sm-12 wpb_column vc_column_container\"><div class=\"vc_column-inner\"><div class=\"wpb_wrapper\"><div class=\"wpb_text_column\"><div class=\"wpb_wrapper\"><h2><b>Les meilleurs chirurgiens pour les hernies de la paroi abdominale en Turquie<\/b><\/h2>\n<p>  Des chirurgiens comp\u00e9tents sont essentiels pour diagnostiquer et traiter les hernies, afin de garantir des soins personnalis\u00e9s et des r\u00e9sultats optimaux pour les patients.<br \/>\nVous pouvez faire confiance \u00e0 la Clinique Mono pour obtenir une expertise chirurgicale de premier ordre dans le traitement des hernies.<br \/>\nL&#8217;\u00e9quipe de chirurgiens sp\u00e9cialis\u00e9s dans les hernies de la paroi abdominale de la Clinique Mono est sp\u00e9cialis\u00e9e dans les hernies de la ligne m\u00e9diane, les hernies du bas-ventre et les hernies diverses.<br \/>\nLes chirurgiens sous contrat de Mono excellent dans le traitement des hernies centrales, abordant avec pr\u00e9cision des probl\u00e8mes tels que les hernies, les douleurs d&#8217;estomac et les sympt\u00f4mes.<br \/>\nCliquez sur les fiches de profil ci-dessous pour en savoir plus sur les m\u00e9decins accomplis qui ouvrent la voie \u00e0 la chirurgie des hernies abdominales.<\/p>\n<\/div><\/div><\/div><\/div><\/div><\/div><div class=\"w-separator size_small\"><\/div><div class=\"g-cols wpb_row via_flex valign_top type_default stacking_default\" id=\"cost\"><div class=\"vc_col-sm-12 wpb_column vc_column_container\"><div class=\"vc_column-inner\"><div class=\"wpb_wrapper\"><div class=\"wpb_text_column\"><div class=\"wpb_wrapper\"><h2><b>Hernie de la paroi abdominale Prix en Turquie<\/b><\/h2>\n<p><span style=\"font-weight: 400;\">En tant que premi\u00e8re adresse pour la chirurgie des hernies de la paroi abdominale, la Turquie offre des prix tr\u00e8s avantageux pour cette proc\u00e9dure m\u00e9dicale de grande envergure.<br \/>\nLa Clinique Mono, en Turquie, offre des solutions rentables avec une expertise exceptionnelle.<br \/>\nLa Clinique Mono propose des prix transparents et comp\u00e9titifs.<br \/>\nEn tant que l&#8217;un des principaux m\u00e9diateurs en Turquie pour la meilleure hernie, la Clinique Mono garantit des soins de qualit\u00e9 sans compromettre votre budget.<br \/>\nVous pouvez en savoir plus sur le caract\u00e8re abordable des traitements de la hernie et sur la meilleure clinique de la hernie en explorant les services complets propos\u00e9s par la Clinique Mono.    <\/span><\/p>\n<\/div><\/div><\/div><\/div><\/div><\/div><div class=\"w-separator size_small\"><\/div><div class=\"g-cols wpb_row via_flex valign_top type_default stacking_default\"><div class=\"vc_col-sm-12 wpb_column vc_column_container\"><div class=\"vc_column-inner\"><div class=\"wpb_wrapper\"><div class=\"w-html\"><table class=\"customTable\">\n  <thead>\n    <tr>\n      <th>Type de proc\u00e9dure<\/th><th>Mono<\/th><th>Co\u00fbt UK<\/th><th>Co\u00fbt UE<\/th><th>Co\u00fbt US<\/th>\n    <\/tr>\n  <\/thead>\n  <tbody>\n    <tr>\n      <td>Hernie de la paroi abdominale <\/td><td>\u00a32950 - \u00a33350<\/td><td>\u00a33,500 - \u00a34,000<\/td><td>\u20ac4,500 - \u20ac5,500<\/td><td>$4,500 - $6,000<\/td>\n    <\/tr>\n  <\/tbody>\n<\/table><\/div><\/div><\/div><\/div><\/div><div class=\"w-separator size_small\"><\/div><div class=\"g-cols wpb_row via_flex valign_top type_default stacking_default\" id=\"reviews\"><div class=\"vc_col-sm-12 wpb_column vc_column_container\"><div class=\"vc_column-inner\"><div class=\"wpb_wrapper\"><div class=\"wpb_text_column\"><div class=\"wpb_wrapper\"><h2><b>Chirurgie de la hernie de la paroi abdominale Turquie Reviews<\/b><\/h2>\n<p>  Lorsque vous envisagez une telle proc\u00e9dure dans un pays \u00e9tranger comme la Turquie, il est tr\u00e8s important de choisir un \u00e9tablissement r\u00e9put\u00e9 disposant d&#8217;un certificat d&#8217;autorisation de tourisme de sant\u00e9 et de choisir des m\u00e9decins.  <span style=\"font-weight: 400;\">En ce qui concerne la chirurgie des hernies, la Clinique Mono donne la priorit\u00e9 au confort et \u00e0 la s\u00e9curit\u00e9 des patients.<br \/>\nL&#8217;exp\u00e9rience de Mono dans le traitement des hernies de la paroi abdominale, de la partie inf\u00e9rieure de l&#8217;abdomen et au-del\u00e0 souligne son engagement \u00e0 fournir des soins de sant\u00e9 exceptionnels.   <\/span><span style=\"font-weight: 400;\">Gr\u00e2ce \u00e0 des avis pertinents, les patients peuvent d\u00e9couvrir les exp\u00e9riences des personnes qui ont subi un traitement de hernie abdominale par l&#8217;interm\u00e9diaire de la Clinique Mono.<br \/>\nLa Clinique Mono s&#8217;engage \u00e0 la transparence et \u00e0 la satisfaction des patients, ce qui rend ces avis essentiels pour ceux qui recherchent des informations fiables sur les traitements des hernies abdominales en Turquie. <\/span><\/p>\n<\/div><\/div><\/div><\/div><\/div><\/div><div class=\"w-separator size_small\"><\/div><div class=\"g-cols wpb_row via_flex valign_top type_default stacking_default\" id=\"faqs\"><div class=\"vc_col-sm-12 wpb_column vc_column_container\"><div class=\"vc_column-inner\"><div class=\"wpb_wrapper\"><div class=\"wpb_text_column\"><div class=\"wpb_wrapper\"><h2><b>Hernie de la paroi abdominale Questions fr\u00e9quemment pos\u00e9es<\/b><\/h2>\n<\/div><\/div><\/div><\/div><\/div><\/div><div class=\"w-separator size_small\"><\/div><div class=\"w-tabs style_default switch_click accordion has_scrolling\" style=\"--sections-title-size:inherit\"><div class=\"w-tabs-sections titles-align_none icon_chevron cpos_right\"><div class=\"w-tabs-section\" id=\"ha37\"><button class=\"w-tabs-section-header\" aria-controls=\"content-ha37\" aria-expanded=\"false\"><div class=\"w-tabs-section-title\">Quels sont les sympt\u00f4mes d&#039;une hernie abdominale sup\u00e9rieure ?<\/div><div class=\"w-tabs-section-control\"><\/div><\/button><div  class=\"w-tabs-section-content\" id=\"content-ha37\"><div class=\"w-tabs-section-content-h i-cf\"><div class=\"wpb_text_column\"><div class=\"wpb_wrapper\"><p>Les hernies abdominales sup\u00e9rieures se manifestent par diff\u00e9rents sympt\u00f4mes, qui constituent des indices cruciaux pour une d\u00e9tection et une intervention pr\u00e9coces.<br \/>\nLes personnes pr\u00e9sentant des sympt\u00f4mes de hernie abdominale, tels qu&#8217;une grosseur au-dessus du nombril ou une g\u00eane dans la partie sup\u00e9rieure droite de l&#8217;abdomen, doivent consulter rapidement un m\u00e9decin.<\/p>\n<\/div><\/div><\/div><\/div><\/div><div class=\"w-tabs-section\" id=\"kc6a\"><button class=\"w-tabs-section-header\" aria-controls=\"content-kc6a\" aria-expanded=\"false\"><div class=\"w-tabs-section-title\">Quel est l&#039;aspect d&#039;une hernie chez une femme ?<\/div><div class=\"w-tabs-section-control\"><\/div><\/button><div  class=\"w-tabs-section-content\" id=\"content-kc6a\"><div class=\"w-tabs-section-content-h i-cf\"><div class=\"wpb_text_column\"><div class=\"wpb_wrapper\"><p><span style=\"font-weight: 400;\">Pour reconna\u00eetre une hernie chez la femme, il faut comprendre les sympt\u00f4mes sp\u00e9cifiques \u00e0 son anatomie.<br \/>\nLes sympt\u00f4mes d&#8217;une hernie abdominale chez la femme peuvent inclure une grosseur visible au-dessus du nombril, souvent indolore ou causant une g\u00eane minime. <\/span><\/p>\n<\/div><\/div><\/div><\/div><\/div><div class=\"w-tabs-section\" id=\"te7f\"><button class=\"w-tabs-section-header\" aria-controls=\"content-te7f\" aria-expanded=\"false\"><div class=\"w-tabs-section-title\">Quelles sont les causes d&#039;une hernie de l&#039;estomac ?<\/div><div class=\"w-tabs-section-control\"><\/div><\/button><div  class=\"w-tabs-section-content\" id=\"content-te7f\"><div class=\"w-tabs-section-content-h i-cf\"><div class=\"wpb_text_column\"><div class=\"wpb_wrapper\"><p><span style=\"font-weight: 400;\">Les hernies de l&#8217;estomac sont caus\u00e9es par un affaiblissement de la paroi abdominale, entra\u00eenant une saillie des organes ou des tissus.<\/span><\/p>\n<\/div><\/div><\/div><\/div><\/div><\/div><\/div><\/div><\/div><\/div><\/div><\/div><\/section>\n","protected":false},"excerpt":{"rendered":"Hernie de la paroi abdominale Clinique MonoPagesAper\u00e7u de la proc\u00e9dureProc\u00e9dureDur\u00e9e de la chirurgieS\u00e9jour \u00e0 l&#039;h\u00f4pitalAnesth\u00e9sieObtenez une consultation gratuiteVeuillez activer JavaScript dans votre navigateur pour remplir ce formulaire.Veuillez activer JavaScript dans votre navigateur pour remplir ce formulaire.Name * Page URL Phone Phone *Get a Free Consultation Proc\u00e9dure | Co\u00fbt | Clinique | R\u00e9cup\u00e9ration | Commentaires |...","protected":false},"author":1,"featured_media":134120,"parent":136011,"menu_order":0,"comment_status":"closed","ping_status":"closed","template":"","meta":{"_mi_skip_tracking":false,"_monsterinsights_sitenote_active":false,"_monsterinsights_sitenote_note":"","_monsterinsights_sitenote_category":0,"_uf_show_specific_survey":0,"_uf_disable_surveys":false,"footnotes":""},"procedure":[321],"class_list":["post-134119","page","type-page","status-publish","has-post-thumbnail","hentry","procedure-general-surgery"],"_links":{"self":[{"href":"https:\/\/clinicmono.com\/fr\/wp-json\/wp\/v2\/pages\/134119","targetHints":{"allow":["GET"]}}],"collection":[{"href":"https:\/\/clinicmono.com\/fr\/wp-json\/wp\/v2\/pages"}],"about":[{"href":"https:\/\/clinicmono.com\/fr\/wp-json\/wp\/v2\/types\/page"}],"author":[{"embeddable":true,"href":"https:\/\/clinicmono.com\/fr\/wp-json\/wp\/v2\/users\/1"}],"replies":[{"embeddable":true,"href":"https:\/\/clinicmono.com\/fr\/wp-json\/wp\/v2\/comments?post=134119"}],"version-history":[{"count":0,"href":"https:\/\/clinicmono.com\/fr\/wp-json\/wp\/v2\/pages\/134119\/revisions"}],"up":[{"embeddable":true,"href":"https:\/\/clinicmono.com\/fr\/wp-json\/wp\/v2\/pages\/136011"}],"wp:featuredmedia":[{"embeddable":true,"href":"https:\/\/clinicmono.com\/fr\/wp-json\/wp\/v2\/media\/134120"}],"wp:attachment":[{"href":"https:\/\/clinicmono.com\/fr\/wp-json\/wp\/v2\/media?parent=134119"}],"wp:term":[{"taxonomy":"procedure","embeddable":true,"href":"https:\/\/clinicmono.com\/fr\/wp-json\/wp\/v2\/procedure?post=134119"}],"curies":[{"name":"wp","href":"https:\/\/api.w.org\/{rel}","templated":true}]}}