{"id":134034,"date":"2024-01-21T14:15:03","date_gmt":"2024-01-21T14:15:03","guid":{"rendered":"https:\/\/clinicmono.com\/hernies-inguinales-et-ombilicales\/"},"modified":"2024-07-25T14:14:01","modified_gmt":"2024-07-25T14:14:01","slug":"hernies-inguinales-et-ombilicales","status":"publish","type":"page","link":"https:\/\/clinicmono.com\/fr\/chirurgie-generale\/hernies-inguinales-et-ombilicales\/","title":{"rendered":"Hernies inguinales et ombilicales"},"content":{"rendered":"<section class=\"l-section wpb_row height_custom with_img\"><div class=\"l-section-img\" role=\"img\" data-img-width=\"1280\" data-img-height=\"720\" style=\"background-image: url(https:\/\/clinicmono.com\/wp-content\/uploads\/2024\/03\/inguinal-and-umbilical-hernias.jpg);background-position: top right;background-repeat: no-repeat;\"><\/div><div class=\"l-section-overlay\" style=\"background:rgba(0,0,0,0.47)\"><\/div><div class=\"l-section-h i-cf\"><div class=\"g-cols vc_row via_flex valign_top type_default stacking_default\"><div class=\"vc_col-sm-12 wpb_column vc_column_container\"><div class=\"vc_column-inner\"><div class=\"wpb_wrapper\"><div class=\"wpb_text_column us_custom_8b3d6790 has_text_color\"><div class=\"wpb_wrapper\"><h1 style=\"text-align: center;\"><b>Hernies inguinales et ombilicales<\/b><\/h1>\n<\/div><\/div><div class=\"w-separator size_small\"><\/div><nav class=\"g-breadcrumbs us_custom_8b3d6790 has_text_color separator_icon align_center\" itemscope itemtype=\"http:\/\/schema.org\/BreadcrumbList\"><div class=\"g-breadcrumbs-item\" itemscope itemprop=\"itemListElement\" itemtype=\"http:\/\/schema.org\/ListItem\"><a itemprop=\"item\" href=\"https:\/\/clinicmono.com\/fr\/\"><span itemprop=\"name\">Clinique Mono<\/span><\/a><meta itemprop=\"position\" content=\"1\"\/><\/div><div class=\"g-breadcrumbs-separator\"><i class=\"far fa-angle-double-right\"><\/i><\/div><div class=\"g-breadcrumbs-item\">Pages<\/div><\/nav><div class=\"w-separator size_small\"><\/div><\/div><\/div><\/div><\/div><\/div><\/section><section class=\"l-section wpb_row height_small\"><div class=\"l-section-h i-cf\"><div class=\"g-cols vc_row via_flex valign_top type_default stacking_default\"><div class=\"vc_col-sm-8 wpb_column vc_column_container\"><div class=\"vc_column-inner\"><div class=\"wpb_wrapper\"><div class=\"g-cols wpb_row us_custom_561b7e5e via_flex valign_top type_default stacking_default\"><div class=\"vc_col-sm-12 wpb_column vc_column_container\"><div class=\"vc_column-inner\"><div class=\"wpb_wrapper\"><h3 class=\"w-text\"><span class=\"w-text-h\"><span class=\"w-text-value\">Aper\u00e7u de la proc\u00e9dure<\/span><\/span><\/h3><div class=\"w-separator size_small\"><\/div><div class=\"w-iconbox iconpos_left style_default color_primary align_left no_text\"><div class=\"w-iconbox-icon\" style=\"font-size:1.4rem;\"><i class=\"fas fa-procedures\"><\/i><\/div><div class=\"w-iconbox-meta\"><h4 class=\"w-iconbox-title\">Proc\u00e9dure<\/h4><\/div><\/div><div class=\"w-separator size_small\"><\/div><div class=\"w-iconbox iconpos_left style_default color_primary align_left no_text\"><div class=\"w-iconbox-icon\" style=\"font-size:1rem;\"><i class=\"fas fa-clock\"><\/i><\/div><div class=\"w-iconbox-meta\"><h4 class=\"w-iconbox-title\">Dur\u00e9e de la chirurgie<\/h4><\/div><\/div><div class=\"w-separator size_small\"><\/div><div class=\"w-iconbox iconpos_left style_default color_primary align_left no_text\"><div class=\"w-iconbox-icon\" style=\"font-size:1rem;\"><i class=\"fas fa-hospital\"><\/i><\/div><div class=\"w-iconbox-meta\"><h4 class=\"w-iconbox-title\">S\u00e9jour \u00e0 l&#039;h\u00f4pital<\/h4><\/div><\/div><div class=\"w-separator size_small\"><\/div><div class=\"w-iconbox iconpos_left style_default color_primary align_left no_text\"><div class=\"w-iconbox-icon\" style=\"font-size:1rem;\"><i class=\"fas fa-syringe\"><\/i><\/div><div class=\"w-iconbox-meta\"><h4 class=\"w-iconbox-title\">Anesth\u00e9sie<\/h4><\/div><\/div><\/div><\/div><\/div><\/div><\/div><\/div><\/div><div class=\"vc_col-sm-4 wpb_column vc_column_container\"><div class=\"vc_column-inner\"><div class=\"wpb_wrapper\"><div class=\"g-cols wpb_row us_custom_c5a47681 via_flex valign_top type_default stacking_default\"><div class=\"vc_col-sm-12 wpb_column vc_column_container\"><div class=\"vc_column-inner\"><div class=\"wpb_wrapper\"><h3 class=\"w-text\"><span class=\"w-text-h\"><span class=\"w-text-value\">Obtenez une consultation gratuite<\/span><\/span><\/h3><div class=\"w-separator size_small\"><\/div><div class=\"wpforms-container wpforms-render-modern\" id=\"wpforms-22672\"><form id=\"wpforms-form-22672\" class=\"wpforms-validate wpforms-form wpforms-ajax-form\" data-formid=\"22672\" method=\"post\" enctype=\"multipart\/form-data\" action=\"\/fr\/wp-json\/wp\/v2\/pages\/134034\" data-token=\"302fac0e03307fdf1d496496512b9cba\" data-token-time=\"1775513682\"><noscript class=\"wpforms-error-noscript\">Veuillez activer JavaScript dans votre navigateur pour remplir ce formulaire.<\/noscript><div id=\"wpforms-error-noscript\" style=\"display: none;\">Veuillez activer JavaScript dans votre navigateur pour remplir ce formulaire.<\/div><div class=\"wpforms-field-container\"><div id=\"wpforms-22672-field_0-container\" class=\"wpforms-field wpforms-field-name\" data-field-id=\"0\"><label class=\"wpforms-field-label wpforms-label-hide\" for=\"wpforms-22672-field_0\" aria-hidden=\"false\">Name <span class=\"wpforms-required-label\" aria-hidden=\"true\">*<\/span><\/label><input type=\"text\" id=\"wpforms-22672-field_0\" class=\"wpforms-field-large wpforms-field-required\" name=\"wpforms[fields][0]\" placeholder=\"Name and Lastname\" aria-errormessage=\"wpforms-22672-field_0-error\" required><\/div><div id=\"wpforms-22672-field_5-container\" class=\"wpforms-field wpforms-field-phone\" data-field-id=\"5\"><label class=\"wpforms-field-label wpforms-label-hide\" for=\"wpforms-22672-field_5\" aria-hidden=\"false\">Phone <span class=\"wpforms-required-label\" aria-hidden=\"true\">*<\/span><\/label><input type=\"tel\" id=\"wpforms-22672-field_5\" class=\"wpforms-field-large wpforms-field-required wpforms-smart-phone-field\" data-rule-smart-phone-field=\"true\" name=\"wpforms[fields][5]\" aria-label=\"Phone\" aria-errormessage=\"wpforms-22672-field_5-error\" required><\/div><div id=\"wpforms-22672-field_12-container\" class=\"wpforms-field wpforms-field-hidden\" data-field-id=\"12\"><input type=\"hidden\" id=\"wpforms-22672-field_12\" name=\"wpforms[fields][12]\"><\/div><div id=\"wpforms-22672-field_10-container\" class=\"wpforms-field wpforms-field-hidden\" data-field-id=\"10\"><input type=\"hidden\" id=\"wpforms-22672-field_10\" name=\"wpforms[fields][10]\" value=\"https:\/\/clinicmono.com\/fr\/wp-json\/wp\/v2\/pages\/134034 \"><\/div><div id=\"wpforms-22672-field_15-container\" class=\"wpforms-field wpforms-field-hidden\" data-field-id=\"15\"><input type=\"hidden\" id=\"wpforms-22672-field_15\" name=\"wpforms[fields][15]\" value=\" 216.73.216.191 {entry_geolocation} \"><\/div><\/div><!-- .wpforms-field-container --><div class=\"wpforms-recaptcha-container wpforms-is-recaptcha wpforms-is-recaptcha-type-v3\" ><input type=\"hidden\" name=\"wpforms[recaptcha]\" value=\"\"><\/div><div class=\"wpforms-submit-container\" ><input type=\"hidden\" name=\"wpforms[id]\" value=\"22672\"><input type=\"hidden\" name=\"page_title\" value=\"\"><input type=\"hidden\" name=\"page_url\" value=\"https:\/\/clinicmono.com\/fr\/wp-json\/wp\/v2\/pages\/134034\"><input type=\"hidden\" name=\"url_referer\" value=\"\"><button type=\"submit\" name=\"wpforms[submit]\" id=\"wpforms-submit-22672\" class=\"wpforms-submit\" data-alt-text=\"Sending...\" data-submit-text=\"Get a Free Consultation\" aria-live=\"assertive\" value=\"wpforms-submit\">Get a Free Consultation<\/button><img loading=\"lazy\" decoding=\"async\" src=\"https:\/\/clinicmono.com\/wp-content\/plugins\/wpforms\/assets\/images\/submit-spin.svg\" class=\"wpforms-submit-spinner\" style=\"display: none;\" width=\"26\" height=\"26\" alt=\"Chargement en cours\"><\/div><\/form><\/div>  <!-- .wpforms-container --><\/div><\/div><\/div><\/div><\/div><\/div><\/div><\/div><\/div><\/section><section class=\"l-section wpb_row us_custom_f92a3d92 height_custom\"><div class=\"l-section-h i-cf\"><div class=\"g-cols vc_row via_flex valign_top type_default stacking_default\"><div class=\"vc_col-sm-12 wpb_column vc_column_container\"><div class=\"vc_column-inner\"><div class=\"wpb_wrapper\"><div class=\"g-cols wpb_row us_custom_1b04de86 via_flex valign_top type_default stacking_default\"><div class=\"vc_col-sm-8 wpb_column vc_column_container\"><div class=\"vc_column-inner\"><div class=\"wpb_wrapper\"><div class=\"w-hwrapper valign_top wrap align_left\"><div class=\"wpb_text_column\"><div class=\"wpb_wrapper\"><h4><a href=\"#procedures\">Proc\u00e9dure<\/a><\/h4>\n<\/div><\/div><div class=\"wpb_text_column\"><div class=\"wpb_wrapper\"><h4>|<\/h4>\n<\/div><\/div><div class=\"wpb_text_column\"><div class=\"wpb_wrapper\"><h4><a href=\"#cost\">Co\u00fbt<\/a><\/h4>\n<\/div><\/div><div class=\"wpb_text_column\"><div class=\"wpb_wrapper\"><h4>|<\/h4>\n<\/div><\/div><div class=\"wpb_text_column\"><div class=\"wpb_wrapper\"><h4><a href=\"#clinic\">Clinique<\/a><\/h4>\n<\/div><\/div><div class=\"wpb_text_column\"><div class=\"wpb_wrapper\"><h4>|<\/h4>\n<\/div><\/div><div class=\"wpb_text_column\"><div class=\"wpb_wrapper\"><h4><a href=\"#recovery\">R\u00e9cup\u00e9ration<\/a><\/h4>\n<\/div><\/div><div class=\"wpb_text_column\"><div class=\"wpb_wrapper\"><h4>|<\/h4>\n<\/div><\/div><div class=\"wpb_text_column\"><div class=\"wpb_wrapper\"><h4><a href=\"#reviews\">Commentaires<\/a><\/h4>\n<\/div><\/div><div class=\"wpb_text_column\"><div class=\"wpb_wrapper\"><h4>|<\/h4>\n<\/div><\/div><div class=\"wpb_text_column\"><div class=\"wpb_wrapper\"><h4><a href=\"#surgeons\">Chirurgiens<\/a><\/h4>\n<\/div><\/div><div class=\"wpb_text_column\"><div class=\"wpb_wrapper\"><h4>|<\/h4>\n<\/div><\/div><div class=\"wpb_text_column\"><div class=\"wpb_wrapper\"><h4><a href=\"#faqs\">FAQ<\/a><\/h4>\n<\/div><\/div><\/div><\/div><\/div><\/div><div class=\"vc_col-sm-4 wpb_column vc_column_container\"><div class=\"vc_column-inner\"><div class=\"wpb_wrapper\"><div class=\"wpb_text_column\"><div class=\"wpb_wrapper\"><h5 style=\"text-align: center;\"><strong>R\u00e9vis\u00e9 et approuv\u00e9 par<\/strong><\/h5>\n<\/div><\/div><div class=\"w-separator hide_on_default hide_on_laptops size_medium\"><\/div><\/div><\/div><\/div><\/div><div class=\"w-separator size_small\"><\/div><div class=\"g-cols wpb_row via_flex valign_top type_default stacking_default\" id=\"procedures\"><div class=\"vc_col-sm-12 wpb_column vc_column_container\"><div class=\"vc_column-inner\"><div class=\"wpb_wrapper\"><div class=\"wpb_text_column\"><div class=\"wpb_wrapper\"><h1><b>Hernies inguinales et ombilicales<\/b><\/h1>\n<p>  Les hernies inguinales et ombilicales posent des probl\u00e8mes distincts en mati\u00e8re de sant\u00e9 abdominale.<br \/>\nLes patients peuvent ressentir une douleur aigu\u00eb s&#8217;\u00e9tendant du nombril \u00e0 l&#8217;aine, signalant la pr\u00e9sence de ces hernies.<br \/>\nLes hernies infra-ombilicales et la raret\u00e9 des hernies ut\u00e9rines ajoutent de la complexit\u00e9 \u00e0 la discussion.<br \/>\nLes consid\u00e9rations chirurgicales, y compris les interventions simultan\u00e9es pour les hernies inguinales et ombilicales, offrent une perspective compl\u00e8te sur une prise en charge m\u00e9dicale efficace.<br \/>\nIl est essentiel de comprendre la dynamique des hernies, car elles impliquent la protrusion d&#8217;organes ou de masses molles.<br \/>\nLes individus peuvent m\u00eame souffrir simultan\u00e9ment d&#8217;une hernie inguinale et d&#8217;une hernie ombilicale, ce qui souligne l&#8217;importance de comprendre ces pathologies et leurs options de traitement.<br \/>\nLes hernies surviennent lorsqu&#8217;un organe ou un tissu fait saillie \u00e0 travers une zone musculaire affaiblie, ce qui se traduit par un renflement perceptible.<br \/>\nLes sympt\u00f4mes d&#8217;une hernie qui fuit, tels que la douleur dans la r\u00e9gion ombilicale, peuvent \u00e9galement indiquer des complications, ce qui souligne la n\u00e9cessit\u00e9 d&#8217;une attention m\u00e9dicale.<br \/>\nLa chirurgie est un traitement standard et efficace des hernies inguinales et ombilicales et, dans certains cas, la r\u00e9paration simultan\u00e9e des deux types de hernies peut \u00eatre recommand\u00e9e.<br \/>\nL&#8217;intervention consiste \u00e0 remettre en place l&#8217;organe ou le tissu qui fait saillie et \u00e0 renforcer le muscle affaibli.<br \/>\nToutefois, certaines personnes explorent des options non chirurgicales pour traiter les hernies ombilicales, mais il est essentiel de consulter un professionnel de la sant\u00e9 pour d\u00e9terminer le meilleur plan d&#8217;action.<br \/>\nIl est essentiel de comprendre les sympt\u00f4mes d&#8217;une hernie, qu&#8217;il s&#8217;agisse d&#8217;un renflement de l&#8217;aine, d&#8217;une hernie r\u00e9tractile ou d&#8217;une hernie non r\u00e9ductible, pour pouvoir la diagnostiquer et la traiter rapidement.<br \/>\nSi les bourrelets \u00e0 l&#8217;aine et les douleurs entre le nombril et l&#8217;aine sont des signes courants, il est essentiel de consulter un m\u00e9decin pour \u00e9valuer la gravit\u00e9 de la hernie et envisager les interventions appropri\u00e9es.<br \/>\nBien que les hernies puissent causer de l&#8217;inconfort, une attention m\u00e9dicale rapide et des interventions appropri\u00e9es peuvent aider les individus \u00e0 g\u00e9rer efficacement ces conditions et \u00e0 s&#8217;en remettre.<\/p>\n<\/div><\/div><\/div><\/div><\/div><\/div><div class=\"w-separator size_small\"><\/div><div class=\"g-cols wpb_row via_flex valign_top type_default stacking_default\" id=\"clinic\"><div class=\"vc_col-sm-12 wpb_column vc_column_container\"><div class=\"vc_column-inner\"><div class=\"wpb_wrapper\"><div class=\"wpb_text_column\"><div class=\"wpb_wrapper\"><h2><b>Proc\u00e9dures relatives aux hernies inguinales et ombilicales par le biais de la clinique Mono  <\/b><\/h2>\n<p>  La Clinique Mono est une agence de tourisme qui dispose d&#8217;un certificat d&#8217;autorisation de tourisme de sant\u00e9 et qui fournit des services d&#8217;interm\u00e9diation et apporte des solutions \u00e0 tous les besoins et demandes du patient tels que l&#8217;h\u00e9bergement, l&#8217;op\u00e9ration, le transfert, avec de nombreuses ann\u00e9es d&#8217;exp\u00e9rience, dans des \u00e9tablissements de sant\u00e9 sous contrat.<br \/>\nEn outre, Mono agit en tant qu&#8217;interm\u00e9diaire pour vous mettre en contact avec les chirurgiens sous contrat.<br \/>\nLa clinique Mono souligne les diff\u00e9rences essentielles entre les hernies inguinales et les hernies ombilicales, en mettant l&#8217;accent sur les caract\u00e9ristiques uniques de ces affections.<br \/>\nClinic Mono souligne l&#8217;importance d&#8217;une intervention opportune, en discutant des implications des hernies ombilicales non trait\u00e9es et de la nature du gonflement des hernies.<br \/>\nSi vous \u00eates aux prises avec l&#8217;inconfort des hernies inguinales et ombilicales, la Clinique Mono, en tant que m\u00e9diateur, appara\u00eet comme le choix optimal pour un traitement sp\u00e9cialis\u00e9 et compatissant.<br \/>\nL&#8217;\u00e9quipe m\u00e9dicale sous contrat de la Clinique Mono aborde ces probl\u00e8mes avec expertise.<br \/>\nLes chirurgiens de la Clinique Mono connaissent les subtilit\u00e9s des hernies des muscles abdominaux, y compris celles du c\u00f4t\u00e9 droit de l&#8217;estomac.<br \/>\nLes hernies non trait\u00e9es et les bosses molles au niveau du nombril sont trait\u00e9es avec pr\u00e9cision.        La Clinique Mono se distingue en proposant des solutions personnalis\u00e9es et en traitant un large \u00e9ventail de probl\u00e8mes li\u00e9s aux hernies.<br \/>\nLes techniques de pointe et l&#8217;engagement en faveur du bien-\u00eatre des patients dans les \u00e9tablissements de sant\u00e9 sous contrat de la Clinique Mono en font le choix privil\u00e9gi\u00e9 pour les soins des hernies.<br \/>\nDes premiers signes et sympt\u00f4mes d&#8217;une hernie aux causes et complications potentielles, les experts collaborant avec Mono vous guident \u00e0 chaque \u00e9tape.<br \/>\nFaites confiance aux cliniques sous contrat du Mono pour soulager la douleur du nombril \u00e0 l&#8217;aine et g\u00e9rer efficacement les hernies dans les abdominaux ou le bas de l&#8217;abdomen gauche.<br \/>\nLa clinique Mono est sp\u00e9cialis\u00e9e dans diverses hernies, y compris les hernies ombilicales, et propose des soins pour les hernies post-partum.<br \/>\nEn mettant l&#8217;accent sur des plans de traitement individualis\u00e9s, la Clinique Mono s&#8217;assure que vous recevez l&#8217;attention que vous m\u00e9ritez.<br \/>\nSi vous ressentez une douleur fulgurante du nombril \u00e0 l&#8217;aine ou si vous \u00eates curieux de savoir \u00e0 quoi ressemblent les hernies, l&#8217;\u00e9quipe m\u00e9dicale sous contrat de la Clinique Mono est l\u00e0 pour vous apporter des r\u00e9ponses approfondies et des soins complets.<\/p>\n<\/div><\/div><\/div><\/div><\/div><\/div><div class=\"w-separator size_small\"><\/div><div class=\"g-cols wpb_row via_flex valign_top type_default stacking_default\" id=\"surgeons\"><div class=\"vc_col-sm-12 wpb_column vc_column_container\"><div class=\"vc_column-inner\"><div class=\"wpb_wrapper\"><div class=\"wpb_text_column\"><div class=\"wpb_wrapper\"><h2><b>Les meilleurs chirurgiens des hernies inguinales et ombilicales en Turquie<\/b><\/h2>\n<p>  On ne saurait trop insister sur l&#8217;importance des chirurgiens comp\u00e9tents dans le domaine des hernies inguinales et ombilicales.<br \/>\nLes chirurgiens jouent un r\u00f4le essentiel dans la r\u00e9paration des hernies, en garantissant un diagnostic pr\u00e9cis, des plans de traitement personnalis\u00e9s et des r\u00e9sultats probants.<br \/>\nLa Clinique Mono collabore avec les meilleurs chirurgiens sp\u00e9cialistes des hernies inguinales et ombilicales en Turquie.<br \/>\nL&#8217;\u00e9quipe m\u00e9dicale sous contrat de la Clinique Mono s&#8217;occupe des probl\u00e8mes li\u00e9s aux hernies, des sympt\u00f4mes chez les femmes aux hernies du bas-ventre.<br \/>\nLes chirurgiens, dont le profil est pr\u00e9sent\u00e9 sur notre site Web, apportent une grande exp\u00e9rience \u00e0 chaque proc\u00e9dure.<br \/>\nCliquez sur les liens vers leurs pages pour en savoir plus sur leur expertise.<br \/>\nFaites confiance \u00e0 la Clinique Mono et \u00e0 ses chirurgiens sous contrat pour des soins de premier ordre dans le traitement des hernies.<\/p>\n<\/div><\/div><\/div><\/div><\/div><\/div><div class=\"w-separator size_small\"><\/div><div class=\"g-cols wpb_row via_flex valign_top type_default stacking_default\" id=\"cost\"><div class=\"vc_col-sm-12 wpb_column vc_column_container\"><div class=\"vc_column-inner\"><div class=\"wpb_wrapper\"><div class=\"wpb_text_column\"><div class=\"wpb_wrapper\"><h2><b>Prix du traitement des hernies inguinales et ombilicales en Turquie<\/b><\/h2>\n<p>  En tant que premi\u00e8re adresse pour le traitement des hernies inguinales et ombilicales, la Turquie offre des prix tr\u00e8s avantageux pour cette proc\u00e9dure m\u00e9dicale de grande envergure.  <span style=\"font-weight: 400;\">Les patients peuvent b\u00e9n\u00e9ficier de traitements \u00e0 des prix raisonnables pour les hernies inguinales et ombilicales par l&#8217;interm\u00e9diaire de la Clinique Mono en Turquie.<br \/>\nLa Clinique Mono, en tant que m\u00e9diateur connu dans le monde entier, offre des solutions rentables sans faire de compromis sur la qualit\u00e9.<br \/>\nLes chirurgiens experts sous contrat de la Clinique Mono et les installations de pointe des \u00e9tablissements de sant\u00e9 avec lesquels elle collabore en font le premier choix.<br \/>\nFaites l&#8217;exp\u00e9rience de soins de hernie de classe mondiale pour une fraction du co\u00fbt.<br \/>\nC&#8217;est l&#8217;avantage de la Clinique Mono.    <\/span><\/p>\n<\/div><\/div><\/div><\/div><\/div><\/div><div class=\"w-separator size_small\"><\/div><div class=\"g-cols wpb_row via_flex valign_top type_default stacking_default\"><div class=\"vc_col-sm-12 wpb_column vc_column_container\"><div class=\"vc_column-inner\"><div class=\"wpb_wrapper\"><div class=\"w-html\"><table class=\"customTable\">\n  <thead>\n    <tr>\n      <th>Type de proc\u00e9dure<\/th><th>Mono<\/th><th>Co\u00fbt UK<\/th><th>Co\u00fbt UE<\/th><th>Co\u00fbt US<\/th>\n    <\/tr>\n  <\/thead>\n  <tbody>\n    <tr>\n      <td>Hernies inguinales et ombilicales<\/td><td>\u00a32500-\u00a33500<\/td>\n      <td><\/td>\n      <td><\/td>\n      <td><\/td>\n    <\/tr>\n  <\/tbody>\n<\/table><\/div><\/div><\/div><\/div><\/div><div class=\"w-separator size_small\"><\/div><div class=\"g-cols wpb_row via_flex valign_top type_default stacking_default\" id=\"reviews\"><div class=\"vc_col-sm-12 wpb_column vc_column_container\"><div class=\"vc_column-inner\"><div class=\"wpb_wrapper\"><div class=\"wpb_text_column\"><div class=\"wpb_wrapper\"><h2><b>Traitement des hernies inguinales et ombilicales Turkey Reviews<\/b><\/h2>\n<p>  Lorsque vous envisagez une telle intervention dans un pays \u00e9tranger comme la Turquie, il est tr\u00e8s important de choisir un \u00e9tablissement r\u00e9put\u00e9 disposant d&#8217;un certificat d&#8217;autorisation de tourisme de sant\u00e9 et de choisir des m\u00e9decins.<br \/>\nVous pouvez lire des avis impartiaux et fiables sur les traitements des hernies inguinales et ombilicales par l&#8217;interm\u00e9diaire de la Clinique Mono en Turquie.<br \/>\nLes patients qui ont \u00e9t\u00e9 trait\u00e9s par la Clinique Mono partagent leur point de vue sur les sympt\u00f4mes de la hernie inguinale chez les femmes, la douleur du nombril \u00e0 l&#8217;aine, et plus encore.<br \/>\nClinic Mono met un point d&#8217;honneur \u00e0 fournir des commentaires transparents et authentiques sur les traitements des hernies inguinales et ombilicales.<\/p>\n<\/div><\/div><\/div><\/div><\/div><\/div><div class=\"w-separator size_small\"><\/div><div class=\"g-cols wpb_row via_flex valign_top type_default stacking_default\" id=\"faqs\"><div class=\"vc_col-sm-12 wpb_column vc_column_container\"><div class=\"vc_column-inner\"><div class=\"wpb_wrapper\"><div class=\"wpb_text_column\"><div class=\"wpb_wrapper\"><h2><b>Hernies inguinales et ombilicales Questions fr\u00e9quemment pos\u00e9es<\/b><\/h2>\n<\/div><\/div><\/div><\/div><\/div><\/div><div class=\"w-separator size_small\"><\/div><div class=\"w-tabs style_default switch_click accordion has_scrolling\" style=\"--sections-title-size:inherit\"><div class=\"w-tabs-sections titles-align_none icon_chevron cpos_right\"><div class=\"w-tabs-section\" id=\"y1e7\"><button class=\"w-tabs-section-header\" aria-controls=\"content-y1e7\" aria-expanded=\"false\"><div class=\"w-tabs-section-title\">D&#039;o\u00f9 vient une hernie ?<\/div><div class=\"w-tabs-section-control\"><\/div><\/button><div  class=\"w-tabs-section-content\" id=\"content-y1e7\"><div class=\"w-tabs-section-content-h i-cf\"><div class=\"wpb_text_column\"><div class=\"wpb_wrapper\"><p>Les hernies peuvent se produire dans diverses r\u00e9gions, y compris la r\u00e9gion pelvienne.<br \/>\nIl est essentiel de reconna\u00eetre les sympt\u00f4mes tels qu&#8217;un bourrelet abdominal, et non une hernie, ou une douleur entre le nombril et l&#8217;aine.<br \/>\nLes \u00e9tablissements sous contrat de Clinic Mono vous donnent un aper\u00e7u des hernies mineures, des hernies r\u00e9ductibles et des risques li\u00e9s \u00e0 l&#8217;absence de traitement des hernies inguinales.<\/p>\n<\/div><\/div><\/div><\/div><\/div><div class=\"w-tabs-section\" id=\"p401\"><button class=\"w-tabs-section-header\" aria-controls=\"content-p401\" aria-expanded=\"false\"><div class=\"w-tabs-section-title\">Quelles sont les causes d&#039;une hernie ?<\/div><div class=\"w-tabs-section-control\"><\/div><\/button><div  class=\"w-tabs-section-content\" id=\"content-p401\"><div class=\"w-tabs-section-content-h i-cf\"><div class=\"wpb_text_column\"><div class=\"wpb_wrapper\"><p>Reconna\u00eetre les sympt\u00f4mes d&#8217;une hernie, d&#8217;une bosse intestinale ou les raisons pour lesquelles votre nombril peut d\u00e9passer, c&#8217;est faire preuve d&#8217;une grande perspicacit\u00e9.<br \/>\nClinic Mono est votre guide pour comprendre la gravit\u00e9 d&#8217;une hernie et l&#8217;importance d&#8217;une intervention rapide pour pr\u00e9venir l&#8217;inflammation ou l&#8217;aggravation d&#8217;une hernie.<\/p>\n<\/div><\/div><\/div><\/div><\/div><div class=\"w-tabs-section\" id=\"h5a3\"><button class=\"w-tabs-section-header\" aria-controls=\"content-h5a3\" aria-expanded=\"false\"><div class=\"w-tabs-section-title\">O\u00f9 se situent g\u00e9n\u00e9ralement les hernies ?<\/div><div class=\"w-tabs-section-control\"><\/div><\/button><div  class=\"w-tabs-section-content\" id=\"content-h5a3\"><div class=\"w-tabs-section-content-h i-cf\"><div class=\"wpb_text_column\"><div class=\"wpb_wrapper\"><p><span style=\"font-weight: 400;\">Les hernies peuvent se produire \u00e0 diff\u00e9rents endroits, mais elles provoquent souvent des douleurs entre le nombril et l&#8217;aine.<\/span><\/p>\n<\/div><\/div><\/div><\/div><\/div><\/div><\/div><\/div><\/div><\/div><\/div><\/div><\/section>\n","protected":false},"excerpt":{"rendered":"Hernies inguinales et ombilicales Clinique MonoPagesAper\u00e7u de la proc\u00e9dureProc\u00e9dureDur\u00e9e de la chirurgieS\u00e9jour \u00e0 l&#039;h\u00f4pitalAnesth\u00e9sieObtenez une consultation gratuiteVeuillez activer JavaScript dans votre navigateur pour remplir ce formulaire.Veuillez activer JavaScript dans votre navigateur pour remplir ce formulaire.Name *Phone * Details Phone URL Get a Free Consultation Proc\u00e9dure | Co\u00fbt | Clinique | R\u00e9cup\u00e9ration | Commentaires | Chirurgiens...","protected":false},"author":1,"featured_media":134035,"parent":136011,"menu_order":0,"comment_status":"closed","ping_status":"closed","template":"","meta":{"rank_math_lock_modified_date":false,"_mi_skip_tracking":false,"_monsterinsights_sitenote_active":false,"_monsterinsights_sitenote_note":"","_monsterinsights_sitenote_category":0,"_uf_show_specific_survey":0,"_uf_disable_surveys":false,"footnotes":""},"procedure":[321],"class_list":["post-134034","page","type-page","status-publish","has-post-thumbnail","hentry","procedure-general-surgery"],"_links":{"self":[{"href":"https:\/\/clinicmono.com\/fr\/wp-json\/wp\/v2\/pages\/134034"}],"collection":[{"href":"https:\/\/clinicmono.com\/fr\/wp-json\/wp\/v2\/pages"}],"about":[{"href":"https:\/\/clinicmono.com\/fr\/wp-json\/wp\/v2\/types\/page"}],"author":[{"embeddable":true,"href":"https:\/\/clinicmono.com\/fr\/wp-json\/wp\/v2\/users\/1"}],"replies":[{"embeddable":true,"href":"https:\/\/clinicmono.com\/fr\/wp-json\/wp\/v2\/comments?post=134034"}],"version-history":[{"count":5,"href":"https:\/\/clinicmono.com\/fr\/wp-json\/wp\/v2\/pages\/134034\/revisions"}],"predecessor-version":[{"id":136070,"href":"https:\/\/clinicmono.com\/fr\/wp-json\/wp\/v2\/pages\/134034\/revisions\/136070"}],"up":[{"embeddable":true,"href":"https:\/\/clinicmono.com\/fr\/wp-json\/wp\/v2\/pages\/136011"}],"wp:featuredmedia":[{"embeddable":true,"href":"https:\/\/clinicmono.com\/fr\/wp-json\/wp\/v2\/media\/134035"}],"wp:attachment":[{"href":"https:\/\/clinicmono.com\/fr\/wp-json\/wp\/v2\/media?parent=134034"}],"wp:term":[{"taxonomy":"procedure","embeddable":true,"href":"https:\/\/clinicmono.com\/fr\/wp-json\/wp\/v2\/procedure?post=134034"}],"curies":[{"name":"wp","href":"https:\/\/api.w.org\/{rel}","templated":true}]}}