{"id":131378,"date":"2024-03-01T17:31:55","date_gmt":"2024-03-01T17:31:55","guid":{"rendered":"https:\/\/clinicmono.com\/m-d-serbay-gurel\/"},"modified":"2025-05-08T11:39:53","modified_gmt":"2025-05-08T11:39:53","slug":"m-d-serbay-gurel","status":"publish","type":"page","link":"https:\/\/clinicmono.com\/fr\/institutions-sous-contrat\/m-d-serbay-gurel\/","title":{"rendered":"M.D. Serbay G\u00dcREL"},"content":{"rendered":"<section class=\"l-section wpb_row height_custom with_img\"><div class=\"l-section-img\" role=\"img\" data-img-width=\"1920\" data-img-height=\"400\" style=\"background-image: url(https:\/\/clinicmono.com\/wp-content\/uploads\/2023\/05\/call1.jpg);background-repeat: no-repeat;background-size: auto;\"><\/div><div class=\"l-section-h i-cf\"><div class=\"g-cols vc_row via_flex valign_top type_default stacking_default\"><div class=\"vc_col-sm-12 wpb_column vc_column_container\"><div class=\"vc_column-inner\"><div class=\"wpb_wrapper\"><div class=\"wpb_text_column\"><div class=\"wpb_wrapper\"><h1 style=\"text-align: center;\">M.D. Serbay G\u00dcREL<\/h1>\n<\/div><\/div><nav class=\"g-breadcrumbs separator_icon align_center\" itemscope itemtype=\"http:\/\/schema.org\/BreadcrumbList\"><div class=\"g-breadcrumbs-item\" itemscope itemprop=\"itemListElement\" itemtype=\"http:\/\/schema.org\/ListItem\"><a itemprop=\"item\" href=\"https:\/\/clinicmono.com\/fr\/\"><span itemprop=\"name\">Clinique Mono<\/span><\/a><meta itemprop=\"position\" content=\"1\"\/><\/div><div class=\"g-breadcrumbs-separator\"><i class=\"far fa-angle-double-right\"><\/i><\/div><div class=\"g-breadcrumbs-item\">Pages<\/div><\/nav><\/div><\/div><\/div><\/div><\/div><\/section><section class=\"l-section wpb_row height_custom\"><div class=\"l-section-h i-cf\"><div class=\"g-cols vc_row via_flex valign_top type_default stacking_default\"><div class=\"vc_col-sm-12 wpb_column vc_column_container\"><div class=\"vc_column-inner\"><div class=\"wpb_wrapper\"><div class=\"g-cols wpb_row via_flex valign_top type_default stacking_default\"><div class=\"vc_col-sm-3 wpb_column vc_column_container\"><div class=\"vc_column-inner\"><div class=\"wpb_wrapper\"><div class=\"w-person layout_cards\" itemscope itemtype=\"https:\/\/schema.org\/Person\"><div class=\"w-person-image\"><img loading=\"lazy\" decoding=\"async\" width=\"1024\" height=\"1024\" src=\"https:\/\/clinicmono.com\/wp-content\/uploads\/2024\/03\/serbay_gurel_pp-1024x1024.jpg\" class=\"attachment-large size-large\" alt=\"\" srcset=\"https:\/\/clinicmono.com\/wp-content\/uploads\/2024\/03\/serbay_gurel_pp-1024x1024.jpg 1024w, https:\/\/clinicmono.com\/wp-content\/uploads\/2024\/03\/serbay_gurel_pp-300x300.jpg 300w, https:\/\/clinicmono.com\/wp-content\/uploads\/2024\/03\/serbay_gurel_pp-600x600.jpg 600w, https:\/\/clinicmono.com\/wp-content\/uploads\/2024\/03\/serbay_gurel_pp-500x500.jpg 500w, https:\/\/clinicmono.com\/wp-content\/uploads\/2024\/03\/serbay_gurel_pp-400x400.jpg 400w, https:\/\/clinicmono.com\/wp-content\/uploads\/2024\/03\/serbay_gurel_pp-150x150.jpg 150w, https:\/\/clinicmono.com\/wp-content\/uploads\/2024\/03\/serbay_gurel_pp.jpg 1080w\" sizes=\"(max-width: 1024px) 100vw, 1024px\" \/><\/div><div class=\"w-person-content\"><h4 itemprop=\"name\" class=\"w-person-name\"><span>M. D. Serbay G\u00dcREL<\/span><\/h4><div class=\"w-person-role\" itemprop=\"jobTitle\">Dermatologie et cosm\u00e9tologie<\/div><\/div><\/div><\/div><\/div><\/div><div class=\"vc_col-sm-9 wpb_column vc_column_container\"><div class=\"vc_column-inner\"><div class=\"wpb_wrapper\"><div class=\"wpb_text_column\"><div class=\"wpb_wrapper\"><p>Serbay Gurel est n\u00e9 \u00e0 Bursa en 1984.<br \/>\nGurel, qui a termin\u00e9 ses \u00e9tudes secondaires au lyc\u00e9e anatolien Gazi de Bursa entre 1998 et 2002, a commenc\u00e9 ses \u00e9tudes de m\u00e9decine \u00e0 la facult\u00e9 de m\u00e9decine de GATA en 2002.<br \/>\nApr\u00e8s avoir obtenu son dipl\u00f4me en 2008, il a poursuivi sa carri\u00e8re en travaillant \u00e0 GATA entre 2008 et 2009 et au 48e r\u00e9giment d&#8217;infanterie motoris\u00e9e, m\u00e9decin en chef de l&#8217;infirmerie de Bayburt entre 2009 et 2011.<br \/>\nIl s&#8217;est sp\u00e9cialis\u00e9 dans le d\u00e9partement de dermatologie et des maladies v\u00e9n\u00e9riennes de GATA entre 2011 et 2015.<br \/>\nIl poursuit sa carri\u00e8re en travaillant \u00e0 l&#8217;h\u00f4pital militaire d&#8217;\u0130zmir, entre 2015 et 2017, et dans un h\u00f4pital priv\u00e9 entre 2018 et 2023.<br \/>\nMD.<br \/>\nSerbay Gurel, qui travaille dans son propre cabinet depuis 2023, parle bien l&#8217;anglais.<br \/>\nIl est mari\u00e9 et p\u00e8re d&#8217;un fils.<br \/>\nSerbay Gurel ; Il pratique avec succ\u00e8s la <a href=\"https:\/\/clinicmono.com\/fr\/greffe-de-cheveux\/mesotherapie-pour-la-perte-de-cheveux\/\">m\u00e9soth\u00e9rapie<\/a>, le comblement <a href=\"https:\/\/clinicmono.com\/fr\/rajeunissement-du-visage\/produits-de-comblement-dermique-turquie\/remplissage-des-levres\/\">des l\u00e8vres<\/a>, le <a href=\"https:\/\/clinicmono.com\/fr\/rajeunissement-du-visage\/produits-de-comblement-dermique-turquie\/comblement-des-paupieres\/\">comblement de la lumi\u00e8re sous les yeux<\/a>, le traitement capillaire, la <a title=\"M\u00e9soth\u00e9rapie pour la perte de cheveux\" href=\"https:\/\/clinicmono.com\/fr\/greffe-de-cheveux\/mesotherapie-pour-la-perte-de-cheveux\/\">m\u00e9soth\u00e9rapie capillaire<\/a>, le comblement du nez, le <a href=\"https:\/\/clinicmono.com\/fr\/rajeunissement-du-visage\/lifting-du-visage-en-turquie\/\">lifting facial non chirurgical<\/a>, la <a href=\"https:\/\/clinicmono.com\/fr\/chirurgie-plastique-et-esthetique\/bichectomie\/\">bichectomie<\/a>, l&#8217;<a href=\"https:\/\/clinicmono.com\/fr\/chirurgie-plastique-et-esthetique\/elimination-des-grains-de-beaute\/\">ablation des grains de beaut\u00e9<\/a>, la greffe de collag\u00e8ne, la radiofr\u00e9quence des aiguilles, l&#8217;\u00e9pilation au laser et les applications de <a href=\"https:\/\/clinicmono.com\/fr\/rajeunissement-du-visage\/soins-de-la-peau\/\">soins de la peau<\/a>. <b>D\u00e9partement :<\/b><span style=\"font-weight: 400;\"> Dermatologie et<\/span><b>cosm\u00e9tologieLangue<\/b><span style=\"font-weight: 400;\"> \u00e9trang\u00e8re<\/span><b>:<\/b><span style=\"font-weight: 400;\"> AnglaisEducation<\/span><b>:<\/b><\/p>\n<ul>\n<li><span style=\"font-weight: 400;\">1998 &#8211; 2002 Lyc\u00e9e anatolien de Bursa Gazi <\/span><\/li>\n<li><span style=\"font-weight: 400;\">2002 &#8211; 2008 Docteur en m\u00e9decine, Acad\u00e9mie m\u00e9dicale militaire de G\u00fclhane, Ankara, Turquie<\/span><\/li>\n<li>2011 &#8211; 2015 R\u00e9sidence en dermatologie et maladies v\u00e9n\u00e9riennes, Acad\u00e9mie m\u00e9dicale militaire de G\u00fclhane<\/li>\n<\/ul>\n<\/div><\/div><\/div><\/div><\/div><\/div><div class=\"g-cols wpb_row via_flex valign_top type_default stacking_default\"><div class=\"vc_col-sm-12 wpb_column vc_column_container\"><div class=\"vc_column-inner\"><div class=\"wpb_wrapper\"><div class=\"w-separator size_small\"><\/div><div class=\"wpb_text_column\"><div class=\"wpb_wrapper\"><p><b>Exp\u00e9rience professionnelle :<\/b><\/p>\n<ul>\n<li><span style=\"font-weight: 400;\">M\u00e9decin, Acad\u00e9mie m\u00e9dicale militaire de G\u00fclhane, Ankara, Turquie 2008 &#8211; 2009<\/span><\/li>\n<li><span style=\"font-weight: 400;\">M\u00e9decin-chef de l&#8217;infirmerie du 48e r\u00e9giment d&#8217;infanterie motoris\u00e9e, Bayburt, Turquie 2009-2011<\/span><\/li>\n<li><span style=\"font-weight: 400;\">R\u00e9sidence en dermatologie et maladies v\u00e9n\u00e9riennes, Acad\u00e9mie m\u00e9dicale militaire de G\u00fclhane 2011-2015<\/span><\/li>\n<li><span style=\"font-weight: 400;\">M\u00e9decin, m\u00e9decin militaire, dermatologie, h\u00f4pital militaire d&#8217;\u0130zmir, Turquie 2015-2017<\/span><\/li>\n<li><span style=\"font-weight: 400;\">Serbay G\u00fcrel Dermatology Clinic, \u0130zmir, Turquie 2017-2018<\/span><\/li>\n<li><span style=\"font-weight: 400;\">Clinique priv\u00e9e 2018-2023<\/span><\/li>\n<li><span style=\"font-weight: 400;\">Serbay G\u00fcrel Dermatology Clinic, \u0130zmir, Turquie 2023-Aujourd&#8217;hui<\/span><\/li>\n<\/ul>\n<p><b>Comp\u00e9tences et caract\u00e9ristiques :<\/b><\/p>\n<ul>\n<li><span style=\"font-weight: 400;\"> Expertise en dermatologie et maladies v\u00e9n\u00e9riennes<\/span><\/li>\n<li><span style=\"font-weight: 400;\"> Sous-sp\u00e9cialit\u00e9 en cosm\u00e9tologie<\/span><\/li>\n<li><span style=\"font-weight: 400;\"> La devise &#8220;Primum non nocere&#8221; (&#8220;D&#8217;abord, ne pas nuire&#8221;) et la s\u00e9curit\u00e9 des patients sont mes priorit\u00e9s absolues.<\/span><\/li>\n<li><span style=\"font-weight: 400;\"> Communication bonne et honn\u00eate avec les patients.<\/span><\/li>\n<li><span style=\"font-weight: 400;\"> Les domaines de la m\u00e9decine esth\u00e9tique dans lesquels j&#8217;ai de l&#8217;expertise :<\/span><\/li>\n<\/ul>\n<p><span style=\"font-weight: 400;\">\u2713<\/span><span style=\"font-weight: 400;\"> Injections anti-rides : Injections de toxine botulique pour les rides du lion, les rides des yeux, les rides du front et les rides du front.<\/span><span style=\"font-weight: 400;\">rides du front et des sourcils.<\/span><span style=\"font-weight: 400;\">\u2713 Threadlifting : lifting et amincissement du <a title=\"Lifting du visage en Turquie\" href=\"https:\/\/clinicmono.com\/fr\/rajeunissement-du-visage\/lifting-du-visage-en-turquie\/\">visage<\/a>, lifting des sourcils et op\u00e9rations du cou.<\/span><\/p>\n<p><span style=\"font-weight: 400;\">\u2713<\/span><span style=\"font-weight: 400;\"> Remplissage dermique : Y compris la d\u00e9formation des larmes, les joues, le menton, le nez, le front, la m\u00e2choire et les l\u00e8vres.<\/span><\/p>\n<p><span style=\"font-weight: 400;\">les produits de comblement<\/span><\/p>\n<p><span style=\"font-weight: 400;\">\u2713<\/span><span style=\"font-weight: 400;\"> Lifting liquide du visage avec des produits de comblement dermique<\/span><\/p>\n<p><span style=\"font-weight: 400;\">\u2713<\/span><span style=\"font-weight: 400;\"> Traitements au laser :<\/span><\/p>\n<p><span style=\"font-weight: 400;\">*Traitements au laser fractionn\u00e9, y compris les lasers Erbium : Yag, CO2 et Thulium pour les cicatrices d&#8217;acn\u00e9,<\/span><\/p>\n<p><span style=\"font-weight: 400;\">pigmentations et rajeunissement<\/span><\/p>\n<p><span style=\"font-weight: 400;\">*Les lasers vasculaires pour le traitement des rougeurs, des t\u00e9langiectasies et de la rosac\u00e9e.<\/span><\/p>\n<p><span style=\"font-weight: 400;\">*Les lasers ablatifs pour l&#8217;\u00e9limination des grains de beaut\u00e9 et de la pigmentation.<\/span><\/p>\n<p><span style=\"font-weight: 400;\">*Lasers anti-\u00e2ge<\/span><\/p>\n<p><span style=\"font-weight: 400;\">\u2713<\/span><span style=\"font-weight: 400;\"> Traitements par ultrasons focalis\u00e9s de haute intensit\u00e9 pour le lifting et l&#8217;amincissement du visage<\/span><\/p>\n<p><span style=\"font-weight: 400;\">\u2713<\/span><span style=\"font-weight: 400;\"> Produits injectables pour le corps<\/span><\/p>\n<p><b>Pr\u00e9sentations &#8211; Publications :<\/b><\/p>\n<ul>\n<li><span style=\"font-weight: 400;\">&#8216;\u00c9valuation des r\u00e9sultats du Trichoscan chez les patients atteints d&#8217;alop\u00e9cie non cicatricielle&#8217;. Dissertation de sp\u00e9cialit\u00e9 en m\u00e9decine &#8216;A Current Approach to Cellulitis&#8217; Acikgoz G. Gurel S. Turk J Dermatol 2014 ; 2 : 74-8<\/span><\/li>\n<li><span style=\"font-weight: 400;\">Pityriasis rubra pilaire juv\u00e9nile : un rapport de cas&#8221;. Din\u00e7er D, G\u00fcrel S, Arca E, Ko\u00e7 E, Tunca M. 12e Congr\u00e8s mondial de dermatologie p\u00e9diatrique, 25-27 septembre 2013, Madrid, Espagne.<\/span><\/li>\n<li><span style=\"font-weight: 400;\">Juvenile spring eruption : a case report&#8221; (\u00c9ruption printani\u00e8re juv\u00e9nile : un rapport de cas). Din\u00e7er D, G\u00fcrel S, Arca E, Ko\u00e7 E, Tunca M. 22e Congr\u00e8s de l&#8217;Acad\u00e9mie europ\u00e9enne de dermatologie et de v\u00e9n\u00e9r\u00e9ologie.<\/span><\/li>\n<li><span style=\"font-weight: 400;\">Efficacit\u00e9 du laser fractionn\u00e9 minimal ablatif Er : YAG dans le traitement des cicatrices d&#8217;acn\u00e9 : Une \u00e9tude r\u00e9trospective.<br \/>\nE Ko\u00e7, S Toklu, S G\u00fcrel, Y Yeniay, E \u00c7al\u0131\u015fkan, G A\u00e7\u0131kg\u00f6z <\/span><\/li>\n<\/ul>\n<\/div><\/div><\/div><\/div><\/div><\/div><\/div><\/div><\/div><\/div><\/div><\/section>\n","protected":false},"excerpt":{"rendered":"M.D. Serbay G\u00dcREL Clinique MonoPagesM. D. Serbay G\u00dcRELDermatologie et cosm\u00e9tologieSerbay Gurel est n\u00e9 \u00e0 Bursa en 1984. Gurel, qui a termin\u00e9 ses \u00e9tudes secondaires au lyc\u00e9e anatolien Gazi de Bursa entre 1998 et 2002, a commenc\u00e9 ses \u00e9tudes de m\u00e9decine \u00e0 la facult\u00e9 de m\u00e9decine de GATA en 2002. Apr\u00e8s avoir obtenu son dipl\u00f4me en...","protected":false},"author":1,"featured_media":0,"parent":134253,"menu_order":0,"comment_status":"closed","ping_status":"closed","template":"","meta":{"rank_math_lock_modified_date":false,"_mi_skip_tracking":false,"_monsterinsights_sitenote_active":false,"_monsterinsights_sitenote_note":"","_monsterinsights_sitenote_category":0,"_uf_show_specific_survey":0,"_uf_disable_surveys":false,"footnotes":""},"procedure":[],"class_list":["post-131378","page","type-page","status-publish","hentry"],"_links":{"self":[{"href":"https:\/\/clinicmono.com\/fr\/wp-json\/wp\/v2\/pages\/131378"}],"collection":[{"href":"https:\/\/clinicmono.com\/fr\/wp-json\/wp\/v2\/pages"}],"about":[{"href":"https:\/\/clinicmono.com\/fr\/wp-json\/wp\/v2\/types\/page"}],"author":[{"embeddable":true,"href":"https:\/\/clinicmono.com\/fr\/wp-json\/wp\/v2\/users\/1"}],"replies":[{"embeddable":true,"href":"https:\/\/clinicmono.com\/fr\/wp-json\/wp\/v2\/comments?post=131378"}],"version-history":[{"count":6,"href":"https:\/\/clinicmono.com\/fr\/wp-json\/wp\/v2\/pages\/131378\/revisions"}],"predecessor-version":[{"id":152617,"href":"https:\/\/clinicmono.com\/fr\/wp-json\/wp\/v2\/pages\/131378\/revisions\/152617"}],"up":[{"embeddable":true,"href":"https:\/\/clinicmono.com\/fr\/wp-json\/wp\/v2\/pages\/134253"}],"wp:attachment":[{"href":"https:\/\/clinicmono.com\/fr\/wp-json\/wp\/v2\/media?parent=131378"}],"wp:term":[{"taxonomy":"procedure","embeddable":true,"href":"https:\/\/clinicmono.com\/fr\/wp-json\/wp\/v2\/procedure?post=131378"}],"curies":[{"name":"wp","href":"https:\/\/api.w.org\/{rel}","templated":true}]}}