{"id":77059,"date":"2024-02-14T13:59:00","date_gmt":"2024-02-14T13:59:00","guid":{"rendered":"https:\/\/clinicmono.com\/plastic-and-aesthetic-surgery\/vaser-liposuction-turkey\/elevador-de-espalda\/"},"modified":"2025-05-23T11:33:58","modified_gmt":"2025-05-23T11:33:58","slug":"back-lift","status":"publish","type":"page","link":"https:\/\/clinicmono.com\/es\/plastic-and-aesthetic-surgery\/vaser-liposuction-turkey\/back-lift\/","title":{"rendered":"Elevador de espalda"},"content":{"rendered":"<section class=\"l-section wpb_row height_custom with_img\"><div class=\"l-section-img\" role=\"img\" data-img-width=\"2560\" data-img-height=\"1707\" style=\"background-image: url(https:\/\/clinicmono.com\/wp-content\/uploads\/2024\/02\/BAck-Lift-scaled.jpg);background-repeat: no-repeat;\"><\/div><div class=\"l-section-overlay\" style=\"background:rgba(0,0,0,0.47)\"><\/div><div class=\"l-section-h i-cf\"><div class=\"g-cols vc_row via_flex valign_top type_default stacking_default\"><div class=\"vc_col-sm-12 wpb_column vc_column_container\"><div class=\"vc_column-inner\"><div class=\"wpb_wrapper\"><div class=\"wpb_text_column us_custom_8b3d6790 has_text_color\"><div class=\"wpb_wrapper\"><h1 style=\"text-align: center;\">Elevador de espalda<\/h1>\n<\/div><\/div><div class=\"w-separator size_small\"><\/div><nav class=\"g-breadcrumbs us_custom_8b3d6790 has_text_color separator_icon align_center hide_current\" itemscope itemtype=\"http:\/\/schema.org\/BreadcrumbList\"><div class=\"g-breadcrumbs-item\">P\u00e1ginas<\/div><\/nav><div class=\"w-separator size_small\"><\/div><\/div><\/div><\/div><\/div><\/div><\/section><section class=\"l-section wpb_row height_small\"><div class=\"l-section-h i-cf\"><div class=\"g-cols vc_row via_flex valign_top type_default stacking_default\"><div class=\"vc_col-sm-8 wpb_column vc_column_container\"><div class=\"vc_column-inner\"><div class=\"wpb_wrapper\"><div class=\"g-cols wpb_row us_custom_eba00d85 via_flex valign_top type_default stacking_default\"><div class=\"vc_col-sm-12 wpb_column vc_column_container\"><div class=\"vc_column-inner\"><div class=\"wpb_wrapper\"><h3 class=\"w-text\"><span class=\"w-text-h\"><span class=\"w-text-value\">Resumen del procedimiento<\/span><\/span><\/h3><div class=\"w-separator size_small\"><\/div><div class=\"w-iconbox iconpos_left style_default color_primary align_left no_text\"><div class=\"w-iconbox-icon\" style=\"font-size:1.4rem;\"><i class=\"fas fa-procedures\"><\/i><\/div><div class=\"w-iconbox-meta\"><h4 class=\"w-iconbox-title\">Procedimiento<\/h4><\/div><\/div><div class=\"w-separator size_small\"><\/div><div class=\"w-iconbox iconpos_left style_default color_primary align_left no_text\"><div class=\"w-iconbox-icon\" style=\"font-size:1rem;\"><i class=\"fas fa-clock\"><\/i><\/div><div class=\"w-iconbox-meta\"><h4 class=\"w-iconbox-title\">Duraci\u00f3n de la cirug\u00eda<\/h4><\/div><\/div><div class=\"w-separator size_small\"><\/div><div class=\"w-iconbox iconpos_left style_default color_primary align_left no_text\"><div class=\"w-iconbox-icon\" style=\"font-size:1rem;\"><i class=\"fas fa-hospital\"><\/i><\/div><div class=\"w-iconbox-meta\"><h4 class=\"w-iconbox-title\">Estancia en el hospital<\/h4><\/div><\/div><div class=\"w-separator size_small\"><\/div><div class=\"w-iconbox iconpos_left style_default color_primary align_left no_text\"><div class=\"w-iconbox-icon\" style=\"font-size:1rem;\"><i class=\"fas fa-syringe\"><\/i><\/div><div class=\"w-iconbox-meta\"><h4 class=\"w-iconbox-title\">Anestesia<\/h4><\/div><\/div><\/div><\/div><\/div><\/div><\/div><\/div><\/div><div class=\"vc_col-sm-4 wpb_column vc_column_container\"><div class=\"vc_column-inner\"><div class=\"wpb_wrapper\"><div class=\"g-cols wpb_row us_custom_c5a47681 via_flex valign_top type_default stacking_default\"><div class=\"vc_col-sm-12 wpb_column vc_column_container\"><div class=\"vc_column-inner\"><div class=\"wpb_wrapper\"><h3 class=\"w-text\"><span class=\"w-text-h\"><span class=\"w-text-value\">Obtenga una consulta gratuita<\/span><\/span><\/h3><div class=\"w-separator size_small\"><\/div><div class=\"wpforms-container wpforms-render-modern\" id=\"wpforms-22672\"><form id=\"wpforms-form-22672\" class=\"wpforms-validate wpforms-form wpforms-ajax-form\" data-formid=\"22672\" method=\"post\" enctype=\"multipart\/form-data\" action=\"\/es\/wp-json\/wp\/v2\/pages\/77059\" data-token=\"c3e15599abee602b49bf0e8d146518fb\" data-token-time=\"1775927054\"><noscript class=\"wpforms-error-noscript\">Por favor, activa JavaScript en tu navegador para completar este formulario.<\/noscript><div id=\"wpforms-error-noscript\" style=\"display: none;\">Por favor, activa JavaScript en tu navegador para completar este formulario.<\/div><div class=\"wpforms-field-container\"><div id=\"wpforms-22672-field_0-container\" class=\"wpforms-field wpforms-field-name\" data-field-id=\"0\"><label class=\"wpforms-field-label wpforms-label-hide\" for=\"wpforms-22672-field_0\" aria-hidden=\"false\">Nombre <span class=\"wpforms-required-label\" aria-hidden=\"true\">*<\/span><\/label><input type=\"text\" id=\"wpforms-22672-field_0\" class=\"wpforms-field-large wpforms-field-required\" name=\"wpforms[fields][0]\" placeholder=\"Nombre y apellidos\" aria-errormessage=\"wpforms-22672-field_0-error\" required><\/div><div id=\"wpforms-22672-field_5-container\" class=\"wpforms-field wpforms-field-phone\" data-field-id=\"5\"><label class=\"wpforms-field-label wpforms-label-hide\" for=\"wpforms-22672-field_5\" aria-hidden=\"false\">Tel\u00e9fono <span class=\"wpforms-required-label\" aria-hidden=\"true\">*<\/span><\/label><input type=\"tel\" id=\"wpforms-22672-field_5\" class=\"wpforms-field-large wpforms-field-required wpforms-smart-phone-field\" data-rule-smart-phone-field=\"true\" name=\"wpforms[fields][5]\" aria-label=\"Tel\u00e9fono\" aria-errormessage=\"wpforms-22672-field_5-error\" required><\/div><div id=\"wpforms-22672-field_12-container\" class=\"wpforms-field wpforms-field-hidden\" data-field-id=\"12\"><input type=\"hidden\" id=\"wpforms-22672-field_12\" name=\"wpforms[fields][12]\"><\/div><div id=\"wpforms-22672-field_10-container\" class=\"wpforms-field wpforms-field-hidden\" data-field-id=\"10\"><input type=\"hidden\" id=\"wpforms-22672-field_10\" name=\"wpforms[fields][10]\" value=\"https:\/\/clinicmono.com\/es\/wp-json\/wp\/v2\/pages\/77059 \"><\/div><div id=\"wpforms-22672-field_15-container\" class=\"wpforms-field wpforms-field-hidden\" data-field-id=\"15\"><input type=\"hidden\" id=\"wpforms-22672-field_15\" name=\"wpforms[fields][15]\" value=\" 216.73.216.38 {entry_geolocation} \"><\/div><\/div><!-- .wpforms-field-container --><div class=\"wpforms-recaptcha-container wpforms-is-recaptcha wpforms-is-recaptcha-type-v3\" ><input type=\"hidden\" name=\"wpforms[recaptcha]\" value=\"\"><\/div><div class=\"wpforms-submit-container\" ><input type=\"hidden\" name=\"wpforms[id]\" value=\"22672\"><input type=\"hidden\" name=\"page_title\" value=\"\"><input type=\"hidden\" name=\"page_url\" value=\"https:\/\/clinicmono.com\/es\/wp-json\/wp\/v2\/pages\/77059\"><input type=\"hidden\" name=\"url_referer\" value=\"\"><button type=\"submit\" name=\"wpforms[submit]\" id=\"wpforms-submit-22672\" class=\"wpforms-submit\" data-alt-text=\"Enviando...\" data-submit-text=\"Obtenga una consulta gratuita\" aria-live=\"assertive\" value=\"wpforms-submit\">Obtenga una consulta gratuita<\/button><img loading=\"lazy\" decoding=\"async\" src=\"https:\/\/clinicmono.com\/wp-content\/plugins\/wpforms\/assets\/images\/submit-spin.svg\" class=\"wpforms-submit-spinner\" style=\"display: none;\" width=\"26\" height=\"26\" alt=\"Cargando\"><\/div><\/form><\/div>  <!-- .wpforms-container --><\/div><\/div><\/div><\/div><\/div><\/div><\/div><\/div><\/div><\/section><section class=\"l-section wpb_row us_custom_0d5503c3 height_custom\"><div class=\"l-section-h i-cf\"><div class=\"g-cols vc_row via_flex valign_top type_default stacking_default\"><div class=\"vc_col-sm-12 wpb_column vc_column_container\"><div class=\"vc_column-inner\"><div class=\"wpb_wrapper\"><div class=\"g-cols wpb_row us_custom_1b04de86 via_flex valign_top type_default stacking_default\"><div class=\"vc_col-sm-8 wpb_column vc_column_container\"><div class=\"vc_column-inner\"><div class=\"wpb_wrapper\"><div class=\"w-hwrapper valign_top wrap align_left\"><div class=\"wpb_text_column\"><div class=\"wpb_wrapper\"><h4><a href=\"#procedures\">Procedimiento<\/a><\/h4>\n<\/div><\/div><div class=\"wpb_text_column\"><div class=\"wpb_wrapper\"><h4>|<\/h4>\n<\/div><\/div><div class=\"wpb_text_column\"><div class=\"wpb_wrapper\"><h4><a href=\"#cost\">Coste<\/a><\/h4>\n<\/div><\/div><div class=\"wpb_text_column\"><div class=\"wpb_wrapper\"><h4>|<\/h4>\n<\/div><\/div><div class=\"wpb_text_column\"><div class=\"wpb_wrapper\"><h4><a href=\"#clinic\">Cl\u00ednica<\/a><\/h4>\n<\/div><\/div><div class=\"wpb_text_column\"><div class=\"wpb_wrapper\"><h4>|<\/h4>\n<\/div><\/div><div class=\"wpb_text_column\"><div class=\"wpb_wrapper\"><h4><a href=\"#recovery\">Recuperaci\u00f3n<\/a><\/h4>\n<\/div><\/div><div class=\"wpb_text_column\"><div class=\"wpb_wrapper\"><h4>|<\/h4>\n<\/div><\/div><div class=\"wpb_text_column\"><div class=\"wpb_wrapper\"><h4><a href=\"#reviews\">Rese\u00f1as<\/a><\/h4>\n<\/div><\/div><div class=\"wpb_text_column\"><div class=\"wpb_wrapper\"><h4>|<\/h4>\n<\/div><\/div><div class=\"wpb_text_column\"><div class=\"wpb_wrapper\"><h4><a href=\"#surgeons\">Cirujanos<\/a><\/h4>\n<\/div><\/div><div class=\"wpb_text_column\"><div class=\"wpb_wrapper\"><h4>|<\/h4>\n<\/div><\/div><div class=\"wpb_text_column\"><div class=\"wpb_wrapper\"><h4><a href=\"#faqs\">Preguntas frecuentes<\/a><\/h4>\n<\/div><\/div><\/div><\/div><\/div><\/div><div class=\"vc_col-sm-4 wpb_column vc_column_container\"><div class=\"vc_column-inner\"><div class=\"wpb_wrapper\"><div class=\"wpb_text_column\"><div class=\"wpb_wrapper\"><h5 style=\"text-align: center;\"><strong>Revisado y aprobado por <a href=\"https:\/\/clinicmono.com\/es\/doctoras\/m-d-merve-ozkaya-unsal\/\">M.D. Merve \u00d6. \u00dcNSAL<\/a><\/strong><\/h5>\n<\/div><\/div><div class=\"w-separator hide_on_default hide_on_laptops size_medium\"><\/div><\/div><\/div><\/div><\/div><div class=\"w-separator size_small\"><\/div><div class=\"g-cols wpb_row via_flex valign_top type_default stacking_default\" id=\"procedures\"><div class=\"vc_col-sm-12 wpb_column vc_column_container\"><div class=\"vc_column-inner\"><div class=\"wpb_wrapper\"><div class=\"wpb_text_column\"><div class=\"wpb_wrapper\"><h2>ELEVACI\u00d3N DE LA ESPALDA<\/h2>\n<p>Los cambios importantes en el peso pueden causar piel fl\u00e1cida en varias partes del cuerpo; la piel fl\u00e1cida de la espalda es una de las preocupaciones est\u00e9ticas habituales de los pacientes que han experimentado una p\u00e9rdida importante de peso.<br \/>\nLa cirug\u00eda de lifting de espalda elimina el exceso de piel de la zona de la espalda y proporciona a los pacientes un aspecto corporal firme y m\u00e1s esbelto.<\/p>\n<h3>CIRUG\u00cdA DE LIFTING DE ESPALDA<\/h3>\n<p>La operaci\u00f3n de lifting de espalda se realiza con anestesia general y puede durar entre 2 y 3 horas, seg\u00fan el alcance de la intervenci\u00f3n.<br \/>\nAntes de la intervenci\u00f3n de lifting de la espalda, debe realizarse una consulta m\u00e9dica con el cirujano pl\u00e1stico; durante estas consultas sobre el lifting de la espalda se deciden todos los detalles de la intervenci\u00f3n en funci\u00f3n de las necesidades y expectativas de los pacientes.<br \/>\nLa cirug\u00eda de lifting de la espalda suele realizarse como &#8220;lifting de la espalda en la l\u00ednea del sujetador&#8221;; tras realizar las incisiones adecuadas, se elimina el exceso de piel de la espalda.<br \/>\nEn algunos casos, la cirug\u00eda de eliminaci\u00f3n de la piel de la espalda puede implicar tambi\u00e9n la eliminaci\u00f3n de grasa.<\/p>\n<\/div><\/div><\/div><\/div><\/div><\/div><div class=\"w-separator size_small\"><\/div><div class=\"g-cols wpb_row via_flex valign_top type_default stacking_default\" id=\"recovery\"><div class=\"vc_col-sm-12 wpb_column vc_column_container\"><div class=\"vc_column-inner\"><div class=\"wpb_wrapper\"><div class=\"wpb_text_column\"><div class=\"wpb_wrapper\"><h4>Recuperaci\u00f3n del lifting de espalda<\/h4>\n<p>La inflamaci\u00f3n y el dolor tras la operaci\u00f3n de lifting de espalda son completamente normales y desaparecer\u00e1n gradualmente; la recuperaci\u00f3n completa puede tardar alrededor de 1 mes.<br \/>\nLas incisiones de la cicatriz del lifting de espalda deben cuidarse con esmero para evitar cualquier complicaci\u00f3n y lograr un proceso de cicatrizaci\u00f3n suave.<br \/>\nDeben seguirse al pie de la letra todas las instrucciones postoperatorias dadas por tu cirujano pl\u00e1stico.<\/p>\n<\/div><\/div><\/div><\/div><\/div><\/div><div class=\"w-separator size_small\"><\/div><div class=\"g-cols wpb_row via_flex valign_top type_default stacking_default\" id=\"clinic\"><div class=\"vc_col-sm-12 wpb_column vc_column_container\"><div class=\"vc_column-inner\"><div class=\"wpb_wrapper\"><div class=\"wpb_text_column\"><div class=\"wpb_wrapper\"><h3>LIFTING DE ESPALDA EN LA CL\u00cdNICA MONO<\/h3>\n<p>La cirug\u00eda de eliminaci\u00f3n de piel de la espalda en Clinic Mono comienza con una consulta en l\u00ednea para ofrecer a los pacientes internacionales una c\u00f3moda experiencia de cirug\u00eda de estiramiento dorsal.<br \/>\nClinic Mono organiza cada peque\u00f1o detalle de la cirug\u00eda de eliminaci\u00f3n de piel de la espalda para la comodidad y la salud de los pacientes internacionales, eligiendo el alojamiento de lujo, los traslados VIP y las instalaciones m\u00e9dicas de primera calidad.<br \/>\nLos pacientes de eliminaci\u00f3n de piel de la espalda de Clinic Mono reciben asistencia 24 horas al d\u00eda, 7 d\u00edas a la semana; nuestro equipo m\u00e9dico estar\u00e1 encantado de ayudarte durante todo tu viaje m\u00e9dico.<\/p>\n<\/div><\/div><\/div><\/div><\/div><\/div><div class=\"w-separator size_small\"><\/div><div class=\"g-cols wpb_row via_flex valign_top type_default stacking_default\" id=\"surgeons\"><div class=\"vc_col-sm-12 wpb_column vc_column_container\"><div class=\"vc_column-inner\"><div class=\"wpb_wrapper\"><div class=\"wpb_text_column\"><div class=\"wpb_wrapper\"><h3>MEJORES CIRUJANOS DE LIFTING DE ESPALDA EN TURQU\u00cdA<\/h3>\n<p>La cirug\u00eda de lifting de espalda debe realizarla un cirujano pl\u00e1stico con talento, plenamente cualificado y con experiencia en este campo.<br \/>\nClinic Mono se enorgullece de contar con un equipo m\u00e9dico altamente cualificado y reconocido que ofrece los mejores resultados de lifting de espalda y un proceso de cirug\u00eda de lifting de espalda sin complicaciones.<\/p>\n<\/div><\/div><\/div><\/div><\/div><\/div><div class=\"w-separator size_small\"><\/div><div class=\"g-cols wpb_row via_flex valign_top type_default stacking_default\"><div class=\"vc_col-sm-3 wpb_column vc_column_container\"><div class=\"vc_column-inner\"><div class=\"wpb_wrapper\"><div class=\"w-image align_none\"><a href=\"https:\/\/clinicmono.com\/es\/doctoras\/m-d-eren-ersoz\/\" aria-label=\"Eren-Ersoz981-981\" class=\"w-image-h\"><img decoding=\"async\" width=\"981\" height=\"981\" src=\"https:\/\/clinicmono.com\/wp-content\/uploads\/2023\/04\/Eren-Ersoz981-981.jpg\" class=\"attachment-large size-large\" alt=\"\" loading=\"lazy\" srcset=\"https:\/\/clinicmono.com\/wp-content\/uploads\/2023\/04\/Eren-Ersoz981-981.jpg 981w, https:\/\/clinicmono.com\/wp-content\/uploads\/2023\/04\/Eren-Ersoz981-981-600x600.jpg 600w, https:\/\/clinicmono.com\/wp-content\/uploads\/2023\/04\/Eren-Ersoz981-981-300x300.jpg 300w, https:\/\/clinicmono.com\/wp-content\/uploads\/2023\/04\/Eren-Ersoz981-981-400x400.jpg 400w, https:\/\/clinicmono.com\/wp-content\/uploads\/2023\/04\/Eren-Ersoz981-981-150x150.jpg 150w\" sizes=\"(max-width: 981px) 100vw, 981px\" \/><\/a><\/div><div class=\"w-separator size_custom\" style=\"height:10px\"><\/div><div class=\"wpb_text_column\"><div class=\"wpb_wrapper\"><h4><a href=\"https:\/\/clinicmono.com\/es\/doctoras\/m-d-eren-ersoz\/\"><strong>M.D. EREN ERS\u00d6Z<\/strong><\/a><\/h4>\n<\/div><\/div><\/div><\/div><\/div><div class=\"vc_col-sm-3 wpb_column vc_column_container\"><div class=\"vc_column-inner\"><div class=\"wpb_wrapper\"><div class=\"w-image align_none\"><a href=\"https:\/\/clinicmono.com\/es\/doctoras\/m-d-deniz-yildirim\/\" aria-label=\"deniz-yildirim981-981\" class=\"w-image-h\"><img decoding=\"async\" width=\"981\" height=\"981\" src=\"https:\/\/clinicmono.com\/wp-content\/uploads\/2023\/05\/deniz-yildirim981-981.jpg\" class=\"attachment-large size-large\" alt=\"\" loading=\"lazy\" srcset=\"https:\/\/clinicmono.com\/wp-content\/uploads\/2023\/05\/deniz-yildirim981-981.jpg 981w, https:\/\/clinicmono.com\/wp-content\/uploads\/2023\/05\/deniz-yildirim981-981-600x600.jpg 600w, https:\/\/clinicmono.com\/wp-content\/uploads\/2023\/05\/deniz-yildirim981-981-300x300.jpg 300w, https:\/\/clinicmono.com\/wp-content\/uploads\/2023\/05\/deniz-yildirim981-981-400x400.jpg 400w, https:\/\/clinicmono.com\/wp-content\/uploads\/2023\/05\/deniz-yildirim981-981-150x150.jpg 150w\" sizes=\"(max-width: 981px) 100vw, 981px\" \/><\/a><\/div><div class=\"w-separator size_custom\" style=\"height:10px\"><\/div><div class=\"wpb_text_column\"><div class=\"wpb_wrapper\"><h4><a href=\"https:\/\/clinicmono.com\/es\/doctoras\/m-d-deniz-yildirim\/\"><strong>M.D. DENI\u0307Z YILDIRIM<\/strong><\/a><\/h4>\n<\/div><\/div><\/div><\/div><\/div><div class=\"vc_col-sm-3 wpb_column vc_column_container\"><div class=\"vc_column-inner\"><div class=\"wpb_wrapper\"><div class=\"w-image align_none\"><a href=\"https:\/\/clinicmono.com\/es\/doctoras\/m-d-merve-ozkaya-unsal\/\" aria-label=\"merve-ozkaya-unsal981-981\" class=\"w-image-h\"><img decoding=\"async\" width=\"981\" height=\"981\" src=\"https:\/\/clinicmono.com\/wp-content\/uploads\/2023\/05\/merve-ozkaya-unsal981-981.jpg\" class=\"attachment-large size-large\" alt=\"\" loading=\"lazy\" srcset=\"https:\/\/clinicmono.com\/wp-content\/uploads\/2023\/05\/merve-ozkaya-unsal981-981.jpg 981w, https:\/\/clinicmono.com\/wp-content\/uploads\/2023\/05\/merve-ozkaya-unsal981-981-600x600.jpg 600w, https:\/\/clinicmono.com\/wp-content\/uploads\/2023\/05\/merve-ozkaya-unsal981-981-300x300.jpg 300w, https:\/\/clinicmono.com\/wp-content\/uploads\/2023\/05\/merve-ozkaya-unsal981-981-400x400.jpg 400w, https:\/\/clinicmono.com\/wp-content\/uploads\/2023\/05\/merve-ozkaya-unsal981-981-150x150.jpg 150w\" sizes=\"(max-width: 981px) 100vw, 981px\" \/><\/a><\/div><div class=\"w-separator size_custom\" style=\"height:10px\"><\/div><div class=\"wpb_text_column\"><div class=\"wpb_wrapper\"><h4><a href=\"https:\/\/clinicmono.com\/es\/doctoras\/m-d-merve-ozkaya-unsal\/\"><strong>M.D. MERVE \u00d6. \u00dcNSAL<\/strong><\/a><\/h4>\n<\/div><\/div><\/div><\/div><\/div><div class=\"vc_col-sm-3 wpb_column vc_column_container\"><div class=\"vc_column-inner\"><div class=\"wpb_wrapper\"><div class=\"w-image align_none\"><a href=\"https:\/\/clinicmono.com\/es\/doctoras\/m-d-ergin-erdogan\/\" aria-label=\"m-d-ergin-erdogan\" class=\"w-image-h\"><img decoding=\"async\" width=\"1024\" height=\"1024\" src=\"https:\/\/clinicmono.com\/wp-content\/uploads\/2024\/04\/m-d-ergin-erdogan-1024x1024.jpg\" class=\"attachment-large size-large\" alt=\"\" loading=\"lazy\" srcset=\"https:\/\/clinicmono.com\/wp-content\/uploads\/2024\/04\/m-d-ergin-erdogan-1024x1024.jpg 1024w, https:\/\/clinicmono.com\/wp-content\/uploads\/2024\/04\/m-d-ergin-erdogan-600x600.jpg 600w, https:\/\/clinicmono.com\/wp-content\/uploads\/2024\/04\/m-d-ergin-erdogan-300x300.jpg 300w, https:\/\/clinicmono.com\/wp-content\/uploads\/2024\/04\/m-d-ergin-erdogan-500x500.jpg 500w, https:\/\/clinicmono.com\/wp-content\/uploads\/2024\/04\/m-d-ergin-erdogan-400x400.jpg 400w, https:\/\/clinicmono.com\/wp-content\/uploads\/2024\/04\/m-d-ergin-erdogan-150x150.jpg 150w, https:\/\/clinicmono.com\/wp-content\/uploads\/2024\/04\/m-d-ergin-erdogan.jpg 1080w\" sizes=\"(max-width: 1024px) 100vw, 1024px\" \/><\/a><\/div><div class=\"w-separator size_custom\" style=\"height:10px\"><\/div><div class=\"wpb_text_column\"><div class=\"wpb_wrapper\"><h4><a href=\"https:\/\/clinicmono.com\/es\/doctoras\/m-d-ergin-erdogan\/\">ERG\u0130N ERDO\u011eAN<\/a><\/h4>\n<\/div><\/div><\/div><\/div><\/div><\/div><div class=\"w-separator size_small\"><\/div><div class=\"g-cols wpb_row via_flex valign_top type_default stacking_default\" id=\"cost\"><div class=\"vc_col-sm-12 wpb_column vc_column_container\"><div class=\"vc_column-inner\"><div class=\"wpb_wrapper\"><div class=\"wpb_text_column\"><div class=\"wpb_wrapper\"><h3>LIFTING DE ESPALDA COSTE<\/h3>\n<p>El coste de la cirug\u00eda de la piel fl\u00e1cida de la espalda puede variar en funci\u00f3n de algunos factores; antes del coste del lifting de espalda, los pacientes deben conocer el plan de tratamiento detallado e individualizado para su estado y expectativas espec\u00edficos.<br \/>\nDespu\u00e9s, se puede discutir el coste exacto de la cirug\u00eda de la piel fl\u00e1cida de la espalda.<br \/>\nLa Cl\u00ednica Mono ofrece costes de lifting de espalda todo incluido en paquetes que incluyen todo lo que un paciente internacional puede necesitar durante el tratamiento.<br \/>\nPara conocer el ventajoso coste de la cirug\u00eda de eliminaci\u00f3n de piel fl\u00e1cida de la espalda en Clinic Mono, no dudes en ponerte en contacto con nosotros.<\/p>\n<\/div><\/div><\/div><\/div><\/div><\/div><div class=\"w-separator size_small\"><\/div><div class=\"g-cols wpb_row via_flex valign_top type_default stacking_default\"><div class=\"vc_col-sm-12 wpb_column vc_column_container\"><div class=\"vc_column-inner\"><div class=\"wpb_wrapper\"><div class=\"w-html\"><table class=\"customTable\">\n  <thead>\n    <tr>\n      <th>Tipo de procedimiento<\/th><th>Mono<\/th><th>Coste Reino Unido<\/th><th>Coste UE<\/th><th>Coste EE.UU.<\/th>\n    <\/tr>\n  <\/thead>\n  <tbody>\n    <tr>\n      <td>Ascensor trasero<\/td><td>\u00a33,705 - \u00a34,500<\/td><td>\u00a37,000 - \u00a39,000<\/td><td>\u20ac8,500 - \u20ac9,500<\/td><td>$10,000 - $12,000<\/td>\n    <\/tr>\n  <\/tbody>\n<\/table>\n\n<\/div><\/div><\/div><\/div><\/div><div class=\"w-separator size_small\"><\/div><div class=\"g-cols wpb_row via_flex valign_top type_default stacking_default\" id=\"reviews\"><div class=\"vc_col-sm-12 wpb_column vc_column_container\"><div class=\"vc_column-inner\"><div class=\"wpb_wrapper\"><div class=\"wpb_text_column\"><div class=\"wpb_wrapper\"><h3>REVISIONES DEL ELEVADOR DE ESPALDA<\/h3>\n<p>Las opiniones sobre el lifting de espalda Bra line son una gran fuente de opini\u00f3n sobre la calidad del tratamiento de lifting de espalda; los pacientes de Mono que se sometieron a una cirug\u00eda de lifting de espalda con la opci\u00f3n de tratamiento de mejor calidad nos dejan los mejores comentarios que indican su nivel de satisfacci\u00f3n con la experiencia del tratamiento.<\/p>\n<\/div><\/div><\/div><\/div><\/div><\/div><div class=\"w-separator size_small\"><\/div><div class=\"g-cols wpb_row via_flex valign_top type_default stacking_default\" id=\"faqs\"><div class=\"vc_col-sm-12 wpb_column vc_column_container\"><div class=\"vc_column-inner\"><div class=\"wpb_wrapper\"><div class=\"wpb_text_column\"><div class=\"wpb_wrapper\"><h3>PREGUNTAS FRECUENTES SOBRE EL ELEVADOR DE ESPALDA<\/h3>\n<\/div><\/div><\/div><\/div><\/div><\/div><div class=\"w-separator size_small\"><\/div><div class=\"w-tabs style_default switch_click accordion has_scrolling\" style=\"--sections-title-size:inherit\"><div class=\"w-tabs-sections titles-align_none icon_chevron cpos_right\"><div class=\"w-tabs-section\" id=\"qa7c\"><button class=\"w-tabs-section-header\" aria-controls=\"content-qa7c\" aria-expanded=\"false\"><div class=\"w-tabs-section-title\">\u00bfPuedo combinar la cirug\u00eda de lifting de espalda con otras cirug\u00edas pl\u00e1sticas?<\/div><div class=\"w-tabs-section-control\"><\/div><\/button><div  class=\"w-tabs-section-content\" id=\"content-qa7c\"><div class=\"w-tabs-section-content-h i-cf\"><div class=\"wpb_text_column\"><div class=\"wpb_wrapper\"><p>Si su cirujano pl\u00e1stico lo considera adecuado tras una evaluaci\u00f3n m\u00e9dica detallada, el lifting de espalda puede combinarse con otros procedimientos est\u00e9ticos.<\/p>\n<\/div><\/div><\/div><\/div><\/div><div class=\"w-tabs-section\" id=\"kc72\"><button class=\"w-tabs-section-header\" aria-controls=\"content-kc72\" aria-expanded=\"false\"><div class=\"w-tabs-section-title\">\u00bfSoy un candidato adecuado para la cirug\u00eda de lifting de espalda?<\/div><div class=\"w-tabs-section-control\"><\/div><\/button><div  class=\"w-tabs-section-content\" id=\"content-kc72\"><div class=\"w-tabs-section-content-h i-cf\"><div class=\"wpb_text_column\"><div class=\"wpb_wrapper\"><p>Los candidatos ideales para la cirug\u00eda de lifting de espalda tienen un IMC inferior a 30, un buen estado de salud y desean deshacerse de la piel fl\u00e1cida de la zona de la espalda.<br \/>\nConsulta a nuestro cirujano pl\u00e1stico para saber si eres un candidato adecuado para la intervenci\u00f3n.<\/p>\n<\/div><\/div><\/div><\/div><\/div><\/div><\/div><\/div><\/div><\/div><\/div><\/div><\/section>\n","protected":false},"excerpt":{"rendered":"Elevador de espalda P\u00e1ginasResumen del procedimientoProcedimientoDuraci\u00f3n de la cirug\u00edaEstancia en el hospitalAnestesiaObtenga una consulta gratuitaPor favor, activa JavaScript en tu navegador para completar este formulario.Por favor, activa JavaScript en tu navegador para completar este formulario.Nombre *Tel\u00e9fono * p\u00e1gina T\u00edtulo p\u00e1gina Obtenga una consulta gratuita Procedimiento | Coste | Cl\u00ednica | Recuperaci\u00f3n | Rese\u00f1as | Cirujanos...","protected":false},"author":1,"featured_media":0,"parent":38943,"menu_order":0,"comment_status":"closed","ping_status":"closed","template":"","meta":{"rank_math_lock_modified_date":false,"_mi_skip_tracking":false,"_monsterinsights_sitenote_active":false,"_monsterinsights_sitenote_note":"","_monsterinsights_sitenote_category":0,"_uf_show_specific_survey":0,"_uf_disable_surveys":false,"footnotes":""},"procedure":[],"class_list":["post-77059","page","type-page","status-publish","hentry"],"_links":{"self":[{"href":"https:\/\/clinicmono.com\/es\/wp-json\/wp\/v2\/pages\/77059"}],"collection":[{"href":"https:\/\/clinicmono.com\/es\/wp-json\/wp\/v2\/pages"}],"about":[{"href":"https:\/\/clinicmono.com\/es\/wp-json\/wp\/v2\/types\/page"}],"author":[{"embeddable":true,"href":"https:\/\/clinicmono.com\/es\/wp-json\/wp\/v2\/users\/1"}],"replies":[{"embeddable":true,"href":"https:\/\/clinicmono.com\/es\/wp-json\/wp\/v2\/comments?post=77059"}],"version-history":[{"count":15,"href":"https:\/\/clinicmono.com\/es\/wp-json\/wp\/v2\/pages\/77059\/revisions"}],"predecessor-version":[{"id":153056,"href":"https:\/\/clinicmono.com\/es\/wp-json\/wp\/v2\/pages\/77059\/revisions\/153056"}],"up":[{"embeddable":true,"href":"https:\/\/clinicmono.com\/es\/wp-json\/wp\/v2\/pages\/38943"}],"wp:attachment":[{"href":"https:\/\/clinicmono.com\/es\/wp-json\/wp\/v2\/media?parent=77059"}],"wp:term":[{"taxonomy":"procedure","embeddable":true,"href":"https:\/\/clinicmono.com\/es\/wp-json\/wp\/v2\/procedure?post=77059"}],"curies":[{"name":"wp","href":"https:\/\/api.w.org\/{rel}","templated":true}]}}