{"id":53804,"date":"2024-02-07T10:19:45","date_gmt":"2024-02-07T10:19:45","guid":{"rendered":"https:\/\/clinicmono.com\/14-de-febrero-san-valentin\/"},"modified":"2024-02-26T02:39:53","modified_gmt":"2024-02-26T02:39:53","slug":"14-february-valentines-day","status":"publish","type":"page","link":"https:\/\/clinicmono.com\/es\/14-february-valentines-day\/","title":{"rendered":"14 de febrero San Valent\u00edn"},"content":{"rendered":"<section class=\"l-section wpb_row height_custom with_img\"><div class=\"l-section-img\" role=\"img\" data-img-width=\"1920\" data-img-height=\"400\" style=\"background-image: url(https:\/\/clinicmono.com\/wp-content\/uploads\/2023\/05\/call1.jpg);background-repeat: no-repeat;background-size: auto;\"><\/div><div class=\"l-section-h i-cf\"><div class=\"g-cols vc_row via_flex valign_top type_default stacking_default\"><div class=\"vc_col-sm-12 wpb_column vc_column_container\"><div class=\"vc_column-inner\"><div class=\"wpb_wrapper\"><div class=\"wpb_text_column\"><div class=\"wpb_wrapper\"><div class=\"elementor-element elementor-element-9b7794f elementor-widget elementor-widget-heading\" style=\"text-align: center;\" data-id=\"9b7794f\" data-element_type=\"widget\" data-widget_type=\"heading.default\">\n<div class=\"elementor-widget-container\">\n<h1 class=\"elementor-heading-title elementor-size-default\">14 de febrero San Valent\u00edn<\/h1>\n<\/div>\n<\/div>\n<\/div><\/div><nav class=\"g-breadcrumbs separator_icon align_center\" itemscope itemtype=\"http:\/\/schema.org\/BreadcrumbList\"><div class=\"g-breadcrumbs-item\" itemscope itemprop=\"itemListElement\" itemtype=\"http:\/\/schema.org\/ListItem\"><a itemprop=\"item\" href=\"https:\/\/clinicmono.com\/es\/\"><span itemprop=\"name\">Cl\u00ednica Mono<\/span><\/a><meta itemprop=\"position\" content=\"1\"\/><\/div><div class=\"g-breadcrumbs-separator\"><i class=\"far fa-angle-double-right\"><\/i><\/div><div class=\"g-breadcrumbs-item\">P\u00e1ginas<\/div><\/nav><\/div><\/div><\/div><\/div><\/div><\/section><section class=\"l-section wpb_row us_custom_472df500 height_custom with_img\"><div class=\"l-section-img\" role=\"img\" data-img-width=\"1920\" data-img-height=\"1280\" style=\"background-image: url(https:\/\/clinicmono.com\/wp-content\/uploads\/2023\/05\/2565165.jpg);\"><\/div><div class=\"l-section-h i-cf\"><div class=\"g-cols vc_row via_flex valign_top type_default stacking_default\"><div class=\"vc_col-sm-12 wpb_column vc_column_container\"><div class=\"vc_column-inner\"><div class=\"wpb_wrapper\"><div class=\"g-cols wpb_row via_flex valign_top type_default stacking_default\"><div class=\"vc_col-sm-6 wpb_column vc_column_container\"><div class=\"vc_column-inner\"><div class=\"wpb_wrapper\"><\/div><\/div><\/div><div class=\"vc_col-sm-6 wpb_column vc_column_container\"><div class=\"vc_column-inner\"><div class=\"wpb_wrapper\"><div class=\"wpb_text_column\"><div class=\"wpb_wrapper\"><h2><span style=\"color: #ffffff;\"><strong>\u00a1Oferta especial para la semana de San Valent\u00edn!<\/strong><\/span><\/h2>\n<p><span style=\"color: #ffffff;\"><strong>20% + 10% Descuento Love<\/strong><\/span><\/p>\n<p><span style=\"color: #ffffff;\">\u00bfBusca el mejor regalo de San Valent\u00edn? \u00a1Aqu\u00ed est\u00e1 el descuento por amor! 20% + 10% de descuento en todos los tratamientos, reserve para su amante o m\u00edmese usted mismo.<\/span><\/p>\n<p><span style=\"color: #ffffff;\">Se trata de una campa\u00f1a especial v\u00e1lida s\u00f3lo durante 1 semana. No pierda esta oportunidad.<\/span><\/p>\n<h2><span style=\"color: #ffffff;\">Gane el descuento Love<\/span><\/h2>\n<\/div><\/div><div class=\"w-separator size_medium\"><\/div><div class=\"wpforms-container wpforms-render-modern\" id=\"wpforms-53294\"><form id=\"wpforms-form-53294\" class=\"wpforms-validate wpforms-form wpforms-ajax-form\" data-formid=\"53294\" method=\"post\" enctype=\"multipart\/form-data\" action=\"\/es\/wp-json\/wp\/v2\/pages\/53804\" data-token=\"0fcbbef8e9a34b7b7a979a5e915030a6\" data-token-time=\"1776430965\"><noscript class=\"wpforms-error-noscript\">Por favor, activa JavaScript en tu navegador para completar este formulario.<\/noscript><div id=\"wpforms-error-noscript\" style=\"display: none;\">Por favor, activa JavaScript en tu navegador para completar este formulario.<\/div><div class=\"wpforms-field-container\"><div id=\"wpforms-53294-field_0-container\" class=\"wpforms-field wpforms-field-name\" data-field-id=\"0\"><label class=\"wpforms-field-label wpforms-label-hide\" for=\"wpforms-53294-field_0\" aria-hidden=\"false\">Nombre <span class=\"wpforms-required-label\" aria-hidden=\"true\">*<\/span><\/label><input type=\"text\" id=\"wpforms-53294-field_0\" class=\"wpforms-field-large wpforms-field-required\" name=\"wpforms[fields][0]\" placeholder=\"Nombre y apellidos\" aria-errormessage=\"wpforms-53294-field_0-error\" required><\/div><div id=\"wpforms-53294-field_5-container\" class=\"wpforms-field wpforms-field-phone\" data-field-id=\"5\"><label class=\"wpforms-field-label wpforms-label-hide\" for=\"wpforms-53294-field_5\" aria-hidden=\"false\">Tel\u00e9fono <span class=\"wpforms-required-label\" aria-hidden=\"true\">*<\/span><\/label><input type=\"tel\" id=\"wpforms-53294-field_5\" class=\"wpforms-field-large wpforms-field-required wpforms-smart-phone-field\" data-rule-smart-phone-field=\"true\" name=\"wpforms[fields][5]\" aria-label=\"Tel\u00e9fono\" aria-errormessage=\"wpforms-53294-field_5-error\" required><\/div><div id=\"wpforms-53294-field_4-container\" class=\"wpforms-field wpforms-field-select wpforms-field-select-style-classic\" data-field-id=\"4\"><label class=\"wpforms-field-label wpforms-label-hide\" for=\"wpforms-53294-field_4\" aria-hidden=\"false\">Seleccionar cirug\u00eda <span class=\"wpforms-required-label\" aria-hidden=\"true\">*<\/span><\/label><select id=\"wpforms-53294-field_4\" class=\"wpforms-field-large wpforms-field-required\" name=\"wpforms[fields][4]\" required=\"required\"><option value=\"Cirug\u00eda pl\u00e1stica y est\u00e9tica\"  class=\"choice-1 depth-1\"  >Cirug\u00eda pl\u00e1stica y est\u00e9tica<\/option><option value=\"Cirug\u00eda de la obesidad\"  class=\"choice-2 depth-1\"  >Cirug\u00eda de la obesidad<\/option><option value=\"Cirug\u00eda dental est\u00e9tica\"  class=\"choice-3 depth-1\"  >Cirug\u00eda dental est\u00e9tica<\/option><option value=\"Trasplante capilar\"  class=\"choice-4 depth-1\"  >Trasplante capilar<\/option><option value=\"Ortopedia\"  class=\"choice-5 depth-1\"  >Ortopedia<\/option><option value=\"Neurocirug\u00eda\"  class=\"choice-6 depth-1\"  >Neurocirug\u00eda<\/option><option value=\"Obstetricia y ginecolog\u00eda\"  class=\"choice-7 depth-1\"  >Obstetricia y ginecolog\u00eda<\/option><option value=\"Cirug\u00eda general\"  class=\"choice-8 depth-1\"  >Cirug\u00eda general<\/option><\/select><\/div><div id=\"wpforms-53294-field_10-container\" class=\"wpforms-field wpforms-field-hidden\" data-field-id=\"10\"><input type=\"hidden\" id=\"wpforms-53294-field_10\" name=\"wpforms[fields][10]\"><\/div><div id=\"wpforms-53294-field_12-container\" class=\"wpforms-field wpforms-field-hidden\" data-field-id=\"12\"><input type=\"hidden\" id=\"wpforms-53294-field_12\" name=\"wpforms[fields][12]\" value=\"https:\/\/clinicmono.com\/es\/wp-json\/wp\/v2\/pages\/53804 \"><\/div>\t\t<div id=\"wpforms-53294-field_1-container\"\n\t\t\tclass=\"wpforms-field wpforms-field-text\"\n\t\t\tdata-field-type=\"text\"\n\t\t\tdata-field-id=\"1\"\n\t\t\t>\n\t\t\t<label class=\"wpforms-field-label\" for=\"wpforms-53294-field_1\" >la Trayectoria de<\/label>\n\t\t\t<input type=\"text\" id=\"wpforms-53294-field_1\" class=\"wpforms-field-medium\" name=\"wpforms[fields][1]\" >\n\t\t<\/div>\n\t\t<div id=\"wpforms-53294-field_11-container\" class=\"wpforms-field wpforms-field-hidden\" data-field-id=\"11\"><input type=\"hidden\" id=\"wpforms-53294-field_11\" name=\"wpforms[fields][11]\" value=\" 216.73.216.155 {entry_geolocation}\"><\/div><div id=\"wpforms-53294-field_13-container\" class=\"wpforms-field wpforms-field-hidden\" data-field-id=\"13\"><input type=\"hidden\" id=\"wpforms-53294-field_13\" name=\"wpforms[fields][13]\" value=\"{entrada_viaje_usuario}\"><\/div><script>\n\t\t\t\t( function() {\n\t\t\t\t\tconst style = document.createElement( 'style' );\n\t\t\t\t\tstyle.appendChild( document.createTextNode( '#wpforms-53294-field_1-container { position: absolute !important; overflow: hidden !important; display: inline !important; height: 1px !important; width: 1px !important; z-index: -1000 !important; padding: 0 !important; } #wpforms-53294-field_1-container input { visibility: hidden; } #wpforms-conversational-form-page #wpforms-53294-field_1-container label { counter-increment: none; }' ) );\n\t\t\t\t\tdocument.head.appendChild( style );\n\t\t\t\t\tdocument.currentScript?.remove();\n\t\t\t\t} )();\n\t\t\t<\/script><\/div><!-- .wpforms-field-container --><div class=\"wpforms-recaptcha-container wpforms-is-recaptcha wpforms-is-recaptcha-type-v3\" ><input type=\"hidden\" name=\"wpforms[recaptcha]\" value=\"\"><\/div><div class=\"wpforms-submit-container\" ><input type=\"hidden\" name=\"wpforms[id]\" value=\"53294\"><input type=\"hidden\" name=\"page_title\" value=\"\"><input type=\"hidden\" name=\"page_url\" value=\"https:\/\/clinicmono.com\/es\/wp-json\/wp\/v2\/pages\/53804\"><input type=\"hidden\" name=\"url_referer\" value=\"\"><button type=\"submit\" name=\"wpforms[submit]\" id=\"wpforms-submit-53294\" class=\"wpforms-submit\" data-alt-text=\"Enviando...\" data-submit-text=\"Obtenga una consulta gratuita\" aria-live=\"assertive\" value=\"wpforms-submit\">Obtenga una consulta gratuita<\/button><img loading=\"lazy\" decoding=\"async\" src=\"https:\/\/clinicmono.com\/wp-content\/plugins\/wpforms\/assets\/images\/submit-spin.svg\" class=\"wpforms-submit-spinner\" style=\"display: none;\" width=\"26\" height=\"26\" alt=\"Cargando\"><\/div><\/form><\/div>  <!-- .wpforms-container --><\/div><\/div><\/div><\/div><\/div><\/div><\/div><\/div><\/div><\/section>\n","protected":false},"excerpt":{"rendered":"14 de febrero San Valent\u00edn Cl\u00ednica MonoP\u00e1ginas\u00a1Oferta especial para la semana de San Valent\u00edn! 20% + 10% Descuento Love \u00bfBusca el mejor regalo de San Valent\u00edn? \u00a1Aqu\u00ed est\u00e1 el descuento por amor! 20% + 10% de descuento en todos los tratamientos, reserve para su amante o m\u00edmese usted mismo. Se trata de una campa\u00f1a especial...","protected":false},"author":1,"featured_media":0,"parent":0,"menu_order":0,"comment_status":"closed","ping_status":"closed","template":"","meta":{"rank_math_lock_modified_date":false,"_mi_skip_tracking":false,"_monsterinsights_sitenote_active":false,"_monsterinsights_sitenote_note":"","_monsterinsights_sitenote_category":0,"_uf_show_specific_survey":0,"_uf_disable_surveys":false,"footnotes":""},"procedure":[],"class_list":["post-53804","page","type-page","status-publish","hentry"],"_links":{"self":[{"href":"https:\/\/clinicmono.com\/es\/wp-json\/wp\/v2\/pages\/53804"}],"collection":[{"href":"https:\/\/clinicmono.com\/es\/wp-json\/wp\/v2\/pages"}],"about":[{"href":"https:\/\/clinicmono.com\/es\/wp-json\/wp\/v2\/types\/page"}],"author":[{"embeddable":true,"href":"https:\/\/clinicmono.com\/es\/wp-json\/wp\/v2\/users\/1"}],"replies":[{"embeddable":true,"href":"https:\/\/clinicmono.com\/es\/wp-json\/wp\/v2\/comments?post=53804"}],"version-history":[{"count":12,"href":"https:\/\/clinicmono.com\/es\/wp-json\/wp\/v2\/pages\/53804\/revisions"}],"predecessor-version":[{"id":119885,"href":"https:\/\/clinicmono.com\/es\/wp-json\/wp\/v2\/pages\/53804\/revisions\/119885"}],"wp:attachment":[{"href":"https:\/\/clinicmono.com\/es\/wp-json\/wp\/v2\/media?parent=53804"}],"wp:term":[{"taxonomy":"procedure","embeddable":true,"href":"https:\/\/clinicmono.com\/es\/wp-json\/wp\/v2\/procedure?post=53804"}],"curies":[{"name":"wp","href":"https:\/\/api.w.org\/{rel}","templated":true}]}}