{"id":42884,"date":"2024-01-30T14:04:04","date_gmt":"2024-01-30T14:04:04","guid":{"rendered":"https:\/\/clinicmono.com\/use-code-get-20-off\/"},"modified":"2024-07-26T06:23:39","modified_gmt":"2024-07-26T06:23:39","slug":"use-code-get-20-off","status":"publish","type":"page","link":"https:\/\/clinicmono.com\/es\/use-code-get-20-off\/","title":{"rendered":"Utiliza el C\u00f3digo Descuento 20"},"content":{"rendered":"<section class=\"l-section wpb_row height_custom\"><div class=\"l-section-h i-cf\"><div class=\"g-cols vc_row via_flex valign_top type_default stacking_default\"><div class=\"vc_col-sm-12 wpb_column vc_column_container\"><div class=\"vc_column-inner\"><div class=\"wpb_wrapper\"><div class=\"g-cols wpb_row hide_on_tablets hide_on_mobiles via_flex valign_top type_default stacking_default\"><div class=\"vc_col-sm-12 wpb_column vc_column_container\"><div class=\"vc_column-inner\"><div class=\"wpb_wrapper\"><div class=\"wpforms-container wpforms-render-modern\" id=\"wpforms-42158\"><form id=\"wpforms-form-42158\" class=\"wpforms-validate wpforms-form wpforms-ajax-form\" data-formid=\"42158\" method=\"post\" enctype=\"multipart\/form-data\" action=\"\/es\/wp-json\/wp\/v2\/pages\/42884\" data-token=\"865d7195b59937c161b0f8fab399afb5\" data-token-time=\"1775711700\"><noscript class=\"wpforms-error-noscript\">Por favor, activa JavaScript en tu navegador para completar este formulario.<\/noscript><div id=\"wpforms-error-noscript\" style=\"display: none;\">Por favor, activa JavaScript en tu navegador para completar este formulario.<\/div><div class=\"wpforms-field-container\"><div id=\"wpforms-42158-field_2-container\" class=\"wpforms-field wpforms-field-text wpforms-one-half wpforms-first\" data-field-id=\"2\"><label class=\"wpforms-field-label wpforms-label-hide\" for=\"wpforms-42158-field_2\" aria-hidden=\"false\">Nombre y apellidos <span class=\"wpforms-required-label\" aria-hidden=\"true\">*<\/span><\/label><input type=\"text\" id=\"wpforms-42158-field_2\" class=\"wpforms-field-large wpforms-field-required\" name=\"wpforms[fields][2]\" placeholder=\"Nombre y apellidos\" aria-errormessage=\"wpforms-42158-field_2-error\" required><\/div><div id=\"wpforms-42158-field_1-container\" class=\"wpforms-field wpforms-field-phone wpforms-one-half\" data-field-id=\"1\"><label class=\"wpforms-field-label wpforms-label-hide\" for=\"wpforms-42158-field_1\" aria-hidden=\"false\">Tel\u00e9fono <span class=\"wpforms-required-label\" aria-hidden=\"true\">*<\/span><\/label><input type=\"tel\" id=\"wpforms-42158-field_1\" class=\"wpforms-field-large wpforms-field-required wpforms-smart-phone-field\" data-rule-smart-phone-field=\"true\" name=\"wpforms[fields][1]\" aria-label=\"Tel\u00e9fono\" aria-errormessage=\"wpforms-42158-field_1-error\" required><\/div><div id=\"wpforms-42158-field_6-container\" class=\"wpforms-field wpforms-field-text wpforms-one-half wpforms-first\" data-field-id=\"6\"><label class=\"wpforms-field-label wpforms-label-hide\" for=\"wpforms-42158-field_6\" aria-hidden=\"false\">Remisi\u00f3n <span class=\"wpforms-required-label\" aria-hidden=\"true\">*<\/span><\/label><input type=\"text\" id=\"wpforms-42158-field_6\" class=\"wpforms-field-large wpforms-field-required\" name=\"wpforms[fields][6]\" aria-errormessage=\"wpforms-42158-field_6-error\" required><\/div><div id=\"wpforms-42158-field_4-container\" class=\"wpforms-field wpforms-field-select wpforms-one-half wpforms-field-select-style-classic\" data-field-id=\"4\"><label class=\"wpforms-field-label wpforms-label-hide\" for=\"wpforms-42158-field_4\" aria-hidden=\"false\">Cirug\u00eda<\/label><select id=\"wpforms-42158-field_4\" class=\"wpforms-field-large\" name=\"wpforms[fields][4]\"><option value=\"Cirug\u00eda pl\u00e1stica y est\u00e9tica\"  class=\"choice-1 depth-1\"  >Cirug\u00eda pl\u00e1stica y est\u00e9tica<\/option><option value=\"Cirug\u00eda de la obesidad\"  class=\"choice-2 depth-1\"  >Cirug\u00eda de la obesidad<\/option><option value=\"Odontolog\u00eda  \"  class=\"choice-3 depth-1\"  >Odontolog\u00eda<\/option><option value=\"Trasplante capilar\"  class=\"choice-4 depth-1\"  >Trasplante capilar<\/option><option value=\"Ortopedia\"  class=\"choice-5 depth-1\"  >Ortopedia<\/option><option value=\"Neurocirug\u00eda\"  class=\"choice-6 depth-1\"  >Neurocirug\u00eda<\/option><option value=\"Obstetricia y ginecolog\u00eda\"  class=\"choice-7 depth-1\"  >Obstetricia y ginecolog\u00eda<\/option><option value=\"Cirug\u00eda general\"  class=\"choice-8 depth-1\"  >Cirug\u00eda general<\/option><\/select><\/div><div id=\"wpforms-42158-field_8-container\" class=\"wpforms-field wpforms-field-hidden\" data-field-id=\"8\"><input type=\"hidden\" id=\"wpforms-42158-field_8\" name=\"wpforms[fields][8]\"><\/div><div id=\"wpforms-42158-field_9-container\" class=\"wpforms-field wpforms-field-hidden\" data-field-id=\"9\"><input type=\"hidden\" id=\"wpforms-42158-field_9\" name=\"wpforms[fields][9]\" value=\"https:\/\/clinicmono.com\/es\/wp-json\/wp\/v2\/pages\/42884 \"><\/div><div id=\"wpforms-42158-field_11-container\" class=\"wpforms-field wpforms-field-hidden\" data-field-id=\"11\"><input type=\"hidden\" id=\"wpforms-42158-field_11\" name=\"wpforms[fields][11]\" value=\" 216.73.216.191 {entry_geolocation}\"><\/div><div id=\"wpforms-42158-field_10-container\" class=\"wpforms-field wpforms-field-hidden\" data-field-id=\"10\"><input type=\"hidden\" id=\"wpforms-42158-field_10\" name=\"wpforms[fields][10]\"><\/div><\/div><!-- .wpforms-field-container --><div class=\"wpforms-submit-container\" ><input type=\"hidden\" name=\"wpforms[id]\" value=\"42158\"><input type=\"hidden\" name=\"page_title\" value=\"\"><input type=\"hidden\" name=\"page_url\" value=\"https:\/\/clinicmono.com\/es\/wp-json\/wp\/v2\/pages\/42884\"><input type=\"hidden\" name=\"url_referer\" value=\"\"><button type=\"submit\" name=\"wpforms[submit]\" id=\"wpforms-submit-42158\" class=\"wpforms-submit\" data-alt-text=\"Enviando...\" data-submit-text=\"Obtenga una consulta gratuita\" aria-live=\"assertive\" value=\"wpforms-submit\">Obtenga una consulta gratuita<\/button><img loading=\"lazy\" decoding=\"async\" src=\"https:\/\/clinicmono.com\/wp-content\/plugins\/wpforms\/assets\/images\/submit-spin.svg\" class=\"wpforms-submit-spinner\" style=\"display: none;\" width=\"26\" height=\"26\" alt=\"Cargando\"><\/div><\/form><\/div>  <!-- .wpforms-container --><\/div><\/div><\/div><\/div><div class=\"g-cols wpb_row hide_on_default hide_on_laptops via_flex valign_top type_default stacking_default\"><div class=\"vc_col-sm-12 wpb_column vc_column_container\"><div class=\"vc_column-inner\"><div class=\"wpb_wrapper\"><div class=\"wpforms-container wpforms-render-modern\" id=\"wpforms-42156\"><form id=\"wpforms-form-42156\" class=\"wpforms-validate wpforms-form wpforms-ajax-form\" data-formid=\"42156\" method=\"post\" enctype=\"multipart\/form-data\" action=\"\/es\/wp-json\/wp\/v2\/pages\/42884\" data-token=\"c26b6d702dacd43abe3ffd13fce83621\" data-token-time=\"1775711700\"><noscript class=\"wpforms-error-noscript\">Por favor, activa JavaScript en tu navegador para completar este formulario.<\/noscript><div id=\"wpforms-error-noscript\" style=\"display: none;\">Por favor, activa JavaScript en tu navegador para completar este formulario.<\/div><div class=\"wpforms-field-container\"><div id=\"wpforms-42156-field_2-container\" class=\"wpforms-field wpforms-field-text\" data-field-id=\"2\"><label class=\"wpforms-field-label wpforms-label-hide\" for=\"wpforms-42156-field_2\" aria-hidden=\"false\">Nombre y apellidos <span class=\"wpforms-required-label\" aria-hidden=\"true\">*<\/span><\/label><input type=\"text\" id=\"wpforms-42156-field_2\" class=\"wpforms-field-large wpforms-field-required\" name=\"wpforms[fields][2]\" placeholder=\"Nombre y apellidos\" aria-errormessage=\"wpforms-42156-field_2-error\" required><\/div><div id=\"wpforms-42156-field_1-container\" class=\"wpforms-field wpforms-field-phone\" data-field-id=\"1\"><label class=\"wpforms-field-label wpforms-label-hide\" for=\"wpforms-42156-field_1\" aria-hidden=\"false\">Tel\u00e9fono <span class=\"wpforms-required-label\" aria-hidden=\"true\">*<\/span><\/label><input type=\"tel\" id=\"wpforms-42156-field_1\" class=\"wpforms-field-large wpforms-field-required wpforms-smart-phone-field\" data-rule-smart-phone-field=\"true\" name=\"wpforms[fields][1]\" aria-label=\"Tel\u00e9fono\" aria-errormessage=\"wpforms-42156-field_1-error\" required><\/div><div id=\"wpforms-42156-field_6-container\" class=\"wpforms-field wpforms-field-text\" data-field-id=\"6\"><label class=\"wpforms-field-label wpforms-label-hide\" for=\"wpforms-42156-field_6\" aria-hidden=\"false\">Remisi\u00f3n <span class=\"wpforms-required-label\" aria-hidden=\"true\">*<\/span><\/label><input type=\"text\" id=\"wpforms-42156-field_6\" class=\"wpforms-field-large wpforms-field-required\" name=\"wpforms[fields][6]\" aria-errormessage=\"wpforms-42156-field_6-error\" required><\/div><div id=\"wpforms-42156-field_4-container\" class=\"wpforms-field wpforms-field-select wpforms-field-select-style-classic\" data-field-id=\"4\"><label class=\"wpforms-field-label wpforms-label-hide\" for=\"wpforms-42156-field_4\" aria-hidden=\"false\">Cirug\u00eda<\/label><select id=\"wpforms-42156-field_4\" class=\"wpforms-field-large\" name=\"wpforms[fields][4]\"><option value=\"Cirug\u00eda pl\u00e1stica y est\u00e9tica\"  class=\"choice-1 depth-1\"  >Cirug\u00eda pl\u00e1stica y est\u00e9tica<\/option><option value=\"Cirug\u00eda de la obesidad\"  class=\"choice-2 depth-1\"  >Cirug\u00eda de la obesidad<\/option><option value=\"Odontolog\u00eda  \"  class=\"choice-3 depth-1\"  >Odontolog\u00eda<\/option><option value=\"Trasplante capilar\"  class=\"choice-4 depth-1\"  >Trasplante capilar<\/option><option value=\"Ortopedia\"  class=\"choice-5 depth-1\"  >Ortopedia<\/option><option value=\"Neurocirug\u00eda\"  class=\"choice-6 depth-1\"  >Neurocirug\u00eda<\/option><option value=\"Obstetricia y ginecolog\u00eda\"  class=\"choice-7 depth-1\"  >Obstetricia y ginecolog\u00eda<\/option><option value=\"Cirug\u00eda general\"  class=\"choice-8 depth-1\"  >Cirug\u00eda general<\/option><\/select><\/div><div id=\"wpforms-42156-field_8-container\" class=\"wpforms-field wpforms-field-hidden\" data-field-id=\"8\"><input type=\"hidden\" id=\"wpforms-42156-field_8\" name=\"wpforms[fields][8]\"><\/div><div id=\"wpforms-42156-field_9-container\" class=\"wpforms-field wpforms-field-hidden\" data-field-id=\"9\"><input type=\"hidden\" id=\"wpforms-42156-field_9\" name=\"wpforms[fields][9]\" value=\"https:\/\/clinicmono.com\/es\/wp-json\/wp\/v2\/pages\/42884 \"><\/div><div id=\"wpforms-42156-field_11-container\" class=\"wpforms-field wpforms-field-hidden\" data-field-id=\"11\"><input type=\"hidden\" id=\"wpforms-42156-field_11\" name=\"wpforms[fields][11]\"><\/div><div id=\"wpforms-42156-field_10-container\" class=\"wpforms-field wpforms-field-hidden\" data-field-id=\"10\"><input type=\"hidden\" id=\"wpforms-42156-field_10\" name=\"wpforms[fields][10]\" value=\" 216.73.216.191 {entry_geolocation}\"><\/div><\/div><!-- .wpforms-field-container --><div class=\"wpforms-recaptcha-container wpforms-is-recaptcha wpforms-is-recaptcha-type-v3\" ><input type=\"hidden\" name=\"wpforms[recaptcha]\" value=\"\"><\/div><div class=\"wpforms-submit-container\" ><input type=\"hidden\" name=\"wpforms[id]\" value=\"42156\"><input type=\"hidden\" name=\"page_title\" value=\"\"><input type=\"hidden\" name=\"page_url\" value=\"https:\/\/clinicmono.com\/es\/wp-json\/wp\/v2\/pages\/42884\"><input type=\"hidden\" name=\"url_referer\" value=\"\"><button type=\"submit\" name=\"wpforms[submit]\" id=\"wpforms-submit-42156\" class=\"wpforms-submit\" data-alt-text=\"Enviando...\" data-submit-text=\"Obtenga una consulta gratuita\" aria-live=\"assertive\" value=\"wpforms-submit\">Obtenga una consulta gratuita<\/button><img loading=\"lazy\" decoding=\"async\" src=\"https:\/\/clinicmono.com\/wp-content\/plugins\/wpforms\/assets\/images\/submit-spin.svg\" class=\"wpforms-submit-spinner\" style=\"display: none;\" width=\"26\" height=\"26\" alt=\"Cargando\"><\/div><\/form><\/div>  <!-- .wpforms-container --><\/div><\/div><\/div><\/div><\/div><\/div><\/div><\/div><\/div><\/section>\n","protected":false},"excerpt":{"rendered":"Por favor, activa JavaScript en tu navegador para completar este formulario.Por favor, activa JavaScript en tu navegador para completar este formulario.Nombre y apellidos *Tel\u00e9fono *Remisi\u00f3n *Cirug\u00edaCirug\u00eda pl\u00e1stica y est\u00e9ticaCirug\u00eda de la obesidadOdontolog\u00edaTrasplante capilarOrtopediaNeurocirug\u00edaObstetricia y ginecolog\u00edaCirug\u00eda generalObtenga una consulta gratuita Por favor, activa JavaScript en tu navegador para completar este formulario.Por favor, activa JavaScript en tu...","protected":false},"author":1,"featured_media":0,"parent":0,"menu_order":0,"comment_status":"closed","ping_status":"closed","template":"","meta":{"rank_math_lock_modified_date":false,"_mi_skip_tracking":false,"_monsterinsights_sitenote_active":false,"_monsterinsights_sitenote_note":"","_monsterinsights_sitenote_category":0,"_uf_show_specific_survey":0,"_uf_disable_surveys":false,"footnotes":""},"procedure":[],"class_list":["post-42884","page","type-page","status-publish","hentry"],"_links":{"self":[{"href":"https:\/\/clinicmono.com\/es\/wp-json\/wp\/v2\/pages\/42884"}],"collection":[{"href":"https:\/\/clinicmono.com\/es\/wp-json\/wp\/v2\/pages"}],"about":[{"href":"https:\/\/clinicmono.com\/es\/wp-json\/wp\/v2\/types\/page"}],"author":[{"embeddable":true,"href":"https:\/\/clinicmono.com\/es\/wp-json\/wp\/v2\/users\/1"}],"replies":[{"embeddable":true,"href":"https:\/\/clinicmono.com\/es\/wp-json\/wp\/v2\/comments?post=42884"}],"version-history":[{"count":22,"href":"https:\/\/clinicmono.com\/es\/wp-json\/wp\/v2\/pages\/42884\/revisions"}],"predecessor-version":[{"id":137489,"href":"https:\/\/clinicmono.com\/es\/wp-json\/wp\/v2\/pages\/42884\/revisions\/137489"}],"wp:attachment":[{"href":"https:\/\/clinicmono.com\/es\/wp-json\/wp\/v2\/media?parent=42884"}],"wp:term":[{"taxonomy":"procedure","embeddable":true,"href":"https:\/\/clinicmono.com\/es\/wp-json\/wp\/v2\/procedure?post=42884"}],"curies":[{"name":"wp","href":"https:\/\/api.w.org\/{rel}","templated":true}]}}