{"id":41102,"date":"2024-01-21T14:35:05","date_gmt":"2024-01-21T14:35:05","guid":{"rendered":"https:\/\/clinicmono.com\/cirugia-general\/cirugia-del-vello-encarnado\/"},"modified":"2024-09-02T08:49:01","modified_gmt":"2024-09-02T08:49:01","slug":"ingrown-hair-surgery","status":"publish","type":"page","link":"https:\/\/clinicmono.com\/es\/general-surgery\/ingrown-hair-surgery\/","title":{"rendered":"Cirug\u00eda del vello encarnado"},"content":{"rendered":"<section class=\"l-section wpb_row height_custom with_img\"><div class=\"l-section-img\" role=\"img\" aria-label=\"Imagen\" data-img-width=\"1280\" data-img-height=\"720\" style=\"background-image: url(https:\/\/clinicmono.com\/wp-content\/uploads\/2024\/03\/ingrown-hair-surgery.jpg);background-position: top center;background-repeat: no-repeat;\"><\/div><div class=\"l-section-overlay\" style=\"background:rgba(0,0,0,0.47)\"><\/div><div class=\"l-section-h i-cf\"><div class=\"g-cols vc_row via_flex valign_top type_default stacking_default\"><div class=\"vc_col-sm-12 wpb_column vc_column_container\"><div class=\"vc_column-inner\"><div class=\"wpb_wrapper\"><div class=\"wpb_text_column us_custom_8b3d6790 has_text_color\"><div class=\"wpb_wrapper\"><h1 style=\"text-align: center;\"><b>Cirug\u00eda del vello encarnado<\/b><\/h1>\n<\/div><\/div><div class=\"w-separator size_small\"><\/div><nav class=\"g-breadcrumbs us_custom_8b3d6790 has_text_color separator_icon align_center hide_current\" itemscope itemtype=\"http:\/\/schema.org\/BreadcrumbList\"><div class=\"g-breadcrumbs-item\">P\u00e1ginas<\/div><\/nav><div class=\"w-separator size_small\"><\/div><\/div><\/div><\/div><\/div><\/div><\/section><section class=\"l-section wpb_row height_small\"><div class=\"l-section-h i-cf\"><div class=\"g-cols vc_row via_flex valign_top type_default stacking_default\"><div class=\"vc_col-sm-8 wpb_column vc_column_container\"><div class=\"vc_column-inner\"><div class=\"wpb_wrapper\"><div class=\"g-cols wpb_row us_custom_561b7e5e via_flex valign_top type_default stacking_default\"><div class=\"vc_col-sm-12 wpb_column vc_column_container\"><div class=\"vc_column-inner\"><div class=\"wpb_wrapper\"><h3 class=\"w-text\"><span class=\"w-text-h\"><span class=\"w-text-value\">Resumen del procedimiento<\/span><\/span><\/h3><div class=\"w-separator size_small\"><\/div><div class=\"w-iconbox iconpos_left style_default color_primary align_left no_text\"><div class=\"w-iconbox-icon\" style=\"font-size:1.4rem;\"><i class=\"fas fa-procedures\"><\/i><\/div><div class=\"w-iconbox-meta\"><h4 class=\"w-iconbox-title\">Procedimiento<\/h4><\/div><\/div><div class=\"w-separator size_small\"><\/div><div class=\"w-iconbox iconpos_left style_default color_primary align_left no_text\"><div class=\"w-iconbox-icon\" style=\"font-size:1rem;\"><i class=\"fas fa-clock\"><\/i><\/div><div class=\"w-iconbox-meta\"><h4 class=\"w-iconbox-title\">Duraci\u00f3n de la cirug\u00eda<\/h4><\/div><\/div><div class=\"w-separator size_small\"><\/div><div class=\"w-iconbox iconpos_left style_default color_primary align_left no_text\"><div class=\"w-iconbox-icon\" style=\"font-size:1rem;\"><i class=\"fas fa-hospital\"><\/i><\/div><div class=\"w-iconbox-meta\"><h4 class=\"w-iconbox-title\">Estancia en el hospital<\/h4><\/div><\/div><div class=\"w-separator size_small\"><\/div><div class=\"w-iconbox iconpos_left style_default color_primary align_left no_text\"><div class=\"w-iconbox-icon\" style=\"font-size:1rem;\"><i class=\"fas fa-syringe\"><\/i><\/div><div class=\"w-iconbox-meta\"><h4 class=\"w-iconbox-title\">Anestesia<\/h4><\/div><\/div><\/div><\/div><\/div><\/div><\/div><\/div><\/div><div class=\"vc_col-sm-4 wpb_column vc_column_container\"><div class=\"vc_column-inner\"><div class=\"wpb_wrapper\"><div class=\"g-cols wpb_row us_custom_c5a47681 via_flex valign_top type_default stacking_default\"><div class=\"vc_col-sm-12 wpb_column vc_column_container\"><div class=\"vc_column-inner\"><div class=\"wpb_wrapper\"><h3 class=\"w-text\"><span class=\"w-text-h\"><span class=\"w-text-value\">Obtenga una consulta gratuita<\/span><\/span><\/h3><div class=\"w-separator size_small\"><\/div><div class=\"wpforms-container wpforms-render-modern\" id=\"wpforms-22672\"><form id=\"wpforms-form-22672\" class=\"wpforms-validate wpforms-form wpforms-ajax-form\" data-formid=\"22672\" method=\"post\" enctype=\"multipart\/form-data\" action=\"\/es\/wp-json\/wp\/v2\/pages\/41102\" data-token=\"4e049d8924e9eb010106565cbf8aaecc\" data-token-time=\"1776974536\"><noscript class=\"wpforms-error-noscript\">Por favor, activa JavaScript en tu navegador para completar este formulario.<\/noscript><div id=\"wpforms-error-noscript\" style=\"display: none;\">Por favor, activa JavaScript en tu navegador para completar este formulario.<\/div><div class=\"wpforms-field-container\"><div id=\"wpforms-22672-field_0-container\" class=\"wpforms-field wpforms-field-name\" data-field-id=\"0\"><label class=\"wpforms-field-label wpforms-label-hide\" for=\"wpforms-22672-field_0\" aria-hidden=\"false\">Nombre <span class=\"wpforms-required-label\" aria-hidden=\"true\">*<\/span><\/label><input type=\"text\" id=\"wpforms-22672-field_0\" class=\"wpforms-field-large wpforms-field-required\" name=\"wpforms[fields][0]\" placeholder=\"Nombre y apellidos\" aria-errormessage=\"wpforms-22672-field_0-error\" required><\/div><div id=\"wpforms-22672-field_5-container\" class=\"wpforms-field wpforms-field-phone\" data-field-id=\"5\"><label class=\"wpforms-field-label wpforms-label-hide\" for=\"wpforms-22672-field_5\" aria-hidden=\"false\">Tel\u00e9fono <span class=\"wpforms-required-label\" aria-hidden=\"true\">*<\/span><\/label><input type=\"tel\" id=\"wpforms-22672-field_5\" class=\"wpforms-field-large wpforms-field-required wpforms-smart-phone-field\" data-rule-smart-phone-field=\"true\" name=\"wpforms[fields][5]\" aria-label=\"Tel\u00e9fono\" aria-errormessage=\"wpforms-22672-field_5-error\" required><\/div><div id=\"wpforms-22672-field_12-container\" class=\"wpforms-field wpforms-field-hidden\" data-field-id=\"12\"><input type=\"hidden\" id=\"wpforms-22672-field_12\" name=\"wpforms[fields][12]\"><\/div><div id=\"wpforms-22672-field_10-container\" class=\"wpforms-field wpforms-field-hidden\" data-field-id=\"10\"><input type=\"hidden\" id=\"wpforms-22672-field_10\" name=\"wpforms[fields][10]\" value=\"https:\/\/clinicmono.com\/es\/wp-json\/wp\/v2\/pages\/41102 \"><\/div>\t\t<div id=\"wpforms-22672-field_1-container\"\n\t\t\tclass=\"wpforms-field wpforms-field-text\"\n\t\t\tdata-field-type=\"text\"\n\t\t\tdata-field-id=\"1\"\n\t\t\t>\n\t\t\t<label class=\"wpforms-field-label\" for=\"wpforms-22672-field_1\" >T\u00edtulo URL Nombre<\/label>\n\t\t\t<input type=\"text\" id=\"wpforms-22672-field_1\" class=\"wpforms-field-medium\" name=\"wpforms[fields][1]\" >\n\t\t<\/div>\n\t\t<div id=\"wpforms-22672-field_15-container\" class=\"wpforms-field wpforms-field-hidden\" data-field-id=\"15\"><input type=\"hidden\" id=\"wpforms-22672-field_15\" name=\"wpforms[fields][15]\" value=\" 216.73.217.63 Columbus, Ohio, US\r\n39.9587, -82.9987 \"><\/div><script>\n\t\t\t\t( function() {\n\t\t\t\t\tconst style = document.createElement( 'style' );\n\t\t\t\t\tstyle.appendChild( document.createTextNode( '#wpforms-22672-field_1-container { position: absolute !important; overflow: hidden !important; display: inline !important; height: 1px !important; width: 1px !important; z-index: -1000 !important; padding: 0 !important; } #wpforms-22672-field_1-container input { visibility: hidden; } #wpforms-conversational-form-page #wpforms-22672-field_1-container label { counter-increment: none; }' ) );\n\t\t\t\t\tdocument.head.appendChild( style );\n\t\t\t\t\tdocument.currentScript?.remove();\n\t\t\t\t} )();\n\t\t\t<\/script><\/div><!-- .wpforms-field-container --><div class=\"wpforms-recaptcha-container wpforms-is-recaptcha wpforms-is-recaptcha-type-v3\" ><input type=\"hidden\" name=\"wpforms[recaptcha]\" value=\"\"><\/div><div class=\"wpforms-submit-container\" ><input type=\"hidden\" name=\"wpforms[id]\" value=\"22672\"><input type=\"hidden\" name=\"page_title\" value=\"\"><input type=\"hidden\" name=\"page_url\" value=\"https:\/\/clinicmono.com\/es\/wp-json\/wp\/v2\/pages\/41102\"><input type=\"hidden\" name=\"url_referer\" value=\"\"><button type=\"submit\" name=\"wpforms[submit]\" id=\"wpforms-submit-22672\" class=\"wpforms-submit\" data-alt-text=\"Enviando...\" data-submit-text=\"Obtenga una consulta gratuita\" aria-live=\"assertive\" value=\"wpforms-submit\">Obtenga una consulta gratuita<\/button><img decoding=\"async\" src=\"https:\/\/clinicmono.com\/wp-content\/plugins\/wpforms\/assets\/images\/submit-spin.svg\" class=\"wpforms-submit-spinner\" style=\"display: none;\" width=\"26\" height=\"26\" alt=\"Cargando\"><\/div><\/form><\/div>  <!-- .wpforms-container --><\/div><\/div><\/div><\/div><\/div><\/div><\/div><\/div><\/div><\/section><section class=\"l-section wpb_row us_custom_f92a3d92 height_custom\"><div class=\"l-section-h i-cf\"><div class=\"g-cols vc_row via_flex valign_top type_default stacking_default\"><div class=\"vc_col-sm-12 wpb_column vc_column_container\"><div class=\"vc_column-inner\"><div class=\"wpb_wrapper\"><div class=\"g-cols wpb_row us_custom_1b04de86 via_flex valign_top type_default stacking_default\"><div class=\"vc_col-sm-8 wpb_column vc_column_container\"><div class=\"vc_column-inner\"><div class=\"wpb_wrapper\"><div class=\"w-hwrapper valign_top wrap align_left\"><div class=\"wpb_text_column\"><div class=\"wpb_wrapper\"><h4><a href=\"#procedures\">Procedimiento<\/a><\/h4>\n<\/div><\/div><div class=\"wpb_text_column\"><div class=\"wpb_wrapper\"><h4>|<\/h4>\n<\/div><\/div><div class=\"wpb_text_column\"><div class=\"wpb_wrapper\"><h4><a href=\"#cost\">Coste<\/a><\/h4>\n<\/div><\/div><div class=\"wpb_text_column\"><div class=\"wpb_wrapper\"><h4>|<\/h4>\n<\/div><\/div><div class=\"wpb_text_column\"><div class=\"wpb_wrapper\"><h4><a href=\"#clinic\">Cl\u00ednica<\/a><\/h4>\n<\/div><\/div><div class=\"wpb_text_column\"><div class=\"wpb_wrapper\"><h4>|<\/h4>\n<\/div><\/div><div class=\"wpb_text_column\"><div class=\"wpb_wrapper\"><h4><a href=\"#recovery\">Recuperaci\u00f3n<\/a><\/h4>\n<\/div><\/div><div class=\"wpb_text_column\"><div class=\"wpb_wrapper\"><h4>|<\/h4>\n<\/div><\/div><div class=\"wpb_text_column\"><div class=\"wpb_wrapper\"><h4><a href=\"#reviews\">Rese\u00f1as<\/a><\/h4>\n<\/div><\/div><div class=\"wpb_text_column\"><div class=\"wpb_wrapper\"><h4>|<\/h4>\n<\/div><\/div><div class=\"wpb_text_column\"><div class=\"wpb_wrapper\"><h4><a href=\"#surgeons\">Cirujanos<\/a><\/h4>\n<\/div><\/div><div class=\"wpb_text_column\"><div class=\"wpb_wrapper\"><h4>|<\/h4>\n<\/div><\/div><div class=\"wpb_text_column\"><div class=\"wpb_wrapper\"><h4><a href=\"#faqs\">Preguntas frecuentes<\/a><\/h4>\n<\/div><\/div><\/div><\/div><\/div><\/div><div class=\"vc_col-sm-4 wpb_column vc_column_container\"><div class=\"vc_column-inner\"><div class=\"wpb_wrapper\"><div class=\"wpb_text_column\"><div class=\"wpb_wrapper\"><h5 style=\"text-align: center;\"><strong>Revisado y aprobado por<\/strong><\/h5>\n<\/div><\/div><div class=\"w-separator hide_on_default hide_on_laptops size_medium\"><\/div><\/div><\/div><\/div><\/div><div class=\"w-separator size_small\"><\/div><div class=\"g-cols wpb_row via_flex valign_top type_default stacking_default\" id=\"procedures\"><div class=\"vc_col-sm-12 wpb_column vc_column_container\"><div class=\"vc_column-inner\"><div class=\"wpb_wrapper\"><div class=\"wpb_text_column\"><div class=\"wpb_wrapper\"><h1><b>Cirug\u00eda del vello encarnado<\/b><\/h1>\n<p>  El problema del vello encarnado, frecuente en mujeres y hombres, puede tener consecuencias dolorosas.<br \/>\nLos pelos encarnados se desarrollan cuando un pelo cortado vuelve a crecer bajo la piel, lo que provoca una inflamaci\u00f3n.  Esto puede observarse en cualquier zona del cuerpo en la que se elimine el vello mediante afeitado, depilaci\u00f3n con cera, pinzas o m\u00e9todos similares. El vello encarnado puede causar protuberancias que pican en la piel, normalmente m\u00e1s oscuras que la piel circundante. Tambi\u00e9n pueden aparecer como rojeces que pican. El vello encarnado puede surgir en diversas zonas del cuerpo.<br \/>\nLas afecciones m\u00e1s frecuentes en las mujeres son las siguientes: vello encarnado en las piernas, vello encarnado en el pubis, vello encarnado en la vagina o la l\u00ednea del bikini, y vello encarnado bajo la axila.<br \/>\nEn los hombres, suele observarse en zonas que se afeitan con frecuencia, como el vello encarnado de la barba en la cara o el cuello, y el vello encarnado en el pecho, la espalda o debajo de la axila.<br \/>\nSi un pelo encarnado infectado no se trata m\u00e9dicamente, el pelo puede seguir creciendo bajo la piel, y la formaci\u00f3n puede progresar hacia capas m\u00e1s profundas de la piel.<br \/>\nEsto puede concluir con un quiste de vello encarnado si no se trata adecuadamente.     Exfoliar la piel con regularidad y utilizar cremas calmantes y nutritivas despu\u00e9s de cada afeitado puede ayudar a reducir la formaci\u00f3n de vellos encarnados. Si te enfrentas a un pelo encarnado convertido en un bulto duro bajo la piel, es posible que necesites tratamiento m\u00e9dico. Aunque los vellos encarnados no suelen ser peligrosos, pueden causar un dolor intenso. Adem\u00e1s, pueden provocar una infecci\u00f3n, que puede empeorar o extenderse al torrente sangu\u00edneo si no se trata.<br \/>\nEl tratamiento de la protuberancia de vello encarnado es un sencillo m\u00e9todo quir\u00fargico general que se utiliza con frecuencia para la extracci\u00f3n del vello encarnado.  La cirug\u00eda se elige entre una amplia gama de opciones, desde la simple extirpaci\u00f3n del tejido enfermo y dejar que la herida cicatrice por s\u00ed sola, hasta diferentes t\u00e9cnicas de parcheado de la piel. La operaci\u00f3n puede realizarse con anestesia local, anestesia raqu\u00eddea o anestesia general.<\/p>\n<\/div><\/div><\/div><\/div><\/div><\/div><div class=\"w-separator size_small\"><\/div><div class=\"g-cols wpb_row via_flex valign_top type_default stacking_default\" id=\"clinic\"><div class=\"vc_col-sm-12 wpb_column vc_column_container\"><div class=\"vc_column-inner\"><div class=\"wpb_wrapper\"><div class=\"wpb_text_column\"><div class=\"wpb_wrapper\"><h2><b>Cirug\u00eda del vello encarnado a trav\u00e9s de Clinic Mono <\/b><\/h2>\n<p> Clinic Mono es una agencia de turismo que cuenta con un certificado de autorizaci\u00f3n de turismo sanitario y presta servicios de intermediaci\u00f3n y proporciona soluciones a todas las necesidades y demandas del paciente, como alojamiento, operaci\u00f3n, traslado, con muchos a\u00f1os de experiencia, en instituciones sanitarias contratadas. Adem\u00e1s, Clinic Mono act\u00faa como intermediario para ponerte en contacto con los cirujanos contratados.<br \/>\nClinic Mono ofrece los mejores y m\u00e1s avanzados procedimientos de tratamiento del vello encarnado, que se aplican para garantizar la r\u00e1pida recuperaci\u00f3n de los pacientes.<br \/>\nAunque el tratamiento de la enfermedad nunca es urgente, la decisi\u00f3n de eliminar el vello encarnado debe tomarse lo antes posible debido a su car\u00e1cter progresivo.   El tratamiento casi siempre es quir\u00fargico, y la selecci\u00f3n de los distintos m\u00e9todos existentes depende del paciente, del estado de la enfermedad y de sus circunstancias vitales.<br \/>\nEl paciente necesita destinar un d\u00eda a la operaci\u00f3n del vello encarnado y debe considerar un periodo de recuperaci\u00f3n de 1-2 semanas, seg\u00fan el tama\u00f1o y la zona del vello encarnado.<\/p>\n<\/div><\/div><\/div><\/div><\/div><\/div><div class=\"w-separator size_small\"><\/div><div class=\"g-cols wpb_row via_flex valign_top type_default stacking_default\" id=\"surgeons\"><div class=\"vc_col-sm-12 wpb_column vc_column_container\"><div class=\"vc_column-inner\"><div class=\"wpb_wrapper\"><div class=\"wpb_text_column\"><div class=\"wpb_wrapper\"><h2><b>Los mejores cirujanos de vello encarnado en Turqu\u00eda<\/b><\/h2>\n<p><span style=\"font-weight: 400;\">El tratamiento del vello encarnado implica una intervenci\u00f3n quir\u00fargica.<br \/>\nEn la cirug\u00eda del vello encarnado, no se puede exagerar la importancia de los cirujanos expertos.<br \/>\nLos pacientes deben consultar a un cirujano general antes de aplicar cualquier tratamiento.<br \/>\nEl paso crucial para los pacientes con s\u00edntomas de vello encarnado es determinar si es necesaria una intervenci\u00f3n quir\u00fargica inmediata.<br \/>\nLos cirujanos expertos deben tomar la decisi\u00f3n correcta para tu caso e identificar con precisi\u00f3n el estadio de la afecci\u00f3n.<br \/>\nClinic Mono te ofrece el tratamiento m\u00e1s preciso para el vello encarnado gracias a instituciones sanitarias colaboradoras que utilizan las mejores t\u00e9cnicas para la seguridad y el \u00e9xito del procedimiento.<br \/>\nLos pacientes pueden confiar en el equipo m\u00e9dico contratado por Clinic Mono; cada uno de ellos es experto en el tratamiento del vello encarnado y puede eliminar con seguridad la dolorosa afecci\u00f3n del paciente.      <\/span><\/p>\n<\/div><\/div><\/div><\/div><\/div><\/div><div class=\"w-separator size_small\"><\/div><div class=\"g-cols wpb_row via_flex valign_top type_default stacking_default\" id=\"cost\"><div class=\"vc_col-sm-12 wpb_column vc_column_container\"><div class=\"vc_column-inner\"><div class=\"wpb_wrapper\"><div class=\"wpb_text_column\"><div class=\"wpb_wrapper\"><h2><b>Precios de la Operaci\u00f3n de Vello Encarnado en Turqu\u00eda<\/b><\/h2>\n<p>  El fol\u00edculo piloso encarnado es una afecci\u00f3n frecuente en muchas mujeres y hombres, que puede darse en distintas zonas del cuerpo.<br \/>\nEl coste de la operaci\u00f3n de depilaci\u00f3n de vello encarnado puede variar seg\u00fan la afecci\u00f3n y la zona de la infecci\u00f3n de vello encarnado.<br \/>\nAl ser la primera direcci\u00f3n para la operaci\u00f3n de vello encarnado, Turqu\u00eda ofrece precios muy ventajosos para este extenso procedimiento m\u00e9dico.<br \/>\nPuedes concertar una cita a trav\u00e9s de Clinic Mono para los ex\u00e1menes necesarios para determinar tu estado y tratar tu enfermedad a los precios m\u00e1s adecuados.<br \/>\nClinic Mono ofrece soluciones quir\u00fargicas fiables con los mejores precios para la operaci\u00f3n de vello encarnado en Turqu\u00eda.<\/p>\n<\/div><\/div><\/div><\/div><\/div><\/div><div class=\"w-separator size_small\"><\/div><div class=\"g-cols wpb_row via_flex valign_top type_default stacking_default\"><div class=\"vc_col-sm-12 wpb_column vc_column_container\"><div class=\"vc_column-inner\"><div class=\"wpb_wrapper\"><div class=\"w-html\"><table class=\"customTable\">\n  <thead>\n    <tr>\n      <th>Tipo de intervenci\u00f3n<\/th><th>Coste de la cirug\u00eda de vello encarnado Mono<\/th><th>Coste de la cirug\u00eda de vello encarnado UK<\/th><th>Coste de la cirug\u00eda de vello encarnado EU<\/th><th>Coste de la cirug\u00eda del vello encarnado en EE.UU.<\/th>\n    <\/tr>\n  <\/thead>\n  <tbody>\n    <tr>\n      <td>Coste de la cirug\u00eda de vello encarnado<\/td><td>\u00a32000 - \u00a33000<\/td>\n      <td><\/td>\n      <td><\/td>\n      <td><\/td>\n    <\/tr>\n  <\/tbody>\n<\/table><\/div><\/div><\/div><\/div><\/div><div class=\"w-separator size_small\"><\/div><div class=\"g-cols wpb_row via_flex valign_top type_default stacking_default\" id=\"reviews\"><div class=\"vc_col-sm-12 wpb_column vc_column_container\"><div class=\"vc_column-inner\"><div class=\"wpb_wrapper\"><div class=\"wpb_text_column\"><div class=\"wpb_wrapper\"><h2><b>Opiniones sobre la cirug\u00eda del vello encarnado en Turqu\u00eda<\/b><\/h2>\n<p> Al plantearse un procedimiento de este tipo en un pa\u00eds extranjero como Turqu\u00eda, es muy importante elegir una instituci\u00f3n de confianza con un certificado de autorizaci\u00f3n de turismo sanitario y elegir a los m\u00e9dicos. <span style=\"font-weight: 400;\">Clinic Mono, como mediador popular en todo el mundo, conoce la importancia de la transparencia, y su compromiso de proporcionar informaci\u00f3n fiable se refleja en los comentarios de los pacientes que se operaron de vello encarnado a trav\u00e9s de Mono.<br \/>\nLos pacientes comparten diversos aspectos de su experiencia antes y despu\u00e9s de ponerse en contacto con Clinic Mono para el tratamiento.  Estas revisiones pueden proporcionar informaci\u00f3n sobre los s\u00edntomas, los m\u00e9todos preventivos, los procesos de tratamiento y las afecciones tras la cirug\u00eda del vello encarnado. Son imparciales y constituyen una referencia esencial para los pacientes que buscan m\u00e1s informaci\u00f3n sobre los procesos quir\u00fargicos de depilaci\u00f3n por vello encarnado.<\/span><\/p>\n<\/div><\/div><\/div><\/div><\/div><\/div><div class=\"w-separator size_small\"><\/div><div class=\"g-cols wpb_row via_flex valign_top type_default stacking_default\" id=\"faqs\"><div class=\"vc_col-sm-12 wpb_column vc_column_container\"><div class=\"vc_column-inner\"><div class=\"wpb_wrapper\"><div class=\"wpb_text_column\"><div class=\"wpb_wrapper\"><h2><b>Preguntas frecuentes sobre la cirug\u00eda del vello encarnado<\/b><\/h2>\n<\/div><\/div><\/div><\/div><\/div><\/div><div class=\"w-separator size_small\"><\/div><div class=\"w-tabs style_default switch_click accordion has_scrolling\" style=\"--sections-title-size:inherit\"><div class=\"w-tabs-sections titles-align_none icon_chevron cpos_right\"><div class=\"w-tabs-section\" id=\"ef79\"><button class=\"w-tabs-section-header\" aria-controls=\"content-ef79\" aria-expanded=\"false\"><div class=\"w-tabs-section-title\">\u00bfC\u00f3mo evitar los vellos encarnados?<\/div><div class=\"w-tabs-section-control\"><\/div><\/button><div  class=\"w-tabs-section-content\" id=\"content-ef79\"><div class=\"w-tabs-section-content-h i-cf\"><div class=\"wpb_text_column\"><div class=\"wpb_wrapper\"><p><span style=\"font-weight: 400;\">Para evitar los vellos encarnados, puedes hacer cosas mientras te afeitas o depilarte con otro m\u00e9todo, como utilizar agua tibia y una crema o gel de afeitar.<br \/>\nAfeitarse en la direcci\u00f3n en que crecen los pelos tambi\u00e9n puede ayudar a evitar los pelos encarnados.<br \/>\nPuedes probar un m\u00e9todo m\u00e1s seguro para eliminar el vello, como los tratamientos con l\u00e1ser.  <\/span><\/p>\n<\/div><\/div><\/div><\/div><\/div><div class=\"w-tabs-section\" id=\"f245\"><button class=\"w-tabs-section-header\" aria-controls=\"content-f245\" aria-expanded=\"false\"><div class=\"w-tabs-section-title\">\u00bfC\u00f3mo eliminar los vellos encarnados?<\/div><div class=\"w-tabs-section-control\"><\/div><\/button><div  class=\"w-tabs-section-content\" id=\"content-f245\"><div class=\"w-tabs-section-content-h i-cf\"><div class=\"wpb_text_column\"><div class=\"wpb_wrapper\"><p><span style=\"font-weight: 400;\">Puedes exfoliar regularmente la zona de la piel para ayudar a extraer el vello encarnado.<br \/>\nSi el pelo encarnado est\u00e1 cerca de la superficie de la piel, puedes utilizar una aguja est\u00e9ril para extraerlo.<br \/>\nUna vez que el pelo encarnado forma un fol\u00edculo grande, puede causar una infecci\u00f3n, lo que indica la necesidad de tratamiento.<br \/>\nLa mejor soluci\u00f3n es acudir a tu m\u00e9dico para que te haga un diagn\u00f3stico y someterte a una operaci\u00f3n de vello encarnado si es necesario.     <\/span><\/p>\n<\/div><\/div><\/div><\/div><\/div><div class=\"w-tabs-section\" id=\"d47f\"><button class=\"w-tabs-section-header\" aria-controls=\"content-d47f\" aria-expanded=\"false\"><div class=\"w-tabs-section-title\">\u00bfC\u00f3mo tratar un quiste de vello encarnado?<\/div><div class=\"w-tabs-section-control\"><\/div><\/button><div  class=\"w-tabs-section-content\" id=\"content-d47f\"><div class=\"w-tabs-section-content-h i-cf\"><div class=\"wpb_text_column\"><div class=\"wpb_wrapper\"><p><span style=\"font-weight: 400;\">Algunos quistes de vello encarnado se desarrollan profundamente bajo la piel y pueden ser grandes.<br \/>\nNormalmente, no duelen al principio, a menos que se produzca una infecci\u00f3n.<br \/>\nUn quiste infectado puede ser doloroso y causar molestias dependiendo de su zona en el cuerpo.<br \/>\nSi tienes un quiste de vello encarnado doloroso y molesto, es conveniente que consultes a un m\u00e9dico y tomes las medidas necesarias antes de que progrese.<br \/>\nPuedes confiar en el experimentado equipo quir\u00fargico de la Cl\u00ednica Mono para la cirug\u00eda del vello encarnado.    <\/span><\/p>\n<\/div><\/div><\/div><\/div><\/div><div class=\"w-tabs-section\" id=\"g67b\"><button class=\"w-tabs-section-header\" aria-controls=\"content-g67b\" aria-expanded=\"false\"><div class=\"w-tabs-section-title\">Cu\u00e1nto cuesta una operaci\u00f3n de vello encarnado en Turqu\u00eda<\/div><div class=\"w-tabs-section-control\"><\/div><\/button><div  class=\"w-tabs-section-content\" id=\"content-g67b\"><div class=\"w-tabs-section-content-h i-cf\"><div class=\"wpb_text_column\"><div class=\"wpb_wrapper\"><p>Al ser la primera direcci\u00f3n para la cirug\u00eda del vello encarnado, Clinic Mono ofrece precios muy ventajosos para este extenso procedimiento m\u00e9dico en Turqu\u00eda.<\/p>\n<\/div><\/div><\/div><\/div><\/div><\/div><\/div><\/div><\/div><\/div><\/div><\/div><\/section>\n","protected":false},"excerpt":{"rendered":"Cirug\u00eda del vello encarnado P\u00e1ginasResumen del procedimientoProcedimientoDuraci\u00f3n de la cirug\u00edaEstancia en el hospitalAnestesiaObtenga una consulta gratuitaPor favor, activa JavaScript en tu navegador para completar este formulario.Por favor, activa JavaScript en tu navegador para completar este formulario.Nombre *Tel\u00e9fono * URL p\u00e1gina p\u00e1gina Obtenga una consulta gratuita Procedimiento | Coste | Cl\u00ednica | Recuperaci\u00f3n | Rese\u00f1as |...","protected":false},"author":1,"featured_media":122629,"parent":37110,"menu_order":0,"comment_status":"closed","ping_status":"closed","template":"","meta":{"_mi_skip_tracking":false,"_monsterinsights_sitenote_active":false,"_monsterinsights_sitenote_note":"","_monsterinsights_sitenote_category":0,"_uf_show_specific_survey":0,"_uf_disable_surveys":false,"footnotes":""},"procedure":[321],"class_list":["post-41102","page","type-page","status-publish","has-post-thumbnail","hentry","procedure-general-surgery"],"_links":{"self":[{"href":"https:\/\/clinicmono.com\/es\/wp-json\/wp\/v2\/pages\/41102","targetHints":{"allow":["GET"]}}],"collection":[{"href":"https:\/\/clinicmono.com\/es\/wp-json\/wp\/v2\/pages"}],"about":[{"href":"https:\/\/clinicmono.com\/es\/wp-json\/wp\/v2\/types\/page"}],"author":[{"embeddable":true,"href":"https:\/\/clinicmono.com\/es\/wp-json\/wp\/v2\/users\/1"}],"replies":[{"embeddable":true,"href":"https:\/\/clinicmono.com\/es\/wp-json\/wp\/v2\/comments?post=41102"}],"version-history":[{"count":0,"href":"https:\/\/clinicmono.com\/es\/wp-json\/wp\/v2\/pages\/41102\/revisions"}],"up":[{"embeddable":true,"href":"https:\/\/clinicmono.com\/es\/wp-json\/wp\/v2\/pages\/37110"}],"wp:featuredmedia":[{"embeddable":true,"href":"https:\/\/clinicmono.com\/es\/wp-json\/wp\/v2\/media\/122629"}],"wp:attachment":[{"href":"https:\/\/clinicmono.com\/es\/wp-json\/wp\/v2\/media?parent=41102"}],"wp:term":[{"taxonomy":"procedure","embeddable":true,"href":"https:\/\/clinicmono.com\/es\/wp-json\/wp\/v2\/procedure?post=41102"}],"curies":[{"name":"wp","href":"https:\/\/api.w.org\/{rel}","templated":true}]}}