{"id":40946,"date":"2024-01-21T14:15:03","date_gmt":"2024-01-21T14:15:03","guid":{"rendered":"https:\/\/clinicmono.com\/hernias-inguinales-y-umbilicales\/"},"modified":"2024-07-26T06:23:24","modified_gmt":"2024-07-26T06:23:24","slug":"inguinal-and-umbilical-hernias","status":"publish","type":"page","link":"https:\/\/clinicmono.com\/es\/general-surgery\/inguinal-and-umbilical-hernias\/","title":{"rendered":"Hernias inguinales y umbilicales"},"content":{"rendered":"<section class=\"l-section wpb_row height_custom with_img\"><div class=\"l-section-img\" role=\"img\" aria-label=\"Imagen\" data-img-width=\"1280\" data-img-height=\"720\" style=\"background-image: url(https:\/\/clinicmono.com\/wp-content\/uploads\/2024\/03\/inguinal-and-umbilical-hernias.jpg);background-position: top right;background-repeat: no-repeat;\"><\/div><div class=\"l-section-overlay\" style=\"background:rgba(0,0,0,0.47)\"><\/div><div class=\"l-section-h i-cf\"><div class=\"g-cols vc_row via_flex valign_top type_default stacking_default\"><div class=\"vc_col-sm-12 wpb_column vc_column_container\"><div class=\"vc_column-inner\"><div class=\"wpb_wrapper\"><div class=\"wpb_text_column us_custom_8b3d6790 has_text_color\"><div class=\"wpb_wrapper\"><h1 style=\"text-align: center;\"><b>Hernias inguinales y umbilicales<\/b><\/h1>\n<\/div><\/div><div class=\"w-separator size_small\"><\/div><nav class=\"g-breadcrumbs us_custom_8b3d6790 has_text_color separator_icon align_center\" itemscope itemtype=\"http:\/\/schema.org\/BreadcrumbList\"><div class=\"g-breadcrumbs-item\" itemscope itemprop=\"itemListElement\" itemtype=\"http:\/\/schema.org\/ListItem\"><a itemprop=\"item\" href=\"https:\/\/clinicmono.com\/es\/\"><span itemprop=\"name\">Cl\u00ednica Mono<\/span><\/a><meta itemprop=\"position\" content=\"1\"\/><\/div><div class=\"g-breadcrumbs-separator\"><i class=\"far fa-angle-double-right\"><\/i><\/div><div class=\"g-breadcrumbs-item\">P\u00e1ginas<\/div><\/nav><div class=\"w-separator size_small\"><\/div><\/div><\/div><\/div><\/div><\/div><\/section><section class=\"l-section wpb_row height_small\"><div class=\"l-section-h i-cf\"><div class=\"g-cols vc_row via_flex valign_top type_default stacking_default\"><div class=\"vc_col-sm-8 wpb_column vc_column_container\"><div class=\"vc_column-inner\"><div class=\"wpb_wrapper\"><div class=\"g-cols wpb_row us_custom_561b7e5e via_flex valign_top type_default stacking_default\"><div class=\"vc_col-sm-12 wpb_column vc_column_container\"><div class=\"vc_column-inner\"><div class=\"wpb_wrapper\"><h3 class=\"w-text\"><span class=\"w-text-h\"><span class=\"w-text-value\">Resumen del procedimiento<\/span><\/span><\/h3><div class=\"w-separator size_small\"><\/div><div class=\"w-iconbox iconpos_left style_default color_primary align_left no_text\"><div class=\"w-iconbox-icon\" style=\"font-size:1.4rem;\"><i class=\"fas fa-procedures\"><\/i><\/div><div class=\"w-iconbox-meta\"><h4 class=\"w-iconbox-title\">Procedimiento<\/h4><\/div><\/div><div class=\"w-separator size_small\"><\/div><div class=\"w-iconbox iconpos_left style_default color_primary align_left no_text\"><div class=\"w-iconbox-icon\" style=\"font-size:1rem;\"><i class=\"fas fa-clock\"><\/i><\/div><div class=\"w-iconbox-meta\"><h4 class=\"w-iconbox-title\">Duraci\u00f3n de la cirug\u00eda<\/h4><\/div><\/div><div class=\"w-separator size_small\"><\/div><div class=\"w-iconbox iconpos_left style_default color_primary align_left no_text\"><div class=\"w-iconbox-icon\" style=\"font-size:1rem;\"><i class=\"fas fa-hospital\"><\/i><\/div><div class=\"w-iconbox-meta\"><h4 class=\"w-iconbox-title\">Estancia en el hospital<\/h4><\/div><\/div><div class=\"w-separator size_small\"><\/div><div class=\"w-iconbox iconpos_left style_default color_primary align_left no_text\"><div class=\"w-iconbox-icon\" style=\"font-size:1rem;\"><i class=\"fas fa-syringe\"><\/i><\/div><div class=\"w-iconbox-meta\"><h4 class=\"w-iconbox-title\">Anestesia<\/h4><\/div><\/div><\/div><\/div><\/div><\/div><\/div><\/div><\/div><div class=\"vc_col-sm-4 wpb_column vc_column_container\"><div class=\"vc_column-inner\"><div class=\"wpb_wrapper\"><div class=\"g-cols wpb_row us_custom_c5a47681 via_flex valign_top type_default stacking_default\"><div class=\"vc_col-sm-12 wpb_column vc_column_container\"><div class=\"vc_column-inner\"><div class=\"wpb_wrapper\"><h3 class=\"w-text\"><span class=\"w-text-h\"><span class=\"w-text-value\">Obtenga una consulta gratuita<\/span><\/span><\/h3><div class=\"w-separator size_small\"><\/div><div class=\"wpforms-container wpforms-render-modern\" id=\"wpforms-22672\"><form id=\"wpforms-form-22672\" class=\"wpforms-validate wpforms-form wpforms-ajax-form\" data-formid=\"22672\" method=\"post\" enctype=\"multipart\/form-data\" action=\"\/es\/wp-json\/wp\/v2\/pages\/40946\" data-token=\"4e049d8924e9eb010106565cbf8aaecc\" data-token-time=\"1776974518\"><noscript class=\"wpforms-error-noscript\">Por favor, activa JavaScript en tu navegador para completar este formulario.<\/noscript><div id=\"wpforms-error-noscript\" style=\"display: none;\">Por favor, activa JavaScript en tu navegador para completar este formulario.<\/div><div class=\"wpforms-field-container\"><div id=\"wpforms-22672-field_0-container\" class=\"wpforms-field wpforms-field-name\" data-field-id=\"0\"><label class=\"wpforms-field-label wpforms-label-hide\" for=\"wpforms-22672-field_0\" aria-hidden=\"false\">Nombre <span class=\"wpforms-required-label\" aria-hidden=\"true\">*<\/span><\/label><input type=\"text\" id=\"wpforms-22672-field_0\" class=\"wpforms-field-large wpforms-field-required\" name=\"wpforms[fields][0]\" placeholder=\"Nombre y apellidos\" aria-errormessage=\"wpforms-22672-field_0-error\" required><\/div><div id=\"wpforms-22672-field_5-container\" class=\"wpforms-field wpforms-field-phone\" data-field-id=\"5\"><label class=\"wpforms-field-label wpforms-label-hide\" for=\"wpforms-22672-field_5\" aria-hidden=\"false\">Tel\u00e9fono <span class=\"wpforms-required-label\" aria-hidden=\"true\">*<\/span><\/label><input type=\"tel\" id=\"wpforms-22672-field_5\" class=\"wpforms-field-large wpforms-field-required wpforms-smart-phone-field\" data-rule-smart-phone-field=\"true\" name=\"wpforms[fields][5]\" aria-label=\"Tel\u00e9fono\" aria-errormessage=\"wpforms-22672-field_5-error\" required><\/div><div id=\"wpforms-22672-field_12-container\" class=\"wpforms-field wpforms-field-hidden\" data-field-id=\"12\"><input type=\"hidden\" id=\"wpforms-22672-field_12\" name=\"wpforms[fields][12]\"><\/div><div id=\"wpforms-22672-field_10-container\" class=\"wpforms-field wpforms-field-hidden\" data-field-id=\"10\"><input type=\"hidden\" id=\"wpforms-22672-field_10\" name=\"wpforms[fields][10]\" value=\"https:\/\/clinicmono.com\/es\/wp-json\/wp\/v2\/pages\/40946 \"><\/div><div id=\"wpforms-22672-field_15-container\" class=\"wpforms-field wpforms-field-hidden\" data-field-id=\"15\"><input type=\"hidden\" id=\"wpforms-22672-field_15\" name=\"wpforms[fields][15]\" value=\" 216.73.217.63 Columbus, Ohio, US\r\n39.9587, -82.9987 \"><\/div><\/div><!-- .wpforms-field-container --><div class=\"wpforms-recaptcha-container wpforms-is-recaptcha wpforms-is-recaptcha-type-v3\" ><input type=\"hidden\" name=\"wpforms[recaptcha]\" value=\"\"><\/div><div class=\"wpforms-submit-container\" ><input type=\"hidden\" name=\"wpforms[id]\" value=\"22672\"><input type=\"hidden\" name=\"page_title\" value=\"\"><input type=\"hidden\" name=\"page_url\" value=\"https:\/\/clinicmono.com\/es\/wp-json\/wp\/v2\/pages\/40946\"><input type=\"hidden\" name=\"url_referer\" value=\"\"><button type=\"submit\" name=\"wpforms[submit]\" id=\"wpforms-submit-22672\" class=\"wpforms-submit\" data-alt-text=\"Enviando...\" data-submit-text=\"Obtenga una consulta gratuita\" aria-live=\"assertive\" value=\"wpforms-submit\">Obtenga una consulta gratuita<\/button><img decoding=\"async\" src=\"https:\/\/clinicmono.com\/wp-content\/plugins\/wpforms\/assets\/images\/submit-spin.svg\" class=\"wpforms-submit-spinner\" style=\"display: none;\" width=\"26\" height=\"26\" alt=\"Cargando\"><\/div><\/form><\/div>  <!-- .wpforms-container --><\/div><\/div><\/div><\/div><\/div><\/div><\/div><\/div><\/div><\/section><section class=\"l-section wpb_row us_custom_f92a3d92 height_custom\"><div class=\"l-section-h i-cf\"><div class=\"g-cols vc_row via_flex valign_top type_default stacking_default\"><div class=\"vc_col-sm-12 wpb_column vc_column_container\"><div class=\"vc_column-inner\"><div class=\"wpb_wrapper\"><div class=\"g-cols wpb_row us_custom_1b04de86 via_flex valign_top type_default stacking_default\"><div class=\"vc_col-sm-8 wpb_column vc_column_container\"><div class=\"vc_column-inner\"><div class=\"wpb_wrapper\"><div class=\"w-hwrapper valign_top wrap align_left\"><div class=\"wpb_text_column\"><div class=\"wpb_wrapper\"><h4><a href=\"#procedures\">Procedimiento<\/a><\/h4>\n<\/div><\/div><div class=\"wpb_text_column\"><div class=\"wpb_wrapper\"><h4>|<\/h4>\n<\/div><\/div><div class=\"wpb_text_column\"><div class=\"wpb_wrapper\"><h4><a href=\"#cost\">Coste<\/a><\/h4>\n<\/div><\/div><div class=\"wpb_text_column\"><div class=\"wpb_wrapper\"><h4>|<\/h4>\n<\/div><\/div><div class=\"wpb_text_column\"><div class=\"wpb_wrapper\"><h4><a href=\"#clinic\">Cl\u00ednica<\/a><\/h4>\n<\/div><\/div><div class=\"wpb_text_column\"><div class=\"wpb_wrapper\"><h4>|<\/h4>\n<\/div><\/div><div class=\"wpb_text_column\"><div class=\"wpb_wrapper\"><h4><a href=\"#recovery\">Recuperaci\u00f3n<\/a><\/h4>\n<\/div><\/div><div class=\"wpb_text_column\"><div class=\"wpb_wrapper\"><h4>|<\/h4>\n<\/div><\/div><div class=\"wpb_text_column\"><div class=\"wpb_wrapper\"><h4><a href=\"#reviews\">Rese\u00f1as<\/a><\/h4>\n<\/div><\/div><div class=\"wpb_text_column\"><div class=\"wpb_wrapper\"><h4>|<\/h4>\n<\/div><\/div><div class=\"wpb_text_column\"><div class=\"wpb_wrapper\"><h4><a href=\"#surgeons\">Cirujanos<\/a><\/h4>\n<\/div><\/div><div class=\"wpb_text_column\"><div class=\"wpb_wrapper\"><h4>|<\/h4>\n<\/div><\/div><div class=\"wpb_text_column\"><div class=\"wpb_wrapper\"><h4><a href=\"#faqs\">Preguntas frecuentes<\/a><\/h4>\n<\/div><\/div><\/div><\/div><\/div><\/div><div class=\"vc_col-sm-4 wpb_column vc_column_container\"><div class=\"vc_column-inner\"><div class=\"wpb_wrapper\"><div class=\"wpb_text_column\"><div class=\"wpb_wrapper\"><h5 style=\"text-align: center;\"><strong>Revisado y aprobado por<\/strong><\/h5>\n<\/div><\/div><div class=\"w-separator hide_on_default hide_on_laptops size_medium\"><\/div><\/div><\/div><\/div><\/div><div class=\"w-separator size_small\"><\/div><div class=\"g-cols wpb_row via_flex valign_top type_default stacking_default\" id=\"procedures\"><div class=\"vc_col-sm-12 wpb_column vc_column_container\"><div class=\"vc_column-inner\"><div class=\"wpb_wrapper\"><div class=\"wpb_text_column\"><div class=\"wpb_wrapper\"><h1><b>Hernias inguinales y umbilicales<\/b><\/h1>\n<p>  Las hernias inguinales y umbilicales presentan retos distintos en la salud abdominal.<br \/>\nLos pacientes pueden experimentar un dolor agudo que se extiende desde el ombligo hasta la ingle, lo que indica la presencia de estas hernias.<br \/>\nLas hernias infraumbilicales y la rareza de las hernias uterinas a\u00f1aden complejidad al debate.<br \/>\nLas consideraciones quir\u00fargicas, incluidos los procedimientos simult\u00e1neos para las hernias inguinales y umbilicales, ofrecen una perspectiva global del tratamiento m\u00e9dico eficaz.<br \/>\nComprender la din\u00e1mica de las hernias es crucial, ya que estas afecciones implican la protrusi\u00f3n de \u00f3rganos o bultos blandos.<br \/>\nLas personas pueden incluso sufrir simult\u00e1neamente hernias inguinales y umbilicales, lo que subraya la importancia de comprender estas afecciones y sus opciones de tratamiento.<br \/>\nLas hernias se producen cuando un \u00f3rgano o tejido sobresale a trav\u00e9s de una zona muscular debilitada, dando lugar a una protuberancia perceptible.<br \/>\nLos s\u00edntomas de una hernia que sobresale, como el dolor en la regi\u00f3n umbilical, tambi\u00e9n pueden indicar complicaciones, lo que subraya la necesidad de atenci\u00f3n m\u00e9dica.<br \/>\nLa cirug\u00eda es un tratamiento est\u00e1ndar y eficaz tanto para las hernias inguinales como para las umbilicales, y en algunos casos puede recomendarse la reparaci\u00f3n simult\u00e1nea de ambos tipos.<br \/>\nEl procedimiento consiste en empujar el \u00f3rgano o tejido que sobresale a su sitio y reforzar el m\u00fasculo debilitado.<br \/>\nSin embargo, algunas personas exploran opciones no quir\u00fargicas para tratar las hernias umbilicales, aunque consultar con un profesional sanitario es crucial para determinar el mejor curso de acci\u00f3n.<br \/>\nComprender los s\u00edntomas de una hernia, ya sea un abultamiento inguinal, una hernia retr\u00e1ctil o una hernia no retr\u00e1ctil, es vital para un diagn\u00f3stico y tratamiento r\u00e1pidos.<br \/>\nAunque los abultamientos inguinales y el dolor entre el ombligo y la ingle son signos frecuentes, es esencial acudir al m\u00e9dico para evaluar la gravedad de la hernia y explorar las intervenciones adecuadas.<br \/>\nAunque las hernias pueden causar molestias, la pronta atenci\u00f3n m\u00e9dica y las intervenciones apropiadas pueden ayudar a las personas a gestionar eficazmente estas afecciones y a recuperarse de ellas.<\/p>\n<\/div><\/div><\/div><\/div><\/div><\/div><div class=\"w-separator size_small\"><\/div><div class=\"g-cols wpb_row via_flex valign_top type_default stacking_default\" id=\"clinic\"><div class=\"vc_col-sm-12 wpb_column vc_column_container\"><div class=\"vc_column-inner\"><div class=\"wpb_wrapper\"><div class=\"wpb_text_column\"><div class=\"wpb_wrapper\"><h2><b>Intervenciones de hernias inguinales y umbilicales a trav\u00e9s de Clinic Mono <\/b><\/h2>\n<p>  Clinic Mono es una agencia de turismo que cuenta con un certificado de autorizaci\u00f3n de turismo sanitario y presta servicios de intermediaci\u00f3n y proporciona soluciones a todas las necesidades y demandas del paciente, como alojamiento, operaci\u00f3n, traslado, con muchos a\u00f1os de experiencia, en instituciones sanitarias contratadas.<br \/>\nAdem\u00e1s, Mono act\u00faa como intermediario para ponerte en contacto con los cirujanos contratados.<br \/>\nClinic Mono destaca las diferencias clave entre las hernias inguinales y las hernias umbilicales, haciendo hincapi\u00e9 en las caracter\u00edsticas \u00fanicas de estas afecciones.<br \/>\nClinic Mono subraya la importancia de intervenir a tiempo, hablando de las implicaciones de las hernias umbilicales no tratadas y de la naturaleza de la inflamaci\u00f3n de la hernia.<br \/>\nSi est\u00e1s lidiando con las molestias de las hernias inguinales y umbilicales, Clinic Mono, como mediador, surge como la elecci\u00f3n \u00f3ptima para un tratamiento especializado y compasivo.<br \/>\nEl equipo m\u00e9dico contratado de Clinic Mono aborda estas preocupaciones con pericia.<br \/>\nLos cirujanos de Clinic Mono conocen los entresijos de las hernias en los m\u00fasculos abdominales, incluidas las del lado derecho del est\u00f3mago.<br \/>\nLas hernias no tratadas y los bultos blandos en el ombligo se abordan con precisi\u00f3n.        Clinic Mono se distingue por ofrecer soluciones personalizadas y abordar un espectro de problemas relacionados con las hernias.<br \/>\nLas t\u00e9cnicas avanzadas y el compromiso con el bienestar del paciente de las instituciones sanitarias concertadas de Clinic Mono la convierten en la opci\u00f3n preferida para el tratamiento de las hernias.<br \/>\nDesde los signos y s\u00edntomas iniciales de una hernia hasta las causas y posibles complicaciones, los expertos colaboradores de Mono te gu\u00edan en cada paso.<br \/>\nConf\u00eda en las cl\u00ednicas concertadas de Mono para aliviar el dolor desde el ombligo hasta la ingle y tratar eficazmente las hernias en los abdominales o en el bajo vientre izquierdo.<br \/>\nLa Cl\u00ednica Mono est\u00e1 especializada en diversas hernias, incluidas las umbilicales, y ofrece atenci\u00f3n postparto para hernias.<br \/>\nCentr\u00e1ndose en planes de tratamiento individualizados, Clinic Mono se asegura de que recibas la atenci\u00f3n que mereces.<br \/>\nSi sientes un dolor punzante desde el ombligo hasta la ingle o tienes curiosidad por saber c\u00f3mo son las hernias, el equipo m\u00e9dico contratado de Mono est\u00e1 aqu\u00ed para ofrecerte respuestas exhaustivas y una atenci\u00f3n completa.<\/p>\n<\/div><\/div><\/div><\/div><\/div><\/div><div class=\"w-separator size_small\"><\/div><div class=\"g-cols wpb_row via_flex valign_top type_default stacking_default\" id=\"surgeons\"><div class=\"vc_col-sm-12 wpb_column vc_column_container\"><div class=\"vc_column-inner\"><div class=\"wpb_wrapper\"><div class=\"wpb_text_column\"><div class=\"wpb_wrapper\"><h2><b>Los Mejores Cirujanos De Hernias Inguinales Y Umbilicales En Turqu\u00eda<\/b><\/h2>\n<p>  En las hernias inguinales y umbilicales, no se puede exagerar la importancia de contar con cirujanos expertos.<br \/>\nLos cirujanos desempe\u00f1an un papel fundamental en la reparaci\u00f3n de hernias, garantizando un diagn\u00f3stico preciso, planes de tratamiento personalizados y resultados satisfactorios.<br \/>\nClinic Mono colabora con los mejores cirujanos de hernias inguinales y umbilicales de Turqu\u00eda en Clinic Mono.<br \/>\nEl equipo m\u00e9dico contratado de Clinic Mono aborda los problemas relacionados con las hernias, desde los s\u00edntomas en las mujeres hasta las hernias del bajo vientre.<br \/>\nLos cirujanos, perfilados en nuestro sitio web, aportan una gran experiencia a cada intervenci\u00f3n.<br \/>\nHaz clic en los enlaces a sus p\u00e1ginas para saber m\u00e1s sobre su experiencia.<br \/>\nConf\u00eda en Clinic Mono y sus cirujanos concertados para recibir una atenci\u00f3n de primera en el tratamiento de hernias.<\/p>\n<\/div><\/div><\/div><\/div><\/div><\/div><div class=\"w-separator size_small\"><\/div><div class=\"g-cols wpb_row via_flex valign_top type_default stacking_default\" id=\"cost\"><div class=\"vc_col-sm-12 wpb_column vc_column_container\"><div class=\"vc_column-inner\"><div class=\"wpb_wrapper\"><div class=\"wpb_text_column\"><div class=\"wpb_wrapper\"><h2><b>Precios del tratamiento de las hernias inguinales y umbilicales en Turqu\u00eda<\/b><\/h2>\n<p>  Al ser la primera direcci\u00f3n para el tratamiento de las hernias inguinales y umbilicales, Turqu\u00eda ofrece precios muy ventajosos para este extenso procedimiento m\u00e9dico.  <span style=\"font-weight: 400;\">Los pacientes pueden someterse a los tratamientos de hernia inguinal y umbilical a precios razonables a trav\u00e9s de Clinic Mono en Turqu\u00eda.<br \/>\nClinic Mono, como mediador conocido en todo el mundo, ofrece soluciones rentables sin comprometer la calidad.<br \/>\nLos cirujanos expertos contratados por Clinic Mono y las instalaciones de vanguardia de las instituciones sanitarias colaboradoras la convierten en la mejor elecci\u00f3n.   Disfrute de un tratamiento de primera clase por una fracci\u00f3n del coste. Esa es la ventaja de Clinic Mono.<\/span><\/p>\n<\/div><\/div><\/div><\/div><\/div><\/div><div class=\"w-separator size_small\"><\/div><div class=\"g-cols wpb_row via_flex valign_top type_default stacking_default\"><div class=\"vc_col-sm-12 wpb_column vc_column_container\"><div class=\"vc_column-inner\"><div class=\"wpb_wrapper\"><div class=\"w-html\"><table class=\"customTable\">\n  <thead>\n    <tr>\n      <th>Tipo de procedimiento<\/th><th>Mono<\/th><th>Coste Reino Unido<\/th><th>Coste UE<\/th><th>Coste EE.UU.<\/th>\n    <\/tr>\n  <\/thead>\n  <tbody>\n    <tr>\n      <td>Hernias Inguinales y Umbilicales<\/td><td>\u00a32500-\u00a33500<\/td>\n      <td><\/td>\n      <td><\/td>\n      <td><\/td>\n    <\/tr>\n  <\/tbody>\n<\/table><\/div><\/div><\/div><\/div><\/div><div class=\"w-separator size_small\"><\/div><div class=\"g-cols wpb_row via_flex valign_top type_default stacking_default\" id=\"reviews\"><div class=\"vc_col-sm-12 wpb_column vc_column_container\"><div class=\"vc_column-inner\"><div class=\"wpb_wrapper\"><div class=\"wpb_text_column\"><div class=\"wpb_wrapper\"><h2><b>Comentarios sobre el tratamiento de las hernias inguinales y umbilicales en Turqu\u00eda<\/b><\/h2>\n<p>  Al plantearse una intervenci\u00f3n de este tipo en un pa\u00eds extranjero como Turqu\u00eda, es muy importante elegir una instituci\u00f3n de confianza con un certificado de autorizaci\u00f3n de turismo sanitario y elegir a los m\u00e9dicos.<br \/>\nPuedes leer opiniones imparciales y fiables sobre tratamientos de hernia inguinal y umbilical a trav\u00e9s de Clinic Mono en Turqu\u00eda.<br \/>\nLos pacientes que se trataron a trav\u00e9s de Clinic Mono comparten sus opiniones sobre los s\u00edntomas de la hernia inguinal en las mujeres, el dolor desde el ombligo hasta la ingle y mucho m\u00e1s.<br \/>\nClinic Mono se enorgullece de ofrecer opiniones transparentes y aut\u00e9nticas sobre el tratamiento de la hernia inguinal y umbilical.<\/p>\n<\/div><\/div><\/div><\/div><\/div><\/div><div class=\"w-separator size_small\"><\/div><div class=\"g-cols wpb_row via_flex valign_top type_default stacking_default\" id=\"faqs\"><div class=\"vc_col-sm-12 wpb_column vc_column_container\"><div class=\"vc_column-inner\"><div class=\"wpb_wrapper\"><div class=\"wpb_text_column\"><div class=\"wpb_wrapper\"><h2><b>Hernias inguinales y umbilicales Preguntas frecuentes<\/b><\/h2>\n<\/div><\/div><\/div><\/div><\/div><\/div><div class=\"w-separator size_small\"><\/div><div class=\"w-tabs style_default switch_click accordion has_scrolling\" style=\"--sections-title-size:inherit\"><div class=\"w-tabs-sections titles-align_none icon_chevron cpos_right\"><div class=\"w-tabs-section\" id=\"f077\"><button class=\"w-tabs-section-header\" aria-controls=\"content-f077\" aria-expanded=\"false\"><div class=\"w-tabs-section-title\">\u00bfD\u00f3nde se produce una hernia?<\/div><div class=\"w-tabs-section-control\"><\/div><\/button><div  class=\"w-tabs-section-content\" id=\"content-f077\"><div class=\"w-tabs-section-content-h i-cf\"><div class=\"wpb_text_column\"><div class=\"wpb_wrapper\"><p>Las hernias pueden producirse en varias zonas, incluida la regi\u00f3n p\u00e9lvica.<br \/>\nReconocer s\u00edntomas como un abultamiento abdominal, no una hernia o dolor entre el ombligo y la ingle, es crucial.<br \/>\nLas instituciones contratadas por Clinic Mono ofrecen informaci\u00f3n sobre las hernias leves, las hernias reducibles y los riesgos de dejar las hernias inguinales sin tratar.<\/p>\n<\/div><\/div><\/div><\/div><\/div><div class=\"w-tabs-section\" id=\"f2a4\"><button class=\"w-tabs-section-header\" aria-controls=\"content-f2a4\" aria-expanded=\"false\"><div class=\"w-tabs-section-title\">\u00bfQu\u00e9 causa una hernia?<\/div><div class=\"w-tabs-section-control\"><\/div><\/button><div  class=\"w-tabs-section-content\" id=\"content-f2a4\"><div class=\"w-tabs-section-content-h i-cf\"><div class=\"wpb_text_column\"><div class=\"wpb_wrapper\"><p>Reconocer los s\u00edntomas del dolor de hernia, una protuberancia intestinal o por qu\u00e9 puede sobresalir tu ombligo proporciona una perspectiva esencial.<br \/>\nClinic Mono es tu gu\u00eda para comprender lo grave que puede ser una hernia y la importancia de intervenir a tiempo para evitar que se inflame o aumente de tama\u00f1o.<\/p>\n<\/div><\/div><\/div><\/div><\/div><div class=\"w-tabs-section\" id=\"b49d\"><button class=\"w-tabs-section-header\" aria-controls=\"content-b49d\" aria-expanded=\"false\"><div class=\"w-tabs-section-title\">\u00bfD\u00f3nde se suelen localizar las hernias?<\/div><div class=\"w-tabs-section-control\"><\/div><\/button><div  class=\"w-tabs-section-content\" id=\"content-b49d\"><div class=\"w-tabs-section-content-h i-cf\"><div class=\"wpb_text_column\"><div class=\"wpb_wrapper\"><p><span style=\"font-weight: 400;\">Las hernias pueden producirse en varias zonas, a menudo causando dolor entre el ombligo y la ingle.<\/span><\/p>\n<\/div><\/div><\/div><\/div><\/div><\/div><\/div><\/div><\/div><\/div><\/div><\/div><\/section>\n","protected":false},"excerpt":{"rendered":"Hernias inguinales y umbilicales Cl\u00ednica MonoP\u00e1ginasResumen del procedimientoProcedimientoDuraci\u00f3n de la cirug\u00edaEstancia en el hospitalAnestesiaObtenga una consulta gratuitaPor favor, activa JavaScript en tu navegador para completar este formulario.Por favor, activa JavaScript en tu navegador para completar este formulario.Nombre *Tel\u00e9fono * Detalles URL Nombre Obtenga una consulta gratuita Procedimiento | Coste | Cl\u00ednica | Recuperaci\u00f3n | Rese\u00f1as...","protected":false},"author":1,"featured_media":122635,"parent":37110,"menu_order":0,"comment_status":"closed","ping_status":"closed","template":"","meta":{"_mi_skip_tracking":false,"_monsterinsights_sitenote_active":false,"_monsterinsights_sitenote_note":"","_monsterinsights_sitenote_category":0,"_uf_show_specific_survey":0,"_uf_disable_surveys":false,"footnotes":""},"procedure":[321],"class_list":["post-40946","page","type-page","status-publish","has-post-thumbnail","hentry","procedure-general-surgery"],"_links":{"self":[{"href":"https:\/\/clinicmono.com\/es\/wp-json\/wp\/v2\/pages\/40946","targetHints":{"allow":["GET"]}}],"collection":[{"href":"https:\/\/clinicmono.com\/es\/wp-json\/wp\/v2\/pages"}],"about":[{"href":"https:\/\/clinicmono.com\/es\/wp-json\/wp\/v2\/types\/page"}],"author":[{"embeddable":true,"href":"https:\/\/clinicmono.com\/es\/wp-json\/wp\/v2\/users\/1"}],"replies":[{"embeddable":true,"href":"https:\/\/clinicmono.com\/es\/wp-json\/wp\/v2\/comments?post=40946"}],"version-history":[{"count":0,"href":"https:\/\/clinicmono.com\/es\/wp-json\/wp\/v2\/pages\/40946\/revisions"}],"up":[{"embeddable":true,"href":"https:\/\/clinicmono.com\/es\/wp-json\/wp\/v2\/pages\/37110"}],"wp:featuredmedia":[{"embeddable":true,"href":"https:\/\/clinicmono.com\/es\/wp-json\/wp\/v2\/media\/122635"}],"wp:attachment":[{"href":"https:\/\/clinicmono.com\/es\/wp-json\/wp\/v2\/media?parent=40946"}],"wp:term":[{"taxonomy":"procedure","embeddable":true,"href":"https:\/\/clinicmono.com\/es\/wp-json\/wp\/v2\/procedure?post=40946"}],"curies":[{"name":"wp","href":"https:\/\/api.w.org\/{rel}","templated":true}]}}