{"id":40933,"date":"2024-01-21T14:29:18","date_gmt":"2024-01-21T14:29:18","guid":{"rendered":"https:\/\/clinicmono.com\/cirugia-general\/pared-abdominal-hernia\/"},"modified":"2024-07-26T06:23:25","modified_gmt":"2024-07-26T06:23:25","slug":"abdominal-wall-hernia","status":"publish","type":"page","link":"https:\/\/clinicmono.com\/es\/general-surgery\/abdominal-wall-hernia\/","title":{"rendered":"Hernia de pared abdominal"},"content":{"rendered":"<section class=\"l-section wpb_row height_custom with_img\"><div class=\"l-section-img\" role=\"img\" aria-label=\"Imagen\" data-img-width=\"1280\" data-img-height=\"720\" style=\"background-image: url(https:\/\/clinicmono.com\/wp-content\/uploads\/2024\/03\/abdominal-wall-hernia.jpg);background-repeat: no-repeat;\"><\/div><div class=\"l-section-overlay\" style=\"background:rgba(0,0,0,0.47)\"><\/div><div class=\"l-section-h i-cf\"><div class=\"g-cols vc_row via_flex valign_top type_default stacking_default\"><div class=\"vc_col-sm-12 wpb_column vc_column_container\"><div class=\"vc_column-inner\"><div class=\"wpb_wrapper\"><div class=\"wpb_text_column us_custom_8b3d6790 has_text_color\"><div class=\"wpb_wrapper\"><h1 style=\"text-align: center;\">Hernia de pared abdominal<\/h1>\n<\/div><\/div><div class=\"w-separator size_small\"><\/div><nav class=\"g-breadcrumbs us_custom_8b3d6790 has_text_color separator_icon align_center\" itemscope itemtype=\"http:\/\/schema.org\/BreadcrumbList\"><div class=\"g-breadcrumbs-item\" itemscope itemprop=\"itemListElement\" itemtype=\"http:\/\/schema.org\/ListItem\"><a itemprop=\"item\" href=\"https:\/\/clinicmono.com\/es\/\"><span itemprop=\"name\">Cl\u00ednica Mono<\/span><\/a><meta itemprop=\"position\" content=\"1\"\/><\/div><div class=\"g-breadcrumbs-separator\"><i class=\"far fa-angle-double-right\"><\/i><\/div><div class=\"g-breadcrumbs-item\">P\u00e1ginas<\/div><\/nav><div class=\"w-separator size_small\"><\/div><\/div><\/div><\/div><\/div><\/div><\/section><section class=\"l-section wpb_row height_small\"><div class=\"l-section-h i-cf\"><div class=\"g-cols vc_row via_flex valign_top type_default stacking_default\"><div class=\"vc_col-sm-8 wpb_column vc_column_container\"><div class=\"vc_column-inner\"><div class=\"wpb_wrapper\"><div class=\"g-cols wpb_row us_custom_561b7e5e via_flex valign_top type_default stacking_default\"><div class=\"vc_col-sm-12 wpb_column vc_column_container\"><div class=\"vc_column-inner\"><div class=\"wpb_wrapper\"><h3 class=\"w-text\"><span class=\"w-text-h\"><span class=\"w-text-value\">Resumen del procedimiento<\/span><\/span><\/h3><div class=\"w-separator size_small\"><\/div><div class=\"w-iconbox iconpos_left style_default color_primary align_left no_text\"><div class=\"w-iconbox-icon\" style=\"font-size:1.4rem;\"><i class=\"fas fa-procedures\"><\/i><\/div><div class=\"w-iconbox-meta\"><h4 class=\"w-iconbox-title\">Procedimiento<\/h4><\/div><\/div><div class=\"w-separator size_small\"><\/div><div class=\"w-iconbox iconpos_left style_default color_primary align_left no_text\"><div class=\"w-iconbox-icon\" style=\"font-size:1rem;\"><i class=\"fas fa-clock\"><\/i><\/div><div class=\"w-iconbox-meta\"><h4 class=\"w-iconbox-title\">Duraci\u00f3n de la cirug\u00eda<\/h4><\/div><\/div><div class=\"w-separator size_small\"><\/div><div class=\"w-iconbox iconpos_left style_default color_primary align_left no_text\"><div class=\"w-iconbox-icon\" style=\"font-size:1rem;\"><i class=\"fas fa-hospital\"><\/i><\/div><div class=\"w-iconbox-meta\"><h4 class=\"w-iconbox-title\">Estancia en el hospital<\/h4><\/div><\/div><div class=\"w-separator size_small\"><\/div><div class=\"w-iconbox iconpos_left style_default color_primary align_left no_text\"><div class=\"w-iconbox-icon\" style=\"font-size:1rem;\"><i class=\"fas fa-syringe\"><\/i><\/div><div class=\"w-iconbox-meta\"><h4 class=\"w-iconbox-title\">Anestesia<\/h4><\/div><\/div><\/div><\/div><\/div><\/div><\/div><\/div><\/div><div class=\"vc_col-sm-4 wpb_column vc_column_container\"><div class=\"vc_column-inner\"><div class=\"wpb_wrapper\"><div class=\"g-cols wpb_row us_custom_c5a47681 via_flex valign_top type_default stacking_default\"><div class=\"vc_col-sm-12 wpb_column vc_column_container\"><div class=\"vc_column-inner\"><div class=\"wpb_wrapper\"><h3 class=\"w-text\"><span class=\"w-text-h\"><span class=\"w-text-value\">Obtenga una consulta gratuita<\/span><\/span><\/h3><div class=\"w-separator size_small\"><\/div><div class=\"wpforms-container wpforms-render-modern\" id=\"wpforms-22672\"><form id=\"wpforms-form-22672\" class=\"wpforms-validate wpforms-form wpforms-ajax-form\" data-formid=\"22672\" method=\"post\" enctype=\"multipart\/form-data\" action=\"\/es\/wp-json\/wp\/v2\/pages\/40933\" data-token=\"4e049d8924e9eb010106565cbf8aaecc\" data-token-time=\"1776935351\"><noscript class=\"wpforms-error-noscript\">Por favor, activa JavaScript en tu navegador para completar este formulario.<\/noscript><div id=\"wpforms-error-noscript\" style=\"display: none;\">Por favor, activa JavaScript en tu navegador para completar este formulario.<\/div><div class=\"wpforms-field-container\"><div id=\"wpforms-22672-field_0-container\" class=\"wpforms-field wpforms-field-name\" data-field-id=\"0\"><label class=\"wpforms-field-label wpforms-label-hide\" for=\"wpforms-22672-field_0\" aria-hidden=\"false\">Nombre <span class=\"wpforms-required-label\" aria-hidden=\"true\">*<\/span><\/label><input type=\"text\" id=\"wpforms-22672-field_0\" class=\"wpforms-field-large wpforms-field-required\" name=\"wpforms[fields][0]\" placeholder=\"Nombre y apellidos\" aria-errormessage=\"wpforms-22672-field_0-error\" required><\/div>\t\t<div id=\"wpforms-22672-field_1-container\"\n\t\t\tclass=\"wpforms-field wpforms-field-text\"\n\t\t\tdata-field-type=\"text\"\n\t\t\tdata-field-id=\"1\"\n\t\t\t>\n\t\t\t<label class=\"wpforms-field-label\" for=\"wpforms-22672-field_1\" >T\u00edtulo URL Tel\u00e9fono<\/label>\n\t\t\t<input type=\"text\" id=\"wpforms-22672-field_1\" class=\"wpforms-field-medium\" name=\"wpforms[fields][1]\" >\n\t\t<\/div>\n\t\t<div id=\"wpforms-22672-field_5-container\" class=\"wpforms-field wpforms-field-phone\" data-field-id=\"5\"><label class=\"wpforms-field-label wpforms-label-hide\" for=\"wpforms-22672-field_5\" aria-hidden=\"false\">Tel\u00e9fono <span class=\"wpforms-required-label\" aria-hidden=\"true\">*<\/span><\/label><input type=\"tel\" id=\"wpforms-22672-field_5\" class=\"wpforms-field-large wpforms-field-required wpforms-smart-phone-field\" data-rule-smart-phone-field=\"true\" name=\"wpforms[fields][5]\" aria-label=\"Tel\u00e9fono\" aria-errormessage=\"wpforms-22672-field_5-error\" required><\/div><div id=\"wpforms-22672-field_12-container\" class=\"wpforms-field wpforms-field-hidden\" data-field-id=\"12\"><input type=\"hidden\" id=\"wpforms-22672-field_12\" name=\"wpforms[fields][12]\"><\/div><div id=\"wpforms-22672-field_10-container\" class=\"wpforms-field wpforms-field-hidden\" data-field-id=\"10\"><input type=\"hidden\" id=\"wpforms-22672-field_10\" name=\"wpforms[fields][10]\" value=\"https:\/\/clinicmono.com\/es\/wp-json\/wp\/v2\/pages\/40933 \"><\/div><div id=\"wpforms-22672-field_15-container\" class=\"wpforms-field wpforms-field-hidden\" data-field-id=\"15\"><input type=\"hidden\" id=\"wpforms-22672-field_15\" name=\"wpforms[fields][15]\" value=\" 216.73.217.63 Columbus, Ohio, US\r\n39.9587, -82.9987 \"><\/div><script>\n\t\t\t\t( function() {\n\t\t\t\t\tconst style = document.createElement( 'style' );\n\t\t\t\t\tstyle.appendChild( document.createTextNode( '#wpforms-22672-field_1-container { position: absolute !important; overflow: hidden !important; display: inline !important; height: 1px !important; width: 1px !important; z-index: -1000 !important; padding: 0 !important; } #wpforms-22672-field_1-container input { visibility: hidden; } #wpforms-conversational-form-page #wpforms-22672-field_1-container label { counter-increment: none; }' ) );\n\t\t\t\t\tdocument.head.appendChild( style );\n\t\t\t\t\tdocument.currentScript?.remove();\n\t\t\t\t} )();\n\t\t\t<\/script><\/div><!-- .wpforms-field-container --><div class=\"wpforms-recaptcha-container wpforms-is-recaptcha wpforms-is-recaptcha-type-v3\" ><input type=\"hidden\" name=\"wpforms[recaptcha]\" value=\"\"><\/div><div class=\"wpforms-submit-container\" ><input type=\"hidden\" name=\"wpforms[id]\" value=\"22672\"><input type=\"hidden\" name=\"page_title\" value=\"\"><input type=\"hidden\" name=\"page_url\" value=\"https:\/\/clinicmono.com\/es\/wp-json\/wp\/v2\/pages\/40933\"><input type=\"hidden\" name=\"url_referer\" value=\"\"><button type=\"submit\" name=\"wpforms[submit]\" id=\"wpforms-submit-22672\" class=\"wpforms-submit\" data-alt-text=\"Enviando...\" data-submit-text=\"Obtenga una consulta gratuita\" aria-live=\"assertive\" value=\"wpforms-submit\">Obtenga una consulta gratuita<\/button><img decoding=\"async\" src=\"https:\/\/clinicmono.com\/wp-content\/plugins\/wpforms\/assets\/images\/submit-spin.svg\" class=\"wpforms-submit-spinner\" style=\"display: none;\" width=\"26\" height=\"26\" alt=\"Cargando\"><\/div><\/form><\/div>  <!-- .wpforms-container --><\/div><\/div><\/div><\/div><\/div><\/div><\/div><\/div><\/div><\/section><section class=\"l-section wpb_row us_custom_f92a3d92 height_custom\"><div class=\"l-section-h i-cf\"><div class=\"g-cols vc_row via_flex valign_top type_default stacking_default\"><div class=\"vc_col-sm-12 wpb_column vc_column_container\"><div class=\"vc_column-inner\"><div class=\"wpb_wrapper\"><div class=\"g-cols wpb_row us_custom_1b04de86 via_flex valign_top type_default stacking_default\"><div class=\"vc_col-sm-8 wpb_column vc_column_container\"><div class=\"vc_column-inner\"><div class=\"wpb_wrapper\"><div class=\"w-hwrapper valign_top wrap align_left\"><div class=\"wpb_text_column\"><div class=\"wpb_wrapper\"><h4><a href=\"#procedures\">Procedimiento<\/a><\/h4>\n<\/div><\/div><div class=\"wpb_text_column\"><div class=\"wpb_wrapper\"><h4>|<\/h4>\n<\/div><\/div><div class=\"wpb_text_column\"><div class=\"wpb_wrapper\"><h4><a href=\"#cost\">Coste<\/a><\/h4>\n<\/div><\/div><div class=\"wpb_text_column\"><div class=\"wpb_wrapper\"><h4>|<\/h4>\n<\/div><\/div><div class=\"wpb_text_column\"><div class=\"wpb_wrapper\"><h4><a href=\"#clinic\">Cl\u00ednica<\/a><\/h4>\n<\/div><\/div><div class=\"wpb_text_column\"><div class=\"wpb_wrapper\"><h4>|<\/h4>\n<\/div><\/div><div class=\"wpb_text_column\"><div class=\"wpb_wrapper\"><h4><a href=\"#recovery\">Recuperaci\u00f3n<\/a><\/h4>\n<\/div><\/div><div class=\"wpb_text_column\"><div class=\"wpb_wrapper\"><h4>|<\/h4>\n<\/div><\/div><div class=\"wpb_text_column\"><div class=\"wpb_wrapper\"><h4><a href=\"#reviews\">Rese\u00f1as<\/a><\/h4>\n<\/div><\/div><div class=\"wpb_text_column\"><div class=\"wpb_wrapper\"><h4>|<\/h4>\n<\/div><\/div><div class=\"wpb_text_column\"><div class=\"wpb_wrapper\"><h4><a href=\"#surgeons\">Cirujanos<\/a><\/h4>\n<\/div><\/div><div class=\"wpb_text_column\"><div class=\"wpb_wrapper\"><h4>|<\/h4>\n<\/div><\/div><div class=\"wpb_text_column\"><div class=\"wpb_wrapper\"><h4><a href=\"#faqs\">Preguntas frecuentes<\/a><\/h4>\n<\/div><\/div><\/div><\/div><\/div><\/div><div class=\"vc_col-sm-4 wpb_column vc_column_container\"><div class=\"vc_column-inner\"><div class=\"wpb_wrapper\"><div class=\"wpb_text_column\"><div class=\"wpb_wrapper\"><h5 style=\"text-align: center;\"><strong>Revisado y aprobado por<\/strong><\/h5>\n<\/div><\/div><div class=\"w-separator hide_on_default hide_on_laptops size_medium\"><\/div><\/div><\/div><\/div><\/div><div class=\"w-separator size_small\"><\/div><div class=\"g-cols wpb_row via_flex valign_top type_default stacking_default\" id=\"procedures\"><div class=\"vc_col-sm-12 wpb_column vc_column_container\"><div class=\"vc_column-inner\"><div class=\"wpb_wrapper\"><div class=\"wpb_text_column\"><div class=\"wpb_wrapper\"><h1><b>Hernia de pared abdominal<\/b><\/h1>\n<p>  Las hernias de la pared abdominal se producen cuando un \u00f3rgano o tejido se comprime a trav\u00e9s de un punto d\u00e9bil de los m\u00fasculos abdominales, dando lugar a un bulto o protuberancia perceptible. Los s\u00edntomas de las hernias abdominales superiores incluyen molestias, dolor y una protuberancia visible en la regi\u00f3n del est\u00f3mago. Aunque las hernias abdominales suelen presentarse con un bulto, algunas personas pueden tener s\u00edntomas sin que se aprecie ning\u00fan bulto. Las hernias de est\u00f3mago son diversas e incluyen hernias inguinales, umbilicales e incisionales. La sensaci\u00f3n de una hernia de est\u00f3mago var\u00eda, desde una leve molestia hasta un dolor agudo. Es posible identificar las hernias sin un bulto, ya que s\u00edntomas como problemas digestivos, dolor o sensaci\u00f3n de arrastre pueden indicar su presencia. Comprender el dolor de la hernia abdominal es crucial, y reconocer los signos, como un bulto visible o sensibilidad, ayuda a la detecci\u00f3n precoz. Las causas de las hernias abdominales son multifac\u00e9ticas, y a menudo implican una combinaci\u00f3n de debilidad y distensi\u00f3n muscular. Reconocer los diversos s\u00edntomas y tipos de hernias abdominales es vital para una intervenci\u00f3n precoz. Comprender las hernias garantiza una atenci\u00f3n m\u00e9dica oportuna, reduciendo las complicaciones y mejorando el bienestar general, ya sea por encima del ombligo o dentro del est\u00f3mago. La cirug\u00eda de la hernia abdominal aborda la protrusi\u00f3n de \u00f3rganos a trav\u00e9s de m\u00fasculos debilitados, y los procedimientos var\u00edan en funci\u00f3n del tipo y la gravedad de la hernia. Acudir r\u00e1pidamente al m\u00e9dico garantiza un tratamiento adecuado, ya sea quir\u00fargico o alternativo, y favorece una recuperaci\u00f3n m\u00e1s r\u00e1pida y una mayor calidad de vida. La cirug\u00eda de hernia abdominal aborda la protrusi\u00f3n de \u00f3rganos a trav\u00e9s de m\u00fasculos debilitados. Los procedimientos var\u00edan en funci\u00f3n del tipo y la gravedad de la hernia, con opciones que van desde las reparaciones laparosc\u00f3picas hasta las cirug\u00edas abiertas m\u00e1s tradicionales. Reconocer los s\u00edntomas, como el dolor de est\u00f3mago o en la parte superior derecha del abdomen, requiere atenci\u00f3n m\u00e9dica oportuna. Los diversos s\u00edntomas y tipos de hernias abdominales o hernias de est\u00f3mago son fundamentales para determinar la necesidad de una intervenci\u00f3n quir\u00fargica. Acudir r\u00e1pidamente al m\u00e9dico garantiza un tratamiento adecuado, ya sea quir\u00fargico o alternativo, y favorece una recuperaci\u00f3n m\u00e1s r\u00e1pida y una mayor calidad de vida. Adem\u00e1s, pueden producirse m\u00faltiples hernias, e identificar sus tipos espec\u00edficos ayuda a adaptar planes de tratamiento eficaces.<\/p>\n<\/div><\/div><\/div><\/div><\/div><\/div><div class=\"w-separator size_small\"><\/div><div class=\"g-cols wpb_row via_flex valign_top type_default stacking_default\" id=\"clinic\"><div class=\"vc_col-sm-12 wpb_column vc_column_container\"><div class=\"vc_column-inner\"><div class=\"wpb_wrapper\"><div class=\"wpb_text_column\"><div class=\"wpb_wrapper\"><h2><b>Cirug\u00eda de hernia de pared abdominal a trav\u00e9s de Clinic Mono <\/b><\/h2>\n<p> Clinic Mono es una agencia de turismo que cuenta con un certificado de autorizaci\u00f3n de turismo sanitario y presta servicios de intermediaci\u00f3n y proporciona soluciones a todas las necesidades y demandas del paciente, como alojamiento, operaci\u00f3n, traslado, con muchos a\u00f1os de experiencia, en instituciones sanitarias contratadas. Adem\u00e1s, Clinic Mono act\u00faa como intermediario para ponerte en contacto con los cirujanos contratados.<br \/>\nSi est\u00e1s lidiando con hernias abdominales, Clinic Mono, como agencia de turismo m\u00e9dico, destaca como primera opci\u00f3n para una atenci\u00f3n integral y personalizada.<br \/>\nTanto si se trata de una hernia peque\u00f1a como de una grande, o de cualquier hernia de la pared abdominal, el equipo m\u00e9dico contratado de Mono se dedica a proporcionar un tratamiento de primera clase adaptado a tus necesidades particulares.<br \/>\nClinic Mono colabora con las instituciones sanitarias que dan prioridad al bienestar del paciente y emplean t\u00e9cnicas de vanguardia para las cirug\u00edas de hernia.<br \/>\nLos profesionales colaboradores de Mono son expertos en tratar diversos tipos de hernia, incluidas las de la parte superior del abdomen o de la pared abdominal.<br \/>\nLa experiencia de las instituciones contratadas por el Mono se extiende a tratar con precisi\u00f3n s\u00edntomas como el dolor de hernia de est\u00f3mago y los s\u00edntomas de hernia intestinal.<br \/>\nUn rasgo distintivo que distingue a la Cl\u00ednica Mono es que se centra en procedimientos m\u00ednimamente invasivos.<br \/>\nDesde los s\u00edntomas de hernia epig\u00e1strica hasta las hernias de la pared abdominal anterior, los cirujanos contratados por Mono aprovechan las t\u00e9cnicas laparosc\u00f3picas avanzadas, lo que favorece una recuperaci\u00f3n m\u00e1s r\u00e1pida y reduce las molestias postoperatorias.<br \/>\nElegir la Cl\u00ednica Mono como mediadora significa optar por un centro que comprende la importancia de la atenci\u00f3n individualizada.<br \/>\nEl compromiso de Mono con la excelencia se extiende al tratamiento de las grandes hernias abdominales y las hernias abdominales superiores, garantizando que recibas el m\u00e1s alto nivel de atenci\u00f3n.<\/p>\n<\/div><\/div><\/div><\/div><\/div><\/div><div class=\"w-separator size_small\"><\/div><div class=\"g-cols wpb_row via_flex valign_top type_default stacking_default\" id=\"surgeons\"><div class=\"vc_col-sm-12 wpb_column vc_column_container\"><div class=\"vc_column-inner\"><div class=\"wpb_wrapper\"><div class=\"wpb_text_column\"><div class=\"wpb_wrapper\"><h2><b>Mejores Cirujanos De Hernia De Pared Abdominal En Turqu\u00eda<\/b><\/h2>\n<p>  Los cirujanos expertos son fundamentales para diagnosticar y tratar las hernias, garantizando una atenci\u00f3n personalizada y unos resultados \u00f3ptimos para el paciente.<br \/>\nPuedes confiar en Clinic Mono para obtener la m\u00e1xima experiencia quir\u00fargica en el tratamiento de hernias.<br \/>\nEl equipo contratado de cirujanos especialistas en hernias de la pared abdominal de Clinic Mono est\u00e1 especializado en hernias de la l\u00ednea media, hernias de la parte inferior del abdomen y hernias diversas.<br \/>\nLos cirujanos contratados de Mono destacan en el tratamiento de hernias centrales, abordando con precisi\u00f3n problemas como hernias, dolor de est\u00f3mago y s\u00edntomas.<br \/>\nHaz clic en las fichas de perfil que aparecen a continuaci\u00f3n para saber m\u00e1s sobre los consumados m\u00e9dicos que lideran la cirug\u00eda de la hernia abdominal.<\/p>\n<\/div><\/div><\/div><\/div><\/div><\/div><div class=\"w-separator size_small\"><\/div><div class=\"g-cols wpb_row via_flex valign_top type_default stacking_default\" id=\"cost\"><div class=\"vc_col-sm-12 wpb_column vc_column_container\"><div class=\"vc_column-inner\"><div class=\"wpb_wrapper\"><div class=\"wpb_text_column\"><div class=\"wpb_wrapper\"><h2><b>Precios de la hernia de pared abdominal en Turqu\u00eda<\/b><\/h2>\n<p><span style=\"font-weight: 400;\">Siendo la primera direcci\u00f3n para la cirug\u00eda de hernia de pared abdominal, Turqu\u00eda ofrece precios muy ventajosos para este extenso procedimiento m\u00e9dico.<br \/>\nClinic Mono, en Turqu\u00eda, ofrece soluciones rentables con una experiencia excepcional.  Clinic Mono ofrece precios transparentes y competitivos. Como uno de los principales mediadores en Turqu\u00eda para la mejor hernia, Clinic Mono garantiza una atenci\u00f3n de calidad sin comprometer tu presupuesto.<br \/>\nPuedes informarte sobre la asequibilidad de los tratamientos de hernia y la mejor cl\u00ednica de hernias explorando los servicios integrales que Clinic Mono pone a tu disposici\u00f3n. <\/span><\/p>\n<\/div><\/div><\/div><\/div><\/div><\/div><div class=\"w-separator size_small\"><\/div><div class=\"g-cols wpb_row via_flex valign_top type_default stacking_default\"><div class=\"vc_col-sm-12 wpb_column vc_column_container\"><div class=\"vc_column-inner\"><div class=\"wpb_wrapper\"><div class=\"w-html\"><table class=\"customTable\">\n  <thead>\n    <tr>\n      <th>Tipo de procedimiento<\/th><th>Mono<\/th><th>Coste Reino Unido<\/th><th>Coste UE<\/th><th>Coste EE.UU.<\/th>\n    <\/tr>\n  <\/thead>\n  <tbody>\n    <tr>\n      <td>Hernia de pared abdominal <\/td><td>\u00a32950 - \u00a33350<\/td><td>\u00a33,500 - \u00a34,000<\/td><td>\u20ac4,500 - \u20ac5,500<\/td><td>$4,500 - $6,000<\/td>\n    <\/tr>\n  <\/tbody>\n<\/table><\/div><\/div><\/div><\/div><\/div><div class=\"w-separator size_small\"><\/div><div class=\"g-cols wpb_row via_flex valign_top type_default stacking_default\" id=\"reviews\"><div class=\"vc_col-sm-12 wpb_column vc_column_container\"><div class=\"vc_column-inner\"><div class=\"wpb_wrapper\"><div class=\"wpb_text_column\"><div class=\"wpb_wrapper\"><h2><b>Cirug\u00eda de la hernia de pared abdominal Turqu\u00eda Rese\u00f1as<\/b><\/h2>\n<p> Al plantearse un procedimiento de este tipo en un pa\u00eds extranjero como Turqu\u00eda, es muy importante elegir una instituci\u00f3n de confianza con un certificado de autorizaci\u00f3n de turismo sanitario y elegir a los m\u00e9dicos. <span style=\"font-weight: 400;\">En lo que respecta a la cirug\u00eda de hernia, Clinic Mono da prioridad a la comodidad y seguridad del paciente.<br \/>\nEl historial de Mono en el tratamiento con \u00e9xito de hernias de la pared abdominal, el bajo vientre y m\u00e1s all\u00e1 subraya su compromiso con una asistencia sanitaria excepcional.   <\/span><span style=\"font-weight: 400;\">A trav\u00e9s de rese\u00f1as perspicaces, los pacientes pueden descubrir las experiencias de personas que se han sometido a tratamientos de hernia abdominal a trav\u00e9s de Clinic Mono.<br \/>\nClinic Mono est\u00e1 comprometida con la transparencia y la satisfacci\u00f3n de los pacientes, por lo que estas opiniones son esenciales para quienes buscan informaci\u00f3n fiable sobre los tratamientos de hernia abdominal en Turqu\u00eda. <\/span><\/p>\n<\/div><\/div><\/div><\/div><\/div><\/div><div class=\"w-separator size_small\"><\/div><div class=\"g-cols wpb_row via_flex valign_top type_default stacking_default\" id=\"faqs\"><div class=\"vc_col-sm-12 wpb_column vc_column_container\"><div class=\"vc_column-inner\"><div class=\"wpb_wrapper\"><div class=\"wpb_text_column\"><div class=\"wpb_wrapper\"><h2><b>Hernia de pared abdominal Preguntas frecuentes<\/b><\/h2>\n<\/div><\/div><\/div><\/div><\/div><\/div><div class=\"w-separator size_small\"><\/div><div class=\"w-tabs style_default switch_click accordion has_scrolling\" style=\"--sections-title-size:inherit\"><div class=\"w-tabs-sections titles-align_none icon_chevron cpos_right\"><div class=\"w-tabs-section\" id=\"lcbe\"><button class=\"w-tabs-section-header\" aria-controls=\"content-lcbe\" aria-expanded=\"false\"><div class=\"w-tabs-section-title\">\u00bfCu\u00e1les son los s\u00edntomas de una hernia abdominal superior?<\/div><div class=\"w-tabs-section-control\"><\/div><\/button><div  class=\"w-tabs-section-content\" id=\"content-lcbe\"><div class=\"w-tabs-section-content-h i-cf\"><div class=\"wpb_text_column\"><div class=\"wpb_wrapper\"><p>Las hernias abdominales superiores se manifiestan a trav\u00e9s de diversos s\u00edntomas, que ofrecen indicios cruciales para su detecci\u00f3n e intervenci\u00f3n precoces.<br \/>\nLas personas que experimenten s\u00edntomas de hernia abdominal, como un bulto por encima del ombligo o molestias en la parte superior derecha del abdomen, deben buscar atenci\u00f3n m\u00e9dica inmediata.<\/p>\n<\/div><\/div><\/div><\/div><\/div><div class=\"w-tabs-section\" id=\"y14f\"><button class=\"w-tabs-section-header\" aria-controls=\"content-y14f\" aria-expanded=\"false\"><div class=\"w-tabs-section-title\">\u00bfQu\u00e9 aspecto tiene una hernia en una mujer?<\/div><div class=\"w-tabs-section-control\"><\/div><\/button><div  class=\"w-tabs-section-content\" id=\"content-y14f\"><div class=\"w-tabs-section-content-h i-cf\"><div class=\"wpb_text_column\"><div class=\"wpb_wrapper\"><p><span style=\"font-weight: 400;\">Reconocer una hernia en las mujeres implica comprender los s\u00edntomas espec\u00edficos propios de su anatom\u00eda.<br \/>\nLos s\u00edntomas de hernia abdominal en las mujeres pueden incluir un bulto perceptible por encima del ombligo, a menudo indoloro o que causa molestias m\u00ednimas. <\/span><\/p>\n<\/div><\/div><\/div><\/div><\/div><div class=\"w-tabs-section\" id=\"m4b1\"><button class=\"w-tabs-section-header\" aria-controls=\"content-m4b1\" aria-expanded=\"false\"><div class=\"w-tabs-section-title\">\u00bfCu\u00e1l es la causa de una hernia de est\u00f3mago?<\/div><div class=\"w-tabs-section-control\"><\/div><\/button><div  class=\"w-tabs-section-content\" id=\"content-m4b1\"><div class=\"w-tabs-section-content-h i-cf\"><div class=\"wpb_text_column\"><div class=\"wpb_wrapper\"><p><span style=\"font-weight: 400;\">Las hernias de est\u00f3mago est\u00e1n causadas por el debilitamiento de la pared abdominal, lo que provoca la protrusi\u00f3n de \u00f3rganos o tejidos.<\/span><\/p>\n<\/div><\/div><\/div><\/div><\/div><\/div><\/div><\/div><\/div><\/div><\/div><\/div><\/section>\n","protected":false},"excerpt":{"rendered":"Hernia de pared abdominal Cl\u00ednica MonoP\u00e1ginasResumen del procedimientoProcedimientoDuraci\u00f3n de la cirug\u00edaEstancia en el hospitalAnestesiaObtenga una consulta gratuitaPor favor, activa JavaScript en tu navegador para completar este formulario.Por favor, activa JavaScript en tu navegador para completar este formulario.Nombre * Detalles la p\u00e1gina Tel\u00e9fono *Obtenga una consulta gratuita Procedimiento | Coste | Cl\u00ednica | Recuperaci\u00f3n | Rese\u00f1as...","protected":false},"author":1,"featured_media":122593,"parent":37110,"menu_order":0,"comment_status":"closed","ping_status":"closed","template":"","meta":{"_mi_skip_tracking":false,"_monsterinsights_sitenote_active":false,"_monsterinsights_sitenote_note":"","_monsterinsights_sitenote_category":0,"_uf_show_specific_survey":0,"_uf_disable_surveys":false,"footnotes":""},"procedure":[321],"class_list":["post-40933","page","type-page","status-publish","has-post-thumbnail","hentry","procedure-general-surgery"],"_links":{"self":[{"href":"https:\/\/clinicmono.com\/es\/wp-json\/wp\/v2\/pages\/40933","targetHints":{"allow":["GET"]}}],"collection":[{"href":"https:\/\/clinicmono.com\/es\/wp-json\/wp\/v2\/pages"}],"about":[{"href":"https:\/\/clinicmono.com\/es\/wp-json\/wp\/v2\/types\/page"}],"author":[{"embeddable":true,"href":"https:\/\/clinicmono.com\/es\/wp-json\/wp\/v2\/users\/1"}],"replies":[{"embeddable":true,"href":"https:\/\/clinicmono.com\/es\/wp-json\/wp\/v2\/comments?post=40933"}],"version-history":[{"count":0,"href":"https:\/\/clinicmono.com\/es\/wp-json\/wp\/v2\/pages\/40933\/revisions"}],"up":[{"embeddable":true,"href":"https:\/\/clinicmono.com\/es\/wp-json\/wp\/v2\/pages\/37110"}],"wp:featuredmedia":[{"embeddable":true,"href":"https:\/\/clinicmono.com\/es\/wp-json\/wp\/v2\/media\/122593"}],"wp:attachment":[{"href":"https:\/\/clinicmono.com\/es\/wp-json\/wp\/v2\/media?parent=40933"}],"wp:term":[{"taxonomy":"procedure","embeddable":true,"href":"https:\/\/clinicmono.com\/es\/wp-json\/wp\/v2\/procedure?post=40933"}],"curies":[{"name":"wp","href":"https:\/\/api.w.org\/{rel}","templated":true}]}}