{"id":37644,"date":"2023-10-03T15:31:41","date_gmt":"2023-10-03T15:31:41","guid":{"rendered":"https:\/\/clinicmono.com\/recomienda-a-un-amigo\/"},"modified":"2024-02-26T02:02:28","modified_gmt":"2024-02-26T02:02:28","slug":"refer-your-friend","status":"publish","type":"page","link":"https:\/\/clinicmono.com\/es\/refer-your-friend\/","title":{"rendered":"Recomienda a un amigo"},"content":{"rendered":"<section class=\"l-section wpb_row height_custom with_img\"><div class=\"l-section-img\" role=\"img\" data-img-width=\"1920\" data-img-height=\"400\" style=\"background-image: url(https:\/\/clinicmono.com\/wp-content\/uploads\/2023\/05\/call1.jpg);background-repeat: no-repeat;background-size: auto;\"><\/div><div class=\"l-section-h i-cf\"><div class=\"g-cols vc_row via_flex valign_top type_default stacking_default\"><div class=\"vc_col-sm-12 wpb_column vc_column_container\"><div class=\"vc_column-inner\"><div class=\"wpb_wrapper\"><div class=\"wpb_text_column\"><div class=\"wpb_wrapper\"><h1 style=\"text-align: center;\">Recomienda a un amigo<\/h1>\n<\/div><\/div><nav class=\"g-breadcrumbs separator_icon align_center\" itemscope itemtype=\"http:\/\/schema.org\/BreadcrumbList\"><div class=\"g-breadcrumbs-item\" itemscope itemprop=\"itemListElement\" itemtype=\"http:\/\/schema.org\/ListItem\"><a itemprop=\"item\" href=\"https:\/\/clinicmono.com\/es\/\"><span itemprop=\"name\">Cl\u00ednica Mono<\/span><\/a><meta itemprop=\"position\" content=\"1\"\/><\/div><div class=\"g-breadcrumbs-separator\"><i class=\"far fa-angle-double-right\"><\/i><\/div><div class=\"g-breadcrumbs-item\">P\u00e1ginas<\/div><\/nav><\/div><\/div><\/div><\/div><\/div><\/section><section class=\"l-section wpb_row height_custom\"><div class=\"l-section-h i-cf\"><div class=\"g-cols vc_row via_flex valign_middle type_default stacking_default\"><div class=\"vc_col-sm-6 wpb_column vc_column_container\"><div class=\"vc_column-inner\"><div class=\"wpb_wrapper\"><div class=\"g-cols wpb_row via_flex valign_top type_default stacking_default\"><div class=\"vc_col-sm-12 wpb_column vc_column_container\"><div class=\"vc_column-inner\"><div class=\"wpb_wrapper\"><div class=\"wpb_text_column\"><div class=\"wpb_wrapper\"><h3>SIN TURNOS, SIN TAREAS DIARIAS Y SIN ESFUERZO<\/h3>\n<\/div><\/div><div class=\"w-separator size_medium\"><\/div><div class=\"wpforms-container wpforms-render-modern\" id=\"wpforms-42154\"><form id=\"wpforms-form-42154\" class=\"wpforms-validate wpforms-form wpforms-ajax-form\" data-formid=\"42154\" method=\"post\" enctype=\"multipart\/form-data\" action=\"\/es\/wp-json\/wp\/v2\/pages\/37644\" data-token=\"5e515f5334ef61955eb4bf78769cf4ad\" data-token-time=\"1775248903\"><noscript class=\"wpforms-error-noscript\">Por favor, activa JavaScript en tu navegador para completar este formulario.<\/noscript><div id=\"wpforms-error-noscript\" style=\"display: none;\">Por favor, activa JavaScript en tu navegador para completar este formulario.<\/div><div class=\"wpforms-field-container\"><div id=\"wpforms-42154-field_2-container\" class=\"wpforms-field wpforms-field-text\" data-field-id=\"2\"><label class=\"wpforms-field-label wpforms-label-hide\" for=\"wpforms-42154-field_2\" aria-hidden=\"false\">Name and Lastname <span class=\"wpforms-required-label\" aria-hidden=\"true\">*<\/span><\/label><input type=\"text\" id=\"wpforms-42154-field_2\" class=\"wpforms-field-large wpforms-field-required\" name=\"wpforms[fields][2]\" placeholder=\"Name And Lastname\" aria-errormessage=\"wpforms-42154-field_2-error\" required><\/div><div id=\"wpforms-42154-field_1-container\" class=\"wpforms-field wpforms-field-phone\" data-field-id=\"1\"><label class=\"wpforms-field-label wpforms-label-hide\" for=\"wpforms-42154-field_1\" aria-hidden=\"false\">Phone <span class=\"wpforms-required-label\" aria-hidden=\"true\">*<\/span><\/label><input type=\"tel\" id=\"wpforms-42154-field_1\" class=\"wpforms-field-large wpforms-field-required wpforms-smart-phone-field\" data-rule-smart-phone-field=\"true\" name=\"wpforms[fields][1]\" aria-label=\"Phone\" aria-errormessage=\"wpforms-42154-field_1-error\" required><\/div><div id=\"wpforms-42154-field_8-container\" class=\"wpforms-field wpforms-field-email\" data-field-id=\"8\"><label class=\"wpforms-field-label wpforms-label-hide\" for=\"wpforms-42154-field_8\" aria-hidden=\"false\">Email <span class=\"wpforms-required-label\" aria-hidden=\"true\">*<\/span><\/label><input type=\"email\" id=\"wpforms-42154-field_8\" class=\"wpforms-field-large wpforms-field-required\" name=\"wpforms[fields][8]\" placeholder=\"Email\" spellcheck=\"false\" aria-errormessage=\"wpforms-42154-field_8-error\" required><\/div>\t\t<div id=\"wpforms-42154-field_3-container\"\n\t\t\tclass=\"wpforms-field wpforms-field-text\"\n\t\t\tdata-field-type=\"text\"\n\t\t\tdata-field-id=\"3\"\n\t\t\t>\n\t\t\t<label class=\"wpforms-field-label\" for=\"wpforms-42154-field_3\" >Lastname Name and<\/label>\n\t\t\t<input type=\"text\" id=\"wpforms-42154-field_3\" class=\"wpforms-field-medium\" name=\"wpforms[fields][3]\" >\n\t\t<\/div>\n\t\t<div id=\"wpforms-42154-field_9-container\" class=\"wpforms-field wpforms-field-hidden\" data-field-id=\"9\"><input type=\"hidden\" id=\"wpforms-42154-field_9\" name=\"wpforms[fields][9]\"><\/div><script>\n\t\t\t\t( function() {\n\t\t\t\t\tconst style = document.createElement( 'style' );\n\t\t\t\t\tstyle.appendChild( document.createTextNode( '#wpforms-42154-field_3-container { position: absolute !important; overflow: hidden !important; display: inline !important; height: 1px !important; width: 1px !important; z-index: -1000 !important; padding: 0 !important; } #wpforms-42154-field_3-container input { visibility: hidden; } #wpforms-conversational-form-page #wpforms-42154-field_3-container label { counter-increment: none; }' ) );\n\t\t\t\t\tdocument.head.appendChild( style );\n\t\t\t\t\tdocument.currentScript?.remove();\n\t\t\t\t} )();\n\t\t\t<\/script><\/div><!-- .wpforms-field-container --><div class=\"wpforms-recaptcha-container wpforms-is-recaptcha wpforms-is-recaptcha-type-v3\" ><input type=\"hidden\" name=\"wpforms[recaptcha]\" value=\"\"><\/div><div class=\"wpforms-submit-container\" ><input type=\"hidden\" name=\"wpforms[id]\" value=\"42154\"><input type=\"hidden\" name=\"page_title\" value=\"\"><input type=\"hidden\" name=\"page_url\" value=\"https:\/\/clinicmono.com\/es\/wp-json\/wp\/v2\/pages\/37644\"><input type=\"hidden\" name=\"url_referer\" value=\"\"><button type=\"submit\" name=\"wpforms[submit]\" id=\"wpforms-submit-42154\" class=\"wpforms-submit\" data-alt-text=\"Sending...\" data-submit-text=\"Join Program\" aria-live=\"assertive\" value=\"wpforms-submit\">Join Program<\/button><img loading=\"lazy\" decoding=\"async\" src=\"https:\/\/clinicmono.com\/wp-content\/plugins\/wpforms\/assets\/images\/submit-spin.svg\" class=\"wpforms-submit-spinner\" style=\"display: none;\" width=\"26\" height=\"26\" alt=\"Cargando\"><\/div><\/form><\/div>  <!-- .wpforms-container --><\/div><\/div><\/div><\/div><\/div><\/div><\/div><div class=\"vc_col-sm-6 wpb_column vc_column_container\"><div class=\"vc_column-inner\"><div class=\"wpb_wrapper\"><div class=\"g-cols wpb_row via_flex valign_middle type_boxes stacking_default\"><div class=\"vc_col-sm-12 wpb_column vc_column_container\"><div class=\"vc_column-inner\"><div class=\"wpb_wrapper\"><div class=\"wpb_text_column\"><div class=\"wpb_wrapper\"><p><iframe loading=\"lazy\" title=\"Reproductor de v\u00eddeo YouTube\" src=\"https:\/\/www.youtube.com\/embed\/gzr91GwNfIQ?si=WpqiOhdbqzVQ18FI\" width=\"560\" height=\"315\" frameborder=\"0\" allowfullscreen=\"allowfullscreen\"><\/iframe><\/p>\n<\/div><\/div><\/div><\/div><\/div><\/div><\/div><\/div><\/div><\/div><\/div><\/section><section class=\"l-section wpb_row height_small width_full color_primary\"><div class=\"l-section-h i-cf\"><div class=\"g-cols vc_row via_flex valign_middle type_default stacking_default\"><div class=\"vc_col-sm-1\/5 wpb_column vc_column_container\"><div class=\"vc_column-inner\"><div class=\"wpb_wrapper\"><\/div><\/div><\/div><div class=\"vc_col-sm-2\/5 wpb_column vc_column_container\"><div class=\"vc_column-inner\"><div class=\"wpb_wrapper\"><div class=\"wpb_text_column\"><div class=\"wpb_wrapper\"><h2 style=\"text-align: right;\">Si tiene una cuenta<\/h2>\n<\/div><\/div><\/div><\/div><\/div><div class=\"vc_col-sm-2\/5 wpb_column vc_column_container\"><div class=\"vc_column-inner\"><div class=\"wpb_wrapper\"><div class=\"w-btn-wrapper align_left\"><a class=\"w-btn us-btn-style_1\" href=\"#\"><span class=\"w-btn-label\">Acceder<\/span><\/a><\/div><\/div><\/div><\/div><\/div><\/div><\/section><section class=\"l-section wpb_row height_custom\"><div class=\"l-section-h i-cf\"><div class=\"g-cols vc_row via_flex valign_top type_default stacking_default\"><div class=\"vc_col-sm-12 wpb_column vc_column_container\"><div class=\"vc_column-inner\"><div class=\"wpb_wrapper\"><div class=\"g-cols wpb_row via_flex valign_middle type_default stacking_default\"><div class=\"vc_col-sm-6 wpb_column vc_column_container\"><div class=\"vc_column-inner\"><div class=\"wpb_wrapper\"><div class=\"w-image align_none\"><div class=\"w-image-h\"><img decoding=\"async\" width=\"590\" height=\"420\" src=\"https:\/\/clinicmono.com\/wp-content\/uploads\/2023\/05\/ref5.webp\" class=\"attachment-full size-full\" alt=\"\" loading=\"lazy\" \/><\/div><\/div><\/div><\/div><\/div><div class=\"vc_col-sm-6 wpb_column vc_column_container\"><div class=\"vc_column-inner\"><div class=\"wpb_wrapper\"><div class=\"wpb_text_column\"><div class=\"wpb_wrapper\"><h2>\u00bfCU\u00c1NTO GANAR\u00c1?<\/h2>\n<p><em>T\u00fa decides cu\u00e1nto ganas.<\/em><\/p>\n<p><em><strong>Cuantos m\u00e1s<\/strong> pacientes <strong>remita<\/strong>, <strong>m\u00e1s<\/strong> aumentar\u00e1n sus <strong>ingresos<\/strong>.<\/em><\/p>\n<\/div><\/div><\/div><\/div><\/div><\/div><div class=\"g-cols wpb_row via_flex valign_middle type_default stacking_default\"><div class=\"vc_col-sm-6 wpb_column vc_column_container\"><div class=\"vc_column-inner\"><div class=\"wpb_wrapper\"><div class=\"wpb_text_column\"><div class=\"wpb_wrapper\"><h2>\u00bfQU\u00c9 VENTAJAS OBTENDR\u00c1?<\/h2>\n<ul>\n<li>Alto porcentaje de comisiones<\/li>\n<li>Bonificaci\u00f3n especial<\/li>\n<li>Ingresos mensuales sin empleo<\/li>\n<li>Oportunidades de vacaciones<\/li>\n<li>Monomoney v\u00e1lido para todos los tratamientos en Mono<\/li>\n<\/ul>\n<\/div><\/div><\/div><\/div><\/div><div class=\"vc_col-sm-6 wpb_column vc_column_container\"><div class=\"vc_column-inner\"><div class=\"wpb_wrapper\"><div class=\"w-image align_none\"><div class=\"w-image-h\"><img decoding=\"async\" width=\"590\" height=\"385\" src=\"https:\/\/clinicmono.com\/wp-content\/uploads\/2023\/05\/holi2.webp\" class=\"attachment-full size-full\" alt=\"\" loading=\"lazy\" \/><\/div><\/div><\/div><\/div><\/div><\/div><div class=\"g-cols wpb_row via_flex valign_middle type_default stacking_default\"><div class=\"vc_col-sm-6 wpb_column vc_column_container\"><div class=\"vc_column-inner\"><div class=\"wpb_wrapper\"><div class=\"w-image align_none\"><div class=\"w-image-h\"><img decoding=\"async\" width=\"590\" height=\"420\" src=\"https:\/\/clinicmono.com\/wp-content\/uploads\/2023\/05\/boss1.webp\" class=\"attachment-full size-full\" alt=\"\" loading=\"lazy\" \/><\/div><\/div><\/div><\/div><\/div><div class=\"vc_col-sm-6 wpb_column vc_column_container\"><div class=\"vc_column-inner\"><div class=\"wpb_wrapper\"><div class=\"wpb_text_column\"><div class=\"wpb_wrapper\"><h2>CONVI\u00c9RTETE EN TU PROPIO JEFE<\/h2>\n<ul>\n<li>Al unirse al Programa de Referidos de Mono, puede aumentar sus ganancias 24\/7.<\/li>\n<li>Gana online,<\/li>\n<li>Sin turnos,<\/li>\n<li>Sin tareas diarias<\/li>\n<li>Sin esfuerzo.<\/li>\n<\/ul>\n<\/div><\/div><\/div><\/div><\/div><\/div><\/div><\/div><\/div><\/div><\/div><\/section><section class=\"l-section wpb_row height_custom\"><div class=\"l-section-h i-cf\"><div class=\"g-cols vc_row via_flex valign_top type_default stacking_default\"><div class=\"vc_col-sm-4 wpb_column vc_column_container has_bg_color\"><div class=\"vc_column-inner us_custom_92c7bab3\"><div class=\"wpb_wrapper\"><div class=\"w-iconbox iconpos_top style_default color_primary align_center no_text icontype_img\"><div class=\"w-iconbox-icon\" style=\"font-size:90px;\"><img loading=\"lazy\" decoding=\"async\" width=\"1080\" height=\"1080\" src=\"https:\/\/clinicmono.com\/wp-content\/uploads\/2023\/10\/1.png\" class=\"attachment-full size-full\" alt=\"\" srcset=\"https:\/\/clinicmono.com\/wp-content\/uploads\/2023\/10\/1.png 1080w, https:\/\/clinicmono.com\/wp-content\/uploads\/2023\/10\/1-500x500.png 500w, https:\/\/clinicmono.com\/wp-content\/uploads\/2023\/10\/1-600x600.png 600w, https:\/\/clinicmono.com\/wp-content\/uploads\/2023\/10\/1-300x300.png 300w, https:\/\/clinicmono.com\/wp-content\/uploads\/2023\/10\/1-1024x1024.png 1024w, https:\/\/clinicmono.com\/wp-content\/uploads\/2023\/10\/1-400x400.png 400w, https:\/\/clinicmono.com\/wp-content\/uploads\/2023\/10\/1-150x150.png 150w\" sizes=\"(max-width: 1080px) 100vw, 1080px\" \/><\/div><div class=\"w-iconbox-meta\"><h2 class=\"w-iconbox-title\">Recomendar a un amigo<\/h2><\/div><\/div><div class=\"w-separator us_custom_a9144536 size_small with_line width_50 thick_5 style_solid color_primary align_none\"><div class=\"w-separator-h\"><\/div><\/div><\/div><\/div><\/div><div class=\"vc_col-sm-4 wpb_column vc_column_container has_bg_color\"><div class=\"vc_column-inner us_custom_92c7bab3\"><div class=\"wpb_wrapper\"><div class=\"w-iconbox iconpos_top style_default color_primary align_center no_text icontype_img\"><div class=\"w-iconbox-icon\" style=\"font-size:90px;\"><img loading=\"lazy\" decoding=\"async\" width=\"1080\" height=\"1080\" src=\"https:\/\/clinicmono.com\/wp-content\/uploads\/2023\/10\/2.png\" class=\"attachment-full size-full\" alt=\"\" srcset=\"https:\/\/clinicmono.com\/wp-content\/uploads\/2023\/10\/2.png 1080w, https:\/\/clinicmono.com\/wp-content\/uploads\/2023\/10\/2-500x500.png 500w, https:\/\/clinicmono.com\/wp-content\/uploads\/2023\/10\/2-600x600.png 600w, https:\/\/clinicmono.com\/wp-content\/uploads\/2023\/10\/2-300x300.png 300w, https:\/\/clinicmono.com\/wp-content\/uploads\/2023\/10\/2-1024x1024.png 1024w, https:\/\/clinicmono.com\/wp-content\/uploads\/2023\/10\/2-400x400.png 400w, https:\/\/clinicmono.com\/wp-content\/uploads\/2023\/10\/2-150x150.png 150w\" sizes=\"(max-width: 1080px) 100vw, 1080px\" \/><\/div><div class=\"w-iconbox-meta\"><h2 class=\"w-iconbox-title\">Cuando su amigo reserve<\/h2><\/div><\/div><div class=\"w-separator size_small with_line width_50 thick_5 style_solid color_primary align_none\"><div class=\"w-separator-h\"><\/div><\/div><\/div><\/div><\/div><div class=\"vc_col-sm-4 wpb_column vc_column_container has_bg_color\"><div class=\"vc_column-inner us_custom_92c7bab3\"><div class=\"wpb_wrapper\"><div class=\"w-iconbox iconpos_top style_default color_primary align_center no_text icontype_img\"><div class=\"w-iconbox-icon\" style=\"font-size:90px;\"><img loading=\"lazy\" decoding=\"async\" width=\"1080\" height=\"1080\" src=\"https:\/\/clinicmono.com\/wp-content\/uploads\/2023\/10\/3.png\" class=\"attachment-full size-full\" alt=\"\" srcset=\"https:\/\/clinicmono.com\/wp-content\/uploads\/2023\/10\/3.png 1080w, https:\/\/clinicmono.com\/wp-content\/uploads\/2023\/10\/3-500x500.png 500w, https:\/\/clinicmono.com\/wp-content\/uploads\/2023\/10\/3-600x600.png 600w, https:\/\/clinicmono.com\/wp-content\/uploads\/2023\/10\/3-300x300.png 300w, https:\/\/clinicmono.com\/wp-content\/uploads\/2023\/10\/3-1024x1024.png 1024w, https:\/\/clinicmono.com\/wp-content\/uploads\/2023\/10\/3-400x400.png 400w, https:\/\/clinicmono.com\/wp-content\/uploads\/2023\/10\/3-150x150.png 150w\" sizes=\"(max-width: 1080px) 100vw, 1080px\" \/><\/div><div class=\"w-iconbox-meta\"><h2 class=\"w-iconbox-title\">Gane dinero<\/h2><\/div><\/div><div class=\"w-separator size_small with_line width_50 thick_5 style_solid color_primary align_left\"><div class=\"w-separator-h\"><\/div><\/div><\/div><\/div><\/div><\/div><\/div><\/section><section class=\"l-section wpb_row height_custom\"><div class=\"l-section-h i-cf\"><div class=\"g-cols vc_row via_flex valign_top type_default stacking_default\"><div class=\"vc_col-sm-12 wpb_column vc_column_container\"><div class=\"vc_column-inner\"><div class=\"wpb_wrapper\"><div class=\"w-tabs style_default switch_click accordion has_scrolling\" style=\"--sections-title-size:inherit\"><div class=\"w-tabs-sections titles-align_none icon_chevron cpos_right\"><div class=\"w-tabs-section\" id=\"o15f\"><button class=\"w-tabs-section-header\" aria-controls=\"content-o15f\" aria-expanded=\"false\"><div class=\"w-tabs-section-title\">\u00bfQui\u00e9n puede participar en el Programa de Referencia Mono?<\/div><div class=\"w-tabs-section-control\"><\/div><\/button><div  class=\"w-tabs-section-content\" id=\"content-o15f\"><div class=\"w-tabs-section-content-h i-cf\"><div class=\"wpb_text_column\"><div class=\"wpb_wrapper\"><p>Todo el mundo puede participar en este programa, no es necesario haber estado antes en Mono.<\/p>\n<\/div><\/div><\/div><\/div><\/div><div class=\"w-tabs-section\" id=\"c3c7\"><button class=\"w-tabs-section-header\" aria-controls=\"content-c3c7\" aria-expanded=\"false\"><div class=\"w-tabs-section-title\">\u00bfHay que pagar para participar en el programa?<\/div><div class=\"w-tabs-section-control\"><\/div><\/button><div  class=\"w-tabs-section-content\" id=\"content-c3c7\"><div class=\"w-tabs-section-content-h i-cf\"><div class=\"wpb_text_column\"><div class=\"wpb_wrapper\"><p>No, es totalmente gratuito. Todo lo que tienes que hacer para participar en este programa es registrarte y crear un c\u00f3digo de descuento para ti.<\/p>\n<\/div><\/div><\/div><\/div><\/div><div class=\"w-tabs-section\" id=\"w5ea\"><button class=\"w-tabs-section-header\" aria-controls=\"content-w5ea\" aria-expanded=\"false\"><div class=\"w-tabs-section-title\">\u00bfC\u00f3mo recibo el dinero que gano?<\/div><div class=\"w-tabs-section-control\"><\/div><\/button><div  class=\"w-tabs-section-content\" id=\"content-w5ea\"><div class=\"w-tabs-section-content-h i-cf\"><div class=\"wpb_text_column\"><div class=\"wpb_wrapper\"><p>El dinero que ganes se enviar\u00e1 a tu cuenta bancaria. Si ahorra el dinero que gana con sus recomendaciones, podr\u00e1 utilizarlo para todos los tratamientos en Mono.<\/p>\n<\/div><\/div><\/div><\/div><\/div><div class=\"w-tabs-section\" id=\"x83a\"><button class=\"w-tabs-section-header\" aria-controls=\"content-x83a\" aria-expanded=\"false\"><div class=\"w-tabs-section-title\">No tengo cuenta en las redes sociales, \u00bfc\u00f3mo puedo compartir mi c\u00f3digo de descuento?<\/div><div class=\"w-tabs-section-control\"><\/div><\/button><div  class=\"w-tabs-section-content\" id=\"content-x83a\"><div class=\"w-tabs-section-content-h i-cf\"><div class=\"wpb_text_column\"><div class=\"wpb_wrapper\"><p>Puede mencionar a cualquier persona sobre Mono en sus conversaciones diarias y obtener los mismos beneficios que obtendr\u00eda en l\u00ednea. (con tus amigos, familia, compa\u00f1eros de trabajo)<\/p>\n<\/div><\/div><\/div><\/div><\/div><div class=\"w-tabs-section\" id=\"ca5f\"><button class=\"w-tabs-section-header\" aria-controls=\"content-ca5f\" aria-expanded=\"false\"><div class=\"w-tabs-section-title\">\u00bfC\u00f3mo se gana una bonificaci\u00f3n?<\/div><div class=\"w-tabs-section-control\"><\/div><\/button><div  class=\"w-tabs-section-content\" id=\"content-ca5f\"><div class=\"w-tabs-section-content-h i-cf\"><div class=\"wpb_text_column\"><div class=\"wpb_wrapper\"><p>Cuando las personas que recomiendes alcancen un n\u00famero objetivo, tu comisi\u00f3n aumentar\u00e1 por persona y se a\u00f1adir\u00e1n bonificaciones.<\/p>\n<\/div><\/div><\/div><\/div><\/div><div class=\"w-tabs-section\" id=\"ic7e\"><button class=\"w-tabs-section-header\" aria-controls=\"content-ic7e\" aria-expanded=\"false\"><div class=\"w-tabs-section-title\">\u00bfC\u00f3mo har\u00e9 el seguimiento de mis referencias?<\/div><div class=\"w-tabs-section-control\"><\/div><\/button><div  class=\"w-tabs-section-content\" id=\"content-ic7e\"><div class=\"w-tabs-section-content-h i-cf\"><div class=\"wpb_text_column\"><div class=\"wpb_wrapper\"><p>Tendr\u00e1s un panel de control donde podr\u00e1s seguir a los referidos que refieras, y podr\u00e1s seguir el dinero y las oportunidades que ganes desde aqu\u00ed.<\/p>\n<\/div><\/div><\/div><\/div><\/div><\/div><\/div><\/div><\/div><\/div><\/div><\/div><\/section>\n","protected":false},"excerpt":{"rendered":"Recomienda a un amigo Cl\u00ednica MonoP\u00e1ginasSIN TURNOS, SIN TAREAS DIARIAS Y SIN ESFUERZO Por favor, activa JavaScript en tu navegador para completar este formulario.Por favor, activa JavaScript en tu navegador para completar este formulario.Name and Lastname *Phone *Email * Title Name Lastname Join Program Si tiene una cuenta Acceder\u00bfCU\u00c1NTO GANAR\u00c1? T\u00fa decides cu\u00e1nto ganas. Cuantos...","protected":false},"author":1,"featured_media":0,"parent":0,"menu_order":0,"comment_status":"closed","ping_status":"closed","template":"","meta":{"rank_math_lock_modified_date":false,"_mi_skip_tracking":false,"_monsterinsights_sitenote_active":false,"_monsterinsights_sitenote_note":"","_monsterinsights_sitenote_category":0,"_uf_show_specific_survey":0,"_uf_disable_surveys":false,"footnotes":""},"procedure":[],"class_list":["post-37644","page","type-page","status-publish","hentry"],"_links":{"self":[{"href":"https:\/\/clinicmono.com\/es\/wp-json\/wp\/v2\/pages\/37644"}],"collection":[{"href":"https:\/\/clinicmono.com\/es\/wp-json\/wp\/v2\/pages"}],"about":[{"href":"https:\/\/clinicmono.com\/es\/wp-json\/wp\/v2\/types\/page"}],"author":[{"embeddable":true,"href":"https:\/\/clinicmono.com\/es\/wp-json\/wp\/v2\/users\/1"}],"replies":[{"embeddable":true,"href":"https:\/\/clinicmono.com\/es\/wp-json\/wp\/v2\/comments?post=37644"}],"version-history":[{"count":14,"href":"https:\/\/clinicmono.com\/es\/wp-json\/wp\/v2\/pages\/37644\/revisions"}],"predecessor-version":[{"id":119521,"href":"https:\/\/clinicmono.com\/es\/wp-json\/wp\/v2\/pages\/37644\/revisions\/119521"}],"wp:attachment":[{"href":"https:\/\/clinicmono.com\/es\/wp-json\/wp\/v2\/media?parent=37644"}],"wp:term":[{"taxonomy":"procedure","embeddable":true,"href":"https:\/\/clinicmono.com\/es\/wp-json\/wp\/v2\/procedure?post=37644"}],"curies":[{"name":"wp","href":"https:\/\/api.w.org\/{rel}","templated":true}]}}