{"id":37449,"date":"2023-11-20T17:17:52","date_gmt":"2023-11-20T17:17:52","guid":{"rendered":"https:\/\/clinicmono.com\/cerebro-y-neurocirugia\/neurocirugia\/"},"modified":"2024-07-25T18:39:23","modified_gmt":"2024-07-25T18:39:23","slug":"neurosurgery","status":"publish","type":"page","link":"https:\/\/clinicmono.com\/es\/brain-and-neurosurgery\/neurosurgery\/","title":{"rendered":"Neurocirug\u00eda"},"content":{"rendered":"<section class=\"l-section wpb_row height_custom with_img parallax_ver\"><div class=\"l-section-img\" role=\"img\" data-img-width=\"1920\" data-img-height=\"600\" style=\"background-image: url(https:\/\/clinicmono.com\/wp-content\/uploads\/2023\/11\/neurosurgery.webp);background-size: auto;\"><\/div><div class=\"l-section-overlay\" style=\"background:rgba(0,0,0,0.47)\"><\/div><div class=\"l-section-h i-cf\"><div class=\"g-cols vc_row via_flex valign_top type_default stacking_default\"><div class=\"vc_col-sm-12 wpb_column vc_column_container\"><div class=\"vc_column-inner\"><div class=\"wpb_wrapper\"><div class=\"wpb_text_column us_custom_8b3d6790 has_text_color\"><div class=\"wpb_wrapper\"><h1 style=\"text-align: center;\">Neurocirug\u00eda<\/h1>\n<\/div><\/div><div class=\"w-separator size_small\"><\/div><nav class=\"g-breadcrumbs us_custom_8b3d6790 has_text_color separator_icon align_center\" itemscope itemtype=\"http:\/\/schema.org\/BreadcrumbList\"><div class=\"g-breadcrumbs-item\">P\u00e1ginas<\/div><\/nav><div class=\"w-separator size_small\"><\/div><\/div><\/div><\/div><\/div><\/div><\/section><section class=\"l-section wpb_row height_small\"><div class=\"l-section-h i-cf\"><div class=\"g-cols vc_row via_flex valign_top type_default stacking_default\"><div class=\"vc_col-sm-8 wpb_column vc_column_container\"><div class=\"vc_column-inner\"><div class=\"wpb_wrapper\"><div class=\"g-cols wpb_row us_custom_4f163811 via_flex valign_top type_default stacking_default\"><div class=\"vc_col-sm-12 wpb_column vc_column_container\"><div class=\"vc_column-inner\"><div class=\"wpb_wrapper\"><h3 class=\"w-text\"><span class=\"w-text-h\"><span class=\"w-text-value\">Resumen del procedimiento<\/span><\/span><\/h3><div class=\"w-separator size_small\"><\/div><div class=\"w-iconbox iconpos_left style_default color_primary align_left no_text\"><div class=\"w-iconbox-icon\" style=\"font-size:1.4rem;\"><i class=\"fas fa-procedures\"><\/i><\/div><div class=\"w-iconbox-meta\"><h4 class=\"w-iconbox-title\">Procedimiento<\/h4><\/div><\/div><div class=\"w-separator size_small\"><\/div><div class=\"w-iconbox iconpos_left style_default color_primary align_left no_text\"><div class=\"w-iconbox-icon\" style=\"font-size:1rem;\"><i class=\"fas fa-clock\"><\/i><\/div><div class=\"w-iconbox-meta\"><h4 class=\"w-iconbox-title\">Duraci\u00f3n de la cirug\u00eda<\/h4><\/div><\/div><div class=\"w-separator size_small\"><\/div><div class=\"w-iconbox iconpos_left style_default color_primary align_left no_text\"><div class=\"w-iconbox-icon\" style=\"font-size:1rem;\"><i class=\"fas fa-hospital\"><\/i><\/div><div class=\"w-iconbox-meta\"><h4 class=\"w-iconbox-title\">Estancia en el hospital<\/h4><\/div><\/div><div class=\"w-separator size_small\"><\/div><div class=\"w-iconbox iconpos_left style_default color_primary align_left no_text\"><div class=\"w-iconbox-icon\" style=\"font-size:1rem;\"><i class=\"fas fa-syringe\"><\/i><\/div><div class=\"w-iconbox-meta\"><h4 class=\"w-iconbox-title\">Anestesia<\/h4><\/div><\/div><\/div><\/div><\/div><\/div><\/div><\/div><\/div><div class=\"vc_col-sm-4 wpb_column vc_column_container\"><div class=\"vc_column-inner\"><div class=\"wpb_wrapper\"><div class=\"g-cols wpb_row us_custom_c5a47681 via_flex valign_top type_default stacking_default\"><div class=\"vc_col-sm-12 wpb_column vc_column_container\"><div class=\"vc_column-inner\"><div class=\"wpb_wrapper\"><h3 class=\"w-text\"><span class=\"w-text-h\"><span class=\"w-text-value\">Obtenga una consulta gratuita<\/span><\/span><\/h3><div class=\"w-separator size_small\"><\/div><div class=\"wpforms-container wpforms-render-modern\" id=\"wpforms-22672\"><form id=\"wpforms-form-22672\" class=\"wpforms-validate wpforms-form wpforms-ajax-form\" data-formid=\"22672\" method=\"post\" enctype=\"multipart\/form-data\" action=\"\/es\/wp-json\/wp\/v2\/pages\/37449\" data-token=\"cd205e89910f375c128606cd3b8fcd04\" data-token-time=\"1775270904\"><noscript class=\"wpforms-error-noscript\">Por favor, activa JavaScript en tu navegador para completar este formulario.<\/noscript><div id=\"wpforms-error-noscript\" style=\"display: none;\">Por favor, activa JavaScript en tu navegador para completar este formulario.<\/div><div class=\"wpforms-field-container\"><div id=\"wpforms-22672-field_0-container\" class=\"wpforms-field wpforms-field-name\" data-field-id=\"0\"><label class=\"wpforms-field-label wpforms-label-hide\" for=\"wpforms-22672-field_0\" aria-hidden=\"false\">Nombre <span class=\"wpforms-required-label\" aria-hidden=\"true\">*<\/span><\/label><input type=\"text\" id=\"wpforms-22672-field_0\" class=\"wpforms-field-large wpforms-field-required\" name=\"wpforms[fields][0]\" placeholder=\"Nombre y apellidos\" aria-errormessage=\"wpforms-22672-field_0-error\" required><\/div><div id=\"wpforms-22672-field_5-container\" class=\"wpforms-field wpforms-field-phone\" data-field-id=\"5\"><label class=\"wpforms-field-label wpforms-label-hide\" for=\"wpforms-22672-field_5\" aria-hidden=\"false\">Tel\u00e9fono <span class=\"wpforms-required-label\" aria-hidden=\"true\">*<\/span><\/label><input type=\"tel\" id=\"wpforms-22672-field_5\" class=\"wpforms-field-large wpforms-field-required wpforms-smart-phone-field\" data-rule-smart-phone-field=\"true\" name=\"wpforms[fields][5]\" aria-label=\"Tel\u00e9fono\" aria-errormessage=\"wpforms-22672-field_5-error\" required><\/div><div id=\"wpforms-22672-field_12-container\" class=\"wpforms-field wpforms-field-hidden\" data-field-id=\"12\"><input type=\"hidden\" id=\"wpforms-22672-field_12\" name=\"wpforms[fields][12]\"><\/div>\t\t<div id=\"wpforms-22672-field_1-container\"\n\t\t\tclass=\"wpforms-field wpforms-field-text\"\n\t\t\tdata-field-type=\"text\"\n\t\t\tdata-field-id=\"1\"\n\t\t\t>\n\t\t\t<label class=\"wpforms-field-label\" for=\"wpforms-22672-field_1\" >URL Detalles Nombre<\/label>\n\t\t\t<input type=\"text\" id=\"wpforms-22672-field_1\" class=\"wpforms-field-medium\" name=\"wpforms[fields][1]\" >\n\t\t<\/div>\n\t\t<div id=\"wpforms-22672-field_10-container\" class=\"wpforms-field wpforms-field-hidden\" data-field-id=\"10\"><input type=\"hidden\" id=\"wpforms-22672-field_10\" name=\"wpforms[fields][10]\" value=\"https:\/\/clinicmono.com\/es\/wp-json\/wp\/v2\/pages\/37449 \"><\/div><div id=\"wpforms-22672-field_15-container\" class=\"wpforms-field wpforms-field-hidden\" data-field-id=\"15\"><input type=\"hidden\" id=\"wpforms-22672-field_15\" name=\"wpforms[fields][15]\" value=\" 216.73.216.191 {entry_geolocation} \"><\/div><script>\n\t\t\t\t( function() {\n\t\t\t\t\tconst style = document.createElement( 'style' );\n\t\t\t\t\tstyle.appendChild( document.createTextNode( '#wpforms-22672-field_1-container { position: absolute !important; overflow: hidden !important; display: inline !important; height: 1px !important; width: 1px !important; z-index: -1000 !important; padding: 0 !important; } #wpforms-22672-field_1-container input { visibility: hidden; } #wpforms-conversational-form-page #wpforms-22672-field_1-container label { counter-increment: none; }' ) );\n\t\t\t\t\tdocument.head.appendChild( style );\n\t\t\t\t\tdocument.currentScript?.remove();\n\t\t\t\t} )();\n\t\t\t<\/script><\/div><!-- .wpforms-field-container --><div class=\"wpforms-recaptcha-container wpforms-is-recaptcha wpforms-is-recaptcha-type-v3\" ><input type=\"hidden\" name=\"wpforms[recaptcha]\" value=\"\"><\/div><div class=\"wpforms-submit-container\" ><input type=\"hidden\" name=\"wpforms[id]\" value=\"22672\"><input type=\"hidden\" name=\"page_title\" value=\"\"><input type=\"hidden\" name=\"page_url\" value=\"https:\/\/clinicmono.com\/es\/wp-json\/wp\/v2\/pages\/37449\"><input type=\"hidden\" name=\"url_referer\" value=\"\"><button type=\"submit\" name=\"wpforms[submit]\" id=\"wpforms-submit-22672\" class=\"wpforms-submit\" data-alt-text=\"Enviando...\" data-submit-text=\"Obtenga una consulta gratuita\" aria-live=\"assertive\" value=\"wpforms-submit\">Obtenga una consulta gratuita<\/button><img loading=\"lazy\" decoding=\"async\" src=\"https:\/\/clinicmono.com\/wp-content\/plugins\/wpforms\/assets\/images\/submit-spin.svg\" class=\"wpforms-submit-spinner\" style=\"display: none;\" width=\"26\" height=\"26\" alt=\"Cargando\"><\/div><\/form><\/div>  <!-- .wpforms-container --><\/div><\/div><\/div><\/div><\/div><\/div><\/div><\/div><\/div><\/section><section class=\"l-section wpb_row us_custom_0d5503c3 height_custom\"><div class=\"l-section-h i-cf\"><div class=\"g-cols vc_row via_flex valign_top type_default stacking_default\"><div class=\"vc_col-sm-12 wpb_column vc_column_container\"><div class=\"vc_column-inner\"><div class=\"wpb_wrapper\"><div class=\"g-cols wpb_row us_custom_1b04de86 via_flex valign_top type_default stacking_default\"><div class=\"vc_col-sm-8 wpb_column vc_column_container\"><div class=\"vc_column-inner\"><div class=\"wpb_wrapper\"><div class=\"w-hwrapper valign_top wrap align_left\"><div class=\"wpb_text_column\"><div class=\"wpb_wrapper\"><h4><a href=\"#procedures\">Procedimiento<\/a><\/h4>\n<\/div><\/div><div class=\"wpb_text_column\"><div class=\"wpb_wrapper\"><h4>|<\/h4>\n<\/div><\/div><div class=\"wpb_text_column\"><div class=\"wpb_wrapper\"><h4><a href=\"#cost\">Coste<\/a><\/h4>\n<\/div><\/div><div class=\"wpb_text_column\"><div class=\"wpb_wrapper\"><h4>|<\/h4>\n<\/div><\/div><div class=\"wpb_text_column\"><div class=\"wpb_wrapper\"><h4><a href=\"#clinic\">Cl\u00ednica<\/a><\/h4>\n<\/div><\/div><div class=\"wpb_text_column\"><div class=\"wpb_wrapper\"><h4>|<\/h4>\n<\/div><\/div><div class=\"wpb_text_column\"><div class=\"wpb_wrapper\"><h4><a href=\"#recovery\">Recuperaci\u00f3n<\/a><\/h4>\n<\/div><\/div><div class=\"wpb_text_column\"><div class=\"wpb_wrapper\"><h4>|<\/h4>\n<\/div><\/div><div class=\"wpb_text_column\"><div class=\"wpb_wrapper\"><h4><a href=\"#reviews\">Rese\u00f1as<\/a><\/h4>\n<\/div><\/div><div class=\"wpb_text_column\"><div class=\"wpb_wrapper\"><h4>|<\/h4>\n<\/div><\/div><div class=\"wpb_text_column\"><div class=\"wpb_wrapper\"><h4><a href=\"#surgeons\">Cirujanos<\/a><\/h4>\n<\/div><\/div><div class=\"wpb_text_column\"><div class=\"wpb_wrapper\"><h4>|<\/h4>\n<\/div><\/div><div class=\"wpb_text_column\"><div class=\"wpb_wrapper\"><h4><a href=\"#faqs\">Preguntas frecuentes<\/a><\/h4>\n<\/div><\/div><\/div><\/div><\/div><\/div><div class=\"vc_col-sm-4 wpb_column vc_column_container\"><div class=\"vc_column-inner\"><div class=\"wpb_wrapper\"><div class=\"wpb_text_column\"><div class=\"wpb_wrapper\"><h5 style=\"text-align: center;\"><strong>Revisado y aprobado por<\/strong><\/h5>\n<\/div><\/div><div class=\"w-separator hide_on_default hide_on_laptops size_medium\"><\/div><\/div><\/div><\/div><\/div><div class=\"w-separator size_small\"><\/div><div class=\"g-cols wpb_row via_flex valign_top type_default stacking_default\" id=\"procedures\"><div class=\"vc_col-sm-12 wpb_column vc_column_container\"><div class=\"vc_column-inner\"><div class=\"wpb_wrapper\"><div class=\"wpb_text_column\"><div class=\"wpb_wrapper\"><h1>Neurocirug\u00eda<\/h1>\n<p>  La neurocirug\u00eda es un \u00e1rea especializada de la medicina que se centra en identificar, tratar y controlar los trastornos del complejo sistema neurol\u00f3gico.<br \/>\nEl cerebro, la m\u00e9dula espinal y los nervios de las extremidades est\u00e1n incluidos en el sistema nervioso.<\/p>\n<\/div><\/div><\/div><\/div><\/div><\/div><div class=\"w-separator size_small\"><\/div><div class=\"g-cols wpb_row via_flex valign_top type_default stacking_default\"><div class=\"vc_col-sm-12 wpb_column vc_column_container\"><div class=\"vc_column-inner\"><div class=\"wpb_wrapper\"><div class=\"wpb_text_column\"><div class=\"wpb_wrapper\"><h2>Tipos de neurocirug\u00eda<\/h2>\n<p>  En neurocirug\u00eda se utilizan numerosas t\u00e9cnicas quir\u00fargicas, y cada una de ellas est\u00e1 destinada a tratar un problema particular y \u00fanico que afecta al sistema neurol\u00f3gico.<br \/>\nEntre las formas frecuentes de neurocirug\u00eda se encuentran: <strong>Cirug\u00eda de tumores cerebrales:<\/strong> Los neurocirujanos realizan operaciones para eliminar o tratar tumores y otros crecimientos anormales en el cerebro. <strong>Cirug\u00eda de la epilepsia: <\/strong>La neurocirug\u00eda puede ayudar a las personas con epilepsia cuyas crisis no se controlan con medicamentos. <strong>Cirug\u00eda neurovascular:<\/strong> Para tratar trastornos como aneurismas y malformaciones arteriovenosas (MAV), los neurocirujanos operan los vasos sangu\u00edneos del cerebro. <strong>Neurocirug\u00eda pedi\u00e1trica: <\/strong>En esta \u00e1rea los especialistas tratan a ni\u00f1os con tumores, trastornos cong\u00e9nitos y problemas de desarrollo.<\/p>\n<\/div><\/div><\/div><\/div><\/div><\/div><div class=\"w-separator size_small\"><\/div><div class=\"g-cols wpb_row via_flex valign_top type_default stacking_default\"><div class=\"vc_col-sm-12 wpb_column vc_column_container\"><div class=\"vc_column-inner\"><div class=\"wpb_wrapper\"><div class=\"wpb_text_column\"><div class=\"wpb_wrapper\"><h2>\u00bfQui\u00e9n es un neurocirujano?<\/h2>\n<p>  Un neurocirujano es un especialista m\u00e9dico altamente cualificado que ha completado una importante formaci\u00f3n en neurocirug\u00eda.<br \/>\nEstos neurocirujanos son los expertos a los que se acude en casos complicados, ya que est\u00e1n capacitados para realizar tratamientos quir\u00fargicos complejos en el sistema neurol\u00f3gico.<br \/>\nA menudo colaboran estrechamente con otros especialistas para ofrecer una atenci\u00f3n completa a los pacientes con problemas neurol\u00f3gicos.<br \/>\nEl departamento de neurocirug\u00eda de un hospital es una secci\u00f3n especializada que eval\u00faa, diagnostica y trata las enfermedades neurol\u00f3gicas.<br \/>\nEste departamento est\u00e1 repleto de cirujanos neurol\u00f3gicos cualificados y experimentados y otros especialistas sanitarios que colaboran para ofrecer la mejor atenci\u00f3n.<\/p>\n<\/div><\/div><\/div><\/div><\/div><\/div><div class=\"w-separator size_small\"><\/div><div class=\"g-cols wpb_row via_flex valign_top type_default stacking_default\" id=\"clinic\"><div class=\"vc_col-sm-12 wpb_column vc_column_container\"><div class=\"vc_column-inner\"><div class=\"wpb_wrapper\"><div class=\"wpb_text_column\"><div class=\"wpb_wrapper\"><h2>Neurocirug\u00eda a trav\u00e9s de Clinic Mono<\/h2>\n<p>  La neurocirug\u00eda es un campo especializado de la medicina que se ocupa del complejo sistema neurol\u00f3gico, que incluye el cerebro y la m\u00e9dula espinal.<br \/>\nPor muchas razones convincentes, la Cl\u00ednica Mono de Turqu\u00eda es la mejor opci\u00f3n para quienes necesitan una terapia tan especializada.<br \/>\nCuando los especialistas cerebrales contratados por Clinic Mono lleven a cabo el procedimiento de neurocirug\u00eda necesario, recibir\u00e1s con toda seguridad un tratamiento de primera clase de manos altamente capacitadas y experimentadas.<br \/>\nClinic Mono colabora con los neurocirujanos m\u00e1s cualificados de Turqu\u00eda para realizar operaciones de neurocirug\u00eda.<br \/>\nLa neurocirug\u00eda requiere precisi\u00f3n, por lo que invertimos en los servicios m\u00e9dicos, las innovaciones y las tecnolog\u00edas m\u00e1s recientes.<br \/>\nLas herramientas de vanguardia de las instituciones sanitarias colaboradoras de Clinic Mono permiten realizar procesos precisos, reduciendo el riesgo y mejorando los resultados.<br \/>\nEl enfoque de la neurocirug\u00eda de Mono considera que el cerebro de cada persona es tan \u00fanico como su huella dactilar, por lo que ofrecemos tratamientos individualizados porque reconocemos que cada paciente es \u00fanico.<\/p>\n<\/div><\/div><\/div><\/div><\/div><\/div><div class=\"vc_col-sm-12 wpb_column vc_column_container\"><div class=\"vc_column-inner\"><div class=\"wpb_wrapper\"><\/div><\/div><\/div><div class=\"w-separator size_small\"><\/div><div class=\"g-cols wpb_row via_flex valign_top type_default stacking_default\" id=\"surgeons\"><div class=\"vc_col-sm-12 wpb_column vc_column_container\"><div class=\"vc_column-inner\"><div class=\"wpb_wrapper\"><div class=\"wpb_text_column\"><div class=\"wpb_wrapper\"><h2>Mejores Neurocirujanos En Turqu\u00eda<\/h2>\n<p>  Los neurocirujanos afiliados a Clinic Mono en Turqu\u00eda est\u00e1n altamente cualificados y tienen experiencia en neurocirug\u00eda.<br \/>\nEn el marco de la colaboraci\u00f3n entre Clinic Mono e instituciones sanitarias especializadas en neurocirug\u00eda, estos cirujanos de talento aplican sus conocimientos para tratar problemas como tumores cerebrales, aneurismas y lesiones cerebrales traum\u00e1ticas.<br \/>\nLas operaciones de neurocirug\u00eda suelen incluir intervenciones complejas.<br \/>\nLas ventajas de estos tratamientos, realizados por neurocirujanos comprometidos y expertos, son inestimables en el camino de la recuperaci\u00f3n.<br \/>\nClinic Mono re\u00fane a m\u00e9dicos que utilizan las \u00faltimas tecnolog\u00edas, como la neurocirug\u00eda por imagen, para garantizar un diagn\u00f3stico y una planificaci\u00f3n del tratamiento precisos para sus pacientes.<br \/>\nLa habilidad de los neurocirujanos es crucial cuando se trata de enfermedades potencialmente mortales, como los co\u00e1gulos cerebrales.<br \/>\nEstos expertos m\u00e9dicos altamente especializados son indispensables para tratar estas crisis y son expertos en complejas operaciones de neurolog\u00eda.<\/p>\n<\/div><\/div><\/div><\/div><\/div><\/div><div class=\"w-separator size_small\"><\/div><div class=\"g-cols wpb_row via_flex valign_top type_default stacking_default\" id=\"cost\"><div class=\"vc_col-sm-12 wpb_column vc_column_container\"><div class=\"vc_column-inner\"><div class=\"wpb_wrapper\"><div class=\"wpb_text_column\"><div class=\"wpb_wrapper\"><h2>Precios de la neurocirug\u00eda en Turqu\u00eda<\/h2>\n<p>  \u00bfTe preocupan los costes de la neurocirug\u00eda?<br \/>\nLos servicios de neurocirug\u00eda facilitados por la Cl\u00ednica Mono tienen un precio razonable, lo que te permite recibir una atenci\u00f3n de calidad sin comprometer la calidad por cuestiones de coste.<br \/>\nAunque el coste de la neurocirug\u00eda puede variar, encontrar una cl\u00ednica de neurocirug\u00eda de confianza y el cirujano neurol\u00f3gico ideal puede marcar la diferencia a la hora de garantizar el mejor resultado para el paciente cuando se enfrenta a estas circunstancias.<br \/>\nTiene sentido informarse sobre el coste de la neurocirug\u00eda al considerar el procedimiento y los gastos que conlleva.<br \/>\nEl coste de la neurocirug\u00eda puede variar significativamente en funci\u00f3n de diversas variables, como el tipo de intervenci\u00f3n, la complejidad del caso y la ubicaci\u00f3n del hospital.<br \/>\nSin embargo, la Cl\u00ednica Mono de Turqu\u00eda ofrece servicios de neurocirug\u00eda asequibles y de alta calidad.<br \/>\nLos neurocirujanos cualificados preferidos por Mono son autoridades en sus profesiones.<br \/>\nLos neurocirujanos, a veces conocidos como neurocirujanos, son expertos en el tratamiento de diversos trastornos del cerebro y del sistema nervioso.<\/p>\n<\/div><\/div><\/div><\/div><\/div><\/div><div class=\"w-separator size_small\"><\/div><div class=\"g-cols wpb_row via_flex valign_top type_default stacking_default\"><div class=\"vc_col-sm-12 wpb_column vc_column_container\"><div class=\"vc_column-inner\"><div class=\"wpb_wrapper\"><div class=\"w-html\"><table class=\"customTable\">\n  <thead>\n    <tr>\n      <th>Tipo de procedimiento<\/th><th>Mono<\/th><th>Coste Reino Unido<\/th><th>Coste UE<\/th><th>Coste EE.UU.<\/th>\n    <\/tr>\n  <\/thead>\n  <tbody>\n    <tr>\n      <td>Neurocirug\u00eda<\/td><td>\u00a34000-\u00a36000<\/td>\n      <td><\/td>\n      <td><\/td>\n      <td><\/td>\n    <\/tr>\n  <\/tbody>\n<\/table><\/div><\/div><\/div><\/div><\/div><div class=\"w-separator size_small\"><\/div><div class=\"g-cols wpb_row via_flex valign_top type_default stacking_default\" id=\"reviews\"><div class=\"vc_col-sm-12 wpb_column vc_column_container\"><div class=\"vc_column-inner\"><div class=\"wpb_wrapper\"><div class=\"wpb_text_column\"><div class=\"wpb_wrapper\"><h2>Revisiones de Neurocirug\u00eda Turqu\u00eda<\/h2>\n<p>  Los testimonios de pacientes de neurocirug\u00eda son prueba de la profesionalidad y el compromiso de los m\u00e9dicos.<br \/>\nLos neurocirujanos dan prioridad al bienestar de sus pacientes y observan normas \u00e9ticas estrictas.<br \/>\nValoran las opiniones positivas o negativas para mejorar sus servicios.<br \/>\nLa dificultad de las operaciones neuroquir\u00fargicas pone de relieve el valor de las opiniones sinceras.<br \/>\nLos pacientes hacen evaluaciones sinceras porque comprenden la gravedad de sus circunstancias.<br \/>\nEstos elementos garantizan la validez e integridad de las revisiones neuroquir\u00fargicas, convirti\u00e9ndolas en un recurso inestimable para las personas que buscan asistencia m\u00e9dica cualificada en este \u00e1mbito.<\/p>\n<\/div><\/div><\/div><\/div><\/div><\/div><div class=\"w-separator size_small\"><\/div><div class=\"g-cols wpb_row via_flex valign_top type_default stacking_default\" id=\"faqs\"><div class=\"vc_col-sm-12 wpb_column vc_column_container\"><div class=\"vc_column-inner\"><div class=\"wpb_wrapper\"><div class=\"wpb_text_column\"><div class=\"wpb_wrapper\"><h2>Preguntas frecuentes sobre neurocirug\u00eda<\/h2>\n<\/div><\/div><\/div><\/div><\/div><\/div><div class=\"w-separator size_small\"><\/div><div class=\"w-tabs style_default switch_click accordion has_scrolling\" style=\"--sections-title-size:inherit\"><div class=\"w-tabs-sections titles-align_none icon_chevron cpos_right\"><div class=\"w-tabs-section\" id=\"jd22\"><button class=\"w-tabs-section-header\" aria-controls=\"content-jd22\" aria-expanded=\"false\"><div class=\"w-tabs-section-title\">\u00bfQu\u00e9 hace un neurocirujano?<br \/>\n\u00bfQu\u00e9 es la neurocirug\u00eda? <\/div><div class=\"w-tabs-section-control\"><\/div><\/button><div  class=\"w-tabs-section-content\" id=\"content-jd22\"><div class=\"w-tabs-section-content-h i-cf\"><div class=\"wpb_text_column\"><div class=\"wpb_wrapper\"><p>En la disciplina m\u00e9dica especializada de la neurocirug\u00eda se diagnostican, tratan y gestionan quir\u00fargicamente los problemas neurol\u00f3gicos que afectan al cerebro, la m\u00e9dula espinal y el sistema nervioso perif\u00e9rico.<\/p>\n<\/div><\/div><\/div><\/div><\/div><div class=\"w-tabs-section\" id=\"kede\"><button class=\"w-tabs-section-header\" aria-controls=\"content-kede\" aria-expanded=\"false\"><div class=\"w-tabs-section-title\">\u00bfQu\u00e9 procedimientos neuroquir\u00fargicos rutinarios existen?<\/div><div class=\"w-tabs-section-control\"><\/div><\/button><div  class=\"w-tabs-section-content\" id=\"content-kede\"><div class=\"w-tabs-section-content-h i-cf\"><div class=\"wpb_text_column\"><div class=\"wpb_wrapper\"><p>Entre los muchos procedimientos que abarca la neurocirug\u00eda est\u00e1n la extirpaci\u00f3n de tumores cerebrales, las operaciones de m\u00e9dula espinal, el tratamiento de aneurismas y las intervenciones para lesiones cerebrales traum\u00e1ticas.<br \/>\nCada procedimiento se adapta al estado \u00fanico del paciente.<\/p>\n<\/div><\/div><\/div><\/div><\/div><div class=\"w-tabs-section\" id=\"i063\"><button class=\"w-tabs-section-header\" aria-controls=\"content-i063\" aria-expanded=\"false\"><div class=\"w-tabs-section-title\">\u00bfCu\u00e1nto cuesta la neurocirug\u00eda?<\/div><div class=\"w-tabs-section-control\"><\/div><\/button><div  class=\"w-tabs-section-content\" id=\"content-i063\"><div class=\"w-tabs-section-content-h i-cf\"><div class=\"wpb_text_column\"><div class=\"wpb_wrapper\"><p>Los costes de la neurocirug\u00eda var\u00edan en funci\u00f3n del tipo de intervenci\u00f3n y del hospital donde se realice.<\/p>\n<\/div><\/div><\/div><\/div><\/div><\/div><\/div><\/div><\/div><\/div><\/div><\/div><\/section>\n","protected":false},"excerpt":{"rendered":"Neurocirug\u00eda P\u00e1ginasResumen del procedimientoProcedimientoDuraci\u00f3n de la cirug\u00edaEstancia en el hospitalAnestesiaObtenga una consulta gratuitaPor favor, activa JavaScript en tu navegador para completar este formulario.Por favor, activa JavaScript en tu navegador para completar este formulario.Nombre *Tel\u00e9fono * Nombre Detalles T\u00edtulo Obtenga una consulta gratuita Procedimiento | Coste | Cl\u00ednica | Recuperaci\u00f3n | Rese\u00f1as | Cirujanos | Preguntas...","protected":false},"author":1,"featured_media":84908,"parent":37427,"menu_order":0,"comment_status":"closed","ping_status":"closed","template":"","meta":{"rank_math_lock_modified_date":false,"_mi_skip_tracking":false,"_monsterinsights_sitenote_active":false,"_monsterinsights_sitenote_note":"","_monsterinsights_sitenote_category":0,"_uf_show_specific_survey":0,"_uf_disable_surveys":false,"footnotes":""},"procedure":[319],"class_list":["post-37449","page","type-page","status-publish","has-post-thumbnail","hentry","procedure-brain-neurosurgery"],"_links":{"self":[{"href":"https:\/\/clinicmono.com\/es\/wp-json\/wp\/v2\/pages\/37449"}],"collection":[{"href":"https:\/\/clinicmono.com\/es\/wp-json\/wp\/v2\/pages"}],"about":[{"href":"https:\/\/clinicmono.com\/es\/wp-json\/wp\/v2\/types\/page"}],"author":[{"embeddable":true,"href":"https:\/\/clinicmono.com\/es\/wp-json\/wp\/v2\/users\/1"}],"replies":[{"embeddable":true,"href":"https:\/\/clinicmono.com\/es\/wp-json\/wp\/v2\/comments?post=37449"}],"version-history":[{"count":27,"href":"https:\/\/clinicmono.com\/es\/wp-json\/wp\/v2\/pages\/37449\/revisions"}],"predecessor-version":[{"id":136680,"href":"https:\/\/clinicmono.com\/es\/wp-json\/wp\/v2\/pages\/37449\/revisions\/136680"}],"up":[{"embeddable":true,"href":"https:\/\/clinicmono.com\/es\/wp-json\/wp\/v2\/pages\/37427"}],"wp:featuredmedia":[{"embeddable":true,"href":"https:\/\/clinicmono.com\/es\/wp-json\/wp\/v2\/media\/84908"}],"wp:attachment":[{"href":"https:\/\/clinicmono.com\/es\/wp-json\/wp\/v2\/media?parent=37449"}],"wp:term":[{"taxonomy":"procedure","embeddable":true,"href":"https:\/\/clinicmono.com\/es\/wp-json\/wp\/v2\/procedure?post=37449"}],"curies":[{"name":"wp","href":"https:\/\/api.w.org\/{rel}","templated":true}]}}