{"id":121433,"date":"2024-03-01T17:31:55","date_gmt":"2024-03-01T17:31:55","guid":{"rendered":"https:\/\/clinicmono.com\/doctoras\/doctor-serbay-gurel\/"},"modified":"2025-05-08T11:41:08","modified_gmt":"2025-05-08T11:41:08","slug":"doctor-serbay-gurel","status":"publish","type":"page","link":"https:\/\/clinicmono.com\/es\/doctoras\/doctor-serbay-gurel\/","title":{"rendered":"Doctor Serbay G\u00dcREL"},"content":{"rendered":"<section class=\"l-section wpb_row height_custom with_img\"><div class=\"l-section-img\" role=\"img\" data-img-width=\"1920\" data-img-height=\"400\" style=\"background-image: url(https:\/\/clinicmono.com\/wp-content\/uploads\/2023\/05\/call1.jpg);background-repeat: no-repeat;background-size: auto;\"><\/div><div class=\"l-section-h i-cf\"><div class=\"g-cols vc_row via_flex valign_top type_default stacking_default\"><div class=\"vc_col-sm-12 wpb_column vc_column_container\"><div class=\"vc_column-inner\"><div class=\"wpb_wrapper\"><div class=\"wpb_text_column\"><div class=\"wpb_wrapper\"><h1 style=\"text-align: center;\">Doctor Serbay G\u00dcREL<\/h1>\n<\/div><\/div><nav class=\"g-breadcrumbs separator_icon align_center\" itemscope itemtype=\"http:\/\/schema.org\/BreadcrumbList\"><div class=\"g-breadcrumbs-item\" itemscope itemprop=\"itemListElement\" itemtype=\"http:\/\/schema.org\/ListItem\"><a itemprop=\"item\" href=\"https:\/\/clinicmono.com\/es\/\"><span itemprop=\"name\">Cl\u00ednica Mono<\/span><\/a><meta itemprop=\"position\" content=\"1\"\/><\/div><div class=\"g-breadcrumbs-separator\"><i class=\"far fa-angle-double-right\"><\/i><\/div><div class=\"g-breadcrumbs-item\">P\u00e1ginas<\/div><\/nav><\/div><\/div><\/div><\/div><\/div><\/section><section class=\"l-section wpb_row height_custom\"><div class=\"l-section-h i-cf\"><div class=\"g-cols vc_row via_flex valign_top type_default stacking_default\"><div class=\"vc_col-sm-12 wpb_column vc_column_container\"><div class=\"vc_column-inner\"><div class=\"wpb_wrapper\"><div class=\"g-cols wpb_row via_flex valign_top type_default stacking_default\"><div class=\"vc_col-sm-3 wpb_column vc_column_container\"><div class=\"vc_column-inner\"><div class=\"wpb_wrapper\"><div class=\"w-person layout_cards\" itemscope itemtype=\"https:\/\/schema.org\/Person\"><div class=\"w-person-image\"><img loading=\"lazy\" decoding=\"async\" width=\"1024\" height=\"1024\" src=\"https:\/\/clinicmono.com\/wp-content\/uploads\/2024\/03\/serbay_gurel_pp-1024x1024.jpg\" class=\"attachment-large size-large\" alt=\"\" srcset=\"https:\/\/clinicmono.com\/wp-content\/uploads\/2024\/03\/serbay_gurel_pp-1024x1024.jpg 1024w, https:\/\/clinicmono.com\/wp-content\/uploads\/2024\/03\/serbay_gurel_pp-600x600.jpg 600w, https:\/\/clinicmono.com\/wp-content\/uploads\/2024\/03\/serbay_gurel_pp-300x300.jpg 300w, https:\/\/clinicmono.com\/wp-content\/uploads\/2024\/03\/serbay_gurel_pp-500x500.jpg 500w, https:\/\/clinicmono.com\/wp-content\/uploads\/2024\/03\/serbay_gurel_pp-400x400.jpg 400w, https:\/\/clinicmono.com\/wp-content\/uploads\/2024\/03\/serbay_gurel_pp-150x150.jpg 150w, https:\/\/clinicmono.com\/wp-content\/uploads\/2024\/03\/serbay_gurel_pp.jpg 1080w\" sizes=\"(max-width: 1024px) 100vw, 1024px\" \/><\/div><div class=\"w-person-content\"><h4 itemprop=\"name\" class=\"w-person-name\"><span>M. D. Serbay G\u00dcREL<\/span><\/h4><div class=\"w-person-role\" itemprop=\"jobTitle\">Dermatolog\u00eda y cosmetolog\u00eda<\/div><\/div><\/div><\/div><\/div><\/div><div class=\"vc_col-sm-9 wpb_column vc_column_container\"><div class=\"vc_column-inner\"><div class=\"wpb_wrapper\"><div class=\"wpb_text_column\"><div class=\"wpb_wrapper\"><p>El doctor Serbay Gurel naci\u00f3 en Bursa en 1984. Gurel, que curs\u00f3 el bachillerato en el Instituto Gazi Anatolia de Bursa entre 1998 y 2002, comenz\u00f3 sus estudios de medicina en la Facultad de Medicina de GATA en 2002. Tras licenciarse en 2008, continu\u00f3 su carrera trabajando en el GATA entre 2008 y 2009 y en el 48\u00ba Regimiento de Infanter\u00eda Motorizada, m\u00e9dico jefe de la enfermer\u00eda de Bayburt entre 2009 y 2011. Se especializ\u00f3 en el Departamento de Dermatolog\u00eda y Enfermedades Ven\u00e9reas de GATA entre 2011 y 2015. Continu\u00f3 su carrera trabajando en el Hospital Militar de \u0130zmir, entre 2015 y 2017 y en el hospital privado entre 2018 y 2023. MD. Serbay Gurel, que trabaja en su propia consulta desde 2023, habla bien ingl\u00e9s. Est\u00e1 casado y es padre de un hijo. Serbay Gurel; Realiza con \u00e9xito <a href=\"https:\/\/clinicmono.com\/es\/hair-transplant-in-turkey\/mesotherapy-for-hair-loss\/\">Mesoterapia<\/a>, <a href=\"https:\/\/clinicmono.com\/es\/facial-rejuvenation\/dermal-fillers-in-turkey\/lip-filler\/\">Relleno Labial<\/a>, <a href=\"https:\/\/clinicmono.com\/es\/facial-rejuvenation\/dermal-fillers-in-turkey\/undereye-filler\/\">Relleno de Luz Bajo los Ojos<\/a>, Tratamiento Capilar, <a title=\"Mesoterapia para la ca\u00edda del cabello\" href=\"https:\/\/clinicmono.com\/es\/hair-transplant-in-turkey\/mesotherapy-for-hair-loss\/\">Mesoterapia Capilar<\/a>, Relleno de Nariz, <a href=\"https:\/\/clinicmono.com\/es\/facial-rejuvenation\/face-lift-in-turkey\/\">Lifting Facial No Quir\u00fargico<\/a>, <a href=\"https:\/\/clinicmono.com\/es\/plastic-and-aesthetic-surgery\/bichectomy\/\">Bichectom\u00eda<\/a>, <a href=\"https:\/\/clinicmono.com\/es\/plastic-and-aesthetic-surgery\/mole-removal\/\">Eliminaci\u00f3n de Lunares<\/a>, Injertos de Col\u00e1geno, Radiofrecuencia con Aguja, Depilaci\u00f3n L\u00e1ser y aplicaciones <a href=\"https:\/\/clinicmono.com\/es\/facial-rejuvenation\/skin-care\/\">para el Cuidado de la Piel<\/a>. <b>Departamento:<\/b><span style=\"font-weight: 400;\"> Dermatolog\u00eda y<\/span><b>Cosmetolog\u00edaIdioma<\/b><span style=\"font-weight: 400;\"> Extranjero<\/span><b>:<\/b><span style=\"font-weight: 400;\"> Ingl\u00e9sEducaci\u00f3n<\/span><b>:<\/b><\/p>\n<ul>\n<li><span style=\"font-weight: 400;\">1998 &#8211; 2002 Instituto Gazi Anatolia de Bursa <\/span><\/li>\n<li><span style=\"font-weight: 400;\">2002 &#8211; 2008 Doctor en Medicina, Academia M\u00e9dica Militar G\u00fclhane, Ankara, Turqu\u00eda<\/span><\/li>\n<li>2011 &#8211; 2015 Residencia en Dermatolog\u00eda y Enfermedades Ven\u00e9reas, Academia M\u00e9dica Militar G\u00fclhane<\/li>\n<\/ul>\n<\/div><\/div><\/div><\/div><\/div><\/div><div class=\"g-cols wpb_row via_flex valign_top type_default stacking_default\"><div class=\"vc_col-sm-12 wpb_column vc_column_container\"><div class=\"vc_column-inner\"><div class=\"wpb_wrapper\"><div class=\"w-separator size_small\"><\/div><div class=\"wpb_text_column\"><div class=\"wpb_wrapper\"><p><b>Experiencia laboral:<\/b><\/p>\n<ul>\n<li><span style=\"font-weight: 400;\">M\u00e9dico, Academia M\u00e9dica Militar G\u00fclhane, Ankara, Turqu\u00eda 2008 &#8211; 2009<\/span><\/li>\n<li><span style=\"font-weight: 400;\">M\u00e9dico jefe de enfermer\u00eda, 48\u00ba Regimiento de Infanter\u00eda Motorizada, Bayburt, Turqu\u00eda 2009-2011<\/span><\/li>\n<li><span style=\"font-weight: 400;\">Residencia en Dermatolog\u00eda y Enfermedades Ven\u00e9reas, Academia M\u00e9dica Militar G\u00fclhane 2011-2015<\/span><\/li>\n<li><span style=\"font-weight: 400;\">M\u00e9dico, M\u00e9dico militar, Dermatolog\u00eda, Hospital militar de \u0130zmir, Turqu\u00eda 2015-2017<\/span><\/li>\n<li><span style=\"font-weight: 400;\">Cl\u00ednica de dermatolog\u00eda Dr. Serbay G\u00fcrel, \u0130zmir, Turqu\u00eda 2017-2018<\/span><\/li>\n<li><span style=\"font-weight: 400;\">Cl\u00ednica privada 2018-2023<\/span><\/li>\n<li><span style=\"font-weight: 400;\">Cl\u00ednica de dermatolog\u00eda Dr. Serbay G\u00fcrel, \u0130zmir, Turqu\u00eda 2023 &#8211; Actualidad<\/span><\/li>\n<\/ul>\n<p><b>Habilidades y caracter\u00edsticas:<\/b><\/p>\n<ul>\n<li><span style=\"font-weight: 400;\"> Experiencia en dermatolog\u00eda y enfermedades ven\u00e9reas<\/span><\/li>\n<li><span style=\"font-weight: 400;\"> Subespecialidad de cosmetolog\u00eda<\/span><\/li>\n<li><span style=\"font-weight: 400;\"> El lema &#8216;Primum non nocere&#8217; &#8216;Primero, no hacer da\u00f1o&#8217; y la seguridad del paciente son mi prioridad n\u00famero uno.<\/span><\/li>\n<li><span style=\"font-weight: 400;\"> Comunicaci\u00f3n buena y honesta con los pacientes.<\/span><\/li>\n<li><span style=\"font-weight: 400;\"> Las \u00e1reas de la medicina est\u00e9tica en las que tengo experiencia:<\/span><\/li>\n<\/ul>\n<p><span style=\"font-weight: 400;\">\u2713<\/span><span style=\"font-weight: 400;\"> Inyecciones antiarrugas: Inyecciones de toxina botul\u00ednica para arrugas del entrecejo, de los ojos, de la frente y<\/span><span style=\"font-weight: 400;\">levantamiento de cejas.<\/span><span style=\"font-weight: 400;\">\u2713 Threadlifting : <a title=\"Lifting facial Turqu\u00eda\" href=\"https:\/\/clinicmono.com\/es\/facial-rejuvenation\/face-lift-in-turkey\/\">Lifting facial<\/a> y adelgazamiento, lifting de cejas y operaciones de cuello.<\/span><\/p>\n<p><span style=\"font-weight: 400;\">\u2713<\/span><span style=\"font-weight: 400;\"> Rellenos d\u00e9rmicos: Incluido el desgarro por deformidad, mejilla, ment\u00f3n, nariz, frente, mand\u00edbula y labio<\/span><\/p>\n<p><span style=\"font-weight: 400;\">rellenos<\/span><\/p>\n<p><span style=\"font-weight: 400;\">\u2713<\/span><span style=\"font-weight: 400;\"> Lifting facial l\u00edquido con rellenos d\u00e9rmicos<\/span><\/p>\n<p><span style=\"font-weight: 400;\">\u2713<\/span><span style=\"font-weight: 400;\"> Tratamientos con l\u00e1ser:<\/span><\/p>\n<p><span style=\"font-weight: 400;\">*Tratamientos fraccionados con l\u00e1ser incluyendo Erbium: Yag, CO2 y Thulium para cicatrices de acn\u00e9,<\/span><\/p>\n<p><span style=\"font-weight: 400;\">pigmentaciones y rejuvenecimiento<\/span><\/p>\n<p><span style=\"font-weight: 400;\">*L\u00e1ser vascular para tratamientos de rojeces, telangiectasias y ros\u00e1cea<\/span><\/p>\n<p><span style=\"font-weight: 400;\">*L\u00e1seres ablativos para la eliminaci\u00f3n de lunares y pigmentaciones<\/span><\/p>\n<p><span style=\"font-weight: 400;\">*L\u00e1seres antienvejecimiento<\/span><\/p>\n<p><span style=\"font-weight: 400;\">\u2713<\/span><span style=\"font-weight: 400;\"> Tratamientos con ultrasonidos focalizados de alta intensidad para el lifting facial y el adelgazamiento facial<\/span><\/p>\n<p><span style=\"font-weight: 400;\">\u2713<\/span><span style=\"font-weight: 400;\"> Inyectables corporales<\/span><\/p>\n<p><b>Presentaciones &#8211; Publicaciones:<\/b><\/p>\n<ul>\n<li><span style=\"font-weight: 400;\">&#8216;Evaluaci\u00f3n de los resultados de Trichoscan en pacientes con alopecia no cicatricial&#8217;. Disertaci\u00f3n de la especialidad en medicina &#8216;Un enfoque actual de la celulitis&#8217; Acikgoz G. Gurel S. Turk J Dermatol 2014; 2: 74-8<\/span><\/li>\n<li><span style=\"font-weight: 400;\">Juvenile pityriasis rubra pilaris: a case report&#8217;. Din\u00e7er D, G\u00fcrel S, Arca E, Ko\u00e7 E, Tunca M. 12th World Congress of Pediatric Dermatology, 25-27 de septiembre de 2013, Madrid, Espa\u00f1a.<\/span><\/li>\n<li><span style=\"font-weight: 400;\">Erupci\u00f3n primaveral juvenil: informe de un caso&#8217;. Din\u00e7er D, G\u00fcrel S, Arca E, Ko\u00e7 E, Tunca M. 22nd Congress ofthe European Academy of Dermatology and Venereology.<\/span><\/li>\n<li><span style=\"font-weight: 400;\">Eficacia del l\u00e1ser fraccional m\u00ednimamente ablativo Er: YAG en el tratamiento de las cicatrices del acn\u00e9: Un estudio retropsectivo. E Ko\u00e7, S Toklu, S G\u00fcrel, Y Yeniay, E \u00c7al\u0131\u015fkan, G A\u00e7\u0131kg\u00f6z<\/span><\/li>\n<\/ul>\n<\/div><\/div><\/div><\/div><\/div><\/div><\/div><\/div><\/div><\/div><\/div><\/section>\n","protected":false},"excerpt":{"rendered":"Doctor Serbay G\u00dcREL Cl\u00ednica MonoP\u00e1ginasM. D. Serbay G\u00dcRELDermatolog\u00eda y cosmetolog\u00edaEl doctor Serbay Gurel naci\u00f3 en Bursa en 1984. Gurel, que curs\u00f3 el bachillerato en el Instituto Gazi Anatolia de Bursa entre 1998 y 2002, comenz\u00f3 sus estudios de medicina en la Facultad de Medicina de GATA en 2002. Tras licenciarse en 2008, continu\u00f3 su carrera...","protected":false},"author":1,"featured_media":0,"parent":38866,"menu_order":0,"comment_status":"closed","ping_status":"closed","template":"","meta":{"rank_math_lock_modified_date":false,"_mi_skip_tracking":false,"_monsterinsights_sitenote_active":false,"_monsterinsights_sitenote_note":"","_monsterinsights_sitenote_category":0,"_uf_show_specific_survey":0,"_uf_disable_surveys":false,"footnotes":""},"procedure":[],"class_list":["post-121433","page","type-page","status-publish","hentry"],"_links":{"self":[{"href":"https:\/\/clinicmono.com\/es\/wp-json\/wp\/v2\/pages\/121433"}],"collection":[{"href":"https:\/\/clinicmono.com\/es\/wp-json\/wp\/v2\/pages"}],"about":[{"href":"https:\/\/clinicmono.com\/es\/wp-json\/wp\/v2\/types\/page"}],"author":[{"embeddable":true,"href":"https:\/\/clinicmono.com\/es\/wp-json\/wp\/v2\/users\/1"}],"replies":[{"embeddable":true,"href":"https:\/\/clinicmono.com\/es\/wp-json\/wp\/v2\/comments?post=121433"}],"version-history":[{"count":15,"href":"https:\/\/clinicmono.com\/es\/wp-json\/wp\/v2\/pages\/121433\/revisions"}],"predecessor-version":[{"id":152619,"href":"https:\/\/clinicmono.com\/es\/wp-json\/wp\/v2\/pages\/121433\/revisions\/152619"}],"up":[{"embeddable":true,"href":"https:\/\/clinicmono.com\/es\/wp-json\/wp\/v2\/pages\/38866"}],"wp:attachment":[{"href":"https:\/\/clinicmono.com\/es\/wp-json\/wp\/v2\/media?parent=121433"}],"wp:term":[{"taxonomy":"procedure","embeddable":true,"href":"https:\/\/clinicmono.com\/es\/wp-json\/wp\/v2\/procedure?post=121433"}],"curies":[{"name":"wp","href":"https:\/\/api.w.org\/{rel}","templated":true}]}}