{"id":77856,"date":"2024-02-15T08:18:39","date_gmt":"2024-02-15T08:18:39","guid":{"rendered":"https:\/\/clinicmono.com\/plastic-and-aesthetic-surgery\/arm-heben\/"},"modified":"2025-11-05T14:07:45","modified_gmt":"2025-11-05T14:07:45","slug":"arm-lift","status":"publish","type":"page","link":"https:\/\/clinicmono.com\/de\/plastische-und-asthetische-chirurgie\/arm-lift\/","title":{"rendered":"Arm Heben"},"content":{"rendered":"<section class=\"l-section wpb_row height_custom with_img\"><div class=\"l-section-img\" role=\"img\" data-img-width=\"1920\" data-img-height=\"1080\" style=\"background-image: url(https:\/\/clinicmono.com\/wp-content\/uploads\/2024\/02\/2.png);background-repeat: no-repeat;\"><\/div><div class=\"l-section-overlay\" style=\"background:rgba(0,0,0,0.47)\"><\/div><div class=\"l-section-h i-cf\"><div class=\"g-cols vc_row via_flex valign_top type_default stacking_default\"><div class=\"vc_col-sm-12 wpb_column vc_column_container\"><div class=\"vc_column-inner\"><div class=\"wpb_wrapper\"><div class=\"wpb_text_column us_custom_8b3d6790 has_text_color\"><div class=\"wpb_wrapper\"><h1 class=\"elementor-heading-title elementor-size-default\" style=\"text-align: center;\">Arm Lifting Chirurgie in der T\u00fcrkei<\/h1>\n<\/div><\/div><div class=\"w-separator size_small\"><\/div><nav class=\"g-breadcrumbs us_custom_8b3d6790 has_text_color separator_icon align_center hide_current\" itemscope itemtype=\"http:\/\/schema.org\/BreadcrumbList\"><div class=\"g-breadcrumbs-item\">Seiten<\/div><\/nav><div class=\"w-separator size_small\"><\/div><\/div><\/div><\/div><\/div><\/div><\/section><section class=\"l-section wpb_row height_small\"><div class=\"l-section-h i-cf\"><div class=\"g-cols vc_row via_flex valign_top type_default stacking_default\"><div class=\"vc_col-sm-8 wpb_column vc_column_container\"><div class=\"vc_column-inner\"><div class=\"wpb_wrapper\"><div class=\"g-cols wpb_row us_custom_4f163811 via_flex valign_top type_default stacking_default\"><div class=\"vc_col-sm-12 wpb_column vc_column_container\"><div class=\"vc_column-inner\"><div class=\"wpb_wrapper\"><h3 class=\"w-text\"><span class=\"w-text-h\"><span class=\"w-text-value\">\u00dcberblick \u00fcber das Verfahren<\/span><\/span><\/h3><div class=\"w-separator size_small\"><\/div><div class=\"w-iconbox iconpos_left style_default color_primary align_left no_text\"><div class=\"w-iconbox-icon\" style=\"font-size:1.4rem;\"><i class=\"fas fa-procedures\"><\/i><\/div><div class=\"w-iconbox-meta\"><h4 class=\"w-iconbox-title\">Verfahren<\/h4><\/div><\/div><div class=\"w-separator size_small\"><\/div><div class=\"w-iconbox iconpos_left style_default color_primary align_left no_text\"><div class=\"w-iconbox-icon\" style=\"font-size:1rem;\"><i class=\"fas fa-clock\"><\/i><\/div><div class=\"w-iconbox-meta\"><h4 class=\"w-iconbox-title\">Operation Dauer<\/h4><\/div><\/div><div class=\"w-separator size_small\"><\/div><div class=\"w-iconbox iconpos_left style_default color_primary align_left no_text\"><div class=\"w-iconbox-icon\" style=\"font-size:1rem;\"><i class=\"fas fa-hospital\"><\/i><\/div><div class=\"w-iconbox-meta\"><h4 class=\"w-iconbox-title\">Krankenhausaufenthalt<\/h4><\/div><\/div><div class=\"w-separator size_small\"><\/div><div class=\"w-iconbox iconpos_left style_default color_primary align_left no_text\"><div class=\"w-iconbox-icon\" style=\"font-size:1rem;\"><i class=\"fas fa-syringe\"><\/i><\/div><div class=\"w-iconbox-meta\"><h4 class=\"w-iconbox-title\">An\u00e4sthesie<\/h4><\/div><\/div><\/div><\/div><\/div><\/div><\/div><\/div><\/div><div class=\"vc_col-sm-4 wpb_column vc_column_container\"><div class=\"vc_column-inner\"><div class=\"wpb_wrapper\"><div class=\"g-cols wpb_row us_custom_c5a47681 via_flex valign_top type_default stacking_default\"><div class=\"vc_col-sm-12 wpb_column vc_column_container\"><div class=\"vc_column-inner\"><div class=\"wpb_wrapper\"><h3 class=\"w-text\"><span class=\"w-text-h\"><span class=\"w-text-value\">Erhalten Sie eine kostenlose Beratung<\/span><\/span><\/h3><div class=\"w-separator size_small\"><\/div><div class=\"wpforms-container wpforms-render-modern\" id=\"wpforms-22672\"><form id=\"wpforms-form-22672\" class=\"wpforms-validate wpforms-form wpforms-ajax-form\" data-formid=\"22672\" method=\"post\" enctype=\"multipart\/form-data\" action=\"\/de\/wp-json\/wp\/v2\/pages\/77856\" data-token=\"b0458889dddffc2c7d425fa2141ee4eb\" data-token-time=\"1775421301\"><noscript class=\"wpforms-error-noscript\">Bitte aktiviere JavaScript in deinem Browser, um dieses Formular fertigzustellen.<\/noscript><div id=\"wpforms-error-noscript\" style=\"display: none;\">Bitte aktiviere JavaScript in deinem Browser, um dieses Formular fertigzustellen.<\/div><div class=\"wpforms-field-container\"><div id=\"wpforms-22672-field_0-container\" class=\"wpforms-field wpforms-field-name\" data-field-id=\"0\"><label class=\"wpforms-field-label wpforms-label-hide\" for=\"wpforms-22672-field_0\" aria-hidden=\"false\">Name <span class=\"wpforms-required-label\" aria-hidden=\"true\">*<\/span><\/label><input type=\"text\" id=\"wpforms-22672-field_0\" class=\"wpforms-field-large wpforms-field-required\" name=\"wpforms[fields][0]\" placeholder=\"Name und Nachname\" aria-errormessage=\"wpforms-22672-field_0-error\" required><\/div><div id=\"wpforms-22672-field_5-container\" class=\"wpforms-field wpforms-field-phone\" data-field-id=\"5\"><label class=\"wpforms-field-label wpforms-label-hide\" for=\"wpforms-22672-field_5\" aria-hidden=\"false\">Telefon <span class=\"wpforms-required-label\" aria-hidden=\"true\">*<\/span><\/label><input type=\"tel\" id=\"wpforms-22672-field_5\" class=\"wpforms-field-large wpforms-field-required wpforms-smart-phone-field\" data-rule-smart-phone-field=\"true\" name=\"wpforms[fields][5]\" aria-label=\"Telefon\" aria-errormessage=\"wpforms-22672-field_5-error\" required><\/div><div id=\"wpforms-22672-field_12-container\" class=\"wpforms-field wpforms-field-hidden\" data-field-id=\"12\"><input type=\"hidden\" id=\"wpforms-22672-field_12\" name=\"wpforms[fields][12]\"><\/div><div id=\"wpforms-22672-field_10-container\" class=\"wpforms-field wpforms-field-hidden\" data-field-id=\"10\"><input type=\"hidden\" id=\"wpforms-22672-field_10\" name=\"wpforms[fields][10]\" value=\"https:\/\/clinicmono.com\/de\/wp-json\/wp\/v2\/pages\/77856 \"><\/div><div id=\"wpforms-22672-field_15-container\" class=\"wpforms-field wpforms-field-hidden\" data-field-id=\"15\"><input type=\"hidden\" id=\"wpforms-22672-field_15\" name=\"wpforms[fields][15]\" value=\" 216.73.216.191 {entry_geolocation} \"><\/div><\/div><!-- .wpforms-field-container --><div class=\"wpforms-recaptcha-container wpforms-is-recaptcha wpforms-is-recaptcha-type-v3\" ><input type=\"hidden\" name=\"wpforms[recaptcha]\" value=\"\"><\/div><div class=\"wpforms-submit-container\" ><input type=\"hidden\" name=\"wpforms[id]\" value=\"22672\"><input type=\"hidden\" name=\"page_title\" value=\"\"><input type=\"hidden\" name=\"page_url\" value=\"https:\/\/clinicmono.com\/de\/wp-json\/wp\/v2\/pages\/77856\"><input type=\"hidden\" name=\"url_referer\" value=\"\"><button type=\"submit\" name=\"wpforms[submit]\" id=\"wpforms-submit-22672\" class=\"wpforms-submit\" data-alt-text=\"Ich schicke...\" data-submit-text=\"Erhalten Sie eine kostenlose Beratung\" aria-live=\"assertive\" value=\"wpforms-submit\">Erhalten Sie eine kostenlose Beratung<\/button><img loading=\"lazy\" decoding=\"async\" src=\"https:\/\/clinicmono.com\/wp-content\/plugins\/wpforms\/assets\/images\/submit-spin.svg\" class=\"wpforms-submit-spinner\" style=\"display: none;\" width=\"26\" height=\"26\" alt=\"Wird geladen\"><\/div><\/form><\/div>  <!-- .wpforms-container --><\/div><\/div><\/div><\/div><\/div><\/div><\/div><\/div><\/div><\/section><section class=\"l-section wpb_row us_custom_0d5503c3 height_custom\"><div class=\"l-section-h i-cf\"><div class=\"g-cols vc_row via_flex valign_top type_default stacking_default\"><div class=\"vc_col-sm-12 wpb_column vc_column_container\"><div class=\"vc_column-inner\"><div class=\"wpb_wrapper\"><div class=\"g-cols wpb_row us_custom_1b04de86 via_flex valign_top type_default stacking_default\"><div class=\"vc_col-sm-8 wpb_column vc_column_container\"><div class=\"vc_column-inner\"><div class=\"wpb_wrapper\"><div class=\"w-hwrapper valign_top wrap align_left\"><div class=\"wpb_text_column\"><div class=\"wpb_wrapper\"><h4><a href=\"#procedures\">Verfahren<\/a><\/h4>\n<\/div><\/div><div class=\"wpb_text_column\"><div class=\"wpb_wrapper\"><h4>|<\/h4>\n<\/div><\/div><div class=\"wpb_text_column\"><div class=\"wpb_wrapper\"><h4><a href=\"#cost\">Kosten<\/a><\/h4>\n<\/div><\/div><div class=\"wpb_text_column\"><div class=\"wpb_wrapper\"><h4>|<\/h4>\n<\/div><\/div><div class=\"wpb_text_column\"><div class=\"wpb_wrapper\"><h4><a href=\"#clinic\">Klinik<\/a><\/h4>\n<\/div><\/div><div class=\"wpb_text_column\"><div class=\"wpb_wrapper\"><h4>|<\/h4>\n<\/div><\/div><div class=\"wpb_text_column\"><div class=\"wpb_wrapper\"><h4><a href=\"#recovery\">Erholung<\/a><\/h4>\n<\/div><\/div><div class=\"wpb_text_column\"><div class=\"wpb_wrapper\"><h4>|<\/h4>\n<\/div><\/div><div class=\"wpb_text_column\"><div class=\"wpb_wrapper\"><h4><a href=\"#reviews\">Bewertungen<\/a><\/h4>\n<\/div><\/div><div class=\"wpb_text_column\"><div class=\"wpb_wrapper\"><h4>|<\/h4>\n<\/div><\/div><div class=\"wpb_text_column\"><div class=\"wpb_wrapper\"><h4><a href=\"#surgeons\">Chirurgen<\/a><\/h4>\n<\/div><\/div><div class=\"wpb_text_column\"><div class=\"wpb_wrapper\"><h4>|<\/h4>\n<\/div><\/div><div class=\"wpb_text_column\"><div class=\"wpb_wrapper\"><h4><a href=\"#faqs\">FAQ&#8217;s<\/a><\/h4>\n<\/div><\/div><\/div><\/div><\/div><\/div><div class=\"vc_col-sm-4 wpb_column vc_column_container\"><div class=\"vc_column-inner\"><div class=\"wpb_wrapper\"><div class=\"wpb_text_column\"><div class=\"wpb_wrapper\"><h5 style=\"text-align: center;\"><strong>Gepr\u00fcft und genehmigt von <a href=\"https:\/\/clinicmono.com\/de\/unsere-arzte\/dr-m-d-merve-ozkaya-unsal\/\">M.D. Merve \u00d6. \u00dcNSAL<\/a><\/strong><\/h5>\n<\/div><\/div><div class=\"w-separator hide_on_default hide_on_laptops size_medium\"><\/div><\/div><\/div><\/div><\/div><div class=\"w-separator size_small\"><\/div><div class=\"g-cols wpb_row via_flex valign_top type_default stacking_default\" id=\"procedures\"><div class=\"vc_col-sm-12 wpb_column vc_column_container\"><div class=\"vc_column-inner\"><div class=\"wpb_wrapper\"><div class=\"wpb_text_column\"><div class=\"wpb_wrapper\"><h1>ARMLIFTING-OPERATION<\/h1>\n<p>Durch die nat\u00fcrlichen Auswirkungen des Alterns oder Gewichtsschwankungen kann die Haut an den Armen locker und schlaff werden, was zu \u00e4sthetischen Beschwerden f\u00fchren kann.<br \/>\nEine Armstraffung ist ein chirurgischer Eingriff, bei dem die schlaffe Haut an den Armen gestrafft wird, was zu einem schlankeren und strafferen Aussehen f\u00fchrt.<br \/>\nEine Armlifting-Operation beginnt mit einem ausf\u00fchrlichen Beratungsgespr\u00e4ch.<br \/>\nW\u00e4hrend dieser Beratung werden der medizinische Zustand, die Hautstruktur und die Erwartungen des Patienten genau untersucht.<br \/>\nDie Armlifting-Operation wird unter Vollnarkose durchgef\u00fchrt.<br \/>\nW\u00e4hrend des Eingriffs werden \u00fcbersch\u00fcssige Haut und Gewebe am Arm durch einen Schnitt auf der R\u00fcckseite des Arms von der Achselh\u00f6hle bis zum Ellbogen entfernt.<br \/>\nDie Gr\u00f6\u00dfe des Einschnitts kann je nach Umfang der Operation variieren, der nach einer individuellen medizinischen Beurteilung festgelegt wird.<br \/>\nAu\u00dferdem bietet eine Armstraffung lang anhaltende Ergebnisse.<\/p>\n<\/div><\/div><\/div><\/div><\/div><\/div><div class=\"w-separator size_small\"><\/div><div class=\"g-cols wpb_row via_flex valign_top type_default stacking_default\" id=\"recovery\"><div class=\"vc_col-sm-12 wpb_column vc_column_container\"><div class=\"vc_column-inner\"><div class=\"wpb_wrapper\"><div class=\"wpb_text_column\"><div class=\"wpb_wrapper\"><h2>Wiederherstellung der Brachioplastik<\/h2>\n<h3>Unmittelbar nach der Operation<\/h3>\n<ul>\n<li><strong>Verb\u00e4nde und Kompressionskleidung:<\/strong> Ihre Arme werden bandagiert, und Sie m\u00fcssen m\u00f6glicherweise Kompressionskleidung tragen, um die Schwellung zu reduzieren und die Heilung zu unterst\u00fctzen.<\/li>\n<li><strong>Schmerzen und Unbehagen:<\/strong> Sie werden wahrscheinlich einige Schmerzen, Bluterg\u00fcsse und Schwellungen haben, die mit verschriebenen Schmerzmitteln behandelt werden k\u00f6nnen.<\/li>\n<\/ul>\n<h3>Erste Woche<\/h3>\n<ul>\n<li><strong>Ausruhen:<\/strong> Ruhe ist in der ersten Phase der Genesung entscheidend.<br \/>\nVermeiden Sie anstrengende Aktivit\u00e4ten und legen Sie Ihre Arme hoch, um die Schwellung zu reduzieren.<\/li>\n<li><strong>Befolgen Sie die Anweisungen des Chirurgen:<\/strong> Befolgen Sie die postoperativen Anweisungen Ihres Chirurgen genau. Dazu geh\u00f6rt auch, wie Sie Ihre Einschnitte pflegen und wann Sie Nachsorgetermine vereinbaren m\u00fcssen.<\/li>\n<li><strong>Eingeschr\u00e4nkte Armbewegung:<\/strong> Die Beweglichkeit Ihrer Arme kann in dieser Zeit eingeschr\u00e4nkt sein.<\/li>\n<\/ul>\n<h3>2-4 Wochen<\/h3>\n<ul>\n<li><strong>Schwellungen und Bluterg\u00fcsse:<\/strong> Schwellungen und Bluterg\u00fcsse werden allm\u00e4hlich abklingen, k\u00f6nnen aber bis zu einem gewissen Grad noch vorhanden sein.<\/li>\n<li><strong>Allm\u00e4hliche R\u00fcckkehr zu normalen Aktivit\u00e4ten:<\/strong> M\u00f6glicherweise k\u00f6nnen Sie allm\u00e4hlich zu leichten Aktivit\u00e4ten zur\u00fcckkehren. Vermeiden Sie jedoch das Heben schwerer Gegenst\u00e4nde oder anstrengende \u00dcbungen, bis Ihr Chirurg dies genehmigt.<\/li>\n<li><strong>Kompressionskleidung:<\/strong> M\u00f6glicherweise m\u00fcssen Sie noch mehrere Wochen lang Kompressionskleidung tragen, um die Heilung zu unterst\u00fctzen und Schwellungen zu reduzieren.<\/li>\n<\/ul>\n<h3>6 Wochen und mehr<\/h3>\n<ul>\n<li><strong>Vollst\u00e4ndige Genesung:<\/strong> Die meisten Patienten k\u00f6nnen erwarten, dass sie innerhalb von 6 Wochen nach der Operation ihre normalen Aktivit\u00e4ten wieder aufnehmen k\u00f6nnen.<\/li>\n<li><strong>Narbenbildung:<\/strong> Die Narben verblassen mit der Zeit, aber es kann einige Monate bis ein Jahr dauern, bis sie weniger auff\u00e4llig sind.<\/li>\n<li><strong>Nachsorgeuntersuchungen:<\/strong> Die Nachuntersuchungen mit Ihrem Chirurgen dienen der \u00dcberwachung Ihrer Fortschritte und der Sicherstellung einer ordnungsgem\u00e4\u00dfen Heilung.<\/li>\n<\/ul>\n<h3>Langfristig<\/h3>\n<ul>\n<li><strong>Gesunde Lebensweise:<\/strong> Pflegen Sie einen gesunden Lebensstil mit regelm\u00e4\u00dfiger Bewegung und einer ausgewogenen Ern\u00e4hrung, um die Ergebnisse zu optimieren und eine Gewichtszunahme zu verhindern.<\/li>\n<li><strong>Sonnenschutz:<\/strong> Sch\u00fctzen Sie Ihre Narben vor Sonneneinstrahlung, um zu verhindern, dass sie sich verdunkeln oder st\u00e4rker auffallen.<\/li>\n<\/ul>\n<p>Es ist wichtig zu wissen, dass die Genesung bei jedem Menschen einzigartig ist und dass Ihr Chirurg Sie individuell beraten wird.<br \/>\nBitte kontaktieren Sie uns, wenn Sie w\u00e4hrend Ihres Genesungsprozesses Bedenken oder Fragen haben.<\/p>\n<\/div><\/div><\/div><\/div><\/div><\/div><div class=\"w-separator size_small\"><\/div><div class=\"g-cols wpb_row via_flex valign_top type_default stacking_default\" id=\"clinic\"><div class=\"vc_col-sm-12 wpb_column vc_column_container\"><div class=\"vc_column-inner\"><div class=\"wpb_wrapper\"><div class=\"wpb_text_column\"><div class=\"wpb_wrapper\"><h2>ARMSTRAFFUNG DURCH KLINIK MONO<\/h2>\n<p>Clinic Mono ist eine Tourismusagentur, die \u00fcber ein Zertifikat f\u00fcr Gesundheitstourismus verf\u00fcgt und Vermittlungsdienste anbietet und L\u00f6sungen f\u00fcr alle Bed\u00fcrfnisse und Anforderungen der Patienten bereitstellt.<br \/>\nClinic Mono arrangiert jedes Detail der Armoperation f\u00fcr schlaffe Haut sorgf\u00e4ltig. Internationale Patienten von Clinic Mono erhalten ihre kosmetische Armoperation mit luxuri\u00f6sen Unterk\u00fcnften, VIP-Transfers, erstklassigen medizinischen Einrichtungen und 24\/7-Betreuung.<br \/>\nDie Armoperation durch Clinic Mono beginnt mit einer Online-Konsultation, um internationalen Patienten eine bequemere medizinische Erfahrung zu bieten.<br \/>\nW\u00e4hrend der Konsultation zur Entfernung \u00fcbersch\u00fcssiger Haut am Arm wird der Operationsplan f\u00fcr die kosmetische Armoperation vom plastischen Chirurgen unter Ber\u00fccksichtigung des individuellen Gesundheitszustands des Patienten erstellt.<\/p>\n<\/div><\/div><\/div><\/div><\/div><\/div><div class=\"w-separator size_small\"><\/div><div class=\"g-cols wpb_row via_flex valign_top type_default stacking_default\" id=\"surgeons\"><div class=\"vc_col-sm-12 wpb_column vc_column_container\"><div class=\"vc_column-inner\"><div class=\"wpb_wrapper\"><div class=\"wpb_text_column\"><div class=\"wpb_wrapper\"><h2>BESTE ARMSTRAFFUNG CHIRURGEN IN DER T\u00dcRKEI<\/h2>\n<p>Bei der Armstraffung kann die Bedeutung versierter Chirurgen gar nicht hoch genug eingesch\u00e4tzt werden.<br \/>\nDie Brachioplastik sollte von plastischen Chirurgen durchgef\u00fchrt werden, die \u00fcber ein hohes Ma\u00df an Fachwissen, Erfahrung und Talent verf\u00fcgen.<br \/>\nDie erfahrenen plastischen Chirurgen von Clinic Mono h\u00f6ren den Patienten aufmerksam zu und erstellen einen individuellen Plan f\u00fcr die kosmetische Armoperation.<br \/>\nDie besten Chirurgen, die mit Clinic Mono zusammenarbeiten, erzielen durch die Anwendung der neuesten Techniken zur Entfernung der Haut am Arm die erfolgreichsten Ergebnisse bei der Armstraffung und bieten den Patienten einen reibungslosen und komfortablen medizinischen Ablauf in den kooperierenden Gesundheitseinrichtungen.<\/p>\n<\/div><\/div><\/div><\/div><\/div><\/div><div class=\"w-separator size_small\"><\/div><div class=\"g-cols wpb_row via_flex valign_top type_default stacking_default\"><div class=\"vc_col-sm-3 wpb_column vc_column_container\"><div class=\"vc_column-inner\"><div class=\"wpb_wrapper\"><div class=\"w-image align_none\"><a href=\"https:\/\/clinicmono.com\/de\/unsere-arzte\/m-d-deniz-yildirim\/\" aria-label=\"deniz-yildirim981-981\" class=\"w-image-h\"><img decoding=\"async\" width=\"981\" height=\"981\" src=\"https:\/\/clinicmono.com\/wp-content\/uploads\/2023\/05\/deniz-yildirim981-981.jpg\" class=\"attachment-large size-large\" alt=\"\" loading=\"lazy\" srcset=\"https:\/\/clinicmono.com\/wp-content\/uploads\/2023\/05\/deniz-yildirim981-981.jpg 981w, https:\/\/clinicmono.com\/wp-content\/uploads\/2023\/05\/deniz-yildirim981-981-600x600.jpg 600w, https:\/\/clinicmono.com\/wp-content\/uploads\/2023\/05\/deniz-yildirim981-981-300x300.jpg 300w, https:\/\/clinicmono.com\/wp-content\/uploads\/2023\/05\/deniz-yildirim981-981-400x400.jpg 400w, https:\/\/clinicmono.com\/wp-content\/uploads\/2023\/05\/deniz-yildirim981-981-150x150.jpg 150w\" sizes=\"(max-width: 981px) 100vw, 981px\" \/><\/a><\/div><div class=\"w-separator size_custom\" style=\"height:10px\"><\/div><div class=\"wpb_text_column\"><div class=\"wpb_wrapper\"><h4><a href=\"https:\/\/clinicmono.com\/de\/unsere-arzte\/m-d-deniz-yildirim\/\"><strong>M.D. DENI\u0307Z YILDIRIM<\/strong><\/a><\/h4>\n<\/div><\/div><\/div><\/div><\/div><div class=\"vc_col-sm-3 wpb_column vc_column_container\"><div class=\"vc_column-inner\"><div class=\"wpb_wrapper\"><div class=\"w-image align_none\"><a href=\"https:\/\/clinicmono.com\/de\/unsere-arzte\/m-d-ergin-erdogan\/\" aria-label=\"m-d-ergin-erdogan\" class=\"w-image-h\"><img decoding=\"async\" width=\"1024\" height=\"1024\" src=\"https:\/\/clinicmono.com\/wp-content\/uploads\/2024\/04\/m-d-ergin-erdogan-1024x1024.jpg\" class=\"attachment-large size-large\" alt=\"\" loading=\"lazy\" srcset=\"https:\/\/clinicmono.com\/wp-content\/uploads\/2024\/04\/m-d-ergin-erdogan-1024x1024.jpg 1024w, https:\/\/clinicmono.com\/wp-content\/uploads\/2024\/04\/m-d-ergin-erdogan-600x600.jpg 600w, https:\/\/clinicmono.com\/wp-content\/uploads\/2024\/04\/m-d-ergin-erdogan-300x300.jpg 300w, https:\/\/clinicmono.com\/wp-content\/uploads\/2024\/04\/m-d-ergin-erdogan-500x500.jpg 500w, https:\/\/clinicmono.com\/wp-content\/uploads\/2024\/04\/m-d-ergin-erdogan-400x400.jpg 400w, https:\/\/clinicmono.com\/wp-content\/uploads\/2024\/04\/m-d-ergin-erdogan-150x150.jpg 150w, https:\/\/clinicmono.com\/wp-content\/uploads\/2024\/04\/m-d-ergin-erdogan.jpg 1080w\" sizes=\"(max-width: 1024px) 100vw, 1024px\" \/><\/a><\/div><div class=\"w-separator size_custom\" style=\"height:10px\"><\/div><div class=\"wpb_text_column\"><div class=\"wpb_wrapper\"><h4><a href=\"https:\/\/clinicmono.com\/de\/unsere-arzte\/m-d-ergin-erdogan\/\">M.D. ERGI\u0307N ERDO\u011eAN<\/a><\/h4>\n<\/div><\/div><\/div><\/div><\/div><\/div><div class=\"w-separator size_small\"><\/div><div class=\"g-cols wpb_row via_flex valign_top type_default stacking_default\" id=\"cost\"><div class=\"vc_col-sm-12 wpb_column vc_column_container\"><div class=\"vc_column-inner\"><div class=\"wpb_wrapper\"><div class=\"wpb_text_column\"><div class=\"wpb_wrapper\"><h2>KOSTEN F\u00dcR DIE BRACHIOPLASTIK<\/h2>\n<p>Die Kosten f\u00fcr eine Brachioplastik k\u00f6nnen nach einer detaillierten medizinischen Beurteilung durch den plastischen Chirurgen genau besprochen werden.<br \/>\nDer Umfang der Armoperation kann die Kosten der Armstraffung ebenso beeinflussen wie der Ort der Behandlung.<br \/>\nDa die T\u00fcrkei die erste Adresse f\u00fcr Armstraffungen ist, bietet sie sehr g\u00fcnstige Preise f\u00fcr diesen umfangreichen medizinischen Eingriff.<br \/>\nAls Agentur f\u00fcr Medizintourismus in der T\u00fcrkei gestaltet Clinic Mono die Kosten f\u00fcr eine Armstraffung als Paketkonzept f\u00fcr eine bequeme und vorteilhafte medizinische Erfahrung, die internationalen Patienten eine komfortable Reise in die T\u00fcrkei bietet.<br \/>\nAlle Bed\u00fcrfnisse internationaler Patienten sind in den Kosten f\u00fcr eine Armstraffung enthalten, wie z.B. Unterkunft, Transfers, Kontrolluntersuchungen, Betreuung und Medikamente.<br \/>\nWenn Sie mehr \u00fcber die Kosten der Armstraffung erfahren m\u00f6chten, z\u00f6gern Sie nicht, uns zu kontaktieren.<\/p>\n<\/div><\/div><\/div><\/div><\/div><\/div><div class=\"w-separator size_small\"><\/div><div class=\"g-cols wpb_row via_flex valign_top type_default stacking_default\"><div class=\"vc_col-sm-12 wpb_column vc_column_container\"><div class=\"vc_column-inner\"><div class=\"wpb_wrapper\"><div class=\"w-html\"><table class=\"customTable\">\n  <thead>\n    <tr>\n      <th>Art des Eingriffs<\/th><th>Armstraffung Mono<\/th><th>Arm Lifting Kosten UK<\/th><th>Kosten Armlifting EU<\/th><th>Kosten Armlifting US<\/th>\n    <\/tr>\n  <\/thead>\n  <tbody>\n    <tr>\n      <td>Arm Lift Kosten<\/td><td>\u00a33650 - \u00a34350<\/td><td>\u00a34,000 - \u00a35,000<\/td><td>\u20ac6,000 - \u20ac7,000<\/td><td>$6,000 - $7,000<\/td>\n    <\/tr>\n  <\/tbody>\n<\/table><\/div><\/div><\/div><\/div><\/div><div class=\"w-separator size_small\"><\/div><div class=\"g-cols wpb_row via_flex valign_top type_default stacking_default\" id=\"reviews\"><div class=\"vc_col-sm-12 wpb_column vc_column_container\"><div class=\"vc_column-inner\"><div class=\"wpb_wrapper\"><div class=\"wpb_text_column\"><div class=\"wpb_wrapper\"><h2>ARMLIFT BEWERTUNGEN<\/h2>\n<p>Wenn Sie einen solchen Eingriff in einem fremden Land wie der T\u00fcrkei in Erw\u00e4gung ziehen, ist es sehr wichtig, eine seri\u00f6se Einrichtung mit einem Zertifikat f\u00fcr Gesundheitstourismus zu w\u00e4hlen und die \u00c4rzte auszuw\u00e4hlen.<br \/>\nUm die beste Meinung dar\u00fcber zu erhalten, wie erfolgreich eine Armstraffung ist, ist eine der besten M\u00f6glichkeiten, sich die Patientenbewertungen anzusehen.<br \/>\nDie Patientenbewertungen von Clinic Mono zeigen die Zufriedenheit der Patienten, die sich bei Clinic Mono einer Armstraffung unterzogen haben, mit ihren Ergebnissen und der medizinischen Erfahrung, die sie in der T\u00fcrkei gemacht haben.<\/p>\n<\/div><\/div><\/div><\/div><\/div><\/div><div class=\"w-separator size_small\"><\/div><div class=\"g-cols wpb_row via_flex valign_top type_default stacking_default\" id=\"faqs\"><div class=\"vc_col-sm-12 wpb_column vc_column_container\"><div class=\"vc_column-inner\"><div class=\"wpb_wrapper\"><div class=\"wpb_text_column\"><div class=\"wpb_wrapper\"><h2>ARMLIFT H\u00c4UFIG GESTELLTE FRAGEN<\/h2>\n<\/div><\/div><\/div><\/div><\/div><\/div><div class=\"w-separator size_small\"><\/div><div class=\"w-tabs style_default switch_click accordion has_scrolling\" style=\"--sections-title-size:inherit\"><div class=\"w-tabs-sections titles-align_none icon_chevron cpos_right\"><div class=\"w-tabs-section\" id=\"vd10\"><button class=\"w-tabs-section-header\" aria-controls=\"content-vd10\" aria-expanded=\"false\"><div class=\"w-tabs-section-title\">Bin ich f\u00fcr eine Armlifting-Operation geeignet?<\/div><div class=\"w-tabs-section-control\"><\/div><\/button><div  class=\"w-tabs-section-content\" id=\"content-vd10\"><div class=\"w-tabs-section-content-h i-cf\"><div class=\"wpb_text_column\"><div class=\"wpb_wrapper\"><p>Eine Armstraffung ist eine geeignete Operation f\u00fcr diejenigen, die ein stabiles Gewicht und eine entsprechende Hauterschlaffung haben.<br \/>\nUm eine m\u00f6glichst genaue Einsch\u00e4tzung zu erhalten, k\u00f6nnen Sie sich an Clinic Mono wenden und eine Online-Konsultation veranlassen.<\/p>\n<\/div><\/div><\/div><\/div><\/div><\/div><\/div><\/div><\/div><\/div><\/div><\/div><\/section>\n","protected":false},"excerpt":{"rendered":"Arm Lifting Chirurgie in der T\u00fcrkei Seiten\u00dcberblick \u00fcber das VerfahrenVerfahrenOperation DauerKrankenhausaufenthaltAn\u00e4sthesieErhalten Sie eine kostenlose BeratungBitte aktiviere JavaScript in deinem Browser, um dieses Formular fertigzustellen.Bitte aktiviere JavaScript in deinem Browser, um dieses Formular fertigzustellen.Name *Telefon * URL der Telefon Erhalten Sie eine kostenlose Beratung Verfahren | Kosten | Klinik | Erholung | Bewertungen | Chirurgen |...","protected":false},"author":1,"featured_media":0,"parent":39062,"menu_order":0,"comment_status":"closed","ping_status":"closed","template":"","meta":{"rank_math_lock_modified_date":false,"_mi_skip_tracking":false,"_monsterinsights_sitenote_active":false,"_monsterinsights_sitenote_note":"","_monsterinsights_sitenote_category":0,"_uf_show_specific_survey":0,"_uf_disable_surveys":false,"footnotes":""},"procedure":[],"class_list":["post-77856","page","type-page","status-publish","hentry"],"_links":{"self":[{"href":"https:\/\/clinicmono.com\/de\/wp-json\/wp\/v2\/pages\/77856"}],"collection":[{"href":"https:\/\/clinicmono.com\/de\/wp-json\/wp\/v2\/pages"}],"about":[{"href":"https:\/\/clinicmono.com\/de\/wp-json\/wp\/v2\/types\/page"}],"author":[{"embeddable":true,"href":"https:\/\/clinicmono.com\/de\/wp-json\/wp\/v2\/users\/1"}],"replies":[{"embeddable":true,"href":"https:\/\/clinicmono.com\/de\/wp-json\/wp\/v2\/comments?post=77856"}],"version-history":[{"count":32,"href":"https:\/\/clinicmono.com\/de\/wp-json\/wp\/v2\/pages\/77856\/revisions"}],"predecessor-version":[{"id":156140,"href":"https:\/\/clinicmono.com\/de\/wp-json\/wp\/v2\/pages\/77856\/revisions\/156140"}],"up":[{"embeddable":true,"href":"https:\/\/clinicmono.com\/de\/wp-json\/wp\/v2\/pages\/39062"}],"wp:attachment":[{"href":"https:\/\/clinicmono.com\/de\/wp-json\/wp\/v2\/media?parent=77856"}],"wp:term":[{"taxonomy":"procedure","embeddable":true,"href":"https:\/\/clinicmono.com\/de\/wp-json\/wp\/v2\/procedure?post=77856"}],"curies":[{"name":"wp","href":"https:\/\/api.w.org\/{rel}","templated":true}]}}