{"id":77092,"date":"2024-02-14T13:59:00","date_gmt":"2024-02-14T13:59:00","guid":{"rendered":"https:\/\/clinicmono.com\/plastic-and-aesthetic-surgery\/vaser-liposuction-turkey\/rueckenlift\/"},"modified":"2025-05-23T11:33:04","modified_gmt":"2025-05-23T11:33:04","slug":"back-lift","status":"publish","type":"page","link":"https:\/\/clinicmono.com\/de\/plastische-und-asthetische-chirurgie\/vaser-liposuktion-2\/back-lift\/","title":{"rendered":"R\u00fcckenlift"},"content":{"rendered":"<section class=\"l-section wpb_row height_custom with_img\"><div class=\"l-section-img\" role=\"img\" data-img-width=\"2560\" data-img-height=\"1707\" style=\"background-image: url(https:\/\/clinicmono.com\/wp-content\/uploads\/2024\/02\/BAck-Lift-scaled.jpg);background-repeat: no-repeat;\"><\/div><div class=\"l-section-overlay\" style=\"background:rgba(0,0,0,0.47)\"><\/div><div class=\"l-section-h i-cf\"><div class=\"g-cols vc_row via_flex valign_top type_default stacking_default\"><div class=\"vc_col-sm-12 wpb_column vc_column_container\"><div class=\"vc_column-inner\"><div class=\"wpb_wrapper\"><div class=\"wpb_text_column us_custom_8b3d6790 has_text_color\"><div class=\"wpb_wrapper\"><h1 style=\"text-align: center;\">R\u00fcckenlift<\/h1>\n<\/div><\/div><div class=\"w-separator size_small\"><\/div><nav class=\"g-breadcrumbs us_custom_8b3d6790 has_text_color separator_icon align_center hide_current\" itemscope itemtype=\"http:\/\/schema.org\/BreadcrumbList\"><div class=\"g-breadcrumbs-item\">Seiten<\/div><\/nav><div class=\"w-separator size_small\"><\/div><\/div><\/div><\/div><\/div><\/div><\/section><section class=\"l-section wpb_row height_small\"><div class=\"l-section-h i-cf\"><div class=\"g-cols vc_row via_flex valign_top type_default stacking_default\"><div class=\"vc_col-sm-8 wpb_column vc_column_container\"><div class=\"vc_column-inner\"><div class=\"wpb_wrapper\"><div class=\"g-cols wpb_row us_custom_eba00d85 via_flex valign_top type_default stacking_default\"><div class=\"vc_col-sm-12 wpb_column vc_column_container\"><div class=\"vc_column-inner\"><div class=\"wpb_wrapper\"><h3 class=\"w-text\"><span class=\"w-text-h\"><span class=\"w-text-value\">\u00dcberblick \u00fcber das Verfahren<\/span><\/span><\/h3><div class=\"w-separator size_small\"><\/div><div class=\"w-iconbox iconpos_left style_default color_primary align_left no_text\"><div class=\"w-iconbox-icon\" style=\"font-size:1.4rem;\"><i class=\"fas fa-procedures\"><\/i><\/div><div class=\"w-iconbox-meta\"><h4 class=\"w-iconbox-title\">Verfahren<\/h4><\/div><\/div><div class=\"w-separator size_small\"><\/div><div class=\"w-iconbox iconpos_left style_default color_primary align_left no_text\"><div class=\"w-iconbox-icon\" style=\"font-size:1rem;\"><i class=\"fas fa-clock\"><\/i><\/div><div class=\"w-iconbox-meta\"><h4 class=\"w-iconbox-title\">Operation Dauer<\/h4><\/div><\/div><div class=\"w-separator size_small\"><\/div><div class=\"w-iconbox iconpos_left style_default color_primary align_left no_text\"><div class=\"w-iconbox-icon\" style=\"font-size:1rem;\"><i class=\"fas fa-hospital\"><\/i><\/div><div class=\"w-iconbox-meta\"><h4 class=\"w-iconbox-title\">Krankenhausaufenthalt<\/h4><\/div><\/div><div class=\"w-separator size_small\"><\/div><div class=\"w-iconbox iconpos_left style_default color_primary align_left no_text\"><div class=\"w-iconbox-icon\" style=\"font-size:1rem;\"><i class=\"fas fa-syringe\"><\/i><\/div><div class=\"w-iconbox-meta\"><h4 class=\"w-iconbox-title\">An\u00e4sthesie<\/h4><\/div><\/div><\/div><\/div><\/div><\/div><\/div><\/div><\/div><div class=\"vc_col-sm-4 wpb_column vc_column_container\"><div class=\"vc_column-inner\"><div class=\"wpb_wrapper\"><div class=\"g-cols wpb_row us_custom_c5a47681 via_flex valign_top type_default stacking_default\"><div class=\"vc_col-sm-12 wpb_column vc_column_container\"><div class=\"vc_column-inner\"><div class=\"wpb_wrapper\"><h3 class=\"w-text\"><span class=\"w-text-h\"><span class=\"w-text-value\">Erhalten Sie eine kostenlose Beratung<\/span><\/span><\/h3><div class=\"w-separator size_small\"><\/div><div class=\"wpforms-container wpforms-render-modern\" id=\"wpforms-22672\"><form id=\"wpforms-form-22672\" class=\"wpforms-validate wpforms-form wpforms-ajax-form\" data-formid=\"22672\" method=\"post\" enctype=\"multipart\/form-data\" action=\"\/de\/wp-json\/wp\/v2\/pages\/77092\" data-token=\"c3e15599abee602b49bf0e8d146518fb\" data-token-time=\"1775930440\"><noscript class=\"wpforms-error-noscript\">Bitte aktiviere JavaScript in deinem Browser, um dieses Formular fertigzustellen.<\/noscript><div id=\"wpforms-error-noscript\" style=\"display: none;\">Bitte aktiviere JavaScript in deinem Browser, um dieses Formular fertigzustellen.<\/div><div class=\"wpforms-field-container\"><div id=\"wpforms-22672-field_0-container\" class=\"wpforms-field wpforms-field-name\" data-field-id=\"0\"><label class=\"wpforms-field-label wpforms-label-hide\" for=\"wpforms-22672-field_0\" aria-hidden=\"false\">Name <span class=\"wpforms-required-label\" aria-hidden=\"true\">*<\/span><\/label><input type=\"text\" id=\"wpforms-22672-field_0\" class=\"wpforms-field-large wpforms-field-required\" name=\"wpforms[fields][0]\" placeholder=\"Name und Nachname\" aria-errormessage=\"wpforms-22672-field_0-error\" required><\/div><div id=\"wpforms-22672-field_5-container\" class=\"wpforms-field wpforms-field-phone\" data-field-id=\"5\"><label class=\"wpforms-field-label wpforms-label-hide\" for=\"wpforms-22672-field_5\" aria-hidden=\"false\">Telefon <span class=\"wpforms-required-label\" aria-hidden=\"true\">*<\/span><\/label><input type=\"tel\" id=\"wpforms-22672-field_5\" class=\"wpforms-field-large wpforms-field-required wpforms-smart-phone-field\" data-rule-smart-phone-field=\"true\" name=\"wpforms[fields][5]\" aria-label=\"Telefon\" aria-errormessage=\"wpforms-22672-field_5-error\" required><\/div><div id=\"wpforms-22672-field_12-container\" class=\"wpforms-field wpforms-field-hidden\" data-field-id=\"12\"><input type=\"hidden\" id=\"wpforms-22672-field_12\" name=\"wpforms[fields][12]\"><\/div><div id=\"wpforms-22672-field_10-container\" class=\"wpforms-field wpforms-field-hidden\" data-field-id=\"10\"><input type=\"hidden\" id=\"wpforms-22672-field_10\" name=\"wpforms[fields][10]\" value=\"https:\/\/clinicmono.com\/de\/wp-json\/wp\/v2\/pages\/77092 \"><\/div><div id=\"wpforms-22672-field_15-container\" class=\"wpforms-field wpforms-field-hidden\" data-field-id=\"15\"><input type=\"hidden\" id=\"wpforms-22672-field_15\" name=\"wpforms[fields][15]\" value=\" 216.73.216.38 {entry_geolocation} \"><\/div><\/div><!-- .wpforms-field-container --><div class=\"wpforms-recaptcha-container wpforms-is-recaptcha wpforms-is-recaptcha-type-v3\" ><input type=\"hidden\" name=\"wpforms[recaptcha]\" value=\"\"><\/div><div class=\"wpforms-submit-container\" ><input type=\"hidden\" name=\"wpforms[id]\" value=\"22672\"><input type=\"hidden\" name=\"page_title\" value=\"\"><input type=\"hidden\" name=\"page_url\" value=\"https:\/\/clinicmono.com\/de\/wp-json\/wp\/v2\/pages\/77092\"><input type=\"hidden\" name=\"url_referer\" value=\"\"><button type=\"submit\" name=\"wpforms[submit]\" id=\"wpforms-submit-22672\" class=\"wpforms-submit\" data-alt-text=\"Ich schicke...\" data-submit-text=\"Erhalten Sie eine kostenlose Beratung\" aria-live=\"assertive\" value=\"wpforms-submit\">Erhalten Sie eine kostenlose Beratung<\/button><img loading=\"lazy\" decoding=\"async\" src=\"https:\/\/clinicmono.com\/wp-content\/plugins\/wpforms\/assets\/images\/submit-spin.svg\" class=\"wpforms-submit-spinner\" style=\"display: none;\" width=\"26\" height=\"26\" alt=\"Wird geladen\"><\/div><\/form><\/div>  <!-- .wpforms-container --><\/div><\/div><\/div><\/div><\/div><\/div><\/div><\/div><\/div><\/section><section class=\"l-section wpb_row us_custom_0d5503c3 height_custom\"><div class=\"l-section-h i-cf\"><div class=\"g-cols vc_row via_flex valign_top type_default stacking_default\"><div class=\"vc_col-sm-12 wpb_column vc_column_container\"><div class=\"vc_column-inner\"><div class=\"wpb_wrapper\"><div class=\"g-cols wpb_row us_custom_1b04de86 via_flex valign_top type_default stacking_default\"><div class=\"vc_col-sm-8 wpb_column vc_column_container\"><div class=\"vc_column-inner\"><div class=\"wpb_wrapper\"><div class=\"w-hwrapper valign_top wrap align_left\"><div class=\"wpb_text_column\"><div class=\"wpb_wrapper\"><h4><a href=\"#procedures\">Verfahren<\/a><\/h4>\n<\/div><\/div><div class=\"wpb_text_column\"><div class=\"wpb_wrapper\"><h4>|<\/h4>\n<\/div><\/div><div class=\"wpb_text_column\"><div class=\"wpb_wrapper\"><h4><a href=\"#cost\">Kosten<\/a><\/h4>\n<\/div><\/div><div class=\"wpb_text_column\"><div class=\"wpb_wrapper\"><h4>|<\/h4>\n<\/div><\/div><div class=\"wpb_text_column\"><div class=\"wpb_wrapper\"><h4><a href=\"#clinic\">Klinik<\/a><\/h4>\n<\/div><\/div><div class=\"wpb_text_column\"><div class=\"wpb_wrapper\"><h4>|<\/h4>\n<\/div><\/div><div class=\"wpb_text_column\"><div class=\"wpb_wrapper\"><h4><a href=\"#recovery\">Erholung<\/a><\/h4>\n<\/div><\/div><div class=\"wpb_text_column\"><div class=\"wpb_wrapper\"><h4>|<\/h4>\n<\/div><\/div><div class=\"wpb_text_column\"><div class=\"wpb_wrapper\"><h4><a href=\"#reviews\">Bewertungen<\/a><\/h4>\n<\/div><\/div><div class=\"wpb_text_column\"><div class=\"wpb_wrapper\"><h4>|<\/h4>\n<\/div><\/div><div class=\"wpb_text_column\"><div class=\"wpb_wrapper\"><h4><a href=\"#surgeons\">Chirurgen<\/a><\/h4>\n<\/div><\/div><div class=\"wpb_text_column\"><div class=\"wpb_wrapper\"><h4>|<\/h4>\n<\/div><\/div><div class=\"wpb_text_column\"><div class=\"wpb_wrapper\"><h4><a href=\"#faqs\">FAQ&#8217;s<\/a><\/h4>\n<\/div><\/div><\/div><\/div><\/div><\/div><div class=\"vc_col-sm-4 wpb_column vc_column_container\"><div class=\"vc_column-inner\"><div class=\"wpb_wrapper\"><div class=\"wpb_text_column\"><div class=\"wpb_wrapper\"><h5 style=\"text-align: center;\"><strong>Gepr\u00fcft und genehmigt von <a href=\"https:\/\/clinicmono.com\/de\/unsere-arzte\/dr-m-d-merve-ozkaya-unsal\/\">M.D. Merve \u00d6. \u00dcNSAL<\/a><\/strong><\/h5>\n<\/div><\/div><div class=\"w-separator hide_on_default hide_on_laptops size_medium\"><\/div><\/div><\/div><\/div><\/div><div class=\"w-separator size_small\"><\/div><div class=\"g-cols wpb_row via_flex valign_top type_default stacking_default\" id=\"procedures\"><div class=\"vc_col-sm-12 wpb_column vc_column_container\"><div class=\"vc_column-inner\"><div class=\"wpb_wrapper\"><div class=\"wpb_text_column\"><div class=\"wpb_wrapper\"><h2>R\u00dcCKENHEBEN<\/h2>\n<p>Starke Gewichtsver\u00e4nderungen k\u00f6nnen zu schlaffer Haut an verschiedenen K\u00f6rperstellen f\u00fchren. Die schlaffe Haut am R\u00fccken ist eines der h\u00e4ufigsten kosmetischen Probleme f\u00fcr Patienten, die einen starken Gewichtsverlust erlitten haben.<br \/>\nEine R\u00fcckenlifting-Operation entfernt die \u00fcbersch\u00fcssige Haut im R\u00fcckenbereich und verleiht dem Patienten ein strafferes und schlankeres Aussehen.<\/p>\n<h3>R\u00dcCKENLIFTING-OPERATION<\/h3>\n<p>Eine R\u00fcckenstraffung wird unter Vollnarkose durchgef\u00fchrt und kann je nach Umfang des Eingriffs zwischen 2-3 Stunden dauern.<br \/>\nVor der R\u00fcckenlifting-Operation sollte ein Beratungsgespr\u00e4ch mit dem plastischen Chirurgen stattfinden. W\u00e4hrend dieses Beratungsgespr\u00e4chs werden alle Details der Operation entsprechend den Bed\u00fcrfnissen und Erwartungen des Patienten festgelegt.<br \/>\nDie R\u00fcckenstraffung wird in der Regel als &#8220;BH-Lifting&#8221; durchgef\u00fchrt. Nachdem die entsprechenden Schnitte gesetzt wurden, wird die \u00fcbersch\u00fcssige R\u00fcckenhaut entfernt.<br \/>\nIn einigen F\u00e4llen kann die Operation zur Entfernung der R\u00fcckenhaut auch eine Fettentfernung beinhalten.<\/p>\n<\/div><\/div><\/div><\/div><\/div><\/div><div class=\"w-separator size_small\"><\/div><div class=\"g-cols wpb_row via_flex valign_top type_default stacking_default\" id=\"recovery\"><div class=\"vc_col-sm-12 wpb_column vc_column_container\"><div class=\"vc_column-inner\"><div class=\"wpb_wrapper\"><div class=\"wpb_text_column\"><div class=\"wpb_wrapper\"><h4>R\u00fcckenlift Erholung<\/h4>\n<p>Schwellungen und Schmerzen nach einer R\u00fcckenstraffung sind v\u00f6llig normal und werden allm\u00e4hlich abklingen; die vollst\u00e4ndige Genesung kann etwa 1 Monat dauern.<br \/>\nDie Einschnitte der R\u00fcckenstraffungsnarbe sollten sorgf\u00e4ltig gepflegt werden, um Komplikationen zu vermeiden und einen reibungslosen Heilungsprozess zu gew\u00e4hrleisten.<br \/>\nAlle postoperativen Anweisungen Ihres plastischen Chirurgen sollten genau befolgt werden.<\/p>\n<\/div><\/div><\/div><\/div><\/div><\/div><div class=\"w-separator size_small\"><\/div><div class=\"g-cols wpb_row via_flex valign_top type_default stacking_default\" id=\"clinic\"><div class=\"vc_col-sm-12 wpb_column vc_column_container\"><div class=\"vc_column-inner\"><div class=\"wpb_wrapper\"><div class=\"wpb_text_column\"><div class=\"wpb_wrapper\"><h3>R\u00dcCKENLIFTING IN DER KLINIK MONO<\/h3>\n<p>Die Operation der R\u00fcckenhautentfernung bei Clinic Mono beginnt mit einer Online-Konsultation, um internationalen Patienten eine bequeme R\u00fcckenstraffungsoperation zu erm\u00f6glichen.<br \/>\nClinic Mono k\u00fcmmert sich um jedes noch so kleine Detail der R\u00fcckenlifting-Operation, um den Komfort und die Gesundheit der internationalen Patienten zu gew\u00e4hrleisten, indem wir eine luxuri\u00f6se Unterkunft, VIP-Transfers und erstklassige medizinische Einrichtungen ausw\u00e4hlen.<br \/>\nPatienten von Clinic Mono, die sich die Haut am R\u00fccken entfernen lassen m\u00f6chten, erhalten rund um die Uhr Unterst\u00fctzung; unser medizinisches Team steht Ihnen w\u00e4hrend Ihrer gesamten medizinischen Reise gerne zur Seite.<\/p>\n<\/div><\/div><\/div><\/div><\/div><\/div><div class=\"w-separator size_small\"><\/div><div class=\"g-cols wpb_row via_flex valign_top type_default stacking_default\" id=\"surgeons\"><div class=\"vc_col-sm-12 wpb_column vc_column_container\"><div class=\"vc_column-inner\"><div class=\"wpb_wrapper\"><div class=\"wpb_text_column\"><div class=\"wpb_wrapper\"><h3>DIE BESTEN CHIRURGEN F\u00dcR R\u00dcCKENSTRAFFUNG IN DER TURKEY<\/h3>\n<p>Eine R\u00fcckenstraffungsoperation sollte von einem talentierten plastischen Chirurgen durchgef\u00fchrt werden, der auf diesem Gebiet voll qualifiziert und erfahren ist.<br \/>\nClinic Mono ist stolz auf sein hochtalentiertes und anerkanntes \u00c4rzteteam, das die besten Ergebnisse und einen reibungslosen Ablauf der R\u00fcckenstraffung bietet.<\/p>\n<\/div><\/div><\/div><\/div><\/div><\/div><div class=\"w-separator size_small\"><\/div><div class=\"g-cols wpb_row via_flex valign_top type_default stacking_default\"><div class=\"vc_col-sm-3 wpb_column vc_column_container\"><div class=\"vc_column-inner\"><div class=\"wpb_wrapper\"><div class=\"w-image align_none\"><a href=\"https:\/\/clinicmono.com\/de\/unsere-arzte\/m-d-eren-ersoz\/\" aria-label=\"Eren-Ersoz981-981\" class=\"w-image-h\"><img decoding=\"async\" width=\"981\" height=\"981\" src=\"https:\/\/clinicmono.com\/wp-content\/uploads\/2023\/04\/Eren-Ersoz981-981.jpg\" class=\"attachment-large size-large\" alt=\"\" loading=\"lazy\" srcset=\"https:\/\/clinicmono.com\/wp-content\/uploads\/2023\/04\/Eren-Ersoz981-981.jpg 981w, https:\/\/clinicmono.com\/wp-content\/uploads\/2023\/04\/Eren-Ersoz981-981-600x600.jpg 600w, https:\/\/clinicmono.com\/wp-content\/uploads\/2023\/04\/Eren-Ersoz981-981-300x300.jpg 300w, https:\/\/clinicmono.com\/wp-content\/uploads\/2023\/04\/Eren-Ersoz981-981-400x400.jpg 400w, https:\/\/clinicmono.com\/wp-content\/uploads\/2023\/04\/Eren-Ersoz981-981-150x150.jpg 150w\" sizes=\"(max-width: 981px) 100vw, 981px\" \/><\/a><\/div><div class=\"w-separator size_custom\" style=\"height:10px\"><\/div><div class=\"wpb_text_column\"><div class=\"wpb_wrapper\"><h4><a href=\"https:\/\/clinicmono.com\/de\/unsere-arzte\/m-d-eren-ersoz\/\"><strong>M.D. EREN ERS\u00d6Z<\/strong><\/a><\/h4>\n<\/div><\/div><\/div><\/div><\/div><div class=\"vc_col-sm-3 wpb_column vc_column_container\"><div class=\"vc_column-inner\"><div class=\"wpb_wrapper\"><div class=\"w-image align_none\"><a href=\"https:\/\/clinicmono.com\/de\/unsere-arzte\/m-d-deniz-yildirim\/\" aria-label=\"deniz-yildirim981-981\" class=\"w-image-h\"><img decoding=\"async\" width=\"981\" height=\"981\" src=\"https:\/\/clinicmono.com\/wp-content\/uploads\/2023\/05\/deniz-yildirim981-981.jpg\" class=\"attachment-large size-large\" alt=\"\" loading=\"lazy\" srcset=\"https:\/\/clinicmono.com\/wp-content\/uploads\/2023\/05\/deniz-yildirim981-981.jpg 981w, https:\/\/clinicmono.com\/wp-content\/uploads\/2023\/05\/deniz-yildirim981-981-600x600.jpg 600w, https:\/\/clinicmono.com\/wp-content\/uploads\/2023\/05\/deniz-yildirim981-981-300x300.jpg 300w, https:\/\/clinicmono.com\/wp-content\/uploads\/2023\/05\/deniz-yildirim981-981-400x400.jpg 400w, https:\/\/clinicmono.com\/wp-content\/uploads\/2023\/05\/deniz-yildirim981-981-150x150.jpg 150w\" sizes=\"(max-width: 981px) 100vw, 981px\" \/><\/a><\/div><div class=\"w-separator size_custom\" style=\"height:10px\"><\/div><div class=\"wpb_text_column\"><div class=\"wpb_wrapper\"><h4><a href=\"https:\/\/clinicmono.com\/de\/unsere-arzte\/m-d-deniz-yildirim\/\"><strong>M.D. DENI\u0307Z YILDIRIM<\/strong><\/a><\/h4>\n<\/div><\/div><\/div><\/div><\/div><div class=\"vc_col-sm-3 wpb_column vc_column_container\"><div class=\"vc_column-inner\"><div class=\"wpb_wrapper\"><div class=\"w-image align_none\"><a href=\"https:\/\/clinicmono.com\/de\/unsere-arzte\/dr-m-d-merve-ozkaya-unsal\/\" aria-label=\"merve-ozkaya-unsal981-981\" class=\"w-image-h\"><img decoding=\"async\" width=\"981\" height=\"981\" src=\"https:\/\/clinicmono.com\/wp-content\/uploads\/2023\/05\/merve-ozkaya-unsal981-981.jpg\" class=\"attachment-large size-large\" alt=\"\" loading=\"lazy\" srcset=\"https:\/\/clinicmono.com\/wp-content\/uploads\/2023\/05\/merve-ozkaya-unsal981-981.jpg 981w, https:\/\/clinicmono.com\/wp-content\/uploads\/2023\/05\/merve-ozkaya-unsal981-981-600x600.jpg 600w, https:\/\/clinicmono.com\/wp-content\/uploads\/2023\/05\/merve-ozkaya-unsal981-981-300x300.jpg 300w, https:\/\/clinicmono.com\/wp-content\/uploads\/2023\/05\/merve-ozkaya-unsal981-981-400x400.jpg 400w, https:\/\/clinicmono.com\/wp-content\/uploads\/2023\/05\/merve-ozkaya-unsal981-981-150x150.jpg 150w\" sizes=\"(max-width: 981px) 100vw, 981px\" \/><\/a><\/div><div class=\"w-separator size_custom\" style=\"height:10px\"><\/div><div class=\"wpb_text_column\"><div class=\"wpb_wrapper\"><h4><a href=\"https:\/\/clinicmono.com\/de\/unsere-arzte\/dr-m-d-merve-ozkaya-unsal\/\"><strong>M.D. MERVE \u00d6. \u00dcNSAL<\/strong><\/a><\/h4>\n<\/div><\/div><\/div><\/div><\/div><div class=\"vc_col-sm-3 wpb_column vc_column_container\"><div class=\"vc_column-inner\"><div class=\"wpb_wrapper\"><div class=\"w-image align_none\"><a href=\"https:\/\/clinicmono.com\/de\/unsere-arzte\/m-d-ergin-erdogan\/\" aria-label=\"m-d-ergin-erdogan\" class=\"w-image-h\"><img decoding=\"async\" width=\"1024\" height=\"1024\" src=\"https:\/\/clinicmono.com\/wp-content\/uploads\/2024\/04\/m-d-ergin-erdogan-1024x1024.jpg\" class=\"attachment-large size-large\" alt=\"\" loading=\"lazy\" srcset=\"https:\/\/clinicmono.com\/wp-content\/uploads\/2024\/04\/m-d-ergin-erdogan-1024x1024.jpg 1024w, https:\/\/clinicmono.com\/wp-content\/uploads\/2024\/04\/m-d-ergin-erdogan-600x600.jpg 600w, https:\/\/clinicmono.com\/wp-content\/uploads\/2024\/04\/m-d-ergin-erdogan-300x300.jpg 300w, https:\/\/clinicmono.com\/wp-content\/uploads\/2024\/04\/m-d-ergin-erdogan-500x500.jpg 500w, https:\/\/clinicmono.com\/wp-content\/uploads\/2024\/04\/m-d-ergin-erdogan-400x400.jpg 400w, https:\/\/clinicmono.com\/wp-content\/uploads\/2024\/04\/m-d-ergin-erdogan-150x150.jpg 150w, https:\/\/clinicmono.com\/wp-content\/uploads\/2024\/04\/m-d-ergin-erdogan.jpg 1080w\" sizes=\"(max-width: 1024px) 100vw, 1024px\" \/><\/a><\/div><div class=\"w-separator size_custom\" style=\"height:10px\"><\/div><div class=\"wpb_text_column\"><div class=\"wpb_wrapper\"><h4><a href=\"https:\/\/clinicmono.com\/de\/unsere-arzte\/m-d-ergin-erdogan\/\">ERG\u0130N ERDO\u011eAN<\/a><\/h4>\n<\/div><\/div><\/div><\/div><\/div><\/div><div class=\"w-separator size_small\"><\/div><div class=\"g-cols wpb_row via_flex valign_top type_default stacking_default\" id=\"cost\"><div class=\"vc_col-sm-12 wpb_column vc_column_container\"><div class=\"vc_column-inner\"><div class=\"wpb_wrapper\"><div class=\"wpb_text_column\"><div class=\"wpb_wrapper\"><h3>KOSTEN F\u00dcR EINE R\u00dcCKENLIFTING-OPERATION<\/h3>\n<p>Die Kosten f\u00fcr eine Operation der schlaffen Haut am R\u00fccken k\u00f6nnen sich in Abh\u00e4ngigkeit von einigen Faktoren \u00e4ndern. Bevor die Kosten f\u00fcr eine R\u00fcckenstraffung festgelegt werden, sollten sich die Patienten \u00fcber den detaillierten Behandlungsplan informieren, der auf ihren speziellen Zustand und ihre Erwartungen zugeschnitten ist.<br \/>\nDanach k\u00f6nnen die genauen Kosten f\u00fcr eine Operation der schlaffen Haut am R\u00fccken besprochen werden.<br \/>\nClinic Mono bietet All-Inclusive-Kosten f\u00fcr eine R\u00fcckenstraffung in Form von Paketen an, die alles beinhalten, was ein internationaler Patient w\u00e4hrend einer Behandlung ben\u00f6tigt.<br \/>\nUm die vorteilhaften Kosten f\u00fcr eine Hautentfernung am R\u00fccken in der Clinic Mono zu erfahren, z\u00f6gern Sie bitte nicht, uns zu kontaktieren.<\/p>\n<\/div><\/div><\/div><\/div><\/div><\/div><div class=\"w-separator size_small\"><\/div><div class=\"g-cols wpb_row via_flex valign_top type_default stacking_default\"><div class=\"vc_col-sm-12 wpb_column vc_column_container\"><div class=\"vc_column-inner\"><div class=\"wpb_wrapper\"><div class=\"w-html\"><table class=\"customTable\">\n  <thead>\n    <tr>\n      <th>Art des Verfahrens<\/th><th>Mono<\/th><th>Kosten UK<\/th><th>Kosten EU<\/th><th>Kosten US<\/th>\n    <\/tr>\n  <\/thead>\n  <tbody>\n    <tr>\n      <td>R\u00fccken Lift<\/td><td>\u00a33,705 - \u00a34,500<\/td><td>\u00a37,000 - \u00a39,000<\/td><td>\u20ac8,500 - \u20ac9,500<\/td><td>$10,000 - $12,000<\/td>\n    <\/tr>\n  <\/tbody>\n<\/table>\n\n<\/div><\/div><\/div><\/div><\/div><div class=\"w-separator size_small\"><\/div><div class=\"g-cols wpb_row via_flex valign_top type_default stacking_default\" id=\"reviews\"><div class=\"vc_col-sm-12 wpb_column vc_column_container\"><div class=\"vc_column-inner\"><div class=\"wpb_wrapper\"><div class=\"wpb_text_column\"><div class=\"wpb_wrapper\"><h3>R\u00dcCKENLIFT BEWERTUNGEN<\/h3>\n<p>Die Bewertungen zur R\u00fcckenstraffung in der Bra-Linie sind eine hervorragende Quelle f\u00fcr Meinungen zur Qualit\u00e4t der R\u00fcckenstraffungsbehandlung; Mono-Patienten, die ihre R\u00fcckenstraffungsoperation mit der qualitativ besten Behandlungsoption durchgef\u00fchrt haben, hinterlassen uns die besten Kommentare, die ihre Zufriedenheit mit der Behandlungserfahrung ausdr\u00fccken.<\/p>\n<\/div><\/div><\/div><\/div><\/div><\/div><div class=\"w-separator size_small\"><\/div><div class=\"g-cols wpb_row via_flex valign_top type_default stacking_default\" id=\"faqs\"><div class=\"vc_col-sm-12 wpb_column vc_column_container\"><div class=\"vc_column-inner\"><div class=\"wpb_wrapper\"><div class=\"wpb_text_column\"><div class=\"wpb_wrapper\"><h3>H\u00c4UFIG GESTELLTE FRAGEN ZUM R\u00dcCKENLIFT<\/h3>\n<\/div><\/div><\/div><\/div><\/div><\/div><div class=\"w-separator size_small\"><\/div><div class=\"w-tabs style_default switch_click accordion has_scrolling\" style=\"--sections-title-size:inherit\"><div class=\"w-tabs-sections titles-align_none icon_chevron cpos_right\"><div class=\"w-tabs-section\" id=\"h3ef\"><button class=\"w-tabs-section-header\" aria-controls=\"content-h3ef\" aria-expanded=\"false\"><div class=\"w-tabs-section-title\">Kann ich eine R\u00fcckenlifting-Operation mit anderen plastischen Operationen kombinieren?<\/div><div class=\"w-tabs-section-control\"><\/div><\/button><div  class=\"w-tabs-section-content\" id=\"content-h3ef\"><div class=\"w-tabs-section-content-h i-cf\"><div class=\"wpb_text_column\"><div class=\"wpb_wrapper\"><p>Wenn Ihr plastischer Chirurg es nach einer ausf\u00fchrlichen medizinischen Untersuchung f\u00fcr geeignet h\u00e4lt, kann die R\u00fcckenstraffung mit anderen kosmetischen Verfahren kombiniert werden.<\/p>\n<\/div><\/div><\/div><\/div><\/div><div class=\"w-tabs-section\" id=\"x706\"><button class=\"w-tabs-section-header\" aria-controls=\"content-x706\" aria-expanded=\"false\"><div class=\"w-tabs-section-title\">Bin ich ein geeigneter Kandidat f\u00fcr eine R\u00fcckenlift-Operation?<\/div><div class=\"w-tabs-section-control\"><\/div><\/button><div  class=\"w-tabs-section-content\" id=\"content-x706\"><div class=\"w-tabs-section-content-h i-cf\"><div class=\"wpb_text_column\"><div class=\"wpb_wrapper\"><p>Ideale Kandidaten f\u00fcr eine R\u00fcckenlifting-Operation sind Menschen mit einem BMI unter 30, die sich in einem guten Gesundheitszustand befinden und den Wunsch haben, die schlaffe Haut im R\u00fcckenbereich loszuwerden.<br \/>\nBitte lassen Sie sich von unserem plastischen Chirurgen beraten, um herauszufinden, ob Sie ein geeigneter Kandidat f\u00fcr den Eingriff sind.<\/p>\n<\/div><\/div><\/div><\/div><\/div><\/div><\/div><\/div><\/div><\/div><\/div><\/div><\/section>\n","protected":false},"excerpt":{"rendered":"R\u00fcckenlift Seiten\u00dcberblick \u00fcber das VerfahrenVerfahrenOperation DauerKrankenhausaufenthaltAn\u00e4sthesieErhalten Sie eine kostenlose BeratungBitte aktiviere JavaScript in deinem Browser, um dieses Formular fertigzustellen.Bitte aktiviere JavaScript in deinem Browser, um dieses Formular fertigzustellen.Name *Telefon * Seite Seite der Erhalten Sie eine kostenlose Beratung Verfahren | Kosten | Klinik | Erholung | Bewertungen | Chirurgen | FAQ&#8217;s Gepr\u00fcft und genehmigt von...","protected":false},"author":1,"featured_media":0,"parent":38902,"menu_order":0,"comment_status":"closed","ping_status":"closed","template":"","meta":{"rank_math_lock_modified_date":false,"_mi_skip_tracking":false,"_monsterinsights_sitenote_active":false,"_monsterinsights_sitenote_note":"","_monsterinsights_sitenote_category":0,"_uf_show_specific_survey":0,"_uf_disable_surveys":false,"footnotes":""},"procedure":[],"class_list":["post-77092","page","type-page","status-publish","hentry"],"_links":{"self":[{"href":"https:\/\/clinicmono.com\/de\/wp-json\/wp\/v2\/pages\/77092"}],"collection":[{"href":"https:\/\/clinicmono.com\/de\/wp-json\/wp\/v2\/pages"}],"about":[{"href":"https:\/\/clinicmono.com\/de\/wp-json\/wp\/v2\/types\/page"}],"author":[{"embeddable":true,"href":"https:\/\/clinicmono.com\/de\/wp-json\/wp\/v2\/users\/1"}],"replies":[{"embeddable":true,"href":"https:\/\/clinicmono.com\/de\/wp-json\/wp\/v2\/comments?post=77092"}],"version-history":[{"count":20,"href":"https:\/\/clinicmono.com\/de\/wp-json\/wp\/v2\/pages\/77092\/revisions"}],"predecessor-version":[{"id":153054,"href":"https:\/\/clinicmono.com\/de\/wp-json\/wp\/v2\/pages\/77092\/revisions\/153054"}],"up":[{"embeddable":true,"href":"https:\/\/clinicmono.com\/de\/wp-json\/wp\/v2\/pages\/38902"}],"wp:attachment":[{"href":"https:\/\/clinicmono.com\/de\/wp-json\/wp\/v2\/media?parent=77092"}],"wp:term":[{"taxonomy":"procedure","embeddable":true,"href":"https:\/\/clinicmono.com\/de\/wp-json\/wp\/v2\/procedure?post=77092"}],"curies":[{"name":"wp","href":"https:\/\/api.w.org\/{rel}","templated":true}]}}