{"id":42947,"date":"2024-01-30T13:08:02","date_gmt":"2024-01-30T13:08:02","guid":{"rendered":"https:\/\/clinicmono.com\/kostenlose-konsultation\/"},"modified":"2024-10-10T09:58:04","modified_gmt":"2024-10-10T09:58:04","slug":"gratis-konsultation","status":"publish","type":"page","link":"https:\/\/clinicmono.com\/de\/gratis-konsultation\/","title":{"rendered":"Kostenlose Konsultation"},"content":{"rendered":"<section class=\"l-section wpb_row height_custom with_img\"><div class=\"l-section-img\" role=\"img\" data-img-width=\"1920\" data-img-height=\"400\" style=\"background-image: url(https:\/\/clinicmono.com\/wp-content\/uploads\/2023\/05\/call1.jpg);background-repeat: no-repeat;background-size: auto;\"><\/div><div class=\"l-section-h i-cf\"><div class=\"g-cols vc_row via_flex valign_top type_default stacking_default\"><div class=\"vc_col-sm-12 wpb_column vc_column_container\"><div class=\"vc_column-inner\"><div class=\"wpb_wrapper\"><div class=\"wpb_text_column\"><div class=\"wpb_wrapper\"><h1 style=\"text-align: center;\">Kostenlose Konsultation<\/h1>\n<\/div><\/div><nav class=\"g-breadcrumbs separator_icon align_center\" itemscope itemtype=\"http:\/\/schema.org\/BreadcrumbList\"><div class=\"g-breadcrumbs-item\" itemscope itemprop=\"itemListElement\" itemtype=\"http:\/\/schema.org\/ListItem\"><a itemprop=\"item\" href=\"https:\/\/clinicmono.com\/de\/\"><span itemprop=\"name\">Klinik Mono<\/span><\/a><meta itemprop=\"position\" content=\"1\"\/><\/div><div class=\"g-breadcrumbs-separator\"><i class=\"far fa-angle-double-right\"><\/i><\/div><div class=\"g-breadcrumbs-item\">Seiten<\/div><\/nav><\/div><\/div><\/div><\/div><\/div><\/section><section class=\"l-section wpb_row height_custom\"><div class=\"l-section-h i-cf\"><div class=\"g-cols vc_row via_flex valign_top type_default stacking_default\"><div class=\"vc_col-sm-12 wpb_column vc_column_container\"><div class=\"vc_column-inner\"><div class=\"wpb_wrapper\"><div class=\"g-cols wpb_row us_custom_f4dddbfa hide_on_tablets hide_on_mobiles via_flex valign_top type_default stacking_default\"><div class=\"vc_col-sm-12 wpb_column vc_column_container\"><div class=\"vc_column-inner\"><div class=\"wpb_wrapper\"><div class=\"wpb_text_column\"><div class=\"wpb_wrapper\"><div class=\"elementor-element elementor-element-9ed6889 e-con-boxed e-flex e-con\" data-id=\"9ed6889\" data-element_type=\"container\" data-settings=\"{\"content_width\":\"boxed\"}\">\n<div class=\"e-con-inner\">\n<div class=\"elementor-element elementor-element-b5accc9 e-con-full e-flex e-con\" data-id=\"b5accc9\" data-element_type=\"container\" data-settings=\"{\"content_width\":\"full\"}\">\n<div class=\"elementor-element elementor-element-b654f0a elementor-widget elementor-widget-heading\" data-id=\"b654f0a\" data-element_type=\"widget\" data-widget_type=\"heading.default\">\n<div class=\"elementor-widget-container\">\n<h3 class=\"elementor-heading-title elementor-size-default\">\u00c4NDERN SIE IHR LEBEN MIT MONO!<\/h3>\n<\/div>\n<\/div>\n<\/div>\n<\/div>\n<\/div>\n<\/div><\/div><div class=\"w-separator size_small\"><\/div><div class=\"wpforms-container inline-fields whole-form wpforms-render-modern\" id=\"wpforms-22688\"><form id=\"wpforms-form-22688\" class=\"wpforms-validate wpforms-form wpforms-ajax-form\" data-formid=\"22688\" method=\"post\" enctype=\"multipart\/form-data\" action=\"\/de\/wp-json\/wp\/v2\/pages\/42947\" data-token=\"eb74f5957ec9ffbc9b517eb6176b3ccb\" data-token-time=\"1776338981\"><noscript class=\"wpforms-error-noscript\">Bitte aktiviere JavaScript in deinem Browser, um dieses Formular fertigzustellen.<\/noscript><div id=\"wpforms-error-noscript\" style=\"display: none;\">Bitte aktiviere JavaScript in deinem Browser, um dieses Formular fertigzustellen.<\/div><div class=\"wpforms-field-container\"><div id=\"wpforms-22688-field_2-container\" class=\"wpforms-field wpforms-field-text field-space\" data-field-id=\"2\"><label class=\"wpforms-field-label wpforms-label-hide\" for=\"wpforms-22688-field_2\" aria-hidden=\"false\">Name und Nachname <span class=\"wpforms-required-label\" aria-hidden=\"true\">*<\/span><\/label><input type=\"text\" id=\"wpforms-22688-field_2\" class=\"wpforms-field-medium wpforms-field-required\" name=\"wpforms[fields][2]\" placeholder=\"Name und Nachname\" aria-errormessage=\"wpforms-22688-field_2-error\" required><\/div><div id=\"wpforms-22688-field_1-container\" class=\"wpforms-field wpforms-field-phone field-space\" data-field-id=\"1\"><label class=\"wpforms-field-label wpforms-label-hide\" for=\"wpforms-22688-field_1\" aria-hidden=\"false\">Telefon <span class=\"wpforms-required-label\" aria-hidden=\"true\">*<\/span><\/label><input type=\"tel\" id=\"wpforms-22688-field_1\" class=\"wpforms-field-medium wpforms-field-required wpforms-smart-phone-field\" data-rule-smart-phone-field=\"true\" name=\"wpforms[fields][1]\" aria-label=\"Telefon\" aria-errormessage=\"wpforms-22688-field_1-error\" required><\/div>\t\t<div id=\"wpforms-22688-field_3-container\"\n\t\t\tclass=\"wpforms-field wpforms-field-text\"\n\t\t\tdata-field-type=\"text\"\n\t\t\tdata-field-id=\"3\"\n\t\t\t>\n\t\t\t<label class=\"wpforms-field-label\" for=\"wpforms-22688-field_3\" >URL Titel Name<\/label>\n\t\t\t<input type=\"text\" id=\"wpforms-22688-field_3\" class=\"wpforms-field-medium\" name=\"wpforms[fields][3]\" >\n\t\t<\/div>\n\t\t<div id=\"wpforms-22688-field_4-container\" class=\"wpforms-field wpforms-field-select field-space wpforms-field-select-style-classic\" data-field-id=\"4\"><label class=\"wpforms-field-label wpforms-label-hide\" for=\"wpforms-22688-field_4\" aria-hidden=\"false\">Chirurgie <span class=\"wpforms-required-label\" aria-hidden=\"true\">*<\/span><\/label><select id=\"wpforms-22688-field_4\" class=\"wpforms-field-medium wpforms-field-required\" name=\"wpforms[fields][4]\" required=\"required\"><option value=\"Plastische und \u00c4sthetische Chirurgie\"  class=\"choice-1 depth-1\"  >Plastische und \u00c4sthetische Chirurgie<\/option><option value=\"Adipositaschirurgie\"  class=\"choice-2 depth-1\"  >Adipositaschirurgie<\/option><option value=\"Zahnmedizin  \"  class=\"choice-3 depth-1\"  >Zahnmedizin<\/option><option value=\"Haartransplantation\"  class=\"choice-4 depth-1\"  >Haartransplantation<\/option><option value=\"Orthop\u00e4die\"  class=\"choice-5 depth-1\"  >Orthop\u00e4die<\/option><option value=\"Neurochirurgie\"  class=\"choice-6 depth-1\"  >Neurochirurgie<\/option><option value=\"Geburtshilfe und Gyn\u00e4kologie\"  class=\"choice-7 depth-1\"  >Geburtshilfe und Gyn\u00e4kologie<\/option><option value=\"Allgemeine Chirurgie\"  class=\"choice-8 depth-1\"  >Allgemeine Chirurgie<\/option><option value=\"Cancer\"  class=\"choice-9 depth-1\"  >Cancer<\/option><\/select><\/div><div id=\"wpforms-22688-field_6-container\" class=\"wpforms-field wpforms-field-hidden\" data-field-id=\"6\"><input type=\"hidden\" id=\"wpforms-22688-field_6\" name=\"wpforms[fields][6]\"><\/div><div id=\"wpforms-22688-field_7-container\" class=\"wpforms-field wpforms-field-hidden\" data-field-id=\"7\"><input type=\"hidden\" id=\"wpforms-22688-field_7\" name=\"wpforms[fields][7]\" value=\"https:\/\/clinicmono.com\/de\/wp-json\/wp\/v2\/pages\/42947 \"><\/div><div id=\"wpforms-22688-field_8-container\" class=\"wpforms-field wpforms-field-hidden\" data-field-id=\"8\"><input type=\"hidden\" id=\"wpforms-22688-field_8\" name=\"wpforms[fields][8]\" value=\" 216.73.216.60 {entry_geolocation}\"><\/div><script>\n\t\t\t\t( function() {\n\t\t\t\t\tconst style = document.createElement( 'style' );\n\t\t\t\t\tstyle.appendChild( document.createTextNode( '#wpforms-22688-field_3-container { position: absolute !important; overflow: hidden !important; display: inline !important; height: 1px !important; width: 1px !important; z-index: -1000 !important; padding: 0 !important; } #wpforms-22688-field_3-container input { visibility: hidden; } #wpforms-conversational-form-page #wpforms-22688-field_3-container label { counter-increment: none; }' ) );\n\t\t\t\t\tdocument.head.appendChild( style );\n\t\t\t\t\tdocument.currentScript?.remove();\n\t\t\t\t} )();\n\t\t\t<\/script><\/div><!-- .wpforms-field-container --><div class=\"wpforms-recaptcha-container wpforms-is-recaptcha wpforms-is-recaptcha-type-v3\" ><input type=\"hidden\" name=\"wpforms[recaptcha]\" value=\"\"><\/div><div class=\"wpforms-submit-container\" ><input type=\"hidden\" name=\"wpforms[id]\" value=\"22688\"><input type=\"hidden\" name=\"page_title\" value=\"\"><input type=\"hidden\" name=\"page_url\" value=\"https:\/\/clinicmono.com\/de\/wp-json\/wp\/v2\/pages\/42947\"><input type=\"hidden\" name=\"url_referer\" value=\"\"><button type=\"submit\" name=\"wpforms[submit]\" id=\"wpforms-submit-22688\" class=\"wpforms-submit field-space\" data-alt-text=\"Ich schicke...\" data-submit-text=\"Erhalten Sie eine kostenlose Beratung\" aria-live=\"assertive\" value=\"wpforms-submit\">Erhalten Sie eine kostenlose Beratung<\/button><img loading=\"lazy\" decoding=\"async\" src=\"https:\/\/clinicmono.com\/wp-content\/plugins\/wpforms\/assets\/images\/submit-spin.svg\" class=\"wpforms-submit-spinner\" style=\"display: none;\" width=\"26\" height=\"26\" alt=\"Wird geladen\"><\/div><\/form><\/div>  <!-- .wpforms-container --><\/div><\/div><\/div><\/div><div class=\"g-cols wpb_row us_custom_00be633f hide_on_default hide_on_laptops via_flex valign_top type_default stacking_default\"><div class=\"vc_col-sm-12 wpb_column vc_column_container\"><div class=\"vc_column-inner\"><div class=\"wpb_wrapper\"><div class=\"wpb_text_column\"><div class=\"wpb_wrapper\"><h4>\u00c4NDERN SIE IHR LEBEN<br \/>\nMIT MONO!<\/h4>\n<\/div><\/div><div class=\"wpforms-container wpforms-render-modern\" id=\"wpforms-23768\"><form id=\"wpforms-form-23768\" class=\"wpforms-validate wpforms-form wpforms-ajax-form\" data-formid=\"23768\" method=\"post\" enctype=\"multipart\/form-data\" action=\"\/de\/wp-json\/wp\/v2\/pages\/42947\" data-token=\"859af171cacd6cd35cc9cb328b24a7e2\" data-token-time=\"1776338981\"><noscript class=\"wpforms-error-noscript\">Bitte aktiviere JavaScript in deinem Browser, um dieses Formular fertigzustellen.<\/noscript><div id=\"wpforms-error-noscript\" style=\"display: none;\">Bitte aktiviere JavaScript in deinem Browser, um dieses Formular fertigzustellen.<\/div><div class=\"wpforms-field-container\"><div id=\"wpforms-23768-field_2-container\" class=\"wpforms-field wpforms-field-text\" data-field-id=\"2\"><label class=\"wpforms-field-label wpforms-label-hide\" for=\"wpforms-23768-field_2\" aria-hidden=\"false\">Name und Nachname <span class=\"wpforms-required-label\" aria-hidden=\"true\">*<\/span><\/label><input type=\"text\" id=\"wpforms-23768-field_2\" class=\"wpforms-field-small wpforms-field-required\" name=\"wpforms[fields][2]\" placeholder=\"Name und Nachname\" aria-errormessage=\"wpforms-23768-field_2-error\" required><\/div>\t\t<div id=\"wpforms-23768-field_3-container\"\n\t\t\tclass=\"wpforms-field wpforms-field-text\"\n\t\t\tdata-field-type=\"text\"\n\t\t\tdata-field-id=\"3\"\n\t\t\t>\n\t\t\t<label class=\"wpforms-field-label\" for=\"wpforms-23768-field_3\" >Titel der Chirurgie<\/label>\n\t\t\t<input type=\"text\" id=\"wpforms-23768-field_3\" class=\"wpforms-field-medium\" name=\"wpforms[fields][3]\" >\n\t\t<\/div>\n\t\t<div id=\"wpforms-23768-field_1-container\" class=\"wpforms-field wpforms-field-phone\" data-field-id=\"1\"><label class=\"wpforms-field-label wpforms-label-hide\" for=\"wpforms-23768-field_1\" aria-hidden=\"false\">Telefon <span class=\"wpforms-required-label\" aria-hidden=\"true\">*<\/span><\/label><input type=\"tel\" id=\"wpforms-23768-field_1\" class=\"wpforms-field-small wpforms-field-required wpforms-smart-phone-field\" data-rule-smart-phone-field=\"true\" name=\"wpforms[fields][1]\" aria-label=\"Telefon\" aria-errormessage=\"wpforms-23768-field_1-error\" required><\/div><div id=\"wpforms-23768-field_4-container\" class=\"wpforms-field wpforms-field-select wpforms-field-select-style-classic\" data-field-id=\"4\"><label class=\"wpforms-field-label wpforms-label-hide\" for=\"wpforms-23768-field_4\" aria-hidden=\"false\">Chirurgie <span class=\"wpforms-required-label\" aria-hidden=\"true\">*<\/span><\/label><select id=\"wpforms-23768-field_4\" class=\"wpforms-field-small wpforms-field-required\" name=\"wpforms[fields][4]\" required=\"required\"><option value=\"Plastische und \u00c4sthetische Chirurgie\"  class=\"choice-1 depth-1\"  >Plastische und \u00c4sthetische Chirurgie<\/option><option value=\"Adipositaschirurgie\"  class=\"choice-2 depth-1\"  >Adipositaschirurgie<\/option><option value=\"Zahnmedizin  \"  class=\"choice-3 depth-1\"  >Zahnmedizin<\/option><option value=\"Haartransplantation\"  class=\"choice-4 depth-1\"  >Haartransplantation<\/option><option value=\"Orthop\u00e4die\"  class=\"choice-5 depth-1\"  >Orthop\u00e4die<\/option><option value=\"Neurochirurgie\"  class=\"choice-6 depth-1\"  >Neurochirurgie<\/option><option value=\"Geburtshilfe und Gyn\u00e4kologie\"  class=\"choice-7 depth-1\"  >Geburtshilfe und Gyn\u00e4kologie<\/option><option value=\"Allgemeine Chirurgie\"  class=\"choice-8 depth-1\"  >Allgemeine Chirurgie<\/option><option value=\"Cancer\"  class=\"choice-9 depth-1\"  >Cancer<\/option><\/select><\/div><div id=\"wpforms-23768-field_5-container\" class=\"wpforms-field wpforms-field-hidden\" data-field-id=\"5\"><input type=\"hidden\" id=\"wpforms-23768-field_5\" name=\"wpforms[fields][5]\"><\/div><div id=\"wpforms-23768-field_6-container\" class=\"wpforms-field wpforms-field-hidden\" data-field-id=\"6\"><input type=\"hidden\" id=\"wpforms-23768-field_6\" name=\"wpforms[fields][6]\" value=\"https:\/\/clinicmono.com\/de\/wp-json\/wp\/v2\/pages\/42947 \"><\/div><div id=\"wpforms-23768-field_7-container\" class=\"wpforms-field wpforms-field-hidden\" data-field-id=\"7\"><input type=\"hidden\" id=\"wpforms-23768-field_7\" name=\"wpforms[fields][7]\" value=\" 216.73.216.60 {entry_geolocation}\"><\/div><script>\n\t\t\t\t( function() {\n\t\t\t\t\tconst style = document.createElement( 'style' );\n\t\t\t\t\tstyle.appendChild( document.createTextNode( '#wpforms-22688-field_3-container,#wpforms-23768-field_3-container { position: absolute !important; overflow: hidden !important; display: inline !important; height: 1px !important; width: 1px !important; z-index: -1000 !important; padding: 0 !important; } #wpforms-22688-field_3-container,#wpforms-23768-field_3-container input { visibility: hidden; } #wpforms-conversational-form-page #wpforms-22688-field_3-container,#wpforms-23768-field_3-container label { counter-increment: none; }' ) );\n\t\t\t\t\tdocument.head.appendChild( style );\n\t\t\t\t\tdocument.currentScript?.remove();\n\t\t\t\t} )();\n\t\t\t<\/script><\/div><!-- .wpforms-field-container --><div class=\"wpforms-recaptcha-container wpforms-is-recaptcha wpforms-is-recaptcha-type-v3\" ><input type=\"hidden\" name=\"wpforms[recaptcha]\" value=\"\"><\/div><div class=\"wpforms-submit-container\" ><input type=\"hidden\" name=\"wpforms[id]\" value=\"23768\"><input type=\"hidden\" name=\"page_title\" value=\"\"><input type=\"hidden\" name=\"page_url\" value=\"https:\/\/clinicmono.com\/de\/wp-json\/wp\/v2\/pages\/42947\"><input type=\"hidden\" name=\"url_referer\" value=\"\"><button type=\"submit\" name=\"wpforms[submit]\" id=\"wpforms-submit-23768\" class=\"wpforms-submit\" data-alt-text=\"Ich schicke...\" data-submit-text=\"Erhalten Sie eine kostenlose Beratung\" aria-live=\"assertive\" value=\"wpforms-submit\">Erhalten Sie eine kostenlose Beratung<\/button><img loading=\"lazy\" decoding=\"async\" src=\"https:\/\/clinicmono.com\/wp-content\/plugins\/wpforms\/assets\/images\/submit-spin.svg\" class=\"wpforms-submit-spinner\" style=\"display: none;\" width=\"26\" height=\"26\" alt=\"Wird geladen\"><\/div><\/form><\/div>  <!-- .wpforms-container --><\/div><\/div><\/div><\/div><\/div><\/div><\/div><\/div><\/div><\/section>\n","protected":false},"excerpt":{"rendered":"Kostenlose Konsultation Klinik MonoSeiten \u00c4NDERN SIE IHR LEBEN MIT MONO! Bitte aktiviere JavaScript in deinem Browser, um dieses Formular fertigzustellen.Bitte aktiviere JavaScript in deinem Browser, um dieses Formular fertigzustellen.Name und Nachname *Telefon *Chirurgie *Plastische und \u00c4sthetische ChirurgieAdipositaschirurgieZahnmedizinHaartransplantationOrthop\u00e4dieNeurochirurgieGeburtshilfe und Gyn\u00e4kologieAllgemeine ChirurgieCancer Titel Nachname der Erhalten Sie eine kostenlose Beratung \u00c4NDERN SIE IHR LEBEN MIT MONO! Bitte...","protected":false},"author":1,"featured_media":0,"parent":0,"menu_order":0,"comment_status":"closed","ping_status":"closed","template":"","meta":{"rank_math_lock_modified_date":false,"_mi_skip_tracking":false,"_monsterinsights_sitenote_active":false,"_monsterinsights_sitenote_note":"","_monsterinsights_sitenote_category":0,"_uf_show_specific_survey":0,"_uf_disable_surveys":false,"footnotes":""},"procedure":[],"class_list":["post-42947","page","type-page","status-publish","hentry"],"_links":{"self":[{"href":"https:\/\/clinicmono.com\/de\/wp-json\/wp\/v2\/pages\/42947"}],"collection":[{"href":"https:\/\/clinicmono.com\/de\/wp-json\/wp\/v2\/pages"}],"about":[{"href":"https:\/\/clinicmono.com\/de\/wp-json\/wp\/v2\/types\/page"}],"author":[{"embeddable":true,"href":"https:\/\/clinicmono.com\/de\/wp-json\/wp\/v2\/users\/1"}],"replies":[{"embeddable":true,"href":"https:\/\/clinicmono.com\/de\/wp-json\/wp\/v2\/comments?post=42947"}],"version-history":[{"count":23,"href":"https:\/\/clinicmono.com\/de\/wp-json\/wp\/v2\/pages\/42947\/revisions"}],"predecessor-version":[{"id":149008,"href":"https:\/\/clinicmono.com\/de\/wp-json\/wp\/v2\/pages\/42947\/revisions\/149008"}],"wp:attachment":[{"href":"https:\/\/clinicmono.com\/de\/wp-json\/wp\/v2\/media?parent=42947"}],"wp:term":[{"taxonomy":"procedure","embeddable":true,"href":"https:\/\/clinicmono.com\/de\/wp-json\/wp\/v2\/procedure?post=42947"}],"curies":[{"name":"wp","href":"https:\/\/api.w.org\/{rel}","templated":true}]}}