{"id":42873,"date":"2024-01-30T14:04:04","date_gmt":"2024-01-30T14:04:04","guid":{"rendered":"https:\/\/clinicmono.com\/benutze-code-bekomme-20-nachlass\/"},"modified":"2024-07-26T06:23:55","modified_gmt":"2024-07-26T06:23:55","slug":"use-code-get-20-off","status":"publish","type":"page","link":"https:\/\/clinicmono.com\/de\/use-code-get-20-off\/","title":{"rendered":"Code verwenden und 20 Rabatt erhalten"},"content":{"rendered":"<section class=\"l-section wpb_row height_custom\"><div class=\"l-section-h i-cf\"><div class=\"g-cols vc_row via_flex valign_top type_default stacking_default\"><div class=\"vc_col-sm-12 wpb_column vc_column_container\"><div class=\"vc_column-inner\"><div class=\"wpb_wrapper\"><div class=\"g-cols wpb_row hide_on_tablets hide_on_mobiles via_flex valign_top type_default stacking_default\"><div class=\"vc_col-sm-12 wpb_column vc_column_container\"><div class=\"vc_column-inner\"><div class=\"wpb_wrapper\"><div class=\"wpforms-container wpforms-render-modern\" id=\"wpforms-42158\"><form id=\"wpforms-form-42158\" class=\"wpforms-validate wpforms-form wpforms-ajax-form\" data-formid=\"42158\" method=\"post\" enctype=\"multipart\/form-data\" action=\"\/de\/wp-json\/wp\/v2\/pages\/42873\" data-token=\"865d7195b59937c161b0f8fab399afb5\" data-token-time=\"1775705286\"><noscript class=\"wpforms-error-noscript\">Bitte aktiviere JavaScript in deinem Browser, um dieses Formular fertigzustellen.<\/noscript><div id=\"wpforms-error-noscript\" style=\"display: none;\">Bitte aktiviere JavaScript in deinem Browser, um dieses Formular fertigzustellen.<\/div><div class=\"wpforms-field-container\"><div id=\"wpforms-42158-field_2-container\" class=\"wpforms-field wpforms-field-text wpforms-one-half wpforms-first\" data-field-id=\"2\"><label class=\"wpforms-field-label wpforms-label-hide\" for=\"wpforms-42158-field_2\" aria-hidden=\"false\">Name und Nachname <span class=\"wpforms-required-label\" aria-hidden=\"true\">*<\/span><\/label><input type=\"text\" id=\"wpforms-42158-field_2\" class=\"wpforms-field-large wpforms-field-required\" name=\"wpforms[fields][2]\" placeholder=\"Name und Nachname\" aria-errormessage=\"wpforms-42158-field_2-error\" required><\/div><div id=\"wpforms-42158-field_1-container\" class=\"wpforms-field wpforms-field-phone wpforms-one-half\" data-field-id=\"1\"><label class=\"wpforms-field-label wpforms-label-hide\" for=\"wpforms-42158-field_1\" aria-hidden=\"false\">Telefon <span class=\"wpforms-required-label\" aria-hidden=\"true\">*<\/span><\/label><input type=\"tel\" id=\"wpforms-42158-field_1\" class=\"wpforms-field-large wpforms-field-required wpforms-smart-phone-field\" data-rule-smart-phone-field=\"true\" name=\"wpforms[fields][1]\" aria-label=\"Telefon\" aria-errormessage=\"wpforms-42158-field_1-error\" required><\/div><div id=\"wpforms-42158-field_6-container\" class=\"wpforms-field wpforms-field-text wpforms-one-half wpforms-first\" data-field-id=\"6\"><label class=\"wpforms-field-label wpforms-label-hide\" for=\"wpforms-42158-field_6\" aria-hidden=\"false\">Verweis <span class=\"wpforms-required-label\" aria-hidden=\"true\">*<\/span><\/label><input type=\"text\" id=\"wpforms-42158-field_6\" class=\"wpforms-field-large wpforms-field-required\" name=\"wpforms[fields][6]\" aria-errormessage=\"wpforms-42158-field_6-error\" required><\/div><div id=\"wpforms-42158-field_4-container\" class=\"wpforms-field wpforms-field-select wpforms-one-half wpforms-field-select-style-classic\" data-field-id=\"4\"><label class=\"wpforms-field-label wpforms-label-hide\" for=\"wpforms-42158-field_4\" aria-hidden=\"false\">Chirurgie<\/label><select id=\"wpforms-42158-field_4\" class=\"wpforms-field-large\" name=\"wpforms[fields][4]\"><option value=\"Plastische und \u00c4sthetische Chirurgie\"  class=\"choice-1 depth-1\"  >Plastische und \u00c4sthetische Chirurgie<\/option><option value=\"Adipositaschirurgie\"  class=\"choice-2 depth-1\"  >Adipositaschirurgie<\/option><option value=\"Zahnmedizin  \"  class=\"choice-3 depth-1\"  >Zahnmedizin<\/option><option value=\"Haartransplantation\"  class=\"choice-4 depth-1\"  >Haartransplantation<\/option><option value=\"Orthop\u00e4die\"  class=\"choice-5 depth-1\"  >Orthop\u00e4die<\/option><option value=\"Neurochirurgie\"  class=\"choice-6 depth-1\"  >Neurochirurgie<\/option><option value=\"Geburtshilfe und Gyn\u00e4kologie\"  class=\"choice-7 depth-1\"  >Geburtshilfe und Gyn\u00e4kologie<\/option><option value=\"Allgemeine Chirurgie\"  class=\"choice-8 depth-1\"  >Allgemeine Chirurgie<\/option><\/select><\/div><div id=\"wpforms-42158-field_8-container\" class=\"wpforms-field wpforms-field-hidden\" data-field-id=\"8\"><input type=\"hidden\" id=\"wpforms-42158-field_8\" name=\"wpforms[fields][8]\"><\/div><div id=\"wpforms-42158-field_9-container\" class=\"wpforms-field wpforms-field-hidden\" data-field-id=\"9\"><input type=\"hidden\" id=\"wpforms-42158-field_9\" name=\"wpforms[fields][9]\" value=\"https:\/\/clinicmono.com\/de\/wp-json\/wp\/v2\/pages\/42873 \"><\/div><div id=\"wpforms-42158-field_11-container\" class=\"wpforms-field wpforms-field-hidden\" data-field-id=\"11\"><input type=\"hidden\" id=\"wpforms-42158-field_11\" name=\"wpforms[fields][11]\" value=\" 216.73.216.191 {entry_geolocation}\"><\/div><div id=\"wpforms-42158-field_10-container\" class=\"wpforms-field wpforms-field-hidden\" data-field-id=\"10\"><input type=\"hidden\" id=\"wpforms-42158-field_10\" name=\"wpforms[fields][10]\"><\/div><\/div><!-- .wpforms-field-container --><div class=\"wpforms-submit-container\" ><input type=\"hidden\" name=\"wpforms[id]\" value=\"42158\"><input type=\"hidden\" name=\"page_title\" value=\"\"><input type=\"hidden\" name=\"page_url\" value=\"https:\/\/clinicmono.com\/de\/wp-json\/wp\/v2\/pages\/42873\"><input type=\"hidden\" name=\"url_referer\" value=\"\"><button type=\"submit\" name=\"wpforms[submit]\" id=\"wpforms-submit-42158\" class=\"wpforms-submit\" data-alt-text=\"Ich schicke...\" data-submit-text=\"Erhalten Sie eine kostenlose Beratung\" aria-live=\"assertive\" value=\"wpforms-submit\">Erhalten Sie eine kostenlose Beratung<\/button><img loading=\"lazy\" decoding=\"async\" src=\"https:\/\/clinicmono.com\/wp-content\/plugins\/wpforms\/assets\/images\/submit-spin.svg\" class=\"wpforms-submit-spinner\" style=\"display: none;\" width=\"26\" height=\"26\" alt=\"Wird geladen\"><\/div><\/form><\/div>  <!-- .wpforms-container --><\/div><\/div><\/div><\/div><div class=\"g-cols wpb_row hide_on_default hide_on_laptops via_flex valign_top type_default stacking_default\"><div class=\"vc_col-sm-12 wpb_column vc_column_container\"><div class=\"vc_column-inner\"><div class=\"wpb_wrapper\"><div class=\"wpforms-container wpforms-render-modern\" id=\"wpforms-42156\"><form id=\"wpforms-form-42156\" class=\"wpforms-validate wpforms-form wpforms-ajax-form\" data-formid=\"42156\" method=\"post\" enctype=\"multipart\/form-data\" action=\"\/de\/wp-json\/wp\/v2\/pages\/42873\" data-token=\"c26b6d702dacd43abe3ffd13fce83621\" data-token-time=\"1775705286\"><noscript class=\"wpforms-error-noscript\">Bitte aktiviere JavaScript in deinem Browser, um dieses Formular fertigzustellen.<\/noscript><div id=\"wpforms-error-noscript\" style=\"display: none;\">Bitte aktiviere JavaScript in deinem Browser, um dieses Formular fertigzustellen.<\/div><div class=\"wpforms-field-container\"><div id=\"wpforms-42156-field_2-container\" class=\"wpforms-field wpforms-field-text\" data-field-id=\"2\"><label class=\"wpforms-field-label wpforms-label-hide\" for=\"wpforms-42156-field_2\" aria-hidden=\"false\">Name und Nachname <span class=\"wpforms-required-label\" aria-hidden=\"true\">*<\/span><\/label><input type=\"text\" id=\"wpforms-42156-field_2\" class=\"wpforms-field-large wpforms-field-required\" name=\"wpforms[fields][2]\" placeholder=\"Name und Nachname\" aria-errormessage=\"wpforms-42156-field_2-error\" required><\/div><div id=\"wpforms-42156-field_1-container\" class=\"wpforms-field wpforms-field-phone\" data-field-id=\"1\"><label class=\"wpforms-field-label wpforms-label-hide\" for=\"wpforms-42156-field_1\" aria-hidden=\"false\">Telefon <span class=\"wpforms-required-label\" aria-hidden=\"true\">*<\/span><\/label><input type=\"tel\" id=\"wpforms-42156-field_1\" class=\"wpforms-field-large wpforms-field-required wpforms-smart-phone-field\" data-rule-smart-phone-field=\"true\" name=\"wpforms[fields][1]\" aria-label=\"Telefon\" aria-errormessage=\"wpforms-42156-field_1-error\" required><\/div><div id=\"wpforms-42156-field_6-container\" class=\"wpforms-field wpforms-field-text\" data-field-id=\"6\"><label class=\"wpforms-field-label wpforms-label-hide\" for=\"wpforms-42156-field_6\" aria-hidden=\"false\">Verweis <span class=\"wpforms-required-label\" aria-hidden=\"true\">*<\/span><\/label><input type=\"text\" id=\"wpforms-42156-field_6\" class=\"wpforms-field-large wpforms-field-required\" name=\"wpforms[fields][6]\" aria-errormessage=\"wpforms-42156-field_6-error\" required><\/div><div id=\"wpforms-42156-field_4-container\" class=\"wpforms-field wpforms-field-select wpforms-field-select-style-classic\" data-field-id=\"4\"><label class=\"wpforms-field-label wpforms-label-hide\" for=\"wpforms-42156-field_4\" aria-hidden=\"false\">Chirurgie<\/label><select id=\"wpforms-42156-field_4\" class=\"wpforms-field-large\" name=\"wpforms[fields][4]\"><option value=\"Plastische und \u00c4sthetische Chirurgie\"  class=\"choice-1 depth-1\"  >Plastische und \u00c4sthetische Chirurgie<\/option><option value=\"Adipositaschirurgie\"  class=\"choice-2 depth-1\"  >Adipositaschirurgie<\/option><option value=\"Zahnmedizin  \"  class=\"choice-3 depth-1\"  >Zahnmedizin<\/option><option value=\"Haartransplantation\"  class=\"choice-4 depth-1\"  >Haartransplantation<\/option><option value=\"Orthop\u00e4die\"  class=\"choice-5 depth-1\"  >Orthop\u00e4die<\/option><option value=\"Neurochirurgie\"  class=\"choice-6 depth-1\"  >Neurochirurgie<\/option><option value=\"Geburtshilfe und Gyn\u00e4kologie\"  class=\"choice-7 depth-1\"  >Geburtshilfe und Gyn\u00e4kologie<\/option><option value=\"Allgemeine Chirurgie\"  class=\"choice-8 depth-1\"  >Allgemeine Chirurgie<\/option><\/select><\/div><div id=\"wpforms-42156-field_8-container\" class=\"wpforms-field wpforms-field-hidden\" data-field-id=\"8\"><input type=\"hidden\" id=\"wpforms-42156-field_8\" name=\"wpforms[fields][8]\"><\/div><div id=\"wpforms-42156-field_9-container\" class=\"wpforms-field wpforms-field-hidden\" data-field-id=\"9\"><input type=\"hidden\" id=\"wpforms-42156-field_9\" name=\"wpforms[fields][9]\" value=\"https:\/\/clinicmono.com\/de\/wp-json\/wp\/v2\/pages\/42873 \"><\/div><div id=\"wpforms-42156-field_11-container\" class=\"wpforms-field wpforms-field-hidden\" data-field-id=\"11\"><input type=\"hidden\" id=\"wpforms-42156-field_11\" name=\"wpforms[fields][11]\"><\/div><div id=\"wpforms-42156-field_10-container\" class=\"wpforms-field wpforms-field-hidden\" data-field-id=\"10\"><input type=\"hidden\" id=\"wpforms-42156-field_10\" name=\"wpforms[fields][10]\" value=\" 216.73.216.191 {entry_geolocation}\"><\/div><\/div><!-- .wpforms-field-container --><div class=\"wpforms-recaptcha-container wpforms-is-recaptcha wpforms-is-recaptcha-type-v3\" ><input type=\"hidden\" name=\"wpforms[recaptcha]\" value=\"\"><\/div><div class=\"wpforms-submit-container\" ><input type=\"hidden\" name=\"wpforms[id]\" value=\"42156\"><input type=\"hidden\" name=\"page_title\" value=\"\"><input type=\"hidden\" name=\"page_url\" value=\"https:\/\/clinicmono.com\/de\/wp-json\/wp\/v2\/pages\/42873\"><input type=\"hidden\" name=\"url_referer\" value=\"\"><button type=\"submit\" name=\"wpforms[submit]\" id=\"wpforms-submit-42156\" class=\"wpforms-submit\" data-alt-text=\"Ich schicke...\" data-submit-text=\"Erhalten Sie eine kostenlose Beratung\" aria-live=\"assertive\" value=\"wpforms-submit\">Erhalten Sie eine kostenlose Beratung<\/button><img loading=\"lazy\" decoding=\"async\" src=\"https:\/\/clinicmono.com\/wp-content\/plugins\/wpforms\/assets\/images\/submit-spin.svg\" class=\"wpforms-submit-spinner\" style=\"display: none;\" width=\"26\" height=\"26\" alt=\"Wird geladen\"><\/div><\/form><\/div>  <!-- .wpforms-container --><\/div><\/div><\/div><\/div><\/div><\/div><\/div><\/div><\/div><\/section>\n","protected":false},"excerpt":{"rendered":"Bitte aktiviere JavaScript in deinem Browser, um dieses Formular fertigzustellen.Bitte aktiviere JavaScript in deinem Browser, um dieses Formular fertigzustellen.Name und Nachname *Telefon *Verweis *ChirurgiePlastische und \u00c4sthetische ChirurgieAdipositaschirurgieZahnmedizinHaartransplantationOrthop\u00e4dieNeurochirurgieGeburtshilfe und Gyn\u00e4kologieAllgemeine ChirurgieErhalten Sie eine kostenlose Beratung Bitte aktiviere JavaScript in deinem Browser, um dieses Formular fertigzustellen.Bitte aktiviere JavaScript in deinem Browser, um dieses Formular fertigzustellen.Name und Nachname...","protected":false},"author":1,"featured_media":0,"parent":0,"menu_order":0,"comment_status":"closed","ping_status":"closed","template":"","meta":{"rank_math_lock_modified_date":false,"_mi_skip_tracking":false,"_monsterinsights_sitenote_active":false,"_monsterinsights_sitenote_note":"","_monsterinsights_sitenote_category":0,"_uf_show_specific_survey":0,"_uf_disable_surveys":false,"footnotes":""},"procedure":[],"class_list":["post-42873","page","type-page","status-publish","hentry"],"_links":{"self":[{"href":"https:\/\/clinicmono.com\/de\/wp-json\/wp\/v2\/pages\/42873"}],"collection":[{"href":"https:\/\/clinicmono.com\/de\/wp-json\/wp\/v2\/pages"}],"about":[{"href":"https:\/\/clinicmono.com\/de\/wp-json\/wp\/v2\/types\/page"}],"author":[{"embeddable":true,"href":"https:\/\/clinicmono.com\/de\/wp-json\/wp\/v2\/users\/1"}],"replies":[{"embeddable":true,"href":"https:\/\/clinicmono.com\/de\/wp-json\/wp\/v2\/comments?post=42873"}],"version-history":[{"count":30,"href":"https:\/\/clinicmono.com\/de\/wp-json\/wp\/v2\/pages\/42873\/revisions"}],"predecessor-version":[{"id":137517,"href":"https:\/\/clinicmono.com\/de\/wp-json\/wp\/v2\/pages\/42873\/revisions\/137517"}],"wp:attachment":[{"href":"https:\/\/clinicmono.com\/de\/wp-json\/wp\/v2\/media?parent=42873"}],"wp:term":[{"taxonomy":"procedure","embeddable":true,"href":"https:\/\/clinicmono.com\/de\/wp-json\/wp\/v2\/procedure?post=42873"}],"curies":[{"name":"wp","href":"https:\/\/api.w.org\/{rel}","templated":true}]}}