{"id":41049,"date":"2024-01-21T14:35:05","date_gmt":"2024-01-21T14:35:05","guid":{"rendered":"https:\/\/clinicmono.com\/allgemeine-chirurgie\/chirurgische-eingriffe-an-eingewachsenen-haaren\/"},"modified":"2024-09-02T08:49:01","modified_gmt":"2024-09-02T08:49:01","slug":"ingrown-hair-surgery","status":"publish","type":"page","link":"https:\/\/clinicmono.com\/de\/general-surgery\/ingrown-hair-surgery\/","title":{"rendered":"Eingewachsene Haare Chirurgie"},"content":{"rendered":"<section class=\"l-section wpb_row height_custom with_img\"><div class=\"l-section-img\" role=\"img\" aria-label=\"Bild\" data-img-width=\"1280\" data-img-height=\"720\" style=\"background-image: url(https:\/\/clinicmono.com\/wp-content\/uploads\/2024\/03\/ingrown-hair-surgery.jpg);background-position: top center;background-repeat: no-repeat;\"><\/div><div class=\"l-section-overlay\" style=\"background:rgba(0,0,0,0.47)\"><\/div><div class=\"l-section-h i-cf\"><div class=\"g-cols vc_row via_flex valign_top type_default stacking_default\"><div class=\"vc_col-sm-12 wpb_column vc_column_container\"><div class=\"vc_column-inner\"><div class=\"wpb_wrapper\"><div class=\"wpb_text_column us_custom_8b3d6790 has_text_color\"><div class=\"wpb_wrapper\"><h1 style=\"text-align: center;\"><b>Eingewachsene Haare Chirurgie<\/b><\/h1>\n<\/div><\/div><div class=\"w-separator size_small\"><\/div><nav class=\"g-breadcrumbs us_custom_8b3d6790 has_text_color separator_icon align_center hide_current\" itemscope itemtype=\"http:\/\/schema.org\/BreadcrumbList\"><div class=\"g-breadcrumbs-item\">Seiten<\/div><\/nav><div class=\"w-separator size_small\"><\/div><\/div><\/div><\/div><\/div><\/div><\/section><section class=\"l-section wpb_row height_small\"><div class=\"l-section-h i-cf\"><div class=\"g-cols vc_row via_flex valign_top type_default stacking_default\"><div class=\"vc_col-sm-8 wpb_column vc_column_container\"><div class=\"vc_column-inner\"><div class=\"wpb_wrapper\"><div class=\"g-cols wpb_row us_custom_561b7e5e via_flex valign_top type_default stacking_default\"><div class=\"vc_col-sm-12 wpb_column vc_column_container\"><div class=\"vc_column-inner\"><div class=\"wpb_wrapper\"><h3 class=\"w-text\"><span class=\"w-text-h\"><span class=\"w-text-value\">\u00dcberblick \u00fcber das Verfahren<\/span><\/span><\/h3><div class=\"w-separator size_small\"><\/div><div class=\"w-iconbox iconpos_left style_default color_primary align_left no_text\"><div class=\"w-iconbox-icon\" style=\"font-size:1.4rem;\"><i class=\"fas fa-procedures\"><\/i><\/div><div class=\"w-iconbox-meta\"><h4 class=\"w-iconbox-title\">Verfahren<\/h4><\/div><\/div><div class=\"w-separator size_small\"><\/div><div class=\"w-iconbox iconpos_left style_default color_primary align_left no_text\"><div class=\"w-iconbox-icon\" style=\"font-size:1rem;\"><i class=\"fas fa-clock\"><\/i><\/div><div class=\"w-iconbox-meta\"><h4 class=\"w-iconbox-title\">Operation Dauer<\/h4><\/div><\/div><div class=\"w-separator size_small\"><\/div><div class=\"w-iconbox iconpos_left style_default color_primary align_left no_text\"><div class=\"w-iconbox-icon\" style=\"font-size:1rem;\"><i class=\"fas fa-hospital\"><\/i><\/div><div class=\"w-iconbox-meta\"><h4 class=\"w-iconbox-title\">Krankenhausaufenthalt<\/h4><\/div><\/div><div class=\"w-separator size_small\"><\/div><div class=\"w-iconbox iconpos_left style_default color_primary align_left no_text\"><div class=\"w-iconbox-icon\" style=\"font-size:1rem;\"><i class=\"fas fa-syringe\"><\/i><\/div><div class=\"w-iconbox-meta\"><h4 class=\"w-iconbox-title\">An\u00e4sthesie<\/h4><\/div><\/div><\/div><\/div><\/div><\/div><\/div><\/div><\/div><div class=\"vc_col-sm-4 wpb_column vc_column_container\"><div class=\"vc_column-inner\"><div class=\"wpb_wrapper\"><div class=\"g-cols wpb_row us_custom_c5a47681 via_flex valign_top type_default stacking_default\"><div class=\"vc_col-sm-12 wpb_column vc_column_container\"><div class=\"vc_column-inner\"><div class=\"wpb_wrapper\"><h3 class=\"w-text\"><span class=\"w-text-h\"><span class=\"w-text-value\">Erhalten Sie eine kostenlose Beratung<\/span><\/span><\/h3><div class=\"w-separator size_small\"><\/div><div class=\"wpforms-container wpforms-render-modern\" id=\"wpforms-22672\"><form id=\"wpforms-form-22672\" class=\"wpforms-validate wpforms-form wpforms-ajax-form\" data-formid=\"22672\" method=\"post\" enctype=\"multipart\/form-data\" action=\"\/de\/wp-json\/wp\/v2\/pages\/41049\" data-token=\"4e049d8924e9eb010106565cbf8aaecc\" data-token-time=\"1776979299\"><noscript class=\"wpforms-error-noscript\">Bitte aktiviere JavaScript in deinem Browser, um dieses Formular fertigzustellen.<\/noscript><div id=\"wpforms-error-noscript\" style=\"display: none;\">Bitte aktiviere JavaScript in deinem Browser, um dieses Formular fertigzustellen.<\/div><div class=\"wpforms-field-container\"><div id=\"wpforms-22672-field_0-container\" class=\"wpforms-field wpforms-field-name\" data-field-id=\"0\"><label class=\"wpforms-field-label wpforms-label-hide\" for=\"wpforms-22672-field_0\" aria-hidden=\"false\">Name <span class=\"wpforms-required-label\" aria-hidden=\"true\">*<\/span><\/label><input type=\"text\" id=\"wpforms-22672-field_0\" class=\"wpforms-field-large wpforms-field-required\" name=\"wpforms[fields][0]\" placeholder=\"Name und Nachname\" aria-errormessage=\"wpforms-22672-field_0-error\" required><\/div><div id=\"wpforms-22672-field_5-container\" class=\"wpforms-field wpforms-field-phone\" data-field-id=\"5\"><label class=\"wpforms-field-label wpforms-label-hide\" for=\"wpforms-22672-field_5\" aria-hidden=\"false\">Telefon <span class=\"wpforms-required-label\" aria-hidden=\"true\">*<\/span><\/label><input type=\"tel\" id=\"wpforms-22672-field_5\" class=\"wpforms-field-large wpforms-field-required wpforms-smart-phone-field\" data-rule-smart-phone-field=\"true\" name=\"wpforms[fields][5]\" aria-label=\"Telefon\" aria-errormessage=\"wpforms-22672-field_5-error\" required><\/div><div id=\"wpforms-22672-field_12-container\" class=\"wpforms-field wpforms-field-hidden\" data-field-id=\"12\"><input type=\"hidden\" id=\"wpforms-22672-field_12\" name=\"wpforms[fields][12]\"><\/div><div id=\"wpforms-22672-field_10-container\" class=\"wpforms-field wpforms-field-hidden\" data-field-id=\"10\"><input type=\"hidden\" id=\"wpforms-22672-field_10\" name=\"wpforms[fields][10]\" value=\"https:\/\/clinicmono.com\/de\/wp-json\/wp\/v2\/pages\/41049 \"><\/div><div id=\"wpforms-22672-field_15-container\" class=\"wpforms-field wpforms-field-hidden\" data-field-id=\"15\"><input type=\"hidden\" id=\"wpforms-22672-field_15\" name=\"wpforms[fields][15]\" value=\" 216.73.217.63 Columbus, Ohio, US\r\n39.9587, -82.9987 \"><\/div><\/div><!-- .wpforms-field-container --><div class=\"wpforms-recaptcha-container wpforms-is-recaptcha wpforms-is-recaptcha-type-v3\" ><input type=\"hidden\" name=\"wpforms[recaptcha]\" value=\"\"><\/div><div class=\"wpforms-submit-container\" ><input type=\"hidden\" name=\"wpforms[id]\" value=\"22672\"><input type=\"hidden\" name=\"page_title\" value=\"\"><input type=\"hidden\" name=\"page_url\" value=\"https:\/\/clinicmono.com\/de\/wp-json\/wp\/v2\/pages\/41049\"><input type=\"hidden\" name=\"url_referer\" value=\"\"><button type=\"submit\" name=\"wpforms[submit]\" id=\"wpforms-submit-22672\" class=\"wpforms-submit\" data-alt-text=\"Ich schicke...\" data-submit-text=\"Erhalten Sie eine kostenlose Beratung\" aria-live=\"assertive\" value=\"wpforms-submit\">Erhalten Sie eine kostenlose Beratung<\/button><img decoding=\"async\" src=\"https:\/\/clinicmono.com\/wp-content\/plugins\/wpforms\/assets\/images\/submit-spin.svg\" class=\"wpforms-submit-spinner\" style=\"display: none;\" width=\"26\" height=\"26\" alt=\"Wird geladen\"><\/div><\/form><\/div>  <!-- .wpforms-container --><\/div><\/div><\/div><\/div><\/div><\/div><\/div><\/div><\/div><\/section><section class=\"l-section wpb_row us_custom_f92a3d92 height_custom\"><div class=\"l-section-h i-cf\"><div class=\"g-cols vc_row via_flex valign_top type_default stacking_default\"><div class=\"vc_col-sm-12 wpb_column vc_column_container\"><div class=\"vc_column-inner\"><div class=\"wpb_wrapper\"><div class=\"g-cols wpb_row us_custom_1b04de86 via_flex valign_top type_default stacking_default\"><div class=\"vc_col-sm-8 wpb_column vc_column_container\"><div class=\"vc_column-inner\"><div class=\"wpb_wrapper\"><div class=\"w-hwrapper valign_top wrap align_left\"><div class=\"wpb_text_column\"><div class=\"wpb_wrapper\"><h4><a href=\"#procedures\">Verfahren<\/a><\/h4>\n<\/div><\/div><div class=\"wpb_text_column\"><div class=\"wpb_wrapper\"><h4>|<\/h4>\n<\/div><\/div><div class=\"wpb_text_column\"><div class=\"wpb_wrapper\"><h4><a href=\"#cost\">Kosten<\/a><\/h4>\n<\/div><\/div><div class=\"wpb_text_column\"><div class=\"wpb_wrapper\"><h4>|<\/h4>\n<\/div><\/div><div class=\"wpb_text_column\"><div class=\"wpb_wrapper\"><h4><a href=\"#clinic\">Klinik<\/a><\/h4>\n<\/div><\/div><div class=\"wpb_text_column\"><div class=\"wpb_wrapper\"><h4>|<\/h4>\n<\/div><\/div><div class=\"wpb_text_column\"><div class=\"wpb_wrapper\"><h4><a href=\"#recovery\">Erholung<\/a><\/h4>\n<\/div><\/div><div class=\"wpb_text_column\"><div class=\"wpb_wrapper\"><h4>|<\/h4>\n<\/div><\/div><div class=\"wpb_text_column\"><div class=\"wpb_wrapper\"><h4><a href=\"#reviews\">Bewertungen<\/a><\/h4>\n<\/div><\/div><div class=\"wpb_text_column\"><div class=\"wpb_wrapper\"><h4>|<\/h4>\n<\/div><\/div><div class=\"wpb_text_column\"><div class=\"wpb_wrapper\"><h4><a href=\"#surgeons\">Chirurgen<\/a><\/h4>\n<\/div><\/div><div class=\"wpb_text_column\"><div class=\"wpb_wrapper\"><h4>|<\/h4>\n<\/div><\/div><div class=\"wpb_text_column\"><div class=\"wpb_wrapper\"><h4><a href=\"#faqs\">FAQ&#8217;s<\/a><\/h4>\n<\/div><\/div><\/div><\/div><\/div><\/div><div class=\"vc_col-sm-4 wpb_column vc_column_container\"><div class=\"vc_column-inner\"><div class=\"wpb_wrapper\"><div class=\"wpb_text_column\"><div class=\"wpb_wrapper\"><h5 style=\"text-align: center;\"><strong>Gepr\u00fcft und genehmigt von<\/strong><\/h5>\n<\/div><\/div><div class=\"w-separator hide_on_default hide_on_laptops size_medium\"><\/div><\/div><\/div><\/div><\/div><div class=\"w-separator size_small\"><\/div><div class=\"g-cols wpb_row via_flex valign_top type_default stacking_default\" id=\"procedures\"><div class=\"vc_col-sm-12 wpb_column vc_column_container\"><div class=\"vc_column-inner\"><div class=\"wpb_wrapper\"><div class=\"wpb_text_column\"><div class=\"wpb_wrapper\"><h1><b>Eingewachsene Haare Chirurgie<\/b><\/h1>\n<p>  Das Problem der eingewachsenen Haare, das bei Frauen und M\u00e4nnern h\u00e4ufig auftritt, kann schmerzhafte Folgen haben.<br \/>\nEingewachsene Haare entstehen, wenn ein abgeschnittenes Haar unter der Haut nachw\u00e4chst, was zu Entz\u00fcndungen f\u00fchrt.  Dies gilt f\u00fcr alle K\u00f6rperbereiche, in denen Haare durch Rasieren, Wachsen, Zupfen oder \u00e4hnliche Methoden entfernt werden. Eingewachsene Haare k\u00f6nnen juckende Beulen auf der Haut verursachen, die in der Regel dunkler sind als die umgebende Haut. Sie k\u00f6nnen auch als juckende R\u00f6tungen auftreten. Eingewachsene Haare k\u00f6nnen an einer Vielzahl von K\u00f6rperstellen auftreten.<br \/>\nBei Frauen treten am h\u00e4ufigsten folgende Beschwerden auf: eingewachsene Beinhaare, eingewachsene Haare im Schambereich, eingewachsene Haare in der Vagina oder in der Bikinizone und eingewachsene Haare unter den Achseln.<br \/>\nBei M\u00e4nnern treten sie in der Regel an Stellen auf, die h\u00e4ufig rasiert werden, wie eingewachsene Barthaare im Gesicht oder am Hals und eingewachsene Haare auf der Brust, dem R\u00fccken oder unter den Achseln.<br \/>\nWenn ein infiziertes eingewachsenes Haar nicht medizinisch behandelt wird, kann das Haar weiter unter der Haut wachsen, und die Bildung kann in tiefere Hautschichten vordringen.<br \/>\nDies kann zu einer eingewachsenen Haarzyste f\u00fchren, wenn sie nicht richtig behandelt wird.     Ein regelm\u00e4\u00dfiges Peeling der Haut und die Verwendung von beruhigenden und pflegenden Cremes nach jeder Rasur k\u00f6nnen die Bildung eingewachsener Haare verringern. Wenn Sie mit einem eingewachsenen Haar konfrontiert sind, das sich zu einem harten Klumpen unter der Haut entwickelt hat, ben\u00f6tigen Sie m\u00f6glicherweise eine medizinische Behandlung. Eingewachsene Haare sind zwar in der Regel nicht gef\u00e4hrlich, k\u00f6nnen aber starke Schmerzen verursachen. Au\u00dferdem k\u00f6nnen sie zu einer Infektion f\u00fchren, die sich verschlimmern oder auf den Blutkreislauf \u00fcbergreifen kann, wenn sie unbehandelt bleibt.<br \/>\nDie Behandlung von eingewachsenen Haaren ist eine einfache allgemeine chirurgische Methode, die h\u00e4ufig zur Entfernung eingewachsener Haare verwendet wird.  F\u00fcr den chirurgischen Eingriff steht eine breite Palette von M\u00f6glichkeiten zur Verf\u00fcgung, von der einfachen Entfernung des erkrankten Gewebes und der M\u00f6glichkeit, die Wunde selbst zu heilen, bis hin zu verschiedenen Techniken der Hautaufpolsterung. Der Eingriff kann in Lokalan\u00e4sthesie, Spinalan\u00e4sthesie oder Vollnarkose durchgef\u00fchrt werden.<\/p>\n<\/div><\/div><\/div><\/div><\/div><\/div><div class=\"w-separator size_small\"><\/div><div class=\"g-cols wpb_row via_flex valign_top type_default stacking_default\" id=\"clinic\"><div class=\"vc_col-sm-12 wpb_column vc_column_container\"><div class=\"vc_column-inner\"><div class=\"wpb_wrapper\"><div class=\"wpb_text_column\"><div class=\"wpb_wrapper\"><h2><b>Eingewachsene Haare Chirurgie durch Klinik Mono <\/b><\/h2>\n<p> Clinic Mono ist eine Tourismusagentur, die \u00fcber eine Zulassung f\u00fcr den Gesundheitstourismus verf\u00fcgt und Vermittlungsdienste anbietet. Sie bietet L\u00f6sungen f\u00fcr alle Bed\u00fcrfnisse und Anforderungen der Patienten wie Unterbringung, Operation, Transfer, mit langj\u00e4hriger Erfahrung, in vertraglich gebundenen Gesundheitseinrichtungen. Au\u00dferdem fungiert Clinic Mono als Vermittler, um Sie mit den beauftragten Chirurgen zusammenzubringen.<br \/>\nClinic Mono bietet die besten und fortschrittlichsten Verfahren zur Behandlung eingewachsener Haare an, um eine schnelle Genesung der Patienten zu gew\u00e4hrleisten.<br \/>\nAuch wenn die Behandlung der Krankheit nie dringend ist, sollte die Entscheidung f\u00fcr die Entfernung eingewachsener Haare aufgrund ihres fortschreitenden Charakters so bald wie m\u00f6glich getroffen werden.   Die Behandlung ist fast immer chirurgisch, und die Auswahl der verschiedenen vorhandenen Methoden h\u00e4ngt vom Patienten, dem Zustand der Krankheit und den Lebensumst\u00e4nden des Patienten ab.<br \/>\nDer Patient muss einen Tag f\u00fcr die Operation der eingewachsenen Haare einplanen und sollte eine Erholungszeit von 1-2 Wochen einkalkulieren, je nach Gr\u00f6\u00dfe und Fl\u00e4che der eingewachsenen Haare.<\/p>\n<\/div><\/div><\/div><\/div><\/div><\/div><div class=\"w-separator size_small\"><\/div><div class=\"g-cols wpb_row via_flex valign_top type_default stacking_default\" id=\"surgeons\"><div class=\"vc_col-sm-12 wpb_column vc_column_container\"><div class=\"vc_column-inner\"><div class=\"wpb_wrapper\"><div class=\"wpb_text_column\"><div class=\"wpb_wrapper\"><h2><b>Beste Chirurgen f\u00fcr eingewachsene Haare in der T\u00fcrkei<\/b><\/h2>\n<p><span style=\"font-weight: 400;\">Die Behandlung von eingewachsenen Haaren umfasst einen chirurgischen Eingriff.<br \/>\nBei der Operation eingewachsener Haare kann die Bedeutung versierter Chirurgen gar nicht hoch genug eingesch\u00e4tzt werden.<br \/>\nPatienten sollten einen Allgemeinchirurgen konsultieren, bevor sie eine Behandlung durchf\u00fchren.<br \/>\nDer entscheidende Schritt f\u00fcr Patienten mit Symptomen eingewachsener Haare besteht darin, festzustellen, ob eine sofortige Operation erforderlich ist.<br \/>\nErfahrene Chirurgen m\u00fcssen die richtige Entscheidung f\u00fcr Ihren Fall treffen und das Stadium der Erkrankung genau bestimmen.<br \/>\nClinic Mono bietet Ihnen die genaueste Behandlung f\u00fcr eingewachsene Haare dank der Zusammenarbeit mit medizinischen Einrichtungen, die die besten Techniken f\u00fcr die Sicherheit und den Erfolg des Eingriffs anwenden.<br \/>\nDie Patienten k\u00f6nnen sich auf das medizinische Vertragsteam von Clinic Mono verlassen. Jeder von ihnen ist ein Experte f\u00fcr die Behandlung eingewachsener Haare und kann den schmerzhaften Zustand des Patienten mit Sicherheit beseitigen.      <\/span><\/p>\n<\/div><\/div><\/div><\/div><\/div><\/div><div class=\"w-separator size_small\"><\/div><div class=\"g-cols wpb_row via_flex valign_top type_default stacking_default\" id=\"cost\"><div class=\"vc_col-sm-12 wpb_column vc_column_container\"><div class=\"vc_column-inner\"><div class=\"wpb_wrapper\"><div class=\"wpb_text_column\"><div class=\"wpb_wrapper\"><h2><b>Eingewachsene Haare Operation Preise in der T\u00fcrkei<\/b><\/h2>\n<p>  Eingewachsene Haarfollikel sind ein weit verbreitetes Leiden, das bei vielen Frauen und M\u00e4nnern vorkommt und an verschiedenen Stellen des K\u00f6rpers auftreten kann.<br \/>\nDie Kosten f\u00fcr eine Operation zur Entfernung eingewachsener Haare k\u00f6nnen je nach Zustand und Bereich der eingewachsenen Haare variieren.<br \/>\nDie T\u00fcrkei ist die erste Adresse f\u00fcr Operationen von eingewachsenen Haaren und bietet sehr g\u00fcnstige Preise f\u00fcr diesen umfangreichen medizinischen Eingriff.<br \/>\nSie k\u00f6nnen \u00fcber Clinic Mono einen Termin f\u00fcr die notwendigen Untersuchungen vereinbaren, um Ihren Zustand festzustellen und Ihre Krankheit zu den g\u00fcnstigsten Preisen zu behandeln.<br \/>\nClinic Mono bietet zuverl\u00e4ssige chirurgische L\u00f6sungen mit den besten Preisen f\u00fcr Operationen zur Entfernung eingewachsener Haare in der T\u00fcrkei.<\/p>\n<\/div><\/div><\/div><\/div><\/div><\/div><div class=\"w-separator size_small\"><\/div><div class=\"g-cols wpb_row via_flex valign_top type_default stacking_default\"><div class=\"vc_col-sm-12 wpb_column vc_column_container\"><div class=\"vc_column-inner\"><div class=\"wpb_wrapper\"><div class=\"w-html\"><table class=\"customTable\">\n  <thead>\n    <tr>\n      <th>Art des Eingriffs<\/th><th>Eingewachsene Haare Chirurgie Kosten Mono<\/th><th>Eingewachsene Haare Chirurgie Kosten UK<\/th><th>Kosten f\u00fcr die Operation eingewachsener Haare EU<\/th><th>Kosten f\u00fcr die Operation eingewachsener Haare US<\/th>\n    <\/tr>\n  <\/thead>\n  <tbody>\n    <tr>\n      <td>Eingewachsene Haare Chirurgie Kosten<\/td><td>\u00a32000 - \u00a33000<\/td>\n      <td><\/td>\n      <td><\/td>\n      <td><\/td>\n    <\/tr>\n  <\/tbody>\n<\/table><\/div><\/div><\/div><\/div><\/div><div class=\"w-separator size_small\"><\/div><div class=\"g-cols wpb_row via_flex valign_top type_default stacking_default\" id=\"reviews\"><div class=\"vc_col-sm-12 wpb_column vc_column_container\"><div class=\"vc_column-inner\"><div class=\"wpb_wrapper\"><div class=\"wpb_text_column\"><div class=\"wpb_wrapper\"><h2><b>Eingewachsene Haare Chirurgie T\u00fcrkei Bewertungen<\/b><\/h2>\n<p> Wenn Sie einen solchen Eingriff in einem fremden Land wie der T\u00fcrkei in Erw\u00e4gung ziehen, ist es sehr wichtig, eine seri\u00f6se Einrichtung mit einem Zertifikat f\u00fcr Gesundheitstourismus zu w\u00e4hlen und die \u00c4rzte auszuw\u00e4hlen. <span style=\"font-weight: 400;\">Clinic Mono, als weltweit beliebter Vermittler, wei\u00df um die Bedeutung von Transparenz, und sein Engagement f\u00fcr die Bereitstellung zuverl\u00e4ssiger Informationen spiegelt sich in den R\u00fcckmeldungen der Patienten wider, die ihre eingewachsenen Haare durch Mono operieren lie\u00dfen.<br \/>\nDie Patienten teilen verschiedene Aspekte ihrer Erfahrungen mit, bevor und nachdem sie sich f\u00fcr eine Behandlung an Clinic Mono gewandt haben.  Diese \u00dcbersichten k\u00f6nnen Aufschluss \u00fcber Symptome, Pr\u00e4ventionsmethoden, Behandlungsverfahren und Bedingungen nach der Operation eingewachsener Haare geben. Sie sind unparteiisch und ein wichtiges Nachschlagewerk f\u00fcr Patienten, die mehr Informationen \u00fcber chirurgische Verfahren zur Entfernung eingewachsener Haare suchen.<\/span><\/p>\n<\/div><\/div><\/div><\/div><\/div><\/div><div class=\"w-separator size_small\"><\/div><div class=\"g-cols wpb_row via_flex valign_top type_default stacking_default\" id=\"faqs\"><div class=\"vc_col-sm-12 wpb_column vc_column_container\"><div class=\"vc_column-inner\"><div class=\"wpb_wrapper\"><div class=\"wpb_text_column\"><div class=\"wpb_wrapper\"><h2><b>Eingewachsene Haare Chirurgie H\u00e4ufig gestellte Fragen<\/b><\/h2>\n<\/div><\/div><\/div><\/div><\/div><\/div><div class=\"w-separator size_small\"><\/div><div class=\"w-tabs style_default switch_click accordion has_scrolling\" style=\"--sections-title-size:inherit\"><div class=\"w-tabs-sections titles-align_none icon_chevron cpos_right\"><div class=\"w-tabs-section\" id=\"w5d1\"><button class=\"w-tabs-section-header\" aria-controls=\"content-w5d1\" aria-expanded=\"false\"><div class=\"w-tabs-section-title\">Wie kann man eingewachsene Haare vermeiden?<\/div><div class=\"w-tabs-section-control\"><\/div><\/button><div  class=\"w-tabs-section-content\" id=\"content-w5d1\"><div class=\"w-tabs-section-content-h i-cf\"><div class=\"wpb_text_column\"><div class=\"wpb_wrapper\"><p><span style=\"font-weight: 400;\">Um eingewachsenen Haaren vorzubeugen, k\u00f6nnen Sie sich rasieren oder die Haare mit einer anderen Methode entfernen, z.B. mit warmem Wasser und einem Rasierschaum oder -gel.<br \/>\nAuch das Rasieren in Wuchsrichtung der Haare kann helfen, eingewachsene Haare zu vermeiden.<br \/>\nSie k\u00f6nnen eine sicherere Methode zur Haarentfernung ausprobieren, wie z.B. eine Laserbehandlung.  <\/span><\/p>\n<\/div><\/div><\/div><\/div><\/div><div class=\"w-tabs-section\" id=\"g7f5\"><button class=\"w-tabs-section-header\" aria-controls=\"content-g7f5\" aria-expanded=\"false\"><div class=\"w-tabs-section-title\">Wie wird man eingewachsene Haare los?<\/div><div class=\"w-tabs-section-control\"><\/div><\/button><div  class=\"w-tabs-section-content\" id=\"content-g7f5\"><div class=\"w-tabs-section-content-h i-cf\"><div class=\"wpb_text_column\"><div class=\"wpb_wrapper\"><p><span style=\"font-weight: 400;\">Sie k\u00f6nnen die Hautpartie regelm\u00e4\u00dfig peelen, um die eingewachsenen Haare zu entfernen.<br \/>\nWenn sich das eingewachsene Haar nahe der Hautoberfl\u00e4che befindet, k\u00f6nnen Sie es mit einer sterilen Nadel entfernen.<br \/>\nSobald das eingewachsene Haar einen gro\u00dfen Follikel bildet, kann es eine Infektion verursachen, die eine Behandlung erforderlich macht.<br \/>\nDie beste L\u00f6sung ist, Ihren Arzt aufzusuchen, um eine Diagnose zu stellen und sich gegebenenfalls einer Operation der eingewachsenen Haare zu unterziehen.     <\/span><\/p>\n<\/div><\/div><\/div><\/div><\/div><div class=\"w-tabs-section\" id=\"b9f7\"><button class=\"w-tabs-section-header\" aria-controls=\"content-b9f7\" aria-expanded=\"false\"><div class=\"w-tabs-section-title\">Wie behandelt man eine eingewachsene Haarzyste?<\/div><div class=\"w-tabs-section-control\"><\/div><\/button><div  class=\"w-tabs-section-content\" id=\"content-b9f7\"><div class=\"w-tabs-section-content-h i-cf\"><div class=\"wpb_text_column\"><div class=\"wpb_wrapper\"><p><span style=\"font-weight: 400;\">Einige eingewachsene Haarzysten entwickeln sich tief unter der Haut und k\u00f6nnen gro\u00df sein.<br \/>\nNormalerweise tun sie anfangs nicht weh, es sei denn, es kommt zu einer Infektion.<br \/>\nEine infizierte Zyste kann schmerzhaft sein und je nach K\u00f6rperregion Unbehagen verursachen.<br \/>\nWenn Sie eine schmerzhafte und unangenehme eingewachsene Haarzyste haben, ist es vorteilhaft, einen Arzt aufzusuchen und die notwendigen Ma\u00dfnahmen zu ergreifen, bevor sie fortschreitet.<br \/>\nBei der Operation eingewachsener Haare k\u00f6nnen Sie sich auf das erfahrene Chirurgenteam der Clinic Mono verlassen.    <\/span><\/p>\n<\/div><\/div><\/div><\/div><\/div><div class=\"w-tabs-section\" id=\"tbcd\"><button class=\"w-tabs-section-header\" aria-controls=\"content-tbcd\" aria-expanded=\"false\"><div class=\"w-tabs-section-title\">Wie viel eine Operation von eingewachsenen Haaren in der T\u00fcrkei kostet<\/div><div class=\"w-tabs-section-control\"><\/div><\/button><div  class=\"w-tabs-section-content\" id=\"content-tbcd\"><div class=\"w-tabs-section-content-h i-cf\"><div class=\"wpb_text_column\"><div class=\"wpb_wrapper\"><p>Als erste Adresse f\u00fcr die Operation eingewachsener Haare bietet die Clinic Mono sehr g\u00fcnstige Preise f\u00fcr diesen umfangreichen medizinischen Eingriff in der T\u00fcrkei.<\/p>\n<\/div><\/div><\/div><\/div><\/div><\/div><\/div><\/div><\/div><\/div><\/div><\/div><\/section>\n","protected":false},"excerpt":{"rendered":"Eingewachsene Haare Chirurgie Seiten\u00dcberblick \u00fcber das VerfahrenVerfahrenOperation DauerKrankenhausaufenthaltAn\u00e4sthesieErhalten Sie eine kostenlose BeratungBitte aktiviere JavaScript in deinem Browser, um dieses Formular fertigzustellen.Bitte aktiviere JavaScript in deinem Browser, um dieses Formular fertigzustellen.Name *Telefon * Einzelheiten der Name Erhalten Sie eine kostenlose Beratung Verfahren | Kosten | Klinik | Erholung | Bewertungen | Chirurgen | FAQ&#8217;s Gepr\u00fcft und...","protected":false},"author":1,"featured_media":122628,"parent":37279,"menu_order":0,"comment_status":"closed","ping_status":"closed","template":"","meta":{"_mi_skip_tracking":false,"_monsterinsights_sitenote_active":false,"_monsterinsights_sitenote_note":"","_monsterinsights_sitenote_category":0,"_uf_show_specific_survey":0,"_uf_disable_surveys":false,"footnotes":""},"procedure":[321],"class_list":["post-41049","page","type-page","status-publish","has-post-thumbnail","hentry","procedure-general-surgery"],"_links":{"self":[{"href":"https:\/\/clinicmono.com\/de\/wp-json\/wp\/v2\/pages\/41049","targetHints":{"allow":["GET"]}}],"collection":[{"href":"https:\/\/clinicmono.com\/de\/wp-json\/wp\/v2\/pages"}],"about":[{"href":"https:\/\/clinicmono.com\/de\/wp-json\/wp\/v2\/types\/page"}],"author":[{"embeddable":true,"href":"https:\/\/clinicmono.com\/de\/wp-json\/wp\/v2\/users\/1"}],"replies":[{"embeddable":true,"href":"https:\/\/clinicmono.com\/de\/wp-json\/wp\/v2\/comments?post=41049"}],"version-history":[{"count":0,"href":"https:\/\/clinicmono.com\/de\/wp-json\/wp\/v2\/pages\/41049\/revisions"}],"up":[{"embeddable":true,"href":"https:\/\/clinicmono.com\/de\/wp-json\/wp\/v2\/pages\/37279"}],"wp:featuredmedia":[{"embeddable":true,"href":"https:\/\/clinicmono.com\/de\/wp-json\/wp\/v2\/media\/122628"}],"wp:attachment":[{"href":"https:\/\/clinicmono.com\/de\/wp-json\/wp\/v2\/media?parent=41049"}],"wp:term":[{"taxonomy":"procedure","embeddable":true,"href":"https:\/\/clinicmono.com\/de\/wp-json\/wp\/v2\/procedure?post=41049"}],"curies":[{"name":"wp","href":"https:\/\/api.w.org\/{rel}","templated":true}]}}