{"id":40909,"date":"2024-01-21T14:15:03","date_gmt":"2024-01-21T14:15:03","guid":{"rendered":"https:\/\/clinicmono.com\/leisten-und-nabelbrueche\/"},"modified":"2024-07-26T06:23:25","modified_gmt":"2024-07-26T06:23:25","slug":"inguinal-and-umbilical-hernias","status":"publish","type":"page","link":"https:\/\/clinicmono.com\/de\/general-surgery\/inguinal-and-umbilical-hernias\/","title":{"rendered":"Leistenbr\u00fcche und Nabelbr\u00fcche"},"content":{"rendered":"<section class=\"l-section wpb_row height_custom with_img\"><div class=\"l-section-img\" role=\"img\" aria-label=\"Bild\" data-img-width=\"1280\" data-img-height=\"720\" style=\"background-image: url(https:\/\/clinicmono.com\/wp-content\/uploads\/2024\/03\/inguinal-and-umbilical-hernias.jpg);background-position: top right;background-repeat: no-repeat;\"><\/div><div class=\"l-section-overlay\" style=\"background:rgba(0,0,0,0.47)\"><\/div><div class=\"l-section-h i-cf\"><div class=\"g-cols vc_row via_flex valign_top type_default stacking_default\"><div class=\"vc_col-sm-12 wpb_column vc_column_container\"><div class=\"vc_column-inner\"><div class=\"wpb_wrapper\"><div class=\"wpb_text_column us_custom_8b3d6790 has_text_color\"><div class=\"wpb_wrapper\"><h1 style=\"text-align: center;\"><b>Leistenbr\u00fcche und Nabelbr\u00fcche<\/b><\/h1>\n<\/div><\/div><div class=\"w-separator size_small\"><\/div><nav class=\"g-breadcrumbs us_custom_8b3d6790 has_text_color separator_icon align_center\" itemscope itemtype=\"http:\/\/schema.org\/BreadcrumbList\"><div class=\"g-breadcrumbs-item\" itemscope itemprop=\"itemListElement\" itemtype=\"http:\/\/schema.org\/ListItem\"><a itemprop=\"item\" href=\"https:\/\/clinicmono.com\/de\/\"><span itemprop=\"name\">Klinik Mono<\/span><\/a><meta itemprop=\"position\" content=\"1\"\/><\/div><div class=\"g-breadcrumbs-separator\"><i class=\"far fa-angle-double-right\"><\/i><\/div><div class=\"g-breadcrumbs-item\">Seiten<\/div><\/nav><div class=\"w-separator size_small\"><\/div><\/div><\/div><\/div><\/div><\/div><\/section><section class=\"l-section wpb_row height_small\"><div class=\"l-section-h i-cf\"><div class=\"g-cols vc_row via_flex valign_top type_default stacking_default\"><div class=\"vc_col-sm-8 wpb_column vc_column_container\"><div class=\"vc_column-inner\"><div class=\"wpb_wrapper\"><div class=\"g-cols wpb_row us_custom_561b7e5e via_flex valign_top type_default stacking_default\"><div class=\"vc_col-sm-12 wpb_column vc_column_container\"><div class=\"vc_column-inner\"><div class=\"wpb_wrapper\"><h3 class=\"w-text\"><span class=\"w-text-h\"><span class=\"w-text-value\">\u00dcberblick \u00fcber das Verfahren<\/span><\/span><\/h3><div class=\"w-separator size_small\"><\/div><div class=\"w-iconbox iconpos_left style_default color_primary align_left no_text\"><div class=\"w-iconbox-icon\" style=\"font-size:1.4rem;\"><i class=\"fas fa-procedures\"><\/i><\/div><div class=\"w-iconbox-meta\"><h4 class=\"w-iconbox-title\">Verfahren<\/h4><\/div><\/div><div class=\"w-separator size_small\"><\/div><div class=\"w-iconbox iconpos_left style_default color_primary align_left no_text\"><div class=\"w-iconbox-icon\" style=\"font-size:1rem;\"><i class=\"fas fa-clock\"><\/i><\/div><div class=\"w-iconbox-meta\"><h4 class=\"w-iconbox-title\">Operation Dauer<\/h4><\/div><\/div><div class=\"w-separator size_small\"><\/div><div class=\"w-iconbox iconpos_left style_default color_primary align_left no_text\"><div class=\"w-iconbox-icon\" style=\"font-size:1rem;\"><i class=\"fas fa-hospital\"><\/i><\/div><div class=\"w-iconbox-meta\"><h4 class=\"w-iconbox-title\">Krankenhausaufenthalt<\/h4><\/div><\/div><div class=\"w-separator size_small\"><\/div><div class=\"w-iconbox iconpos_left style_default color_primary align_left no_text\"><div class=\"w-iconbox-icon\" style=\"font-size:1rem;\"><i class=\"fas fa-syringe\"><\/i><\/div><div class=\"w-iconbox-meta\"><h4 class=\"w-iconbox-title\">An\u00e4sthesie<\/h4><\/div><\/div><\/div><\/div><\/div><\/div><\/div><\/div><\/div><div class=\"vc_col-sm-4 wpb_column vc_column_container\"><div class=\"vc_column-inner\"><div class=\"wpb_wrapper\"><div class=\"g-cols wpb_row us_custom_c5a47681 via_flex valign_top type_default stacking_default\"><div class=\"vc_col-sm-12 wpb_column vc_column_container\"><div class=\"vc_column-inner\"><div class=\"wpb_wrapper\"><h3 class=\"w-text\"><span class=\"w-text-h\"><span class=\"w-text-value\">Erhalten Sie eine kostenlose Beratung<\/span><\/span><\/h3><div class=\"w-separator size_small\"><\/div><div class=\"wpforms-container wpforms-render-modern\" id=\"wpforms-22672\"><form id=\"wpforms-form-22672\" class=\"wpforms-validate wpforms-form wpforms-ajax-form\" data-formid=\"22672\" method=\"post\" enctype=\"multipart\/form-data\" action=\"\/de\/wp-json\/wp\/v2\/pages\/40909\" data-token=\"c00d6b63d87b9e2c26ae57906136bb21\" data-token-time=\"1776889302\"><noscript class=\"wpforms-error-noscript\">Bitte aktiviere JavaScript in deinem Browser, um dieses Formular fertigzustellen.<\/noscript><div id=\"wpforms-error-noscript\" style=\"display: none;\">Bitte aktiviere JavaScript in deinem Browser, um dieses Formular fertigzustellen.<\/div><div class=\"wpforms-field-container\"><div id=\"wpforms-22672-field_0-container\" class=\"wpforms-field wpforms-field-name\" data-field-id=\"0\"><label class=\"wpforms-field-label wpforms-label-hide\" for=\"wpforms-22672-field_0\" aria-hidden=\"false\">Name <span class=\"wpforms-required-label\" aria-hidden=\"true\">*<\/span><\/label><input type=\"text\" id=\"wpforms-22672-field_0\" class=\"wpforms-field-large wpforms-field-required\" name=\"wpforms[fields][0]\" placeholder=\"Name und Nachname\" aria-errormessage=\"wpforms-22672-field_0-error\" required><\/div><div id=\"wpforms-22672-field_5-container\" class=\"wpforms-field wpforms-field-phone\" data-field-id=\"5\"><label class=\"wpforms-field-label wpforms-label-hide\" for=\"wpforms-22672-field_5\" aria-hidden=\"false\">Telefon <span class=\"wpforms-required-label\" aria-hidden=\"true\">*<\/span><\/label><input type=\"tel\" id=\"wpforms-22672-field_5\" class=\"wpforms-field-large wpforms-field-required wpforms-smart-phone-field\" data-rule-smart-phone-field=\"true\" name=\"wpforms[fields][5]\" aria-label=\"Telefon\" aria-errormessage=\"wpforms-22672-field_5-error\" required><\/div><div id=\"wpforms-22672-field_12-container\" class=\"wpforms-field wpforms-field-hidden\" data-field-id=\"12\"><input type=\"hidden\" id=\"wpforms-22672-field_12\" name=\"wpforms[fields][12]\"><\/div><div id=\"wpforms-22672-field_10-container\" class=\"wpforms-field wpforms-field-hidden\" data-field-id=\"10\"><input type=\"hidden\" id=\"wpforms-22672-field_10\" name=\"wpforms[fields][10]\" value=\"https:\/\/clinicmono.com\/de\/wp-json\/wp\/v2\/pages\/40909 \"><\/div><div id=\"wpforms-22672-field_15-container\" class=\"wpforms-field wpforms-field-hidden\" data-field-id=\"15\"><input type=\"hidden\" id=\"wpforms-22672-field_15\" name=\"wpforms[fields][15]\" value=\" 216.73.217.63 Columbus, Ohio, US\r\n39.9587, -82.9987 \"><\/div><\/div><!-- .wpforms-field-container --><div class=\"wpforms-recaptcha-container wpforms-is-recaptcha wpforms-is-recaptcha-type-v3\" ><input type=\"hidden\" name=\"wpforms[recaptcha]\" value=\"\"><\/div><div class=\"wpforms-submit-container\" ><input type=\"hidden\" name=\"wpforms[id]\" value=\"22672\"><input type=\"hidden\" name=\"page_title\" value=\"\"><input type=\"hidden\" name=\"page_url\" value=\"https:\/\/clinicmono.com\/de\/wp-json\/wp\/v2\/pages\/40909\"><input type=\"hidden\" name=\"url_referer\" value=\"\"><button type=\"submit\" name=\"wpforms[submit]\" id=\"wpforms-submit-22672\" class=\"wpforms-submit\" data-alt-text=\"Ich schicke...\" data-submit-text=\"Erhalten Sie eine kostenlose Beratung\" aria-live=\"assertive\" value=\"wpforms-submit\">Erhalten Sie eine kostenlose Beratung<\/button><img decoding=\"async\" src=\"https:\/\/clinicmono.com\/wp-content\/plugins\/wpforms\/assets\/images\/submit-spin.svg\" class=\"wpforms-submit-spinner\" style=\"display: none;\" width=\"26\" height=\"26\" alt=\"Wird geladen\"><\/div><\/form><\/div>  <!-- .wpforms-container --><\/div><\/div><\/div><\/div><\/div><\/div><\/div><\/div><\/div><\/section><section class=\"l-section wpb_row us_custom_f92a3d92 height_custom\"><div class=\"l-section-h i-cf\"><div class=\"g-cols vc_row via_flex valign_top type_default stacking_default\"><div class=\"vc_col-sm-12 wpb_column vc_column_container\"><div class=\"vc_column-inner\"><div class=\"wpb_wrapper\"><div class=\"g-cols wpb_row us_custom_1b04de86 via_flex valign_top type_default stacking_default\"><div class=\"vc_col-sm-8 wpb_column vc_column_container\"><div class=\"vc_column-inner\"><div class=\"wpb_wrapper\"><div class=\"w-hwrapper valign_top wrap align_left\"><div class=\"wpb_text_column\"><div class=\"wpb_wrapper\"><h4><a href=\"#procedures\">Verfahren<\/a><\/h4>\n<\/div><\/div><div class=\"wpb_text_column\"><div class=\"wpb_wrapper\"><h4>|<\/h4>\n<\/div><\/div><div class=\"wpb_text_column\"><div class=\"wpb_wrapper\"><h4><a href=\"#cost\">Kosten<\/a><\/h4>\n<\/div><\/div><div class=\"wpb_text_column\"><div class=\"wpb_wrapper\"><h4>|<\/h4>\n<\/div><\/div><div class=\"wpb_text_column\"><div class=\"wpb_wrapper\"><h4><a href=\"#clinic\">Klinik<\/a><\/h4>\n<\/div><\/div><div class=\"wpb_text_column\"><div class=\"wpb_wrapper\"><h4>|<\/h4>\n<\/div><\/div><div class=\"wpb_text_column\"><div class=\"wpb_wrapper\"><h4><a href=\"#recovery\">Erholung<\/a><\/h4>\n<\/div><\/div><div class=\"wpb_text_column\"><div class=\"wpb_wrapper\"><h4>|<\/h4>\n<\/div><\/div><div class=\"wpb_text_column\"><div class=\"wpb_wrapper\"><h4><a href=\"#reviews\">Bewertungen<\/a><\/h4>\n<\/div><\/div><div class=\"wpb_text_column\"><div class=\"wpb_wrapper\"><h4>|<\/h4>\n<\/div><\/div><div class=\"wpb_text_column\"><div class=\"wpb_wrapper\"><h4><a href=\"#surgeons\">Chirurgen<\/a><\/h4>\n<\/div><\/div><div class=\"wpb_text_column\"><div class=\"wpb_wrapper\"><h4>|<\/h4>\n<\/div><\/div><div class=\"wpb_text_column\"><div class=\"wpb_wrapper\"><h4><a href=\"#faqs\">FAQ&#8217;s<\/a><\/h4>\n<\/div><\/div><\/div><\/div><\/div><\/div><div class=\"vc_col-sm-4 wpb_column vc_column_container\"><div class=\"vc_column-inner\"><div class=\"wpb_wrapper\"><div class=\"wpb_text_column\"><div class=\"wpb_wrapper\"><h5 style=\"text-align: center;\"><strong>Gepr\u00fcft und genehmigt von<\/strong><\/h5>\n<\/div><\/div><div class=\"w-separator hide_on_default hide_on_laptops size_medium\"><\/div><\/div><\/div><\/div><\/div><div class=\"w-separator size_small\"><\/div><div class=\"g-cols wpb_row via_flex valign_top type_default stacking_default\" id=\"procedures\"><div class=\"vc_col-sm-12 wpb_column vc_column_container\"><div class=\"vc_column-inner\"><div class=\"wpb_wrapper\"><div class=\"wpb_text_column\"><div class=\"wpb_wrapper\"><h1><b>Leistenbr\u00fcche und Nabelbr\u00fcche<\/b><\/h1>\n<p>  Leisten- und Nabelbr\u00fcche stellen eine besondere Herausforderung f\u00fcr die Gesundheit des Unterleibs dar.<br \/>\nPatienten k\u00f6nnen starke Schmerzen versp\u00fcren, die sich vom Bauchnabel bis zur Leiste erstrecken und auf das Vorhandensein dieser Hernien hinweisen.<br \/>\nInfraumbilikale Hernien und die Seltenheit von Uterushernien machen die Diskussion noch komplexer.<br \/>\nChirurgische \u00dcberlegungen, einschlie\u00dflich gleichzeitiger Eingriffe bei Leisten- und Nabelbr\u00fcchen, bieten eine umfassende Perspektive f\u00fcr eine effektive medizinische Behandlung.<br \/>\nDas Verst\u00e4ndnis der Dynamik von Hernien ist von entscheidender Bedeutung, da bei diesen Erkrankungen Organe oder weiche Klumpen hervortreten.<br \/>\nEs kann sogar vorkommen, dass Menschen gleichzeitig Leisten- und Nabelbr\u00fcche haben, was zeigt, wie wichtig es ist, diese Erkrankungen und ihre Behandlungsm\u00f6glichkeiten zu verstehen.<br \/>\nHernien treten auf, wenn ein Organ oder Gewebe durch einen geschw\u00e4chten Muskelbereich hindurchragt, was zu einer sp\u00fcrbaren Ausbuchtung f\u00fchrt.<br \/>\nSymptome einer Leistenhernie, wie Schmerzen in der Nabelgegend, k\u00f6nnen auch auf Komplikationen hinweisen und unterstreichen die Notwendigkeit einer medizinischen Behandlung.<br \/>\nEine Operation ist eine standardm\u00e4\u00dfige und wirksame Behandlung sowohl f\u00fcr Leisten- als auch f\u00fcr Nabelbr\u00fcche, und in einigen F\u00e4llen kann eine gleichzeitige Reparatur beider Arten empfohlen werden.<br \/>\nBei dem Eingriff wird das vorstehende Organ oder Gewebe an seinen Platz zur\u00fcckgeschoben und der geschw\u00e4chte Muskel gest\u00e4rkt.<br \/>\nManche Menschen suchen jedoch auch nach nicht-chirurgischen M\u00f6glichkeiten zur Behandlung von Nabelbr\u00fcchen, wobei die Beratung durch einen Arzt entscheidend ist, um die beste Vorgehensweise zu bestimmen.<br \/>\nF\u00fcr eine schnelle Diagnose und Behandlung ist es wichtig, die Symptome eines Leistenbruchs zu verstehen, unabh\u00e4ngig davon, ob es sich um einen Nabelbruch, eine einschiebbare Hernie oder eine nicht einschiebbare Hernie handelt.<br \/>\nLeistenvorw\u00f6lbungen und Schmerzen zwischen Bauchnabel und Leiste sind zwar h\u00e4ufige Anzeichen, aber es ist wichtig, einen Arzt aufzusuchen, um den Schweregrad der Hernie zu beurteilen und geeignete Ma\u00dfnahmen zu erkunden.<br \/>\nObwohl Leistenbr\u00fcche Unbehagen verursachen k\u00f6nnen, k\u00f6nnen eine sofortige \u00e4rztliche Behandlung und geeignete Eingriffe den Betroffenen helfen, diese Beschwerden effektiv zu bew\u00e4ltigen und sich davon zu erholen.<\/p>\n<\/div><\/div><\/div><\/div><\/div><\/div><div class=\"w-separator size_small\"><\/div><div class=\"g-cols wpb_row via_flex valign_top type_default stacking_default\" id=\"clinic\"><div class=\"vc_col-sm-12 wpb_column vc_column_container\"><div class=\"vc_column-inner\"><div class=\"wpb_wrapper\"><div class=\"wpb_text_column\"><div class=\"wpb_wrapper\"><h2><b>Eingriffe bei Leisten- und Nabelbr\u00fcchen durch die Klinik Mono <\/b><\/h2>\n<p>  Clinic Mono ist eine Tourismusagentur, die \u00fcber eine Zulassung f\u00fcr den Gesundheitstourismus verf\u00fcgt und Vermittlungsdienste anbietet. Sie bietet L\u00f6sungen f\u00fcr alle Bed\u00fcrfnisse und Anforderungen des Patienten wie Unterbringung, Operation, Transfer, mit langj\u00e4hriger Erfahrung, in vertragsgebundenen Gesundheitseinrichtungen.<br \/>\nDar\u00fcber hinaus fungiert Mono als Vermittler, um Sie mit den Vertragschirurgen zusammenzubringen.<br \/>\nClinic Mono hebt die wichtigsten Unterschiede zwischen Leistenbr\u00fcchen und Nabelbr\u00fcchen hervor und betont die einzigartigen Merkmale dieser Erkrankungen.<br \/>\nClinic Mono unterstreicht die Bedeutung eines rechtzeitigen Eingreifens und er\u00f6rtert die Folgen unbehandelter Nabelbr\u00fcche und die Art der Hernienschwellung.<br \/>\nWenn Sie mit den Unannehmlichkeiten von Leisten- und Nabelbr\u00fcchen zu k\u00e4mpfen haben, ist Clinic Mono als Vermittler die optimale Wahl f\u00fcr eine spezialisierte und einf\u00fchlsame Behandlung.<br \/>\nDas vertrags\u00e4rztliche Team von Clinic Mono nimmt sich dieser Probleme mit Sachverstand an.<br \/>\nDie Chirurgen der Clinic Mono kennen die Feinheiten von Hernien in der Bauchmuskulatur, auch auf der rechten Seite des Magens.<br \/>\nUnbehandelte Hernien und weiche Klumpen im Bauchnabel werden mit Pr\u00e4zision behandelt.        Clinic Mono zeichnet sich dadurch aus, dass sie personalisierte L\u00f6sungen anbietet und ein ganzes Spektrum von Problemen im Zusammenhang mit Hernien behandelt.<br \/>\nDie fortschrittlichen Techniken und das Engagement f\u00fcr das Wohlbefinden der Patienten in den vertraglich gebundenen Gesundheitseinrichtungen der Clinic Mono machen sie zur bevorzugten Wahl f\u00fcr die Behandlung von Leistenbr\u00fcchen.<br \/>\nVon den ersten Anzeichen und Symptomen eines Leistenbruchs bis hin zu den Ursachen und m\u00f6glichen Komplikationen werden Sie von den mit Mono zusammenarbeitenden Experten durch jeden Schritt gef\u00fchrt.<br \/>\nVertrauen Sie den Vertragskliniken von Mono, wenn es darum geht, Schmerzen vom Bauchnabel bis zur Leiste zu lindern und Hernien im Bauch oder im linken Unterbauch effektiv zu behandeln.<br \/>\nDie Klinik Mono ist auf verschiedene Hernien, einschlie\u00dflich Nabelhernien, spezialisiert und bietet eine postpartale Hernienversorgung.<br \/>\nMit einem Schwerpunkt auf individuellen Behandlungspl\u00e4nen stellt Clinic Mono sicher, dass Sie die Aufmerksamkeit erhalten, die Sie verdienen.<br \/>\nWenn Sie unter einschie\u00dfenden Schmerzen vom Bauchnabel bis zur Leiste leiden oder wissen m\u00f6chten, wie sich Leistenbr\u00fcche anf\u00fchlen, steht Ihnen das medizinische Team von Mono zur Verf\u00fcgung, um Ihnen gr\u00fcndliche Antworten und eine umfassende Behandlung zu bieten.<\/p>\n<\/div><\/div><\/div><\/div><\/div><\/div><div class=\"w-separator size_small\"><\/div><div class=\"g-cols wpb_row via_flex valign_top type_default stacking_default\" id=\"surgeons\"><div class=\"vc_col-sm-12 wpb_column vc_column_container\"><div class=\"vc_column-inner\"><div class=\"wpb_wrapper\"><div class=\"wpb_text_column\"><div class=\"wpb_wrapper\"><h2><b>Die besten Chirurgen f\u00fcr Leisten- und Nabelbr\u00fcche in der T\u00fcrkei<\/b><\/h2>\n<p>  Bei Leisten- und Nabelbr\u00fcchen kann die Bedeutung versierter Chirurgen gar nicht hoch genug eingesch\u00e4tzt werden.<br \/>\nChirurgen spielen eine zentrale Rolle bei der Reparatur von Hernien, indem sie eine pr\u00e4zise Diagnose, individuelle Behandlungspl\u00e4ne und erfolgreiche Ergebnisse sicherstellen.<br \/>\nClinic Mono arbeitet mit den besten Chirurgen f\u00fcr Leisten- und Nabelbr\u00fcche in der T\u00fcrkei bei Clinic Mono zusammen.<br \/>\nDas medizinische Vertragsteam von Clinic Mono k\u00fcmmert sich um Probleme im Zusammenhang mit Leistenbr\u00fcchen, von Symptomen bei Frauen bis hin zu Leistenbr\u00fcchen im Unterbauch.<br \/>\nDie Chirurgen, die auf unserer Website vorgestellt werden, verf\u00fcgen \u00fcber einen gro\u00dfen Erfahrungsschatz bei jedem Eingriff.<br \/>\nKlicken Sie auf die Links zu ihren Seiten, um mehr \u00fcber ihr Fachwissen zu erfahren.<br \/>\nVertrauen Sie der Clinic Mono und ihren Vertragschirurgen f\u00fcr eine erstklassige Versorgung bei der Behandlung von Leistenbr\u00fcchen.<\/p>\n<\/div><\/div><\/div><\/div><\/div><\/div><div class=\"w-separator size_small\"><\/div><div class=\"g-cols wpb_row via_flex valign_top type_default stacking_default\" id=\"cost\"><div class=\"vc_col-sm-12 wpb_column vc_column_container\"><div class=\"vc_column-inner\"><div class=\"wpb_wrapper\"><div class=\"wpb_text_column\"><div class=\"wpb_wrapper\"><h2><b>Preise f\u00fcr die Behandlung von Leisten- und Nabelbr\u00fcchen in der T\u00fcrkei<\/b><\/h2>\n<p>  Als erste Adresse f\u00fcr die Behandlung von Leisten- und Nabelbr\u00fcchen bietet die T\u00fcrkei sehr vorteilhafte Preise f\u00fcr diesen umfangreichen medizinischen Eingriff.  <span style=\"font-weight: 400;\">Patienten k\u00f6nnen sich zu g\u00fcnstigen Preisen f\u00fcr Leisten- und Nabelbruchbehandlungen durch Clinic Mono in der T\u00fcrkei behandeln lassen.<br \/>\nAls weltweit bekannter Vermittler bietet Clinic Mono kosteneffiziente L\u00f6sungen, ohne Kompromisse bei der Qualit\u00e4t einzugehen.<br \/>\nDie von Clinic Mono unter Vertrag genommenen fachkundigen Chirurgen und die hochmodernen Einrichtungen der kooperierenden Gesundheitseinrichtungen machen sie zur ersten Wahl.   Erleben Sie eine erstklassige Hernienversorgung zu einem Bruchteil der Kosten. Das ist der Vorteil von Clinic Mono.<\/span><\/p>\n<\/div><\/div><\/div><\/div><\/div><\/div><div class=\"w-separator size_small\"><\/div><div class=\"g-cols wpb_row via_flex valign_top type_default stacking_default\"><div class=\"vc_col-sm-12 wpb_column vc_column_container\"><div class=\"vc_column-inner\"><div class=\"wpb_wrapper\"><div class=\"w-html\"><table class=\"customTable\">\n  <thead>\n    <tr>\n      <th>Art des Verfahrens<\/th><th>Mono<\/th><th>Kosten UK<\/th><th>Kosten EU<\/th><th>Kosten US<\/th>\n    <\/tr>\n  <\/thead>\n  <tbody>\n    <tr>\n      <td>Leistenbr\u00fcche und Nabelbr\u00fcche<\/td><td>\u00a32500-\u00a33500<\/td>\n      <td><\/td>\n      <td><\/td>\n      <td><\/td>\n    <\/tr>\n  <\/tbody>\n<\/table><\/div><\/div><\/div><\/div><\/div><div class=\"w-separator size_small\"><\/div><div class=\"g-cols wpb_row via_flex valign_top type_default stacking_default\" id=\"reviews\"><div class=\"vc_col-sm-12 wpb_column vc_column_container\"><div class=\"vc_column-inner\"><div class=\"wpb_wrapper\"><div class=\"wpb_text_column\"><div class=\"wpb_wrapper\"><h2><b>Leisten- und Nabelbr\u00fcche Behandlung T\u00fcrkei Bewertungen<\/b><\/h2>\n<p>  Wenn Sie einen solchen Eingriff in einem fremden Land wie der T\u00fcrkei in Erw\u00e4gung ziehen, ist es sehr wichtig, eine seri\u00f6se Einrichtung mit einem Zertifikat f\u00fcr Gesundheitstourismus zu w\u00e4hlen und \u00c4rzte auszuw\u00e4hlen.<br \/>\nLesen Sie unparteiische und zuverl\u00e4ssige Bewertungen f\u00fcr Leisten- und Nabelbruchbehandlungen durch Clinic Mono in der T\u00fcrkei.<br \/>\nDie Patienten, die bei Clinic Mono behandelt wurden, berichten \u00fcber die Symptome von Leistenbr\u00fcchen bei Frauen, Schmerzen vom Nabel bis zur Leiste und vieles mehr.<br \/>\nClinic Mono ist stolz darauf, transparente und authentische Berichte \u00fcber die Behandlung von Leisten- und Nabelbr\u00fcchen zu liefern.<\/p>\n<\/div><\/div><\/div><\/div><\/div><\/div><div class=\"w-separator size_small\"><\/div><div class=\"g-cols wpb_row via_flex valign_top type_default stacking_default\" id=\"faqs\"><div class=\"vc_col-sm-12 wpb_column vc_column_container\"><div class=\"vc_column-inner\"><div class=\"wpb_wrapper\"><div class=\"wpb_text_column\"><div class=\"wpb_wrapper\"><h2><b>Leisten- und Nabelbr\u00fcche H\u00e4ufig gestellte Fragen<\/b><\/h2>\n<\/div><\/div><\/div><\/div><\/div><\/div><div class=\"w-separator size_small\"><\/div><div class=\"w-tabs style_default switch_click accordion has_scrolling\" style=\"--sections-title-size:inherit\"><div class=\"w-tabs-sections titles-align_none icon_chevron cpos_right\"><div class=\"w-tabs-section\" id=\"oeae\"><button class=\"w-tabs-section-header\" aria-controls=\"content-oeae\" aria-expanded=\"false\"><div class=\"w-tabs-section-title\">Woher bekommt man einen Leistenbruch?<\/div><div class=\"w-tabs-section-control\"><\/div><\/button><div  class=\"w-tabs-section-content\" id=\"content-oeae\"><div class=\"w-tabs-section-content-h i-cf\"><div class=\"wpb_text_column\"><div class=\"wpb_wrapper\"><p>Leistenbr\u00fcche k\u00f6nnen in verschiedenen Bereichen auftreten, auch in der Beckenregion.<br \/>\nDas Erkennen von Symptomen wie einer Bauchw\u00f6lbung, die keine Hernie ist, oder Schmerzen zwischen Bauchnabel und Leiste ist entscheidend.<br \/>\nDie Vertragsinstitute von Clinic Mono bieten Einblicke in kleinere Hernien, reduzierbare Hernien und die Risiken, wenn Leistenbr\u00fcche unbehandelt bleiben.<\/p>\n<\/div><\/div><\/div><\/div><\/div><div class=\"w-tabs-section\" id=\"o0e5\"><button class=\"w-tabs-section-header\" aria-controls=\"content-o0e5\" aria-expanded=\"false\"><div class=\"w-tabs-section-title\">Wie entsteht ein Leistenbruch?<\/div><div class=\"w-tabs-section-control\"><\/div><\/button><div  class=\"w-tabs-section-content\" id=\"content-o0e5\"><div class=\"w-tabs-section-content-h i-cf\"><div class=\"wpb_text_column\"><div class=\"wpb_wrapper\"><p>Das Erkennen der Symptome eines Leistenbruchs, einer Darmausbuchtung oder der Gr\u00fcnde, warum Ihr Bauchnabel herausragen k\u00f6nnte, liefert wichtige Erkenntnisse.<br \/>\nClinic Mono ist Ihr Leitfaden, um zu verstehen, wie schlimm ein Leistenbruch sein kann und wie wichtig ein rechtzeitiges Eingreifen ist, um zu verhindern, dass eine Entz\u00fcndung oder ein Leistenbruch gr\u00f6\u00dfer wird.<\/p>\n<\/div><\/div><\/div><\/div><\/div><div class=\"w-tabs-section\" id=\"k2e5\"><button class=\"w-tabs-section-header\" aria-controls=\"content-k2e5\" aria-expanded=\"false\"><div class=\"w-tabs-section-title\">Wo befinden sich die Hernien normalerweise?<\/div><div class=\"w-tabs-section-control\"><\/div><\/button><div  class=\"w-tabs-section-content\" id=\"content-k2e5\"><div class=\"w-tabs-section-content-h i-cf\"><div class=\"wpb_text_column\"><div class=\"wpb_wrapper\"><p><span style=\"font-weight: 400;\">Hernien k\u00f6nnen an verschiedenen Stellen auftreten und verursachen h\u00e4ufig Schmerzen zwischen Bauchnabel und Leiste.<\/span><\/p>\n<\/div><\/div><\/div><\/div><\/div><\/div><\/div><\/div><\/div><\/div><\/div><\/div><\/section>\n","protected":false},"excerpt":{"rendered":"Leistenbr\u00fcche und Nabelbr\u00fcche Klinik MonoSeiten\u00dcberblick \u00fcber das VerfahrenVerfahrenOperation DauerKrankenhausaufenthaltAn\u00e4sthesieErhalten Sie eine kostenlose BeratungBitte aktiviere JavaScript in deinem Browser, um dieses Formular fertigzustellen.Bitte aktiviere JavaScript in deinem Browser, um dieses Formular fertigzustellen.Name *Telefon *Erhalten Sie eine kostenlose Beratung Verfahren | Kosten | Klinik | Erholung | Bewertungen | Chirurgen | FAQ&#8217;s Gepr\u00fcft und genehmigt von Leistenbr\u00fcche...","protected":false},"author":1,"featured_media":122634,"parent":37279,"menu_order":0,"comment_status":"closed","ping_status":"closed","template":"","meta":{"_mi_skip_tracking":false,"_monsterinsights_sitenote_active":false,"_monsterinsights_sitenote_note":"","_monsterinsights_sitenote_category":0,"_uf_show_specific_survey":0,"_uf_disable_surveys":false,"footnotes":""},"procedure":[321],"class_list":["post-40909","page","type-page","status-publish","has-post-thumbnail","hentry","procedure-general-surgery"],"_links":{"self":[{"href":"https:\/\/clinicmono.com\/de\/wp-json\/wp\/v2\/pages\/40909","targetHints":{"allow":["GET"]}}],"collection":[{"href":"https:\/\/clinicmono.com\/de\/wp-json\/wp\/v2\/pages"}],"about":[{"href":"https:\/\/clinicmono.com\/de\/wp-json\/wp\/v2\/types\/page"}],"author":[{"embeddable":true,"href":"https:\/\/clinicmono.com\/de\/wp-json\/wp\/v2\/users\/1"}],"replies":[{"embeddable":true,"href":"https:\/\/clinicmono.com\/de\/wp-json\/wp\/v2\/comments?post=40909"}],"version-history":[{"count":0,"href":"https:\/\/clinicmono.com\/de\/wp-json\/wp\/v2\/pages\/40909\/revisions"}],"up":[{"embeddable":true,"href":"https:\/\/clinicmono.com\/de\/wp-json\/wp\/v2\/pages\/37279"}],"wp:featuredmedia":[{"embeddable":true,"href":"https:\/\/clinicmono.com\/de\/wp-json\/wp\/v2\/media\/122634"}],"wp:attachment":[{"href":"https:\/\/clinicmono.com\/de\/wp-json\/wp\/v2\/media?parent=40909"}],"wp:term":[{"taxonomy":"procedure","embeddable":true,"href":"https:\/\/clinicmono.com\/de\/wp-json\/wp\/v2\/procedure?post=40909"}],"curies":[{"name":"wp","href":"https:\/\/api.w.org\/{rel}","templated":true}]}}