{"id":40895,"date":"2024-01-21T14:29:18","date_gmt":"2024-01-21T14:29:18","guid":{"rendered":"https:\/\/clinicmono.com\/allgemeine-chirurgie\/bauch-wand-bruch\/"},"modified":"2024-07-26T06:23:25","modified_gmt":"2024-07-26T06:23:25","slug":"abdominal-wall-hernia","status":"publish","type":"page","link":"https:\/\/clinicmono.com\/de\/general-surgery\/abdominal-wall-hernia\/","title":{"rendered":"Bauchwandhernie"},"content":{"rendered":"<section class=\"l-section wpb_row height_custom with_img\"><div class=\"l-section-img\" role=\"img\" aria-label=\"Bild\" data-img-width=\"1280\" data-img-height=\"720\" style=\"background-image: url(https:\/\/clinicmono.com\/wp-content\/uploads\/2024\/03\/abdominal-wall-hernia.jpg);background-repeat: no-repeat;\"><\/div><div class=\"l-section-overlay\" style=\"background:rgba(0,0,0,0.47)\"><\/div><div class=\"l-section-h i-cf\"><div class=\"g-cols vc_row via_flex valign_top type_default stacking_default\"><div class=\"vc_col-sm-12 wpb_column vc_column_container\"><div class=\"vc_column-inner\"><div class=\"wpb_wrapper\"><div class=\"wpb_text_column us_custom_8b3d6790 has_text_color\"><div class=\"wpb_wrapper\"><h1 style=\"text-align: center;\">Bauchwandhernie<\/h1>\n<\/div><\/div><div class=\"w-separator size_small\"><\/div><nav class=\"g-breadcrumbs us_custom_8b3d6790 has_text_color separator_icon align_center\" itemscope itemtype=\"http:\/\/schema.org\/BreadcrumbList\"><div class=\"g-breadcrumbs-item\" itemscope itemprop=\"itemListElement\" itemtype=\"http:\/\/schema.org\/ListItem\"><a itemprop=\"item\" href=\"https:\/\/clinicmono.com\/de\/\"><span itemprop=\"name\">Klinik Mono<\/span><\/a><meta itemprop=\"position\" content=\"1\"\/><\/div><div class=\"g-breadcrumbs-separator\"><i class=\"far fa-angle-double-right\"><\/i><\/div><div class=\"g-breadcrumbs-item\">Seiten<\/div><\/nav><div class=\"w-separator size_small\"><\/div><\/div><\/div><\/div><\/div><\/div><\/section><section class=\"l-section wpb_row height_small\"><div class=\"l-section-h i-cf\"><div class=\"g-cols vc_row via_flex valign_top type_default stacking_default\"><div class=\"vc_col-sm-8 wpb_column vc_column_container\"><div class=\"vc_column-inner\"><div class=\"wpb_wrapper\"><div class=\"g-cols wpb_row us_custom_561b7e5e via_flex valign_top type_default stacking_default\"><div class=\"vc_col-sm-12 wpb_column vc_column_container\"><div class=\"vc_column-inner\"><div class=\"wpb_wrapper\"><h3 class=\"w-text\"><span class=\"w-text-h\"><span class=\"w-text-value\">\u00dcberblick \u00fcber das Verfahren<\/span><\/span><\/h3><div class=\"w-separator size_small\"><\/div><div class=\"w-iconbox iconpos_left style_default color_primary align_left no_text\"><div class=\"w-iconbox-icon\" style=\"font-size:1.4rem;\"><i class=\"fas fa-procedures\"><\/i><\/div><div class=\"w-iconbox-meta\"><h4 class=\"w-iconbox-title\">Verfahren<\/h4><\/div><\/div><div class=\"w-separator size_small\"><\/div><div class=\"w-iconbox iconpos_left style_default color_primary align_left no_text\"><div class=\"w-iconbox-icon\" style=\"font-size:1rem;\"><i class=\"fas fa-clock\"><\/i><\/div><div class=\"w-iconbox-meta\"><h4 class=\"w-iconbox-title\">Operation Dauer<\/h4><\/div><\/div><div class=\"w-separator size_small\"><\/div><div class=\"w-iconbox iconpos_left style_default color_primary align_left no_text\"><div class=\"w-iconbox-icon\" style=\"font-size:1rem;\"><i class=\"fas fa-hospital\"><\/i><\/div><div class=\"w-iconbox-meta\"><h4 class=\"w-iconbox-title\">Krankenhausaufenthalt<\/h4><\/div><\/div><div class=\"w-separator size_small\"><\/div><div class=\"w-iconbox iconpos_left style_default color_primary align_left no_text\"><div class=\"w-iconbox-icon\" style=\"font-size:1rem;\"><i class=\"fas fa-syringe\"><\/i><\/div><div class=\"w-iconbox-meta\"><h4 class=\"w-iconbox-title\">An\u00e4sthesie<\/h4><\/div><\/div><\/div><\/div><\/div><\/div><\/div><\/div><\/div><div class=\"vc_col-sm-4 wpb_column vc_column_container\"><div class=\"vc_column-inner\"><div class=\"wpb_wrapper\"><div class=\"g-cols wpb_row us_custom_c5a47681 via_flex valign_top type_default stacking_default\"><div class=\"vc_col-sm-12 wpb_column vc_column_container\"><div class=\"vc_column-inner\"><div class=\"wpb_wrapper\"><h3 class=\"w-text\"><span class=\"w-text-h\"><span class=\"w-text-value\">Erhalten Sie eine kostenlose Beratung<\/span><\/span><\/h3><div class=\"w-separator size_small\"><\/div><div class=\"wpforms-container wpforms-render-modern\" id=\"wpforms-22672\"><form id=\"wpforms-form-22672\" class=\"wpforms-validate wpforms-form wpforms-ajax-form\" data-formid=\"22672\" method=\"post\" enctype=\"multipart\/form-data\" action=\"\/de\/wp-json\/wp\/v2\/pages\/40895\" data-token=\"cede3c158cb55572c0a525ac7fb6a83f\" data-token-time=\"1777539082\"><noscript class=\"wpforms-error-noscript\">Bitte aktiviere JavaScript in deinem Browser, um dieses Formular fertigzustellen.<\/noscript><div id=\"wpforms-error-noscript\" style=\"display: none;\">Bitte aktiviere JavaScript in deinem Browser, um dieses Formular fertigzustellen.<\/div><div class=\"wpforms-field-container\"><div id=\"wpforms-22672-field_0-container\" class=\"wpforms-field wpforms-field-name\" data-field-id=\"0\"><label class=\"wpforms-field-label wpforms-label-hide\" for=\"wpforms-22672-field_0\" aria-hidden=\"false\">Name <span class=\"wpforms-required-label\" aria-hidden=\"true\">*<\/span><\/label><input type=\"text\" id=\"wpforms-22672-field_0\" class=\"wpforms-field-large wpforms-field-required\" name=\"wpforms[fields][0]\" placeholder=\"Name und Nachname\" aria-errormessage=\"wpforms-22672-field_0-error\" required><\/div><div id=\"wpforms-22672-field_5-container\" class=\"wpforms-field wpforms-field-phone\" data-field-id=\"5\"><label class=\"wpforms-field-label wpforms-label-hide\" for=\"wpforms-22672-field_5\" aria-hidden=\"false\">Telefon <span class=\"wpforms-required-label\" aria-hidden=\"true\">*<\/span><\/label><input type=\"tel\" id=\"wpforms-22672-field_5\" class=\"wpforms-field-large wpforms-field-required wpforms-smart-phone-field\" data-rule-smart-phone-field=\"true\" name=\"wpforms[fields][5]\" aria-label=\"Telefon\" aria-errormessage=\"wpforms-22672-field_5-error\" required><\/div><div id=\"wpforms-22672-field_12-container\" class=\"wpforms-field wpforms-field-hidden\" data-field-id=\"12\"><input type=\"hidden\" id=\"wpforms-22672-field_12\" name=\"wpforms[fields][12]\"><\/div>\t\t<div id=\"wpforms-22672-field_1-container\"\n\t\t\tclass=\"wpforms-field wpforms-field-text\"\n\t\t\tdata-field-type=\"text\"\n\t\t\tdata-field-id=\"1\"\n\t\t\t>\n\t\t\t<label class=\"wpforms-field-label\" for=\"wpforms-22672-field_1\" >Seite Telefon Einzelheiten<\/label>\n\t\t\t<input type=\"text\" id=\"wpforms-22672-field_1\" class=\"wpforms-field-medium\" name=\"wpforms[fields][1]\" >\n\t\t<\/div>\n\t\t<div id=\"wpforms-22672-field_10-container\" class=\"wpforms-field wpforms-field-hidden\" data-field-id=\"10\"><input type=\"hidden\" id=\"wpforms-22672-field_10\" name=\"wpforms[fields][10]\" value=\"https:\/\/clinicmono.com\/de\/wp-json\/wp\/v2\/pages\/40895 \"><\/div><div id=\"wpforms-22672-field_15-container\" class=\"wpforms-field wpforms-field-hidden\" data-field-id=\"15\"><input type=\"hidden\" id=\"wpforms-22672-field_15\" name=\"wpforms[fields][15]\" value=\" 216.73.216.143 Columbus, Ohio, US\r\n39.9587, -82.9987 \"><\/div><script>\n\t\t\t\t( function() {\n\t\t\t\t\tconst style = document.createElement( 'style' );\n\t\t\t\t\tstyle.appendChild( document.createTextNode( '#wpforms-22672-field_1-container { position: absolute !important; overflow: hidden !important; display: inline !important; height: 1px !important; width: 1px !important; z-index: -1000 !important; padding: 0 !important; } #wpforms-22672-field_1-container input { visibility: hidden; } #wpforms-conversational-form-page #wpforms-22672-field_1-container label { counter-increment: none; }' ) );\n\t\t\t\t\tdocument.head.appendChild( style );\n\t\t\t\t\tdocument.currentScript?.remove();\n\t\t\t\t} )();\n\t\t\t<\/script><\/div><!-- .wpforms-field-container --><div class=\"wpforms-recaptcha-container wpforms-is-recaptcha wpforms-is-recaptcha-type-v3\" ><input type=\"hidden\" name=\"wpforms[recaptcha]\" value=\"\"><\/div><div class=\"wpforms-submit-container\" ><input type=\"hidden\" name=\"wpforms[id]\" value=\"22672\"><input type=\"hidden\" name=\"page_title\" value=\"\"><input type=\"hidden\" name=\"page_url\" value=\"https:\/\/clinicmono.com\/de\/wp-json\/wp\/v2\/pages\/40895\"><input type=\"hidden\" name=\"url_referer\" value=\"\"><button type=\"submit\" name=\"wpforms[submit]\" id=\"wpforms-submit-22672\" class=\"wpforms-submit\" data-alt-text=\"Ich schicke...\" data-submit-text=\"Erhalten Sie eine kostenlose Beratung\" aria-live=\"assertive\" value=\"wpforms-submit\">Erhalten Sie eine kostenlose Beratung<\/button><img decoding=\"async\" src=\"https:\/\/clinicmono.com\/wp-content\/plugins\/wpforms\/assets\/images\/submit-spin.svg\" class=\"wpforms-submit-spinner\" style=\"display: none;\" width=\"26\" height=\"26\" alt=\"Wird geladen\"><\/div><\/form><\/div>  <!-- .wpforms-container --><\/div><\/div><\/div><\/div><\/div><\/div><\/div><\/div><\/div><\/section><section class=\"l-section wpb_row us_custom_f92a3d92 height_custom\"><div class=\"l-section-h i-cf\"><div class=\"g-cols vc_row via_flex valign_top type_default stacking_default\"><div class=\"vc_col-sm-12 wpb_column vc_column_container\"><div class=\"vc_column-inner\"><div class=\"wpb_wrapper\"><div class=\"g-cols wpb_row us_custom_1b04de86 via_flex valign_top type_default stacking_default\"><div class=\"vc_col-sm-8 wpb_column vc_column_container\"><div class=\"vc_column-inner\"><div class=\"wpb_wrapper\"><div class=\"w-hwrapper valign_top wrap align_left\"><div class=\"wpb_text_column\"><div class=\"wpb_wrapper\"><h4><a href=\"#procedures\">Verfahren<\/a><\/h4>\n<\/div><\/div><div class=\"wpb_text_column\"><div class=\"wpb_wrapper\"><h4>|<\/h4>\n<\/div><\/div><div class=\"wpb_text_column\"><div class=\"wpb_wrapper\"><h4><a href=\"#cost\">Kosten<\/a><\/h4>\n<\/div><\/div><div class=\"wpb_text_column\"><div class=\"wpb_wrapper\"><h4>|<\/h4>\n<\/div><\/div><div class=\"wpb_text_column\"><div class=\"wpb_wrapper\"><h4><a href=\"#clinic\">Klinik<\/a><\/h4>\n<\/div><\/div><div class=\"wpb_text_column\"><div class=\"wpb_wrapper\"><h4>|<\/h4>\n<\/div><\/div><div class=\"wpb_text_column\"><div class=\"wpb_wrapper\"><h4><a href=\"#recovery\">Erholung<\/a><\/h4>\n<\/div><\/div><div class=\"wpb_text_column\"><div class=\"wpb_wrapper\"><h4>|<\/h4>\n<\/div><\/div><div class=\"wpb_text_column\"><div class=\"wpb_wrapper\"><h4><a href=\"#reviews\">Bewertungen<\/a><\/h4>\n<\/div><\/div><div class=\"wpb_text_column\"><div class=\"wpb_wrapper\"><h4>|<\/h4>\n<\/div><\/div><div class=\"wpb_text_column\"><div class=\"wpb_wrapper\"><h4><a href=\"#surgeons\">Chirurgen<\/a><\/h4>\n<\/div><\/div><div class=\"wpb_text_column\"><div class=\"wpb_wrapper\"><h4>|<\/h4>\n<\/div><\/div><div class=\"wpb_text_column\"><div class=\"wpb_wrapper\"><h4><a href=\"#faqs\">FAQ&#8217;s<\/a><\/h4>\n<\/div><\/div><\/div><\/div><\/div><\/div><div class=\"vc_col-sm-4 wpb_column vc_column_container\"><div class=\"vc_column-inner\"><div class=\"wpb_wrapper\"><div class=\"wpb_text_column\"><div class=\"wpb_wrapper\"><h5 style=\"text-align: center;\"><strong>Gepr\u00fcft und genehmigt von<\/strong><\/h5>\n<\/div><\/div><div class=\"w-separator hide_on_default hide_on_laptops size_medium\"><\/div><\/div><\/div><\/div><\/div><div class=\"w-separator size_small\"><\/div><div class=\"g-cols wpb_row via_flex valign_top type_default stacking_default\" id=\"procedures\"><div class=\"vc_col-sm-12 wpb_column vc_column_container\"><div class=\"vc_column-inner\"><div class=\"wpb_wrapper\"><div class=\"wpb_text_column\"><div class=\"wpb_wrapper\"><h1><b>Bauchwandhernie<\/b><\/h1>\n<p>  Bauchwandhernien entstehen, wenn ein Organ oder Gewebe durch eine Schwachstelle in der Bauchmuskulatur gequetscht wird, was zu einer sp\u00fcrbaren Beule oder Ausbuchtung f\u00fchrt. Zu den Symptomen von Oberbauchhernien geh\u00f6ren Unbehagen, Schmerzen und eine sichtbare Vorw\u00f6lbung in der Magengegend. W\u00e4hrend sich Bauchhernien typischerweise durch eine Beule bemerkbar machen, k\u00f6nnen bei manchen Menschen auch Symptome ohne eine sp\u00fcrbare Ausbuchtung auftreten. Es gibt verschiedene Arten von Magenbr\u00fcchen, darunter Leistenbr\u00fcche, Nabelbr\u00fcche und Narbenbr\u00fcche. Die Empfindung einer Magenhernie ist unterschiedlich und reicht von leichtem Unbehagen bis zu starken Schmerzen. Es ist m\u00f6glich, Hernien ohne Knoten zu erkennen, da Symptome wie Verdauungsprobleme, Schmerzen oder ein ziehendes Gef\u00fchl auf ihr Vorhandensein hinweisen k\u00f6nnen. Es ist wichtig, die Schmerzen einer Bauchhernie zu verstehen. Das Erkennen von Anzeichen wie einer sichtbaren Ausbuchtung oder Druckempfindlichkeit hilft bei der Fr\u00fcherkennung. Die Ursachen f\u00fcr Bauchhernien sind vielf\u00e4ltig und liegen oft in einer Kombination aus Muskelschw\u00e4che und -belastung. Das Erkennen der verschiedenen Symptome und Arten von Bauchhernien ist entscheidend f\u00fcr ein fr\u00fchzeitiges Eingreifen. Die Kenntnis von Hernien gew\u00e4hrleistet eine rechtzeitige medizinische Behandlung, die Komplikationen verringert und das allgemeine Wohlbefinden steigert, sei es \u00fcber dem Bauchnabel oder im Magen. Die Operation von Bauchbr\u00fcchen befasst sich mit dem Hervortreten von Organen durch geschw\u00e4chte Muskeln, wobei die Verfahren je nach Art und Schwere des Bruchs variieren. Eine rasche \u00e4rztliche Beratung gew\u00e4hrleistet eine angemessene Behandlung, sei es durch einen chirurgischen Eingriff oder durch alternative Methoden, und f\u00f6rdert eine schnellere Genesung und eine bessere Lebensqualit\u00e4t. Bei der Operation von Bauchbr\u00fcchen geht es um die Vorw\u00f6lbung von Organen durch geschw\u00e4chte Muskeln. Die Verfahren variieren je nach Art und Schwere der Hernie und reichen von laparoskopischen Eingriffen bis hin zu herk\u00f6mmlichen offenen Operationen. Das Erkennen von Symptomen, wie z. B. Schmerzen im Magen oder rechten Oberbauch, f\u00fchrt zu rechtzeitiger \u00e4rztlicher Hilfe. Die verschiedenen Symptome und Arten von Bauchhernien oder Magenbr\u00fcchen sind entscheidend f\u00fcr die Notwendigkeit eines chirurgischen Eingriffs. Eine rasche \u00e4rztliche Beratung gew\u00e4hrleistet eine angemessene Behandlung, sei es durch einen chirurgischen Eingriff oder durch alternative Methoden, und f\u00f6rdert eine schnellere Genesung und eine bessere Lebensqualit\u00e4t. Dar\u00fcber hinaus k\u00f6nnen mehrere Hernien auftreten, und die Identifizierung ihrer spezifischen Arten hilft bei der Erstellung effektiver Behandlungspl\u00e4ne.<\/p>\n<\/div><\/div><\/div><\/div><\/div><\/div><div class=\"w-separator size_small\"><\/div><div class=\"g-cols wpb_row via_flex valign_top type_default stacking_default\" id=\"clinic\"><div class=\"vc_col-sm-12 wpb_column vc_column_container\"><div class=\"vc_column-inner\"><div class=\"wpb_wrapper\"><div class=\"wpb_text_column\"><div class=\"wpb_wrapper\"><h2><b>Operation von Bauchwandbr\u00fcchen durch die Klinik Mono <\/b><\/h2>\n<p> Clinic Mono ist eine Tourismusagentur, die \u00fcber eine Zulassung f\u00fcr den Gesundheitstourismus verf\u00fcgt und Vermittlungsdienste anbietet. Sie bietet L\u00f6sungen f\u00fcr alle Bed\u00fcrfnisse und Anforderungen der Patienten wie Unterbringung, Operation, Transfer, mit langj\u00e4hriger Erfahrung, in vertraglich gebundenen Gesundheitseinrichtungen. Au\u00dferdem fungiert Clinic Mono als Vermittler, um Sie mit den Vertragschirurgen zusammenzubringen.<br \/>\nWenn Sie mit Bauchwandbr\u00fcchen zu k\u00e4mpfen haben, ist Clinic Mono als Medizintourismus-Agentur die erste Wahl f\u00fcr eine umfassende und pers\u00f6nliche Betreuung.<br \/>\nGanz gleich, ob es sich um eine kleine Hernie, eine gro\u00dfe Hernie oder eine Bauchwandhernie handelt, das medizinische Vertragsteam von Mono bietet Ihnen eine erstklassige Behandlung, die auf Ihre individuellen Bed\u00fcrfnisse zugeschnitten ist.<br \/>\nDie Klinik Mono arbeitet mit Gesundheitseinrichtungen zusammen, die das Wohl der Patienten in den Mittelpunkt stellen und modernste Techniken f\u00fcr Hernienoperationen anwenden.<br \/>\nDie mit Mono zusammenarbeitenden Fachleute sind versiert in der Behandlung verschiedener Arten von Hernien, einschlie\u00dflich solcher im Oberbauch oder in der Bauchdecke.<br \/>\nDas Fachwissen der von Mono beauftragten Einrichtungen erstreckt sich auch auf die pr\u00e4zise Behandlung von Symptomen wie Schmerzen bei Magen- und Darmhernien.<br \/>\nEine Besonderheit, die die Clinic Mono auszeichnet, ist die Konzentration auf minimalinvasive Verfahren.<br \/>\nVon epigastrischen Herniensymptomen bis hin zu vorderen Bauchwandhernien setzen die Vertragschirurgen von Mono fortschrittliche laparoskopische Techniken ein, die eine schnellere Genesung und geringere postoperative Beschwerden erm\u00f6glichen.<br \/>\nWenn Sie sich f\u00fcr die Klinik Mono als Vermittler entscheiden, entscheiden Sie sich f\u00fcr ein Zentrum, das die Bedeutung einer individuellen Betreuung versteht.<br \/>\nDas Engagement von Mono f\u00fcr herausragende Leistungen erstreckt sich auch auf die Behandlung von gro\u00dfen Bauchhernien und Oberbauchhernien und stellt sicher, dass Sie den h\u00f6chsten Standard an Versorgung erhalten.<\/p>\n<\/div><\/div><\/div><\/div><\/div><\/div><div class=\"w-separator size_small\"><\/div><div class=\"g-cols wpb_row via_flex valign_top type_default stacking_default\" id=\"surgeons\"><div class=\"vc_col-sm-12 wpb_column vc_column_container\"><div class=\"vc_column-inner\"><div class=\"wpb_wrapper\"><div class=\"wpb_text_column\"><div class=\"wpb_wrapper\"><h2><b>Die besten Chirurgen f\u00fcr Bauchwandhernien in der T\u00fcrkei<\/b><\/h2>\n<p>  Erfahrene Chirurgen sind bei der Diagnose und Behandlung von Leistenbr\u00fcchen von zentraler Bedeutung, um eine individuelle Betreuung und optimale Ergebnisse f\u00fcr die Patienten zu gew\u00e4hrleisten.<br \/>\nSie k\u00f6nnen Clinic Mono vertrauen, wenn es um erstklassige chirurgische Expertise bei der Behandlung von Hernien geht.<br \/>\nDas Vertragsteam von Clinic Mono ist auf Leistenbr\u00fcche, Unterleibsbr\u00fcche und verschiedene Hernien spezialisiert.<br \/>\nDie Vertragschirurgen von Mono zeichnen sich durch die Behandlung von zentralen Hernien aus und behandeln Probleme wie Hernien, Bauchschmerzen und Symptome mit Pr\u00e4zision.<br \/>\nKlicken Sie auf die Profilkarten unten, um mehr \u00fcber die versierten \u00c4rzte zu erfahren, die in der Bauchhernienchirurgie f\u00fchrend sind.<\/p>\n<\/div><\/div><\/div><\/div><\/div><\/div><div class=\"w-separator size_small\"><\/div><div class=\"g-cols wpb_row via_flex valign_top type_default stacking_default\" id=\"cost\"><div class=\"vc_col-sm-12 wpb_column vc_column_container\"><div class=\"vc_column-inner\"><div class=\"wpb_wrapper\"><div class=\"wpb_text_column\"><div class=\"wpb_wrapper\"><h2><b>Bauchwandhernie Preise in der T\u00fcrkei<\/b><\/h2>\n<p><span style=\"font-weight: 400;\">Als erste Adresse f\u00fcr die Operation von Bauchwandbr\u00fcchen bietet die T\u00fcrkei sehr vorteilhafte Preise f\u00fcr diesen umfangreichen medizinischen Eingriff.<br \/>\nDie Klinik Mono in der T\u00fcrkei bietet kosteng\u00fcnstige L\u00f6sungen mit au\u00dfergew\u00f6hnlicher Expertise.  Clinic Mono bietet transparente und wettbewerbsf\u00e4hige Preise. Als einer der f\u00fchrenden Vermittler f\u00fcr die beste Hernienbehandlung in der T\u00fcrkei gew\u00e4hrleistet Clinic Mono eine qualitativ hochwertige Versorgung, ohne Ihr Budget zu belasten.<br \/>\nSie k\u00f6nnen sich \u00fcber die Erschwinglichkeit von Hernienbehandlungen und die beste Hernienklinik informieren, indem Sie die umfassenden Dienstleistungen erkunden, die Clinic Mono vermittelt. <\/span><\/p>\n<\/div><\/div><\/div><\/div><\/div><\/div><div class=\"w-separator size_small\"><\/div><div class=\"g-cols wpb_row via_flex valign_top type_default stacking_default\"><div class=\"vc_col-sm-12 wpb_column vc_column_container\"><div class=\"vc_column-inner\"><div class=\"wpb_wrapper\"><div class=\"w-html\"><table class=\"customTable\">\n  <thead>\n    <tr>\n      <th>Art des Verfahrens<\/th><th>Mono<\/th><th>Kosten UK<\/th><th>Kosten EU<\/th><th>Kosten US<\/th>\n    <\/tr>\n  <\/thead>\n  <tbody>\n    <tr>\n      <td>Bauchwand-Hernie <\/td><td>\u00a32950 - \u00a33350<\/td><td>\u00a33,500 - \u00a34,000<\/td><td>\u20ac4,500 - \u20ac5,500<\/td><td>$4,500 - $6,000<\/td>\n    <\/tr>\n  <\/tbody>\n<\/table><\/div><\/div><\/div><\/div><\/div><div class=\"w-separator size_small\"><\/div><div class=\"g-cols wpb_row via_flex valign_top type_default stacking_default\" id=\"reviews\"><div class=\"vc_col-sm-12 wpb_column vc_column_container\"><div class=\"vc_column-inner\"><div class=\"wpb_wrapper\"><div class=\"wpb_text_column\"><div class=\"wpb_wrapper\"><h2><b>Bauchwandhernie Chirurgie T\u00fcrkei Bewertungen<\/b><\/h2>\n<p> Wenn Sie einen solchen Eingriff in einem fremden Land wie der T\u00fcrkei in Erw\u00e4gung ziehen, ist es sehr wichtig, eine seri\u00f6se Einrichtung mit einem Zertifikat f\u00fcr Gesundheitstourismus zu w\u00e4hlen und die \u00c4rzte auszuw\u00e4hlen. <span style=\"font-weight: 400;\">Bei der Hernienchirurgie legt die Klinik Mono gr\u00f6\u00dften Wert auf den Komfort und die Sicherheit der Patienten.<br \/>\nDie Erfolgsbilanz von Mono bei der erfolgreichen Behandlung von Hernien in der Bauchdecke, im Unterbauch und dar\u00fcber hinaus unterstreicht ihr Engagement f\u00fcr eine au\u00dfergew\u00f6hnliche Gesundheitsversorgung.   <\/span><span style=\"font-weight: 400;\">Anhand von aufschlussreichen Bewertungen k\u00f6nnen Patienten die Erfahrungen von Personen entdecken, die sich bei Clinic Mono einer Behandlung von abdominalen Hernien unterzogen haben.<br \/>\nClinic Mono hat sich zu Transparenz und Patientenzufriedenheit verpflichtet. Daher sind diese Bewertungen f\u00fcr alle, die vertrauensw\u00fcrdige Informationen \u00fcber abdominale Hernienbehandlungen in der T\u00fcrkei suchen, unerl\u00e4sslich. <\/span><\/p>\n<\/div><\/div><\/div><\/div><\/div><\/div><div class=\"w-separator size_small\"><\/div><div class=\"g-cols wpb_row via_flex valign_top type_default stacking_default\" id=\"faqs\"><div class=\"vc_col-sm-12 wpb_column vc_column_container\"><div class=\"vc_column-inner\"><div class=\"wpb_wrapper\"><div class=\"wpb_text_column\"><div class=\"wpb_wrapper\"><h2><b>Bauchwandhernie H\u00e4ufig gestellte Fragen<\/b><\/h2>\n<\/div><\/div><\/div><\/div><\/div><\/div><div class=\"w-separator size_small\"><\/div><div class=\"w-tabs style_default switch_click accordion has_scrolling\" style=\"--sections-title-size:inherit\"><div class=\"w-tabs-sections titles-align_none icon_chevron cpos_right\"><div class=\"w-tabs-section\" id=\"n4f4\"><button class=\"w-tabs-section-header\" aria-controls=\"content-n4f4\" aria-expanded=\"false\"><div class=\"w-tabs-section-title\">Was sind die Symptome einer Oberbauchhernie?<\/div><div class=\"w-tabs-section-control\"><\/div><\/button><div  class=\"w-tabs-section-content\" id=\"content-n4f4\"><div class=\"w-tabs-section-content-h i-cf\"><div class=\"wpb_text_column\"><div class=\"wpb_wrapper\"><p>Oberbauchhernien \u00e4u\u00dfern sich durch verschiedene Symptome, die wichtige Hinweise f\u00fcr eine fr\u00fchzeitige Erkennung und Intervention bieten.<br \/>\nPersonen, die Symptome einer abdominalen Hernie feststellen, wie z.B. eine Beule \u00fcber dem Bauchnabel oder ein Unbehagen im rechten Oberbauch, sollten umgehend einen Arzt aufsuchen.<\/p>\n<\/div><\/div><\/div><\/div><\/div><div class=\"w-tabs-section\" id=\"l722\"><button class=\"w-tabs-section-header\" aria-controls=\"content-l722\" aria-expanded=\"false\"><div class=\"w-tabs-section-title\">Wie sieht ein Leistenbruch bei einer Frau aus?<\/div><div class=\"w-tabs-section-control\"><\/div><\/button><div  class=\"w-tabs-section-content\" id=\"content-l722\"><div class=\"w-tabs-section-content-h i-cf\"><div class=\"wpb_text_column\"><div class=\"wpb_wrapper\"><p><span style=\"font-weight: 400;\">Um einen Leistenbruch bei Frauen zu erkennen, m\u00fcssen Sie die spezifischen Symptome der weiblichen Anatomie kennen.<br \/>\nZu den Symptomen eines Leistenbruchs bei Frauen kann eine sp\u00fcrbare Beule \u00fcber dem Bauchnabel geh\u00f6ren, die oft schmerzlos ist oder nur geringe Beschwerden verursacht. <\/span><\/p>\n<\/div><\/div><\/div><\/div><\/div><div class=\"w-tabs-section\" id=\"g913\"><button class=\"w-tabs-section-header\" aria-controls=\"content-g913\" aria-expanded=\"false\"><div class=\"w-tabs-section-title\">Wie kommt es zu einem Bruch im Magen?<\/div><div class=\"w-tabs-section-control\"><\/div><\/button><div  class=\"w-tabs-section-content\" id=\"content-g913\"><div class=\"w-tabs-section-content-h i-cf\"><div class=\"wpb_text_column\"><div class=\"wpb_wrapper\"><p><span style=\"font-weight: 400;\">Hernien im Magen werden durch eine Schw\u00e4chung der Bauchdecke verursacht, die zu einer Vorw\u00f6lbung von Organen oder Gewebe f\u00fchrt.<\/span><\/p>\n<\/div><\/div><\/div><\/div><\/div><\/div><\/div><\/div><\/div><\/div><\/div><\/div><\/section>\n","protected":false},"excerpt":{"rendered":"Bauchwandhernie Klinik MonoSeiten\u00dcberblick \u00fcber das VerfahrenVerfahrenOperation DauerKrankenhausaufenthaltAn\u00e4sthesieErhalten Sie eine kostenlose BeratungBitte aktiviere JavaScript in deinem Browser, um dieses Formular fertigzustellen.Bitte aktiviere JavaScript in deinem Browser, um dieses Formular fertigzustellen.Name * Telefon der Name Telefon *Erhalten Sie eine kostenlose Beratung Verfahren | Kosten | Klinik | Erholung | Bewertungen | Chirurgen | FAQ&#8217;s Gepr\u00fcft und genehmigt...","protected":false},"author":1,"featured_media":122592,"parent":37279,"menu_order":0,"comment_status":"closed","ping_status":"closed","template":"","meta":{"_mi_skip_tracking":false,"_monsterinsights_sitenote_active":false,"_monsterinsights_sitenote_note":"","_monsterinsights_sitenote_category":0,"_uf_show_specific_survey":0,"_uf_disable_surveys":false,"footnotes":""},"procedure":[321],"class_list":["post-40895","page","type-page","status-publish","has-post-thumbnail","hentry","procedure-general-surgery"],"_links":{"self":[{"href":"https:\/\/clinicmono.com\/de\/wp-json\/wp\/v2\/pages\/40895","targetHints":{"allow":["GET"]}}],"collection":[{"href":"https:\/\/clinicmono.com\/de\/wp-json\/wp\/v2\/pages"}],"about":[{"href":"https:\/\/clinicmono.com\/de\/wp-json\/wp\/v2\/types\/page"}],"author":[{"embeddable":true,"href":"https:\/\/clinicmono.com\/de\/wp-json\/wp\/v2\/users\/1"}],"replies":[{"embeddable":true,"href":"https:\/\/clinicmono.com\/de\/wp-json\/wp\/v2\/comments?post=40895"}],"version-history":[{"count":0,"href":"https:\/\/clinicmono.com\/de\/wp-json\/wp\/v2\/pages\/40895\/revisions"}],"up":[{"embeddable":true,"href":"https:\/\/clinicmono.com\/de\/wp-json\/wp\/v2\/pages\/37279"}],"wp:featuredmedia":[{"embeddable":true,"href":"https:\/\/clinicmono.com\/de\/wp-json\/wp\/v2\/media\/122592"}],"wp:attachment":[{"href":"https:\/\/clinicmono.com\/de\/wp-json\/wp\/v2\/media?parent=40895"}],"wp:term":[{"taxonomy":"procedure","embeddable":true,"href":"https:\/\/clinicmono.com\/de\/wp-json\/wp\/v2\/procedure?post=40895"}],"curies":[{"name":"wp","href":"https:\/\/api.w.org\/{rel}","templated":true}]}}