{"id":37614,"date":"2023-10-03T15:31:41","date_gmt":"2023-10-03T15:31:41","guid":{"rendered":"https:\/\/clinicmono.com\/empfehlen-sie-ihren-freund\/"},"modified":"2024-02-26T02:02:28","modified_gmt":"2024-02-26T02:02:28","slug":"botschafter-programm","status":"publish","type":"page","link":"https:\/\/clinicmono.com\/de\/botschafter-programm\/","title":{"rendered":"Empfehlen Sie Ihren Freund"},"content":{"rendered":"<section class=\"l-section wpb_row height_custom with_img\"><div class=\"l-section-img\" role=\"img\" data-img-width=\"1920\" data-img-height=\"400\" style=\"background-image: url(https:\/\/clinicmono.com\/wp-content\/uploads\/2023\/05\/call1.jpg);background-repeat: no-repeat;background-size: auto;\"><\/div><div class=\"l-section-h i-cf\"><div class=\"g-cols vc_row via_flex valign_top type_default stacking_default\"><div class=\"vc_col-sm-12 wpb_column vc_column_container\"><div class=\"vc_column-inner\"><div class=\"wpb_wrapper\"><div class=\"wpb_text_column\"><div class=\"wpb_wrapper\"><h1 style=\"text-align: center;\">Empfehlen Sie Ihren Freund<\/h1>\n<\/div><\/div><nav class=\"g-breadcrumbs separator_icon align_center\" itemscope itemtype=\"http:\/\/schema.org\/BreadcrumbList\"><div class=\"g-breadcrumbs-item\" itemscope itemprop=\"itemListElement\" itemtype=\"http:\/\/schema.org\/ListItem\"><a itemprop=\"item\" href=\"https:\/\/clinicmono.com\/de\/\"><span itemprop=\"name\">Klinik Mono<\/span><\/a><meta itemprop=\"position\" content=\"1\"\/><\/div><div class=\"g-breadcrumbs-separator\"><i class=\"far fa-angle-double-right\"><\/i><\/div><div class=\"g-breadcrumbs-item\">Seiten<\/div><\/nav><\/div><\/div><\/div><\/div><\/div><\/section><section class=\"l-section wpb_row height_custom\"><div class=\"l-section-h i-cf\"><div class=\"g-cols vc_row via_flex valign_middle type_default stacking_default\"><div class=\"vc_col-sm-6 wpb_column vc_column_container\"><div class=\"vc_column-inner\"><div class=\"wpb_wrapper\"><div class=\"g-cols wpb_row via_flex valign_top type_default stacking_default\"><div class=\"vc_col-sm-12 wpb_column vc_column_container\"><div class=\"vc_column-inner\"><div class=\"wpb_wrapper\"><div class=\"wpb_text_column\"><div class=\"wpb_wrapper\"><h3>KEINE SCHICHTEN, KEINE T\u00c4GLICHEN AUFGABEN UND KEIN AUFWAND<\/h3>\n<\/div><\/div><div class=\"w-separator size_medium\"><\/div><div class=\"wpforms-container wpforms-render-modern\" id=\"wpforms-42154\"><form id=\"wpforms-form-42154\" class=\"wpforms-validate wpforms-form wpforms-ajax-form\" data-formid=\"42154\" method=\"post\" enctype=\"multipart\/form-data\" action=\"\/de\/wp-json\/wp\/v2\/pages\/37614\" data-token=\"f094fcaea7a04a3e8c48e07d6fee82c4\" data-token-time=\"1775609228\"><noscript class=\"wpforms-error-noscript\">Bitte aktiviere JavaScript in deinem Browser, um dieses Formular fertigzustellen.<\/noscript><div id=\"wpforms-error-noscript\" style=\"display: none;\">Bitte aktiviere JavaScript in deinem Browser, um dieses Formular fertigzustellen.<\/div><div class=\"wpforms-field-container\"><div id=\"wpforms-42154-field_2-container\" class=\"wpforms-field wpforms-field-text\" data-field-id=\"2\"><label class=\"wpforms-field-label wpforms-label-hide\" for=\"wpforms-42154-field_2\" aria-hidden=\"false\">Name and Lastname <span class=\"wpforms-required-label\" aria-hidden=\"true\">*<\/span><\/label><input type=\"text\" id=\"wpforms-42154-field_2\" class=\"wpforms-field-large wpforms-field-required\" name=\"wpforms[fields][2]\" placeholder=\"Name And Lastname\" aria-errormessage=\"wpforms-42154-field_2-error\" required><\/div>\t\t<div id=\"wpforms-42154-field_3-container\"\n\t\t\tclass=\"wpforms-field wpforms-field-text\"\n\t\t\tdata-field-type=\"text\"\n\t\t\tdata-field-id=\"3\"\n\t\t\t>\n\t\t\t<label class=\"wpforms-field-label\" for=\"wpforms-42154-field_3\" >and Email Title<\/label>\n\t\t\t<input type=\"text\" id=\"wpforms-42154-field_3\" class=\"wpforms-field-medium\" name=\"wpforms[fields][3]\" >\n\t\t<\/div>\n\t\t<div id=\"wpforms-42154-field_1-container\" class=\"wpforms-field wpforms-field-phone\" data-field-id=\"1\"><label class=\"wpforms-field-label wpforms-label-hide\" for=\"wpforms-42154-field_1\" aria-hidden=\"false\">Phone <span class=\"wpforms-required-label\" aria-hidden=\"true\">*<\/span><\/label><input type=\"tel\" id=\"wpforms-42154-field_1\" class=\"wpforms-field-large wpforms-field-required wpforms-smart-phone-field\" data-rule-smart-phone-field=\"true\" name=\"wpforms[fields][1]\" aria-label=\"Phone\" aria-errormessage=\"wpforms-42154-field_1-error\" required><\/div><div id=\"wpforms-42154-field_8-container\" class=\"wpforms-field wpforms-field-email\" data-field-id=\"8\"><label class=\"wpforms-field-label wpforms-label-hide\" for=\"wpforms-42154-field_8\" aria-hidden=\"false\">Email <span class=\"wpforms-required-label\" aria-hidden=\"true\">*<\/span><\/label><input type=\"email\" id=\"wpforms-42154-field_8\" class=\"wpforms-field-large wpforms-field-required\" name=\"wpforms[fields][8]\" placeholder=\"Email\" spellcheck=\"false\" aria-errormessage=\"wpforms-42154-field_8-error\" required><\/div><div id=\"wpforms-42154-field_9-container\" class=\"wpforms-field wpforms-field-hidden\" data-field-id=\"9\"><input type=\"hidden\" id=\"wpforms-42154-field_9\" name=\"wpforms[fields][9]\"><\/div><script>\n\t\t\t\t( function() {\n\t\t\t\t\tconst style = document.createElement( 'style' );\n\t\t\t\t\tstyle.appendChild( document.createTextNode( '#wpforms-42154-field_3-container { position: absolute !important; overflow: hidden !important; display: inline !important; height: 1px !important; width: 1px !important; z-index: -1000 !important; padding: 0 !important; } #wpforms-42154-field_3-container input { visibility: hidden; } #wpforms-conversational-form-page #wpforms-42154-field_3-container label { counter-increment: none; }' ) );\n\t\t\t\t\tdocument.head.appendChild( style );\n\t\t\t\t\tdocument.currentScript?.remove();\n\t\t\t\t} )();\n\t\t\t<\/script><\/div><!-- .wpforms-field-container --><div class=\"wpforms-recaptcha-container wpforms-is-recaptcha wpforms-is-recaptcha-type-v3\" ><input type=\"hidden\" name=\"wpforms[recaptcha]\" value=\"\"><\/div><div class=\"wpforms-submit-container\" ><input type=\"hidden\" name=\"wpforms[id]\" value=\"42154\"><input type=\"hidden\" name=\"page_title\" value=\"\"><input type=\"hidden\" name=\"page_url\" value=\"https:\/\/clinicmono.com\/de\/wp-json\/wp\/v2\/pages\/37614\"><input type=\"hidden\" name=\"url_referer\" value=\"\"><button type=\"submit\" name=\"wpforms[submit]\" id=\"wpforms-submit-42154\" class=\"wpforms-submit\" data-alt-text=\"Sending...\" data-submit-text=\"Join Program\" aria-live=\"assertive\" value=\"wpforms-submit\">Join Program<\/button><img loading=\"lazy\" decoding=\"async\" src=\"https:\/\/clinicmono.com\/wp-content\/plugins\/wpforms\/assets\/images\/submit-spin.svg\" class=\"wpforms-submit-spinner\" style=\"display: none;\" width=\"26\" height=\"26\" alt=\"Wird geladen\"><\/div><\/form><\/div>  <!-- .wpforms-container --><\/div><\/div><\/div><\/div><\/div><\/div><\/div><div class=\"vc_col-sm-6 wpb_column vc_column_container\"><div class=\"vc_column-inner\"><div class=\"wpb_wrapper\"><div class=\"g-cols wpb_row via_flex valign_middle type_boxes stacking_default\"><div class=\"vc_col-sm-12 wpb_column vc_column_container\"><div class=\"vc_column-inner\"><div class=\"wpb_wrapper\"><div class=\"wpb_text_column\"><div class=\"wpb_wrapper\"><p><iframe loading=\"lazy\" title=\"YouTube-Video-Player\" src=\"https:\/\/www.youtube.com\/embed\/gzr91GwNfIQ?si=WpqiOhdbqzVQ18FI\" width=\"560\" height=\"315\" frameborder=\"0\" allowfullscreen=\"allowfullscreen\"><\/iframe><\/p>\n<\/div><\/div><\/div><\/div><\/div><\/div><\/div><\/div><\/div><\/div><\/div><\/section><section class=\"l-section wpb_row height_small width_full color_primary\"><div class=\"l-section-h i-cf\"><div class=\"g-cols vc_row via_flex valign_middle type_default stacking_default\"><div class=\"vc_col-sm-1\/5 wpb_column vc_column_container\"><div class=\"vc_column-inner\"><div class=\"wpb_wrapper\"><\/div><\/div><\/div><div class=\"vc_col-sm-2\/5 wpb_column vc_column_container\"><div class=\"vc_column-inner\"><div class=\"wpb_wrapper\"><div class=\"wpb_text_column\"><div class=\"wpb_wrapper\"><h2 style=\"text-align: right;\">Wenn Sie ein Konto haben<\/h2>\n<\/div><\/div><\/div><\/div><\/div><div class=\"vc_col-sm-2\/5 wpb_column vc_column_container\"><div class=\"vc_column-inner\"><div class=\"wpb_wrapper\"><div class=\"w-btn-wrapper align_left\"><a class=\"w-btn us-btn-style_1\" href=\"#\"><span class=\"w-btn-label\">Anmelden<\/span><\/a><\/div><\/div><\/div><\/div><\/div><\/div><\/section><section class=\"l-section wpb_row height_custom\"><div class=\"l-section-h i-cf\"><div class=\"g-cols vc_row via_flex valign_top type_default stacking_default\"><div class=\"vc_col-sm-12 wpb_column vc_column_container\"><div class=\"vc_column-inner\"><div class=\"wpb_wrapper\"><div class=\"g-cols wpb_row via_flex valign_middle type_default stacking_default\"><div class=\"vc_col-sm-6 wpb_column vc_column_container\"><div class=\"vc_column-inner\"><div class=\"wpb_wrapper\"><div class=\"w-image align_none\"><div class=\"w-image-h\"><img decoding=\"async\" width=\"590\" height=\"420\" src=\"https:\/\/clinicmono.com\/wp-content\/uploads\/2023\/05\/ref5.webp\" class=\"attachment-full size-full\" alt=\"\" loading=\"lazy\" \/><\/div><\/div><\/div><\/div><\/div><div class=\"vc_col-sm-6 wpb_column vc_column_container\"><div class=\"vc_column-inner\"><div class=\"wpb_wrapper\"><div class=\"wpb_text_column\"><div class=\"wpb_wrapper\"><h2>WIE VIEL WERDEN SIE VERDIENEN?<\/h2>\n<p><em>Wie viel Sie verdienen, h\u00e4ngt von Ihnen ab!<\/em><\/p>\n<p><em>Je <strong>mehr<\/strong> Patienten Sie <strong>\u00fcberweisen<\/strong>, desto <strong>mehr<\/strong> steigt Ihr <strong>Verdienst<\/strong>.<\/em><\/p>\n<\/div><\/div><\/div><\/div><\/div><\/div><div class=\"g-cols wpb_row via_flex valign_middle type_default stacking_default\"><div class=\"vc_col-sm-6 wpb_column vc_column_container\"><div class=\"vc_column-inner\"><div class=\"wpb_wrapper\"><div class=\"wpb_text_column\"><div class=\"wpb_wrapper\"><h2>WELCHE VORTEILE ERHALTEN SIE?<\/h2>\n<ul>\n<li>Hoher Provisionssatz<\/li>\n<li>Besondere Bonuszahlung<\/li>\n<li>Monatliches Einkommen ohne Arbeit<\/li>\n<li>Urlaubsm\u00f6glichkeiten<\/li>\n<li>Monomoney g\u00fcltig f\u00fcr alle Behandlungen in Mono<\/li>\n<\/ul>\n<\/div><\/div><\/div><\/div><\/div><div class=\"vc_col-sm-6 wpb_column vc_column_container\"><div class=\"vc_column-inner\"><div class=\"wpb_wrapper\"><div class=\"w-image align_none\"><div class=\"w-image-h\"><img decoding=\"async\" width=\"590\" height=\"385\" src=\"https:\/\/clinicmono.com\/wp-content\/uploads\/2023\/05\/holi2.webp\" class=\"attachment-full size-full\" alt=\"\" loading=\"lazy\" \/><\/div><\/div><\/div><\/div><\/div><\/div><div class=\"g-cols wpb_row via_flex valign_middle type_default stacking_default\"><div class=\"vc_col-sm-6 wpb_column vc_column_container\"><div class=\"vc_column-inner\"><div class=\"wpb_wrapper\"><div class=\"w-image align_none\"><div class=\"w-image-h\"><img decoding=\"async\" width=\"590\" height=\"420\" src=\"https:\/\/clinicmono.com\/wp-content\/uploads\/2023\/05\/boss1.webp\" class=\"attachment-full size-full\" alt=\"\" loading=\"lazy\" \/><\/div><\/div><\/div><\/div><\/div><div class=\"vc_col-sm-6 wpb_column vc_column_container\"><div class=\"vc_column-inner\"><div class=\"wpb_wrapper\"><div class=\"wpb_text_column\"><div class=\"wpb_wrapper\"><h2>WERDEN SIE IHR EIGENER CHEF<\/h2>\n<ul>\n<li>Wenn Sie am Mono Referral Programm teilnehmen, k\u00f6nnen Sie Ihren Verdienst 24\/7 steigern.<\/li>\n<li>Online verdienen,<\/li>\n<li>Keine Verschiebungen,<\/li>\n<li>Keine t\u00e4glichen Aufgaben<\/li>\n<li>Keine Anstrengung.<\/li>\n<\/ul>\n<\/div><\/div><\/div><\/div><\/div><\/div><\/div><\/div><\/div><\/div><\/div><\/section><section class=\"l-section wpb_row height_custom\"><div class=\"l-section-h i-cf\"><div class=\"g-cols vc_row via_flex valign_top type_default stacking_default\"><div class=\"vc_col-sm-4 wpb_column vc_column_container has_bg_color\"><div class=\"vc_column-inner us_custom_92c7bab3\"><div class=\"wpb_wrapper\"><div class=\"w-iconbox iconpos_top style_default color_primary align_center no_text icontype_img\"><div class=\"w-iconbox-icon\" style=\"font-size:90px;\"><img loading=\"lazy\" decoding=\"async\" width=\"1080\" height=\"1080\" src=\"https:\/\/clinicmono.com\/wp-content\/uploads\/2023\/10\/1.png\" class=\"attachment-full size-full\" alt=\"\" srcset=\"https:\/\/clinicmono.com\/wp-content\/uploads\/2023\/10\/1.png 1080w, https:\/\/clinicmono.com\/wp-content\/uploads\/2023\/10\/1-500x500.png 500w, https:\/\/clinicmono.com\/wp-content\/uploads\/2023\/10\/1-600x600.png 600w, https:\/\/clinicmono.com\/wp-content\/uploads\/2023\/10\/1-300x300.png 300w, https:\/\/clinicmono.com\/wp-content\/uploads\/2023\/10\/1-1024x1024.png 1024w, https:\/\/clinicmono.com\/wp-content\/uploads\/2023\/10\/1-400x400.png 400w, https:\/\/clinicmono.com\/wp-content\/uploads\/2023\/10\/1-150x150.png 150w\" sizes=\"(max-width: 1080px) 100vw, 1080px\" \/><\/div><div class=\"w-iconbox-meta\"><h2 class=\"w-iconbox-title\">Einem Freund empfehlen<\/h2><\/div><\/div><div class=\"w-separator us_custom_a9144536 size_small with_line width_50 thick_5 style_solid color_primary align_none\"><div class=\"w-separator-h\"><\/div><\/div><\/div><\/div><\/div><div class=\"vc_col-sm-4 wpb_column vc_column_container has_bg_color\"><div class=\"vc_column-inner us_custom_92c7bab3\"><div class=\"wpb_wrapper\"><div class=\"w-iconbox iconpos_top style_default color_primary align_center no_text icontype_img\"><div class=\"w-iconbox-icon\" style=\"font-size:90px;\"><img loading=\"lazy\" decoding=\"async\" width=\"1080\" height=\"1080\" src=\"https:\/\/clinicmono.com\/wp-content\/uploads\/2023\/10\/2.png\" class=\"attachment-full size-full\" alt=\"\" srcset=\"https:\/\/clinicmono.com\/wp-content\/uploads\/2023\/10\/2.png 1080w, https:\/\/clinicmono.com\/wp-content\/uploads\/2023\/10\/2-500x500.png 500w, https:\/\/clinicmono.com\/wp-content\/uploads\/2023\/10\/2-600x600.png 600w, https:\/\/clinicmono.com\/wp-content\/uploads\/2023\/10\/2-300x300.png 300w, https:\/\/clinicmono.com\/wp-content\/uploads\/2023\/10\/2-1024x1024.png 1024w, https:\/\/clinicmono.com\/wp-content\/uploads\/2023\/10\/2-400x400.png 400w, https:\/\/clinicmono.com\/wp-content\/uploads\/2023\/10\/2-150x150.png 150w\" sizes=\"(max-width: 1080px) 100vw, 1080px\" \/><\/div><div class=\"w-iconbox-meta\"><h2 class=\"w-iconbox-title\">Wenn Ihr Freund gebucht hat<\/h2><\/div><\/div><div class=\"w-separator size_small with_line width_50 thick_5 style_solid color_primary align_none\"><div class=\"w-separator-h\"><\/div><\/div><\/div><\/div><\/div><div class=\"vc_col-sm-4 wpb_column vc_column_container has_bg_color\"><div class=\"vc_column-inner us_custom_92c7bab3\"><div class=\"wpb_wrapper\"><div class=\"w-iconbox iconpos_top style_default color_primary align_center no_text icontype_img\"><div class=\"w-iconbox-icon\" style=\"font-size:90px;\"><img loading=\"lazy\" decoding=\"async\" width=\"1080\" height=\"1080\" src=\"https:\/\/clinicmono.com\/wp-content\/uploads\/2023\/10\/3.png\" class=\"attachment-full size-full\" alt=\"\" srcset=\"https:\/\/clinicmono.com\/wp-content\/uploads\/2023\/10\/3.png 1080w, https:\/\/clinicmono.com\/wp-content\/uploads\/2023\/10\/3-500x500.png 500w, https:\/\/clinicmono.com\/wp-content\/uploads\/2023\/10\/3-600x600.png 600w, https:\/\/clinicmono.com\/wp-content\/uploads\/2023\/10\/3-300x300.png 300w, https:\/\/clinicmono.com\/wp-content\/uploads\/2023\/10\/3-1024x1024.png 1024w, https:\/\/clinicmono.com\/wp-content\/uploads\/2023\/10\/3-400x400.png 400w, https:\/\/clinicmono.com\/wp-content\/uploads\/2023\/10\/3-150x150.png 150w\" sizes=\"(max-width: 1080px) 100vw, 1080px\" \/><\/div><div class=\"w-iconbox-meta\"><h2 class=\"w-iconbox-title\">Geld verdienen!<\/h2><\/div><\/div><div class=\"w-separator size_small with_line width_50 thick_5 style_solid color_primary align_left\"><div class=\"w-separator-h\"><\/div><\/div><\/div><\/div><\/div><\/div><\/div><\/section><section class=\"l-section wpb_row height_custom\"><div class=\"l-section-h i-cf\"><div class=\"g-cols vc_row via_flex valign_top type_default stacking_default\"><div class=\"vc_col-sm-12 wpb_column vc_column_container\"><div class=\"vc_column-inner\"><div class=\"wpb_wrapper\"><div class=\"w-tabs style_default switch_click accordion has_scrolling\" style=\"--sections-title-size:inherit\"><div class=\"w-tabs-sections titles-align_none icon_chevron cpos_right\"><div class=\"w-tabs-section\" id=\"g941\"><button class=\"w-tabs-section-header\" aria-controls=\"content-g941\" aria-expanded=\"false\"><div class=\"w-tabs-section-title\">Wer kann am Mono Referral Program teilnehmen?<\/div><div class=\"w-tabs-section-control\"><\/div><\/button><div  class=\"w-tabs-section-content\" id=\"content-g941\"><div class=\"w-tabs-section-content-h i-cf\"><div class=\"wpb_text_column\"><div class=\"wpb_wrapper\"><p>Jeder kann an diesem Programm teilnehmen, Sie m\u00fcssen nicht vorher in Mono gewesen sein.<\/p>\n<\/div><\/div><\/div><\/div><\/div><div class=\"w-tabs-section\" id=\"sb3c\"><button class=\"w-tabs-section-header\" aria-controls=\"content-sb3c\" aria-expanded=\"false\"><div class=\"w-tabs-section-title\">Ist die Teilnahme an dem Programm kostenpflichtig?<\/div><div class=\"w-tabs-section-control\"><\/div><\/button><div  class=\"w-tabs-section-content\" id=\"content-sb3c\"><div class=\"w-tabs-section-content-h i-cf\"><div class=\"wpb_text_column\"><div class=\"wpb_wrapper\"><p>Nein, die Teilnahme ist v\u00f6llig kostenlos. Alles, was Sie tun m\u00fcssen, um an diesem Programm teilzunehmen, ist, sich zu registrieren und einen Rabattcode f\u00fcr sich selbst zu erstellen.<\/p>\n<\/div><\/div><\/div><\/div><\/div><div class=\"w-tabs-section\" id=\"yd30\"><button class=\"w-tabs-section-header\" aria-controls=\"content-yd30\" aria-expanded=\"false\"><div class=\"w-tabs-section-title\">Wie erhalte ich das Geld, das ich verdiene?<\/div><div class=\"w-tabs-section-control\"><\/div><\/button><div  class=\"w-tabs-section-content\" id=\"content-yd30\"><div class=\"w-tabs-section-content-h i-cf\"><div class=\"wpb_text_column\"><div class=\"wpb_wrapper\"><p>Das Geld, das Sie verdienen, wird auf Ihr Bankkonto \u00fcberwiesen. Wenn Sie das Geld, das Sie durch Ihre Empfehlungen verdienen, sparen, k\u00f6nnen Sie es f\u00fcr alle Behandlungen in Mono verwenden.<\/p>\n<\/div><\/div><\/div><\/div><\/div><div class=\"w-tabs-section\" id=\"bf76\"><button class=\"w-tabs-section-header\" aria-controls=\"content-bf76\" aria-expanded=\"false\"><div class=\"w-tabs-section-title\">Ich habe kein Konto in den sozialen Medien, wie kann ich meinen Rabattcode weitergeben?<\/div><div class=\"w-tabs-section-control\"><\/div><\/button><div  class=\"w-tabs-section-content\" id=\"content-bf76\"><div class=\"w-tabs-section-content-h i-cf\"><div class=\"wpb_text_column\"><div class=\"wpb_wrapper\"><p>Sie k\u00f6nnen jeden \u00fcber Mono in Ihren t\u00e4glichen Gespr\u00e4chen erw\u00e4hnen und erhalten die gleichen Vorteile wie im Internet. (mit Ihren Freunden, Ihrer Familie, Ihren Arbeitskollegen)<\/p>\n<\/div><\/div><\/div><\/div><\/div><div class=\"w-tabs-section\" id=\"b1f2\"><button class=\"w-tabs-section-header\" aria-controls=\"content-b1f2\" aria-expanded=\"false\"><div class=\"w-tabs-section-title\">Wie kann ich einen Bonus verdienen?<\/div><div class=\"w-tabs-section-control\"><\/div><\/button><div  class=\"w-tabs-section-content\" id=\"content-b1f2\"><div class=\"w-tabs-section-content-h i-cf\"><div class=\"wpb_text_column\"><div class=\"wpb_wrapper\"><p>Wenn die von Ihnen geworbenen Personen eine bestimmte Anzahl erreichen, erh\u00f6ht sich Ihre Provision pro Person und es werden Boni hinzugef\u00fcgt.<\/p>\n<\/div><\/div><\/div><\/div><\/div><div class=\"w-tabs-section\" id=\"s3c5\"><button class=\"w-tabs-section-header\" aria-controls=\"content-s3c5\" aria-expanded=\"false\"><div class=\"w-tabs-section-title\">Wie werde ich meine Empfehlungen weiterverfolgen?<\/div><div class=\"w-tabs-section-control\"><\/div><\/button><div  class=\"w-tabs-section-content\" id=\"content-s3c5\"><div class=\"w-tabs-section-content-h i-cf\"><div class=\"wpb_text_column\"><div class=\"wpb_wrapper\"><p>Sie erhalten ein Dashboard, auf dem Sie die von Ihnen geworbenen Mitglieder verfolgen k\u00f6nnen, und Sie k\u00f6nnen das Geld und die M\u00f6glichkeiten verfolgen, die Sie hier verdienen.<\/p>\n<\/div><\/div><\/div><\/div><\/div><\/div><\/div><\/div><\/div><\/div><\/div><\/div><\/section>\n","protected":false},"excerpt":{"rendered":"Empfehlen Sie Ihren Freund Klinik MonoSeitenKEINE SCHICHTEN, KEINE T\u00c4GLICHEN AUFGABEN UND KEIN AUFWAND Bitte aktiviere JavaScript in deinem Browser, um dieses Formular fertigzustellen.Bitte aktiviere JavaScript in deinem Browser, um dieses Formular fertigzustellen.Name and Lastname *Phone * and Name Post Email *Join Program Wenn Sie ein Konto haben AnmeldenWIE VIEL WERDEN SIE VERDIENEN? Wie viel Sie...","protected":false},"author":1,"featured_media":0,"parent":0,"menu_order":0,"comment_status":"closed","ping_status":"closed","template":"","meta":{"rank_math_lock_modified_date":false,"_mi_skip_tracking":false,"_monsterinsights_sitenote_active":false,"_monsterinsights_sitenote_note":"","_monsterinsights_sitenote_category":0,"_uf_show_specific_survey":0,"_uf_disable_surveys":false,"footnotes":""},"procedure":[],"class_list":["post-37614","page","type-page","status-publish","hentry"],"_links":{"self":[{"href":"https:\/\/clinicmono.com\/de\/wp-json\/wp\/v2\/pages\/37614"}],"collection":[{"href":"https:\/\/clinicmono.com\/de\/wp-json\/wp\/v2\/pages"}],"about":[{"href":"https:\/\/clinicmono.com\/de\/wp-json\/wp\/v2\/types\/page"}],"author":[{"embeddable":true,"href":"https:\/\/clinicmono.com\/de\/wp-json\/wp\/v2\/users\/1"}],"replies":[{"embeddable":true,"href":"https:\/\/clinicmono.com\/de\/wp-json\/wp\/v2\/comments?post=37614"}],"version-history":[{"count":16,"href":"https:\/\/clinicmono.com\/de\/wp-json\/wp\/v2\/pages\/37614\/revisions"}],"predecessor-version":[{"id":119520,"href":"https:\/\/clinicmono.com\/de\/wp-json\/wp\/v2\/pages\/37614\/revisions\/119520"}],"wp:attachment":[{"href":"https:\/\/clinicmono.com\/de\/wp-json\/wp\/v2\/media?parent=37614"}],"wp:term":[{"taxonomy":"procedure","embeddable":true,"href":"https:\/\/clinicmono.com\/de\/wp-json\/wp\/v2\/procedure?post=37614"}],"curies":[{"name":"wp","href":"https:\/\/api.w.org\/{rel}","templated":true}]}}